{"id":286757,"date":"2025-10-09T16:29:32","date_gmt":"2025-10-09T16:29:32","guid":{"rendered":"https:\/\/fashiongold.lt\/papuosalas\/rotaslietas-izgatavosana-pec-individuala-projekta\/"},"modified":"2026-02-16T12:52:14","modified_gmt":"2026-02-16T12:52:14","slug":"rotaslietas-izgatavosana-pec-individuala-projekta","status":"publish","type":"product","link":"https:\/\/fashiongold.lt\/lv\/papuosalas\/rotaslietas-izgatavosana-pec-individuala-projekta\/","title":{"rendered":"Rotaslietas izgatavo\u0161ana p\u0113c individu\u0101la projekta"},"content":{"rendered":"<div class=\"elementor-element elementor-element-10e2271 elementor-widget elementor-widget-woocommerce-product-short-description\" data-id=\"10e2271\" data-element_type=\"widget\" data-widget_type=\"woocommerce-product-short-description.default\">\n<div class=\"elementor-widget-container\">\n<div class=\"woocommerce-product-details__short-description\">\n<p><strong data-start=\"1692\" data-end=\"1715\">Ko j\u016bs varat pas\u016bt\u012bt?<\/strong><\/p>\n<p>&#8211; Gredzenu ar j\u016bsu ideju<br \/>\n&#8211; Kulonu ar simbolisku noz\u012bmi<br \/>\n&#8211; Auskarus, kas piel\u0101goti j\u016bsu stilam<br \/>\n&#8211; \u0136\u0113d\u012bti, k\u0101das nav nekur citur<br \/>\n&#8211; Vai pat p\u0101rveidot vecu rotaslietu jaun\u0101<\/p>\n<\/div>\n<div class=\"woocommerce-product-details__short-description\">\n<p>&nbsp;<\/p>\n<p><strong style=\"font-size: 16px;\">Visas cenas ir orient\u0113jo\u0161as. <\/strong><span style=\"font-size: 16px;\">\u0160ai precei nor\u0101d\u012bt\u0101 cena ir bez materi\u0101liem \u2013 prec\u012bza cena tiek noteikta p\u0113c apskates vai konsult\u0101cijas.<\/span><\/p>\n<\/div>\n<\/div>\n<\/div>\n<div class=\"elementor-element elementor-element-5fc13b1 elementor-widget elementor-widget-woocommerce-product-content\" data-id=\"5fc13b1\" data-element_type=\"widget\" data-widget_type=\"woocommerce-product-content.default\">\n<div class=\"elementor-widget-container\">\n<p>Iesp\u0113jama <strong>izgatavo\u0161ana no klienta zelta<\/strong> \u2013 j\u0101maks\u0101 tikai par darbu un papildu materi\u0101liem (piem\u0113ram: dimantiem, d\u0101rgakme\u0146iem).<\/p>\n<p><strong><br \/>\n<em>RA\u017dO\u0160ANAS CEN\u0100 IR IEK\u013bAUTS:<\/em><\/strong><\/p>\n<p>\u2022 <strong><a href=\"https:\/\/fashiongold.lt\/lv\/patarimai-lv\/dimants-rubins-safirs-smaragds-dargakmenu-sertifikati\/\" target=\"_blank\" rel=\"noopener\">Sertifik\u0101ti<\/a><\/strong> (atkar\u012bb\u0101 no pas\u016bt\u012bjuma):<\/p>\n<p>Laboratorij\u0101 audz\u0113ti dimanti: IGI sertifik\u0101ts.<br \/>\nDab\u012bgie dimanti: GIA sertifik\u0101ts.<br \/>\nLietuvas Proves birojs (LPR)<\/p>\n<p>\u2022 <a href=\"https:\/\/fashiongold.lt\/lv\/patarimai-lv\/saderinasanas-gredzeni-vai-gredzenu-var-iegravet-detalas-kas-pieskir-jusu-saderinasanas-gredzenam-individualitati\/\" target=\"_blank\" rel=\"noopener\"><strong>Grav\u0113\u0161ana<\/strong><\/a> bez maksas<\/p>\n<p>\u2022 Vienreiz\u0113ja <strong>bezmaksas<\/strong> izm\u0113ra mai\u0146as garantija<\/p>\n<p>\u2022 <a href=\"https:\/\/fashiongold.lt\/lv\/piegade-un-atgriesana\/\" target=\"_blank\" rel=\"noopener\"><strong>Izgatavo\u0161anas un pieg\u0101des termi\u0146\u0161<\/strong><\/a>: 3\u20136 ned\u0113\u013cas.<\/p>\n<p>&nbsp;<\/p>\n<p><strong><em>RA\u017dO\u0160ANAS CEN\u0100 NAV IEK\u013bAUTS:<\/em><\/strong><\/p>\n<p>\u2022 Juvelierizstr\u0101d\u0101jumu <strong>met\u0101li<\/strong>: 14K (585. prove), 18K (750. prove), 900 plat\u012bns<\/p>\n<p>\u2022 Juvelierizstr\u0101d\u0101juma <strong>izm\u0113rs un svars<\/strong>: (atkar\u012bgs no izm\u0113ra un proves)<\/p>\n<p>\u2022 Kr\u0101sa: <strong><a href=\"https:\/\/fashiongold.lt\/lv\/patarimai-lv\/balta-zelta-saderinasanas-gredzeni-ar-dimantiem-dabigais-zelts-vai-rodija-parklajums-silta-nokrasa-vai-ledaina\/\" target=\"_blank\" rel=\"noopener\">rodija p\u0101rkl\u0101jums<\/a><\/strong><\/p>\n<p>\u2022 <strong><a href=\"https:\/\/fashiongold.lt\/lv\/patarimai-lv\/dimants-citas-dimanta-formas\/\" target=\"_blank\" rel=\"noopener\">Dimantu formas<\/a><\/strong>: nav (iesp\u0113jams main\u012bt)<\/p>\n<p>\u2022 <strong><a href=\"https:\/\/fashiongold.lt\/deimantu-tipai-ir-charakteristikos\/\" target=\"_blank\" rel=\"noopener\">Dimantu tipi un raksturlielumi<\/a><\/strong>: nav (iesp\u0113jams main\u012bt)<\/p>\n<p>&nbsp;<\/p>\n<p data-start=\"242\" data-end=\"464\">Vai jums ir zelta rotaslietas, kuras jau sen vairs nen\u0113s\u0101jat? Pie\u0161\u0137iriet t\u0101m otru dz\u012bvi. Ja j\u016bsu zelts ir d\u0101rgs \u0123imenes mantojums vai atmi\u0146u pilna relikvija, m\u016bsu juvelieris ar cie\u0146u to p\u0101rv\u0113rt\u012bs j\u016bsu pas\u016bt\u012bt\u0101 juvelierizstr\u0101d\u0101jum\u0101, kas cien\u012bgs jaunam st\u0101stam. Rotaslietas var izgatavot no j\u016bsu zelta vai izmantot m\u016bsu d\u0101rgmet\u0101lus \u2013 un j\u016bsu eso\u0161o daudzumu m\u0113s ieskait\u012bsim p\u0113c svara. <a href=\"https:\/\/fashiongold.lt\/lv\/kontakti\/\" target=\"_blank\" rel=\"noopener\"><strong>Sazinieties ar mums<\/strong><\/a> \u2013 m\u0113s uzklaus\u012bsim j\u016bsu v\u0113lmes un apr\u0113\u0137in\u0101sim cenu, j\u016bs maks\u0101siet tikai par izgatavo\u0161anu.<\/p>\n<\/div>\n<\/div>\n","protected":false},"excerpt":{"rendered":"<p data-start=\"478\" data-end=\"758\">Ir rotaslietas, kuras m\u0113s izv\u0113lamies. Un ir t\u0101s, kuras tiek rad\u012btas no m\u016bsu st\u0101stiem, saj\u016bt\u0101m un person\u012bgajiem simboliem. Rotaslietu izgatavo\u0161ana p\u0113c individu\u0101la projekta ir pakalpojums tiem, kuri mekl\u0113 nevis masveida produkciju, bet gan ekskluz\u012bvu darbu, kas paredz\u0113ts tikai vi\u0146iem vai \u012bpa\u0161ai d\u0101vanai. Tas ir kop\u012bgs process, kur\u0101 j\u016bs k\u013c\u016bstat ne tikai par pas\u016bt\u012bt\u0101jiem, bet ar\u012b par l\u012bdzautoriem. Varat atnest ideju, skici, fotogr\u0101fiju vai pat tikai v\u0101rdos aprakst\u012btu v\u012bziju. Juvelieris pal\u012bdz\u0113s to p\u0101rv\u0113rst realit\u0101t\u0113 \u2013 form\u0101, kr\u0101s\u0101 un materi\u0101los.<br \/>\nJuvelieris str\u0101d\u0101 ar zelta, sudraba, plat\u012bna, dimantu un citu d\u0101rgakme\u0146u kombin\u0101cij\u0101m. Var izmantot ar\u012b j\u016bsu eso\u0161o met\u0101lu, ja tam ir person\u012bga vai \u0123imenes noz\u012bme. T\u0101d\u0101 veid\u0101 tiek rad\u012bta ne tikai rotaslieta, bet ar\u012b emocion\u0101la v\u0113rt\u012bba, kuru v\u0113laties nodot t\u0101l\u0101k. Katrs projekts ir unik\u0101ls. Tas var b\u016bt minim\u0101listisks vai izsmalcin\u0101ts, ar m\u016bsdien\u012bgu akcentu vai sen\u0101s juvelierizstr\u0101d\u0101jumu m\u0101kslas iedvesmots. M\u0113r\u0137is ir, lai rotaslieta atbilstu nevis tendenc\u0113m, bet gan <strong data-start=\"1436\" data-end=\"1482\">j\u016bsu person\u012bbai, st\u0101stam un v\u0113lmei izcelties<\/strong>.<\/p>\n","protected":false},"featured_media":37782,"template":"","meta":{"site-sidebar-layout":"default","site-content-layout":"","ast-site-content-layout":"default","site-content-style":"default","site-sidebar-style":"default","ast-global-header-display":"","ast-banner-title-visibility":"","ast-main-header-display":"","ast-hfb-above-header-display":"","ast-hfb-below-header-display":"","ast-hfb-mobile-header-display":"","site-post-title":"","ast-breadcrumbs-content":"","ast-featured-img":"","footer-sml-layout":"","ast-disable-related-posts":"","theme-transparent-header-meta":"default","adv-header-id-meta":"","stick-header-meta":"","header-above-stick-meta":"","header-main-stick-meta":"","header-below-stick-meta":"","astra-migrate-meta-layouts":"default","ast-page-background-enabled":"default","ast-page-background-meta":{"desktop":{"background-color":"var(--ast-global-color-4)","background-image":"","background-repeat":"repeat","background-position":"center center","background-size":"auto","background-attachment":"scroll","background-type":"","background-media":"","overlay-type":"","overlay-color":"","overlay-opacity":"","overlay-gradient":""},"tablet":{"background-color":"","background-image":"","background-repeat":"repeat","background-position":"center center","background-size":"auto","background-attachment":"scroll","background-type":"","background-media":"","overlay-type":"","overlay-color":"","overlay-opacity":"","overlay-gradient":""},"mobile":{"background-color":"","background-image":"","background-repeat":"repeat","background-position":"center center","background-size":"auto","background-attachment":"scroll","background-type":"","background-media":"","overlay-type":"","overlay-color":"","overlay-opacity":"","overlay-gradient":""}},"ast-content-background-meta":{"desktop":{"background-color":"var(--ast-global-color-5)","background-image":"","background-repeat":"repeat","background-position":"center center","background-size":"auto","background-attachment":"scroll","background-type":"","background-media":"","overlay-type":"","overlay-color":"","overlay-opacity":"","overlay-gradient":""},"tablet":{"background-color":"var(--ast-global-color-5)","background-image":"","background-repeat":"repeat","background-position":"center center","background-size":"auto","background-attachment":"scroll","background-type":"","background-media":"","overlay-type":"","overlay-color":"","overlay-opacity":"","overlay-gradient":""},"mobile":{"background-color":"var(--ast-global-color-5)","background-image":"","background-repeat":"repeat","background-position":"center center","background-size":"auto","background-attachment":"scroll","background-type":"","background-media":"","overlay-type":"","overlay-color":"","overlay-opacity":"","overlay-gradient":""}}},"product_brand":[],"product_cat":[3606],"product_tag":[],"class_list":{"0":"post-286757","1":"product","2":"type-product","3":"status-publish","4":"has-post-thumbnail","6":"product_cat-bez-kategorijas-lv","7":"desktop-align-center","8":"tablet-align-left","9":"mobile-align-left","10":"ast-product-gallery-layout-horizontal-slider","11":"ast-product-gallery-with-no-image","12":"ast-product-tabs-layout-accordion","13":"ast-qv-on-image","15":"first","16":"instock","17":"taxable","18":"shipping-taxable","19":"purchasable","20":"product-type-simple"},"yoast_head":"<!-- This site is optimized with the Yoast SEO plugin v26.6 - https:\/\/yoast.com\/wordpress\/plugins\/seo\/ -->\n<title>Juvelieris - Rotaslietas izgatavo\u0161ana p\u0113c individu\u0101la projekta<\/title>\n<meta name=\"description\" content=\"Rotu izgatavo\u0161ana p\u0113c individu\u0101la projekta \u2013 izveidojiet unik\u0101lu juvelierizstr\u0101d\u0101jumu p\u0113c savas idejas. Person\u012bga, j\u0113gpilna, izcila meistar\u012bba.\" \/>\n<meta name=\"robots\" content=\"index, follow, max-snippet:-1, max-image-preview:large, max-video-preview:-1\" \/>\n<link rel=\"canonical\" href=\"https:\/\/fashiongold.lt\/lv\/papuosalas\/rotaslietas-izgatavosana-pec-individuala-projekta\/\" \/>\n<meta property=\"og:locale\" content=\"lv_LV\" \/>\n<meta property=\"og:type\" content=\"article\" \/>\n<meta property=\"og:title\" content=\"Juvelieris - Rotaslietas izgatavo\u0161ana p\u0113c individu\u0101la projekta\" \/>\n<meta property=\"og:description\" content=\"Rotu izgatavo\u0161ana p\u0113c individu\u0101la projekta \u2013 izveidojiet unik\u0101lu juvelierizstr\u0101d\u0101jumu p\u0113c savas idejas. Person\u012bga, j\u0113gpilna, izcila meistar\u012bba.\" \/>\n<meta property=\"og:url\" content=\"https:\/\/fashiongold.lt\/lv\/papuosalas\/rotaslietas-izgatavosana-pec-individuala-projekta\/\" \/>\n<meta property=\"og:site_name\" content=\"FashionGold.lt\" \/>\n<meta property=\"article:modified_time\" content=\"2026-02-16T12:52:14+00:00\" \/>\n<meta property=\"og:image\" content=\"https:\/\/fashiongold.lt\/wp-content\/uploads\/2025\/10\/Papuosalo-gamyba-pagal-individualu-projekta.webp\" \/>\n\t<meta property=\"og:image:width\" content=\"800\" \/>\n\t<meta property=\"og:image:height\" content=\"800\" \/>\n\t<meta property=\"og:image:type\" content=\"image\/png\" \/>\n<meta name=\"twitter:card\" content=\"summary_large_image\" \/>\n<meta name=\"twitter:label1\" content=\"Est. reading time\" \/>\n\t<meta name=\"twitter:data1\" content=\"2 minutes\" \/>\n<script type=\"application\/ld+json\" class=\"yoast-schema-graph\">{\"@context\":\"https:\/\/schema.org\",\"@graph\":[{\"@type\":\"WebPage\",\"@id\":\"https:\/\/fashiongold.lt\/lv\/papuosalas\/rotaslietas-izgatavosana-pec-individuala-projekta\/\",\"url\":\"https:\/\/fashiongold.lt\/lv\/papuosalas\/rotaslietas-izgatavosana-pec-individuala-projekta\/\",\"name\":\"Juvelieris - Rotaslietas izgatavo\u0161ana p\u0113c individu\u0101la projekta\",\"isPartOf\":{\"@id\":\"https:\/\/fashiongold.lt\/lv\/#website\"},\"primaryImageOfPage\":{\"@id\":\"https:\/\/fashiongold.lt\/lv\/papuosalas\/rotaslietas-izgatavosana-pec-individuala-projekta\/#primaryimage\"},\"image\":{\"@id\":\"https:\/\/fashiongold.lt\/lv\/papuosalas\/rotaslietas-izgatavosana-pec-individuala-projekta\/#primaryimage\"},\"thumbnailUrl\":\"https:\/\/fashiongold.lt\/wp-content\/uploads\/2025\/10\/Papuosalo-gamyba-pagal-individualu-projekta.png\",\"datePublished\":\"2025-10-09T16:29:32+00:00\",\"dateModified\":\"2026-02-16T12:52:14+00:00\",\"description\":\"Rotu izgatavo\u0161ana p\u0113c individu\u0101la projekta \u2013 izveidojiet unik\u0101lu juvelierizstr\u0101d\u0101jumu p\u0113c savas idejas. Person\u012bga, j\u0113gpilna, izcila meistar\u012bba.\",\"breadcrumb\":{\"@id\":\"https:\/\/fashiongold.lt\/lv\/papuosalas\/rotaslietas-izgatavosana-pec-individuala-projekta\/#breadcrumb\"},\"inLanguage\":\"lv-LV\",\"potentialAction\":[{\"@type\":\"ReadAction\",\"target\":[\"https:\/\/fashiongold.lt\/lv\/papuosalas\/rotaslietas-izgatavosana-pec-individuala-projekta\/\"]}]},{\"@type\":\"ImageObject\",\"inLanguage\":\"lv-LV\",\"@id\":\"https:\/\/fashiongold.lt\/lv\/papuosalas\/rotaslietas-izgatavosana-pec-individuala-projekta\/#primaryimage\",\"url\":\"https:\/\/fashiongold.lt\/wp-content\/uploads\/2025\/10\/Papuosalo-gamyba-pagal-individualu-projekta.png\",\"contentUrl\":\"https:\/\/fashiongold.lt\/wp-content\/uploads\/2025\/10\/Papuosalo-gamyba-pagal-individualu-projekta.png\",\"width\":800,\"height\":800},{\"@type\":\"BreadcrumbList\",\"@id\":\"https:\/\/fashiongold.lt\/lv\/papuosalas\/rotaslietas-izgatavosana-pec-individuala-projekta\/#breadcrumb\",\"itemListElement\":[{\"@type\":\"ListItem\",\"position\":1,\"name\":\"Home\",\"item\":\"https:\/\/fashiongold.lt\/lv\/\"},{\"@type\":\"ListItem\",\"position\":2,\"name\":\"Dimantu veikals Fashiongold.lt\",\"item\":\"https:\/\/fashiongold.lt\/shop-2\/\"},{\"@type\":\"ListItem\",\"position\":3,\"name\":\"Rotaslietas izgatavo\u0161ana p\u0113c individu\u0101la projekta\"}]},{\"@type\":\"WebSite\",\"@id\":\"https:\/\/fashiongold.lt\/lv\/#website\",\"url\":\"https:\/\/fashiongold.lt\/lv\/\",\"name\":\"Fashion Gold\",\"description\":\"Juvelyrikos namai\",\"publisher\":{\"@id\":\"https:\/\/fashiongold.lt\/lv\/#organization\"},\"potentialAction\":[{\"@type\":\"SearchAction\",\"target\":{\"@type\":\"EntryPoint\",\"urlTemplate\":\"https:\/\/fashiongold.lt\/lv\/?s={search_term_string}\"},\"query-input\":{\"@type\":\"PropertyValueSpecification\",\"valueRequired\":true,\"valueName\":\"search_term_string\"}}],\"inLanguage\":\"lv-LV\"},{\"@type\":\"Organization\",\"@id\":\"https:\/\/fashiongold.lt\/lv\/#organization\",\"name\":\"Topdiamonds Online\",\"url\":\"https:\/\/fashiongold.lt\/lv\/\",\"logo\":{\"@type\":\"ImageObject\",\"inLanguage\":\"lv-LV\",\"@id\":\"https:\/\/fashiongold.lt\/lv\/#\/schema\/logo\/image\/\",\"url\":\"https:\/\/fashiongold.lt\/wp-content\/uploads\/2025\/04\/cropped-fashion_gold_logotipas2-scaled-1.png\",\"contentUrl\":\"https:\/\/fashiongold.lt\/wp-content\/uploads\/2025\/04\/cropped-fashion_gold_logotipas2-scaled-1.png\",\"width\":2559,\"height\":421,\"caption\":\"Topdiamonds Online\"},\"image\":{\"@id\":\"https:\/\/fashiongold.lt\/lv\/#\/schema\/logo\/image\/\"}}]}<\/script>\n<!-- \/ Yoast SEO plugin. -->","yoast_head_json":{"title":"Juvelieris - Rotaslietas izgatavo\u0161ana p\u0113c individu\u0101la projekta","description":"Rotu izgatavo\u0161ana p\u0113c individu\u0101la projekta \u2013 izveidojiet unik\u0101lu juvelierizstr\u0101d\u0101jumu p\u0113c savas idejas. Person\u012bga, j\u0113gpilna, izcila meistar\u012bba.","robots":{"index":"index","follow":"follow","max-snippet":"max-snippet:-1","max-image-preview":"max-image-preview:large","max-video-preview":"max-video-preview:-1"},"canonical":"https:\/\/fashiongold.lt\/lv\/papuosalas\/rotaslietas-izgatavosana-pec-individuala-projekta\/","og_locale":"lv_LV","og_type":"article","og_title":"Juvelieris - Rotaslietas izgatavo\u0161ana p\u0113c individu\u0101la projekta","og_description":"Rotu izgatavo\u0161ana p\u0113c individu\u0101la projekta \u2013 izveidojiet unik\u0101lu juvelierizstr\u0101d\u0101jumu p\u0113c savas idejas. Person\u012bga, j\u0113gpilna, izcila meistar\u012bba.","og_url":"https:\/\/fashiongold.lt\/lv\/papuosalas\/rotaslietas-izgatavosana-pec-individuala-projekta\/","og_site_name":"FashionGold.lt","article_modified_time":"2026-02-16T12:52:14+00:00","og_image":[{"width":800,"height":800,"url":"https:\/\/fashiongold.lt\/wp-content\/uploads\/2025\/10\/Papuosalo-gamyba-pagal-individualu-projekta.webp","type":"image\/png"}],"twitter_card":"summary_large_image","twitter_misc":{"Est. reading time":"2 minutes"},"schema":{"@context":"https:\/\/schema.org","@graph":[{"@type":"WebPage","@id":"https:\/\/fashiongold.lt\/lv\/papuosalas\/rotaslietas-izgatavosana-pec-individuala-projekta\/","url":"https:\/\/fashiongold.lt\/lv\/papuosalas\/rotaslietas-izgatavosana-pec-individuala-projekta\/","name":"Juvelieris - Rotaslietas izgatavo\u0161ana p\u0113c individu\u0101la projekta","isPartOf":{"@id":"https:\/\/fashiongold.lt\/lv\/#website"},"primaryImageOfPage":{"@id":"https:\/\/fashiongold.lt\/lv\/papuosalas\/rotaslietas-izgatavosana-pec-individuala-projekta\/#primaryimage"},"image":{"@id":"https:\/\/fashiongold.lt\/lv\/papuosalas\/rotaslietas-izgatavosana-pec-individuala-projekta\/#primaryimage"},"thumbnailUrl":"https:\/\/fashiongold.lt\/wp-content\/uploads\/2025\/10\/Papuosalo-gamyba-pagal-individualu-projekta.png","datePublished":"2025-10-09T16:29:32+00:00","dateModified":"2026-02-16T12:52:14+00:00","description":"Rotu izgatavo\u0161ana p\u0113c individu\u0101la projekta \u2013 izveidojiet unik\u0101lu juvelierizstr\u0101d\u0101jumu p\u0113c savas idejas. Person\u012bga, j\u0113gpilna, izcila meistar\u012bba.","breadcrumb":{"@id":"https:\/\/fashiongold.lt\/lv\/papuosalas\/rotaslietas-izgatavosana-pec-individuala-projekta\/#breadcrumb"},"inLanguage":"lv-LV","potentialAction":[{"@type":"ReadAction","target":["https:\/\/fashiongold.lt\/lv\/papuosalas\/rotaslietas-izgatavosana-pec-individuala-projekta\/"]}]},{"@type":"ImageObject","inLanguage":"lv-LV","@id":"https:\/\/fashiongold.lt\/lv\/papuosalas\/rotaslietas-izgatavosana-pec-individuala-projekta\/#primaryimage","url":"https:\/\/fashiongold.lt\/wp-content\/uploads\/2025\/10\/Papuosalo-gamyba-pagal-individualu-projekta.png","contentUrl":"https:\/\/fashiongold.lt\/wp-content\/uploads\/2025\/10\/Papuosalo-gamyba-pagal-individualu-projekta.png","width":800,"height":800},{"@type":"BreadcrumbList","@id":"https:\/\/fashiongold.lt\/lv\/papuosalas\/rotaslietas-izgatavosana-pec-individuala-projekta\/#breadcrumb","itemListElement":[{"@type":"ListItem","position":1,"name":"Home","item":"https:\/\/fashiongold.lt\/lv\/"},{"@type":"ListItem","position":2,"name":"Dimantu veikals Fashiongold.lt","item":"https:\/\/fashiongold.lt\/shop-2\/"},{"@type":"ListItem","position":3,"name":"Rotaslietas izgatavo\u0161ana p\u0113c individu\u0101la projekta"}]},{"@type":"WebSite","@id":"https:\/\/fashiongold.lt\/lv\/#website","url":"https:\/\/fashiongold.lt\/lv\/","name":"Fashion Gold","description":"Juvelyrikos namai","publisher":{"@id":"https:\/\/fashiongold.lt\/lv\/#organization"},"potentialAction":[{"@type":"SearchAction","target":{"@type":"EntryPoint","urlTemplate":"https:\/\/fashiongold.lt\/lv\/?s={search_term_string}"},"query-input":{"@type":"PropertyValueSpecification","valueRequired":true,"valueName":"search_term_string"}}],"inLanguage":"lv-LV"},{"@type":"Organization","@id":"https:\/\/fashiongold.lt\/lv\/#organization","name":"Topdiamonds Online","url":"https:\/\/fashiongold.lt\/lv\/","logo":{"@type":"ImageObject","inLanguage":"lv-LV","@id":"https:\/\/fashiongold.lt\/lv\/#\/schema\/logo\/image\/","url":"https:\/\/fashiongold.lt\/wp-content\/uploads\/2025\/04\/cropped-fashion_gold_logotipas2-scaled-1.png","contentUrl":"https:\/\/fashiongold.lt\/wp-content\/uploads\/2025\/04\/cropped-fashion_gold_logotipas2-scaled-1.png","width":2559,"height":421,"caption":"Topdiamonds Online"},"image":{"@id":"https:\/\/fashiongold.lt\/lv\/#\/schema\/logo\/image\/"}}]}},"_links":{"self":[{"href":"https:\/\/fashiongold.lt\/lv\/wp-json\/wp\/v2\/product\/286757","targetHints":{"allow":["GET"]}}],"collection":[{"href":"https:\/\/fashiongold.lt\/lv\/wp-json\/wp\/v2\/product"}],"about":[{"href":"https:\/\/fashiongold.lt\/lv\/wp-json\/wp\/v2\/types\/product"}],"version-history":[{"count":0,"href":"https:\/\/fashiongold.lt\/lv\/wp-json\/wp\/v2\/product\/286757\/revisions"}],"wp:featuredmedia":[{"embeddable":true,"href":"https:\/\/fashiongold.lt\/lv\/wp-json\/wp\/v2\/media\/37782"}],"wp:attachment":[{"href":"https:\/\/fashiongold.lt\/lv\/wp-json\/wp\/v2\/media?parent=286757"}],"wp:term":[{"taxonomy":"product_brand","embeddable":true,"href":"https:\/\/fashiongold.lt\/lv\/wp-json\/wp\/v2\/product_brand?post=286757"},{"taxonomy":"product_cat","embeddable":true,"href":"https:\/\/fashiongold.lt\/lv\/wp-json\/wp\/v2\/product_cat?post=286757"},{"taxonomy":"product_tag","embeddable":true,"href":"https:\/\/fashiongold.lt\/lv\/wp-json\/wp\/v2\/product_tag?post=286757"}],"curies":[{"name":"wp","href":"https:\/\/api.w.org\/{rel}","templated":true}]}}