{"id":286767,"date":"2025-10-09T16:29:32","date_gmt":"2025-10-09T16:29:32","guid":{"rendered":"https:\/\/fashiongold.lt\/papuosalas\/kazu-gredzenu-izgatavosana\/"},"modified":"2026-02-16T12:52:16","modified_gmt":"2026-02-16T12:52:16","slug":"kazu-gredzenu-izgatavosana","status":"publish","type":"product","link":"https:\/\/fashiongold.lt\/lv\/papuosalas\/kazu-gredzenu-izgatavosana\/","title":{"rendered":"K\u0101zu gredzenu izgatavo\u0161ana"},"content":{"rendered":"<p><strong>Visas cenas ir orient\u0113jo\u0161as. <\/strong>\u0160ai precei nor\u0101d\u012bt\u0101 cena ir bez materi\u0101liem \u2013 prec\u012bza cena tiek noteikta p\u0113c apskates vai konsult\u0101cijas.<br \/>\nIesp\u0113jama <strong>izgatavo\u0161ana no klienta zelta<\/strong> \u2013 j\u0101maks\u0101 tikai par darbu un papildu materi\u0101liem (piem.: dimantiem, d\u0101rgakme\u0146iem).<\/p>\n<p><strong><br \/>\n<em>RA\u017dO\u0160ANAS CEN\u0100 IR IEK\u013bAUTS:<\/em><\/strong><\/p>\n<p>&nbsp;<\/p>\n<p><span data-sheets-root=\"1\">\u2022 <a href=\"https:\/\/fashiongold.lt\/lv\/patarimai-lv\/saderinasanas-un-laulibu-gredzenu-zelta-krasa-baltais-sarkanais-vai-dzeltenais-zelts\/\" target=\"_blank\" rel=\"noopener\"><strong>Gredzenu zelta kr\u0101sa<\/strong><\/a>: balts, sarkans, dzeltens<\/span><\/p>\n<p>\u2022 <a href=\"https:\/\/fashiongold.lt\/lv\/patarimai-lv\/saderinasanas-gredzeni-perfektu-proporciju-noslepums-kapec-dazi-gredzeni-ar-dimantiem-izskatas-greznak\/\" target=\"_blank\" rel=\"noopener\"><strong>Gredzenu izm\u0113ri<\/strong><\/a> (atkar\u012bgs no jums)<\/p>\n<p>\u2022 <strong><a href=\"https:\/\/fashiongold.lt\/lv\/patarimai-lv\/gredzena-komforta-zona-vai-gredzena-ertums\/\" target=\"_blank\" rel=\"noopener\">Gredzenu komforta zona<\/a><\/strong>: ir.<\/p>\n<p>\u2022 <strong><a href=\"https:\/\/fashiongold.lt\/lv\/patarimai-lv\/dimants-rubins-safirs-smaragds-dargakmenu-sertifikati\/\" target=\"_blank\" rel=\"noopener\">Sertifik\u0101ti<\/a><\/strong> (atkar\u012bb\u0101 no pas\u016bt\u012bjuma):<\/p>\n<p>Laboratorij\u0101 audz\u0113ts dimants: IGI sertifik\u0101ts.<br \/>\nDab\u012bgs dimants: GIA sertifik\u0101ts.<br \/>\nLietuvas Prob\u0101cijas pal\u0101ta (LPR)<\/p>\n<p>\u2022\u00a0<a href=\"https:\/\/fashiongold.lt\/lv\/patarimai-lv\/saderinasanas-gredzeni-vai-gredzenu-var-iegravet-detalas-kas-pieskir-jusu-saderinasanas-gredzenam-individualitati\/\" target=\"_blank\" rel=\"noopener\"><strong>Grav\u0113\u0161ana<\/strong><\/a>\u00a0bez maksas<\/p>\n<p>\u2022 Vienreiz\u0113ja bezmaksas\u00a0<a href=\"https:\/\/fashiongold.lt\/lv\/patarimai-lv\/saderinasanas-gredzeni-bezmaksas-izmera-pielagosana-lai-gredzens-deretu-ideali\/\" target=\"_blank\" rel=\"noopener\"><strong>gredzenu izm\u0113ra mai\u0146as garantija<\/strong><\/a><\/p>\n<p>\u2022\u00a0<a href=\"https:\/\/fashiongold.lt\/lv\/piegade-un-atgriesana\/\" target=\"_blank\" rel=\"noopener\"><strong>Izgatavo\u0161anas un pieg\u0101des termi\u0146\u0161<\/strong><\/a>: 2-4 ned\u0113\u013cas.<\/p>\n<p>&nbsp;<\/p>\n<p><strong><em>RA\u017dO\u0160ANAS CEN\u0100 NAV IEK\u013bAUTS:<\/em><\/strong><\/p>\n<p>&nbsp;<\/p>\n<p>\u2022 <a href=\"https:\/\/fashiongold.lt\/lv\/patarimai-lv\/kada-zelta-prove-ir-vislabaka-ka-izveleties-piemerotako-saderinasanas-vai-laulibu-gredzenu\/\" target=\"_blank\" rel=\"noopener\"><strong>Gredzena met\u0101li<\/strong><\/a>: 14K (585. prove), 18K (750. prove), 900 plat\u012bns<\/p>\n<p>\u2022\u00a0<a href=\"https:\/\/fashiongold.lt\/lv\/patarimai-lv\/gredzeni-ar-dimantiem-gredzena-zelta-svars-un-dimantu-svars-karatos-ka-izveleties-piemerotako-ieteikumi-ka-saprast-un-novertet\/\" target=\"_blank\" rel=\"noopener\"><strong>Gredzenu izm\u0113rs un svars<\/strong><\/a>: (atkar\u012bgs no izm\u0113ra un proves): aptuveni 8,00 &#8211; 13,00 g<\/p>\n<p>\u2022 Gredzena kr\u0101sa: <strong><a href=\"https:\/\/fashiongold.lt\/lv\/patarimai-lv\/balta-zelta-saderinasanas-gredzeni-ar-dimantiem-dabigais-zelts-vai-rodija-parklajums-silta-nokrasa-vai-ledaina\/\" target=\"_blank\" rel=\"noopener\">rodija p\u0101rkl\u0101jums<\/a><\/strong><\/p>\n<p>\u2022 <strong><a href=\"https:\/\/fashiongold.lt\/lv\/patarimai-lv\/dimants-citas-dimanta-formas\/\" target=\"_blank\" rel=\"noopener\">Dimantu formas<\/a><\/strong>: nav (iesp\u0113jams main\u012bt)<\/p>\n<p>\u2022 <strong><a href=\"https:\/\/fashiongold.lt\/deimantu-tipai-ir-charakteristikos\/\" target=\"_blank\" rel=\"noopener\">Dimantu tipi un raksturlielumi<\/a><\/strong>: nav (iesp\u0113jams main\u012bt)<\/p>\n<p>&nbsp;<\/p>\n<p data-start=\"242\" data-end=\"464\">Vai jums ir zelta rotaslietas, kuras jau senai nen\u0113s\u0101jat? Pie\u0161\u0137iriet t\u0101m otru dz\u012bvi. Ja j\u016bsu zelts ir d\u0101rgs \u0123imenes mantojums vai relikvija, kas pilna ar atmi\u0146\u0101m, m\u016bsu juvelieris ar cie\u0146u to p\u0101rv\u0113rt\u012bs par j\u016bsu laul\u012bbas gredzeniem, kas b\u016bs jauna st\u0101sta v\u0113rti. M\u0113s varam izgatavot gredzenus no j\u016bsu zelta vai izmantot m\u016bsu d\u0101rgmet\u0101lus \u2013 un j\u016bsu eso\u0161o daudzumu ieskait\u012bsim p\u0113c svara. <a href=\"https:\/\/fashiongold.lt\/lv\/kontakti\/\" target=\"_blank\" rel=\"noopener\"><strong>Sazinieties ar mums<\/strong><\/a> \u2013 m\u0113s uzklaus\u012bsim j\u016bsu v\u0113lmes un apr\u0113\u0137in\u0101sim cenu, j\u016bs maks\u0101siet tikai par gredzenu izgatavo\u0161anu.<\/p>\n","protected":false},"excerpt":{"rendered":"<p>Atkl\u0101jiet laul\u012bbu gredzenus, kas v\u0113sta par m\u012blest\u012bbu, tuv\u012bbu un m\u016b\u017e\u012bgu saikni. Katrs m\u016bsu juveliera rok\u0101m darin\u0101tais gredzens nav masveida produkcija, bet gan individu\u0101ls m\u0101kslas darbs, kas piel\u0101gots j\u016bsu v\u012bzijai. Moderns dizains, r\u016bp\u012bgi atlas\u012bti met\u0101li un komforta zona \u2013 tas viss t\u0101d\u0113\u013c, lai gredzeni ne tikai atspogu\u013cotu j\u016bsu st\u0101stu, bet ar\u012b b\u016btu \u0113rti ikdienas n\u0113s\u0101\u0161anai.<br \/>\n\u0160ie gredzeni tiek izgatavoti, iev\u0113rojot <span data-sheets-root=\"1\">augst\u0101kos juvelierizstr\u0101d\u0101jumu ra\u017eo\u0161anas standartus, <\/span>atbilsto\u0161i j\u016bsu izv\u0113lei \u2013 no met\u0101la kr\u0101sas l\u012bdz virsmas tekst\u016brai. Tas ir kas vair\u0101k par rotaslietu \u2013 tas ir j\u016bsu m\u012blest\u012bbas simbols, kas rad\u012bts ar m\u012blest\u012bbu.<\/p>\n","protected":false},"featured_media":37768,"template":"","meta":{"site-sidebar-layout":"default","site-content-layout":"","ast-site-content-layout":"default","site-content-style":"default","site-sidebar-style":"default","ast-global-header-display":"","ast-banner-title-visibility":"","ast-main-header-display":"","ast-hfb-above-header-display":"","ast-hfb-below-header-display":"","ast-hfb-mobile-header-display":"","site-post-title":"","ast-breadcrumbs-content":"","ast-featured-img":"","footer-sml-layout":"","ast-disable-related-posts":"","theme-transparent-header-meta":"default","adv-header-id-meta":"","stick-header-meta":"","header-above-stick-meta":"","header-main-stick-meta":"","header-below-stick-meta":"","astra-migrate-meta-layouts":"default","ast-page-background-enabled":"default","ast-page-background-meta":{"desktop":{"background-color":"var(--ast-global-color-4)","background-image":"","background-repeat":"repeat","background-position":"center center","background-size":"auto","background-attachment":"scroll","background-type":"","background-media":"","overlay-type":"","overlay-color":"","overlay-opacity":"","overlay-gradient":""},"tablet":{"background-color":"","background-image":"","background-repeat":"repeat","background-position":"center center","background-size":"auto","background-attachment":"scroll","background-type":"","background-media":"","overlay-type":"","overlay-color":"","overlay-opacity":"","overlay-gradient":""},"mobile":{"background-color":"","background-image":"","background-repeat":"repeat","background-position":"center center","background-size":"auto","background-attachment":"scroll","background-type":"","background-media":"","overlay-type":"","overlay-color":"","overlay-opacity":"","overlay-gradient":""}},"ast-content-background-meta":{"desktop":{"background-color":"var(--ast-global-color-5)","background-image":"","background-repeat":"repeat","background-position":"center center","background-size":"auto","background-attachment":"scroll","background-type":"","background-media":"","overlay-type":"","overlay-color":"","overlay-opacity":"","overlay-gradient":""},"tablet":{"background-color":"var(--ast-global-color-5)","background-image":"","background-repeat":"repeat","background-position":"center center","background-size":"auto","background-attachment":"scroll","background-type":"","background-media":"","overlay-type":"","overlay-color":"","overlay-opacity":"","overlay-gradient":""},"mobile":{"background-color":"var(--ast-global-color-5)","background-image":"","background-repeat":"repeat","background-position":"center center","background-size":"auto","background-attachment":"scroll","background-type":"","background-media":"","overlay-type":"","overlay-color":"","overlay-opacity":"","overlay-gradient":""}}},"product_brand":[],"product_cat":[3606],"product_tag":[],"class_list":{"0":"post-286767","1":"product","2":"type-product","3":"status-publish","4":"has-post-thumbnail","6":"product_cat-bez-kategorijas-lv","7":"desktop-align-center","8":"tablet-align-left","9":"mobile-align-left","10":"ast-product-gallery-layout-horizontal-slider","11":"ast-product-gallery-with-no-image","12":"ast-product-tabs-layout-accordion","13":"ast-qv-on-image","15":"first","16":"instock","17":"taxable","18":"shipping-taxable","19":"purchasable","20":"product-type-simple"},"yoast_head":"<!-- This site is optimized with the Yoast SEO plugin v26.6 - https:\/\/yoast.com\/wordpress\/plugins\/seo\/ -->\n<title>Juvelieris - Laul\u012bbu gredzenu izgatavo\u0161ana - FashionGold.lt<\/title>\n<meta name=\"description\" content=\"Izgatavosim laul\u012bbu gredzenus no j\u016bsu eso\u0161\u0101 zelta \u2013 rotasliet\u0101m, kuras nen\u0113s\u0101jat, vai \u0123imenes relikvij\u0101m. Radiet j\u0113gpilnu simbolu, ietaupot k\u0101z\u0101m.\" \/>\n<meta name=\"robots\" content=\"index, follow, max-snippet:-1, max-image-preview:large, max-video-preview:-1\" \/>\n<link rel=\"canonical\" href=\"https:\/\/fashiongold.lt\/lv\/papuosalas\/kazu-gredzenu-izgatavosana\/\" \/>\n<meta property=\"og:locale\" content=\"lv_LV\" \/>\n<meta property=\"og:type\" content=\"article\" \/>\n<meta property=\"og:title\" content=\"Juvelieris - Laul\u012bbu gredzenu izgatavo\u0161ana - FashionGold.lt\" \/>\n<meta property=\"og:description\" content=\"Izgatavosim laul\u012bbu gredzenus no j\u016bsu eso\u0161\u0101 zelta \u2013 rotasliet\u0101m, kuras nen\u0113s\u0101jat, vai \u0123imenes relikvij\u0101m. Radiet j\u0113gpilnu simbolu, ietaupot k\u0101z\u0101m.\" \/>\n<meta property=\"og:url\" content=\"https:\/\/fashiongold.lt\/lv\/papuosalas\/kazu-gredzenu-izgatavosana\/\" \/>\n<meta property=\"og:site_name\" content=\"FashionGold.lt\" \/>\n<meta property=\"article:modified_time\" content=\"2026-02-16T12:52:16+00:00\" \/>\n<meta property=\"og:image\" content=\"https:\/\/fashiongold.lt\/wp-content\/uploads\/2025\/10\/vestuviniai-ziedai-juvelyras.webp\" \/>\n\t<meta property=\"og:image:width\" content=\"800\" \/>\n\t<meta property=\"og:image:height\" content=\"800\" \/>\n\t<meta property=\"og:image:type\" content=\"image\/png\" \/>\n<meta name=\"twitter:card\" content=\"summary_large_image\" \/>\n<meta name=\"twitter:label1\" content=\"Est. reading time\" \/>\n\t<meta name=\"twitter:data1\" content=\"1 minute\" \/>\n<script type=\"application\/ld+json\" class=\"yoast-schema-graph\">{\"@context\":\"https:\/\/schema.org\",\"@graph\":[{\"@type\":\"WebPage\",\"@id\":\"https:\/\/fashiongold.lt\/lv\/papuosalas\/kazu-gredzenu-izgatavosana\/\",\"url\":\"https:\/\/fashiongold.lt\/lv\/papuosalas\/kazu-gredzenu-izgatavosana\/\",\"name\":\"Juvelieris - Laul\u012bbu gredzenu izgatavo\u0161ana - FashionGold.lt\",\"isPartOf\":{\"@id\":\"https:\/\/fashiongold.lt\/lv\/#website\"},\"primaryImageOfPage\":{\"@id\":\"https:\/\/fashiongold.lt\/lv\/papuosalas\/kazu-gredzenu-izgatavosana\/#primaryimage\"},\"image\":{\"@id\":\"https:\/\/fashiongold.lt\/lv\/papuosalas\/kazu-gredzenu-izgatavosana\/#primaryimage\"},\"thumbnailUrl\":\"https:\/\/fashiongold.lt\/wp-content\/uploads\/2025\/10\/vestuviniai-ziedai-juvelyras.png\",\"datePublished\":\"2025-10-09T16:29:32+00:00\",\"dateModified\":\"2026-02-16T12:52:16+00:00\",\"description\":\"Izgatavosim laul\u012bbu gredzenus no j\u016bsu eso\u0161\u0101 zelta \u2013 rotasliet\u0101m, kuras nen\u0113s\u0101jat, vai \u0123imenes relikvij\u0101m. Radiet j\u0113gpilnu simbolu, ietaupot k\u0101z\u0101m.\",\"breadcrumb\":{\"@id\":\"https:\/\/fashiongold.lt\/lv\/papuosalas\/kazu-gredzenu-izgatavosana\/#breadcrumb\"},\"inLanguage\":\"lv-LV\",\"potentialAction\":[{\"@type\":\"ReadAction\",\"target\":[\"https:\/\/fashiongold.lt\/lv\/papuosalas\/kazu-gredzenu-izgatavosana\/\"]}]},{\"@type\":\"ImageObject\",\"inLanguage\":\"lv-LV\",\"@id\":\"https:\/\/fashiongold.lt\/lv\/papuosalas\/kazu-gredzenu-izgatavosana\/#primaryimage\",\"url\":\"https:\/\/fashiongold.lt\/wp-content\/uploads\/2025\/10\/vestuviniai-ziedai-juvelyras.png\",\"contentUrl\":\"https:\/\/fashiongold.lt\/wp-content\/uploads\/2025\/10\/vestuviniai-ziedai-juvelyras.png\",\"width\":800,\"height\":800},{\"@type\":\"BreadcrumbList\",\"@id\":\"https:\/\/fashiongold.lt\/lv\/papuosalas\/kazu-gredzenu-izgatavosana\/#breadcrumb\",\"itemListElement\":[{\"@type\":\"ListItem\",\"position\":1,\"name\":\"Home\",\"item\":\"https:\/\/fashiongold.lt\/lv\/\"},{\"@type\":\"ListItem\",\"position\":2,\"name\":\"Dimantu veikals Fashiongold.lt\",\"item\":\"https:\/\/fashiongold.lt\/shop-2\/\"},{\"@type\":\"ListItem\",\"position\":3,\"name\":\"K\u0101zu gredzenu izgatavo\u0161ana\"}]},{\"@type\":\"WebSite\",\"@id\":\"https:\/\/fashiongold.lt\/lv\/#website\",\"url\":\"https:\/\/fashiongold.lt\/lv\/\",\"name\":\"Fashion Gold\",\"description\":\"Juvelyrikos namai\",\"publisher\":{\"@id\":\"https:\/\/fashiongold.lt\/lv\/#organization\"},\"potentialAction\":[{\"@type\":\"SearchAction\",\"target\":{\"@type\":\"EntryPoint\",\"urlTemplate\":\"https:\/\/fashiongold.lt\/lv\/?s={search_term_string}\"},\"query-input\":{\"@type\":\"PropertyValueSpecification\",\"valueRequired\":true,\"valueName\":\"search_term_string\"}}],\"inLanguage\":\"lv-LV\"},{\"@type\":\"Organization\",\"@id\":\"https:\/\/fashiongold.lt\/lv\/#organization\",\"name\":\"Topdiamonds Online\",\"url\":\"https:\/\/fashiongold.lt\/lv\/\",\"logo\":{\"@type\":\"ImageObject\",\"inLanguage\":\"lv-LV\",\"@id\":\"https:\/\/fashiongold.lt\/lv\/#\/schema\/logo\/image\/\",\"url\":\"https:\/\/fashiongold.lt\/wp-content\/uploads\/2025\/04\/cropped-fashion_gold_logotipas2-scaled-1.png\",\"contentUrl\":\"https:\/\/fashiongold.lt\/wp-content\/uploads\/2025\/04\/cropped-fashion_gold_logotipas2-scaled-1.png\",\"width\":2559,\"height\":421,\"caption\":\"Topdiamonds Online\"},\"image\":{\"@id\":\"https:\/\/fashiongold.lt\/lv\/#\/schema\/logo\/image\/\"}}]}<\/script>\n<!-- \/ Yoast SEO plugin. -->","yoast_head_json":{"title":"Juvelieris - Laul\u012bbu gredzenu izgatavo\u0161ana - FashionGold.lt","description":"Izgatavosim laul\u012bbu gredzenus no j\u016bsu eso\u0161\u0101 zelta \u2013 rotasliet\u0101m, kuras nen\u0113s\u0101jat, vai \u0123imenes relikvij\u0101m. Radiet j\u0113gpilnu simbolu, ietaupot k\u0101z\u0101m.","robots":{"index":"index","follow":"follow","max-snippet":"max-snippet:-1","max-image-preview":"max-image-preview:large","max-video-preview":"max-video-preview:-1"},"canonical":"https:\/\/fashiongold.lt\/lv\/papuosalas\/kazu-gredzenu-izgatavosana\/","og_locale":"lv_LV","og_type":"article","og_title":"Juvelieris - Laul\u012bbu gredzenu izgatavo\u0161ana - FashionGold.lt","og_description":"Izgatavosim laul\u012bbu gredzenus no j\u016bsu eso\u0161\u0101 zelta \u2013 rotasliet\u0101m, kuras nen\u0113s\u0101jat, vai \u0123imenes relikvij\u0101m. Radiet j\u0113gpilnu simbolu, ietaupot k\u0101z\u0101m.","og_url":"https:\/\/fashiongold.lt\/lv\/papuosalas\/kazu-gredzenu-izgatavosana\/","og_site_name":"FashionGold.lt","article_modified_time":"2026-02-16T12:52:16+00:00","og_image":[{"width":800,"height":800,"url":"https:\/\/fashiongold.lt\/wp-content\/uploads\/2025\/10\/vestuviniai-ziedai-juvelyras.webp","type":"image\/png"}],"twitter_card":"summary_large_image","twitter_misc":{"Est. reading time":"1 minute"},"schema":{"@context":"https:\/\/schema.org","@graph":[{"@type":"WebPage","@id":"https:\/\/fashiongold.lt\/lv\/papuosalas\/kazu-gredzenu-izgatavosana\/","url":"https:\/\/fashiongold.lt\/lv\/papuosalas\/kazu-gredzenu-izgatavosana\/","name":"Juvelieris - Laul\u012bbu gredzenu izgatavo\u0161ana - FashionGold.lt","isPartOf":{"@id":"https:\/\/fashiongold.lt\/lv\/#website"},"primaryImageOfPage":{"@id":"https:\/\/fashiongold.lt\/lv\/papuosalas\/kazu-gredzenu-izgatavosana\/#primaryimage"},"image":{"@id":"https:\/\/fashiongold.lt\/lv\/papuosalas\/kazu-gredzenu-izgatavosana\/#primaryimage"},"thumbnailUrl":"https:\/\/fashiongold.lt\/wp-content\/uploads\/2025\/10\/vestuviniai-ziedai-juvelyras.png","datePublished":"2025-10-09T16:29:32+00:00","dateModified":"2026-02-16T12:52:16+00:00","description":"Izgatavosim laul\u012bbu gredzenus no j\u016bsu eso\u0161\u0101 zelta \u2013 rotasliet\u0101m, kuras nen\u0113s\u0101jat, vai \u0123imenes relikvij\u0101m. Radiet j\u0113gpilnu simbolu, ietaupot k\u0101z\u0101m.","breadcrumb":{"@id":"https:\/\/fashiongold.lt\/lv\/papuosalas\/kazu-gredzenu-izgatavosana\/#breadcrumb"},"inLanguage":"lv-LV","potentialAction":[{"@type":"ReadAction","target":["https:\/\/fashiongold.lt\/lv\/papuosalas\/kazu-gredzenu-izgatavosana\/"]}]},{"@type":"ImageObject","inLanguage":"lv-LV","@id":"https:\/\/fashiongold.lt\/lv\/papuosalas\/kazu-gredzenu-izgatavosana\/#primaryimage","url":"https:\/\/fashiongold.lt\/wp-content\/uploads\/2025\/10\/vestuviniai-ziedai-juvelyras.png","contentUrl":"https:\/\/fashiongold.lt\/wp-content\/uploads\/2025\/10\/vestuviniai-ziedai-juvelyras.png","width":800,"height":800},{"@type":"BreadcrumbList","@id":"https:\/\/fashiongold.lt\/lv\/papuosalas\/kazu-gredzenu-izgatavosana\/#breadcrumb","itemListElement":[{"@type":"ListItem","position":1,"name":"Home","item":"https:\/\/fashiongold.lt\/lv\/"},{"@type":"ListItem","position":2,"name":"Dimantu veikals Fashiongold.lt","item":"https:\/\/fashiongold.lt\/shop-2\/"},{"@type":"ListItem","position":3,"name":"K\u0101zu gredzenu izgatavo\u0161ana"}]},{"@type":"WebSite","@id":"https:\/\/fashiongold.lt\/lv\/#website","url":"https:\/\/fashiongold.lt\/lv\/","name":"Fashion Gold","description":"Juvelyrikos namai","publisher":{"@id":"https:\/\/fashiongold.lt\/lv\/#organization"},"potentialAction":[{"@type":"SearchAction","target":{"@type":"EntryPoint","urlTemplate":"https:\/\/fashiongold.lt\/lv\/?s={search_term_string}"},"query-input":{"@type":"PropertyValueSpecification","valueRequired":true,"valueName":"search_term_string"}}],"inLanguage":"lv-LV"},{"@type":"Organization","@id":"https:\/\/fashiongold.lt\/lv\/#organization","name":"Topdiamonds Online","url":"https:\/\/fashiongold.lt\/lv\/","logo":{"@type":"ImageObject","inLanguage":"lv-LV","@id":"https:\/\/fashiongold.lt\/lv\/#\/schema\/logo\/image\/","url":"https:\/\/fashiongold.lt\/wp-content\/uploads\/2025\/04\/cropped-fashion_gold_logotipas2-scaled-1.png","contentUrl":"https:\/\/fashiongold.lt\/wp-content\/uploads\/2025\/04\/cropped-fashion_gold_logotipas2-scaled-1.png","width":2559,"height":421,"caption":"Topdiamonds Online"},"image":{"@id":"https:\/\/fashiongold.lt\/lv\/#\/schema\/logo\/image\/"}}]}},"_links":{"self":[{"href":"https:\/\/fashiongold.lt\/lv\/wp-json\/wp\/v2\/product\/286767","targetHints":{"allow":["GET"]}}],"collection":[{"href":"https:\/\/fashiongold.lt\/lv\/wp-json\/wp\/v2\/product"}],"about":[{"href":"https:\/\/fashiongold.lt\/lv\/wp-json\/wp\/v2\/types\/product"}],"version-history":[{"count":0,"href":"https:\/\/fashiongold.lt\/lv\/wp-json\/wp\/v2\/product\/286767\/revisions"}],"wp:featuredmedia":[{"embeddable":true,"href":"https:\/\/fashiongold.lt\/lv\/wp-json\/wp\/v2\/media\/37768"}],"wp:attachment":[{"href":"https:\/\/fashiongold.lt\/lv\/wp-json\/wp\/v2\/media?parent=286767"}],"wp:term":[{"taxonomy":"product_brand","embeddable":true,"href":"https:\/\/fashiongold.lt\/lv\/wp-json\/wp\/v2\/product_brand?post=286767"},{"taxonomy":"product_cat","embeddable":true,"href":"https:\/\/fashiongold.lt\/lv\/wp-json\/wp\/v2\/product_cat?post=286767"},{"taxonomy":"product_tag","embeddable":true,"href":"https:\/\/fashiongold.lt\/lv\/wp-json\/wp\/v2\/product_tag?post=286767"}],"curies":[{"name":"wp","href":"https:\/\/api.w.org\/{rel}","templated":true}]}}