{"id":286937,"date":"2025-10-09T16:26:16","date_gmt":"2025-10-09T16:26:16","guid":{"rendered":"https:\/\/fashiongold.lt\/papuosalas\/auskari-ar-dimantiem-halo-round-dimanti-1-20-ct\/"},"modified":"2026-02-16T12:54:28","modified_gmt":"2026-02-16T12:54:28","slug":"auskari-ar-dimantiem-halo-round-dimanti-1-20-ct","status":"publish","type":"product","link":"https:\/\/fashiongold.lt\/lv\/papuosalas\/auskari-ar-dimantiem-halo-round-dimanti-1-20-ct\/","title":{"rendered":"Auskari ar dimantiem &#8211; HALO ROUND DIMANTI (1.20 ct)"},"content":{"rendered":"<p><span data-sheets-root=\"1\">Rota\u013c\u012bgi eleganti un mirdzo\u0161i no vis\u0101m pus\u0113m \u2013 \u0161ie auskari smalki izce\u013c stilu un laikam nepak\u013cautu \u0161armu. Tie sp\u012bd spo\u017ei, bet gaum\u012bgi, kas ir lieliska izv\u0113le tiem, kuri mekl\u0113 klasiku ar grezna akcenta not\u012bm.<br \/>\nIzgatavoti, iev\u0113rojot augst\u0101kos juvelierizstr\u0101d\u0101jumu ra\u017eo\u0161anas standartus. Auskari var tikt izgatavoti p\u0113c pas\u016bt\u012bjuma: par papildu samaksu ar augst\u0101kas kvalit\u0101tes dimantiem.<br \/>\n<\/span><\/p>\n<p>&nbsp;<\/p>\n<p>\u2022 <a href=\"https:\/\/fashiongold.lt\/lv\/patarimai-lv\/zelta-prove-auskariem-ka-izveleties-kvalitativas-un-ilgmuzigas-rotaslietas\/\" target=\"_blank\" rel=\"noopener\"><strong>Auskaru met\u0101ls<\/strong><\/a>: 14K (585 prove), 18K (750 prove), 900 plat\u012bns<br \/>\n\u2022 <a href=\"https:\/\/fashiongold.lt\/lv\/patarimai-lv\/auskaru-zelta-krasa-baltais-sarkanais-un-dzeltenais-zelts-ar-dimantiem\/\" target=\"_blank\" rel=\"noopener\"><strong>Zelta kr\u0101sa<\/strong><\/a>: balts, sarkans, dzeltens<br \/>\n\u2022 <a href=\"https:\/\/fashiongold.lt\/lv\/patarimai-lv\/auskari-ar-dimantiem-idealas-proporcijas-ka-izveleties-idealos\/\" target=\"_blank\" rel=\"noopener\"><strong>Auskaru izm\u0113ri<\/strong><\/a>: kro\u0146a platums aptuveni 5 mm (iesp\u0113jams main\u012bt)<br \/>\n\u2022 Kop\u0113jais <a href=\"https:\/\/fashiongold.lt\/auskaru-aukso-svoris\/\" target=\"_blank\" rel=\"noopener\"><strong>zelta svars<\/strong><\/a>: 2.00 g<br \/>\n\u2022 Kop\u0113jais <a href=\"https:\/\/fashiongold.lt\/deimantu-svoris\/\" target=\"_blank\" rel=\"noopener\"><strong>dimantu svars<\/strong><\/a>: 1.20 ct<br \/>\n\u2022 <a href=\"https:\/\/fashiongold.lt\/lv\/patarimai-lv\/dimants-citas-dimanta-formas\/\" target=\"_blank\" rel=\"noopener\"><strong>Dimantu forma<\/strong><\/a>: Apa\u013ca forma (<em>Round cut<\/em>)<br \/>\n\u2022 <a href=\"https:\/\/fashiongold.lt\/lv\/patarimai-lv\/dimants-dabigs-laboratorija-audzets-vai-maksligs-ka-izveleties-pareizi\/\" target=\"_blank\" rel=\"noopener\"><strong>Dimantu tipi<\/strong><\/a>: Laboratorij\u0101 audz\u0113ti dimanti vai dab\u012bgi dimanti<br \/>\n\u2022 <a href=\"https:\/\/fashiongold.lt\/lv\/patarimai-lv\/dimants-kas-jazina-pirms-iegades\/\" target=\"_blank\" rel=\"noopener\"><strong>Dimanta svars un raksturojums<\/strong><\/a> (iesp\u0113jams main\u012bt):<br \/>\nLaboratorij\u0101 audz\u0113ts dimants: 1.20 ct dimants (kr\u0101sa D-E, dzidrums VVS), IGI sertifik\u0101ts<br \/>\nDab\u012bgs dimants: 1.20 ct dimants (kr\u0101sa G-I, dzidrums SI), GIA sertifik\u0101ts<br \/>\nAp centr\u0101lo dimantu &#8211; aptuveni 0.20 ct dimanti<br \/>\n\u2022 <a href=\"https:\/\/fashiongold.lt\/lv\/piegade-un-atgriesana\/\" target=\"_blank\" rel=\"noopener\"><strong>Izgatavo\u0161anas un pieg\u0101des termi\u0146\u0161<\/strong><\/a>: aptuveni 14 darba dienas, steidzam\u012bbas k\u0101rt\u0101 7 d.d. laik\u0101.<br \/>\n<strong>Piez\u012bme<\/strong>: p\u0113rkot Halo stila auskarus, iesp\u0113jama kop\u0113j\u0101 kar\u0101tu svara nob\u012bde: 1.18 &#8211; 1.24 ct<\/p>\n<p>&nbsp;<\/p>\n<p>Vai jums ir savs d\u0101rgakmens vai zelts? M\u0113s p\u0101rr\u0113\u0137in\u0101sim cenu, un j\u016bs maks\u0101siet tikai par auskaru izgatavo\u0161anu. Vai varb\u016bt v\u0113laties main\u012bt dimantu raksturojumu atbilsto\u0161i sav\u0101m v\u0113lm\u0113m? <a href=\"https:\/\/fashiongold.lt\/lv\/kontakti\/\" target=\"_blank\" rel=\"noopener\"><strong>Sazinieties<\/strong><\/a>!<br \/>\nAtkl\u0101jiet pla\u0161u rotaslietu izv\u0113li, kas atbilst da\u017e\u0101d\u0101m gaum\u0113m, bud\u017eetiem un personaliz\u0101cij\u0101m ar <a href=\"https:\/\/fashiongold.lt\/lv\/\" target=\"_blank\" rel=\"noopener\">FashionGold.lt<\/a>.<\/p>\n","protected":false},"excerpt":{"rendered":"<p><span data-sheets-root=\"1\">\u0160ie izsmalcin\u0101tie auskari ar dimantiem ir elegances un grezn\u012bbas apvienojums, kas rad\u012bts mirdzumam. Centr\u0101lais apa\u013cais (<em>Round cut<\/em>) dimants, ko ieskauj maz\u0101ki HALO stila dimanti, izskat\u0101s v\u0113l liel\u0101ks un spilgt\u0101ks, piesaistot skatienus no vis\u0101m pus\u0113m. Izgatavoti no augstas kvalit\u0101tes zelta vai plat\u012bna, \u0161ie auskari ir lieliski piem\u0113roti gan ikdienai, gan \u012bpa\u0161iem gad\u012bjumiem.<\/span><\/p>\n","protected":false},"featured_media":36700,"template":"","meta":{"site-sidebar-layout":"default","site-content-layout":"","ast-site-content-layout":"default","site-content-style":"default","site-sidebar-style":"default","ast-global-header-display":"","ast-banner-title-visibility":"","ast-main-header-display":"","ast-hfb-above-header-display":"","ast-hfb-below-header-display":"","ast-hfb-mobile-header-display":"","site-post-title":"","ast-breadcrumbs-content":"","ast-featured-img":"","footer-sml-layout":"","ast-disable-related-posts":"","theme-transparent-header-meta":"default","adv-header-id-meta":"","stick-header-meta":"","header-above-stick-meta":"","header-main-stick-meta":"","header-below-stick-meta":"","astra-migrate-meta-layouts":"default","ast-page-background-enabled":"default","ast-page-background-meta":{"desktop":{"background-color":"var(--ast-global-color-4)","background-image":"","background-repeat":"repeat","background-position":"center center","background-size":"auto","background-attachment":"scroll","background-type":"","background-media":"","overlay-type":"","overlay-color":"","overlay-opacity":"","overlay-gradient":""},"tablet":{"background-color":"","background-image":"","background-repeat":"repeat","background-position":"center center","background-size":"auto","background-attachment":"scroll","background-type":"","background-media":"","overlay-type":"","overlay-color":"","overlay-opacity":"","overlay-gradient":""},"mobile":{"background-color":"","background-image":"","background-repeat":"repeat","background-position":"center center","background-size":"auto","background-attachment":"scroll","background-type":"","background-media":"","overlay-type":"","overlay-color":"","overlay-opacity":"","overlay-gradient":""}},"ast-content-background-meta":{"desktop":{"background-color":"var(--ast-global-color-5)","background-image":"","background-repeat":"repeat","background-position":"center center","background-size":"auto","background-attachment":"scroll","background-type":"","background-media":"","overlay-type":"","overlay-color":"","overlay-opacity":"","overlay-gradient":""},"tablet":{"background-color":"var(--ast-global-color-5)","background-image":"","background-repeat":"repeat","background-position":"center center","background-size":"auto","background-attachment":"scroll","background-type":"","background-media":"","overlay-type":"","overlay-color":"","overlay-opacity":"","overlay-gradient":""},"mobile":{"background-color":"var(--ast-global-color-5)","background-image":"","background-repeat":"repeat","background-position":"center center","background-size":"auto","background-attachment":"scroll","background-type":"","background-media":"","overlay-type":"","overlay-color":"","overlay-opacity":"","overlay-gradient":""}}},"product_brand":[],"product_cat":[],"product_tag":[],"class_list":{"0":"post-286937","1":"product","2":"type-product","3":"status-publish","4":"has-post-thumbnail","6":"desktop-align-center","7":"tablet-align-left","8":"mobile-align-left","9":"ast-product-gallery-layout-horizontal-slider","10":"ast-product-single-variable","11":"ast-product-tabs-layout-accordion","12":"ast-qv-on-image","14":"first","15":"instock","16":"taxable","17":"shipping-taxable","18":"purchasable","19":"product-type-variable"},"yoast_head":"<!-- This site is optimized with the Yoast SEO plugin v26.6 - https:\/\/yoast.com\/wordpress\/plugins\/seo\/ -->\n<title>Auskari ar dimantiem - HALO ROUND DIMANTI (1.20 ct)<\/title>\n<meta name=\"description\" content=\"Ekskluz\u012bva dizaina auskari ar dimantiem \u2013 elegances un grezn\u012bbas apvienojums, kas piem\u0113rots gan ikdienai, gan \u012bpa\u0161iem gad\u012bjumiem. Mirdzi stil\u012bgi ar HALO!\" \/>\n<meta name=\"robots\" content=\"index, follow, max-snippet:-1, max-image-preview:large, max-video-preview:-1\" \/>\n<link rel=\"canonical\" href=\"https:\/\/fashiongold.lt\/lv\/papuosalas\/auskari-ar-dimantiem-halo-round-dimanti-1-20-ct\/\" \/>\n<meta property=\"og:locale\" content=\"lv_LV\" \/>\n<meta property=\"og:type\" content=\"article\" \/>\n<meta property=\"og:title\" content=\"Auskari ar dimantiem - HALO ROUND DIMANTI (1.20 ct)\" \/>\n<meta property=\"og:description\" content=\"Ekskluz\u012bva dizaina auskari ar dimantiem \u2013 elegances un grezn\u012bbas apvienojums, kas piem\u0113rots gan ikdienai, gan \u012bpa\u0161iem gad\u012bjumiem. Mirdzi stil\u012bgi ar HALO!\" \/>\n<meta property=\"og:url\" content=\"https:\/\/fashiongold.lt\/lv\/papuosalas\/auskari-ar-dimantiem-halo-round-dimanti-1-20-ct\/\" \/>\n<meta property=\"og:site_name\" content=\"FashionGold.lt\" \/>\n<meta property=\"article:modified_time\" content=\"2026-02-16T12:54:28+00:00\" \/>\n<meta property=\"og:image\" content=\"https:\/\/fashiongold.lt\/wp-content\/uploads\/2025\/10\/TDO-1001-Auskarai-su-deimantais-HALO-ROUND-DEIMANTAI-1.webp\" \/>\n\t<meta property=\"og:image:width\" content=\"800\" \/>\n\t<meta property=\"og:image:height\" content=\"800\" \/>\n\t<meta property=\"og:image:type\" content=\"image\/png\" \/>\n<meta name=\"twitter:card\" content=\"summary_large_image\" \/>\n<meta name=\"twitter:label1\" content=\"Est. reading time\" \/>\n\t<meta name=\"twitter:data1\" content=\"1 minute\" \/>\n<script type=\"application\/ld+json\" class=\"yoast-schema-graph\">{\"@context\":\"https:\/\/schema.org\",\"@graph\":[{\"@type\":\"WebPage\",\"@id\":\"https:\/\/fashiongold.lt\/lv\/papuosalas\/auskari-ar-dimantiem-halo-round-dimanti-1-20-ct\/\",\"url\":\"https:\/\/fashiongold.lt\/lv\/papuosalas\/auskari-ar-dimantiem-halo-round-dimanti-1-20-ct\/\",\"name\":\"Auskari ar dimantiem - HALO ROUND DIMANTI (1.20 ct)\",\"isPartOf\":{\"@id\":\"https:\/\/fashiongold.lt\/lv\/#website\"},\"primaryImageOfPage\":{\"@id\":\"https:\/\/fashiongold.lt\/lv\/papuosalas\/auskari-ar-dimantiem-halo-round-dimanti-1-20-ct\/#primaryimage\"},\"image\":{\"@id\":\"https:\/\/fashiongold.lt\/lv\/papuosalas\/auskari-ar-dimantiem-halo-round-dimanti-1-20-ct\/#primaryimage\"},\"thumbnailUrl\":\"https:\/\/fashiongold.lt\/wp-content\/uploads\/2025\/10\/TDO-1001-Auskarai-su-deimantais-HALO-ROUND-DEIMANTAI-1.png\",\"datePublished\":\"2025-10-09T16:26:16+00:00\",\"dateModified\":\"2026-02-16T12:54:28+00:00\",\"description\":\"Ekskluz\u012bva dizaina auskari ar dimantiem \u2013 elegances un grezn\u012bbas apvienojums, kas piem\u0113rots gan ikdienai, gan \u012bpa\u0161iem gad\u012bjumiem. Mirdzi stil\u012bgi ar HALO!\",\"breadcrumb\":{\"@id\":\"https:\/\/fashiongold.lt\/lv\/papuosalas\/auskari-ar-dimantiem-halo-round-dimanti-1-20-ct\/#breadcrumb\"},\"inLanguage\":\"lv-LV\",\"potentialAction\":[{\"@type\":\"ReadAction\",\"target\":[\"https:\/\/fashiongold.lt\/lv\/papuosalas\/auskari-ar-dimantiem-halo-round-dimanti-1-20-ct\/\"]}]},{\"@type\":\"ImageObject\",\"inLanguage\":\"lv-LV\",\"@id\":\"https:\/\/fashiongold.lt\/lv\/papuosalas\/auskari-ar-dimantiem-halo-round-dimanti-1-20-ct\/#primaryimage\",\"url\":\"https:\/\/fashiongold.lt\/wp-content\/uploads\/2025\/10\/TDO-1001-Auskarai-su-deimantais-HALO-ROUND-DEIMANTAI-1.png\",\"contentUrl\":\"https:\/\/fashiongold.lt\/wp-content\/uploads\/2025\/10\/TDO-1001-Auskarai-su-deimantais-HALO-ROUND-DEIMANTAI-1.png\",\"width\":800,\"height\":800},{\"@type\":\"BreadcrumbList\",\"@id\":\"https:\/\/fashiongold.lt\/lv\/papuosalas\/auskari-ar-dimantiem-halo-round-dimanti-1-20-ct\/#breadcrumb\",\"itemListElement\":[{\"@type\":\"ListItem\",\"position\":1,\"name\":\"Home\",\"item\":\"https:\/\/fashiongold.lt\/lv\/\"},{\"@type\":\"ListItem\",\"position\":2,\"name\":\"Dimantu veikals Fashiongold.lt\",\"item\":\"https:\/\/fashiongold.lt\/shop-2\/\"},{\"@type\":\"ListItem\",\"position\":3,\"name\":\"Auskari ar dimantiem &#8211; HALO ROUND DIMANTI (1.20 ct)\"}]},{\"@type\":\"WebSite\",\"@id\":\"https:\/\/fashiongold.lt\/lv\/#website\",\"url\":\"https:\/\/fashiongold.lt\/lv\/\",\"name\":\"Fashion Gold\",\"description\":\"Juvelyrikos namai\",\"publisher\":{\"@id\":\"https:\/\/fashiongold.lt\/lv\/#organization\"},\"potentialAction\":[{\"@type\":\"SearchAction\",\"target\":{\"@type\":\"EntryPoint\",\"urlTemplate\":\"https:\/\/fashiongold.lt\/lv\/?s={search_term_string}\"},\"query-input\":{\"@type\":\"PropertyValueSpecification\",\"valueRequired\":true,\"valueName\":\"search_term_string\"}}],\"inLanguage\":\"lv-LV\"},{\"@type\":\"Organization\",\"@id\":\"https:\/\/fashiongold.lt\/lv\/#organization\",\"name\":\"Topdiamonds Online\",\"url\":\"https:\/\/fashiongold.lt\/lv\/\",\"logo\":{\"@type\":\"ImageObject\",\"inLanguage\":\"lv-LV\",\"@id\":\"https:\/\/fashiongold.lt\/lv\/#\/schema\/logo\/image\/\",\"url\":\"https:\/\/fashiongold.lt\/wp-content\/uploads\/2025\/04\/cropped-fashion_gold_logotipas2-scaled-1.png\",\"contentUrl\":\"https:\/\/fashiongold.lt\/wp-content\/uploads\/2025\/04\/cropped-fashion_gold_logotipas2-scaled-1.png\",\"width\":2559,\"height\":421,\"caption\":\"Topdiamonds Online\"},\"image\":{\"@id\":\"https:\/\/fashiongold.lt\/lv\/#\/schema\/logo\/image\/\"}}]}<\/script>\n<!-- \/ Yoast SEO plugin. -->","yoast_head_json":{"title":"Auskari ar dimantiem - HALO ROUND DIMANTI (1.20 ct)","description":"Ekskluz\u012bva dizaina auskari ar dimantiem \u2013 elegances un grezn\u012bbas apvienojums, kas piem\u0113rots gan ikdienai, gan \u012bpa\u0161iem gad\u012bjumiem. Mirdzi stil\u012bgi ar HALO!","robots":{"index":"index","follow":"follow","max-snippet":"max-snippet:-1","max-image-preview":"max-image-preview:large","max-video-preview":"max-video-preview:-1"},"canonical":"https:\/\/fashiongold.lt\/lv\/papuosalas\/auskari-ar-dimantiem-halo-round-dimanti-1-20-ct\/","og_locale":"lv_LV","og_type":"article","og_title":"Auskari ar dimantiem - HALO ROUND DIMANTI (1.20 ct)","og_description":"Ekskluz\u012bva dizaina auskari ar dimantiem \u2013 elegances un grezn\u012bbas apvienojums, kas piem\u0113rots gan ikdienai, gan \u012bpa\u0161iem gad\u012bjumiem. Mirdzi stil\u012bgi ar HALO!","og_url":"https:\/\/fashiongold.lt\/lv\/papuosalas\/auskari-ar-dimantiem-halo-round-dimanti-1-20-ct\/","og_site_name":"FashionGold.lt","article_modified_time":"2026-02-16T12:54:28+00:00","og_image":[{"width":800,"height":800,"url":"https:\/\/fashiongold.lt\/wp-content\/uploads\/2025\/10\/TDO-1001-Auskarai-su-deimantais-HALO-ROUND-DEIMANTAI-1.webp","type":"image\/png"}],"twitter_card":"summary_large_image","twitter_misc":{"Est. reading time":"1 minute"},"schema":{"@context":"https:\/\/schema.org","@graph":[{"@type":"WebPage","@id":"https:\/\/fashiongold.lt\/lv\/papuosalas\/auskari-ar-dimantiem-halo-round-dimanti-1-20-ct\/","url":"https:\/\/fashiongold.lt\/lv\/papuosalas\/auskari-ar-dimantiem-halo-round-dimanti-1-20-ct\/","name":"Auskari ar dimantiem - HALO ROUND DIMANTI (1.20 ct)","isPartOf":{"@id":"https:\/\/fashiongold.lt\/lv\/#website"},"primaryImageOfPage":{"@id":"https:\/\/fashiongold.lt\/lv\/papuosalas\/auskari-ar-dimantiem-halo-round-dimanti-1-20-ct\/#primaryimage"},"image":{"@id":"https:\/\/fashiongold.lt\/lv\/papuosalas\/auskari-ar-dimantiem-halo-round-dimanti-1-20-ct\/#primaryimage"},"thumbnailUrl":"https:\/\/fashiongold.lt\/wp-content\/uploads\/2025\/10\/TDO-1001-Auskarai-su-deimantais-HALO-ROUND-DEIMANTAI-1.png","datePublished":"2025-10-09T16:26:16+00:00","dateModified":"2026-02-16T12:54:28+00:00","description":"Ekskluz\u012bva dizaina auskari ar dimantiem \u2013 elegances un grezn\u012bbas apvienojums, kas piem\u0113rots gan ikdienai, gan \u012bpa\u0161iem gad\u012bjumiem. Mirdzi stil\u012bgi ar HALO!","breadcrumb":{"@id":"https:\/\/fashiongold.lt\/lv\/papuosalas\/auskari-ar-dimantiem-halo-round-dimanti-1-20-ct\/#breadcrumb"},"inLanguage":"lv-LV","potentialAction":[{"@type":"ReadAction","target":["https:\/\/fashiongold.lt\/lv\/papuosalas\/auskari-ar-dimantiem-halo-round-dimanti-1-20-ct\/"]}]},{"@type":"ImageObject","inLanguage":"lv-LV","@id":"https:\/\/fashiongold.lt\/lv\/papuosalas\/auskari-ar-dimantiem-halo-round-dimanti-1-20-ct\/#primaryimage","url":"https:\/\/fashiongold.lt\/wp-content\/uploads\/2025\/10\/TDO-1001-Auskarai-su-deimantais-HALO-ROUND-DEIMANTAI-1.png","contentUrl":"https:\/\/fashiongold.lt\/wp-content\/uploads\/2025\/10\/TDO-1001-Auskarai-su-deimantais-HALO-ROUND-DEIMANTAI-1.png","width":800,"height":800},{"@type":"BreadcrumbList","@id":"https:\/\/fashiongold.lt\/lv\/papuosalas\/auskari-ar-dimantiem-halo-round-dimanti-1-20-ct\/#breadcrumb","itemListElement":[{"@type":"ListItem","position":1,"name":"Home","item":"https:\/\/fashiongold.lt\/lv\/"},{"@type":"ListItem","position":2,"name":"Dimantu veikals Fashiongold.lt","item":"https:\/\/fashiongold.lt\/shop-2\/"},{"@type":"ListItem","position":3,"name":"Auskari ar dimantiem &#8211; HALO ROUND DIMANTI (1.20 ct)"}]},{"@type":"WebSite","@id":"https:\/\/fashiongold.lt\/lv\/#website","url":"https:\/\/fashiongold.lt\/lv\/","name":"Fashion Gold","description":"Juvelyrikos namai","publisher":{"@id":"https:\/\/fashiongold.lt\/lv\/#organization"},"potentialAction":[{"@type":"SearchAction","target":{"@type":"EntryPoint","urlTemplate":"https:\/\/fashiongold.lt\/lv\/?s={search_term_string}"},"query-input":{"@type":"PropertyValueSpecification","valueRequired":true,"valueName":"search_term_string"}}],"inLanguage":"lv-LV"},{"@type":"Organization","@id":"https:\/\/fashiongold.lt\/lv\/#organization","name":"Topdiamonds Online","url":"https:\/\/fashiongold.lt\/lv\/","logo":{"@type":"ImageObject","inLanguage":"lv-LV","@id":"https:\/\/fashiongold.lt\/lv\/#\/schema\/logo\/image\/","url":"https:\/\/fashiongold.lt\/wp-content\/uploads\/2025\/04\/cropped-fashion_gold_logotipas2-scaled-1.png","contentUrl":"https:\/\/fashiongold.lt\/wp-content\/uploads\/2025\/04\/cropped-fashion_gold_logotipas2-scaled-1.png","width":2559,"height":421,"caption":"Topdiamonds Online"},"image":{"@id":"https:\/\/fashiongold.lt\/lv\/#\/schema\/logo\/image\/"}}]}},"_links":{"self":[{"href":"https:\/\/fashiongold.lt\/lv\/wp-json\/wp\/v2\/product\/286937","targetHints":{"allow":["GET"]}}],"collection":[{"href":"https:\/\/fashiongold.lt\/lv\/wp-json\/wp\/v2\/product"}],"about":[{"href":"https:\/\/fashiongold.lt\/lv\/wp-json\/wp\/v2\/types\/product"}],"version-history":[{"count":0,"href":"https:\/\/fashiongold.lt\/lv\/wp-json\/wp\/v2\/product\/286937\/revisions"}],"wp:featuredmedia":[{"embeddable":true,"href":"https:\/\/fashiongold.lt\/lv\/wp-json\/wp\/v2\/media\/36700"}],"wp:attachment":[{"href":"https:\/\/fashiongold.lt\/lv\/wp-json\/wp\/v2\/media?parent=286937"}],"wp:term":[{"taxonomy":"product_brand","embeddable":true,"href":"https:\/\/fashiongold.lt\/lv\/wp-json\/wp\/v2\/product_brand?post=286937"},{"taxonomy":"product_cat","embeddable":true,"href":"https:\/\/fashiongold.lt\/lv\/wp-json\/wp\/v2\/product_cat?post=286937"},{"taxonomy":"product_tag","embeddable":true,"href":"https:\/\/fashiongold.lt\/lv\/wp-json\/wp\/v2\/product_tag?post=286937"}],"curies":[{"name":"wp","href":"https:\/\/api.w.org\/{rel}","templated":true}]}}