{"id":287104,"date":"2025-10-09T19:31:24","date_gmt":"2025-10-09T19:31:24","guid":{"rendered":"https:\/\/fashiongold.lt\/papuosalas\/balta-zelta-dzivibas-gaisma-krustins-ar-mirdzosu-dimantu\/"},"modified":"2025-10-09T19:31:24","modified_gmt":"2025-10-09T19:31:24","slug":"balta-zelta-dzivibas-gaisma-krustins-ar-mirdzosu-dimantu","status":"publish","type":"product","link":"https:\/\/fashiongold.lt\/lv\/papuosalas\/balta-zelta-dzivibas-gaisma-krustins-ar-mirdzosu-dimantu\/","title":{"rendered":"Balt\u0101 zelta dz\u012bv\u012bbas gaisma: krusti\u0146\u0161 ar mirdzo\u0161u dimantu"},"content":{"rendered":"<p class=\"MsoNormal\" style=\"margin: 0cm; font-size: 12pt; font-family: 'Times New Roman', serif;\"><span style=\"background: #f7f7f8;\">Balt\u0101 zelta dz\u012bves gaisma: krusti\u0146\u0161 ar mirdzo\u0161u dimantu pied\u0101v\u0101 grezn\u012bbu un eleganci, kas izgaismo j\u016bsu ikdienu. \u0160is satrieco\u0161ais balt\u0101 zelta krusti\u0146\u0161 ar burv\u012bgu un mirdzo\u0161u dimantu ir \u012bsts akcents, kas modina gaismu un skaistumu. T\u0101 zelta mirdzums apvienojas ar dimanta spozmi, kas atspogu\u013co j\u016bsu person\u012bbas un stila kr\u0101sain\u012bbu. Lieliski piem\u0113rots ikdienas valk\u0101\u0161anai vai \u012bpa\u0161iem gad\u012bjumiem, \u0161is krusti\u0146\u0161 ar mirdzo\u0161u dimantu liks jums justies \u012bpa\u0161i un grezni. \u013baujiet balt\u0101 zelta dz\u012bves gaismai apgaismot j\u016bsu ce\u013cu un pie\u0161\u0137irt tam nep\u0101rsp\u0113jamu \u0161armu.<\/span><o:p><\/o:p><\/p>\n<p class=\"p1\" style=\"margin-right: 0cm; margin-left: 0cm; font-size: 12pt; font-family: 'Times New Roman', serif;\"><span lang=\"LT\">Kulona zelta p<\/span>rove 585.<o:p><\/o:p><\/p>\n<p class=\"p1\" style=\"margin-right: 0cm; margin-left: 0cm; font-size: 12pt; font-family: 'Times New Roman', serif;\"><span lang=\"LT\">Kulona s<\/span>vars <span lang=\"EN-US\">0,80<\/span><span lang=\"EN-US\"> <\/span>\u2013 <span lang=\"EN-US\">1,00<\/span> g,<o:p><\/o:p><\/p>\n<p class=\"p1\" style=\"margin-right: 0cm; margin-left: 0cm; font-size: 12pt; font-family: 'Times New Roman', serif;\"><span lang=\"EN-US\">Dimanta<\/span> svars 0,<span lang=\"EN-US\">0145<\/span> ct kr\u0101sa &#8211; H-I, dzidrums SI-PI1.<span class=\"apple-converted-space\">\u00a0<\/span><o:p><\/o:p><\/p>\n<p class=\"p1\" style=\"margin-right: 0cm; margin-left: 0cm; font-size: 12pt; font-family: 'Times New Roman', serif;\">Rotaslieta ir prov\u0113ta Lietuvas Proves biroj\u0101. Izgatavojam un pieg\u0101d\u0101jam 14 darba dienu laik\u0101.<o:p><\/o:p><\/p>\n","protected":false},"excerpt":{"rendered":"<p><span style=\"background-color: #f7f7f8; font-family: 'Times New Roman', serif; font-size: 16px;\">Balt\u0101 zelta dz\u012bves gaisma \u2013 tas ir simbols, kas aicina iesl\u0113gt j\u016bsu iek\u0161\u0113jo gaismu un unikalit\u0101ti.<\/span><\/p>\n","protected":false},"featured_media":61720,"template":"","meta":{"site-sidebar-layout":"","site-content-layout":"","ast-site-content-layout":"","site-content-style":"","site-sidebar-style":"","ast-global-header-display":"","ast-banner-title-visibility":"","ast-main-header-display":"","ast-hfb-above-header-display":"","ast-hfb-below-header-display":"","ast-hfb-mobile-header-display":"","site-post-title":"","ast-breadcrumbs-content":"","ast-featured-img":"","footer-sml-layout":"","ast-disable-related-posts":"","theme-transparent-header-meta":"","adv-header-id-meta":"","stick-header-meta":"","header-above-stick-meta":"","header-main-stick-meta":"","header-below-stick-meta":"","astra-migrate-meta-layouts":"default","ast-page-background-enabled":"default","ast-page-background-meta":{"desktop":{"background-color":"var(--ast-global-color-4)","background-image":"","background-repeat":"repeat","background-position":"center center","background-size":"auto","background-attachment":"scroll","background-type":"","background-media":"","overlay-type":"","overlay-color":"","overlay-opacity":"","overlay-gradient":""},"tablet":{"background-color":"","background-image":"","background-repeat":"repeat","background-position":"center center","background-size":"auto","background-attachment":"scroll","background-type":"","background-media":"","overlay-type":"","overlay-color":"","overlay-opacity":"","overlay-gradient":""},"mobile":{"background-color":"","background-image":"","background-repeat":"repeat","background-position":"center center","background-size":"auto","background-attachment":"scroll","background-type":"","background-media":"","overlay-type":"","overlay-color":"","overlay-opacity":"","overlay-gradient":""}},"ast-content-background-meta":{"desktop":{"background-color":"var(--ast-global-color-5)","background-image":"","background-repeat":"repeat","background-position":"center center","background-size":"auto","background-attachment":"scroll","background-type":"","background-media":"","overlay-type":"","overlay-color":"","overlay-opacity":"","overlay-gradient":""},"tablet":{"background-color":"var(--ast-global-color-5)","background-image":"","background-repeat":"repeat","background-position":"center center","background-size":"auto","background-attachment":"scroll","background-type":"","background-media":"","overlay-type":"","overlay-color":"","overlay-opacity":"","overlay-gradient":""},"mobile":{"background-color":"var(--ast-global-color-5)","background-image":"","background-repeat":"repeat","background-position":"center center","background-size":"auto","background-attachment":"scroll","background-type":"","background-media":"","overlay-type":"","overlay-color":"","overlay-opacity":"","overlay-gradient":""}}},"product_brand":[],"product_cat":[2919,2915,2921,2914,2917,3042,3401,3028],"product_tag":[],"class_list":{"0":"post-287104","1":"product","2":"type-product","3":"status-publish","4":"has-post-thumbnail","6":"product_cat-baltzelta-rotaslietas","7":"product_cat-davanas-berna-piedzimsanai","8":"product_cat-davanas-ipasiem-gadijumiem","9":"product_cat-davanas-sievietem","10":"product_cat-davanas-viriesiem","11":"product_cat-juvelierizstradajumi","12":"product_cat-kristibu-davanas","13":"product_cat-kuloni-ar-dimantiem","14":"desktop-align-center","15":"tablet-align-left","16":"mobile-align-left","17":"ast-product-gallery-layout-horizontal-slider","18":"ast-product-gallery-with-no-image","19":"ast-product-tabs-layout-accordion","20":"ast-qv-on-image","22":"first","23":"instock","24":"taxable","25":"shipping-taxable","26":"purchasable","27":"product-type-simple"},"yoast_head":"<!-- This site is optimized with the Yoast SEO plugin v26.6 - https:\/\/yoast.com\/wordpress\/plugins\/seo\/ -->\n<title>Balt\u0101 zelta dz\u012bv\u012bbas gaisma: krusti\u0146\u0161 ar mirdzo\u0161u dimantu - FashionGold.lt<\/title>\n<meta name=\"robots\" content=\"index, follow, max-snippet:-1, max-image-preview:large, max-video-preview:-1\" \/>\n<link rel=\"canonical\" href=\"https:\/\/fashiongold.lt\/lv\/papuosalas\/balta-zelta-dzivibas-gaisma-krustins-ar-mirdzosu-dimantu\/\" \/>\n<meta property=\"og:locale\" content=\"lv_LV\" \/>\n<meta property=\"og:type\" content=\"article\" \/>\n<meta property=\"og:title\" content=\"Balt\u0101 zelta dz\u012bv\u012bbas gaisma: krusti\u0146\u0161 ar mirdzo\u0161u dimantu - FashionGold.lt\" \/>\n<meta property=\"og:description\" content=\"Balt\u0101 zelta dz\u012bves gaisma \u2013 tas ir simbols, kas aicina iesl\u0113gt j\u016bsu iek\u0161\u0113jo gaismu un unikalit\u0101ti.\" \/>\n<meta property=\"og:url\" content=\"https:\/\/fashiongold.lt\/lv\/papuosalas\/balta-zelta-dzivibas-gaisma-krustins-ar-mirdzosu-dimantu\/\" \/>\n<meta property=\"og:site_name\" content=\"FashionGold.lt\" \/>\n<meta property=\"og:image\" content=\"https:\/\/fashiongold.lt\/wp-content\/uploads\/2025\/10\/2332-6a5-Auksinis-pakabukas-Kryzelis-08.webp\" \/>\n\t<meta property=\"og:image:width\" content=\"1000\" \/>\n\t<meta property=\"og:image:height\" content=\"1000\" \/>\n\t<meta property=\"og:image:type\" content=\"image\/jpeg\" \/>\n<meta name=\"twitter:card\" content=\"summary_large_image\" \/>\n<meta name=\"twitter:label1\" content=\"Est. reading time\" \/>\n\t<meta name=\"twitter:data1\" content=\"1 minute\" \/>\n<script type=\"application\/ld+json\" class=\"yoast-schema-graph\">{\"@context\":\"https:\/\/schema.org\",\"@graph\":[{\"@type\":\"WebPage\",\"@id\":\"https:\/\/fashiongold.lt\/lv\/papuosalas\/balta-zelta-dzivibas-gaisma-krustins-ar-mirdzosu-dimantu\/\",\"url\":\"https:\/\/fashiongold.lt\/lv\/papuosalas\/balta-zelta-dzivibas-gaisma-krustins-ar-mirdzosu-dimantu\/\",\"name\":\"Balt\u0101 zelta dz\u012bv\u012bbas gaisma: krusti\u0146\u0161 ar mirdzo\u0161u dimantu - FashionGold.lt\",\"isPartOf\":{\"@id\":\"https:\/\/fashiongold.lt\/lv\/#website\"},\"primaryImageOfPage\":{\"@id\":\"https:\/\/fashiongold.lt\/lv\/papuosalas\/balta-zelta-dzivibas-gaisma-krustins-ar-mirdzosu-dimantu\/#primaryimage\"},\"image\":{\"@id\":\"https:\/\/fashiongold.lt\/lv\/papuosalas\/balta-zelta-dzivibas-gaisma-krustins-ar-mirdzosu-dimantu\/#primaryimage\"},\"thumbnailUrl\":\"https:\/\/fashiongold.lt\/wp-content\/uploads\/2025\/10\/2332-6a5-Auksinis-pakabukas-Kryzelis-08.jpg\",\"datePublished\":\"2025-10-09T19:31:24+00:00\",\"breadcrumb\":{\"@id\":\"https:\/\/fashiongold.lt\/lv\/papuosalas\/balta-zelta-dzivibas-gaisma-krustins-ar-mirdzosu-dimantu\/#breadcrumb\"},\"inLanguage\":\"lv-LV\",\"potentialAction\":[{\"@type\":\"ReadAction\",\"target\":[\"https:\/\/fashiongold.lt\/lv\/papuosalas\/balta-zelta-dzivibas-gaisma-krustins-ar-mirdzosu-dimantu\/\"]}]},{\"@type\":\"ImageObject\",\"inLanguage\":\"lv-LV\",\"@id\":\"https:\/\/fashiongold.lt\/lv\/papuosalas\/balta-zelta-dzivibas-gaisma-krustins-ar-mirdzosu-dimantu\/#primaryimage\",\"url\":\"https:\/\/fashiongold.lt\/wp-content\/uploads\/2025\/10\/2332-6a5-Auksinis-pakabukas-Kryzelis-08.jpg\",\"contentUrl\":\"https:\/\/fashiongold.lt\/wp-content\/uploads\/2025\/10\/2332-6a5-Auksinis-pakabukas-Kryzelis-08.jpg\",\"width\":1000,\"height\":1000},{\"@type\":\"BreadcrumbList\",\"@id\":\"https:\/\/fashiongold.lt\/lv\/papuosalas\/balta-zelta-dzivibas-gaisma-krustins-ar-mirdzosu-dimantu\/#breadcrumb\",\"itemListElement\":[{\"@type\":\"ListItem\",\"position\":1,\"name\":\"Home\",\"item\":\"https:\/\/fashiongold.lt\/lv\/\"},{\"@type\":\"ListItem\",\"position\":2,\"name\":\"Dimantu veikals Fashiongold.lt\",\"item\":\"https:\/\/fashiongold.lt\/shop-2\/\"},{\"@type\":\"ListItem\",\"position\":3,\"name\":\"Balt\u0101 zelta dz\u012bv\u012bbas gaisma: krusti\u0146\u0161 ar mirdzo\u0161u dimantu\"}]},{\"@type\":\"WebSite\",\"@id\":\"https:\/\/fashiongold.lt\/lv\/#website\",\"url\":\"https:\/\/fashiongold.lt\/lv\/\",\"name\":\"Fashion Gold\",\"description\":\"Juvelyrikos namai\",\"publisher\":{\"@id\":\"https:\/\/fashiongold.lt\/lv\/#organization\"},\"potentialAction\":[{\"@type\":\"SearchAction\",\"target\":{\"@type\":\"EntryPoint\",\"urlTemplate\":\"https:\/\/fashiongold.lt\/lv\/?s={search_term_string}\"},\"query-input\":{\"@type\":\"PropertyValueSpecification\",\"valueRequired\":true,\"valueName\":\"search_term_string\"}}],\"inLanguage\":\"lv-LV\"},{\"@type\":\"Organization\",\"@id\":\"https:\/\/fashiongold.lt\/lv\/#organization\",\"name\":\"Topdiamonds Online\",\"url\":\"https:\/\/fashiongold.lt\/lv\/\",\"logo\":{\"@type\":\"ImageObject\",\"inLanguage\":\"lv-LV\",\"@id\":\"https:\/\/fashiongold.lt\/lv\/#\/schema\/logo\/image\/\",\"url\":\"https:\/\/fashiongold.lt\/wp-content\/uploads\/2025\/04\/cropped-fashion_gold_logotipas2-scaled-1.png\",\"contentUrl\":\"https:\/\/fashiongold.lt\/wp-content\/uploads\/2025\/04\/cropped-fashion_gold_logotipas2-scaled-1.png\",\"width\":2559,\"height\":421,\"caption\":\"Topdiamonds Online\"},\"image\":{\"@id\":\"https:\/\/fashiongold.lt\/lv\/#\/schema\/logo\/image\/\"}}]}<\/script>\n<!-- \/ Yoast SEO plugin. -->","yoast_head_json":{"title":"Balt\u0101 zelta dz\u012bv\u012bbas gaisma: krusti\u0146\u0161 ar mirdzo\u0161u dimantu - FashionGold.lt","robots":{"index":"index","follow":"follow","max-snippet":"max-snippet:-1","max-image-preview":"max-image-preview:large","max-video-preview":"max-video-preview:-1"},"canonical":"https:\/\/fashiongold.lt\/lv\/papuosalas\/balta-zelta-dzivibas-gaisma-krustins-ar-mirdzosu-dimantu\/","og_locale":"lv_LV","og_type":"article","og_title":"Balt\u0101 zelta dz\u012bv\u012bbas gaisma: krusti\u0146\u0161 ar mirdzo\u0161u dimantu - FashionGold.lt","og_description":"Balt\u0101 zelta dz\u012bves gaisma \u2013 tas ir simbols, kas aicina iesl\u0113gt j\u016bsu iek\u0161\u0113jo gaismu un unikalit\u0101ti.","og_url":"https:\/\/fashiongold.lt\/lv\/papuosalas\/balta-zelta-dzivibas-gaisma-krustins-ar-mirdzosu-dimantu\/","og_site_name":"FashionGold.lt","og_image":[{"width":1000,"height":1000,"url":"https:\/\/fashiongold.lt\/wp-content\/uploads\/2025\/10\/2332-6a5-Auksinis-pakabukas-Kryzelis-08.webp","type":"image\/jpeg"}],"twitter_card":"summary_large_image","twitter_misc":{"Est. reading time":"1 minute"},"schema":{"@context":"https:\/\/schema.org","@graph":[{"@type":"WebPage","@id":"https:\/\/fashiongold.lt\/lv\/papuosalas\/balta-zelta-dzivibas-gaisma-krustins-ar-mirdzosu-dimantu\/","url":"https:\/\/fashiongold.lt\/lv\/papuosalas\/balta-zelta-dzivibas-gaisma-krustins-ar-mirdzosu-dimantu\/","name":"Balt\u0101 zelta dz\u012bv\u012bbas gaisma: krusti\u0146\u0161 ar mirdzo\u0161u dimantu - FashionGold.lt","isPartOf":{"@id":"https:\/\/fashiongold.lt\/lv\/#website"},"primaryImageOfPage":{"@id":"https:\/\/fashiongold.lt\/lv\/papuosalas\/balta-zelta-dzivibas-gaisma-krustins-ar-mirdzosu-dimantu\/#primaryimage"},"image":{"@id":"https:\/\/fashiongold.lt\/lv\/papuosalas\/balta-zelta-dzivibas-gaisma-krustins-ar-mirdzosu-dimantu\/#primaryimage"},"thumbnailUrl":"https:\/\/fashiongold.lt\/wp-content\/uploads\/2025\/10\/2332-6a5-Auksinis-pakabukas-Kryzelis-08.jpg","datePublished":"2025-10-09T19:31:24+00:00","breadcrumb":{"@id":"https:\/\/fashiongold.lt\/lv\/papuosalas\/balta-zelta-dzivibas-gaisma-krustins-ar-mirdzosu-dimantu\/#breadcrumb"},"inLanguage":"lv-LV","potentialAction":[{"@type":"ReadAction","target":["https:\/\/fashiongold.lt\/lv\/papuosalas\/balta-zelta-dzivibas-gaisma-krustins-ar-mirdzosu-dimantu\/"]}]},{"@type":"ImageObject","inLanguage":"lv-LV","@id":"https:\/\/fashiongold.lt\/lv\/papuosalas\/balta-zelta-dzivibas-gaisma-krustins-ar-mirdzosu-dimantu\/#primaryimage","url":"https:\/\/fashiongold.lt\/wp-content\/uploads\/2025\/10\/2332-6a5-Auksinis-pakabukas-Kryzelis-08.jpg","contentUrl":"https:\/\/fashiongold.lt\/wp-content\/uploads\/2025\/10\/2332-6a5-Auksinis-pakabukas-Kryzelis-08.jpg","width":1000,"height":1000},{"@type":"BreadcrumbList","@id":"https:\/\/fashiongold.lt\/lv\/papuosalas\/balta-zelta-dzivibas-gaisma-krustins-ar-mirdzosu-dimantu\/#breadcrumb","itemListElement":[{"@type":"ListItem","position":1,"name":"Home","item":"https:\/\/fashiongold.lt\/lv\/"},{"@type":"ListItem","position":2,"name":"Dimantu veikals Fashiongold.lt","item":"https:\/\/fashiongold.lt\/shop-2\/"},{"@type":"ListItem","position":3,"name":"Balt\u0101 zelta dz\u012bv\u012bbas gaisma: krusti\u0146\u0161 ar mirdzo\u0161u dimantu"}]},{"@type":"WebSite","@id":"https:\/\/fashiongold.lt\/lv\/#website","url":"https:\/\/fashiongold.lt\/lv\/","name":"Fashion Gold","description":"Juvelyrikos namai","publisher":{"@id":"https:\/\/fashiongold.lt\/lv\/#organization"},"potentialAction":[{"@type":"SearchAction","target":{"@type":"EntryPoint","urlTemplate":"https:\/\/fashiongold.lt\/lv\/?s={search_term_string}"},"query-input":{"@type":"PropertyValueSpecification","valueRequired":true,"valueName":"search_term_string"}}],"inLanguage":"lv-LV"},{"@type":"Organization","@id":"https:\/\/fashiongold.lt\/lv\/#organization","name":"Topdiamonds Online","url":"https:\/\/fashiongold.lt\/lv\/","logo":{"@type":"ImageObject","inLanguage":"lv-LV","@id":"https:\/\/fashiongold.lt\/lv\/#\/schema\/logo\/image\/","url":"https:\/\/fashiongold.lt\/wp-content\/uploads\/2025\/04\/cropped-fashion_gold_logotipas2-scaled-1.png","contentUrl":"https:\/\/fashiongold.lt\/wp-content\/uploads\/2025\/04\/cropped-fashion_gold_logotipas2-scaled-1.png","width":2559,"height":421,"caption":"Topdiamonds Online"},"image":{"@id":"https:\/\/fashiongold.lt\/lv\/#\/schema\/logo\/image\/"}}]}},"_links":{"self":[{"href":"https:\/\/fashiongold.lt\/lv\/wp-json\/wp\/v2\/product\/287104","targetHints":{"allow":["GET"]}}],"collection":[{"href":"https:\/\/fashiongold.lt\/lv\/wp-json\/wp\/v2\/product"}],"about":[{"href":"https:\/\/fashiongold.lt\/lv\/wp-json\/wp\/v2\/types\/product"}],"version-history":[{"count":0,"href":"https:\/\/fashiongold.lt\/lv\/wp-json\/wp\/v2\/product\/287104\/revisions"}],"wp:featuredmedia":[{"embeddable":true,"href":"https:\/\/fashiongold.lt\/lv\/wp-json\/wp\/v2\/media\/61720"}],"wp:attachment":[{"href":"https:\/\/fashiongold.lt\/lv\/wp-json\/wp\/v2\/media?parent=287104"}],"wp:term":[{"taxonomy":"product_brand","embeddable":true,"href":"https:\/\/fashiongold.lt\/lv\/wp-json\/wp\/v2\/product_brand?post=287104"},{"taxonomy":"product_cat","embeddable":true,"href":"https:\/\/fashiongold.lt\/lv\/wp-json\/wp\/v2\/product_cat?post=287104"},{"taxonomy":"product_tag","embeddable":true,"href":"https:\/\/fashiongold.lt\/lv\/wp-json\/wp\/v2\/product_tag?post=287104"}],"curies":[{"name":"wp","href":"https:\/\/api.w.org\/{rel}","templated":true}]}}