{"id":287219,"date":"2025-10-09T19:30:55","date_gmt":"2025-10-09T19:30:55","guid":{"rendered":"https:\/\/fashiongold.lt\/papuosalas\/balta-zelta-auskari-ar-briljantiem-kvadratu\/"},"modified":"2025-10-09T19:30:55","modified_gmt":"2025-10-09T19:30:55","slug":"balta-zelta-auskari-ar-briljantiem-kvadratu","status":"publish","type":"product","link":"https:\/\/fashiongold.lt\/lv\/papuosalas\/balta-zelta-auskari-ar-briljantiem-kvadratu\/","title":{"rendered":"Balt\u0101 zelta auskari ar briljantiem \u201eKvadratu\u201d"},"content":{"rendered":"<p>Balt\u0101 zelta auskari ar briljantiem &#8211; kvadr\u0101ta formas, rot\u0101ti ar mirdzo\u0161iem dimantiem. Ekskluz\u012bva d\u0101vana \u012bpa\u0161iem gad\u012bjumiem: dzim\u0161anas dienai, Ziemassv\u0113tkiem, k\u0101z\u0101m, krist\u012bb\u0101m u.c. Radiet \u012bpa\u0161u mirkli ar \u0161iem ekskluz\u012bvajiem auskariem, kas apbur ar grezn\u012bbu un eleganci!<\/p>\n<p>Juvelierizstr\u0101d\u0101jumu nama &#8220;Fashion Gold&#8221; meistaru rad\u012bti ekskluz\u012bvi auskari no balt\u0101 zelta ar \u012bstiem briljantiem. Iespaid\u012bga rota, kas ir lieliska d\u0101vana krist\u012bb\u0101m, k\u0101z\u0101m, k\u0101zu gadadienai, dzim\u0161anas dienai, Valent\u012bna dienai vai citiem gad\u012bjumiem.<\/p>\n<p class=\"p1\">Svars 1,15-1,30 g,<\/p>\n<p class=\"p1\">Briljantu svars 0,16 ct kr\u0101sa &#8211; H-I, dzidrums SI-PI1<\/p>\n<p>Auskari tiek pieg\u0101d\u0101ti 14 d.d. laik\u0101.<\/p>\n","protected":false},"excerpt":{"rendered":"<p>Balt\u0101 zelta auskari ar briljantiem &#8211; kvadr\u0101ta formas ar mirdzo\u0161iem dimantiem. Ekskluz\u012bva d\u0101vana \u012bpa\u0161iem gad\u012bjumiem: dzim\u0161anas dienai, Ziemassv\u0113tkiem, k\u0101z\u0101m, krist\u012bb\u0101m u.c. Radiet \u012bpa\u0161u mirkli ar \u0161iem elegantajiem auskariem, kas apbur ar grezn\u012bbu un izsmalcin\u0101tu dizainu!<\/p>\n","protected":false},"featured_media":61422,"template":"","meta":{"site-sidebar-layout":"","site-content-layout":"","ast-site-content-layout":"","site-content-style":"","site-sidebar-style":"","ast-global-header-display":"","ast-banner-title-visibility":"","ast-main-header-display":"","ast-hfb-above-header-display":"","ast-hfb-below-header-display":"","ast-hfb-mobile-header-display":"","site-post-title":"","ast-breadcrumbs-content":"","ast-featured-img":"","footer-sml-layout":"","ast-disable-related-posts":"","theme-transparent-header-meta":"","adv-header-id-meta":"","stick-header-meta":"","header-above-stick-meta":"","header-main-stick-meta":"","header-below-stick-meta":"","astra-migrate-meta-layouts":"default","ast-page-background-enabled":"default","ast-page-background-meta":{"desktop":{"background-color":"var(--ast-global-color-4)","background-image":"","background-repeat":"repeat","background-position":"center center","background-size":"auto","background-attachment":"scroll","background-type":"","background-media":"","overlay-type":"","overlay-color":"","overlay-opacity":"","overlay-gradient":""},"tablet":{"background-color":"","background-image":"","background-repeat":"repeat","background-position":"center center","background-size":"auto","background-attachment":"scroll","background-type":"","background-media":"","overlay-type":"","overlay-color":"","overlay-opacity":"","overlay-gradient":""},"mobile":{"background-color":"","background-image":"","background-repeat":"repeat","background-position":"center center","background-size":"auto","background-attachment":"scroll","background-type":"","background-media":"","overlay-type":"","overlay-color":"","overlay-opacity":"","overlay-gradient":""}},"ast-content-background-meta":{"desktop":{"background-color":"var(--ast-global-color-5)","background-image":"","background-repeat":"repeat","background-position":"center center","background-size":"auto","background-attachment":"scroll","background-type":"","background-media":"","overlay-type":"","overlay-color":"","overlay-opacity":"","overlay-gradient":""},"tablet":{"background-color":"var(--ast-global-color-5)","background-image":"","background-repeat":"repeat","background-position":"center center","background-size":"auto","background-attachment":"scroll","background-type":"","background-media":"","overlay-type":"","overlay-color":"","overlay-opacity":"","overlay-gradient":""},"mobile":{"background-color":"var(--ast-global-color-5)","background-image":"","background-repeat":"repeat","background-position":"center center","background-size":"auto","background-attachment":"scroll","background-type":"","background-media":"","overlay-type":"","overlay-color":"","overlay-opacity":"","overlay-gradient":""}}},"product_brand":[],"product_cat":[2978,3405,2981,2919,3406,2915,2913,2921,2920,3403,2916,2914,3042,3401,2922,2936,2918],"product_tag":[],"class_list":{"0":"post-287219","1":"product","2":"type-product","3":"status-publish","4":"has-post-thumbnail","6":"product_cat-auskari-ar-dimantiem","7":"product_cat-auskari-meitenem-bernu-auskari","8":"product_cat-auskari-naglinas","9":"product_cat-baltzelta-rotaslietas","10":"product_cat-davana-pirmaja-komunija","11":"product_cat-davanas-berna-piedzimsanai","12":"product_cat-davanas-dzimsanas-diena","13":"product_cat-davanas-ipasiem-gadijumiem","14":"product_cat-davanas-izlaidumam","15":"product_cat-davanas-kazam","16":"product_cat-davanas-kazu-gadadiena","17":"product_cat-davanas-sievietem","18":"product_cat-juvelierizstradajumi","19":"product_cat-kristibu-davanas","20":"product_cat-mates-dienas-davanas","21":"product_cat-valentindienas-davanas","22":"product_cat-ziemassvetku-davanas","23":"desktop-align-center","24":"tablet-align-left","25":"mobile-align-left","26":"ast-product-gallery-layout-horizontal-slider","27":"ast-product-gallery-with-no-image","28":"ast-product-tabs-layout-accordion","29":"ast-qv-on-image","31":"first","32":"instock","33":"taxable","34":"shipping-taxable","35":"purchasable","36":"product-type-simple"},"yoast_head":"<!-- This site is optimized with the Yoast SEO plugin v26.6 - https:\/\/yoast.com\/wordpress\/plugins\/seo\/ -->\n<title>Balt\u0101 zelta auskari ar briljantiem \u201eKvadratu\u201d - FashionGold.lt<\/title>\n<meta name=\"robots\" content=\"index, follow, max-snippet:-1, max-image-preview:large, max-video-preview:-1\" \/>\n<link rel=\"canonical\" href=\"https:\/\/fashiongold.lt\/lv\/papuosalas\/balta-zelta-auskari-ar-briljantiem-kvadratu\/\" \/>\n<meta property=\"og:locale\" content=\"lv_LV\" \/>\n<meta property=\"og:type\" content=\"article\" \/>\n<meta property=\"og:title\" content=\"Balt\u0101 zelta auskari ar briljantiem \u201eKvadratu\u201d - FashionGold.lt\" \/>\n<meta property=\"og:description\" content=\"Balt\u0101 zelta auskari ar briljantiem - kvadr\u0101ta formas ar mirdzo\u0161iem dimantiem. Ekskluz\u012bva d\u0101vana \u012bpa\u0161iem gad\u012bjumiem: dzim\u0161anas dienai, Ziemassv\u0113tkiem, k\u0101z\u0101m, krist\u012bb\u0101m u.c. Radiet \u012bpa\u0161u mirkli ar \u0161iem elegantajiem auskariem, kas apbur ar grezn\u012bbu un izsmalcin\u0101tu dizainu!\" \/>\n<meta property=\"og:url\" content=\"https:\/\/fashiongold.lt\/lv\/papuosalas\/balta-zelta-auskari-ar-briljantiem-kvadratu\/\" \/>\n<meta property=\"og:site_name\" content=\"FashionGold.lt\" \/>\n<meta property=\"og:image\" content=\"https:\/\/fashiongold.lt\/wp-content\/uploads\/2025\/10\/2286-b61-Balto-aukso-auskarai-su-briliantais-Kvadratu.webp\" \/>\n\t<meta property=\"og:image:width\" content=\"1000\" \/>\n\t<meta property=\"og:image:height\" content=\"1000\" \/>\n\t<meta property=\"og:image:type\" content=\"image\/jpeg\" \/>\n<meta name=\"twitter:card\" content=\"summary_large_image\" \/>\n<meta name=\"twitter:label1\" content=\"Est. reading time\" \/>\n\t<meta name=\"twitter:data1\" content=\"1 minute\" \/>\n<script type=\"application\/ld+json\" class=\"yoast-schema-graph\">{\"@context\":\"https:\/\/schema.org\",\"@graph\":[{\"@type\":\"WebPage\",\"@id\":\"https:\/\/fashiongold.lt\/lv\/papuosalas\/balta-zelta-auskari-ar-briljantiem-kvadratu\/\",\"url\":\"https:\/\/fashiongold.lt\/lv\/papuosalas\/balta-zelta-auskari-ar-briljantiem-kvadratu\/\",\"name\":\"Balt\u0101 zelta auskari ar briljantiem \u201eKvadratu\u201d - FashionGold.lt\",\"isPartOf\":{\"@id\":\"https:\/\/fashiongold.lt\/lv\/#website\"},\"primaryImageOfPage\":{\"@id\":\"https:\/\/fashiongold.lt\/lv\/papuosalas\/balta-zelta-auskari-ar-briljantiem-kvadratu\/#primaryimage\"},\"image\":{\"@id\":\"https:\/\/fashiongold.lt\/lv\/papuosalas\/balta-zelta-auskari-ar-briljantiem-kvadratu\/#primaryimage\"},\"thumbnailUrl\":\"https:\/\/fashiongold.lt\/wp-content\/uploads\/2025\/10\/2286-b61-Balto-aukso-auskarai-su-briliantais-Kvadratu.jpg\",\"datePublished\":\"2025-10-09T19:30:55+00:00\",\"breadcrumb\":{\"@id\":\"https:\/\/fashiongold.lt\/lv\/papuosalas\/balta-zelta-auskari-ar-briljantiem-kvadratu\/#breadcrumb\"},\"inLanguage\":\"lv-LV\",\"potentialAction\":[{\"@type\":\"ReadAction\",\"target\":[\"https:\/\/fashiongold.lt\/lv\/papuosalas\/balta-zelta-auskari-ar-briljantiem-kvadratu\/\"]}]},{\"@type\":\"ImageObject\",\"inLanguage\":\"lv-LV\",\"@id\":\"https:\/\/fashiongold.lt\/lv\/papuosalas\/balta-zelta-auskari-ar-briljantiem-kvadratu\/#primaryimage\",\"url\":\"https:\/\/fashiongold.lt\/wp-content\/uploads\/2025\/10\/2286-b61-Balto-aukso-auskarai-su-briliantais-Kvadratu.jpg\",\"contentUrl\":\"https:\/\/fashiongold.lt\/wp-content\/uploads\/2025\/10\/2286-b61-Balto-aukso-auskarai-su-briliantais-Kvadratu.jpg\",\"width\":1000,\"height\":1000},{\"@type\":\"BreadcrumbList\",\"@id\":\"https:\/\/fashiongold.lt\/lv\/papuosalas\/balta-zelta-auskari-ar-briljantiem-kvadratu\/#breadcrumb\",\"itemListElement\":[{\"@type\":\"ListItem\",\"position\":1,\"name\":\"Home\",\"item\":\"https:\/\/fashiongold.lt\/lv\/\"},{\"@type\":\"ListItem\",\"position\":2,\"name\":\"Dimantu veikals Fashiongold.lt\",\"item\":\"https:\/\/fashiongold.lt\/shop-2\/\"},{\"@type\":\"ListItem\",\"position\":3,\"name\":\"Balt\u0101 zelta auskari ar briljantiem \u201eKvadratu\u201d\"}]},{\"@type\":\"WebSite\",\"@id\":\"https:\/\/fashiongold.lt\/lv\/#website\",\"url\":\"https:\/\/fashiongold.lt\/lv\/\",\"name\":\"Fashion Gold\",\"description\":\"Juvelyrikos namai\",\"publisher\":{\"@id\":\"https:\/\/fashiongold.lt\/lv\/#organization\"},\"potentialAction\":[{\"@type\":\"SearchAction\",\"target\":{\"@type\":\"EntryPoint\",\"urlTemplate\":\"https:\/\/fashiongold.lt\/lv\/?s={search_term_string}\"},\"query-input\":{\"@type\":\"PropertyValueSpecification\",\"valueRequired\":true,\"valueName\":\"search_term_string\"}}],\"inLanguage\":\"lv-LV\"},{\"@type\":\"Organization\",\"@id\":\"https:\/\/fashiongold.lt\/lv\/#organization\",\"name\":\"Topdiamonds Online\",\"url\":\"https:\/\/fashiongold.lt\/lv\/\",\"logo\":{\"@type\":\"ImageObject\",\"inLanguage\":\"lv-LV\",\"@id\":\"https:\/\/fashiongold.lt\/lv\/#\/schema\/logo\/image\/\",\"url\":\"https:\/\/fashiongold.lt\/wp-content\/uploads\/2025\/04\/cropped-fashion_gold_logotipas2-scaled-1.png\",\"contentUrl\":\"https:\/\/fashiongold.lt\/wp-content\/uploads\/2025\/04\/cropped-fashion_gold_logotipas2-scaled-1.png\",\"width\":2559,\"height\":421,\"caption\":\"Topdiamonds Online\"},\"image\":{\"@id\":\"https:\/\/fashiongold.lt\/lv\/#\/schema\/logo\/image\/\"}}]}<\/script>\n<!-- \/ Yoast SEO plugin. -->","yoast_head_json":{"title":"Balt\u0101 zelta auskari ar briljantiem \u201eKvadratu\u201d - FashionGold.lt","robots":{"index":"index","follow":"follow","max-snippet":"max-snippet:-1","max-image-preview":"max-image-preview:large","max-video-preview":"max-video-preview:-1"},"canonical":"https:\/\/fashiongold.lt\/lv\/papuosalas\/balta-zelta-auskari-ar-briljantiem-kvadratu\/","og_locale":"lv_LV","og_type":"article","og_title":"Balt\u0101 zelta auskari ar briljantiem \u201eKvadratu\u201d - FashionGold.lt","og_description":"Balt\u0101 zelta auskari ar briljantiem - kvadr\u0101ta formas ar mirdzo\u0161iem dimantiem. Ekskluz\u012bva d\u0101vana \u012bpa\u0161iem gad\u012bjumiem: dzim\u0161anas dienai, Ziemassv\u0113tkiem, k\u0101z\u0101m, krist\u012bb\u0101m u.c. Radiet \u012bpa\u0161u mirkli ar \u0161iem elegantajiem auskariem, kas apbur ar grezn\u012bbu un izsmalcin\u0101tu dizainu!","og_url":"https:\/\/fashiongold.lt\/lv\/papuosalas\/balta-zelta-auskari-ar-briljantiem-kvadratu\/","og_site_name":"FashionGold.lt","og_image":[{"width":1000,"height":1000,"url":"https:\/\/fashiongold.lt\/wp-content\/uploads\/2025\/10\/2286-b61-Balto-aukso-auskarai-su-briliantais-Kvadratu.webp","type":"image\/jpeg"}],"twitter_card":"summary_large_image","twitter_misc":{"Est. reading time":"1 minute"},"schema":{"@context":"https:\/\/schema.org","@graph":[{"@type":"WebPage","@id":"https:\/\/fashiongold.lt\/lv\/papuosalas\/balta-zelta-auskari-ar-briljantiem-kvadratu\/","url":"https:\/\/fashiongold.lt\/lv\/papuosalas\/balta-zelta-auskari-ar-briljantiem-kvadratu\/","name":"Balt\u0101 zelta auskari ar briljantiem \u201eKvadratu\u201d - FashionGold.lt","isPartOf":{"@id":"https:\/\/fashiongold.lt\/lv\/#website"},"primaryImageOfPage":{"@id":"https:\/\/fashiongold.lt\/lv\/papuosalas\/balta-zelta-auskari-ar-briljantiem-kvadratu\/#primaryimage"},"image":{"@id":"https:\/\/fashiongold.lt\/lv\/papuosalas\/balta-zelta-auskari-ar-briljantiem-kvadratu\/#primaryimage"},"thumbnailUrl":"https:\/\/fashiongold.lt\/wp-content\/uploads\/2025\/10\/2286-b61-Balto-aukso-auskarai-su-briliantais-Kvadratu.jpg","datePublished":"2025-10-09T19:30:55+00:00","breadcrumb":{"@id":"https:\/\/fashiongold.lt\/lv\/papuosalas\/balta-zelta-auskari-ar-briljantiem-kvadratu\/#breadcrumb"},"inLanguage":"lv-LV","potentialAction":[{"@type":"ReadAction","target":["https:\/\/fashiongold.lt\/lv\/papuosalas\/balta-zelta-auskari-ar-briljantiem-kvadratu\/"]}]},{"@type":"ImageObject","inLanguage":"lv-LV","@id":"https:\/\/fashiongold.lt\/lv\/papuosalas\/balta-zelta-auskari-ar-briljantiem-kvadratu\/#primaryimage","url":"https:\/\/fashiongold.lt\/wp-content\/uploads\/2025\/10\/2286-b61-Balto-aukso-auskarai-su-briliantais-Kvadratu.jpg","contentUrl":"https:\/\/fashiongold.lt\/wp-content\/uploads\/2025\/10\/2286-b61-Balto-aukso-auskarai-su-briliantais-Kvadratu.jpg","width":1000,"height":1000},{"@type":"BreadcrumbList","@id":"https:\/\/fashiongold.lt\/lv\/papuosalas\/balta-zelta-auskari-ar-briljantiem-kvadratu\/#breadcrumb","itemListElement":[{"@type":"ListItem","position":1,"name":"Home","item":"https:\/\/fashiongold.lt\/lv\/"},{"@type":"ListItem","position":2,"name":"Dimantu veikals Fashiongold.lt","item":"https:\/\/fashiongold.lt\/shop-2\/"},{"@type":"ListItem","position":3,"name":"Balt\u0101 zelta auskari ar briljantiem \u201eKvadratu\u201d"}]},{"@type":"WebSite","@id":"https:\/\/fashiongold.lt\/lv\/#website","url":"https:\/\/fashiongold.lt\/lv\/","name":"Fashion Gold","description":"Juvelyrikos namai","publisher":{"@id":"https:\/\/fashiongold.lt\/lv\/#organization"},"potentialAction":[{"@type":"SearchAction","target":{"@type":"EntryPoint","urlTemplate":"https:\/\/fashiongold.lt\/lv\/?s={search_term_string}"},"query-input":{"@type":"PropertyValueSpecification","valueRequired":true,"valueName":"search_term_string"}}],"inLanguage":"lv-LV"},{"@type":"Organization","@id":"https:\/\/fashiongold.lt\/lv\/#organization","name":"Topdiamonds Online","url":"https:\/\/fashiongold.lt\/lv\/","logo":{"@type":"ImageObject","inLanguage":"lv-LV","@id":"https:\/\/fashiongold.lt\/lv\/#\/schema\/logo\/image\/","url":"https:\/\/fashiongold.lt\/wp-content\/uploads\/2025\/04\/cropped-fashion_gold_logotipas2-scaled-1.png","contentUrl":"https:\/\/fashiongold.lt\/wp-content\/uploads\/2025\/04\/cropped-fashion_gold_logotipas2-scaled-1.png","width":2559,"height":421,"caption":"Topdiamonds Online"},"image":{"@id":"https:\/\/fashiongold.lt\/lv\/#\/schema\/logo\/image\/"}}]}},"_links":{"self":[{"href":"https:\/\/fashiongold.lt\/lv\/wp-json\/wp\/v2\/product\/287219","targetHints":{"allow":["GET"]}}],"collection":[{"href":"https:\/\/fashiongold.lt\/lv\/wp-json\/wp\/v2\/product"}],"about":[{"href":"https:\/\/fashiongold.lt\/lv\/wp-json\/wp\/v2\/types\/product"}],"version-history":[{"count":0,"href":"https:\/\/fashiongold.lt\/lv\/wp-json\/wp\/v2\/product\/287219\/revisions"}],"wp:featuredmedia":[{"embeddable":true,"href":"https:\/\/fashiongold.lt\/lv\/wp-json\/wp\/v2\/media\/61422"}],"wp:attachment":[{"href":"https:\/\/fashiongold.lt\/lv\/wp-json\/wp\/v2\/media?parent=287219"}],"wp:term":[{"taxonomy":"product_brand","embeddable":true,"href":"https:\/\/fashiongold.lt\/lv\/wp-json\/wp\/v2\/product_brand?post=287219"},{"taxonomy":"product_cat","embeddable":true,"href":"https:\/\/fashiongold.lt\/lv\/wp-json\/wp\/v2\/product_cat?post=287219"},{"taxonomy":"product_tag","embeddable":true,"href":"https:\/\/fashiongold.lt\/lv\/wp-json\/wp\/v2\/product_tag?post=287219"}],"curies":[{"name":"wp","href":"https:\/\/api.w.org\/{rel}","templated":true}]}}