{"id":287234,"date":"2025-10-09T19:30:29","date_gmt":"2025-10-09T19:30:29","guid":{"rendered":"https:\/\/fashiongold.lt\/papuosalas\/laimes-abolins-dzeltena-zelta-auskari-ar-briljantiem\/"},"modified":"2025-10-09T19:30:29","modified_gmt":"2025-10-09T19:30:29","slug":"laimes-abolins-dzeltena-zelta-auskari-ar-briljantiem","status":"publish","type":"product","link":"https:\/\/fashiongold.lt\/lv\/papuosalas\/laimes-abolins-dzeltena-zelta-auskari-ar-briljantiem\/","title":{"rendered":"Laimes \u0101boli\u0146\u0161 \u2013 dzelten\u0101 zelta auskari ar briljantiem"},"content":{"rendered":"<p>\u0100boli\u0146a ma\u0123ija \u2013 dzelten\u0101 zelta auskari ar briljantiem. Katra lapi\u0146a simboliz\u0113 tic\u012bbu, cer\u012bbu, m\u012blest\u012bbu un veiksmi. \u010cetras lapi\u0146as, \u010detri briljanti \u2013 unik\u0101ls dizains un sp\u0113c\u012bga simboliska noz\u012bme. Ide\u0101la d\u0101vana \u012bpa\u0161iem gad\u012bjumiem.<\/p>\n<p>Juvelierizstr\u0101d\u0101jumu nama \u201eFashion Gold&#8221; meistaru rad\u012bti ekskluz\u012bvi dzelten\u0101 zelta auskari ar \u012bstiem briljantiem. Iespaid\u012bga rota, kas ir lieliska d\u0101vana krist\u012bb\u0101s, k\u0101z\u0101s, k\u0101zu gadadien\u0101, dzim\u0161anas dien\u0101, Valent\u012bndien\u0101 vai citos sv\u0113tkos.<\/p>\n<p class=\"p1\">Svars 1,00\u20131,20 g,<\/p>\n<p><span>Baltais zelts 585. prove<\/span><\/p>\n<p>Briljanti\u00a0<span>0,04 ct,\u00a0kr\u0101sa \u2013 H-I, dzidrums SI-PI1<\/span><\/p>\n<p>Auskari tiek pieg\u0101d\u0101ti 14 darba dienu laik\u0101.<\/p>\n","protected":false},"excerpt":{"rendered":"<p>\u0100boli\u0146a veiksmes ma\u0123ija &#8211; dzelten\u0101 zelta auskari ar briljantiem. Katra lapi\u0146a &#8211; tic\u012bba, cer\u012bba, m\u012blest\u012bba, veiksme. \u010cetras lapi\u0146as, \u010detri briljanti &#8211; unik\u0101ls dizains, sp\u0113c\u012bga noz\u012bme. Ide\u0101la d\u0101vana \u012bpa\u0161iem mirk\u013ciem.<\/p>\n","protected":false},"featured_media":61383,"template":"","meta":{"site-sidebar-layout":"","site-content-layout":"","ast-site-content-layout":"","site-content-style":"","site-sidebar-style":"","ast-global-header-display":"","ast-banner-title-visibility":"","ast-main-header-display":"","ast-hfb-above-header-display":"","ast-hfb-below-header-display":"","ast-hfb-mobile-header-display":"","site-post-title":"","ast-breadcrumbs-content":"","ast-featured-img":"","footer-sml-layout":"","ast-disable-related-posts":"","theme-transparent-header-meta":"","adv-header-id-meta":"","stick-header-meta":"","header-above-stick-meta":"","header-main-stick-meta":"","header-below-stick-meta":"","astra-migrate-meta-layouts":"default","ast-page-background-enabled":"default","ast-page-background-meta":{"desktop":{"background-color":"var(--ast-global-color-4)","background-image":"","background-repeat":"repeat","background-position":"center center","background-size":"auto","background-attachment":"scroll","background-type":"","background-media":"","overlay-type":"","overlay-color":"","overlay-opacity":"","overlay-gradient":""},"tablet":{"background-color":"","background-image":"","background-repeat":"repeat","background-position":"center center","background-size":"auto","background-attachment":"scroll","background-type":"","background-media":"","overlay-type":"","overlay-color":"","overlay-opacity":"","overlay-gradient":""},"mobile":{"background-color":"","background-image":"","background-repeat":"repeat","background-position":"center center","background-size":"auto","background-attachment":"scroll","background-type":"","background-media":"","overlay-type":"","overlay-color":"","overlay-opacity":"","overlay-gradient":""}},"ast-content-background-meta":{"desktop":{"background-color":"var(--ast-global-color-5)","background-image":"","background-repeat":"repeat","background-position":"center center","background-size":"auto","background-attachment":"scroll","background-type":"","background-media":"","overlay-type":"","overlay-color":"","overlay-opacity":"","overlay-gradient":""},"tablet":{"background-color":"var(--ast-global-color-5)","background-image":"","background-repeat":"repeat","background-position":"center center","background-size":"auto","background-attachment":"scroll","background-type":"","background-media":"","overlay-type":"","overlay-color":"","overlay-opacity":"","overlay-gradient":""},"mobile":{"background-color":"var(--ast-global-color-5)","background-image":"","background-repeat":"repeat","background-position":"center center","background-size":"auto","background-attachment":"scroll","background-type":"","background-media":"","overlay-type":"","overlay-color":"","overlay-opacity":"","overlay-gradient":""}}},"product_brand":[],"product_cat":[2978,3405,2981,3406,2915,2913,2921,2920,3403,2916,2914,2923,3042,3401,2922,2936,2918],"product_tag":[],"class_list":{"0":"post-287234","1":"product","2":"type-product","3":"status-publish","4":"has-post-thumbnail","6":"product_cat-auskari-ar-dimantiem","7":"product_cat-auskari-meitenem-bernu-auskari","8":"product_cat-auskari-naglinas","9":"product_cat-davana-pirmaja-komunija","10":"product_cat-davanas-berna-piedzimsanai","11":"product_cat-davanas-dzimsanas-diena","12":"product_cat-davanas-ipasiem-gadijumiem","13":"product_cat-davanas-izlaidumam","14":"product_cat-davanas-kazam","15":"product_cat-davanas-kazu-gadadiena","16":"product_cat-davanas-sievietem","17":"product_cat-dzeltena-zelta-juvelierizstradajumi","18":"product_cat-juvelierizstradajumi","19":"product_cat-kristibu-davanas","20":"product_cat-mates-dienas-davanas","21":"product_cat-valentindienas-davanas","22":"product_cat-ziemassvetku-davanas","23":"desktop-align-center","24":"tablet-align-left","25":"mobile-align-left","26":"ast-product-gallery-layout-horizontal-slider","27":"ast-product-gallery-with-no-image","28":"ast-product-tabs-layout-accordion","29":"ast-qv-on-image","31":"first","32":"instock","33":"taxable","34":"shipping-taxable","35":"purchasable","36":"product-type-simple"},"yoast_head":"<!-- This site is optimized with the Yoast SEO plugin v26.6 - https:\/\/yoast.com\/wordpress\/plugins\/seo\/ -->\n<title>Laimes \u0101boli\u0146\u0161 \u2013 dzelten\u0101 zelta auskari ar briljantiem - FashionGold.lt<\/title>\n<meta name=\"robots\" content=\"index, follow, max-snippet:-1, max-image-preview:large, max-video-preview:-1\" \/>\n<link rel=\"canonical\" href=\"https:\/\/fashiongold.lt\/lv\/papuosalas\/laimes-abolins-dzeltena-zelta-auskari-ar-briljantiem\/\" \/>\n<meta property=\"og:locale\" content=\"lv_LV\" \/>\n<meta property=\"og:type\" content=\"article\" \/>\n<meta property=\"og:title\" content=\"Laimes \u0101boli\u0146\u0161 \u2013 dzelten\u0101 zelta auskari ar briljantiem - FashionGold.lt\" \/>\n<meta property=\"og:description\" content=\"\u0100boli\u0146a veiksmes ma\u0123ija - dzelten\u0101 zelta auskari ar briljantiem. Katra lapi\u0146a - tic\u012bba, cer\u012bba, m\u012blest\u012bba, veiksme. \u010cetras lapi\u0146as, \u010detri briljanti - unik\u0101ls dizains, sp\u0113c\u012bga noz\u012bme. Ide\u0101la d\u0101vana \u012bpa\u0161iem mirk\u013ciem.\" \/>\n<meta property=\"og:url\" content=\"https:\/\/fashiongold.lt\/lv\/papuosalas\/laimes-abolins-dzeltena-zelta-auskari-ar-briljantiem\/\" \/>\n<meta property=\"og:site_name\" content=\"FashionGold.lt\" \/>\n<meta property=\"og:image\" content=\"https:\/\/fashiongold.lt\/wp-content\/uploads\/2025\/10\/2280-344-Geltono-aukso-auskarai-su-briliantais-Laimes-dobilas.webp\" \/>\n\t<meta property=\"og:image:width\" content=\"1000\" \/>\n\t<meta property=\"og:image:height\" content=\"1000\" \/>\n\t<meta property=\"og:image:type\" content=\"image\/jpeg\" \/>\n<meta name=\"twitter:card\" content=\"summary_large_image\" \/>\n<meta name=\"twitter:label1\" content=\"Est. reading time\" \/>\n\t<meta name=\"twitter:data1\" content=\"1 minute\" \/>\n<script type=\"application\/ld+json\" class=\"yoast-schema-graph\">{\"@context\":\"https:\/\/schema.org\",\"@graph\":[{\"@type\":\"WebPage\",\"@id\":\"https:\/\/fashiongold.lt\/lv\/papuosalas\/laimes-abolins-dzeltena-zelta-auskari-ar-briljantiem\/\",\"url\":\"https:\/\/fashiongold.lt\/lv\/papuosalas\/laimes-abolins-dzeltena-zelta-auskari-ar-briljantiem\/\",\"name\":\"Laimes \u0101boli\u0146\u0161 \u2013 dzelten\u0101 zelta auskari ar briljantiem - FashionGold.lt\",\"isPartOf\":{\"@id\":\"https:\/\/fashiongold.lt\/lv\/#website\"},\"primaryImageOfPage\":{\"@id\":\"https:\/\/fashiongold.lt\/lv\/papuosalas\/laimes-abolins-dzeltena-zelta-auskari-ar-briljantiem\/#primaryimage\"},\"image\":{\"@id\":\"https:\/\/fashiongold.lt\/lv\/papuosalas\/laimes-abolins-dzeltena-zelta-auskari-ar-briljantiem\/#primaryimage\"},\"thumbnailUrl\":\"https:\/\/fashiongold.lt\/wp-content\/uploads\/2025\/10\/2280-344-Geltono-aukso-auskarai-su-briliantais-Laimes-dobilas.jpg\",\"datePublished\":\"2025-10-09T19:30:29+00:00\",\"breadcrumb\":{\"@id\":\"https:\/\/fashiongold.lt\/lv\/papuosalas\/laimes-abolins-dzeltena-zelta-auskari-ar-briljantiem\/#breadcrumb\"},\"inLanguage\":\"lv-LV\",\"potentialAction\":[{\"@type\":\"ReadAction\",\"target\":[\"https:\/\/fashiongold.lt\/lv\/papuosalas\/laimes-abolins-dzeltena-zelta-auskari-ar-briljantiem\/\"]}]},{\"@type\":\"ImageObject\",\"inLanguage\":\"lv-LV\",\"@id\":\"https:\/\/fashiongold.lt\/lv\/papuosalas\/laimes-abolins-dzeltena-zelta-auskari-ar-briljantiem\/#primaryimage\",\"url\":\"https:\/\/fashiongold.lt\/wp-content\/uploads\/2025\/10\/2280-344-Geltono-aukso-auskarai-su-briliantais-Laimes-dobilas.jpg\",\"contentUrl\":\"https:\/\/fashiongold.lt\/wp-content\/uploads\/2025\/10\/2280-344-Geltono-aukso-auskarai-su-briliantais-Laimes-dobilas.jpg\",\"width\":1000,\"height\":1000},{\"@type\":\"BreadcrumbList\",\"@id\":\"https:\/\/fashiongold.lt\/lv\/papuosalas\/laimes-abolins-dzeltena-zelta-auskari-ar-briljantiem\/#breadcrumb\",\"itemListElement\":[{\"@type\":\"ListItem\",\"position\":1,\"name\":\"Home\",\"item\":\"https:\/\/fashiongold.lt\/lv\/\"},{\"@type\":\"ListItem\",\"position\":2,\"name\":\"Dimantu veikals Fashiongold.lt\",\"item\":\"https:\/\/fashiongold.lt\/shop-2\/\"},{\"@type\":\"ListItem\",\"position\":3,\"name\":\"Laimes \u0101boli\u0146\u0161 \u2013 dzelten\u0101 zelta auskari ar briljantiem\"}]},{\"@type\":\"WebSite\",\"@id\":\"https:\/\/fashiongold.lt\/lv\/#website\",\"url\":\"https:\/\/fashiongold.lt\/lv\/\",\"name\":\"Fashion Gold\",\"description\":\"Juvelyrikos namai\",\"publisher\":{\"@id\":\"https:\/\/fashiongold.lt\/lv\/#organization\"},\"potentialAction\":[{\"@type\":\"SearchAction\",\"target\":{\"@type\":\"EntryPoint\",\"urlTemplate\":\"https:\/\/fashiongold.lt\/lv\/?s={search_term_string}\"},\"query-input\":{\"@type\":\"PropertyValueSpecification\",\"valueRequired\":true,\"valueName\":\"search_term_string\"}}],\"inLanguage\":\"lv-LV\"},{\"@type\":\"Organization\",\"@id\":\"https:\/\/fashiongold.lt\/lv\/#organization\",\"name\":\"Topdiamonds Online\",\"url\":\"https:\/\/fashiongold.lt\/lv\/\",\"logo\":{\"@type\":\"ImageObject\",\"inLanguage\":\"lv-LV\",\"@id\":\"https:\/\/fashiongold.lt\/lv\/#\/schema\/logo\/image\/\",\"url\":\"https:\/\/fashiongold.lt\/wp-content\/uploads\/2025\/04\/cropped-fashion_gold_logotipas2-scaled-1.png\",\"contentUrl\":\"https:\/\/fashiongold.lt\/wp-content\/uploads\/2025\/04\/cropped-fashion_gold_logotipas2-scaled-1.png\",\"width\":2559,\"height\":421,\"caption\":\"Topdiamonds Online\"},\"image\":{\"@id\":\"https:\/\/fashiongold.lt\/lv\/#\/schema\/logo\/image\/\"}}]}<\/script>\n<!-- \/ Yoast SEO plugin. -->","yoast_head_json":{"title":"Laimes \u0101boli\u0146\u0161 \u2013 dzelten\u0101 zelta auskari ar briljantiem - FashionGold.lt","robots":{"index":"index","follow":"follow","max-snippet":"max-snippet:-1","max-image-preview":"max-image-preview:large","max-video-preview":"max-video-preview:-1"},"canonical":"https:\/\/fashiongold.lt\/lv\/papuosalas\/laimes-abolins-dzeltena-zelta-auskari-ar-briljantiem\/","og_locale":"lv_LV","og_type":"article","og_title":"Laimes \u0101boli\u0146\u0161 \u2013 dzelten\u0101 zelta auskari ar briljantiem - FashionGold.lt","og_description":"\u0100boli\u0146a veiksmes ma\u0123ija - dzelten\u0101 zelta auskari ar briljantiem. Katra lapi\u0146a - tic\u012bba, cer\u012bba, m\u012blest\u012bba, veiksme. \u010cetras lapi\u0146as, \u010detri briljanti - unik\u0101ls dizains, sp\u0113c\u012bga noz\u012bme. Ide\u0101la d\u0101vana \u012bpa\u0161iem mirk\u013ciem.","og_url":"https:\/\/fashiongold.lt\/lv\/papuosalas\/laimes-abolins-dzeltena-zelta-auskari-ar-briljantiem\/","og_site_name":"FashionGold.lt","og_image":[{"width":1000,"height":1000,"url":"https:\/\/fashiongold.lt\/wp-content\/uploads\/2025\/10\/2280-344-Geltono-aukso-auskarai-su-briliantais-Laimes-dobilas.webp","type":"image\/jpeg"}],"twitter_card":"summary_large_image","twitter_misc":{"Est. reading time":"1 minute"},"schema":{"@context":"https:\/\/schema.org","@graph":[{"@type":"WebPage","@id":"https:\/\/fashiongold.lt\/lv\/papuosalas\/laimes-abolins-dzeltena-zelta-auskari-ar-briljantiem\/","url":"https:\/\/fashiongold.lt\/lv\/papuosalas\/laimes-abolins-dzeltena-zelta-auskari-ar-briljantiem\/","name":"Laimes \u0101boli\u0146\u0161 \u2013 dzelten\u0101 zelta auskari ar briljantiem - FashionGold.lt","isPartOf":{"@id":"https:\/\/fashiongold.lt\/lv\/#website"},"primaryImageOfPage":{"@id":"https:\/\/fashiongold.lt\/lv\/papuosalas\/laimes-abolins-dzeltena-zelta-auskari-ar-briljantiem\/#primaryimage"},"image":{"@id":"https:\/\/fashiongold.lt\/lv\/papuosalas\/laimes-abolins-dzeltena-zelta-auskari-ar-briljantiem\/#primaryimage"},"thumbnailUrl":"https:\/\/fashiongold.lt\/wp-content\/uploads\/2025\/10\/2280-344-Geltono-aukso-auskarai-su-briliantais-Laimes-dobilas.jpg","datePublished":"2025-10-09T19:30:29+00:00","breadcrumb":{"@id":"https:\/\/fashiongold.lt\/lv\/papuosalas\/laimes-abolins-dzeltena-zelta-auskari-ar-briljantiem\/#breadcrumb"},"inLanguage":"lv-LV","potentialAction":[{"@type":"ReadAction","target":["https:\/\/fashiongold.lt\/lv\/papuosalas\/laimes-abolins-dzeltena-zelta-auskari-ar-briljantiem\/"]}]},{"@type":"ImageObject","inLanguage":"lv-LV","@id":"https:\/\/fashiongold.lt\/lv\/papuosalas\/laimes-abolins-dzeltena-zelta-auskari-ar-briljantiem\/#primaryimage","url":"https:\/\/fashiongold.lt\/wp-content\/uploads\/2025\/10\/2280-344-Geltono-aukso-auskarai-su-briliantais-Laimes-dobilas.jpg","contentUrl":"https:\/\/fashiongold.lt\/wp-content\/uploads\/2025\/10\/2280-344-Geltono-aukso-auskarai-su-briliantais-Laimes-dobilas.jpg","width":1000,"height":1000},{"@type":"BreadcrumbList","@id":"https:\/\/fashiongold.lt\/lv\/papuosalas\/laimes-abolins-dzeltena-zelta-auskari-ar-briljantiem\/#breadcrumb","itemListElement":[{"@type":"ListItem","position":1,"name":"Home","item":"https:\/\/fashiongold.lt\/lv\/"},{"@type":"ListItem","position":2,"name":"Dimantu veikals Fashiongold.lt","item":"https:\/\/fashiongold.lt\/shop-2\/"},{"@type":"ListItem","position":3,"name":"Laimes \u0101boli\u0146\u0161 \u2013 dzelten\u0101 zelta auskari ar briljantiem"}]},{"@type":"WebSite","@id":"https:\/\/fashiongold.lt\/lv\/#website","url":"https:\/\/fashiongold.lt\/lv\/","name":"Fashion Gold","description":"Juvelyrikos namai","publisher":{"@id":"https:\/\/fashiongold.lt\/lv\/#organization"},"potentialAction":[{"@type":"SearchAction","target":{"@type":"EntryPoint","urlTemplate":"https:\/\/fashiongold.lt\/lv\/?s={search_term_string}"},"query-input":{"@type":"PropertyValueSpecification","valueRequired":true,"valueName":"search_term_string"}}],"inLanguage":"lv-LV"},{"@type":"Organization","@id":"https:\/\/fashiongold.lt\/lv\/#organization","name":"Topdiamonds Online","url":"https:\/\/fashiongold.lt\/lv\/","logo":{"@type":"ImageObject","inLanguage":"lv-LV","@id":"https:\/\/fashiongold.lt\/lv\/#\/schema\/logo\/image\/","url":"https:\/\/fashiongold.lt\/wp-content\/uploads\/2025\/04\/cropped-fashion_gold_logotipas2-scaled-1.png","contentUrl":"https:\/\/fashiongold.lt\/wp-content\/uploads\/2025\/04\/cropped-fashion_gold_logotipas2-scaled-1.png","width":2559,"height":421,"caption":"Topdiamonds Online"},"image":{"@id":"https:\/\/fashiongold.lt\/lv\/#\/schema\/logo\/image\/"}}]}},"_links":{"self":[{"href":"https:\/\/fashiongold.lt\/lv\/wp-json\/wp\/v2\/product\/287234","targetHints":{"allow":["GET"]}}],"collection":[{"href":"https:\/\/fashiongold.lt\/lv\/wp-json\/wp\/v2\/product"}],"about":[{"href":"https:\/\/fashiongold.lt\/lv\/wp-json\/wp\/v2\/types\/product"}],"version-history":[{"count":0,"href":"https:\/\/fashiongold.lt\/lv\/wp-json\/wp\/v2\/product\/287234\/revisions"}],"wp:featuredmedia":[{"embeddable":true,"href":"https:\/\/fashiongold.lt\/lv\/wp-json\/wp\/v2\/media\/61383"}],"wp:attachment":[{"href":"https:\/\/fashiongold.lt\/lv\/wp-json\/wp\/v2\/media?parent=287234"}],"wp:term":[{"taxonomy":"product_brand","embeddable":true,"href":"https:\/\/fashiongold.lt\/lv\/wp-json\/wp\/v2\/product_brand?post=287234"},{"taxonomy":"product_cat","embeddable":true,"href":"https:\/\/fashiongold.lt\/lv\/wp-json\/wp\/v2\/product_cat?post=287234"},{"taxonomy":"product_tag","embeddable":true,"href":"https:\/\/fashiongold.lt\/lv\/wp-json\/wp\/v2\/product_tag?post=287234"}],"curies":[{"name":"wp","href":"https:\/\/api.w.org\/{rel}","templated":true}]}}