{"id":287564,"date":"2025-10-09T19:19:59","date_gmt":"2025-10-09T19:19:59","guid":{"rendered":"https:\/\/fashiongold.lt\/papuosalas\/gredzens-ar-dimantiem-dimanta-josla-44\/"},"modified":"2025-10-09T19:19:59","modified_gmt":"2025-10-09T19:19:59","slug":"gredzens-ar-dimantiem-dimanta-josla-44","status":"publish","type":"product","link":"https:\/\/fashiongold.lt\/lv\/papuosalas\/gredzens-ar-dimantiem-dimanta-josla-44\/","title":{"rendered":"Gredzens ar dimantiem \u201eDimanta josla 44\u201d"},"content":{"rendered":"<p><span>\u201eFashion Gold\u201d juvelieru meistaru rad\u012bts gredzens <\/span>ar dab\u012bgiem 44 dimantiem ap visu gredzenu, <span>\u012bpa\u0161i augstas kvalit\u0101tes, ar Lietuvas Proves biroja sertifik\u0101tu par \u013coti pievilc\u012bgu cenu. T\u0101 ir rota, ko var nodot no paaudzes paaudz\u0113 k\u0101 \u0123imenes relikviju, jo ne zelts, ne dimanti nekad nezaud\u0113 savu v\u0113rt\u012bbu. \u0160o zelta gredzenu var pas\u016bt\u012bt gan salon\u0101, gan internet\u0101.\u00a0<\/span><\/p>\n<p>Ar \u0161o gredzenu varat bildin\u0101t, ta\u010du tas ir piem\u0113rots ar\u012b citiem gad\u012bjumiem &#8211; ieprieciniet m\u012b\u013coto sievieti Ziemassv\u0113tkos, Valent\u012bna dien\u0101, dzim\u0161anas dien\u0101 vai gadadien\u0101. Tas labi sader ar\u012b ar citiem gredzeniem.<\/p>\n<p>Gredzena svars &#8211; aptuveni 1,20 g<\/p>\n<p>Zelta kr\u0101sa &#8211;\u00a0balta<\/p>\n<p>Zelta prove &#8211; 585<\/p>\n<p>Briljantu skaits 44 gab., kop\u0113jais svars 0,31 ct, kr\u0101sa G, dzidrums SI.,\u00a0<\/p>\n<p>Izm\u0113rs 52 &#8211; 16,5 ir apskat\u0101ms un uzreiz ieg\u0101d\u0101jams \u201eFashion Gold&#8221; juvelierizstr\u0101d\u0101jumu nam\u0101 Pam\u0117nkalnio g. 5, Vi\u013c\u0146\u0101. Citus izm\u0113rus izgatavojam 7-14 dienu laik\u0101.<\/p>\n<p><span>Vair\u0101k par dimantu specifik\u0101ciju varat las\u012bt \u0161eit: <a href=\"https:\/\/fashiongold.lt\/lv\/patarimai-lv\/dimants-vesture-vai-no-ka-ir-atkariga-briljanta-cena\/\" class=\"btn btn-default\">Par dimantiem<\/a><\/span><\/p>\n<p><span>Gredzena cena nav atkar\u012bga no izm\u0113ra. Vair\u0101k par izm\u0113riem: <a href=\"https:\/\/fashiongold.lt\/lv\/patarimai-lv\/gredzenu-izmeri-ka-izveleties\/\" class=\"btn btn-default\">Gredzenu izm\u0113ri<\/a><\/span><\/p>\n<p><span>Iesp\u0113jama bezmaksas grav\u0113\u0161ana. Gredzens sa\u0146em Lietuvas Proves biroja sertifik\u0101tu.<\/span><\/p>\n<p><span>Saderin\u0101\u0161an\u0101s gredzeni ir viena no \u201eFashion Gold&#8221; darb\u012bbas jom\u0101m. Salon\u0101 atrad\u012bsiet ar\u012b laul\u012bbas gredzenus, rotaslietas sieviet\u0113m, v\u012brie\u0161iem, b\u0113rniem da\u017e\u0101dos gad\u012bjumos, mon\u0113tas, zelta stie\u0146us.<\/span><\/p>\n<p><span>PIED\u0100V\u0100JAM SADERIN\u0100\u0160AN\u0100S GREDZENUS UN CITAS ROTASLIETAS P\u0112C PAS\u016aT\u012aJUMA UN J\u016aSU INDIVIDU\u0100L\u0100M V\u0112LM\u0112M. SAZINIETIES info@fashiongold.lt<\/span><\/p><\/p>\n","protected":false},"excerpt":{"rendered":"<p><span>Balt\u0101 zelta gredzens ar \u012bstiem dimantiem apk\u0101rt visam gredzenam tiek saukts par dimantu st\u012bpi\u0146u \u2013 bildiniet savu m\u012b\u013coto, un \u0161\u012b rota visu m\u016b\u017eu atg\u0101din\u0101s par \u0161o \u012bpa\u0161o br\u012bdi, vai ar\u012b ieprieciniet ar to citos \u012bpa\u0161os gad\u012bjumos.<\/span><\/p>\n","protected":false},"featured_media":60221,"template":"","meta":{"site-sidebar-layout":"","site-content-layout":"","ast-site-content-layout":"","site-content-style":"","site-sidebar-style":"","ast-global-header-display":"","ast-banner-title-visibility":"","ast-main-header-display":"","ast-hfb-above-header-display":"","ast-hfb-below-header-display":"","ast-hfb-mobile-header-display":"","site-post-title":"","ast-breadcrumbs-content":"","ast-featured-img":"","footer-sml-layout":"","ast-disable-related-posts":"","theme-transparent-header-meta":"","adv-header-id-meta":"","stick-header-meta":"","header-above-stick-meta":"","header-main-stick-meta":"","header-below-stick-meta":"","astra-migrate-meta-layouts":"default","ast-page-background-enabled":"default","ast-page-background-meta":{"desktop":{"background-color":"var(--ast-global-color-4)","background-image":"","background-repeat":"repeat","background-position":"center center","background-size":"auto","background-attachment":"scroll","background-type":"","background-media":"","overlay-type":"","overlay-color":"","overlay-opacity":"","overlay-gradient":""},"tablet":{"background-color":"","background-image":"","background-repeat":"repeat","background-position":"center center","background-size":"auto","background-attachment":"scroll","background-type":"","background-media":"","overlay-type":"","overlay-color":"","overlay-opacity":"","overlay-gradient":""},"mobile":{"background-color":"","background-image":"","background-repeat":"repeat","background-position":"center center","background-size":"auto","background-attachment":"scroll","background-type":"","background-media":"","overlay-type":"","overlay-color":"","overlay-opacity":"","overlay-gradient":""}},"ast-content-background-meta":{"desktop":{"background-color":"var(--ast-global-color-5)","background-image":"","background-repeat":"repeat","background-position":"center center","background-size":"auto","background-attachment":"scroll","background-type":"","background-media":"","overlay-type":"","overlay-color":"","overlay-opacity":"","overlay-gradient":""},"tablet":{"background-color":"var(--ast-global-color-5)","background-image":"","background-repeat":"repeat","background-position":"center center","background-size":"auto","background-attachment":"scroll","background-type":"","background-media":"","overlay-type":"","overlay-color":"","overlay-opacity":"","overlay-gradient":""},"mobile":{"background-color":"var(--ast-global-color-5)","background-image":"","background-repeat":"repeat","background-position":"center center","background-size":"auto","background-attachment":"scroll","background-type":"","background-media":"","overlay-type":"","overlay-color":"","overlay-opacity":"","overlay-gradient":""}}},"product_brand":[],"product_cat":[2919,2915,2913,2921,2920,3403,2916,2914,2925,3721,3043,3453,3042,3524,3523,2922,3566,3527,2936,2918],"product_tag":[],"class_list":{"0":"post-287564","1":"product","2":"type-product","3":"status-publish","4":"has-post-thumbnail","6":"product_cat-baltzelta-rotaslietas","7":"product_cat-davanas-berna-piedzimsanai","8":"product_cat-davanas-dzimsanas-diena","9":"product_cat-davanas-ipasiem-gadijumiem","10":"product_cat-davanas-izlaidumam","11":"product_cat-davanas-kazam","12":"product_cat-davanas-kazu-gadadiena","13":"product_cat-davanas-sievietem","14":"product_cat-dimanta-lentinas","15":"product_cat-dimanta-stipina-ar-briljantiem","16":"product_cat-dimantu-josla-apkart-visam-gredzenam","17":"product_cat-gredzeni-ar-dimantiem","18":"product_cat-juvelierizstradajumi","19":"product_cat-kazu-gredzeni","20":"product_cat-klasiskie-laulibu-gredzeni","21":"product_cat-mates-dienas-davanas","22":"product_cat-minimalistiski-saderinasanas-gredzeni","23":"product_cat-moderni-kazu-gredzeni","24":"product_cat-valentindienas-davanas","25":"product_cat-ziemassvetku-davanas","26":"desktop-align-center","27":"tablet-align-left","28":"mobile-align-left","29":"ast-product-gallery-layout-horizontal-slider","30":"ast-product-gallery-with-no-image","31":"ast-product-single-variable","32":"ast-product-tabs-layout-accordion","33":"ast-qv-on-image","35":"first","36":"instock","37":"taxable","38":"shipping-taxable","39":"purchasable","40":"product-type-variable"},"yoast_head":"<!-- This site is optimized with the Yoast SEO plugin v26.6 - https:\/\/yoast.com\/wordpress\/plugins\/seo\/ -->\n<title>Gredzens ar dimantiem \u201eDimanta josla 44\u201d - FashionGold.lt<\/title>\n<meta name=\"robots\" content=\"index, follow, max-snippet:-1, max-image-preview:large, max-video-preview:-1\" \/>\n<link rel=\"canonical\" href=\"https:\/\/fashiongold.lt\/lv\/papuosalas\/gredzens-ar-dimantiem-dimanta-josla-44\/\" \/>\n<meta property=\"og:locale\" content=\"lv_LV\" \/>\n<meta property=\"og:type\" content=\"article\" \/>\n<meta property=\"og:title\" content=\"Gredzens ar dimantiem \u201eDimanta josla 44\u201d - FashionGold.lt\" \/>\n<meta property=\"og:description\" content=\"Balt\u0101 zelta gredzens ar \u012bstiem dimantiem apk\u0101rt visam gredzenam tiek saukts par dimantu st\u012bpi\u0146u \u2013 bildiniet savu m\u012b\u013coto, un \u0161\u012b rota visu m\u016b\u017eu atg\u0101din\u0101s par \u0161o \u012bpa\u0161o br\u012bdi, vai ar\u012b ieprieciniet ar to citos \u012bpa\u0161os gad\u012bjumos.\" \/>\n<meta property=\"og:url\" content=\"https:\/\/fashiongold.lt\/lv\/papuosalas\/gredzens-ar-dimantiem-dimanta-josla-44\/\" \/>\n<meta property=\"og:site_name\" content=\"FashionGold.lt\" \/>\n<meta property=\"og:image\" content=\"https:\/\/fashiongold.lt\/wp-content\/uploads\/2025\/10\/2168-895-Suzadetuviu-ziedas-su-briliantu-Deimantine-juostele-44.webp\" \/>\n\t<meta property=\"og:image:width\" content=\"585\" \/>\n\t<meta property=\"og:image:height\" content=\"568\" \/>\n\t<meta property=\"og:image:type\" content=\"image\/jpeg\" \/>\n<meta name=\"twitter:card\" content=\"summary_large_image\" \/>\n<meta name=\"twitter:label1\" content=\"Est. reading time\" \/>\n\t<meta name=\"twitter:data1\" content=\"1 minute\" \/>\n<script type=\"application\/ld+json\" class=\"yoast-schema-graph\">{\"@context\":\"https:\/\/schema.org\",\"@graph\":[{\"@type\":\"WebPage\",\"@id\":\"https:\/\/fashiongold.lt\/lv\/papuosalas\/gredzens-ar-dimantiem-dimanta-josla-44\/\",\"url\":\"https:\/\/fashiongold.lt\/lv\/papuosalas\/gredzens-ar-dimantiem-dimanta-josla-44\/\",\"name\":\"Gredzens ar dimantiem \u201eDimanta josla 44\u201d - FashionGold.lt\",\"isPartOf\":{\"@id\":\"https:\/\/fashiongold.lt\/lv\/#website\"},\"primaryImageOfPage\":{\"@id\":\"https:\/\/fashiongold.lt\/lv\/papuosalas\/gredzens-ar-dimantiem-dimanta-josla-44\/#primaryimage\"},\"image\":{\"@id\":\"https:\/\/fashiongold.lt\/lv\/papuosalas\/gredzens-ar-dimantiem-dimanta-josla-44\/#primaryimage\"},\"thumbnailUrl\":\"https:\/\/fashiongold.lt\/wp-content\/uploads\/2025\/10\/2168-895-Suzadetuviu-ziedas-su-briliantu-Deimantine-juostele-44.jpg\",\"datePublished\":\"2025-10-09T19:19:59+00:00\",\"breadcrumb\":{\"@id\":\"https:\/\/fashiongold.lt\/lv\/papuosalas\/gredzens-ar-dimantiem-dimanta-josla-44\/#breadcrumb\"},\"inLanguage\":\"lv-LV\",\"potentialAction\":[{\"@type\":\"ReadAction\",\"target\":[\"https:\/\/fashiongold.lt\/lv\/papuosalas\/gredzens-ar-dimantiem-dimanta-josla-44\/\"]}]},{\"@type\":\"ImageObject\",\"inLanguage\":\"lv-LV\",\"@id\":\"https:\/\/fashiongold.lt\/lv\/papuosalas\/gredzens-ar-dimantiem-dimanta-josla-44\/#primaryimage\",\"url\":\"https:\/\/fashiongold.lt\/wp-content\/uploads\/2025\/10\/2168-895-Suzadetuviu-ziedas-su-briliantu-Deimantine-juostele-44.jpg\",\"contentUrl\":\"https:\/\/fashiongold.lt\/wp-content\/uploads\/2025\/10\/2168-895-Suzadetuviu-ziedas-su-briliantu-Deimantine-juostele-44.jpg\",\"width\":585,\"height\":568},{\"@type\":\"BreadcrumbList\",\"@id\":\"https:\/\/fashiongold.lt\/lv\/papuosalas\/gredzens-ar-dimantiem-dimanta-josla-44\/#breadcrumb\",\"itemListElement\":[{\"@type\":\"ListItem\",\"position\":1,\"name\":\"Home\",\"item\":\"https:\/\/fashiongold.lt\/lv\/\"},{\"@type\":\"ListItem\",\"position\":2,\"name\":\"Dimantu veikals Fashiongold.lt\",\"item\":\"https:\/\/fashiongold.lt\/shop-2\/\"},{\"@type\":\"ListItem\",\"position\":3,\"name\":\"Gredzens ar dimantiem \u201eDimanta josla 44\u201d\"}]},{\"@type\":\"WebSite\",\"@id\":\"https:\/\/fashiongold.lt\/lv\/#website\",\"url\":\"https:\/\/fashiongold.lt\/lv\/\",\"name\":\"Fashion Gold\",\"description\":\"Juvelyrikos namai\",\"publisher\":{\"@id\":\"https:\/\/fashiongold.lt\/lv\/#organization\"},\"potentialAction\":[{\"@type\":\"SearchAction\",\"target\":{\"@type\":\"EntryPoint\",\"urlTemplate\":\"https:\/\/fashiongold.lt\/lv\/?s={search_term_string}\"},\"query-input\":{\"@type\":\"PropertyValueSpecification\",\"valueRequired\":true,\"valueName\":\"search_term_string\"}}],\"inLanguage\":\"lv-LV\"},{\"@type\":\"Organization\",\"@id\":\"https:\/\/fashiongold.lt\/lv\/#organization\",\"name\":\"Topdiamonds Online\",\"url\":\"https:\/\/fashiongold.lt\/lv\/\",\"logo\":{\"@type\":\"ImageObject\",\"inLanguage\":\"lv-LV\",\"@id\":\"https:\/\/fashiongold.lt\/lv\/#\/schema\/logo\/image\/\",\"url\":\"https:\/\/fashiongold.lt\/wp-content\/uploads\/2025\/04\/cropped-fashion_gold_logotipas2-scaled-1.png\",\"contentUrl\":\"https:\/\/fashiongold.lt\/wp-content\/uploads\/2025\/04\/cropped-fashion_gold_logotipas2-scaled-1.png\",\"width\":2559,\"height\":421,\"caption\":\"Topdiamonds Online\"},\"image\":{\"@id\":\"https:\/\/fashiongold.lt\/lv\/#\/schema\/logo\/image\/\"}}]}<\/script>\n<!-- \/ Yoast SEO plugin. -->","yoast_head_json":{"title":"Gredzens ar dimantiem \u201eDimanta josla 44\u201d - FashionGold.lt","robots":{"index":"index","follow":"follow","max-snippet":"max-snippet:-1","max-image-preview":"max-image-preview:large","max-video-preview":"max-video-preview:-1"},"canonical":"https:\/\/fashiongold.lt\/lv\/papuosalas\/gredzens-ar-dimantiem-dimanta-josla-44\/","og_locale":"lv_LV","og_type":"article","og_title":"Gredzens ar dimantiem \u201eDimanta josla 44\u201d - FashionGold.lt","og_description":"Balt\u0101 zelta gredzens ar \u012bstiem dimantiem apk\u0101rt visam gredzenam tiek saukts par dimantu st\u012bpi\u0146u \u2013 bildiniet savu m\u012b\u013coto, un \u0161\u012b rota visu m\u016b\u017eu atg\u0101din\u0101s par \u0161o \u012bpa\u0161o br\u012bdi, vai ar\u012b ieprieciniet ar to citos \u012bpa\u0161os gad\u012bjumos.","og_url":"https:\/\/fashiongold.lt\/lv\/papuosalas\/gredzens-ar-dimantiem-dimanta-josla-44\/","og_site_name":"FashionGold.lt","og_image":[{"width":585,"height":568,"url":"https:\/\/fashiongold.lt\/wp-content\/uploads\/2025\/10\/2168-895-Suzadetuviu-ziedas-su-briliantu-Deimantine-juostele-44.webp","type":"image\/jpeg"}],"twitter_card":"summary_large_image","twitter_misc":{"Est. reading time":"1 minute"},"schema":{"@context":"https:\/\/schema.org","@graph":[{"@type":"WebPage","@id":"https:\/\/fashiongold.lt\/lv\/papuosalas\/gredzens-ar-dimantiem-dimanta-josla-44\/","url":"https:\/\/fashiongold.lt\/lv\/papuosalas\/gredzens-ar-dimantiem-dimanta-josla-44\/","name":"Gredzens ar dimantiem \u201eDimanta josla 44\u201d - FashionGold.lt","isPartOf":{"@id":"https:\/\/fashiongold.lt\/lv\/#website"},"primaryImageOfPage":{"@id":"https:\/\/fashiongold.lt\/lv\/papuosalas\/gredzens-ar-dimantiem-dimanta-josla-44\/#primaryimage"},"image":{"@id":"https:\/\/fashiongold.lt\/lv\/papuosalas\/gredzens-ar-dimantiem-dimanta-josla-44\/#primaryimage"},"thumbnailUrl":"https:\/\/fashiongold.lt\/wp-content\/uploads\/2025\/10\/2168-895-Suzadetuviu-ziedas-su-briliantu-Deimantine-juostele-44.jpg","datePublished":"2025-10-09T19:19:59+00:00","breadcrumb":{"@id":"https:\/\/fashiongold.lt\/lv\/papuosalas\/gredzens-ar-dimantiem-dimanta-josla-44\/#breadcrumb"},"inLanguage":"lv-LV","potentialAction":[{"@type":"ReadAction","target":["https:\/\/fashiongold.lt\/lv\/papuosalas\/gredzens-ar-dimantiem-dimanta-josla-44\/"]}]},{"@type":"ImageObject","inLanguage":"lv-LV","@id":"https:\/\/fashiongold.lt\/lv\/papuosalas\/gredzens-ar-dimantiem-dimanta-josla-44\/#primaryimage","url":"https:\/\/fashiongold.lt\/wp-content\/uploads\/2025\/10\/2168-895-Suzadetuviu-ziedas-su-briliantu-Deimantine-juostele-44.jpg","contentUrl":"https:\/\/fashiongold.lt\/wp-content\/uploads\/2025\/10\/2168-895-Suzadetuviu-ziedas-su-briliantu-Deimantine-juostele-44.jpg","width":585,"height":568},{"@type":"BreadcrumbList","@id":"https:\/\/fashiongold.lt\/lv\/papuosalas\/gredzens-ar-dimantiem-dimanta-josla-44\/#breadcrumb","itemListElement":[{"@type":"ListItem","position":1,"name":"Home","item":"https:\/\/fashiongold.lt\/lv\/"},{"@type":"ListItem","position":2,"name":"Dimantu veikals Fashiongold.lt","item":"https:\/\/fashiongold.lt\/shop-2\/"},{"@type":"ListItem","position":3,"name":"Gredzens ar dimantiem \u201eDimanta josla 44\u201d"}]},{"@type":"WebSite","@id":"https:\/\/fashiongold.lt\/lv\/#website","url":"https:\/\/fashiongold.lt\/lv\/","name":"Fashion Gold","description":"Juvelyrikos namai","publisher":{"@id":"https:\/\/fashiongold.lt\/lv\/#organization"},"potentialAction":[{"@type":"SearchAction","target":{"@type":"EntryPoint","urlTemplate":"https:\/\/fashiongold.lt\/lv\/?s={search_term_string}"},"query-input":{"@type":"PropertyValueSpecification","valueRequired":true,"valueName":"search_term_string"}}],"inLanguage":"lv-LV"},{"@type":"Organization","@id":"https:\/\/fashiongold.lt\/lv\/#organization","name":"Topdiamonds Online","url":"https:\/\/fashiongold.lt\/lv\/","logo":{"@type":"ImageObject","inLanguage":"lv-LV","@id":"https:\/\/fashiongold.lt\/lv\/#\/schema\/logo\/image\/","url":"https:\/\/fashiongold.lt\/wp-content\/uploads\/2025\/04\/cropped-fashion_gold_logotipas2-scaled-1.png","contentUrl":"https:\/\/fashiongold.lt\/wp-content\/uploads\/2025\/04\/cropped-fashion_gold_logotipas2-scaled-1.png","width":2559,"height":421,"caption":"Topdiamonds Online"},"image":{"@id":"https:\/\/fashiongold.lt\/lv\/#\/schema\/logo\/image\/"}}]}},"_links":{"self":[{"href":"https:\/\/fashiongold.lt\/lv\/wp-json\/wp\/v2\/product\/287564","targetHints":{"allow":["GET"]}}],"collection":[{"href":"https:\/\/fashiongold.lt\/lv\/wp-json\/wp\/v2\/product"}],"about":[{"href":"https:\/\/fashiongold.lt\/lv\/wp-json\/wp\/v2\/types\/product"}],"version-history":[{"count":0,"href":"https:\/\/fashiongold.lt\/lv\/wp-json\/wp\/v2\/product\/287564\/revisions"}],"wp:featuredmedia":[{"embeddable":true,"href":"https:\/\/fashiongold.lt\/lv\/wp-json\/wp\/v2\/media\/60221"}],"wp:attachment":[{"href":"https:\/\/fashiongold.lt\/lv\/wp-json\/wp\/v2\/media?parent=287564"}],"wp:term":[{"taxonomy":"product_brand","embeddable":true,"href":"https:\/\/fashiongold.lt\/lv\/wp-json\/wp\/v2\/product_brand?post=287564"},{"taxonomy":"product_cat","embeddable":true,"href":"https:\/\/fashiongold.lt\/lv\/wp-json\/wp\/v2\/product_cat?post=287564"},{"taxonomy":"product_tag","embeddable":true,"href":"https:\/\/fashiongold.lt\/lv\/wp-json\/wp\/v2\/product_tag?post=287564"}],"curies":[{"name":"wp","href":"https:\/\/api.w.org\/{rel}","templated":true}]}}