{"id":287769,"date":"2025-10-09T19:12:17","date_gmt":"2025-10-09T19:12:17","guid":{"rendered":"https:\/\/fashiongold.lt\/papuosalas\/laulibu-gredzenu-individuals-pasutijums-laimis-un-olga-022-ct-cena-noradita-par-tris-gredzeniem\/"},"modified":"2025-10-09T19:12:17","modified_gmt":"2025-10-09T19:12:17","slug":"laulibu-gredzenu-individuals-pasutijums-laimis-un-olga-022-ct-cena-noradita-par-tris-gredzeniem","status":"publish","type":"product","link":"https:\/\/fashiongold.lt\/lv\/papuosalas\/laulibu-gredzenu-individuals-pasutijums-laimis-un-olga-022-ct-cena-noradita-par-tris-gredzeniem\/","title":{"rendered":"LAUL\u012aBU GREDZENU INDIVIDU\u0100LS PAS\u016aT\u012aJUMS \u2013 LAIMIS UN OLGA (0,22 ct) (CENA NOR\u0100D\u012aTA PAR TR\u012aS GREDZENIEM)"},"content":{"rendered":"<p>Stil\u012bgs s\u0101rt\u0101 zelta gredzenu komplekts \u2013 laul\u012bbas gredzeni un dimanta josli\u0146a, kuru var n\u0113s\u0101t p\u0113c izv\u0113les. Laul\u012bbas gredzeni ir plati, mas\u012bvi, izce\u013cas ar nedaudz mat\u0113tu virsmu. Dimanta josli\u0146a ir eleganta un sievi\u0161\u0137\u012bga \u2013 \u0161\u012b briljantu rinda iekaros ikvienas sievietes simp\u0101tijas. Izgatavo\u0161anas laiks 14 d.d., varam izgatavot steidzam\u012bbas k\u0101rt\u0101 3 d.d. laik\u0101.\u00a0<\/p>\n","protected":false},"excerpt":{"rendered":"<p>Stil\u012bgs s\u0101rt\u0101 zelta gredzenu komplekts \u2013 laul\u012bbas gredzeni un dimantu josli\u0146a (0,22 ct), kuru var n\u0113s\u0101t p\u0113c iesp\u0113j\u0101m. Laul\u012bbas gredzeni ir plati, mas\u012bvi, ar komforta zonu, tie izce\u013cas ar nedaudz mat\u0113tu virsmu. Dimantu josli\u0146a ir eleganta un sievi\u0161\u0137\u012bga \u2013 \u0161\u012b briljantu rinda iemantos ikvienas sievietes simp\u0101tijas.<\/p>\n","protected":false},"featured_media":59375,"template":"","meta":{"site-sidebar-layout":"","site-content-layout":"","ast-site-content-layout":"","site-content-style":"","site-sidebar-style":"","ast-global-header-display":"","ast-banner-title-visibility":"","ast-main-header-display":"","ast-hfb-above-header-display":"","ast-hfb-below-header-display":"","ast-hfb-mobile-header-display":"","site-post-title":"","ast-breadcrumbs-content":"","ast-featured-img":"","footer-sml-layout":"","ast-disable-related-posts":"","theme-transparent-header-meta":"","adv-header-id-meta":"","stick-header-meta":"","header-above-stick-meta":"","header-main-stick-meta":"","header-below-stick-meta":"","astra-migrate-meta-layouts":"default","ast-page-background-enabled":"default","ast-page-background-meta":{"desktop":{"background-color":"var(--ast-global-color-4)","background-image":"","background-repeat":"repeat","background-position":"center center","background-size":"auto","background-attachment":"scroll","background-type":"","background-media":"","overlay-type":"","overlay-color":"","overlay-opacity":"","overlay-gradient":""},"tablet":{"background-color":"","background-image":"","background-repeat":"repeat","background-position":"center center","background-size":"auto","background-attachment":"scroll","background-type":"","background-media":"","overlay-type":"","overlay-color":"","overlay-opacity":"","overlay-gradient":""},"mobile":{"background-color":"","background-image":"","background-repeat":"repeat","background-position":"center center","background-size":"auto","background-attachment":"scroll","background-type":"","background-media":"","overlay-type":"","overlay-color":"","overlay-opacity":"","overlay-gradient":""}},"ast-content-background-meta":{"desktop":{"background-color":"var(--ast-global-color-5)","background-image":"","background-repeat":"repeat","background-position":"center center","background-size":"auto","background-attachment":"scroll","background-type":"","background-media":"","overlay-type":"","overlay-color":"","overlay-opacity":"","overlay-gradient":""},"tablet":{"background-color":"var(--ast-global-color-5)","background-image":"","background-repeat":"repeat","background-position":"center center","background-size":"auto","background-attachment":"scroll","background-type":"","background-media":"","overlay-type":"","overlay-color":"","overlay-opacity":"","overlay-gradient":""},"mobile":{"background-color":"var(--ast-global-color-5)","background-image":"","background-repeat":"repeat","background-position":"center center","background-size":"auto","background-attachment":"scroll","background-type":"","background-media":"","overlay-type":"","overlay-color":"","overlay-opacity":"","overlay-gradient":""}}},"product_brand":[],"product_cat":[3741,3524,3525,3526,3527,4058],"product_tag":[],"class_list":{"0":"post-287769","1":"product","2":"type-product","3":"status-publish","4":"has-post-thumbnail","6":"product_cat-ekskluzivi-laulibas-gredzeni-dizaineru-raditi","7":"product_cat-kazu-gredzeni","8":"product_cat-laulibas-gredzeni-pariem","9":"product_cat-laulibu-gredzeni-ar-dimantiem","10":"product_cat-moderni-kazu-gredzeni","11":"product_cat-paveiktie-darbi-laulibu-gredzeni","12":"desktop-align-center","13":"tablet-align-left","14":"mobile-align-left","15":"ast-product-gallery-layout-horizontal-slider","16":"ast-product-gallery-with-no-image","17":"ast-product-tabs-layout-accordion","18":"ast-qv-on-image","20":"first","21":"instock","22":"taxable","23":"shipping-taxable","24":"purchasable","25":"product-type-simple"},"yoast_head":"<!-- This site is optimized with the Yoast SEO plugin v26.6 - https:\/\/yoast.com\/wordpress\/plugins\/seo\/ -->\n<title>Laul\u012bbas gredzeni ar dimantu joslu I FashionGold<\/title>\n<meta name=\"description\" content=\"K\u0101zu gredzenu izgatavo\u0161ana p\u0113c individu\u0101la pas\u016bt\u012bjuma. Roku darbs. Augst\u0101k\u0101 kvalit\u0101te. Izgatavo\u0161anas termi\u0146\u0161 14 d.d. Juvelieris Vi\u013c\u0146\u0101. Kvalit\u0101tes sertifik\u0101ti.\" \/>\n<meta name=\"robots\" content=\"index, follow, max-snippet:-1, max-image-preview:large, max-video-preview:-1\" \/>\n<link rel=\"canonical\" href=\"https:\/\/fashiongold.lt\/lv\/papuosalas\/laulibu-gredzenu-individuals-pasutijums-laimis-un-olga-022-ct-cena-noradita-par-tris-gredzeniem\/\" \/>\n<meta property=\"og:locale\" content=\"lv_LV\" \/>\n<meta property=\"og:type\" content=\"article\" \/>\n<meta property=\"og:title\" content=\"Laul\u012bbas gredzeni ar dimantu joslu I FashionGold\" \/>\n<meta property=\"og:description\" content=\"K\u0101zu gredzenu izgatavo\u0161ana p\u0113c individu\u0101la pas\u016bt\u012bjuma. Roku darbs. Augst\u0101k\u0101 kvalit\u0101te. Izgatavo\u0161anas termi\u0146\u0161 14 d.d. Juvelieris Vi\u013c\u0146\u0101. Kvalit\u0101tes sertifik\u0101ti.\" \/>\n<meta property=\"og:url\" content=\"https:\/\/fashiongold.lt\/lv\/papuosalas\/laulibu-gredzenu-individuals-pasutijums-laimis-un-olga-022-ct-cena-noradita-par-tris-gredzeniem\/\" \/>\n<meta property=\"og:site_name\" content=\"FashionGold.lt\" \/>\n<meta property=\"og:image\" content=\"https:\/\/fashiongold.lt\/wp-content\/uploads\/2025\/10\/2069-608-LAIMIO-IR-OLGOS-VESTUVINIAI-ZIEDAI-scaled-1.webp\" \/>\n\t<meta property=\"og:image:width\" content=\"2560\" \/>\n\t<meta property=\"og:image:height\" content=\"2560\" \/>\n\t<meta property=\"og:image:type\" content=\"image\/jpeg\" \/>\n<meta name=\"twitter:card\" content=\"summary_large_image\" \/>\n<script type=\"application\/ld+json\" class=\"yoast-schema-graph\">{\"@context\":\"https:\/\/schema.org\",\"@graph\":[{\"@type\":\"WebPage\",\"@id\":\"https:\/\/fashiongold.lt\/lv\/papuosalas\/laulibu-gredzenu-individuals-pasutijums-laimis-un-olga-022-ct-cena-noradita-par-tris-gredzeniem\/\",\"url\":\"https:\/\/fashiongold.lt\/lv\/papuosalas\/laulibu-gredzenu-individuals-pasutijums-laimis-un-olga-022-ct-cena-noradita-par-tris-gredzeniem\/\",\"name\":\"Laul\u012bbas gredzeni ar dimantu joslu I FashionGold\",\"isPartOf\":{\"@id\":\"https:\/\/fashiongold.lt\/lv\/#website\"},\"primaryImageOfPage\":{\"@id\":\"https:\/\/fashiongold.lt\/lv\/papuosalas\/laulibu-gredzenu-individuals-pasutijums-laimis-un-olga-022-ct-cena-noradita-par-tris-gredzeniem\/#primaryimage\"},\"image\":{\"@id\":\"https:\/\/fashiongold.lt\/lv\/papuosalas\/laulibu-gredzenu-individuals-pasutijums-laimis-un-olga-022-ct-cena-noradita-par-tris-gredzeniem\/#primaryimage\"},\"thumbnailUrl\":\"https:\/\/fashiongold.lt\/wp-content\/uploads\/2025\/10\/2069-608-LAIMIO-IR-OLGOS-VESTUVINIAI-ZIEDAI-scaled-1.jpg\",\"datePublished\":\"2025-10-09T19:12:17+00:00\",\"description\":\"K\u0101zu gredzenu izgatavo\u0161ana p\u0113c individu\u0101la pas\u016bt\u012bjuma. Roku darbs. Augst\u0101k\u0101 kvalit\u0101te. Izgatavo\u0161anas termi\u0146\u0161 14 d.d. Juvelieris Vi\u013c\u0146\u0101. Kvalit\u0101tes sertifik\u0101ti.\",\"breadcrumb\":{\"@id\":\"https:\/\/fashiongold.lt\/lv\/papuosalas\/laulibu-gredzenu-individuals-pasutijums-laimis-un-olga-022-ct-cena-noradita-par-tris-gredzeniem\/#breadcrumb\"},\"inLanguage\":\"lv-LV\",\"potentialAction\":[{\"@type\":\"ReadAction\",\"target\":[\"https:\/\/fashiongold.lt\/lv\/papuosalas\/laulibu-gredzenu-individuals-pasutijums-laimis-un-olga-022-ct-cena-noradita-par-tris-gredzeniem\/\"]}]},{\"@type\":\"ImageObject\",\"inLanguage\":\"lv-LV\",\"@id\":\"https:\/\/fashiongold.lt\/lv\/papuosalas\/laulibu-gredzenu-individuals-pasutijums-laimis-un-olga-022-ct-cena-noradita-par-tris-gredzeniem\/#primaryimage\",\"url\":\"https:\/\/fashiongold.lt\/wp-content\/uploads\/2025\/10\/2069-608-LAIMIO-IR-OLGOS-VESTUVINIAI-ZIEDAI-scaled-1.jpg\",\"contentUrl\":\"https:\/\/fashiongold.lt\/wp-content\/uploads\/2025\/10\/2069-608-LAIMIO-IR-OLGOS-VESTUVINIAI-ZIEDAI-scaled-1.jpg\",\"width\":2560,\"height\":2560},{\"@type\":\"BreadcrumbList\",\"@id\":\"https:\/\/fashiongold.lt\/lv\/papuosalas\/laulibu-gredzenu-individuals-pasutijums-laimis-un-olga-022-ct-cena-noradita-par-tris-gredzeniem\/#breadcrumb\",\"itemListElement\":[{\"@type\":\"ListItem\",\"position\":1,\"name\":\"Home\",\"item\":\"https:\/\/fashiongold.lt\/lv\/\"},{\"@type\":\"ListItem\",\"position\":2,\"name\":\"Dimantu veikals Fashiongold.lt\",\"item\":\"https:\/\/fashiongold.lt\/shop-2\/\"},{\"@type\":\"ListItem\",\"position\":3,\"name\":\"LAUL\u012aBU GREDZENU INDIVIDU\u0100LS PAS\u016aT\u012aJUMS \u2013 LAIMIS UN OLGA (0,22 ct) (CENA NOR\u0100D\u012aTA PAR TR\u012aS GREDZENIEM)\"}]},{\"@type\":\"WebSite\",\"@id\":\"https:\/\/fashiongold.lt\/lv\/#website\",\"url\":\"https:\/\/fashiongold.lt\/lv\/\",\"name\":\"Fashion Gold\",\"description\":\"Juvelyrikos namai\",\"publisher\":{\"@id\":\"https:\/\/fashiongold.lt\/lv\/#organization\"},\"potentialAction\":[{\"@type\":\"SearchAction\",\"target\":{\"@type\":\"EntryPoint\",\"urlTemplate\":\"https:\/\/fashiongold.lt\/lv\/?s={search_term_string}\"},\"query-input\":{\"@type\":\"PropertyValueSpecification\",\"valueRequired\":true,\"valueName\":\"search_term_string\"}}],\"inLanguage\":\"lv-LV\"},{\"@type\":\"Organization\",\"@id\":\"https:\/\/fashiongold.lt\/lv\/#organization\",\"name\":\"Topdiamonds Online\",\"url\":\"https:\/\/fashiongold.lt\/lv\/\",\"logo\":{\"@type\":\"ImageObject\",\"inLanguage\":\"lv-LV\",\"@id\":\"https:\/\/fashiongold.lt\/lv\/#\/schema\/logo\/image\/\",\"url\":\"https:\/\/fashiongold.lt\/wp-content\/uploads\/2025\/04\/cropped-fashion_gold_logotipas2-scaled-1.png\",\"contentUrl\":\"https:\/\/fashiongold.lt\/wp-content\/uploads\/2025\/04\/cropped-fashion_gold_logotipas2-scaled-1.png\",\"width\":2559,\"height\":421,\"caption\":\"Topdiamonds Online\"},\"image\":{\"@id\":\"https:\/\/fashiongold.lt\/lv\/#\/schema\/logo\/image\/\"}}]}<\/script>\n<!-- \/ Yoast SEO plugin. -->","yoast_head_json":{"title":"Laul\u012bbas gredzeni ar dimantu joslu I FashionGold","description":"K\u0101zu gredzenu izgatavo\u0161ana p\u0113c individu\u0101la pas\u016bt\u012bjuma. Roku darbs. Augst\u0101k\u0101 kvalit\u0101te. Izgatavo\u0161anas termi\u0146\u0161 14 d.d. Juvelieris Vi\u013c\u0146\u0101. Kvalit\u0101tes sertifik\u0101ti.","robots":{"index":"index","follow":"follow","max-snippet":"max-snippet:-1","max-image-preview":"max-image-preview:large","max-video-preview":"max-video-preview:-1"},"canonical":"https:\/\/fashiongold.lt\/lv\/papuosalas\/laulibu-gredzenu-individuals-pasutijums-laimis-un-olga-022-ct-cena-noradita-par-tris-gredzeniem\/","og_locale":"lv_LV","og_type":"article","og_title":"Laul\u012bbas gredzeni ar dimantu joslu I FashionGold","og_description":"K\u0101zu gredzenu izgatavo\u0161ana p\u0113c individu\u0101la pas\u016bt\u012bjuma. Roku darbs. Augst\u0101k\u0101 kvalit\u0101te. Izgatavo\u0161anas termi\u0146\u0161 14 d.d. Juvelieris Vi\u013c\u0146\u0101. Kvalit\u0101tes sertifik\u0101ti.","og_url":"https:\/\/fashiongold.lt\/lv\/papuosalas\/laulibu-gredzenu-individuals-pasutijums-laimis-un-olga-022-ct-cena-noradita-par-tris-gredzeniem\/","og_site_name":"FashionGold.lt","og_image":[{"width":2560,"height":2560,"url":"https:\/\/fashiongold.lt\/wp-content\/uploads\/2025\/10\/2069-608-LAIMIO-IR-OLGOS-VESTUVINIAI-ZIEDAI-scaled-1.webp","type":"image\/jpeg"}],"twitter_card":"summary_large_image","schema":{"@context":"https:\/\/schema.org","@graph":[{"@type":"WebPage","@id":"https:\/\/fashiongold.lt\/lv\/papuosalas\/laulibu-gredzenu-individuals-pasutijums-laimis-un-olga-022-ct-cena-noradita-par-tris-gredzeniem\/","url":"https:\/\/fashiongold.lt\/lv\/papuosalas\/laulibu-gredzenu-individuals-pasutijums-laimis-un-olga-022-ct-cena-noradita-par-tris-gredzeniem\/","name":"Laul\u012bbas gredzeni ar dimantu joslu I FashionGold","isPartOf":{"@id":"https:\/\/fashiongold.lt\/lv\/#website"},"primaryImageOfPage":{"@id":"https:\/\/fashiongold.lt\/lv\/papuosalas\/laulibu-gredzenu-individuals-pasutijums-laimis-un-olga-022-ct-cena-noradita-par-tris-gredzeniem\/#primaryimage"},"image":{"@id":"https:\/\/fashiongold.lt\/lv\/papuosalas\/laulibu-gredzenu-individuals-pasutijums-laimis-un-olga-022-ct-cena-noradita-par-tris-gredzeniem\/#primaryimage"},"thumbnailUrl":"https:\/\/fashiongold.lt\/wp-content\/uploads\/2025\/10\/2069-608-LAIMIO-IR-OLGOS-VESTUVINIAI-ZIEDAI-scaled-1.jpg","datePublished":"2025-10-09T19:12:17+00:00","description":"K\u0101zu gredzenu izgatavo\u0161ana p\u0113c individu\u0101la pas\u016bt\u012bjuma. Roku darbs. Augst\u0101k\u0101 kvalit\u0101te. Izgatavo\u0161anas termi\u0146\u0161 14 d.d. Juvelieris Vi\u013c\u0146\u0101. Kvalit\u0101tes sertifik\u0101ti.","breadcrumb":{"@id":"https:\/\/fashiongold.lt\/lv\/papuosalas\/laulibu-gredzenu-individuals-pasutijums-laimis-un-olga-022-ct-cena-noradita-par-tris-gredzeniem\/#breadcrumb"},"inLanguage":"lv-LV","potentialAction":[{"@type":"ReadAction","target":["https:\/\/fashiongold.lt\/lv\/papuosalas\/laulibu-gredzenu-individuals-pasutijums-laimis-un-olga-022-ct-cena-noradita-par-tris-gredzeniem\/"]}]},{"@type":"ImageObject","inLanguage":"lv-LV","@id":"https:\/\/fashiongold.lt\/lv\/papuosalas\/laulibu-gredzenu-individuals-pasutijums-laimis-un-olga-022-ct-cena-noradita-par-tris-gredzeniem\/#primaryimage","url":"https:\/\/fashiongold.lt\/wp-content\/uploads\/2025\/10\/2069-608-LAIMIO-IR-OLGOS-VESTUVINIAI-ZIEDAI-scaled-1.jpg","contentUrl":"https:\/\/fashiongold.lt\/wp-content\/uploads\/2025\/10\/2069-608-LAIMIO-IR-OLGOS-VESTUVINIAI-ZIEDAI-scaled-1.jpg","width":2560,"height":2560},{"@type":"BreadcrumbList","@id":"https:\/\/fashiongold.lt\/lv\/papuosalas\/laulibu-gredzenu-individuals-pasutijums-laimis-un-olga-022-ct-cena-noradita-par-tris-gredzeniem\/#breadcrumb","itemListElement":[{"@type":"ListItem","position":1,"name":"Home","item":"https:\/\/fashiongold.lt\/lv\/"},{"@type":"ListItem","position":2,"name":"Dimantu veikals Fashiongold.lt","item":"https:\/\/fashiongold.lt\/shop-2\/"},{"@type":"ListItem","position":3,"name":"LAUL\u012aBU GREDZENU INDIVIDU\u0100LS PAS\u016aT\u012aJUMS \u2013 LAIMIS UN OLGA (0,22 ct) (CENA NOR\u0100D\u012aTA PAR TR\u012aS GREDZENIEM)"}]},{"@type":"WebSite","@id":"https:\/\/fashiongold.lt\/lv\/#website","url":"https:\/\/fashiongold.lt\/lv\/","name":"Fashion Gold","description":"Juvelyrikos namai","publisher":{"@id":"https:\/\/fashiongold.lt\/lv\/#organization"},"potentialAction":[{"@type":"SearchAction","target":{"@type":"EntryPoint","urlTemplate":"https:\/\/fashiongold.lt\/lv\/?s={search_term_string}"},"query-input":{"@type":"PropertyValueSpecification","valueRequired":true,"valueName":"search_term_string"}}],"inLanguage":"lv-LV"},{"@type":"Organization","@id":"https:\/\/fashiongold.lt\/lv\/#organization","name":"Topdiamonds Online","url":"https:\/\/fashiongold.lt\/lv\/","logo":{"@type":"ImageObject","inLanguage":"lv-LV","@id":"https:\/\/fashiongold.lt\/lv\/#\/schema\/logo\/image\/","url":"https:\/\/fashiongold.lt\/wp-content\/uploads\/2025\/04\/cropped-fashion_gold_logotipas2-scaled-1.png","contentUrl":"https:\/\/fashiongold.lt\/wp-content\/uploads\/2025\/04\/cropped-fashion_gold_logotipas2-scaled-1.png","width":2559,"height":421,"caption":"Topdiamonds Online"},"image":{"@id":"https:\/\/fashiongold.lt\/lv\/#\/schema\/logo\/image\/"}}]}},"_links":{"self":[{"href":"https:\/\/fashiongold.lt\/lv\/wp-json\/wp\/v2\/product\/287769","targetHints":{"allow":["GET"]}}],"collection":[{"href":"https:\/\/fashiongold.lt\/lv\/wp-json\/wp\/v2\/product"}],"about":[{"href":"https:\/\/fashiongold.lt\/lv\/wp-json\/wp\/v2\/types\/product"}],"version-history":[{"count":0,"href":"https:\/\/fashiongold.lt\/lv\/wp-json\/wp\/v2\/product\/287769\/revisions"}],"wp:featuredmedia":[{"embeddable":true,"href":"https:\/\/fashiongold.lt\/lv\/wp-json\/wp\/v2\/media\/59375"}],"wp:attachment":[{"href":"https:\/\/fashiongold.lt\/lv\/wp-json\/wp\/v2\/media?parent=287769"}],"wp:term":[{"taxonomy":"product_brand","embeddable":true,"href":"https:\/\/fashiongold.lt\/lv\/wp-json\/wp\/v2\/product_brand?post=287769"},{"taxonomy":"product_cat","embeddable":true,"href":"https:\/\/fashiongold.lt\/lv\/wp-json\/wp\/v2\/product_cat?post=287769"},{"taxonomy":"product_tag","embeddable":true,"href":"https:\/\/fashiongold.lt\/lv\/wp-json\/wp\/v2\/product_tag?post=287769"}],"curies":[{"name":"wp","href":"https:\/\/api.w.org\/{rel}","templated":true}]}}