{"id":287799,"date":"2025-10-09T19:11:52","date_gmt":"2025-10-09T19:11:52","guid":{"rendered":"https:\/\/fashiongold.lt\/papuosalas\/kazu-gredzenu-individuals-pasutijums-lins-un-rasa-cena-noradita-par-diviem-gredzeniem\/"},"modified":"2025-10-09T19:11:52","modified_gmt":"2025-10-09T19:11:52","slug":"kazu-gredzenu-individuals-pasutijums-lins-un-rasa-cena-noradita-par-diviem-gredzeniem","status":"publish","type":"product","link":"https:\/\/fashiongold.lt\/lv\/papuosalas\/kazu-gredzenu-individuals-pasutijums-lins-un-rasa-cena-noradita-par-diviem-gredzeniem\/","title":{"rendered":"K\u0100ZU GREDZENU INDIVIDU\u0100LS PAS\u016aT\u012aJUMS \u2013 LINS UN RASA (CENA NOR\u0100D\u012aTA PAR DIVIEM GREDZENIEM)"},"content":{"rendered":"<p>Balts un melns \u2013 \u0161o kr\u0101su kontrasts izce\u013cas, skatoties uz \u0161iem laul\u012bbas gredzeniem. No ab\u0101m pus\u0113m vis\u0101 perimetr\u0101 gredzenus apvij sp\u012bd\u012bga balt\u0101 zelta josli\u0146a, bet ori\u0123inalit\u0101ti pie\u0161\u0137ir pa centru ejo\u0161s nel\u012bdzena reljefa grav\u0113jums, kas atspogu\u013co meteor\u012bta rakstu. Unikalit\u0101te, ori\u0123inalit\u0101te un grezn\u012bba. Izgatavo\u0161anas laiks 14 d.d., varam izgatavot steidzam\u012bbas k\u0101rt\u0101 3 d.d. laik\u0101.\u00a0<\/p>\n","protected":false},"excerpt":{"rendered":"<p>Balts un melns \u2013 \u0161o kr\u0101su kontrasts izce\u013cas, skatoties uz \u0161iem laul\u012bbas gredzeniem. No ab\u0101m pus\u0113m vis\u0101 perimetr\u0101 gredzenus ieskauj sp\u012bd\u012bga balt\u0101 zelta josli\u0146a, bet ori\u0123inalit\u0101ti pie\u0161\u0137ir pa centru ejo\u0161s nel\u012bdzena reljefa grav\u0113jums, kas atspogu\u013co meteor\u012bta rakstu. Unikalit\u0101te, ori\u0123inalit\u0101te un grezn\u012bba.<\/p>\n","protected":false},"featured_media":59303,"template":"","meta":{"site-sidebar-layout":"","site-content-layout":"","ast-site-content-layout":"","site-content-style":"","site-sidebar-style":"","ast-global-header-display":"","ast-banner-title-visibility":"","ast-main-header-display":"","ast-hfb-above-header-display":"","ast-hfb-below-header-display":"","ast-hfb-mobile-header-display":"","site-post-title":"","ast-breadcrumbs-content":"","ast-featured-img":"","footer-sml-layout":"","ast-disable-related-posts":"","theme-transparent-header-meta":"","adv-header-id-meta":"","stick-header-meta":"","header-above-stick-meta":"","header-main-stick-meta":"","header-below-stick-meta":"","astra-migrate-meta-layouts":"default","ast-page-background-enabled":"default","ast-page-background-meta":{"desktop":{"background-color":"var(--ast-global-color-4)","background-image":"","background-repeat":"repeat","background-position":"center center","background-size":"auto","background-attachment":"scroll","background-type":"","background-media":"","overlay-type":"","overlay-color":"","overlay-opacity":"","overlay-gradient":""},"tablet":{"background-color":"","background-image":"","background-repeat":"repeat","background-position":"center center","background-size":"auto","background-attachment":"scroll","background-type":"","background-media":"","overlay-type":"","overlay-color":"","overlay-opacity":"","overlay-gradient":""},"mobile":{"background-color":"","background-image":"","background-repeat":"repeat","background-position":"center center","background-size":"auto","background-attachment":"scroll","background-type":"","background-media":"","overlay-type":"","overlay-color":"","overlay-opacity":"","overlay-gradient":""}},"ast-content-background-meta":{"desktop":{"background-color":"var(--ast-global-color-5)","background-image":"","background-repeat":"repeat","background-position":"center center","background-size":"auto","background-attachment":"scroll","background-type":"","background-media":"","overlay-type":"","overlay-color":"","overlay-opacity":"","overlay-gradient":""},"tablet":{"background-color":"var(--ast-global-color-5)","background-image":"","background-repeat":"repeat","background-position":"center center","background-size":"auto","background-attachment":"scroll","background-type":"","background-media":"","overlay-type":"","overlay-color":"","overlay-opacity":"","overlay-gradient":""},"mobile":{"background-color":"var(--ast-global-color-5)","background-image":"","background-repeat":"repeat","background-position":"center center","background-size":"auto","background-attachment":"scroll","background-type":"","background-media":"","overlay-type":"","overlay-color":"","overlay-opacity":"","overlay-gradient":""}}},"product_brand":[],"product_cat":[3522,3524,4063,3525,3527,4058],"product_tag":[],"class_list":{"0":"post-287799","1":"product","2":"type-product","3":"status-publish","4":"has-post-thumbnail","6":"product_cat-balta-zelta-laulibu-gredzeni","7":"product_cat-kazu-gredzeni","8":"product_cat-kazu-gredzeni-no-titana-un-meteorita","9":"product_cat-laulibas-gredzeni-pariem","10":"product_cat-moderni-kazu-gredzeni","11":"product_cat-paveiktie-darbi-laulibu-gredzeni","12":"desktop-align-center","13":"tablet-align-left","14":"mobile-align-left","15":"ast-product-gallery-layout-horizontal-slider","16":"ast-product-gallery-with-no-image","17":"ast-product-tabs-layout-accordion","18":"ast-qv-on-image","20":"first","21":"instock","22":"taxable","23":"shipping-taxable","24":"purchasable","25":"product-type-simple"},"yoast_head":"<!-- This site is optimized with the Yoast SEO plugin v26.6 - https:\/\/yoast.com\/wordpress\/plugins\/seo\/ -->\n<title>Laul\u012bbu gredzeni ar meteor\u012bta rakstiem I FashionGold<\/title>\n<meta name=\"description\" content=\"Laul\u012bbu gredzeni ar grav\u0113tiem meteor\u012bta rakstiem. Komforta zona. Izgatavo\u0161ana p\u0113c pas\u016bt\u012bjuma 14 d. d. laik\u0101. Prove: Lietuvas Proves pal\u0101ta. Ra\u017eots Lietuv\u0101.\" \/>\n<meta name=\"robots\" content=\"index, follow, max-snippet:-1, max-image-preview:large, max-video-preview:-1\" \/>\n<link rel=\"canonical\" href=\"https:\/\/fashiongold.lt\/lv\/papuosalas\/kazu-gredzenu-individuals-pasutijums-lins-un-rasa-cena-noradita-par-diviem-gredzeniem\/\" \/>\n<meta property=\"og:locale\" content=\"lv_LV\" \/>\n<meta property=\"og:type\" content=\"article\" \/>\n<meta property=\"og:title\" content=\"Laul\u012bbu gredzeni ar meteor\u012bta rakstiem I FashionGold\" \/>\n<meta property=\"og:description\" content=\"Laul\u012bbu gredzeni ar grav\u0113tiem meteor\u012bta rakstiem. Komforta zona. Izgatavo\u0161ana p\u0113c pas\u016bt\u012bjuma 14 d. d. laik\u0101. Prove: Lietuvas Proves pal\u0101ta. Ra\u017eots Lietuv\u0101.\" \/>\n<meta property=\"og:url\" content=\"https:\/\/fashiongold.lt\/lv\/papuosalas\/kazu-gredzenu-individuals-pasutijums-lins-un-rasa-cena-noradita-par-diviem-gredzeniem\/\" \/>\n<meta property=\"og:site_name\" content=\"FashionGold.lt\" \/>\n<meta property=\"og:image\" content=\"https:\/\/fashiongold.lt\/wp-content\/uploads\/2025\/10\/2058-432-LINO-IR-RASOS-VESTUVINIAI-ZIEDAI-scaled-1.webp\" \/>\n\t<meta property=\"og:image:width\" content=\"2560\" \/>\n\t<meta property=\"og:image:height\" content=\"2560\" \/>\n\t<meta property=\"og:image:type\" content=\"image\/jpeg\" \/>\n<meta name=\"twitter:card\" content=\"summary_large_image\" \/>\n<script type=\"application\/ld+json\" class=\"yoast-schema-graph\">{\"@context\":\"https:\/\/schema.org\",\"@graph\":[{\"@type\":\"WebPage\",\"@id\":\"https:\/\/fashiongold.lt\/lv\/papuosalas\/kazu-gredzenu-individuals-pasutijums-lins-un-rasa-cena-noradita-par-diviem-gredzeniem\/\",\"url\":\"https:\/\/fashiongold.lt\/lv\/papuosalas\/kazu-gredzenu-individuals-pasutijums-lins-un-rasa-cena-noradita-par-diviem-gredzeniem\/\",\"name\":\"Laul\u012bbu gredzeni ar meteor\u012bta rakstiem I FashionGold\",\"isPartOf\":{\"@id\":\"https:\/\/fashiongold.lt\/lv\/#website\"},\"primaryImageOfPage\":{\"@id\":\"https:\/\/fashiongold.lt\/lv\/papuosalas\/kazu-gredzenu-individuals-pasutijums-lins-un-rasa-cena-noradita-par-diviem-gredzeniem\/#primaryimage\"},\"image\":{\"@id\":\"https:\/\/fashiongold.lt\/lv\/papuosalas\/kazu-gredzenu-individuals-pasutijums-lins-un-rasa-cena-noradita-par-diviem-gredzeniem\/#primaryimage\"},\"thumbnailUrl\":\"https:\/\/fashiongold.lt\/wp-content\/uploads\/2025\/10\/2058-432-LINO-IR-RASOS-VESTUVINIAI-ZIEDAI-scaled-1.jpg\",\"datePublished\":\"2025-10-09T19:11:52+00:00\",\"description\":\"Laul\u012bbu gredzeni ar grav\u0113tiem meteor\u012bta rakstiem. Komforta zona. Izgatavo\u0161ana p\u0113c pas\u016bt\u012bjuma 14 d. d. laik\u0101. Prove: Lietuvas Proves pal\u0101ta. Ra\u017eots Lietuv\u0101.\",\"breadcrumb\":{\"@id\":\"https:\/\/fashiongold.lt\/lv\/papuosalas\/kazu-gredzenu-individuals-pasutijums-lins-un-rasa-cena-noradita-par-diviem-gredzeniem\/#breadcrumb\"},\"inLanguage\":\"lv-LV\",\"potentialAction\":[{\"@type\":\"ReadAction\",\"target\":[\"https:\/\/fashiongold.lt\/lv\/papuosalas\/kazu-gredzenu-individuals-pasutijums-lins-un-rasa-cena-noradita-par-diviem-gredzeniem\/\"]}]},{\"@type\":\"ImageObject\",\"inLanguage\":\"lv-LV\",\"@id\":\"https:\/\/fashiongold.lt\/lv\/papuosalas\/kazu-gredzenu-individuals-pasutijums-lins-un-rasa-cena-noradita-par-diviem-gredzeniem\/#primaryimage\",\"url\":\"https:\/\/fashiongold.lt\/wp-content\/uploads\/2025\/10\/2058-432-LINO-IR-RASOS-VESTUVINIAI-ZIEDAI-scaled-1.jpg\",\"contentUrl\":\"https:\/\/fashiongold.lt\/wp-content\/uploads\/2025\/10\/2058-432-LINO-IR-RASOS-VESTUVINIAI-ZIEDAI-scaled-1.jpg\",\"width\":2560,\"height\":2560},{\"@type\":\"BreadcrumbList\",\"@id\":\"https:\/\/fashiongold.lt\/lv\/papuosalas\/kazu-gredzenu-individuals-pasutijums-lins-un-rasa-cena-noradita-par-diviem-gredzeniem\/#breadcrumb\",\"itemListElement\":[{\"@type\":\"ListItem\",\"position\":1,\"name\":\"Home\",\"item\":\"https:\/\/fashiongold.lt\/lv\/\"},{\"@type\":\"ListItem\",\"position\":2,\"name\":\"Dimantu veikals Fashiongold.lt\",\"item\":\"https:\/\/fashiongold.lt\/shop-2\/\"},{\"@type\":\"ListItem\",\"position\":3,\"name\":\"K\u0100ZU GREDZENU INDIVIDU\u0100LS PAS\u016aT\u012aJUMS \u2013 LINS UN RASA (CENA NOR\u0100D\u012aTA PAR DIVIEM GREDZENIEM)\"}]},{\"@type\":\"WebSite\",\"@id\":\"https:\/\/fashiongold.lt\/lv\/#website\",\"url\":\"https:\/\/fashiongold.lt\/lv\/\",\"name\":\"Fashion Gold\",\"description\":\"Juvelyrikos namai\",\"publisher\":{\"@id\":\"https:\/\/fashiongold.lt\/lv\/#organization\"},\"potentialAction\":[{\"@type\":\"SearchAction\",\"target\":{\"@type\":\"EntryPoint\",\"urlTemplate\":\"https:\/\/fashiongold.lt\/lv\/?s={search_term_string}\"},\"query-input\":{\"@type\":\"PropertyValueSpecification\",\"valueRequired\":true,\"valueName\":\"search_term_string\"}}],\"inLanguage\":\"lv-LV\"},{\"@type\":\"Organization\",\"@id\":\"https:\/\/fashiongold.lt\/lv\/#organization\",\"name\":\"Topdiamonds Online\",\"url\":\"https:\/\/fashiongold.lt\/lv\/\",\"logo\":{\"@type\":\"ImageObject\",\"inLanguage\":\"lv-LV\",\"@id\":\"https:\/\/fashiongold.lt\/lv\/#\/schema\/logo\/image\/\",\"url\":\"https:\/\/fashiongold.lt\/wp-content\/uploads\/2025\/04\/cropped-fashion_gold_logotipas2-scaled-1.png\",\"contentUrl\":\"https:\/\/fashiongold.lt\/wp-content\/uploads\/2025\/04\/cropped-fashion_gold_logotipas2-scaled-1.png\",\"width\":2559,\"height\":421,\"caption\":\"Topdiamonds Online\"},\"image\":{\"@id\":\"https:\/\/fashiongold.lt\/lv\/#\/schema\/logo\/image\/\"}}]}<\/script>\n<!-- \/ Yoast SEO plugin. -->","yoast_head_json":{"title":"Laul\u012bbu gredzeni ar meteor\u012bta rakstiem I FashionGold","description":"Laul\u012bbu gredzeni ar grav\u0113tiem meteor\u012bta rakstiem. Komforta zona. Izgatavo\u0161ana p\u0113c pas\u016bt\u012bjuma 14 d. d. laik\u0101. Prove: Lietuvas Proves pal\u0101ta. Ra\u017eots Lietuv\u0101.","robots":{"index":"index","follow":"follow","max-snippet":"max-snippet:-1","max-image-preview":"max-image-preview:large","max-video-preview":"max-video-preview:-1"},"canonical":"https:\/\/fashiongold.lt\/lv\/papuosalas\/kazu-gredzenu-individuals-pasutijums-lins-un-rasa-cena-noradita-par-diviem-gredzeniem\/","og_locale":"lv_LV","og_type":"article","og_title":"Laul\u012bbu gredzeni ar meteor\u012bta rakstiem I FashionGold","og_description":"Laul\u012bbu gredzeni ar grav\u0113tiem meteor\u012bta rakstiem. Komforta zona. Izgatavo\u0161ana p\u0113c pas\u016bt\u012bjuma 14 d. d. laik\u0101. Prove: Lietuvas Proves pal\u0101ta. Ra\u017eots Lietuv\u0101.","og_url":"https:\/\/fashiongold.lt\/lv\/papuosalas\/kazu-gredzenu-individuals-pasutijums-lins-un-rasa-cena-noradita-par-diviem-gredzeniem\/","og_site_name":"FashionGold.lt","og_image":[{"width":2560,"height":2560,"url":"https:\/\/fashiongold.lt\/wp-content\/uploads\/2025\/10\/2058-432-LINO-IR-RASOS-VESTUVINIAI-ZIEDAI-scaled-1.webp","type":"image\/jpeg"}],"twitter_card":"summary_large_image","schema":{"@context":"https:\/\/schema.org","@graph":[{"@type":"WebPage","@id":"https:\/\/fashiongold.lt\/lv\/papuosalas\/kazu-gredzenu-individuals-pasutijums-lins-un-rasa-cena-noradita-par-diviem-gredzeniem\/","url":"https:\/\/fashiongold.lt\/lv\/papuosalas\/kazu-gredzenu-individuals-pasutijums-lins-un-rasa-cena-noradita-par-diviem-gredzeniem\/","name":"Laul\u012bbu gredzeni ar meteor\u012bta rakstiem I FashionGold","isPartOf":{"@id":"https:\/\/fashiongold.lt\/lv\/#website"},"primaryImageOfPage":{"@id":"https:\/\/fashiongold.lt\/lv\/papuosalas\/kazu-gredzenu-individuals-pasutijums-lins-un-rasa-cena-noradita-par-diviem-gredzeniem\/#primaryimage"},"image":{"@id":"https:\/\/fashiongold.lt\/lv\/papuosalas\/kazu-gredzenu-individuals-pasutijums-lins-un-rasa-cena-noradita-par-diviem-gredzeniem\/#primaryimage"},"thumbnailUrl":"https:\/\/fashiongold.lt\/wp-content\/uploads\/2025\/10\/2058-432-LINO-IR-RASOS-VESTUVINIAI-ZIEDAI-scaled-1.jpg","datePublished":"2025-10-09T19:11:52+00:00","description":"Laul\u012bbu gredzeni ar grav\u0113tiem meteor\u012bta rakstiem. Komforta zona. Izgatavo\u0161ana p\u0113c pas\u016bt\u012bjuma 14 d. d. laik\u0101. Prove: Lietuvas Proves pal\u0101ta. Ra\u017eots Lietuv\u0101.","breadcrumb":{"@id":"https:\/\/fashiongold.lt\/lv\/papuosalas\/kazu-gredzenu-individuals-pasutijums-lins-un-rasa-cena-noradita-par-diviem-gredzeniem\/#breadcrumb"},"inLanguage":"lv-LV","potentialAction":[{"@type":"ReadAction","target":["https:\/\/fashiongold.lt\/lv\/papuosalas\/kazu-gredzenu-individuals-pasutijums-lins-un-rasa-cena-noradita-par-diviem-gredzeniem\/"]}]},{"@type":"ImageObject","inLanguage":"lv-LV","@id":"https:\/\/fashiongold.lt\/lv\/papuosalas\/kazu-gredzenu-individuals-pasutijums-lins-un-rasa-cena-noradita-par-diviem-gredzeniem\/#primaryimage","url":"https:\/\/fashiongold.lt\/wp-content\/uploads\/2025\/10\/2058-432-LINO-IR-RASOS-VESTUVINIAI-ZIEDAI-scaled-1.jpg","contentUrl":"https:\/\/fashiongold.lt\/wp-content\/uploads\/2025\/10\/2058-432-LINO-IR-RASOS-VESTUVINIAI-ZIEDAI-scaled-1.jpg","width":2560,"height":2560},{"@type":"BreadcrumbList","@id":"https:\/\/fashiongold.lt\/lv\/papuosalas\/kazu-gredzenu-individuals-pasutijums-lins-un-rasa-cena-noradita-par-diviem-gredzeniem\/#breadcrumb","itemListElement":[{"@type":"ListItem","position":1,"name":"Home","item":"https:\/\/fashiongold.lt\/lv\/"},{"@type":"ListItem","position":2,"name":"Dimantu veikals Fashiongold.lt","item":"https:\/\/fashiongold.lt\/shop-2\/"},{"@type":"ListItem","position":3,"name":"K\u0100ZU GREDZENU INDIVIDU\u0100LS PAS\u016aT\u012aJUMS \u2013 LINS UN RASA (CENA NOR\u0100D\u012aTA PAR DIVIEM GREDZENIEM)"}]},{"@type":"WebSite","@id":"https:\/\/fashiongold.lt\/lv\/#website","url":"https:\/\/fashiongold.lt\/lv\/","name":"Fashion Gold","description":"Juvelyrikos namai","publisher":{"@id":"https:\/\/fashiongold.lt\/lv\/#organization"},"potentialAction":[{"@type":"SearchAction","target":{"@type":"EntryPoint","urlTemplate":"https:\/\/fashiongold.lt\/lv\/?s={search_term_string}"},"query-input":{"@type":"PropertyValueSpecification","valueRequired":true,"valueName":"search_term_string"}}],"inLanguage":"lv-LV"},{"@type":"Organization","@id":"https:\/\/fashiongold.lt\/lv\/#organization","name":"Topdiamonds Online","url":"https:\/\/fashiongold.lt\/lv\/","logo":{"@type":"ImageObject","inLanguage":"lv-LV","@id":"https:\/\/fashiongold.lt\/lv\/#\/schema\/logo\/image\/","url":"https:\/\/fashiongold.lt\/wp-content\/uploads\/2025\/04\/cropped-fashion_gold_logotipas2-scaled-1.png","contentUrl":"https:\/\/fashiongold.lt\/wp-content\/uploads\/2025\/04\/cropped-fashion_gold_logotipas2-scaled-1.png","width":2559,"height":421,"caption":"Topdiamonds Online"},"image":{"@id":"https:\/\/fashiongold.lt\/lv\/#\/schema\/logo\/image\/"}}]}},"_links":{"self":[{"href":"https:\/\/fashiongold.lt\/lv\/wp-json\/wp\/v2\/product\/287799","targetHints":{"allow":["GET"]}}],"collection":[{"href":"https:\/\/fashiongold.lt\/lv\/wp-json\/wp\/v2\/product"}],"about":[{"href":"https:\/\/fashiongold.lt\/lv\/wp-json\/wp\/v2\/types\/product"}],"version-history":[{"count":0,"href":"https:\/\/fashiongold.lt\/lv\/wp-json\/wp\/v2\/product\/287799\/revisions"}],"wp:featuredmedia":[{"embeddable":true,"href":"https:\/\/fashiongold.lt\/lv\/wp-json\/wp\/v2\/media\/59303"}],"wp:attachment":[{"href":"https:\/\/fashiongold.lt\/lv\/wp-json\/wp\/v2\/media?parent=287799"}],"wp:term":[{"taxonomy":"product_brand","embeddable":true,"href":"https:\/\/fashiongold.lt\/lv\/wp-json\/wp\/v2\/product_brand?post=287799"},{"taxonomy":"product_cat","embeddable":true,"href":"https:\/\/fashiongold.lt\/lv\/wp-json\/wp\/v2\/product_cat?post=287799"},{"taxonomy":"product_tag","embeddable":true,"href":"https:\/\/fashiongold.lt\/lv\/wp-json\/wp\/v2\/product_tag?post=287799"}],"curies":[{"name":"wp","href":"https:\/\/api.w.org\/{rel}","templated":true}]}}