{"id":287809,"date":"2025-10-09T19:11:52","date_gmt":"2025-10-09T19:11:52","guid":{"rendered":"https:\/\/fashiongold.lt\/papuosalas\/kazu-gredzenu-individuals-pasutijums-mindaugs-un-jolanta-020-ct-cena-noradita-par-trim-gredzeniem\/"},"modified":"2025-10-09T19:11:52","modified_gmt":"2025-10-09T19:11:52","slug":"kazu-gredzenu-individuals-pasutijums-mindaugs-un-jolanta-020-ct-cena-noradita-par-trim-gredzeniem","status":"publish","type":"product","link":"https:\/\/fashiongold.lt\/lv\/papuosalas\/kazu-gredzenu-individuals-pasutijums-mindaugs-un-jolanta-020-ct-cena-noradita-par-trim-gredzeniem\/","title":{"rendered":"K\u0100ZU GREDZENU INDIVIDU\u0100LS PAS\u016aT\u012aJUMS \u2013 MINDAUGS UN JOLANTA (0,20 ct) (CENA NOR\u0100D\u012aTA PAR TRIM GREDZENIEM)"},"content":{"rendered":"<p>Komplekts, ko veido laul\u012bbas gredzenu p\u0101ris un saderin\u0101\u0161an\u0101s gredzens. Kontrast\u0113jo\u0161i, ta\u010du tos apvieno greznums un rafin\u0113ts smalkums. Laul\u012bbas gredzeni ir \u013coti ori\u0123in\u0101li, tie izce\u013cas ar meln\u0101s kr\u0101sas toni un \u012bpa\u0161u sp\u012bdumu. Dzelten\u0101 zelta saderin\u0101\u0161an\u0101s gredzens ar briljantiem izrot\u0101s ikvienas sievietes roku. Izgatavo\u0161anas laiks ir 14 darba dienas, varam izgatavot steidzam\u012bbas k\u0101rt\u0101 3 darba dienu laik\u0101.\u00a0<\/p>\n","protected":false},"excerpt":{"rendered":"<p>Komplekts, ko veido laul\u012bbas gredzenu p\u0101ris un saderin\u0101\u0161an\u0101s gredzens. Kontrast\u0113jo\u0161i, tom\u0113r tos vieno grezn\u012bba un rafin\u0113ts smalkums. Laul\u012bbas gredzeni ir \u013coti ori\u0123in\u0101li, izce\u013coties ar melnas kr\u0101sas toni un \u012bpa\u0161u mirdzumu. Dzelten\u0101 zelta saderin\u0101\u0161an\u0101s gredzens ar briljantiem rot\u0101s ikvienas sievietes roku.<\/p>\n","protected":false},"featured_media":59276,"template":"","meta":{"site-sidebar-layout":"","site-content-layout":"","ast-site-content-layout":"","site-content-style":"","site-sidebar-style":"","ast-global-header-display":"","ast-banner-title-visibility":"","ast-main-header-display":"","ast-hfb-above-header-display":"","ast-hfb-below-header-display":"","ast-hfb-mobile-header-display":"","site-post-title":"","ast-breadcrumbs-content":"","ast-featured-img":"","footer-sml-layout":"","ast-disable-related-posts":"","theme-transparent-header-meta":"","adv-header-id-meta":"","stick-header-meta":"","header-above-stick-meta":"","header-main-stick-meta":"","header-below-stick-meta":"","astra-migrate-meta-layouts":"default","ast-page-background-enabled":"default","ast-page-background-meta":{"desktop":{"background-color":"var(--ast-global-color-4)","background-image":"","background-repeat":"repeat","background-position":"center center","background-size":"auto","background-attachment":"scroll","background-type":"","background-media":"","overlay-type":"","overlay-color":"","overlay-opacity":"","overlay-gradient":""},"tablet":{"background-color":"","background-image":"","background-repeat":"repeat","background-position":"center center","background-size":"auto","background-attachment":"scroll","background-type":"","background-media":"","overlay-type":"","overlay-color":"","overlay-opacity":"","overlay-gradient":""},"mobile":{"background-color":"","background-image":"","background-repeat":"repeat","background-position":"center center","background-size":"auto","background-attachment":"scroll","background-type":"","background-media":"","overlay-type":"","overlay-color":"","overlay-opacity":"","overlay-gradient":""}},"ast-content-background-meta":{"desktop":{"background-color":"var(--ast-global-color-5)","background-image":"","background-repeat":"repeat","background-position":"center center","background-size":"auto","background-attachment":"scroll","background-type":"","background-media":"","overlay-type":"","overlay-color":"","overlay-opacity":"","overlay-gradient":""},"tablet":{"background-color":"var(--ast-global-color-5)","background-image":"","background-repeat":"repeat","background-position":"center center","background-size":"auto","background-attachment":"scroll","background-type":"","background-media":"","overlay-type":"","overlay-color":"","overlay-opacity":"","overlay-gradient":""},"mobile":{"background-color":"var(--ast-global-color-5)","background-image":"","background-repeat":"repeat","background-position":"center center","background-size":"auto","background-attachment":"scroll","background-type":"","background-media":"","overlay-type":"","overlay-color":"","overlay-opacity":"","overlay-gradient":""}}},"product_brand":[],"product_cat":[3524,3523,3525,4058],"product_tag":[],"class_list":{"0":"post-287809","1":"product","2":"type-product","3":"status-publish","4":"has-post-thumbnail","6":"product_cat-kazu-gredzeni","7":"product_cat-klasiskie-laulibu-gredzeni","8":"product_cat-laulibas-gredzeni-pariem","9":"product_cat-paveiktie-darbi-laulibu-gredzeni","10":"desktop-align-center","11":"tablet-align-left","12":"mobile-align-left","13":"ast-product-gallery-layout-horizontal-slider","14":"ast-product-gallery-with-no-image","15":"ast-product-tabs-layout-accordion","16":"ast-qv-on-image","18":"first","19":"instock","20":"taxable","21":"shipping-taxable","22":"purchasable","23":"product-type-simple"},"yoast_head":"<!-- This site is optimized with the Yoast SEO plugin v26.6 - https:\/\/yoast.com\/wordpress\/plugins\/seo\/ -->\n<title>Mirdzo\u0161i moderni laul\u012bbu gredzeni I FashionGold<\/title>\n<meta name=\"description\" content=\"K\u0101zu gredzenu izgatavo\u0161ana no klienta zelta, p\u0113c klienta dizaina. Roku darbs. Augst\u0101k\u0101 kvalit\u0101te. Izgatavo\u0161anas laiks 14 d. Ra\u017eots Lietuv\u0101. Lab\u0101k\u0101s cenas.\" \/>\n<meta name=\"robots\" content=\"index, follow, max-snippet:-1, max-image-preview:large, max-video-preview:-1\" \/>\n<link rel=\"canonical\" href=\"https:\/\/fashiongold.lt\/lv\/papuosalas\/kazu-gredzenu-individuals-pasutijums-mindaugs-un-jolanta-020-ct-cena-noradita-par-trim-gredzeniem\/\" \/>\n<meta property=\"og:locale\" content=\"lv_LV\" \/>\n<meta property=\"og:type\" content=\"article\" \/>\n<meta property=\"og:title\" content=\"Mirdzo\u0161i moderni laul\u012bbu gredzeni I FashionGold\" \/>\n<meta property=\"og:description\" content=\"K\u0101zu gredzenu izgatavo\u0161ana no klienta zelta, p\u0113c klienta dizaina. Roku darbs. Augst\u0101k\u0101 kvalit\u0101te. Izgatavo\u0161anas laiks 14 d. Ra\u017eots Lietuv\u0101. Lab\u0101k\u0101s cenas.\" \/>\n<meta property=\"og:url\" content=\"https:\/\/fashiongold.lt\/lv\/papuosalas\/kazu-gredzenu-individuals-pasutijums-mindaugs-un-jolanta-020-ct-cena-noradita-par-trim-gredzeniem\/\" \/>\n<meta property=\"og:site_name\" content=\"FashionGold.lt\" \/>\n<meta property=\"og:image\" content=\"https:\/\/fashiongold.lt\/wp-content\/uploads\/2025\/10\/2055-4e4-MINDAUGO-IR-JOLANTOS-VESTUVINIAI-ZIEDAI-scaled-1.webp\" \/>\n\t<meta property=\"og:image:width\" content=\"2560\" \/>\n\t<meta property=\"og:image:height\" content=\"2560\" \/>\n\t<meta property=\"og:image:type\" content=\"image\/jpeg\" \/>\n<meta name=\"twitter:card\" content=\"summary_large_image\" \/>\n<script type=\"application\/ld+json\" class=\"yoast-schema-graph\">{\"@context\":\"https:\/\/schema.org\",\"@graph\":[{\"@type\":\"WebPage\",\"@id\":\"https:\/\/fashiongold.lt\/lv\/papuosalas\/kazu-gredzenu-individuals-pasutijums-mindaugs-un-jolanta-020-ct-cena-noradita-par-trim-gredzeniem\/\",\"url\":\"https:\/\/fashiongold.lt\/lv\/papuosalas\/kazu-gredzenu-individuals-pasutijums-mindaugs-un-jolanta-020-ct-cena-noradita-par-trim-gredzeniem\/\",\"name\":\"Mirdzo\u0161i moderni laul\u012bbu gredzeni I FashionGold\",\"isPartOf\":{\"@id\":\"https:\/\/fashiongold.lt\/lv\/#website\"},\"primaryImageOfPage\":{\"@id\":\"https:\/\/fashiongold.lt\/lv\/papuosalas\/kazu-gredzenu-individuals-pasutijums-mindaugs-un-jolanta-020-ct-cena-noradita-par-trim-gredzeniem\/#primaryimage\"},\"image\":{\"@id\":\"https:\/\/fashiongold.lt\/lv\/papuosalas\/kazu-gredzenu-individuals-pasutijums-mindaugs-un-jolanta-020-ct-cena-noradita-par-trim-gredzeniem\/#primaryimage\"},\"thumbnailUrl\":\"https:\/\/fashiongold.lt\/wp-content\/uploads\/2025\/10\/2055-4e4-MINDAUGO-IR-JOLANTOS-VESTUVINIAI-ZIEDAI-scaled-1.jpg\",\"datePublished\":\"2025-10-09T19:11:52+00:00\",\"description\":\"K\u0101zu gredzenu izgatavo\u0161ana no klienta zelta, p\u0113c klienta dizaina. Roku darbs. Augst\u0101k\u0101 kvalit\u0101te. Izgatavo\u0161anas laiks 14 d. Ra\u017eots Lietuv\u0101. Lab\u0101k\u0101s cenas.\",\"breadcrumb\":{\"@id\":\"https:\/\/fashiongold.lt\/lv\/papuosalas\/kazu-gredzenu-individuals-pasutijums-mindaugs-un-jolanta-020-ct-cena-noradita-par-trim-gredzeniem\/#breadcrumb\"},\"inLanguage\":\"lv-LV\",\"potentialAction\":[{\"@type\":\"ReadAction\",\"target\":[\"https:\/\/fashiongold.lt\/lv\/papuosalas\/kazu-gredzenu-individuals-pasutijums-mindaugs-un-jolanta-020-ct-cena-noradita-par-trim-gredzeniem\/\"]}]},{\"@type\":\"ImageObject\",\"inLanguage\":\"lv-LV\",\"@id\":\"https:\/\/fashiongold.lt\/lv\/papuosalas\/kazu-gredzenu-individuals-pasutijums-mindaugs-un-jolanta-020-ct-cena-noradita-par-trim-gredzeniem\/#primaryimage\",\"url\":\"https:\/\/fashiongold.lt\/wp-content\/uploads\/2025\/10\/2055-4e4-MINDAUGO-IR-JOLANTOS-VESTUVINIAI-ZIEDAI-scaled-1.jpg\",\"contentUrl\":\"https:\/\/fashiongold.lt\/wp-content\/uploads\/2025\/10\/2055-4e4-MINDAUGO-IR-JOLANTOS-VESTUVINIAI-ZIEDAI-scaled-1.jpg\",\"width\":2560,\"height\":2560},{\"@type\":\"BreadcrumbList\",\"@id\":\"https:\/\/fashiongold.lt\/lv\/papuosalas\/kazu-gredzenu-individuals-pasutijums-mindaugs-un-jolanta-020-ct-cena-noradita-par-trim-gredzeniem\/#breadcrumb\",\"itemListElement\":[{\"@type\":\"ListItem\",\"position\":1,\"name\":\"Home\",\"item\":\"https:\/\/fashiongold.lt\/lv\/\"},{\"@type\":\"ListItem\",\"position\":2,\"name\":\"Dimantu veikals Fashiongold.lt\",\"item\":\"https:\/\/fashiongold.lt\/shop-2\/\"},{\"@type\":\"ListItem\",\"position\":3,\"name\":\"K\u0100ZU GREDZENU INDIVIDU\u0100LS PAS\u016aT\u012aJUMS \u2013 MINDAUGS UN JOLANTA (0,20 ct) (CENA NOR\u0100D\u012aTA PAR TRIM GREDZENIEM)\"}]},{\"@type\":\"WebSite\",\"@id\":\"https:\/\/fashiongold.lt\/lv\/#website\",\"url\":\"https:\/\/fashiongold.lt\/lv\/\",\"name\":\"Fashion Gold\",\"description\":\"Juvelyrikos namai\",\"publisher\":{\"@id\":\"https:\/\/fashiongold.lt\/lv\/#organization\"},\"potentialAction\":[{\"@type\":\"SearchAction\",\"target\":{\"@type\":\"EntryPoint\",\"urlTemplate\":\"https:\/\/fashiongold.lt\/lv\/?s={search_term_string}\"},\"query-input\":{\"@type\":\"PropertyValueSpecification\",\"valueRequired\":true,\"valueName\":\"search_term_string\"}}],\"inLanguage\":\"lv-LV\"},{\"@type\":\"Organization\",\"@id\":\"https:\/\/fashiongold.lt\/lv\/#organization\",\"name\":\"Topdiamonds Online\",\"url\":\"https:\/\/fashiongold.lt\/lv\/\",\"logo\":{\"@type\":\"ImageObject\",\"inLanguage\":\"lv-LV\",\"@id\":\"https:\/\/fashiongold.lt\/lv\/#\/schema\/logo\/image\/\",\"url\":\"https:\/\/fashiongold.lt\/wp-content\/uploads\/2025\/04\/cropped-fashion_gold_logotipas2-scaled-1.png\",\"contentUrl\":\"https:\/\/fashiongold.lt\/wp-content\/uploads\/2025\/04\/cropped-fashion_gold_logotipas2-scaled-1.png\",\"width\":2559,\"height\":421,\"caption\":\"Topdiamonds Online\"},\"image\":{\"@id\":\"https:\/\/fashiongold.lt\/lv\/#\/schema\/logo\/image\/\"}}]}<\/script>\n<!-- \/ Yoast SEO plugin. -->","yoast_head_json":{"title":"Mirdzo\u0161i moderni laul\u012bbu gredzeni I FashionGold","description":"K\u0101zu gredzenu izgatavo\u0161ana no klienta zelta, p\u0113c klienta dizaina. Roku darbs. Augst\u0101k\u0101 kvalit\u0101te. Izgatavo\u0161anas laiks 14 d. Ra\u017eots Lietuv\u0101. Lab\u0101k\u0101s cenas.","robots":{"index":"index","follow":"follow","max-snippet":"max-snippet:-1","max-image-preview":"max-image-preview:large","max-video-preview":"max-video-preview:-1"},"canonical":"https:\/\/fashiongold.lt\/lv\/papuosalas\/kazu-gredzenu-individuals-pasutijums-mindaugs-un-jolanta-020-ct-cena-noradita-par-trim-gredzeniem\/","og_locale":"lv_LV","og_type":"article","og_title":"Mirdzo\u0161i moderni laul\u012bbu gredzeni I FashionGold","og_description":"K\u0101zu gredzenu izgatavo\u0161ana no klienta zelta, p\u0113c klienta dizaina. Roku darbs. Augst\u0101k\u0101 kvalit\u0101te. Izgatavo\u0161anas laiks 14 d. Ra\u017eots Lietuv\u0101. Lab\u0101k\u0101s cenas.","og_url":"https:\/\/fashiongold.lt\/lv\/papuosalas\/kazu-gredzenu-individuals-pasutijums-mindaugs-un-jolanta-020-ct-cena-noradita-par-trim-gredzeniem\/","og_site_name":"FashionGold.lt","og_image":[{"width":2560,"height":2560,"url":"https:\/\/fashiongold.lt\/wp-content\/uploads\/2025\/10\/2055-4e4-MINDAUGO-IR-JOLANTOS-VESTUVINIAI-ZIEDAI-scaled-1.webp","type":"image\/jpeg"}],"twitter_card":"summary_large_image","schema":{"@context":"https:\/\/schema.org","@graph":[{"@type":"WebPage","@id":"https:\/\/fashiongold.lt\/lv\/papuosalas\/kazu-gredzenu-individuals-pasutijums-mindaugs-un-jolanta-020-ct-cena-noradita-par-trim-gredzeniem\/","url":"https:\/\/fashiongold.lt\/lv\/papuosalas\/kazu-gredzenu-individuals-pasutijums-mindaugs-un-jolanta-020-ct-cena-noradita-par-trim-gredzeniem\/","name":"Mirdzo\u0161i moderni laul\u012bbu gredzeni I FashionGold","isPartOf":{"@id":"https:\/\/fashiongold.lt\/lv\/#website"},"primaryImageOfPage":{"@id":"https:\/\/fashiongold.lt\/lv\/papuosalas\/kazu-gredzenu-individuals-pasutijums-mindaugs-un-jolanta-020-ct-cena-noradita-par-trim-gredzeniem\/#primaryimage"},"image":{"@id":"https:\/\/fashiongold.lt\/lv\/papuosalas\/kazu-gredzenu-individuals-pasutijums-mindaugs-un-jolanta-020-ct-cena-noradita-par-trim-gredzeniem\/#primaryimage"},"thumbnailUrl":"https:\/\/fashiongold.lt\/wp-content\/uploads\/2025\/10\/2055-4e4-MINDAUGO-IR-JOLANTOS-VESTUVINIAI-ZIEDAI-scaled-1.jpg","datePublished":"2025-10-09T19:11:52+00:00","description":"K\u0101zu gredzenu izgatavo\u0161ana no klienta zelta, p\u0113c klienta dizaina. Roku darbs. Augst\u0101k\u0101 kvalit\u0101te. Izgatavo\u0161anas laiks 14 d. Ra\u017eots Lietuv\u0101. Lab\u0101k\u0101s cenas.","breadcrumb":{"@id":"https:\/\/fashiongold.lt\/lv\/papuosalas\/kazu-gredzenu-individuals-pasutijums-mindaugs-un-jolanta-020-ct-cena-noradita-par-trim-gredzeniem\/#breadcrumb"},"inLanguage":"lv-LV","potentialAction":[{"@type":"ReadAction","target":["https:\/\/fashiongold.lt\/lv\/papuosalas\/kazu-gredzenu-individuals-pasutijums-mindaugs-un-jolanta-020-ct-cena-noradita-par-trim-gredzeniem\/"]}]},{"@type":"ImageObject","inLanguage":"lv-LV","@id":"https:\/\/fashiongold.lt\/lv\/papuosalas\/kazu-gredzenu-individuals-pasutijums-mindaugs-un-jolanta-020-ct-cena-noradita-par-trim-gredzeniem\/#primaryimage","url":"https:\/\/fashiongold.lt\/wp-content\/uploads\/2025\/10\/2055-4e4-MINDAUGO-IR-JOLANTOS-VESTUVINIAI-ZIEDAI-scaled-1.jpg","contentUrl":"https:\/\/fashiongold.lt\/wp-content\/uploads\/2025\/10\/2055-4e4-MINDAUGO-IR-JOLANTOS-VESTUVINIAI-ZIEDAI-scaled-1.jpg","width":2560,"height":2560},{"@type":"BreadcrumbList","@id":"https:\/\/fashiongold.lt\/lv\/papuosalas\/kazu-gredzenu-individuals-pasutijums-mindaugs-un-jolanta-020-ct-cena-noradita-par-trim-gredzeniem\/#breadcrumb","itemListElement":[{"@type":"ListItem","position":1,"name":"Home","item":"https:\/\/fashiongold.lt\/lv\/"},{"@type":"ListItem","position":2,"name":"Dimantu veikals Fashiongold.lt","item":"https:\/\/fashiongold.lt\/shop-2\/"},{"@type":"ListItem","position":3,"name":"K\u0100ZU GREDZENU INDIVIDU\u0100LS PAS\u016aT\u012aJUMS \u2013 MINDAUGS UN JOLANTA (0,20 ct) (CENA NOR\u0100D\u012aTA PAR TRIM GREDZENIEM)"}]},{"@type":"WebSite","@id":"https:\/\/fashiongold.lt\/lv\/#website","url":"https:\/\/fashiongold.lt\/lv\/","name":"Fashion Gold","description":"Juvelyrikos namai","publisher":{"@id":"https:\/\/fashiongold.lt\/lv\/#organization"},"potentialAction":[{"@type":"SearchAction","target":{"@type":"EntryPoint","urlTemplate":"https:\/\/fashiongold.lt\/lv\/?s={search_term_string}"},"query-input":{"@type":"PropertyValueSpecification","valueRequired":true,"valueName":"search_term_string"}}],"inLanguage":"lv-LV"},{"@type":"Organization","@id":"https:\/\/fashiongold.lt\/lv\/#organization","name":"Topdiamonds Online","url":"https:\/\/fashiongold.lt\/lv\/","logo":{"@type":"ImageObject","inLanguage":"lv-LV","@id":"https:\/\/fashiongold.lt\/lv\/#\/schema\/logo\/image\/","url":"https:\/\/fashiongold.lt\/wp-content\/uploads\/2025\/04\/cropped-fashion_gold_logotipas2-scaled-1.png","contentUrl":"https:\/\/fashiongold.lt\/wp-content\/uploads\/2025\/04\/cropped-fashion_gold_logotipas2-scaled-1.png","width":2559,"height":421,"caption":"Topdiamonds Online"},"image":{"@id":"https:\/\/fashiongold.lt\/lv\/#\/schema\/logo\/image\/"}}]}},"_links":{"self":[{"href":"https:\/\/fashiongold.lt\/lv\/wp-json\/wp\/v2\/product\/287809","targetHints":{"allow":["GET"]}}],"collection":[{"href":"https:\/\/fashiongold.lt\/lv\/wp-json\/wp\/v2\/product"}],"about":[{"href":"https:\/\/fashiongold.lt\/lv\/wp-json\/wp\/v2\/types\/product"}],"version-history":[{"count":0,"href":"https:\/\/fashiongold.lt\/lv\/wp-json\/wp\/v2\/product\/287809\/revisions"}],"wp:featuredmedia":[{"embeddable":true,"href":"https:\/\/fashiongold.lt\/lv\/wp-json\/wp\/v2\/media\/59276"}],"wp:attachment":[{"href":"https:\/\/fashiongold.lt\/lv\/wp-json\/wp\/v2\/media?parent=287809"}],"wp:term":[{"taxonomy":"product_brand","embeddable":true,"href":"https:\/\/fashiongold.lt\/lv\/wp-json\/wp\/v2\/product_brand?post=287809"},{"taxonomy":"product_cat","embeddable":true,"href":"https:\/\/fashiongold.lt\/lv\/wp-json\/wp\/v2\/product_cat?post=287809"},{"taxonomy":"product_tag","embeddable":true,"href":"https:\/\/fashiongold.lt\/lv\/wp-json\/wp\/v2\/product_tag?post=287809"}],"curies":[{"name":"wp","href":"https:\/\/api.w.org\/{rel}","templated":true}]}}