{"id":287824,"date":"2025-10-09T19:11:52","date_gmt":"2025-10-09T19:11:52","guid":{"rendered":"https:\/\/fashiongold.lt\/papuosalas\/kazu-gredzenu-individuals-pasutijums-arturs-un-vilma-cena-noradita-par-diviem-gredzeniem\/"},"modified":"2025-10-09T19:11:52","modified_gmt":"2025-10-09T19:11:52","slug":"kazu-gredzenu-individuals-pasutijums-arturs-un-vilma-cena-noradita-par-diviem-gredzeniem","status":"publish","type":"product","link":"https:\/\/fashiongold.lt\/lv\/papuosalas\/kazu-gredzenu-individuals-pasutijums-arturs-un-vilma-cena-noradita-par-diviem-gredzeniem\/","title":{"rendered":"K\u0100ZU GREDZENU INDIVIDU\u0100LS PAS\u016aT\u012aJUMS \u2013 ART\u016aRS UN VILMA (CENA NOR\u0100D\u012aTA PAR DIVIEM GREDZENIEM)"},"content":{"rendered":"<p>Minimalistiska dizaina, plati zelta laul\u012bbas gredzeni. Baltais zelts izskat\u0101s lieliski, nedaudz raupj\u0101 un mat\u0113t\u0101 gredzenu virsma pie\u0161\u0137ir solidit\u0101ti. \u0160ie laul\u012bbas gredzeni ir plati, izskat\u0101s mas\u012bvi. Sievie\u0161u laul\u012bbas gredzens ir dekor\u0113ts ar \u010detru briljantu rindu. Ide\u0101li piem\u0113roti tiem, kas v\u0113las atst\u0101t iespaidu. Izgatavo\u0161anas laiks 14 d.d., varam izgatavot steidzam\u012bbas k\u0101rt\u0101 3 d.d. laik\u0101.\u00a0<\/p>\n","protected":false},"excerpt":{"rendered":"<p>Minim\u0101listiska dizaina, plati zelta laul\u012bbu gredzeni. Baltais zelts izskat\u0101s lieliski, nedaudz raupja un mat\u0113ta gredzenu virsma pie\u0161\u0137ir solidit\u0101ti. \u0160ie laul\u012bbu gredzeni ir plati, izskat\u0101s mas\u012bvi. Sievie\u0161u laul\u012bbu gredzens ir dekor\u0113ts ar \u010detru briljantu rindu. Ide\u0101li piem\u0113roti tiem, kas v\u0113las atst\u0101t iespaidu.<\/p>\n","protected":false},"featured_media":59217,"template":"","meta":{"site-sidebar-layout":"","site-content-layout":"","ast-site-content-layout":"","site-content-style":"","site-sidebar-style":"","ast-global-header-display":"","ast-banner-title-visibility":"","ast-main-header-display":"","ast-hfb-above-header-display":"","ast-hfb-below-header-display":"","ast-hfb-mobile-header-display":"","site-post-title":"","ast-breadcrumbs-content":"","ast-featured-img":"","footer-sml-layout":"","ast-disable-related-posts":"","theme-transparent-header-meta":"","adv-header-id-meta":"","stick-header-meta":"","header-above-stick-meta":"","header-main-stick-meta":"","header-below-stick-meta":"","astra-migrate-meta-layouts":"default","ast-page-background-enabled":"default","ast-page-background-meta":{"desktop":{"background-color":"var(--ast-global-color-4)","background-image":"","background-repeat":"repeat","background-position":"center center","background-size":"auto","background-attachment":"scroll","background-type":"","background-media":"","overlay-type":"","overlay-color":"","overlay-opacity":"","overlay-gradient":""},"tablet":{"background-color":"","background-image":"","background-repeat":"repeat","background-position":"center center","background-size":"auto","background-attachment":"scroll","background-type":"","background-media":"","overlay-type":"","overlay-color":"","overlay-opacity":"","overlay-gradient":""},"mobile":{"background-color":"","background-image":"","background-repeat":"repeat","background-position":"center center","background-size":"auto","background-attachment":"scroll","background-type":"","background-media":"","overlay-type":"","overlay-color":"","overlay-opacity":"","overlay-gradient":""}},"ast-content-background-meta":{"desktop":{"background-color":"var(--ast-global-color-5)","background-image":"","background-repeat":"repeat","background-position":"center center","background-size":"auto","background-attachment":"scroll","background-type":"","background-media":"","overlay-type":"","overlay-color":"","overlay-opacity":"","overlay-gradient":""},"tablet":{"background-color":"var(--ast-global-color-5)","background-image":"","background-repeat":"repeat","background-position":"center center","background-size":"auto","background-attachment":"scroll","background-type":"","background-media":"","overlay-type":"","overlay-color":"","overlay-opacity":"","overlay-gradient":""},"mobile":{"background-color":"var(--ast-global-color-5)","background-image":"","background-repeat":"repeat","background-position":"center center","background-size":"auto","background-attachment":"scroll","background-type":"","background-media":"","overlay-type":"","overlay-color":"","overlay-opacity":"","overlay-gradient":""}}},"product_brand":[],"product_cat":[3522,3524,3525,3527,4058],"product_tag":[],"class_list":{"0":"post-287824","1":"product","2":"type-product","3":"status-publish","4":"has-post-thumbnail","6":"product_cat-balta-zelta-laulibu-gredzeni","7":"product_cat-kazu-gredzeni","8":"product_cat-laulibas-gredzeni-pariem","9":"product_cat-moderni-kazu-gredzeni","10":"product_cat-paveiktie-darbi-laulibu-gredzeni","11":"desktop-align-center","12":"tablet-align-left","13":"mobile-align-left","14":"ast-product-gallery-layout-horizontal-slider","15":"ast-product-gallery-with-no-image","16":"ast-product-tabs-layout-accordion","17":"ast-qv-on-image","19":"first","20":"instock","21":"taxable","22":"shipping-taxable","23":"purchasable","24":"product-type-simple"},"yoast_head":"<!-- This site is optimized with the Yoast SEO plugin v26.6 - https:\/\/yoast.com\/wordpress\/plugins\/seo\/ -->\n<title>Minim\u0101listiska dizaina k\u0101zu gredzeni I FashionGold<\/title>\n<meta name=\"description\" content=\"K\u0101zu gredzenu izgatavo\u0161ana no klienta zelta, p\u0113c klienta dizaina. Roku darbs. Augst\u0101k\u0101 kvalit\u0101te. Izgatavo\u0161anas termi\u0146\u0161 14 d.d. Kvalit\u0101tes sertifik\u0101ti.\" \/>\n<meta name=\"robots\" content=\"index, follow, max-snippet:-1, max-image-preview:large, max-video-preview:-1\" \/>\n<link rel=\"canonical\" href=\"https:\/\/fashiongold.lt\/lv\/papuosalas\/kazu-gredzenu-individuals-pasutijums-arturs-un-vilma-cena-noradita-par-diviem-gredzeniem\/\" \/>\n<meta property=\"og:locale\" content=\"lv_LV\" \/>\n<meta property=\"og:type\" content=\"article\" \/>\n<meta property=\"og:title\" content=\"Minim\u0101listiska dizaina k\u0101zu gredzeni I FashionGold\" \/>\n<meta property=\"og:description\" content=\"K\u0101zu gredzenu izgatavo\u0161ana no klienta zelta, p\u0113c klienta dizaina. Roku darbs. Augst\u0101k\u0101 kvalit\u0101te. Izgatavo\u0161anas termi\u0146\u0161 14 d.d. Kvalit\u0101tes sertifik\u0101ti.\" \/>\n<meta property=\"og:url\" content=\"https:\/\/fashiongold.lt\/lv\/papuosalas\/kazu-gredzenu-individuals-pasutijums-arturs-un-vilma-cena-noradita-par-diviem-gredzeniem\/\" \/>\n<meta property=\"og:site_name\" content=\"FashionGold.lt\" \/>\n<meta property=\"og:image\" content=\"https:\/\/fashiongold.lt\/wp-content\/uploads\/2025\/10\/2046-b22-ARTURO-IR-VILMOS-VESTUVINIAI-ZIEDAI.webp\" \/>\n\t<meta property=\"og:image:width\" content=\"2154\" \/>\n\t<meta property=\"og:image:height\" content=\"2154\" \/>\n\t<meta property=\"og:image:type\" content=\"image\/jpeg\" \/>\n<meta name=\"twitter:card\" content=\"summary_large_image\" \/>\n<script type=\"application\/ld+json\" class=\"yoast-schema-graph\">{\"@context\":\"https:\/\/schema.org\",\"@graph\":[{\"@type\":\"WebPage\",\"@id\":\"https:\/\/fashiongold.lt\/lv\/papuosalas\/kazu-gredzenu-individuals-pasutijums-arturs-un-vilma-cena-noradita-par-diviem-gredzeniem\/\",\"url\":\"https:\/\/fashiongold.lt\/lv\/papuosalas\/kazu-gredzenu-individuals-pasutijums-arturs-un-vilma-cena-noradita-par-diviem-gredzeniem\/\",\"name\":\"Minim\u0101listiska dizaina k\u0101zu gredzeni I FashionGold\",\"isPartOf\":{\"@id\":\"https:\/\/fashiongold.lt\/lv\/#website\"},\"primaryImageOfPage\":{\"@id\":\"https:\/\/fashiongold.lt\/lv\/papuosalas\/kazu-gredzenu-individuals-pasutijums-arturs-un-vilma-cena-noradita-par-diviem-gredzeniem\/#primaryimage\"},\"image\":{\"@id\":\"https:\/\/fashiongold.lt\/lv\/papuosalas\/kazu-gredzenu-individuals-pasutijums-arturs-un-vilma-cena-noradita-par-diviem-gredzeniem\/#primaryimage\"},\"thumbnailUrl\":\"https:\/\/fashiongold.lt\/wp-content\/uploads\/2025\/10\/2046-b22-ARTURO-IR-VILMOS-VESTUVINIAI-ZIEDAI.jpg\",\"datePublished\":\"2025-10-09T19:11:52+00:00\",\"description\":\"K\u0101zu gredzenu izgatavo\u0161ana no klienta zelta, p\u0113c klienta dizaina. Roku darbs. Augst\u0101k\u0101 kvalit\u0101te. Izgatavo\u0161anas termi\u0146\u0161 14 d.d. Kvalit\u0101tes sertifik\u0101ti.\",\"breadcrumb\":{\"@id\":\"https:\/\/fashiongold.lt\/lv\/papuosalas\/kazu-gredzenu-individuals-pasutijums-arturs-un-vilma-cena-noradita-par-diviem-gredzeniem\/#breadcrumb\"},\"inLanguage\":\"lv-LV\",\"potentialAction\":[{\"@type\":\"ReadAction\",\"target\":[\"https:\/\/fashiongold.lt\/lv\/papuosalas\/kazu-gredzenu-individuals-pasutijums-arturs-un-vilma-cena-noradita-par-diviem-gredzeniem\/\"]}]},{\"@type\":\"ImageObject\",\"inLanguage\":\"lv-LV\",\"@id\":\"https:\/\/fashiongold.lt\/lv\/papuosalas\/kazu-gredzenu-individuals-pasutijums-arturs-un-vilma-cena-noradita-par-diviem-gredzeniem\/#primaryimage\",\"url\":\"https:\/\/fashiongold.lt\/wp-content\/uploads\/2025\/10\/2046-b22-ARTURO-IR-VILMOS-VESTUVINIAI-ZIEDAI.jpg\",\"contentUrl\":\"https:\/\/fashiongold.lt\/wp-content\/uploads\/2025\/10\/2046-b22-ARTURO-IR-VILMOS-VESTUVINIAI-ZIEDAI.jpg\",\"width\":2154,\"height\":2154},{\"@type\":\"BreadcrumbList\",\"@id\":\"https:\/\/fashiongold.lt\/lv\/papuosalas\/kazu-gredzenu-individuals-pasutijums-arturs-un-vilma-cena-noradita-par-diviem-gredzeniem\/#breadcrumb\",\"itemListElement\":[{\"@type\":\"ListItem\",\"position\":1,\"name\":\"Home\",\"item\":\"https:\/\/fashiongold.lt\/lv\/\"},{\"@type\":\"ListItem\",\"position\":2,\"name\":\"Dimantu veikals Fashiongold.lt\",\"item\":\"https:\/\/fashiongold.lt\/shop-2\/\"},{\"@type\":\"ListItem\",\"position\":3,\"name\":\"K\u0100ZU GREDZENU INDIVIDU\u0100LS PAS\u016aT\u012aJUMS \u2013 ART\u016aRS UN VILMA (CENA NOR\u0100D\u012aTA PAR DIVIEM GREDZENIEM)\"}]},{\"@type\":\"WebSite\",\"@id\":\"https:\/\/fashiongold.lt\/lv\/#website\",\"url\":\"https:\/\/fashiongold.lt\/lv\/\",\"name\":\"Fashion Gold\",\"description\":\"Juvelyrikos namai\",\"publisher\":{\"@id\":\"https:\/\/fashiongold.lt\/lv\/#organization\"},\"potentialAction\":[{\"@type\":\"SearchAction\",\"target\":{\"@type\":\"EntryPoint\",\"urlTemplate\":\"https:\/\/fashiongold.lt\/lv\/?s={search_term_string}\"},\"query-input\":{\"@type\":\"PropertyValueSpecification\",\"valueRequired\":true,\"valueName\":\"search_term_string\"}}],\"inLanguage\":\"lv-LV\"},{\"@type\":\"Organization\",\"@id\":\"https:\/\/fashiongold.lt\/lv\/#organization\",\"name\":\"Topdiamonds Online\",\"url\":\"https:\/\/fashiongold.lt\/lv\/\",\"logo\":{\"@type\":\"ImageObject\",\"inLanguage\":\"lv-LV\",\"@id\":\"https:\/\/fashiongold.lt\/lv\/#\/schema\/logo\/image\/\",\"url\":\"https:\/\/fashiongold.lt\/wp-content\/uploads\/2025\/04\/cropped-fashion_gold_logotipas2-scaled-1.png\",\"contentUrl\":\"https:\/\/fashiongold.lt\/wp-content\/uploads\/2025\/04\/cropped-fashion_gold_logotipas2-scaled-1.png\",\"width\":2559,\"height\":421,\"caption\":\"Topdiamonds Online\"},\"image\":{\"@id\":\"https:\/\/fashiongold.lt\/lv\/#\/schema\/logo\/image\/\"}}]}<\/script>\n<!-- \/ Yoast SEO plugin. -->","yoast_head_json":{"title":"Minim\u0101listiska dizaina k\u0101zu gredzeni I FashionGold","description":"K\u0101zu gredzenu izgatavo\u0161ana no klienta zelta, p\u0113c klienta dizaina. Roku darbs. Augst\u0101k\u0101 kvalit\u0101te. Izgatavo\u0161anas termi\u0146\u0161 14 d.d. Kvalit\u0101tes sertifik\u0101ti.","robots":{"index":"index","follow":"follow","max-snippet":"max-snippet:-1","max-image-preview":"max-image-preview:large","max-video-preview":"max-video-preview:-1"},"canonical":"https:\/\/fashiongold.lt\/lv\/papuosalas\/kazu-gredzenu-individuals-pasutijums-arturs-un-vilma-cena-noradita-par-diviem-gredzeniem\/","og_locale":"lv_LV","og_type":"article","og_title":"Minim\u0101listiska dizaina k\u0101zu gredzeni I FashionGold","og_description":"K\u0101zu gredzenu izgatavo\u0161ana no klienta zelta, p\u0113c klienta dizaina. Roku darbs. Augst\u0101k\u0101 kvalit\u0101te. Izgatavo\u0161anas termi\u0146\u0161 14 d.d. Kvalit\u0101tes sertifik\u0101ti.","og_url":"https:\/\/fashiongold.lt\/lv\/papuosalas\/kazu-gredzenu-individuals-pasutijums-arturs-un-vilma-cena-noradita-par-diviem-gredzeniem\/","og_site_name":"FashionGold.lt","og_image":[{"width":2154,"height":2154,"url":"https:\/\/fashiongold.lt\/wp-content\/uploads\/2025\/10\/2046-b22-ARTURO-IR-VILMOS-VESTUVINIAI-ZIEDAI.webp","type":"image\/jpeg"}],"twitter_card":"summary_large_image","schema":{"@context":"https:\/\/schema.org","@graph":[{"@type":"WebPage","@id":"https:\/\/fashiongold.lt\/lv\/papuosalas\/kazu-gredzenu-individuals-pasutijums-arturs-un-vilma-cena-noradita-par-diviem-gredzeniem\/","url":"https:\/\/fashiongold.lt\/lv\/papuosalas\/kazu-gredzenu-individuals-pasutijums-arturs-un-vilma-cena-noradita-par-diviem-gredzeniem\/","name":"Minim\u0101listiska dizaina k\u0101zu gredzeni I FashionGold","isPartOf":{"@id":"https:\/\/fashiongold.lt\/lv\/#website"},"primaryImageOfPage":{"@id":"https:\/\/fashiongold.lt\/lv\/papuosalas\/kazu-gredzenu-individuals-pasutijums-arturs-un-vilma-cena-noradita-par-diviem-gredzeniem\/#primaryimage"},"image":{"@id":"https:\/\/fashiongold.lt\/lv\/papuosalas\/kazu-gredzenu-individuals-pasutijums-arturs-un-vilma-cena-noradita-par-diviem-gredzeniem\/#primaryimage"},"thumbnailUrl":"https:\/\/fashiongold.lt\/wp-content\/uploads\/2025\/10\/2046-b22-ARTURO-IR-VILMOS-VESTUVINIAI-ZIEDAI.jpg","datePublished":"2025-10-09T19:11:52+00:00","description":"K\u0101zu gredzenu izgatavo\u0161ana no klienta zelta, p\u0113c klienta dizaina. Roku darbs. Augst\u0101k\u0101 kvalit\u0101te. Izgatavo\u0161anas termi\u0146\u0161 14 d.d. Kvalit\u0101tes sertifik\u0101ti.","breadcrumb":{"@id":"https:\/\/fashiongold.lt\/lv\/papuosalas\/kazu-gredzenu-individuals-pasutijums-arturs-un-vilma-cena-noradita-par-diviem-gredzeniem\/#breadcrumb"},"inLanguage":"lv-LV","potentialAction":[{"@type":"ReadAction","target":["https:\/\/fashiongold.lt\/lv\/papuosalas\/kazu-gredzenu-individuals-pasutijums-arturs-un-vilma-cena-noradita-par-diviem-gredzeniem\/"]}]},{"@type":"ImageObject","inLanguage":"lv-LV","@id":"https:\/\/fashiongold.lt\/lv\/papuosalas\/kazu-gredzenu-individuals-pasutijums-arturs-un-vilma-cena-noradita-par-diviem-gredzeniem\/#primaryimage","url":"https:\/\/fashiongold.lt\/wp-content\/uploads\/2025\/10\/2046-b22-ARTURO-IR-VILMOS-VESTUVINIAI-ZIEDAI.jpg","contentUrl":"https:\/\/fashiongold.lt\/wp-content\/uploads\/2025\/10\/2046-b22-ARTURO-IR-VILMOS-VESTUVINIAI-ZIEDAI.jpg","width":2154,"height":2154},{"@type":"BreadcrumbList","@id":"https:\/\/fashiongold.lt\/lv\/papuosalas\/kazu-gredzenu-individuals-pasutijums-arturs-un-vilma-cena-noradita-par-diviem-gredzeniem\/#breadcrumb","itemListElement":[{"@type":"ListItem","position":1,"name":"Home","item":"https:\/\/fashiongold.lt\/lv\/"},{"@type":"ListItem","position":2,"name":"Dimantu veikals Fashiongold.lt","item":"https:\/\/fashiongold.lt\/shop-2\/"},{"@type":"ListItem","position":3,"name":"K\u0100ZU GREDZENU INDIVIDU\u0100LS PAS\u016aT\u012aJUMS \u2013 ART\u016aRS UN VILMA (CENA NOR\u0100D\u012aTA PAR DIVIEM GREDZENIEM)"}]},{"@type":"WebSite","@id":"https:\/\/fashiongold.lt\/lv\/#website","url":"https:\/\/fashiongold.lt\/lv\/","name":"Fashion Gold","description":"Juvelyrikos namai","publisher":{"@id":"https:\/\/fashiongold.lt\/lv\/#organization"},"potentialAction":[{"@type":"SearchAction","target":{"@type":"EntryPoint","urlTemplate":"https:\/\/fashiongold.lt\/lv\/?s={search_term_string}"},"query-input":{"@type":"PropertyValueSpecification","valueRequired":true,"valueName":"search_term_string"}}],"inLanguage":"lv-LV"},{"@type":"Organization","@id":"https:\/\/fashiongold.lt\/lv\/#organization","name":"Topdiamonds Online","url":"https:\/\/fashiongold.lt\/lv\/","logo":{"@type":"ImageObject","inLanguage":"lv-LV","@id":"https:\/\/fashiongold.lt\/lv\/#\/schema\/logo\/image\/","url":"https:\/\/fashiongold.lt\/wp-content\/uploads\/2025\/04\/cropped-fashion_gold_logotipas2-scaled-1.png","contentUrl":"https:\/\/fashiongold.lt\/wp-content\/uploads\/2025\/04\/cropped-fashion_gold_logotipas2-scaled-1.png","width":2559,"height":421,"caption":"Topdiamonds Online"},"image":{"@id":"https:\/\/fashiongold.lt\/lv\/#\/schema\/logo\/image\/"}}]}},"_links":{"self":[{"href":"https:\/\/fashiongold.lt\/lv\/wp-json\/wp\/v2\/product\/287824","targetHints":{"allow":["GET"]}}],"collection":[{"href":"https:\/\/fashiongold.lt\/lv\/wp-json\/wp\/v2\/product"}],"about":[{"href":"https:\/\/fashiongold.lt\/lv\/wp-json\/wp\/v2\/types\/product"}],"version-history":[{"count":0,"href":"https:\/\/fashiongold.lt\/lv\/wp-json\/wp\/v2\/product\/287824\/revisions"}],"wp:featuredmedia":[{"embeddable":true,"href":"https:\/\/fashiongold.lt\/lv\/wp-json\/wp\/v2\/media\/59217"}],"wp:attachment":[{"href":"https:\/\/fashiongold.lt\/lv\/wp-json\/wp\/v2\/media?parent=287824"}],"wp:term":[{"taxonomy":"product_brand","embeddable":true,"href":"https:\/\/fashiongold.lt\/lv\/wp-json\/wp\/v2\/product_brand?post=287824"},{"taxonomy":"product_cat","embeddable":true,"href":"https:\/\/fashiongold.lt\/lv\/wp-json\/wp\/v2\/product_cat?post=287824"},{"taxonomy":"product_tag","embeddable":true,"href":"https:\/\/fashiongold.lt\/lv\/wp-json\/wp\/v2\/product_tag?post=287824"}],"curies":[{"name":"wp","href":"https:\/\/api.w.org\/{rel}","templated":true}]}}