{"id":287834,"date":"2025-10-09T19:11:27","date_gmt":"2025-10-09T19:11:27","guid":{"rendered":"https:\/\/fashiongold.lt\/papuosalas\/individuals-kazu-gredzenu-pasutijums-aleksa-kazu-gredzens\/"},"modified":"2025-10-09T19:11:27","modified_gmt":"2025-10-09T19:11:27","slug":"individuals-kazu-gredzenu-pasutijums-aleksa-kazu-gredzens","status":"publish","type":"product","link":"https:\/\/fashiongold.lt\/lv\/papuosalas\/individuals-kazu-gredzenu-pasutijums-aleksa-kazu-gredzens\/","title":{"rendered":"INDIVIDU\u0100LS K\u0100ZU GREDZENU PAS\u016aT\u012aJUMS \u2013 ALEKSA K\u0100ZU GREDZENS"},"content":{"rendered":"<p>Pla\u0161s, mas\u012bvs laul\u012bbas gredzens \u2013 minim\u0101lisms ar klasikas un grezn\u012bbas pieska\u0146u. Maigi mat\u0113ta gredzena virsma v\u0113l vair\u0101k izce\u013c smalkumu un padara gredzenu unik\u0101lu. Izgatavo\u0161anas laiks 14 d.d., varam izgatavot steidzam\u012bbas k\u0101rt\u0101 3 d.d. laik\u0101.\u00a0<\/p>\n","protected":false},"excerpt":{"rendered":"<p>Plats, moderns, mas\u012bvs laul\u012bbas gredzens \u2013 minim\u0101lisms ar klasikas un luksusa pieska\u0146u. Maigi mat\u0113ta gredzena virsma v\u0113l vair\u0101k izce\u013c subtilit\u0101ti un padara gredzenu \u012bpa\u0161u.\u00a0<\/p>\n","protected":false},"featured_media":59118,"template":"","meta":{"site-sidebar-layout":"","site-content-layout":"","ast-site-content-layout":"","site-content-style":"","site-sidebar-style":"","ast-global-header-display":"","ast-banner-title-visibility":"","ast-main-header-display":"","ast-hfb-above-header-display":"","ast-hfb-below-header-display":"","ast-hfb-mobile-header-display":"","site-post-title":"","ast-breadcrumbs-content":"","ast-featured-img":"","footer-sml-layout":"","ast-disable-related-posts":"","theme-transparent-header-meta":"","adv-header-id-meta":"","stick-header-meta":"","header-above-stick-meta":"","header-main-stick-meta":"","header-below-stick-meta":"","astra-migrate-meta-layouts":"default","ast-page-background-enabled":"default","ast-page-background-meta":{"desktop":{"background-color":"var(--ast-global-color-4)","background-image":"","background-repeat":"repeat","background-position":"center center","background-size":"auto","background-attachment":"scroll","background-type":"","background-media":"","overlay-type":"","overlay-color":"","overlay-opacity":"","overlay-gradient":""},"tablet":{"background-color":"","background-image":"","background-repeat":"repeat","background-position":"center center","background-size":"auto","background-attachment":"scroll","background-type":"","background-media":"","overlay-type":"","overlay-color":"","overlay-opacity":"","overlay-gradient":""},"mobile":{"background-color":"","background-image":"","background-repeat":"repeat","background-position":"center center","background-size":"auto","background-attachment":"scroll","background-type":"","background-media":"","overlay-type":"","overlay-color":"","overlay-opacity":"","overlay-gradient":""}},"ast-content-background-meta":{"desktop":{"background-color":"var(--ast-global-color-5)","background-image":"","background-repeat":"repeat","background-position":"center center","background-size":"auto","background-attachment":"scroll","background-type":"","background-media":"","overlay-type":"","overlay-color":"","overlay-opacity":"","overlay-gradient":""},"tablet":{"background-color":"var(--ast-global-color-5)","background-image":"","background-repeat":"repeat","background-position":"center center","background-size":"auto","background-attachment":"scroll","background-type":"","background-media":"","overlay-type":"","overlay-color":"","overlay-opacity":"","overlay-gradient":""},"mobile":{"background-color":"var(--ast-global-color-5)","background-image":"","background-repeat":"repeat","background-position":"center center","background-size":"auto","background-attachment":"scroll","background-type":"","background-media":"","overlay-type":"","overlay-color":"","overlay-opacity":"","overlay-gradient":""}}},"product_brand":[],"product_cat":[3522,3524,4058,3769],"product_tag":[],"class_list":{"0":"post-287834","1":"product","2":"type-product","3":"status-publish","4":"has-post-thumbnail","6":"product_cat-balta-zelta-laulibu-gredzeni","7":"product_cat-kazu-gredzeni","8":"product_cat-paveiktie-darbi-laulibu-gredzeni","9":"product_cat-viriesu-laulibu-gredzeni","10":"desktop-align-center","11":"tablet-align-left","12":"mobile-align-left","13":"ast-product-gallery-layout-horizontal-slider","14":"ast-product-gallery-with-no-image","15":"ast-product-tabs-layout-accordion","16":"ast-qv-on-image","18":"first","19":"instock","20":"taxable","21":"shipping-taxable","22":"purchasable","23":"product-type-simple"},"yoast_head":"<!-- This site is optimized with the Yoast SEO plugin v26.6 - https:\/\/yoast.com\/wordpress\/plugins\/seo\/ -->\n<title>Moderns v\u012brie\u0161u k\u0101zu gredzens I FashionGold<\/title>\n<meta name=\"description\" content=\"Moderns laul\u012bbas gredzens ar komforta zonu. Izgatavo\u0161ana p\u0113c pas\u016bt\u012bjuma. Roku darbs. Augst\u0101k\u0101 kvalit\u0101te. Izgatavo\u0161anas termi\u0146\u0161 14 darba dienas. Ra\u017eots Lietuv\u0101.\" \/>\n<meta name=\"robots\" content=\"index, follow, max-snippet:-1, max-image-preview:large, max-video-preview:-1\" \/>\n<link rel=\"canonical\" href=\"https:\/\/fashiongold.lt\/lv\/papuosalas\/individuals-kazu-gredzenu-pasutijums-aleksa-kazu-gredzens\/\" \/>\n<meta property=\"og:locale\" content=\"lv_LV\" \/>\n<meta property=\"og:type\" content=\"article\" \/>\n<meta property=\"og:title\" content=\"Moderns v\u012brie\u0161u k\u0101zu gredzens I FashionGold\" \/>\n<meta property=\"og:description\" content=\"Moderns laul\u012bbas gredzens ar komforta zonu. Izgatavo\u0161ana p\u0113c pas\u016bt\u012bjuma. Roku darbs. Augst\u0101k\u0101 kvalit\u0101te. Izgatavo\u0161anas termi\u0146\u0161 14 darba dienas. Ra\u017eots Lietuv\u0101.\" \/>\n<meta property=\"og:url\" content=\"https:\/\/fashiongold.lt\/lv\/papuosalas\/individuals-kazu-gredzenu-pasutijums-aleksa-kazu-gredzens\/\" \/>\n<meta property=\"og:site_name\" content=\"FashionGold.lt\" \/>\n<meta property=\"og:image\" content=\"https:\/\/fashiongold.lt\/wp-content\/uploads\/2025\/10\/2032-27d-ALEKSO-VESTUVINIS-ZIEDAS.webp\" \/>\n\t<meta property=\"og:image:width\" content=\"997\" \/>\n\t<meta property=\"og:image:height\" content=\"997\" \/>\n\t<meta property=\"og:image:type\" content=\"image\/jpeg\" \/>\n<meta name=\"twitter:card\" content=\"summary_large_image\" \/>\n<script type=\"application\/ld+json\" class=\"yoast-schema-graph\">{\"@context\":\"https:\/\/schema.org\",\"@graph\":[{\"@type\":\"WebPage\",\"@id\":\"https:\/\/fashiongold.lt\/lv\/papuosalas\/individuals-kazu-gredzenu-pasutijums-aleksa-kazu-gredzens\/\",\"url\":\"https:\/\/fashiongold.lt\/lv\/papuosalas\/individuals-kazu-gredzenu-pasutijums-aleksa-kazu-gredzens\/\",\"name\":\"Moderns v\u012brie\u0161u k\u0101zu gredzens I FashionGold\",\"isPartOf\":{\"@id\":\"https:\/\/fashiongold.lt\/lv\/#website\"},\"primaryImageOfPage\":{\"@id\":\"https:\/\/fashiongold.lt\/lv\/papuosalas\/individuals-kazu-gredzenu-pasutijums-aleksa-kazu-gredzens\/#primaryimage\"},\"image\":{\"@id\":\"https:\/\/fashiongold.lt\/lv\/papuosalas\/individuals-kazu-gredzenu-pasutijums-aleksa-kazu-gredzens\/#primaryimage\"},\"thumbnailUrl\":\"https:\/\/fashiongold.lt\/wp-content\/uploads\/2025\/10\/2032-27d-ALEKSO-VESTUVINIS-ZIEDAS.jpg\",\"datePublished\":\"2025-10-09T19:11:27+00:00\",\"description\":\"Moderns laul\u012bbas gredzens ar komforta zonu. Izgatavo\u0161ana p\u0113c pas\u016bt\u012bjuma. Roku darbs. Augst\u0101k\u0101 kvalit\u0101te. Izgatavo\u0161anas termi\u0146\u0161 14 darba dienas. Ra\u017eots Lietuv\u0101.\",\"breadcrumb\":{\"@id\":\"https:\/\/fashiongold.lt\/lv\/papuosalas\/individuals-kazu-gredzenu-pasutijums-aleksa-kazu-gredzens\/#breadcrumb\"},\"inLanguage\":\"lv-LV\",\"potentialAction\":[{\"@type\":\"ReadAction\",\"target\":[\"https:\/\/fashiongold.lt\/lv\/papuosalas\/individuals-kazu-gredzenu-pasutijums-aleksa-kazu-gredzens\/\"]}]},{\"@type\":\"ImageObject\",\"inLanguage\":\"lv-LV\",\"@id\":\"https:\/\/fashiongold.lt\/lv\/papuosalas\/individuals-kazu-gredzenu-pasutijums-aleksa-kazu-gredzens\/#primaryimage\",\"url\":\"https:\/\/fashiongold.lt\/wp-content\/uploads\/2025\/10\/2032-27d-ALEKSO-VESTUVINIS-ZIEDAS.jpg\",\"contentUrl\":\"https:\/\/fashiongold.lt\/wp-content\/uploads\/2025\/10\/2032-27d-ALEKSO-VESTUVINIS-ZIEDAS.jpg\",\"width\":997,\"height\":997},{\"@type\":\"BreadcrumbList\",\"@id\":\"https:\/\/fashiongold.lt\/lv\/papuosalas\/individuals-kazu-gredzenu-pasutijums-aleksa-kazu-gredzens\/#breadcrumb\",\"itemListElement\":[{\"@type\":\"ListItem\",\"position\":1,\"name\":\"Home\",\"item\":\"https:\/\/fashiongold.lt\/lv\/\"},{\"@type\":\"ListItem\",\"position\":2,\"name\":\"Dimantu veikals Fashiongold.lt\",\"item\":\"https:\/\/fashiongold.lt\/shop-2\/\"},{\"@type\":\"ListItem\",\"position\":3,\"name\":\"INDIVIDU\u0100LS K\u0100ZU GREDZENU PAS\u016aT\u012aJUMS \u2013 ALEKSA K\u0100ZU GREDZENS\"}]},{\"@type\":\"WebSite\",\"@id\":\"https:\/\/fashiongold.lt\/lv\/#website\",\"url\":\"https:\/\/fashiongold.lt\/lv\/\",\"name\":\"Fashion Gold\",\"description\":\"Juvelyrikos namai\",\"publisher\":{\"@id\":\"https:\/\/fashiongold.lt\/lv\/#organization\"},\"potentialAction\":[{\"@type\":\"SearchAction\",\"target\":{\"@type\":\"EntryPoint\",\"urlTemplate\":\"https:\/\/fashiongold.lt\/lv\/?s={search_term_string}\"},\"query-input\":{\"@type\":\"PropertyValueSpecification\",\"valueRequired\":true,\"valueName\":\"search_term_string\"}}],\"inLanguage\":\"lv-LV\"},{\"@type\":\"Organization\",\"@id\":\"https:\/\/fashiongold.lt\/lv\/#organization\",\"name\":\"Topdiamonds Online\",\"url\":\"https:\/\/fashiongold.lt\/lv\/\",\"logo\":{\"@type\":\"ImageObject\",\"inLanguage\":\"lv-LV\",\"@id\":\"https:\/\/fashiongold.lt\/lv\/#\/schema\/logo\/image\/\",\"url\":\"https:\/\/fashiongold.lt\/wp-content\/uploads\/2025\/04\/cropped-fashion_gold_logotipas2-scaled-1.png\",\"contentUrl\":\"https:\/\/fashiongold.lt\/wp-content\/uploads\/2025\/04\/cropped-fashion_gold_logotipas2-scaled-1.png\",\"width\":2559,\"height\":421,\"caption\":\"Topdiamonds Online\"},\"image\":{\"@id\":\"https:\/\/fashiongold.lt\/lv\/#\/schema\/logo\/image\/\"}}]}<\/script>\n<!-- \/ Yoast SEO plugin. -->","yoast_head_json":{"title":"Moderns v\u012brie\u0161u k\u0101zu gredzens I FashionGold","description":"Moderns laul\u012bbas gredzens ar komforta zonu. Izgatavo\u0161ana p\u0113c pas\u016bt\u012bjuma. Roku darbs. Augst\u0101k\u0101 kvalit\u0101te. Izgatavo\u0161anas termi\u0146\u0161 14 darba dienas. Ra\u017eots Lietuv\u0101.","robots":{"index":"index","follow":"follow","max-snippet":"max-snippet:-1","max-image-preview":"max-image-preview:large","max-video-preview":"max-video-preview:-1"},"canonical":"https:\/\/fashiongold.lt\/lv\/papuosalas\/individuals-kazu-gredzenu-pasutijums-aleksa-kazu-gredzens\/","og_locale":"lv_LV","og_type":"article","og_title":"Moderns v\u012brie\u0161u k\u0101zu gredzens I FashionGold","og_description":"Moderns laul\u012bbas gredzens ar komforta zonu. Izgatavo\u0161ana p\u0113c pas\u016bt\u012bjuma. Roku darbs. Augst\u0101k\u0101 kvalit\u0101te. Izgatavo\u0161anas termi\u0146\u0161 14 darba dienas. Ra\u017eots Lietuv\u0101.","og_url":"https:\/\/fashiongold.lt\/lv\/papuosalas\/individuals-kazu-gredzenu-pasutijums-aleksa-kazu-gredzens\/","og_site_name":"FashionGold.lt","og_image":[{"width":997,"height":997,"url":"https:\/\/fashiongold.lt\/wp-content\/uploads\/2025\/10\/2032-27d-ALEKSO-VESTUVINIS-ZIEDAS.webp","type":"image\/jpeg"}],"twitter_card":"summary_large_image","schema":{"@context":"https:\/\/schema.org","@graph":[{"@type":"WebPage","@id":"https:\/\/fashiongold.lt\/lv\/papuosalas\/individuals-kazu-gredzenu-pasutijums-aleksa-kazu-gredzens\/","url":"https:\/\/fashiongold.lt\/lv\/papuosalas\/individuals-kazu-gredzenu-pasutijums-aleksa-kazu-gredzens\/","name":"Moderns v\u012brie\u0161u k\u0101zu gredzens I FashionGold","isPartOf":{"@id":"https:\/\/fashiongold.lt\/lv\/#website"},"primaryImageOfPage":{"@id":"https:\/\/fashiongold.lt\/lv\/papuosalas\/individuals-kazu-gredzenu-pasutijums-aleksa-kazu-gredzens\/#primaryimage"},"image":{"@id":"https:\/\/fashiongold.lt\/lv\/papuosalas\/individuals-kazu-gredzenu-pasutijums-aleksa-kazu-gredzens\/#primaryimage"},"thumbnailUrl":"https:\/\/fashiongold.lt\/wp-content\/uploads\/2025\/10\/2032-27d-ALEKSO-VESTUVINIS-ZIEDAS.jpg","datePublished":"2025-10-09T19:11:27+00:00","description":"Moderns laul\u012bbas gredzens ar komforta zonu. Izgatavo\u0161ana p\u0113c pas\u016bt\u012bjuma. Roku darbs. Augst\u0101k\u0101 kvalit\u0101te. Izgatavo\u0161anas termi\u0146\u0161 14 darba dienas. Ra\u017eots Lietuv\u0101.","breadcrumb":{"@id":"https:\/\/fashiongold.lt\/lv\/papuosalas\/individuals-kazu-gredzenu-pasutijums-aleksa-kazu-gredzens\/#breadcrumb"},"inLanguage":"lv-LV","potentialAction":[{"@type":"ReadAction","target":["https:\/\/fashiongold.lt\/lv\/papuosalas\/individuals-kazu-gredzenu-pasutijums-aleksa-kazu-gredzens\/"]}]},{"@type":"ImageObject","inLanguage":"lv-LV","@id":"https:\/\/fashiongold.lt\/lv\/papuosalas\/individuals-kazu-gredzenu-pasutijums-aleksa-kazu-gredzens\/#primaryimage","url":"https:\/\/fashiongold.lt\/wp-content\/uploads\/2025\/10\/2032-27d-ALEKSO-VESTUVINIS-ZIEDAS.jpg","contentUrl":"https:\/\/fashiongold.lt\/wp-content\/uploads\/2025\/10\/2032-27d-ALEKSO-VESTUVINIS-ZIEDAS.jpg","width":997,"height":997},{"@type":"BreadcrumbList","@id":"https:\/\/fashiongold.lt\/lv\/papuosalas\/individuals-kazu-gredzenu-pasutijums-aleksa-kazu-gredzens\/#breadcrumb","itemListElement":[{"@type":"ListItem","position":1,"name":"Home","item":"https:\/\/fashiongold.lt\/lv\/"},{"@type":"ListItem","position":2,"name":"Dimantu veikals Fashiongold.lt","item":"https:\/\/fashiongold.lt\/shop-2\/"},{"@type":"ListItem","position":3,"name":"INDIVIDU\u0100LS K\u0100ZU GREDZENU PAS\u016aT\u012aJUMS \u2013 ALEKSA K\u0100ZU GREDZENS"}]},{"@type":"WebSite","@id":"https:\/\/fashiongold.lt\/lv\/#website","url":"https:\/\/fashiongold.lt\/lv\/","name":"Fashion Gold","description":"Juvelyrikos namai","publisher":{"@id":"https:\/\/fashiongold.lt\/lv\/#organization"},"potentialAction":[{"@type":"SearchAction","target":{"@type":"EntryPoint","urlTemplate":"https:\/\/fashiongold.lt\/lv\/?s={search_term_string}"},"query-input":{"@type":"PropertyValueSpecification","valueRequired":true,"valueName":"search_term_string"}}],"inLanguage":"lv-LV"},{"@type":"Organization","@id":"https:\/\/fashiongold.lt\/lv\/#organization","name":"Topdiamonds Online","url":"https:\/\/fashiongold.lt\/lv\/","logo":{"@type":"ImageObject","inLanguage":"lv-LV","@id":"https:\/\/fashiongold.lt\/lv\/#\/schema\/logo\/image\/","url":"https:\/\/fashiongold.lt\/wp-content\/uploads\/2025\/04\/cropped-fashion_gold_logotipas2-scaled-1.png","contentUrl":"https:\/\/fashiongold.lt\/wp-content\/uploads\/2025\/04\/cropped-fashion_gold_logotipas2-scaled-1.png","width":2559,"height":421,"caption":"Topdiamonds Online"},"image":{"@id":"https:\/\/fashiongold.lt\/lv\/#\/schema\/logo\/image\/"}}]}},"_links":{"self":[{"href":"https:\/\/fashiongold.lt\/lv\/wp-json\/wp\/v2\/product\/287834","targetHints":{"allow":["GET"]}}],"collection":[{"href":"https:\/\/fashiongold.lt\/lv\/wp-json\/wp\/v2\/product"}],"about":[{"href":"https:\/\/fashiongold.lt\/lv\/wp-json\/wp\/v2\/types\/product"}],"version-history":[{"count":0,"href":"https:\/\/fashiongold.lt\/lv\/wp-json\/wp\/v2\/product\/287834\/revisions"}],"wp:featuredmedia":[{"embeddable":true,"href":"https:\/\/fashiongold.lt\/lv\/wp-json\/wp\/v2\/media\/59118"}],"wp:attachment":[{"href":"https:\/\/fashiongold.lt\/lv\/wp-json\/wp\/v2\/media?parent=287834"}],"wp:term":[{"taxonomy":"product_brand","embeddable":true,"href":"https:\/\/fashiongold.lt\/lv\/wp-json\/wp\/v2\/product_brand?post=287834"},{"taxonomy":"product_cat","embeddable":true,"href":"https:\/\/fashiongold.lt\/lv\/wp-json\/wp\/v2\/product_cat?post=287834"},{"taxonomy":"product_tag","embeddable":true,"href":"https:\/\/fashiongold.lt\/lv\/wp-json\/wp\/v2\/product_tag?post=287834"}],"curies":[{"name":"wp","href":"https:\/\/api.w.org\/{rel}","templated":true}]}}