{"id":287849,"date":"2025-10-09T19:11:27","date_gmt":"2025-10-09T19:11:27","guid":{"rendered":"https:\/\/fashiongold.lt\/papuosalas\/individuals-kazu-gredzenu-pasutijums-mikolas-un-rita-020-ct-cena-noradita-par-diviem-gredzeniem\/"},"modified":"2025-10-09T19:11:27","modified_gmt":"2025-10-09T19:11:27","slug":"individuals-kazu-gredzenu-pasutijums-mikolas-un-rita-020-ct-cena-noradita-par-diviem-gredzeniem","status":"publish","type":"product","link":"https:\/\/fashiongold.lt\/lv\/papuosalas\/individuals-kazu-gredzenu-pasutijums-mikolas-un-rita-020-ct-cena-noradita-par-diviem-gredzeniem\/","title":{"rendered":"INDIVIDU\u0100LS K\u0100ZU GREDZENU PAS\u016aT\u012aJUMS \u2013 MIKOLAS UN RITA (0,20 ct) (CENA NOR\u0100D\u012aTA PAR DIVIEM GREDZENIEM)"},"content":{"rendered":"<p>Zelta laul\u012bbas gredzeni Vi\u0146am un Vi\u0146ai \u2013 l\u012bdz\u012bgi un taj\u0101 pa\u0161\u0101 laik\u0101 kontrast\u0113jo\u0161i. V\u012brie\u0161u laul\u012bbas gredzens ir plats, kontrastu pie\u0161\u0137ir dzelten\u0101 zelta josla, kas iet pa vidu. Sievie\u0161u laul\u012bbas gredzens ar briljantiem \u2013 elegants, stil\u012bgs un grezns. Izgatavo\u0161anas laiks 14 d.d., varam izgatavot steidzam\u012bbas k\u0101rt\u0101 3 d.d. laik\u0101.<\/p>\n","protected":false},"excerpt":{"rendered":"<p>Zelta laul\u012bbas gredzeni Vi\u0146am un Vi\u0146ai \u2013 l\u012bdz\u012bgi un taj\u0101 pa\u0161\u0101 laik\u0101 kontrast\u0113jo\u0161i. V\u012brie\u0161u laul\u012bbas gredzens ir plats, kontrastu pie\u0161\u0137ir pa vidu ejo\u0161a dzelten\u0101 zelta josli\u0146a. Sievie\u0161u laul\u012bbas gredzens ar briljantiem (0,20 ct) \u2013 elegants, stil\u012bgs un grezens.\u00a0<\/p>\n","protected":false},"featured_media":59060,"template":"","meta":{"site-sidebar-layout":"","site-content-layout":"","ast-site-content-layout":"","site-content-style":"","site-sidebar-style":"","ast-global-header-display":"","ast-banner-title-visibility":"","ast-main-header-display":"","ast-hfb-above-header-display":"","ast-hfb-below-header-display":"","ast-hfb-mobile-header-display":"","site-post-title":"","ast-breadcrumbs-content":"","ast-featured-img":"","footer-sml-layout":"","ast-disable-related-posts":"","theme-transparent-header-meta":"","adv-header-id-meta":"","stick-header-meta":"","header-above-stick-meta":"","header-main-stick-meta":"","header-below-stick-meta":"","astra-migrate-meta-layouts":"default","ast-page-background-enabled":"default","ast-page-background-meta":{"desktop":{"background-color":"var(--ast-global-color-4)","background-image":"","background-repeat":"repeat","background-position":"center center","background-size":"auto","background-attachment":"scroll","background-type":"","background-media":"","overlay-type":"","overlay-color":"","overlay-opacity":"","overlay-gradient":""},"tablet":{"background-color":"","background-image":"","background-repeat":"repeat","background-position":"center center","background-size":"auto","background-attachment":"scroll","background-type":"","background-media":"","overlay-type":"","overlay-color":"","overlay-opacity":"","overlay-gradient":""},"mobile":{"background-color":"","background-image":"","background-repeat":"repeat","background-position":"center center","background-size":"auto","background-attachment":"scroll","background-type":"","background-media":"","overlay-type":"","overlay-color":"","overlay-opacity":"","overlay-gradient":""}},"ast-content-background-meta":{"desktop":{"background-color":"var(--ast-global-color-5)","background-image":"","background-repeat":"repeat","background-position":"center center","background-size":"auto","background-attachment":"scroll","background-type":"","background-media":"","overlay-type":"","overlay-color":"","overlay-opacity":"","overlay-gradient":""},"tablet":{"background-color":"var(--ast-global-color-5)","background-image":"","background-repeat":"repeat","background-position":"center center","background-size":"auto","background-attachment":"scroll","background-type":"","background-media":"","overlay-type":"","overlay-color":"","overlay-opacity":"","overlay-gradient":""},"mobile":{"background-color":"var(--ast-global-color-5)","background-image":"","background-repeat":"repeat","background-position":"center center","background-size":"auto","background-attachment":"scroll","background-type":"","background-media":"","overlay-type":"","overlay-color":"","overlay-opacity":"","overlay-gradient":""}}},"product_brand":[],"product_cat":[3524,3525,3526,3527,4058],"product_tag":[],"class_list":{"0":"post-287849","1":"product","2":"type-product","3":"status-publish","4":"has-post-thumbnail","6":"product_cat-kazu-gredzeni","7":"product_cat-laulibas-gredzeni-pariem","8":"product_cat-laulibu-gredzeni-ar-dimantiem","9":"product_cat-moderni-kazu-gredzeni","10":"product_cat-paveiktie-darbi-laulibu-gredzeni","11":"desktop-align-center","12":"tablet-align-left","13":"mobile-align-left","14":"ast-product-gallery-layout-horizontal-slider","15":"ast-product-gallery-with-no-image","16":"ast-product-tabs-layout-accordion","17":"ast-qv-on-image","19":"first","20":"instock","21":"taxable","22":"shipping-taxable","23":"purchasable","24":"product-type-simple"},"yoast_head":"<!-- This site is optimized with the Yoast SEO plugin v26.6 - https:\/\/yoast.com\/wordpress\/plugins\/seo\/ -->\n<title>Izcili augstas kvalit\u0101tes laul\u012bbu gredzeni I FashionGold<\/title>\n<meta name=\"description\" content=\"Zelta laul\u012bbas gredzeni FashionGold juvelierizstr\u0101d\u0101jumu nam\u0101 \u2013 \u0161eit atrad\u012bsiet neparasti pla\u0161u laul\u012bbu gredzenu izv\u0113li. Lab\u0101k\u0101s cenas Izgatavo\u0161ana p\u0113c pas\u016bt\u012bjuma\" \/>\n<meta name=\"robots\" content=\"index, follow, max-snippet:-1, max-image-preview:large, max-video-preview:-1\" \/>\n<link rel=\"canonical\" href=\"https:\/\/fashiongold.lt\/lv\/papuosalas\/individuals-kazu-gredzenu-pasutijums-mikolas-un-rita-020-ct-cena-noradita-par-diviem-gredzeniem\/\" \/>\n<meta property=\"og:locale\" content=\"lv_LV\" \/>\n<meta property=\"og:type\" content=\"article\" \/>\n<meta property=\"og:title\" content=\"Izcili augstas kvalit\u0101tes laul\u012bbu gredzeni I FashionGold\" \/>\n<meta property=\"og:description\" content=\"Zelta laul\u012bbas gredzeni FashionGold juvelierizstr\u0101d\u0101jumu nam\u0101 \u2013 \u0161eit atrad\u012bsiet neparasti pla\u0161u laul\u012bbu gredzenu izv\u0113li. Lab\u0101k\u0101s cenas Izgatavo\u0161ana p\u0113c pas\u016bt\u012bjuma\" \/>\n<meta property=\"og:url\" content=\"https:\/\/fashiongold.lt\/lv\/papuosalas\/individuals-kazu-gredzenu-pasutijums-mikolas-un-rita-020-ct-cena-noradita-par-diviem-gredzeniem\/\" \/>\n<meta property=\"og:site_name\" content=\"FashionGold.lt\" \/>\n<meta property=\"og:image\" content=\"https:\/\/fashiongold.lt\/wp-content\/uploads\/2025\/10\/2024-f57-MYKOLO-IR-RITOS-VESTUVINIAI-ZIEDAI.webp\" \/>\n\t<meta property=\"og:image:width\" content=\"1872\" \/>\n\t<meta property=\"og:image:height\" content=\"1872\" \/>\n\t<meta property=\"og:image:type\" content=\"image\/jpeg\" \/>\n<meta name=\"twitter:card\" content=\"summary_large_image\" \/>\n<script type=\"application\/ld+json\" class=\"yoast-schema-graph\">{\"@context\":\"https:\/\/schema.org\",\"@graph\":[{\"@type\":\"WebPage\",\"@id\":\"https:\/\/fashiongold.lt\/lv\/papuosalas\/individuals-kazu-gredzenu-pasutijums-mikolas-un-rita-020-ct-cena-noradita-par-diviem-gredzeniem\/\",\"url\":\"https:\/\/fashiongold.lt\/lv\/papuosalas\/individuals-kazu-gredzenu-pasutijums-mikolas-un-rita-020-ct-cena-noradita-par-diviem-gredzeniem\/\",\"name\":\"Izcili augstas kvalit\u0101tes laul\u012bbu gredzeni I FashionGold\",\"isPartOf\":{\"@id\":\"https:\/\/fashiongold.lt\/lv\/#website\"},\"primaryImageOfPage\":{\"@id\":\"https:\/\/fashiongold.lt\/lv\/papuosalas\/individuals-kazu-gredzenu-pasutijums-mikolas-un-rita-020-ct-cena-noradita-par-diviem-gredzeniem\/#primaryimage\"},\"image\":{\"@id\":\"https:\/\/fashiongold.lt\/lv\/papuosalas\/individuals-kazu-gredzenu-pasutijums-mikolas-un-rita-020-ct-cena-noradita-par-diviem-gredzeniem\/#primaryimage\"},\"thumbnailUrl\":\"https:\/\/fashiongold.lt\/wp-content\/uploads\/2025\/10\/2024-f57-MYKOLO-IR-RITOS-VESTUVINIAI-ZIEDAI.jpg\",\"datePublished\":\"2025-10-09T19:11:27+00:00\",\"description\":\"Zelta laul\u012bbas gredzeni FashionGold juvelierizstr\u0101d\u0101jumu nam\u0101 \u2013 \u0161eit atrad\u012bsiet neparasti pla\u0161u laul\u012bbu gredzenu izv\u0113li. Lab\u0101k\u0101s cenas Izgatavo\u0161ana p\u0113c pas\u016bt\u012bjuma\",\"breadcrumb\":{\"@id\":\"https:\/\/fashiongold.lt\/lv\/papuosalas\/individuals-kazu-gredzenu-pasutijums-mikolas-un-rita-020-ct-cena-noradita-par-diviem-gredzeniem\/#breadcrumb\"},\"inLanguage\":\"lv-LV\",\"potentialAction\":[{\"@type\":\"ReadAction\",\"target\":[\"https:\/\/fashiongold.lt\/lv\/papuosalas\/individuals-kazu-gredzenu-pasutijums-mikolas-un-rita-020-ct-cena-noradita-par-diviem-gredzeniem\/\"]}]},{\"@type\":\"ImageObject\",\"inLanguage\":\"lv-LV\",\"@id\":\"https:\/\/fashiongold.lt\/lv\/papuosalas\/individuals-kazu-gredzenu-pasutijums-mikolas-un-rita-020-ct-cena-noradita-par-diviem-gredzeniem\/#primaryimage\",\"url\":\"https:\/\/fashiongold.lt\/wp-content\/uploads\/2025\/10\/2024-f57-MYKOLO-IR-RITOS-VESTUVINIAI-ZIEDAI.jpg\",\"contentUrl\":\"https:\/\/fashiongold.lt\/wp-content\/uploads\/2025\/10\/2024-f57-MYKOLO-IR-RITOS-VESTUVINIAI-ZIEDAI.jpg\",\"width\":1872,\"height\":1872},{\"@type\":\"BreadcrumbList\",\"@id\":\"https:\/\/fashiongold.lt\/lv\/papuosalas\/individuals-kazu-gredzenu-pasutijums-mikolas-un-rita-020-ct-cena-noradita-par-diviem-gredzeniem\/#breadcrumb\",\"itemListElement\":[{\"@type\":\"ListItem\",\"position\":1,\"name\":\"Home\",\"item\":\"https:\/\/fashiongold.lt\/lv\/\"},{\"@type\":\"ListItem\",\"position\":2,\"name\":\"Dimantu veikals Fashiongold.lt\",\"item\":\"https:\/\/fashiongold.lt\/shop-2\/\"},{\"@type\":\"ListItem\",\"position\":3,\"name\":\"INDIVIDU\u0100LS K\u0100ZU GREDZENU PAS\u016aT\u012aJUMS \u2013 MIKOLAS UN RITA (0,20 ct) (CENA NOR\u0100D\u012aTA PAR DIVIEM GREDZENIEM)\"}]},{\"@type\":\"WebSite\",\"@id\":\"https:\/\/fashiongold.lt\/lv\/#website\",\"url\":\"https:\/\/fashiongold.lt\/lv\/\",\"name\":\"Fashion Gold\",\"description\":\"Juvelyrikos namai\",\"publisher\":{\"@id\":\"https:\/\/fashiongold.lt\/lv\/#organization\"},\"potentialAction\":[{\"@type\":\"SearchAction\",\"target\":{\"@type\":\"EntryPoint\",\"urlTemplate\":\"https:\/\/fashiongold.lt\/lv\/?s={search_term_string}\"},\"query-input\":{\"@type\":\"PropertyValueSpecification\",\"valueRequired\":true,\"valueName\":\"search_term_string\"}}],\"inLanguage\":\"lv-LV\"},{\"@type\":\"Organization\",\"@id\":\"https:\/\/fashiongold.lt\/lv\/#organization\",\"name\":\"Topdiamonds Online\",\"url\":\"https:\/\/fashiongold.lt\/lv\/\",\"logo\":{\"@type\":\"ImageObject\",\"inLanguage\":\"lv-LV\",\"@id\":\"https:\/\/fashiongold.lt\/lv\/#\/schema\/logo\/image\/\",\"url\":\"https:\/\/fashiongold.lt\/wp-content\/uploads\/2025\/04\/cropped-fashion_gold_logotipas2-scaled-1.png\",\"contentUrl\":\"https:\/\/fashiongold.lt\/wp-content\/uploads\/2025\/04\/cropped-fashion_gold_logotipas2-scaled-1.png\",\"width\":2559,\"height\":421,\"caption\":\"Topdiamonds Online\"},\"image\":{\"@id\":\"https:\/\/fashiongold.lt\/lv\/#\/schema\/logo\/image\/\"}}]}<\/script>\n<!-- \/ Yoast SEO plugin. -->","yoast_head_json":{"title":"Izcili augstas kvalit\u0101tes laul\u012bbu gredzeni I FashionGold","description":"Zelta laul\u012bbas gredzeni FashionGold juvelierizstr\u0101d\u0101jumu nam\u0101 \u2013 \u0161eit atrad\u012bsiet neparasti pla\u0161u laul\u012bbu gredzenu izv\u0113li. Lab\u0101k\u0101s cenas Izgatavo\u0161ana p\u0113c pas\u016bt\u012bjuma","robots":{"index":"index","follow":"follow","max-snippet":"max-snippet:-1","max-image-preview":"max-image-preview:large","max-video-preview":"max-video-preview:-1"},"canonical":"https:\/\/fashiongold.lt\/lv\/papuosalas\/individuals-kazu-gredzenu-pasutijums-mikolas-un-rita-020-ct-cena-noradita-par-diviem-gredzeniem\/","og_locale":"lv_LV","og_type":"article","og_title":"Izcili augstas kvalit\u0101tes laul\u012bbu gredzeni I FashionGold","og_description":"Zelta laul\u012bbas gredzeni FashionGold juvelierizstr\u0101d\u0101jumu nam\u0101 \u2013 \u0161eit atrad\u012bsiet neparasti pla\u0161u laul\u012bbu gredzenu izv\u0113li. Lab\u0101k\u0101s cenas Izgatavo\u0161ana p\u0113c pas\u016bt\u012bjuma","og_url":"https:\/\/fashiongold.lt\/lv\/papuosalas\/individuals-kazu-gredzenu-pasutijums-mikolas-un-rita-020-ct-cena-noradita-par-diviem-gredzeniem\/","og_site_name":"FashionGold.lt","og_image":[{"width":1872,"height":1872,"url":"https:\/\/fashiongold.lt\/wp-content\/uploads\/2025\/10\/2024-f57-MYKOLO-IR-RITOS-VESTUVINIAI-ZIEDAI.webp","type":"image\/jpeg"}],"twitter_card":"summary_large_image","schema":{"@context":"https:\/\/schema.org","@graph":[{"@type":"WebPage","@id":"https:\/\/fashiongold.lt\/lv\/papuosalas\/individuals-kazu-gredzenu-pasutijums-mikolas-un-rita-020-ct-cena-noradita-par-diviem-gredzeniem\/","url":"https:\/\/fashiongold.lt\/lv\/papuosalas\/individuals-kazu-gredzenu-pasutijums-mikolas-un-rita-020-ct-cena-noradita-par-diviem-gredzeniem\/","name":"Izcili augstas kvalit\u0101tes laul\u012bbu gredzeni I FashionGold","isPartOf":{"@id":"https:\/\/fashiongold.lt\/lv\/#website"},"primaryImageOfPage":{"@id":"https:\/\/fashiongold.lt\/lv\/papuosalas\/individuals-kazu-gredzenu-pasutijums-mikolas-un-rita-020-ct-cena-noradita-par-diviem-gredzeniem\/#primaryimage"},"image":{"@id":"https:\/\/fashiongold.lt\/lv\/papuosalas\/individuals-kazu-gredzenu-pasutijums-mikolas-un-rita-020-ct-cena-noradita-par-diviem-gredzeniem\/#primaryimage"},"thumbnailUrl":"https:\/\/fashiongold.lt\/wp-content\/uploads\/2025\/10\/2024-f57-MYKOLO-IR-RITOS-VESTUVINIAI-ZIEDAI.jpg","datePublished":"2025-10-09T19:11:27+00:00","description":"Zelta laul\u012bbas gredzeni FashionGold juvelierizstr\u0101d\u0101jumu nam\u0101 \u2013 \u0161eit atrad\u012bsiet neparasti pla\u0161u laul\u012bbu gredzenu izv\u0113li. Lab\u0101k\u0101s cenas Izgatavo\u0161ana p\u0113c pas\u016bt\u012bjuma","breadcrumb":{"@id":"https:\/\/fashiongold.lt\/lv\/papuosalas\/individuals-kazu-gredzenu-pasutijums-mikolas-un-rita-020-ct-cena-noradita-par-diviem-gredzeniem\/#breadcrumb"},"inLanguage":"lv-LV","potentialAction":[{"@type":"ReadAction","target":["https:\/\/fashiongold.lt\/lv\/papuosalas\/individuals-kazu-gredzenu-pasutijums-mikolas-un-rita-020-ct-cena-noradita-par-diviem-gredzeniem\/"]}]},{"@type":"ImageObject","inLanguage":"lv-LV","@id":"https:\/\/fashiongold.lt\/lv\/papuosalas\/individuals-kazu-gredzenu-pasutijums-mikolas-un-rita-020-ct-cena-noradita-par-diviem-gredzeniem\/#primaryimage","url":"https:\/\/fashiongold.lt\/wp-content\/uploads\/2025\/10\/2024-f57-MYKOLO-IR-RITOS-VESTUVINIAI-ZIEDAI.jpg","contentUrl":"https:\/\/fashiongold.lt\/wp-content\/uploads\/2025\/10\/2024-f57-MYKOLO-IR-RITOS-VESTUVINIAI-ZIEDAI.jpg","width":1872,"height":1872},{"@type":"BreadcrumbList","@id":"https:\/\/fashiongold.lt\/lv\/papuosalas\/individuals-kazu-gredzenu-pasutijums-mikolas-un-rita-020-ct-cena-noradita-par-diviem-gredzeniem\/#breadcrumb","itemListElement":[{"@type":"ListItem","position":1,"name":"Home","item":"https:\/\/fashiongold.lt\/lv\/"},{"@type":"ListItem","position":2,"name":"Dimantu veikals Fashiongold.lt","item":"https:\/\/fashiongold.lt\/shop-2\/"},{"@type":"ListItem","position":3,"name":"INDIVIDU\u0100LS K\u0100ZU GREDZENU PAS\u016aT\u012aJUMS \u2013 MIKOLAS UN RITA (0,20 ct) (CENA NOR\u0100D\u012aTA PAR DIVIEM GREDZENIEM)"}]},{"@type":"WebSite","@id":"https:\/\/fashiongold.lt\/lv\/#website","url":"https:\/\/fashiongold.lt\/lv\/","name":"Fashion Gold","description":"Juvelyrikos namai","publisher":{"@id":"https:\/\/fashiongold.lt\/lv\/#organization"},"potentialAction":[{"@type":"SearchAction","target":{"@type":"EntryPoint","urlTemplate":"https:\/\/fashiongold.lt\/lv\/?s={search_term_string}"},"query-input":{"@type":"PropertyValueSpecification","valueRequired":true,"valueName":"search_term_string"}}],"inLanguage":"lv-LV"},{"@type":"Organization","@id":"https:\/\/fashiongold.lt\/lv\/#organization","name":"Topdiamonds Online","url":"https:\/\/fashiongold.lt\/lv\/","logo":{"@type":"ImageObject","inLanguage":"lv-LV","@id":"https:\/\/fashiongold.lt\/lv\/#\/schema\/logo\/image\/","url":"https:\/\/fashiongold.lt\/wp-content\/uploads\/2025\/04\/cropped-fashion_gold_logotipas2-scaled-1.png","contentUrl":"https:\/\/fashiongold.lt\/wp-content\/uploads\/2025\/04\/cropped-fashion_gold_logotipas2-scaled-1.png","width":2559,"height":421,"caption":"Topdiamonds Online"},"image":{"@id":"https:\/\/fashiongold.lt\/lv\/#\/schema\/logo\/image\/"}}]}},"_links":{"self":[{"href":"https:\/\/fashiongold.lt\/lv\/wp-json\/wp\/v2\/product\/287849","targetHints":{"allow":["GET"]}}],"collection":[{"href":"https:\/\/fashiongold.lt\/lv\/wp-json\/wp\/v2\/product"}],"about":[{"href":"https:\/\/fashiongold.lt\/lv\/wp-json\/wp\/v2\/types\/product"}],"version-history":[{"count":0,"href":"https:\/\/fashiongold.lt\/lv\/wp-json\/wp\/v2\/product\/287849\/revisions"}],"wp:featuredmedia":[{"embeddable":true,"href":"https:\/\/fashiongold.lt\/lv\/wp-json\/wp\/v2\/media\/59060"}],"wp:attachment":[{"href":"https:\/\/fashiongold.lt\/lv\/wp-json\/wp\/v2\/media?parent=287849"}],"wp:term":[{"taxonomy":"product_brand","embeddable":true,"href":"https:\/\/fashiongold.lt\/lv\/wp-json\/wp\/v2\/product_brand?post=287849"},{"taxonomy":"product_cat","embeddable":true,"href":"https:\/\/fashiongold.lt\/lv\/wp-json\/wp\/v2\/product_cat?post=287849"},{"taxonomy":"product_tag","embeddable":true,"href":"https:\/\/fashiongold.lt\/lv\/wp-json\/wp\/v2\/product_tag?post=287849"}],"curies":[{"name":"wp","href":"https:\/\/api.w.org\/{rel}","templated":true}]}}