{"id":287884,"date":"2025-10-09T19:11:02","date_gmt":"2025-10-09T19:11:02","guid":{"rendered":"https:\/\/fashiongold.lt\/papuosalas\/toma-un-ingas-laulibu-gredzeni\/"},"modified":"2025-10-09T19:11:02","modified_gmt":"2025-10-09T19:11:02","slug":"toma-un-ingas-laulibu-gredzeni","status":"publish","type":"product","link":"https:\/\/fashiongold.lt\/lv\/papuosalas\/toma-un-ingas-laulibu-gredzeni\/","title":{"rendered":"TOMA UN INGAS LAUL\u012aBU GREDZENI"},"content":{"rendered":"<p>Greznas dzelten\u0101 zelta kr\u0101sas laul\u012bbas gredzeni staro di\u017eenumu, grezn\u012bbu un solidit\u0101ti. Nel\u012bdzen\u0101, ornament\u0113t\u0101 gredzenu virsma pie\u0161\u0137ir ori\u0123inalit\u0101ti, t\u0101p\u0113c tie b\u016bs lielisks risin\u0101jums jaunlaul\u0101tajiem, kuri k\u0101ro p\u0113c kaut k\u0101 \u012bpa\u0161a un neikdieni\u0161\u0137a. Zelta laul\u012bbas gredzeni Vi\u0146am un Vi\u0146ai Vi\u013c\u0146\u0101 \u2013 pla\u0161a izv\u0113le par labu cenu.<\/p>\n","protected":false},"excerpt":{"rendered":"<p>Luksusa dzelten\u0101 zelta kr\u0101sas k\u0101zu gredzeni izstaro di\u017eenumu, grezn\u012bbu un solidit\u0101ti. Nel\u012bdzena, ornament\u0113ta gredzenu virsma pie\u0161\u0137ir ori\u0123inalit\u0101ti, t\u0101p\u0113c tie b\u016bs lielisks risin\u0101jums jaunlaul\u0101tajiem, kuri v\u0113las ko \u012bpa\u0161u un neikdieni\u0161\u0137u. Zelta k\u0101zu gredzeni Vi\u0146am un Vi\u0146ai Vi\u013c\u0146\u0101 \u2013 pla\u0161a izv\u0113le par labu cenu.<\/p>\n","protected":false},"featured_media":58924,"template":"","meta":{"site-sidebar-layout":"","site-content-layout":"","ast-site-content-layout":"","site-content-style":"","site-sidebar-style":"","ast-global-header-display":"","ast-banner-title-visibility":"","ast-main-header-display":"","ast-hfb-above-header-display":"","ast-hfb-below-header-display":"","ast-hfb-mobile-header-display":"","site-post-title":"","ast-breadcrumbs-content":"","ast-featured-img":"","footer-sml-layout":"","ast-disable-related-posts":"","theme-transparent-header-meta":"","adv-header-id-meta":"","stick-header-meta":"","header-above-stick-meta":"","header-main-stick-meta":"","header-below-stick-meta":"","astra-migrate-meta-layouts":"default","ast-page-background-enabled":"default","ast-page-background-meta":{"desktop":{"background-color":"var(--ast-global-color-4)","background-image":"","background-repeat":"repeat","background-position":"center center","background-size":"auto","background-attachment":"scroll","background-type":"","background-media":"","overlay-type":"","overlay-color":"","overlay-opacity":"","overlay-gradient":""},"tablet":{"background-color":"","background-image":"","background-repeat":"repeat","background-position":"center center","background-size":"auto","background-attachment":"scroll","background-type":"","background-media":"","overlay-type":"","overlay-color":"","overlay-opacity":"","overlay-gradient":""},"mobile":{"background-color":"","background-image":"","background-repeat":"repeat","background-position":"center center","background-size":"auto","background-attachment":"scroll","background-type":"","background-media":"","overlay-type":"","overlay-color":"","overlay-opacity":"","overlay-gradient":""}},"ast-content-background-meta":{"desktop":{"background-color":"var(--ast-global-color-5)","background-image":"","background-repeat":"repeat","background-position":"center center","background-size":"auto","background-attachment":"scroll","background-type":"","background-media":"","overlay-type":"","overlay-color":"","overlay-opacity":"","overlay-gradient":""},"tablet":{"background-color":"var(--ast-global-color-5)","background-image":"","background-repeat":"repeat","background-position":"center center","background-size":"auto","background-attachment":"scroll","background-type":"","background-media":"","overlay-type":"","overlay-color":"","overlay-opacity":"","overlay-gradient":""},"mobile":{"background-color":"var(--ast-global-color-5)","background-image":"","background-repeat":"repeat","background-position":"center center","background-size":"auto","background-attachment":"scroll","background-type":"","background-media":"","overlay-type":"","overlay-color":"","overlay-opacity":"","overlay-gradient":""}}},"product_brand":[],"product_cat":[3524,4058],"product_tag":[],"class_list":{"0":"post-287884","1":"product","2":"type-product","3":"status-publish","4":"has-post-thumbnail","6":"product_cat-kazu-gredzeni","7":"product_cat-paveiktie-darbi-laulibu-gredzeni","8":"desktop-align-center","9":"tablet-align-left","10":"mobile-align-left","11":"ast-product-gallery-layout-horizontal-slider","12":"ast-product-gallery-with-no-image","13":"ast-product-tabs-layout-accordion","14":"ast-qv-on-image","16":"first","17":"instock","18":"taxable","19":"shipping-taxable","20":"purchasable","21":"product-type-simple"},"yoast_head":"<!-- This site is optimized with the Yoast SEO plugin v26.6 - https:\/\/yoast.com\/wordpress\/plugins\/seo\/ -->\n<title>Izgatavoti k\u0101zu gredzeni<\/title>\n<meta name=\"description\" content=\"Klientu pas\u016bt\u012bti un jau izgatavoti laul\u012bbu gredzeni no zelta, p\u0113c vi\u0146u dizaina un par pieejamu cenu.\" \/>\n<meta name=\"robots\" content=\"index, follow, max-snippet:-1, max-image-preview:large, max-video-preview:-1\" \/>\n<link rel=\"canonical\" href=\"https:\/\/fashiongold.lt\/lv\/papuosalas\/toma-un-ingas-laulibu-gredzeni\/\" \/>\n<meta property=\"og:locale\" content=\"lv_LV\" \/>\n<meta property=\"og:type\" content=\"article\" \/>\n<meta property=\"og:title\" content=\"Izgatavoti k\u0101zu gredzeni\" \/>\n<meta property=\"og:description\" content=\"Klientu pas\u016bt\u012bti un jau izgatavoti laul\u012bbu gredzeni no zelta, p\u0113c vi\u0146u dizaina un par pieejamu cenu.\" \/>\n<meta property=\"og:url\" content=\"https:\/\/fashiongold.lt\/lv\/papuosalas\/toma-un-ingas-laulibu-gredzeni\/\" \/>\n<meta property=\"og:site_name\" content=\"FashionGold.lt\" \/>\n<meta property=\"og:image\" content=\"https:\/\/fashiongold.lt\/wp-content\/uploads\/2025\/10\/1989-2f3-TOMO-IR-INGOS-VESTUVINIAI-ZIEDAI.webp\" \/>\n\t<meta property=\"og:image:width\" content=\"900\" \/>\n\t<meta property=\"og:image:height\" content=\"900\" \/>\n\t<meta property=\"og:image:type\" content=\"image\/jpeg\" \/>\n<meta name=\"twitter:card\" content=\"summary_large_image\" \/>\n<script type=\"application\/ld+json\" class=\"yoast-schema-graph\">{\"@context\":\"https:\/\/schema.org\",\"@graph\":[{\"@type\":\"WebPage\",\"@id\":\"https:\/\/fashiongold.lt\/lv\/papuosalas\/toma-un-ingas-laulibu-gredzeni\/\",\"url\":\"https:\/\/fashiongold.lt\/lv\/papuosalas\/toma-un-ingas-laulibu-gredzeni\/\",\"name\":\"Izgatavoti k\u0101zu gredzeni\",\"isPartOf\":{\"@id\":\"https:\/\/fashiongold.lt\/lv\/#website\"},\"primaryImageOfPage\":{\"@id\":\"https:\/\/fashiongold.lt\/lv\/papuosalas\/toma-un-ingas-laulibu-gredzeni\/#primaryimage\"},\"image\":{\"@id\":\"https:\/\/fashiongold.lt\/lv\/papuosalas\/toma-un-ingas-laulibu-gredzeni\/#primaryimage\"},\"thumbnailUrl\":\"https:\/\/fashiongold.lt\/wp-content\/uploads\/2025\/10\/1989-2f3-TOMO-IR-INGOS-VESTUVINIAI-ZIEDAI.jpg\",\"datePublished\":\"2025-10-09T19:11:02+00:00\",\"description\":\"Klientu pas\u016bt\u012bti un jau izgatavoti laul\u012bbu gredzeni no zelta, p\u0113c vi\u0146u dizaina un par pieejamu cenu.\",\"breadcrumb\":{\"@id\":\"https:\/\/fashiongold.lt\/lv\/papuosalas\/toma-un-ingas-laulibu-gredzeni\/#breadcrumb\"},\"inLanguage\":\"lv-LV\",\"potentialAction\":[{\"@type\":\"ReadAction\",\"target\":[\"https:\/\/fashiongold.lt\/lv\/papuosalas\/toma-un-ingas-laulibu-gredzeni\/\"]}]},{\"@type\":\"ImageObject\",\"inLanguage\":\"lv-LV\",\"@id\":\"https:\/\/fashiongold.lt\/lv\/papuosalas\/toma-un-ingas-laulibu-gredzeni\/#primaryimage\",\"url\":\"https:\/\/fashiongold.lt\/wp-content\/uploads\/2025\/10\/1989-2f3-TOMO-IR-INGOS-VESTUVINIAI-ZIEDAI.jpg\",\"contentUrl\":\"https:\/\/fashiongold.lt\/wp-content\/uploads\/2025\/10\/1989-2f3-TOMO-IR-INGOS-VESTUVINIAI-ZIEDAI.jpg\",\"width\":900,\"height\":900},{\"@type\":\"BreadcrumbList\",\"@id\":\"https:\/\/fashiongold.lt\/lv\/papuosalas\/toma-un-ingas-laulibu-gredzeni\/#breadcrumb\",\"itemListElement\":[{\"@type\":\"ListItem\",\"position\":1,\"name\":\"Home\",\"item\":\"https:\/\/fashiongold.lt\/lv\/\"},{\"@type\":\"ListItem\",\"position\":2,\"name\":\"Dimantu veikals Fashiongold.lt\",\"item\":\"https:\/\/fashiongold.lt\/shop-2\/\"},{\"@type\":\"ListItem\",\"position\":3,\"name\":\"TOMA UN INGAS LAUL\u012aBU GREDZENI\"}]},{\"@type\":\"WebSite\",\"@id\":\"https:\/\/fashiongold.lt\/lv\/#website\",\"url\":\"https:\/\/fashiongold.lt\/lv\/\",\"name\":\"Fashion Gold\",\"description\":\"Juvelyrikos namai\",\"publisher\":{\"@id\":\"https:\/\/fashiongold.lt\/lv\/#organization\"},\"potentialAction\":[{\"@type\":\"SearchAction\",\"target\":{\"@type\":\"EntryPoint\",\"urlTemplate\":\"https:\/\/fashiongold.lt\/lv\/?s={search_term_string}\"},\"query-input\":{\"@type\":\"PropertyValueSpecification\",\"valueRequired\":true,\"valueName\":\"search_term_string\"}}],\"inLanguage\":\"lv-LV\"},{\"@type\":\"Organization\",\"@id\":\"https:\/\/fashiongold.lt\/lv\/#organization\",\"name\":\"Topdiamonds Online\",\"url\":\"https:\/\/fashiongold.lt\/lv\/\",\"logo\":{\"@type\":\"ImageObject\",\"inLanguage\":\"lv-LV\",\"@id\":\"https:\/\/fashiongold.lt\/lv\/#\/schema\/logo\/image\/\",\"url\":\"https:\/\/fashiongold.lt\/wp-content\/uploads\/2025\/04\/cropped-fashion_gold_logotipas2-scaled-1.png\",\"contentUrl\":\"https:\/\/fashiongold.lt\/wp-content\/uploads\/2025\/04\/cropped-fashion_gold_logotipas2-scaled-1.png\",\"width\":2559,\"height\":421,\"caption\":\"Topdiamonds Online\"},\"image\":{\"@id\":\"https:\/\/fashiongold.lt\/lv\/#\/schema\/logo\/image\/\"}}]}<\/script>\n<!-- \/ Yoast SEO plugin. -->","yoast_head_json":{"title":"Izgatavoti k\u0101zu gredzeni","description":"Klientu pas\u016bt\u012bti un jau izgatavoti laul\u012bbu gredzeni no zelta, p\u0113c vi\u0146u dizaina un par pieejamu cenu.","robots":{"index":"index","follow":"follow","max-snippet":"max-snippet:-1","max-image-preview":"max-image-preview:large","max-video-preview":"max-video-preview:-1"},"canonical":"https:\/\/fashiongold.lt\/lv\/papuosalas\/toma-un-ingas-laulibu-gredzeni\/","og_locale":"lv_LV","og_type":"article","og_title":"Izgatavoti k\u0101zu gredzeni","og_description":"Klientu pas\u016bt\u012bti un jau izgatavoti laul\u012bbu gredzeni no zelta, p\u0113c vi\u0146u dizaina un par pieejamu cenu.","og_url":"https:\/\/fashiongold.lt\/lv\/papuosalas\/toma-un-ingas-laulibu-gredzeni\/","og_site_name":"FashionGold.lt","og_image":[{"width":900,"height":900,"url":"https:\/\/fashiongold.lt\/wp-content\/uploads\/2025\/10\/1989-2f3-TOMO-IR-INGOS-VESTUVINIAI-ZIEDAI.webp","type":"image\/jpeg"}],"twitter_card":"summary_large_image","schema":{"@context":"https:\/\/schema.org","@graph":[{"@type":"WebPage","@id":"https:\/\/fashiongold.lt\/lv\/papuosalas\/toma-un-ingas-laulibu-gredzeni\/","url":"https:\/\/fashiongold.lt\/lv\/papuosalas\/toma-un-ingas-laulibu-gredzeni\/","name":"Izgatavoti k\u0101zu gredzeni","isPartOf":{"@id":"https:\/\/fashiongold.lt\/lv\/#website"},"primaryImageOfPage":{"@id":"https:\/\/fashiongold.lt\/lv\/papuosalas\/toma-un-ingas-laulibu-gredzeni\/#primaryimage"},"image":{"@id":"https:\/\/fashiongold.lt\/lv\/papuosalas\/toma-un-ingas-laulibu-gredzeni\/#primaryimage"},"thumbnailUrl":"https:\/\/fashiongold.lt\/wp-content\/uploads\/2025\/10\/1989-2f3-TOMO-IR-INGOS-VESTUVINIAI-ZIEDAI.jpg","datePublished":"2025-10-09T19:11:02+00:00","description":"Klientu pas\u016bt\u012bti un jau izgatavoti laul\u012bbu gredzeni no zelta, p\u0113c vi\u0146u dizaina un par pieejamu cenu.","breadcrumb":{"@id":"https:\/\/fashiongold.lt\/lv\/papuosalas\/toma-un-ingas-laulibu-gredzeni\/#breadcrumb"},"inLanguage":"lv-LV","potentialAction":[{"@type":"ReadAction","target":["https:\/\/fashiongold.lt\/lv\/papuosalas\/toma-un-ingas-laulibu-gredzeni\/"]}]},{"@type":"ImageObject","inLanguage":"lv-LV","@id":"https:\/\/fashiongold.lt\/lv\/papuosalas\/toma-un-ingas-laulibu-gredzeni\/#primaryimage","url":"https:\/\/fashiongold.lt\/wp-content\/uploads\/2025\/10\/1989-2f3-TOMO-IR-INGOS-VESTUVINIAI-ZIEDAI.jpg","contentUrl":"https:\/\/fashiongold.lt\/wp-content\/uploads\/2025\/10\/1989-2f3-TOMO-IR-INGOS-VESTUVINIAI-ZIEDAI.jpg","width":900,"height":900},{"@type":"BreadcrumbList","@id":"https:\/\/fashiongold.lt\/lv\/papuosalas\/toma-un-ingas-laulibu-gredzeni\/#breadcrumb","itemListElement":[{"@type":"ListItem","position":1,"name":"Home","item":"https:\/\/fashiongold.lt\/lv\/"},{"@type":"ListItem","position":2,"name":"Dimantu veikals Fashiongold.lt","item":"https:\/\/fashiongold.lt\/shop-2\/"},{"@type":"ListItem","position":3,"name":"TOMA UN INGAS LAUL\u012aBU GREDZENI"}]},{"@type":"WebSite","@id":"https:\/\/fashiongold.lt\/lv\/#website","url":"https:\/\/fashiongold.lt\/lv\/","name":"Fashion Gold","description":"Juvelyrikos namai","publisher":{"@id":"https:\/\/fashiongold.lt\/lv\/#organization"},"potentialAction":[{"@type":"SearchAction","target":{"@type":"EntryPoint","urlTemplate":"https:\/\/fashiongold.lt\/lv\/?s={search_term_string}"},"query-input":{"@type":"PropertyValueSpecification","valueRequired":true,"valueName":"search_term_string"}}],"inLanguage":"lv-LV"},{"@type":"Organization","@id":"https:\/\/fashiongold.lt\/lv\/#organization","name":"Topdiamonds Online","url":"https:\/\/fashiongold.lt\/lv\/","logo":{"@type":"ImageObject","inLanguage":"lv-LV","@id":"https:\/\/fashiongold.lt\/lv\/#\/schema\/logo\/image\/","url":"https:\/\/fashiongold.lt\/wp-content\/uploads\/2025\/04\/cropped-fashion_gold_logotipas2-scaled-1.png","contentUrl":"https:\/\/fashiongold.lt\/wp-content\/uploads\/2025\/04\/cropped-fashion_gold_logotipas2-scaled-1.png","width":2559,"height":421,"caption":"Topdiamonds Online"},"image":{"@id":"https:\/\/fashiongold.lt\/lv\/#\/schema\/logo\/image\/"}}]}},"_links":{"self":[{"href":"https:\/\/fashiongold.lt\/lv\/wp-json\/wp\/v2\/product\/287884","targetHints":{"allow":["GET"]}}],"collection":[{"href":"https:\/\/fashiongold.lt\/lv\/wp-json\/wp\/v2\/product"}],"about":[{"href":"https:\/\/fashiongold.lt\/lv\/wp-json\/wp\/v2\/types\/product"}],"version-history":[{"count":0,"href":"https:\/\/fashiongold.lt\/lv\/wp-json\/wp\/v2\/product\/287884\/revisions"}],"wp:featuredmedia":[{"embeddable":true,"href":"https:\/\/fashiongold.lt\/lv\/wp-json\/wp\/v2\/media\/58924"}],"wp:attachment":[{"href":"https:\/\/fashiongold.lt\/lv\/wp-json\/wp\/v2\/media?parent=287884"}],"wp:term":[{"taxonomy":"product_brand","embeddable":true,"href":"https:\/\/fashiongold.lt\/lv\/wp-json\/wp\/v2\/product_brand?post=287884"},{"taxonomy":"product_cat","embeddable":true,"href":"https:\/\/fashiongold.lt\/lv\/wp-json\/wp\/v2\/product_cat?post=287884"},{"taxonomy":"product_tag","embeddable":true,"href":"https:\/\/fashiongold.lt\/lv\/wp-json\/wp\/v2\/product_tag?post=287884"}],"curies":[{"name":"wp","href":"https:\/\/api.w.org\/{rel}","templated":true}]}}