{"id":287964,"date":"2025-10-09T19:07:32","date_gmt":"2025-10-09T19:07:32","guid":{"rendered":"https:\/\/fashiongold.lt\/papuosalas\/kazu-gredzens-meteorits-ar-titanu\/"},"modified":"2026-02-17T06:45:15","modified_gmt":"2026-02-17T06:45:15","slug":"kazu-gredzens-meteorits-ar-titanu","status":"publish","type":"product","link":"https:\/\/fashiongold.lt\/lv\/papuosalas\/kazu-gredzens-meteorits-ar-titanu\/","title":{"rendered":"K\u0101zu gredzens \u201eMeteor\u012bts ar tit\u0101nu\u201d"},"content":{"rendered":"<p>Tiem, kuri mekl\u0113 ori\u0123in\u0101lus laul\u012bbas gredzenus un v\u0113las netradicion\u0101lus risin\u0101jumus, pied\u0101v\u0101jam izv\u0113l\u0113ties jaunumu \u2013 laul\u012bbas gredzenus no \u012bsta meteor\u012bta. Meteor\u012bts ir debess \u0137ermenis, kura da\u013ci\u0146as uz Zemi non\u0101k no kosmosa pla\u0161umiem. Laul\u012bbas gredzeni no meteor\u012bta ir k\u0101 visuma sv\u0113t\u012bba j\u016bsu laul\u012bbai.\u00a0<\/p>\n<p>Gredzena platums \u2013 6 mm<\/p>\n<p>Apk\u0101rt \u2013 tit\u0101na josla.\u00a0<\/p>\n<p>Gredzens ir p\u0101rkl\u0101ts ar rodiju, lai laika gait\u0101 meteor\u012bts ner\u016bs\u0113tu. P\u0101rkl\u0101jumu, atkar\u012bb\u0101 no gredzena n\u0113s\u0101\u0161anas, b\u016bs nepiecie\u0161ams atjaunot.<\/p>\n<p>Pieg\u0101de \u2013 30 darba dienu laik\u0101<\/p>\n<p>Varam izgatavot individu\u0101li \u2013 par cenu j\u0101vienojas info@fashiongold.lt<\/p>\n","protected":false},"excerpt":{"rendered":"<p>Ekskluz\u012bvs laul\u012bbas gredzens no meteor\u012bta un tit\u0101na &#8211; lai par j\u016bsu m\u012blest\u012bbas simbolu k\u013c\u016bst kosmosa gabali\u0146\u0161<\/p>\n","protected":false},"featured_media":58566,"template":"","meta":{"site-sidebar-layout":"","site-content-layout":"","ast-site-content-layout":"","site-content-style":"","site-sidebar-style":"","ast-global-header-display":"","ast-banner-title-visibility":"","ast-main-header-display":"","ast-hfb-above-header-display":"","ast-hfb-below-header-display":"","ast-hfb-mobile-header-display":"","site-post-title":"","ast-breadcrumbs-content":"","ast-featured-img":"","footer-sml-layout":"","ast-disable-related-posts":"","theme-transparent-header-meta":"","adv-header-id-meta":"","stick-header-meta":"","header-above-stick-meta":"","header-main-stick-meta":"","header-below-stick-meta":"","astra-migrate-meta-layouts":"default","ast-page-background-enabled":"default","ast-page-background-meta":{"desktop":{"background-color":"var(--ast-global-color-4)","background-image":"","background-repeat":"repeat","background-position":"center center","background-size":"auto","background-attachment":"scroll","background-type":"","background-media":"","overlay-type":"","overlay-color":"","overlay-opacity":"","overlay-gradient":""},"tablet":{"background-color":"","background-image":"","background-repeat":"repeat","background-position":"center center","background-size":"auto","background-attachment":"scroll","background-type":"","background-media":"","overlay-type":"","overlay-color":"","overlay-opacity":"","overlay-gradient":""},"mobile":{"background-color":"","background-image":"","background-repeat":"repeat","background-position":"center center","background-size":"auto","background-attachment":"scroll","background-type":"","background-media":"","overlay-type":"","overlay-color":"","overlay-opacity":"","overlay-gradient":""}},"ast-content-background-meta":{"desktop":{"background-color":"var(--ast-global-color-5)","background-image":"","background-repeat":"repeat","background-position":"center center","background-size":"auto","background-attachment":"scroll","background-type":"","background-media":"","overlay-type":"","overlay-color":"","overlay-opacity":"","overlay-gradient":""},"tablet":{"background-color":"var(--ast-global-color-5)","background-image":"","background-repeat":"repeat","background-position":"center center","background-size":"auto","background-attachment":"scroll","background-type":"","background-media":"","overlay-type":"","overlay-color":"","overlay-opacity":"","overlay-gradient":""},"mobile":{"background-color":"var(--ast-global-color-5)","background-image":"","background-repeat":"repeat","background-position":"center center","background-size":"auto","background-attachment":"scroll","background-type":"","background-media":"","overlay-type":"","overlay-color":"","overlay-opacity":"","overlay-gradient":""}}},"product_brand":[],"product_cat":[3524,4063],"product_tag":[],"class_list":{"0":"post-287964","1":"product","2":"type-product","3":"status-publish","4":"has-post-thumbnail","6":"product_cat-kazu-gredzeni","7":"product_cat-kazu-gredzeni-no-titana-un-meteorita","8":"desktop-align-center","9":"tablet-align-left","10":"mobile-align-left","11":"ast-product-gallery-layout-horizontal-slider","12":"ast-product-gallery-with-no-image","13":"ast-product-single-variable","14":"ast-product-tabs-layout-accordion","15":"ast-qv-on-image","17":"first","18":"outofstock","19":"taxable","20":"shipping-taxable","21":"product-type-variable"},"yoast_head":"<!-- This site is optimized with the Yoast SEO plugin v26.6 - https:\/\/yoast.com\/wordpress\/plugins\/seo\/ -->\n<title>Laul\u012bbas gredzens \u201eMeteor\u012bts ar tit\u0101nu&quot;<\/title>\n<meta name=\"description\" content=\"laul\u012bbu gredzeni; sievie\u0161u gredzeni; gredzeni sieviet\u0113m; laul\u012bbu gredzenu cenas; laul\u012bbu gredzeni; laul\u012bbu gredzens; zelta laul\u012bbu gredzeni; meteor\u012bts:\" \/>\n<meta name=\"robots\" content=\"index, follow, max-snippet:-1, max-image-preview:large, max-video-preview:-1\" \/>\n<link rel=\"canonical\" href=\"https:\/\/fashiongold.lt\/lv\/papuosalas\/kazu-gredzens-meteorits-ar-titanu\/\" \/>\n<meta property=\"og:locale\" content=\"lv_LV\" \/>\n<meta property=\"og:type\" content=\"article\" \/>\n<meta property=\"og:title\" content=\"Laul\u012bbas gredzens \u201eMeteor\u012bts ar tit\u0101nu&quot;\" \/>\n<meta property=\"og:description\" content=\"laul\u012bbu gredzeni; sievie\u0161u gredzeni; gredzeni sieviet\u0113m; laul\u012bbu gredzenu cenas; laul\u012bbu gredzeni; laul\u012bbu gredzens; zelta laul\u012bbu gredzeni; meteor\u012bts:\" \/>\n<meta property=\"og:url\" content=\"https:\/\/fashiongold.lt\/lv\/papuosalas\/kazu-gredzens-meteorits-ar-titanu\/\" \/>\n<meta property=\"og:site_name\" content=\"FashionGold.lt\" \/>\n<meta property=\"article:modified_time\" content=\"2026-02-17T06:45:15+00:00\" \/>\n<meta property=\"og:image\" content=\"https:\/\/fashiongold.lt\/wp-content\/uploads\/2025\/10\/1960-0d0-Vestuvinis-ziedas-Meteoritas-su-titanu.webp\" \/>\n\t<meta property=\"og:image:width\" content=\"1125\" \/>\n\t<meta property=\"og:image:height\" content=\"1125\" \/>\n\t<meta property=\"og:image:type\" content=\"image\/jpeg\" \/>\n<meta name=\"twitter:card\" content=\"summary_large_image\" \/>\n<meta name=\"twitter:label1\" content=\"Est. reading time\" \/>\n\t<meta name=\"twitter:data1\" content=\"1 minute\" \/>\n<script type=\"application\/ld+json\" class=\"yoast-schema-graph\">{\"@context\":\"https:\/\/schema.org\",\"@graph\":[{\"@type\":\"WebPage\",\"@id\":\"https:\/\/fashiongold.lt\/lv\/papuosalas\/kazu-gredzens-meteorits-ar-titanu\/\",\"url\":\"https:\/\/fashiongold.lt\/lv\/papuosalas\/kazu-gredzens-meteorits-ar-titanu\/\",\"name\":\"Laul\u012bbas gredzens \u201eMeteor\u012bts ar tit\u0101nu\\\"\",\"isPartOf\":{\"@id\":\"https:\/\/fashiongold.lt\/lv\/#website\"},\"primaryImageOfPage\":{\"@id\":\"https:\/\/fashiongold.lt\/lv\/papuosalas\/kazu-gredzens-meteorits-ar-titanu\/#primaryimage\"},\"image\":{\"@id\":\"https:\/\/fashiongold.lt\/lv\/papuosalas\/kazu-gredzens-meteorits-ar-titanu\/#primaryimage\"},\"thumbnailUrl\":\"https:\/\/fashiongold.lt\/wp-content\/uploads\/2025\/10\/1960-0d0-Vestuvinis-ziedas-Meteoritas-su-titanu.jpg\",\"datePublished\":\"2025-10-09T19:07:32+00:00\",\"dateModified\":\"2026-02-17T06:45:15+00:00\",\"description\":\"laul\u012bbu gredzeni; sievie\u0161u gredzeni; gredzeni sieviet\u0113m; laul\u012bbu gredzenu cenas; laul\u012bbu gredzeni; laul\u012bbu gredzens; zelta laul\u012bbu gredzeni; meteor\u012bts:\",\"breadcrumb\":{\"@id\":\"https:\/\/fashiongold.lt\/lv\/papuosalas\/kazu-gredzens-meteorits-ar-titanu\/#breadcrumb\"},\"inLanguage\":\"lv-LV\",\"potentialAction\":[{\"@type\":\"ReadAction\",\"target\":[\"https:\/\/fashiongold.lt\/lv\/papuosalas\/kazu-gredzens-meteorits-ar-titanu\/\"]}]},{\"@type\":\"ImageObject\",\"inLanguage\":\"lv-LV\",\"@id\":\"https:\/\/fashiongold.lt\/lv\/papuosalas\/kazu-gredzens-meteorits-ar-titanu\/#primaryimage\",\"url\":\"https:\/\/fashiongold.lt\/wp-content\/uploads\/2025\/10\/1960-0d0-Vestuvinis-ziedas-Meteoritas-su-titanu.jpg\",\"contentUrl\":\"https:\/\/fashiongold.lt\/wp-content\/uploads\/2025\/10\/1960-0d0-Vestuvinis-ziedas-Meteoritas-su-titanu.jpg\",\"width\":1125,\"height\":1125},{\"@type\":\"BreadcrumbList\",\"@id\":\"https:\/\/fashiongold.lt\/lv\/papuosalas\/kazu-gredzens-meteorits-ar-titanu\/#breadcrumb\",\"itemListElement\":[{\"@type\":\"ListItem\",\"position\":1,\"name\":\"Home\",\"item\":\"https:\/\/fashiongold.lt\/lv\/\"},{\"@type\":\"ListItem\",\"position\":2,\"name\":\"Dimantu veikals Fashiongold.lt\",\"item\":\"https:\/\/fashiongold.lt\/shop-2\/\"},{\"@type\":\"ListItem\",\"position\":3,\"name\":\"K\u0101zu gredzens \u201eMeteor\u012bts ar tit\u0101nu\u201d\"}]},{\"@type\":\"WebSite\",\"@id\":\"https:\/\/fashiongold.lt\/lv\/#website\",\"url\":\"https:\/\/fashiongold.lt\/lv\/\",\"name\":\"Fashion Gold\",\"description\":\"Juvelyrikos namai\",\"publisher\":{\"@id\":\"https:\/\/fashiongold.lt\/lv\/#organization\"},\"potentialAction\":[{\"@type\":\"SearchAction\",\"target\":{\"@type\":\"EntryPoint\",\"urlTemplate\":\"https:\/\/fashiongold.lt\/lv\/?s={search_term_string}\"},\"query-input\":{\"@type\":\"PropertyValueSpecification\",\"valueRequired\":true,\"valueName\":\"search_term_string\"}}],\"inLanguage\":\"lv-LV\"},{\"@type\":\"Organization\",\"@id\":\"https:\/\/fashiongold.lt\/lv\/#organization\",\"name\":\"Topdiamonds Online\",\"url\":\"https:\/\/fashiongold.lt\/lv\/\",\"logo\":{\"@type\":\"ImageObject\",\"inLanguage\":\"lv-LV\",\"@id\":\"https:\/\/fashiongold.lt\/lv\/#\/schema\/logo\/image\/\",\"url\":\"https:\/\/fashiongold.lt\/wp-content\/uploads\/2025\/04\/cropped-fashion_gold_logotipas2-scaled-1.png\",\"contentUrl\":\"https:\/\/fashiongold.lt\/wp-content\/uploads\/2025\/04\/cropped-fashion_gold_logotipas2-scaled-1.png\",\"width\":2559,\"height\":421,\"caption\":\"Topdiamonds Online\"},\"image\":{\"@id\":\"https:\/\/fashiongold.lt\/lv\/#\/schema\/logo\/image\/\"}}]}<\/script>\n<!-- \/ Yoast SEO plugin. -->","yoast_head_json":{"title":"Laul\u012bbas gredzens \u201eMeteor\u012bts ar tit\u0101nu\"","description":"laul\u012bbu gredzeni; sievie\u0161u gredzeni; gredzeni sieviet\u0113m; laul\u012bbu gredzenu cenas; laul\u012bbu gredzeni; laul\u012bbu gredzens; zelta laul\u012bbu gredzeni; meteor\u012bts:","robots":{"index":"index","follow":"follow","max-snippet":"max-snippet:-1","max-image-preview":"max-image-preview:large","max-video-preview":"max-video-preview:-1"},"canonical":"https:\/\/fashiongold.lt\/lv\/papuosalas\/kazu-gredzens-meteorits-ar-titanu\/","og_locale":"lv_LV","og_type":"article","og_title":"Laul\u012bbas gredzens \u201eMeteor\u012bts ar tit\u0101nu\"","og_description":"laul\u012bbu gredzeni; sievie\u0161u gredzeni; gredzeni sieviet\u0113m; laul\u012bbu gredzenu cenas; laul\u012bbu gredzeni; laul\u012bbu gredzens; zelta laul\u012bbu gredzeni; meteor\u012bts:","og_url":"https:\/\/fashiongold.lt\/lv\/papuosalas\/kazu-gredzens-meteorits-ar-titanu\/","og_site_name":"FashionGold.lt","article_modified_time":"2026-02-17T06:45:15+00:00","og_image":[{"width":1125,"height":1125,"url":"https:\/\/fashiongold.lt\/wp-content\/uploads\/2025\/10\/1960-0d0-Vestuvinis-ziedas-Meteoritas-su-titanu.webp","type":"image\/jpeg"}],"twitter_card":"summary_large_image","twitter_misc":{"Est. reading time":"1 minute"},"schema":{"@context":"https:\/\/schema.org","@graph":[{"@type":"WebPage","@id":"https:\/\/fashiongold.lt\/lv\/papuosalas\/kazu-gredzens-meteorits-ar-titanu\/","url":"https:\/\/fashiongold.lt\/lv\/papuosalas\/kazu-gredzens-meteorits-ar-titanu\/","name":"Laul\u012bbas gredzens \u201eMeteor\u012bts ar tit\u0101nu\"","isPartOf":{"@id":"https:\/\/fashiongold.lt\/lv\/#website"},"primaryImageOfPage":{"@id":"https:\/\/fashiongold.lt\/lv\/papuosalas\/kazu-gredzens-meteorits-ar-titanu\/#primaryimage"},"image":{"@id":"https:\/\/fashiongold.lt\/lv\/papuosalas\/kazu-gredzens-meteorits-ar-titanu\/#primaryimage"},"thumbnailUrl":"https:\/\/fashiongold.lt\/wp-content\/uploads\/2025\/10\/1960-0d0-Vestuvinis-ziedas-Meteoritas-su-titanu.jpg","datePublished":"2025-10-09T19:07:32+00:00","dateModified":"2026-02-17T06:45:15+00:00","description":"laul\u012bbu gredzeni; sievie\u0161u gredzeni; gredzeni sieviet\u0113m; laul\u012bbu gredzenu cenas; laul\u012bbu gredzeni; laul\u012bbu gredzens; zelta laul\u012bbu gredzeni; meteor\u012bts:","breadcrumb":{"@id":"https:\/\/fashiongold.lt\/lv\/papuosalas\/kazu-gredzens-meteorits-ar-titanu\/#breadcrumb"},"inLanguage":"lv-LV","potentialAction":[{"@type":"ReadAction","target":["https:\/\/fashiongold.lt\/lv\/papuosalas\/kazu-gredzens-meteorits-ar-titanu\/"]}]},{"@type":"ImageObject","inLanguage":"lv-LV","@id":"https:\/\/fashiongold.lt\/lv\/papuosalas\/kazu-gredzens-meteorits-ar-titanu\/#primaryimage","url":"https:\/\/fashiongold.lt\/wp-content\/uploads\/2025\/10\/1960-0d0-Vestuvinis-ziedas-Meteoritas-su-titanu.jpg","contentUrl":"https:\/\/fashiongold.lt\/wp-content\/uploads\/2025\/10\/1960-0d0-Vestuvinis-ziedas-Meteoritas-su-titanu.jpg","width":1125,"height":1125},{"@type":"BreadcrumbList","@id":"https:\/\/fashiongold.lt\/lv\/papuosalas\/kazu-gredzens-meteorits-ar-titanu\/#breadcrumb","itemListElement":[{"@type":"ListItem","position":1,"name":"Home","item":"https:\/\/fashiongold.lt\/lv\/"},{"@type":"ListItem","position":2,"name":"Dimantu veikals Fashiongold.lt","item":"https:\/\/fashiongold.lt\/shop-2\/"},{"@type":"ListItem","position":3,"name":"K\u0101zu gredzens \u201eMeteor\u012bts ar tit\u0101nu\u201d"}]},{"@type":"WebSite","@id":"https:\/\/fashiongold.lt\/lv\/#website","url":"https:\/\/fashiongold.lt\/lv\/","name":"Fashion Gold","description":"Juvelyrikos namai","publisher":{"@id":"https:\/\/fashiongold.lt\/lv\/#organization"},"potentialAction":[{"@type":"SearchAction","target":{"@type":"EntryPoint","urlTemplate":"https:\/\/fashiongold.lt\/lv\/?s={search_term_string}"},"query-input":{"@type":"PropertyValueSpecification","valueRequired":true,"valueName":"search_term_string"}}],"inLanguage":"lv-LV"},{"@type":"Organization","@id":"https:\/\/fashiongold.lt\/lv\/#organization","name":"Topdiamonds Online","url":"https:\/\/fashiongold.lt\/lv\/","logo":{"@type":"ImageObject","inLanguage":"lv-LV","@id":"https:\/\/fashiongold.lt\/lv\/#\/schema\/logo\/image\/","url":"https:\/\/fashiongold.lt\/wp-content\/uploads\/2025\/04\/cropped-fashion_gold_logotipas2-scaled-1.png","contentUrl":"https:\/\/fashiongold.lt\/wp-content\/uploads\/2025\/04\/cropped-fashion_gold_logotipas2-scaled-1.png","width":2559,"height":421,"caption":"Topdiamonds Online"},"image":{"@id":"https:\/\/fashiongold.lt\/lv\/#\/schema\/logo\/image\/"}}]}},"_links":{"self":[{"href":"https:\/\/fashiongold.lt\/lv\/wp-json\/wp\/v2\/product\/287964","targetHints":{"allow":["GET"]}}],"collection":[{"href":"https:\/\/fashiongold.lt\/lv\/wp-json\/wp\/v2\/product"}],"about":[{"href":"https:\/\/fashiongold.lt\/lv\/wp-json\/wp\/v2\/types\/product"}],"version-history":[{"count":0,"href":"https:\/\/fashiongold.lt\/lv\/wp-json\/wp\/v2\/product\/287964\/revisions"}],"wp:featuredmedia":[{"embeddable":true,"href":"https:\/\/fashiongold.lt\/lv\/wp-json\/wp\/v2\/media\/58566"}],"wp:attachment":[{"href":"https:\/\/fashiongold.lt\/lv\/wp-json\/wp\/v2\/media?parent=287964"}],"wp:term":[{"taxonomy":"product_brand","embeddable":true,"href":"https:\/\/fashiongold.lt\/lv\/wp-json\/wp\/v2\/product_brand?post=287964"},{"taxonomy":"product_cat","embeddable":true,"href":"https:\/\/fashiongold.lt\/lv\/wp-json\/wp\/v2\/product_cat?post=287964"},{"taxonomy":"product_tag","embeddable":true,"href":"https:\/\/fashiongold.lt\/lv\/wp-json\/wp\/v2\/product_tag?post=287964"}],"curies":[{"name":"wp","href":"https:\/\/api.w.org\/{rel}","templated":true}]}}