{"id":288024,"date":"2025-10-09T18:56:07","date_gmt":"2025-10-09T18:56:07","guid":{"rendered":"https:\/\/fashiongold.lt\/papuosalas\/mirdzoss-milestibas-pumpurs-balta-zelta-gredzens-ar-safiru-un-dimantiem\/"},"modified":"2026-02-17T06:46:03","modified_gmt":"2026-02-17T06:46:03","slug":"mirdzoss-milestibas-pumpurs-balta-zelta-gredzens-ar-safiru-un-dimantiem","status":"publish","type":"product","link":"https:\/\/fashiongold.lt\/lv\/papuosalas\/mirdzoss-milestibas-pumpurs-balta-zelta-gredzens-ar-safiru-un-dimantiem\/","title":{"rendered":"Mirdzo\u0161s m\u012blest\u012bbas pumpurs \u2013 Balt\u0101 zelta gredzens ar saf\u012bru un dimantiem"},"content":{"rendered":"<p>Iegremd\u0113jieties gai\u0161\u0101 m\u012blest\u012bbas mirkl\u012b ar balt\u0101 zelta gredzenu, kur\u0101 mirdz\u0113s \u012bsts ov\u0101las formas saf\u012brs un dimanti ab\u0101s pus\u0113s. Burv\u012bga izv\u0113le m\u012b\u013cotajai &#8211; simbols m\u016b\u017e\u012bgai m\u012blest\u012bbai.<\/p>\n<p>\u201eFashion Gold\u201d juvelieru meistaru rad\u012btais saderin\u0101\u0161an\u0101s gredzens ir \u012bpa\u0161i augstas kvalit\u0101tes, atz\u012bm\u0113ts ar Lietuvas proves biroja sertifik\u0101tu par \u012bpa\u0161i pievilc\u012bgu cenu. \u0160\u012b ir rota, ko var nodot no paaudzes paaudz\u0113 k\u0101 \u0123imenes relikviju, jo ne zelts, ne \u012bsti d\u0101rgakme\u0146i nekad nezaud\u0113 v\u0113rt\u012bbu. \u0160o zelta gredzenu var pas\u016bt\u012bt gan salon\u0101, gan internet\u0101.\u00a0<\/p>\n<p>Saderin\u0101\u0161an\u0101s gredzena svars &#8211; 2,90-2,40 g<\/p>\n<p>Zelta kr\u0101sa &#8211;\u00a0balta<\/p>\n<p><span>Saf\u012bra\u00a0svars &#8211; 0,70 ct<\/span><\/p>\n<p><span><span>Briljanti &#8211; svars 0,10 ct, kr\u0101sa H, dzidrums SI<\/span><\/span><\/p>\n<p><span>P\u0113c rotaslietas pas\u016bt\u012b\u0161anas m\u0113s to pieg\u0101d\u0101sim 7-14 darba dienu laik\u0101.\u00a0<\/span><\/p>\n<p><span>Iesp\u0113jama bezmaksas grav\u0113\u0161ana. Gredzens sa\u0146em Lietuvas proves biroja sertifik\u0101tu.<\/span><\/p>\n<p><span>Saderin\u0101\u0161an\u0101s gredzeni ir viena no \u201eFashion Gold&#8221; darb\u012bbas jom\u0101m. Salon\u0101 atrad\u012bsiet ar\u012b laul\u012bbu gredzenus, rotaslietas sieviet\u0113m, v\u012brie\u0161iem, b\u0113rniem da\u017e\u0101dos gad\u012bjumos, mon\u0113tas, zelta stie\u0146us.<\/span><\/p>\n<p><span>PIED\u0100V\u0100JAM SADERIN\u0100\u0160AN\u0100S GREDZENUS UN CITAS ROTASLIETAS P\u0112C PAS\u016aT\u012aJUMA UN J\u016aSU INDIVIDU\u0100LAJ\u0100M V\u0112LM\u0112M. SAZINIETIES info@fashiongold.lt<\/span><\/p><\/p>\n","protected":false},"excerpt":{"rendered":"<p>Balt\u0101 zelta gredzens ar \u012bstu ov\u0101las formas saf\u012bru un dimantiem. Apburo\u0161a izv\u0113le m\u012b\u013cotajai \u2013 simbols m\u016b\u017e\u012bgai m\u012blest\u012bbai.<\/p>\n","protected":false},"featured_media":57786,"template":"","meta":{"site-sidebar-layout":"","site-content-layout":"","ast-site-content-layout":"","site-content-style":"","site-sidebar-style":"","ast-global-header-display":"","ast-banner-title-visibility":"","ast-main-header-display":"","ast-hfb-above-header-display":"","ast-hfb-below-header-display":"","ast-hfb-mobile-header-display":"","site-post-title":"","ast-breadcrumbs-content":"","ast-featured-img":"","footer-sml-layout":"","ast-disable-related-posts":"","theme-transparent-header-meta":"","adv-header-id-meta":"","stick-header-meta":"","header-above-stick-meta":"","header-main-stick-meta":"","header-below-stick-meta":"","astra-migrate-meta-layouts":"default","ast-page-background-enabled":"default","ast-page-background-meta":{"desktop":{"background-color":"var(--ast-global-color-4)","background-image":"","background-repeat":"repeat","background-position":"center center","background-size":"auto","background-attachment":"scroll","background-type":"","background-media":"","overlay-type":"","overlay-color":"","overlay-opacity":"","overlay-gradient":""},"tablet":{"background-color":"","background-image":"","background-repeat":"repeat","background-position":"center center","background-size":"auto","background-attachment":"scroll","background-type":"","background-media":"","overlay-type":"","overlay-color":"","overlay-opacity":"","overlay-gradient":""},"mobile":{"background-color":"","background-image":"","background-repeat":"repeat","background-position":"center center","background-size":"auto","background-attachment":"scroll","background-type":"","background-media":"","overlay-type":"","overlay-color":"","overlay-opacity":"","overlay-gradient":""}},"ast-content-background-meta":{"desktop":{"background-color":"var(--ast-global-color-5)","background-image":"","background-repeat":"repeat","background-position":"center center","background-size":"auto","background-attachment":"scroll","background-type":"","background-media":"","overlay-type":"","overlay-color":"","overlay-opacity":"","overlay-gradient":""},"tablet":{"background-color":"var(--ast-global-color-5)","background-image":"","background-repeat":"repeat","background-position":"center center","background-size":"auto","background-attachment":"scroll","background-type":"","background-media":"","overlay-type":"","overlay-color":"","overlay-opacity":"","overlay-gradient":""},"mobile":{"background-color":"var(--ast-global-color-5)","background-image":"","background-repeat":"repeat","background-position":"center center","background-size":"auto","background-attachment":"scroll","background-type":"","background-media":"","overlay-type":"","overlay-color":"","overlay-opacity":"","overlay-gradient":""}}},"product_brand":[],"product_cat":[3481,2938,2934,3402],"product_tag":[],"class_list":{"0":"post-288024","1":"product","2":"type-product","3":"status-publish","4":"has-post-thumbnail","6":"product_cat-izpardosana","7":"product_cat-juvelierizstradajumi-ar-ziliem-dargakmeniem","8":"product_cat-safirs-juvelierizstradajumi-ar-safiriem","9":"product_cat-zils-dargakmens","10":"desktop-align-center","11":"tablet-align-left","12":"mobile-align-left","13":"ast-product-gallery-layout-horizontal-slider","14":"ast-product-gallery-with-no-image","15":"ast-product-single-variable","16":"ast-product-tabs-layout-accordion","17":"ast-qv-on-image","19":"first","20":"instock","21":"taxable","22":"shipping-taxable","23":"purchasable","24":"product-type-variable"},"yoast_head":"<!-- This site is optimized with the Yoast SEO plugin v26.6 - https:\/\/yoast.com\/wordpress\/plugins\/seo\/ -->\n<title>Zelta gredzens ar saf\u012bru un dimantiem - Mirdzo\u0161s m\u012blest\u012bbas pumpurs<\/title>\n<meta name=\"description\" content=\"Zelta gredzens ar \u012bstu ov\u0101las formas saf\u012bru un dimantiem. Burv\u012bga izv\u0113le m\u012b\u013cotajai \u2013 simbols m\u016b\u017e\u012bgai m\u012blest\u012bbai.\" \/>\n<meta name=\"robots\" content=\"index, follow, max-snippet:-1, max-image-preview:large, max-video-preview:-1\" \/>\n<link rel=\"canonical\" href=\"https:\/\/fashiongold.lt\/lv\/papuosalas\/mirdzoss-milestibas-pumpurs-balta-zelta-gredzens-ar-safiru-un-dimantiem\/\" \/>\n<meta property=\"og:locale\" content=\"lv_LV\" \/>\n<meta property=\"og:type\" content=\"article\" \/>\n<meta property=\"og:title\" content=\"Zelta gredzens ar saf\u012bru un dimantiem - Mirdzo\u0161s m\u012blest\u012bbas pumpurs\" \/>\n<meta property=\"og:description\" content=\"Zelta gredzens ar \u012bstu ov\u0101las formas saf\u012bru un dimantiem. Burv\u012bga izv\u0113le m\u012b\u013cotajai \u2013 simbols m\u016b\u017e\u012bgai m\u012blest\u012bbai.\" \/>\n<meta property=\"og:url\" content=\"https:\/\/fashiongold.lt\/lv\/papuosalas\/mirdzoss-milestibas-pumpurs-balta-zelta-gredzens-ar-safiru-un-dimantiem\/\" \/>\n<meta property=\"og:site_name\" content=\"FashionGold.lt\" \/>\n<meta property=\"article:modified_time\" content=\"2026-02-17T06:46:03+00:00\" \/>\n<meta property=\"og:image\" content=\"https:\/\/fashiongold.lt\/wp-content\/uploads\/2025\/10\/1918-473-Suzadetuviu-ziedas-Meiles-pumpuras-su-safyru.webp\" \/>\n\t<meta property=\"og:image:width\" content=\"519\" \/>\n\t<meta property=\"og:image:height\" content=\"471\" \/>\n\t<meta property=\"og:image:type\" content=\"image\/jpeg\" \/>\n<meta name=\"twitter:card\" content=\"summary_large_image\" \/>\n<meta name=\"twitter:label1\" content=\"Est. reading time\" \/>\n\t<meta name=\"twitter:data1\" content=\"1 minute\" \/>\n<script type=\"application\/ld+json\" class=\"yoast-schema-graph\">{\"@context\":\"https:\/\/schema.org\",\"@graph\":[{\"@type\":\"WebPage\",\"@id\":\"https:\/\/fashiongold.lt\/lv\/papuosalas\/mirdzoss-milestibas-pumpurs-balta-zelta-gredzens-ar-safiru-un-dimantiem\/\",\"url\":\"https:\/\/fashiongold.lt\/lv\/papuosalas\/mirdzoss-milestibas-pumpurs-balta-zelta-gredzens-ar-safiru-un-dimantiem\/\",\"name\":\"Zelta gredzens ar saf\u012bru un dimantiem - Mirdzo\u0161s m\u012blest\u012bbas pumpurs\",\"isPartOf\":{\"@id\":\"https:\/\/fashiongold.lt\/lv\/#website\"},\"primaryImageOfPage\":{\"@id\":\"https:\/\/fashiongold.lt\/lv\/papuosalas\/mirdzoss-milestibas-pumpurs-balta-zelta-gredzens-ar-safiru-un-dimantiem\/#primaryimage\"},\"image\":{\"@id\":\"https:\/\/fashiongold.lt\/lv\/papuosalas\/mirdzoss-milestibas-pumpurs-balta-zelta-gredzens-ar-safiru-un-dimantiem\/#primaryimage\"},\"thumbnailUrl\":\"https:\/\/fashiongold.lt\/wp-content\/uploads\/2025\/10\/1918-473-Suzadetuviu-ziedas-Meiles-pumpuras-su-safyru.jpg\",\"datePublished\":\"2025-10-09T18:56:07+00:00\",\"dateModified\":\"2026-02-17T06:46:03+00:00\",\"description\":\"Zelta gredzens ar \u012bstu ov\u0101las formas saf\u012bru un dimantiem. Burv\u012bga izv\u0113le m\u012b\u013cotajai \u2013 simbols m\u016b\u017e\u012bgai m\u012blest\u012bbai.\",\"breadcrumb\":{\"@id\":\"https:\/\/fashiongold.lt\/lv\/papuosalas\/mirdzoss-milestibas-pumpurs-balta-zelta-gredzens-ar-safiru-un-dimantiem\/#breadcrumb\"},\"inLanguage\":\"lv-LV\",\"potentialAction\":[{\"@type\":\"ReadAction\",\"target\":[\"https:\/\/fashiongold.lt\/lv\/papuosalas\/mirdzoss-milestibas-pumpurs-balta-zelta-gredzens-ar-safiru-un-dimantiem\/\"]}]},{\"@type\":\"ImageObject\",\"inLanguage\":\"lv-LV\",\"@id\":\"https:\/\/fashiongold.lt\/lv\/papuosalas\/mirdzoss-milestibas-pumpurs-balta-zelta-gredzens-ar-safiru-un-dimantiem\/#primaryimage\",\"url\":\"https:\/\/fashiongold.lt\/wp-content\/uploads\/2025\/10\/1918-473-Suzadetuviu-ziedas-Meiles-pumpuras-su-safyru.jpg\",\"contentUrl\":\"https:\/\/fashiongold.lt\/wp-content\/uploads\/2025\/10\/1918-473-Suzadetuviu-ziedas-Meiles-pumpuras-su-safyru.jpg\",\"width\":519,\"height\":471},{\"@type\":\"BreadcrumbList\",\"@id\":\"https:\/\/fashiongold.lt\/lv\/papuosalas\/mirdzoss-milestibas-pumpurs-balta-zelta-gredzens-ar-safiru-un-dimantiem\/#breadcrumb\",\"itemListElement\":[{\"@type\":\"ListItem\",\"position\":1,\"name\":\"Home\",\"item\":\"https:\/\/fashiongold.lt\/lv\/\"},{\"@type\":\"ListItem\",\"position\":2,\"name\":\"Dimantu veikals Fashiongold.lt\",\"item\":\"https:\/\/fashiongold.lt\/shop-2\/\"},{\"@type\":\"ListItem\",\"position\":3,\"name\":\"Mirdzo\u0161s m\u012blest\u012bbas pumpurs \u2013 Balt\u0101 zelta gredzens ar saf\u012bru un dimantiem\"}]},{\"@type\":\"WebSite\",\"@id\":\"https:\/\/fashiongold.lt\/lv\/#website\",\"url\":\"https:\/\/fashiongold.lt\/lv\/\",\"name\":\"Fashion Gold\",\"description\":\"Juvelyrikos namai\",\"publisher\":{\"@id\":\"https:\/\/fashiongold.lt\/lv\/#organization\"},\"potentialAction\":[{\"@type\":\"SearchAction\",\"target\":{\"@type\":\"EntryPoint\",\"urlTemplate\":\"https:\/\/fashiongold.lt\/lv\/?s={search_term_string}\"},\"query-input\":{\"@type\":\"PropertyValueSpecification\",\"valueRequired\":true,\"valueName\":\"search_term_string\"}}],\"inLanguage\":\"lv-LV\"},{\"@type\":\"Organization\",\"@id\":\"https:\/\/fashiongold.lt\/lv\/#organization\",\"name\":\"Topdiamonds Online\",\"url\":\"https:\/\/fashiongold.lt\/lv\/\",\"logo\":{\"@type\":\"ImageObject\",\"inLanguage\":\"lv-LV\",\"@id\":\"https:\/\/fashiongold.lt\/lv\/#\/schema\/logo\/image\/\",\"url\":\"https:\/\/fashiongold.lt\/wp-content\/uploads\/2025\/04\/cropped-fashion_gold_logotipas2-scaled-1.png\",\"contentUrl\":\"https:\/\/fashiongold.lt\/wp-content\/uploads\/2025\/04\/cropped-fashion_gold_logotipas2-scaled-1.png\",\"width\":2559,\"height\":421,\"caption\":\"Topdiamonds Online\"},\"image\":{\"@id\":\"https:\/\/fashiongold.lt\/lv\/#\/schema\/logo\/image\/\"}}]}<\/script>\n<!-- \/ Yoast SEO plugin. -->","yoast_head_json":{"title":"Zelta gredzens ar saf\u012bru un dimantiem - Mirdzo\u0161s m\u012blest\u012bbas pumpurs","description":"Zelta gredzens ar \u012bstu ov\u0101las formas saf\u012bru un dimantiem. Burv\u012bga izv\u0113le m\u012b\u013cotajai \u2013 simbols m\u016b\u017e\u012bgai m\u012blest\u012bbai.","robots":{"index":"index","follow":"follow","max-snippet":"max-snippet:-1","max-image-preview":"max-image-preview:large","max-video-preview":"max-video-preview:-1"},"canonical":"https:\/\/fashiongold.lt\/lv\/papuosalas\/mirdzoss-milestibas-pumpurs-balta-zelta-gredzens-ar-safiru-un-dimantiem\/","og_locale":"lv_LV","og_type":"article","og_title":"Zelta gredzens ar saf\u012bru un dimantiem - Mirdzo\u0161s m\u012blest\u012bbas pumpurs","og_description":"Zelta gredzens ar \u012bstu ov\u0101las formas saf\u012bru un dimantiem. Burv\u012bga izv\u0113le m\u012b\u013cotajai \u2013 simbols m\u016b\u017e\u012bgai m\u012blest\u012bbai.","og_url":"https:\/\/fashiongold.lt\/lv\/papuosalas\/mirdzoss-milestibas-pumpurs-balta-zelta-gredzens-ar-safiru-un-dimantiem\/","og_site_name":"FashionGold.lt","article_modified_time":"2026-02-17T06:46:03+00:00","og_image":[{"width":519,"height":471,"url":"https:\/\/fashiongold.lt\/wp-content\/uploads\/2025\/10\/1918-473-Suzadetuviu-ziedas-Meiles-pumpuras-su-safyru.webp","type":"image\/jpeg"}],"twitter_card":"summary_large_image","twitter_misc":{"Est. reading time":"1 minute"},"schema":{"@context":"https:\/\/schema.org","@graph":[{"@type":"WebPage","@id":"https:\/\/fashiongold.lt\/lv\/papuosalas\/mirdzoss-milestibas-pumpurs-balta-zelta-gredzens-ar-safiru-un-dimantiem\/","url":"https:\/\/fashiongold.lt\/lv\/papuosalas\/mirdzoss-milestibas-pumpurs-balta-zelta-gredzens-ar-safiru-un-dimantiem\/","name":"Zelta gredzens ar saf\u012bru un dimantiem - Mirdzo\u0161s m\u012blest\u012bbas pumpurs","isPartOf":{"@id":"https:\/\/fashiongold.lt\/lv\/#website"},"primaryImageOfPage":{"@id":"https:\/\/fashiongold.lt\/lv\/papuosalas\/mirdzoss-milestibas-pumpurs-balta-zelta-gredzens-ar-safiru-un-dimantiem\/#primaryimage"},"image":{"@id":"https:\/\/fashiongold.lt\/lv\/papuosalas\/mirdzoss-milestibas-pumpurs-balta-zelta-gredzens-ar-safiru-un-dimantiem\/#primaryimage"},"thumbnailUrl":"https:\/\/fashiongold.lt\/wp-content\/uploads\/2025\/10\/1918-473-Suzadetuviu-ziedas-Meiles-pumpuras-su-safyru.jpg","datePublished":"2025-10-09T18:56:07+00:00","dateModified":"2026-02-17T06:46:03+00:00","description":"Zelta gredzens ar \u012bstu ov\u0101las formas saf\u012bru un dimantiem. Burv\u012bga izv\u0113le m\u012b\u013cotajai \u2013 simbols m\u016b\u017e\u012bgai m\u012blest\u012bbai.","breadcrumb":{"@id":"https:\/\/fashiongold.lt\/lv\/papuosalas\/mirdzoss-milestibas-pumpurs-balta-zelta-gredzens-ar-safiru-un-dimantiem\/#breadcrumb"},"inLanguage":"lv-LV","potentialAction":[{"@type":"ReadAction","target":["https:\/\/fashiongold.lt\/lv\/papuosalas\/mirdzoss-milestibas-pumpurs-balta-zelta-gredzens-ar-safiru-un-dimantiem\/"]}]},{"@type":"ImageObject","inLanguage":"lv-LV","@id":"https:\/\/fashiongold.lt\/lv\/papuosalas\/mirdzoss-milestibas-pumpurs-balta-zelta-gredzens-ar-safiru-un-dimantiem\/#primaryimage","url":"https:\/\/fashiongold.lt\/wp-content\/uploads\/2025\/10\/1918-473-Suzadetuviu-ziedas-Meiles-pumpuras-su-safyru.jpg","contentUrl":"https:\/\/fashiongold.lt\/wp-content\/uploads\/2025\/10\/1918-473-Suzadetuviu-ziedas-Meiles-pumpuras-su-safyru.jpg","width":519,"height":471},{"@type":"BreadcrumbList","@id":"https:\/\/fashiongold.lt\/lv\/papuosalas\/mirdzoss-milestibas-pumpurs-balta-zelta-gredzens-ar-safiru-un-dimantiem\/#breadcrumb","itemListElement":[{"@type":"ListItem","position":1,"name":"Home","item":"https:\/\/fashiongold.lt\/lv\/"},{"@type":"ListItem","position":2,"name":"Dimantu veikals Fashiongold.lt","item":"https:\/\/fashiongold.lt\/shop-2\/"},{"@type":"ListItem","position":3,"name":"Mirdzo\u0161s m\u012blest\u012bbas pumpurs \u2013 Balt\u0101 zelta gredzens ar saf\u012bru un dimantiem"}]},{"@type":"WebSite","@id":"https:\/\/fashiongold.lt\/lv\/#website","url":"https:\/\/fashiongold.lt\/lv\/","name":"Fashion Gold","description":"Juvelyrikos namai","publisher":{"@id":"https:\/\/fashiongold.lt\/lv\/#organization"},"potentialAction":[{"@type":"SearchAction","target":{"@type":"EntryPoint","urlTemplate":"https:\/\/fashiongold.lt\/lv\/?s={search_term_string}"},"query-input":{"@type":"PropertyValueSpecification","valueRequired":true,"valueName":"search_term_string"}}],"inLanguage":"lv-LV"},{"@type":"Organization","@id":"https:\/\/fashiongold.lt\/lv\/#organization","name":"Topdiamonds Online","url":"https:\/\/fashiongold.lt\/lv\/","logo":{"@type":"ImageObject","inLanguage":"lv-LV","@id":"https:\/\/fashiongold.lt\/lv\/#\/schema\/logo\/image\/","url":"https:\/\/fashiongold.lt\/wp-content\/uploads\/2025\/04\/cropped-fashion_gold_logotipas2-scaled-1.png","contentUrl":"https:\/\/fashiongold.lt\/wp-content\/uploads\/2025\/04\/cropped-fashion_gold_logotipas2-scaled-1.png","width":2559,"height":421,"caption":"Topdiamonds Online"},"image":{"@id":"https:\/\/fashiongold.lt\/lv\/#\/schema\/logo\/image\/"}}]}},"_links":{"self":[{"href":"https:\/\/fashiongold.lt\/lv\/wp-json\/wp\/v2\/product\/288024","targetHints":{"allow":["GET"]}}],"collection":[{"href":"https:\/\/fashiongold.lt\/lv\/wp-json\/wp\/v2\/product"}],"about":[{"href":"https:\/\/fashiongold.lt\/lv\/wp-json\/wp\/v2\/types\/product"}],"version-history":[{"count":0,"href":"https:\/\/fashiongold.lt\/lv\/wp-json\/wp\/v2\/product\/288024\/revisions"}],"wp:featuredmedia":[{"embeddable":true,"href":"https:\/\/fashiongold.lt\/lv\/wp-json\/wp\/v2\/media\/57786"}],"wp:attachment":[{"href":"https:\/\/fashiongold.lt\/lv\/wp-json\/wp\/v2\/media?parent=288024"}],"wp:term":[{"taxonomy":"product_brand","embeddable":true,"href":"https:\/\/fashiongold.lt\/lv\/wp-json\/wp\/v2\/product_brand?post=288024"},{"taxonomy":"product_cat","embeddable":true,"href":"https:\/\/fashiongold.lt\/lv\/wp-json\/wp\/v2\/product_cat?post=288024"},{"taxonomy":"product_tag","embeddable":true,"href":"https:\/\/fashiongold.lt\/lv\/wp-json\/wp\/v2\/product_tag?post=288024"}],"curies":[{"name":"wp","href":"https:\/\/api.w.org\/{rel}","templated":true}]}}