{"id":288199,"date":"2025-10-09T18:41:30","date_gmt":"2025-10-09T18:41:30","guid":{"rendered":"https:\/\/fashiongold.lt\/papuosalas\/saderinasanas-gredzens-alfa\/"},"modified":"2025-10-09T18:41:30","modified_gmt":"2025-10-09T18:41:30","slug":"saderinasanas-gredzens-alfa","status":"publish","type":"product","link":"https:\/\/fashiongold.lt\/lv\/papuosalas\/saderinasanas-gredzens-alfa\/","title":{"rendered":"Saderin\u0101\u0161an\u0101s gredzens \u201eAlfa\u201d"},"content":{"rendered":"<p><span>\u201eFashion Gold\u201d juvelierizstr\u0101d\u0101jumu meistaru rad\u012btais saderin\u0101\u0161an\u0101s gredzens ir \u012bpa\u0161i augstas kvalit\u0101tes, ar Lietuvas Proves biroja sertifik\u0101tu par \u012bpa\u0161i pievilc\u012bgu cenu. T\u0101 ir rota, ko var nodot no paaudzes paaudz\u0113 k\u0101 \u0123imenes relikviju, jo ne zelts, ne \u012bsti dimanti nekad nezaud\u0113 savu v\u0113rt\u012bbu. \u0160o zelta gredzenu var pas\u016bt\u012bt gan salon\u0101, gan internet\u0101.\u00a0<\/span><\/p>\n<p>Saderin\u0101\u0161an\u0101s gredzena svars &#8211; 1,20-1,60 g<\/p>\n<p>Zelta kr\u0101sa &#8211;\u00a0dzeltena<\/p>\n<p>Briljantu svars &#8211; 0,04 ct, kr\u0101sa H, dzidrums SI<\/p>\n<p>Var apskat\u012bt \u201eFashion Gold&#8221; juvelierizstr\u0101d\u0101jumu nam\u0101 Pam\u0117nkalnio g. 5, Vi\u013c\u0146\u0101\u00a0<\/p>\n<p><span>Pas\u016btot rotaslietu, m\u0113s to pieg\u0101d\u0101sim 7-14 d.d. laik\u0101. Iesp\u0113jama bezmaksas grav\u0113\u0161ana. Gredzens sa\u0146em Lietuvas Proves biroja sertifik\u0101tu.<\/span><\/p>\n<p><span>Saderin\u0101\u0161an\u0101s gredzeni ir viena no \u201eFashion Gold&#8221; darb\u012bbas jom\u0101m. Salon\u0101 atrad\u012bsiet ar\u012b laul\u012bbu gredzenus, rotaslietas sieviet\u0113m, v\u012brie\u0161iem, b\u0113rniem da\u017e\u0101diem gad\u012bjumiem, mon\u0113tas, zelta stie\u0146us.<\/span><\/p>\n<p><span>PIED\u0100V\u0100JAM SADERIN\u0100\u0160AN\u0100S GREDZENUS UN CITAS ROTASLIETAS P\u0112C PAS\u016aT\u012aJUMA UN J\u016aSU INDIVIDU\u0100LAJ\u0100M V\u0112LM\u0112M. SAZINIETIES info@fashiongold.lt<\/span><\/p><\/p>\n","protected":false},"excerpt":{"rendered":"<p><span>Dzelten\u0101 zelta halo formas saderin\u0101\u0161an\u0101s gredzens ar \u012bstu dimantu &#8211; bildiniet savu m\u012b\u013coto, un \u0161\u012b rota visu m\u016b\u017eu atg\u0101din\u0101s par \u0161o \u012bpa\u0161o br\u012bdi.<\/span><\/p>\n","protected":false},"featured_media":56730,"template":"","meta":{"site-sidebar-layout":"","site-content-layout":"","ast-site-content-layout":"","site-content-style":"","site-sidebar-style":"","ast-global-header-display":"","ast-banner-title-visibility":"","ast-main-header-display":"","ast-hfb-above-header-display":"","ast-hfb-below-header-display":"","ast-hfb-mobile-header-display":"","site-post-title":"","ast-breadcrumbs-content":"","ast-featured-img":"","footer-sml-layout":"","ast-disable-related-posts":"","theme-transparent-header-meta":"","adv-header-id-meta":"","stick-header-meta":"","header-above-stick-meta":"","header-main-stick-meta":"","header-below-stick-meta":"","astra-migrate-meta-layouts":"default","ast-page-background-enabled":"default","ast-page-background-meta":{"desktop":{"background-color":"var(--ast-global-color-4)","background-image":"","background-repeat":"repeat","background-position":"center center","background-size":"auto","background-attachment":"scroll","background-type":"","background-media":"","overlay-type":"","overlay-color":"","overlay-opacity":"","overlay-gradient":""},"tablet":{"background-color":"","background-image":"","background-repeat":"repeat","background-position":"center center","background-size":"auto","background-attachment":"scroll","background-type":"","background-media":"","overlay-type":"","overlay-color":"","overlay-opacity":"","overlay-gradient":""},"mobile":{"background-color":"","background-image":"","background-repeat":"repeat","background-position":"center center","background-size":"auto","background-attachment":"scroll","background-type":"","background-media":"","overlay-type":"","overlay-color":"","overlay-opacity":"","overlay-gradient":""}},"ast-content-background-meta":{"desktop":{"background-color":"var(--ast-global-color-5)","background-image":"","background-repeat":"repeat","background-position":"center center","background-size":"auto","background-attachment":"scroll","background-type":"","background-media":"","overlay-type":"","overlay-color":"","overlay-opacity":"","overlay-gradient":""},"tablet":{"background-color":"var(--ast-global-color-5)","background-image":"","background-repeat":"repeat","background-position":"center center","background-size":"auto","background-attachment":"scroll","background-type":"","background-media":"","overlay-type":"","overlay-color":"","overlay-opacity":"","overlay-gradient":""},"mobile":{"background-color":"var(--ast-global-color-5)","background-image":"","background-repeat":"repeat","background-position":"center center","background-size":"auto","background-attachment":"scroll","background-type":"","background-media":"","overlay-type":"","overlay-color":"","overlay-opacity":"","overlay-gradient":""}}},"product_brand":[],"product_cat":[3481],"product_tag":[],"class_list":{"0":"post-288199","1":"product","2":"type-product","3":"status-publish","4":"has-post-thumbnail","6":"product_cat-izpardosana","7":"desktop-align-center","8":"tablet-align-left","9":"mobile-align-left","10":"ast-product-gallery-layout-horizontal-slider","11":"ast-product-gallery-with-no-image","12":"ast-product-single-variable","13":"ast-product-tabs-layout-accordion","14":"ast-qv-on-image","16":"first","17":"instock","18":"taxable","19":"shipping-taxable","20":"purchasable","21":"product-type-variable"},"yoast_head":"<!-- This site is optimized with the Yoast SEO plugin v26.6 - https:\/\/yoast.com\/wordpress\/plugins\/seo\/ -->\n<title>Dzelten\u0101 zelta saderin\u0101\u0161an\u0101s gredzens ar dimantu Alfa<\/title>\n<meta name=\"description\" content=\"Dzelten\u0101 zelta halo formas gredzens ar \u012bstu dimantu \u2013 bildiniet savu m\u012b\u013coto, un \u0161\u012b rota atg\u0101din\u0101s par \u0161o \u012bpa\u0161o br\u012bdi. Bezmaksas pieg\u0101de Lietuv\u0101.\" \/>\n<meta name=\"robots\" content=\"index, follow, max-snippet:-1, max-image-preview:large, max-video-preview:-1\" \/>\n<link rel=\"canonical\" href=\"https:\/\/fashiongold.lt\/lv\/papuosalas\/saderinasanas-gredzens-alfa\/\" \/>\n<meta property=\"og:locale\" content=\"lv_LV\" \/>\n<meta property=\"og:type\" content=\"article\" \/>\n<meta property=\"og:title\" content=\"Dzelten\u0101 zelta saderin\u0101\u0161an\u0101s gredzens ar dimantu Alfa\" \/>\n<meta property=\"og:description\" content=\"Dzelten\u0101 zelta halo formas gredzens ar \u012bstu dimantu \u2013 bildiniet savu m\u012b\u013coto, un \u0161\u012b rota atg\u0101din\u0101s par \u0161o \u012bpa\u0161o br\u012bdi. Bezmaksas pieg\u0101de Lietuv\u0101.\" \/>\n<meta property=\"og:url\" content=\"https:\/\/fashiongold.lt\/lv\/papuosalas\/saderinasanas-gredzens-alfa\/\" \/>\n<meta property=\"og:site_name\" content=\"FashionGold.lt\" \/>\n<meta property=\"og:image\" content=\"https:\/\/fashiongold.lt\/wp-content\/uploads\/2025\/10\/1846-15d-Suzadetuviu-ziedas-Alfa.webp\" \/>\n\t<meta property=\"og:image:width\" content=\"529\" \/>\n\t<meta property=\"og:image:height\" content=\"465\" \/>\n\t<meta property=\"og:image:type\" content=\"image\/jpeg\" \/>\n<meta name=\"twitter:card\" content=\"summary_large_image\" \/>\n<meta name=\"twitter:label1\" content=\"Est. reading time\" \/>\n\t<meta name=\"twitter:data1\" content=\"1 minute\" \/>\n<script type=\"application\/ld+json\" class=\"yoast-schema-graph\">{\"@context\":\"https:\/\/schema.org\",\"@graph\":[{\"@type\":\"WebPage\",\"@id\":\"https:\/\/fashiongold.lt\/lv\/papuosalas\/saderinasanas-gredzens-alfa\/\",\"url\":\"https:\/\/fashiongold.lt\/lv\/papuosalas\/saderinasanas-gredzens-alfa\/\",\"name\":\"Dzelten\u0101 zelta saderin\u0101\u0161an\u0101s gredzens ar dimantu Alfa\",\"isPartOf\":{\"@id\":\"https:\/\/fashiongold.lt\/lv\/#website\"},\"primaryImageOfPage\":{\"@id\":\"https:\/\/fashiongold.lt\/lv\/papuosalas\/saderinasanas-gredzens-alfa\/#primaryimage\"},\"image\":{\"@id\":\"https:\/\/fashiongold.lt\/lv\/papuosalas\/saderinasanas-gredzens-alfa\/#primaryimage\"},\"thumbnailUrl\":\"https:\/\/fashiongold.lt\/wp-content\/uploads\/2025\/10\/1846-15d-Suzadetuviu-ziedas-Alfa.jpg\",\"datePublished\":\"2025-10-09T18:41:30+00:00\",\"description\":\"Dzelten\u0101 zelta halo formas gredzens ar \u012bstu dimantu \u2013 bildiniet savu m\u012b\u013coto, un \u0161\u012b rota atg\u0101din\u0101s par \u0161o \u012bpa\u0161o br\u012bdi. Bezmaksas pieg\u0101de Lietuv\u0101.\",\"breadcrumb\":{\"@id\":\"https:\/\/fashiongold.lt\/lv\/papuosalas\/saderinasanas-gredzens-alfa\/#breadcrumb\"},\"inLanguage\":\"lv-LV\",\"potentialAction\":[{\"@type\":\"ReadAction\",\"target\":[\"https:\/\/fashiongold.lt\/lv\/papuosalas\/saderinasanas-gredzens-alfa\/\"]}]},{\"@type\":\"ImageObject\",\"inLanguage\":\"lv-LV\",\"@id\":\"https:\/\/fashiongold.lt\/lv\/papuosalas\/saderinasanas-gredzens-alfa\/#primaryimage\",\"url\":\"https:\/\/fashiongold.lt\/wp-content\/uploads\/2025\/10\/1846-15d-Suzadetuviu-ziedas-Alfa.jpg\",\"contentUrl\":\"https:\/\/fashiongold.lt\/wp-content\/uploads\/2025\/10\/1846-15d-Suzadetuviu-ziedas-Alfa.jpg\",\"width\":529,\"height\":465},{\"@type\":\"BreadcrumbList\",\"@id\":\"https:\/\/fashiongold.lt\/lv\/papuosalas\/saderinasanas-gredzens-alfa\/#breadcrumb\",\"itemListElement\":[{\"@type\":\"ListItem\",\"position\":1,\"name\":\"Home\",\"item\":\"https:\/\/fashiongold.lt\/lv\/\"},{\"@type\":\"ListItem\",\"position\":2,\"name\":\"Dimantu veikals Fashiongold.lt\",\"item\":\"https:\/\/fashiongold.lt\/shop-2\/\"},{\"@type\":\"ListItem\",\"position\":3,\"name\":\"Saderin\u0101\u0161an\u0101s gredzens \u201eAlfa\u201d\"}]},{\"@type\":\"WebSite\",\"@id\":\"https:\/\/fashiongold.lt\/lv\/#website\",\"url\":\"https:\/\/fashiongold.lt\/lv\/\",\"name\":\"Fashion Gold\",\"description\":\"Juvelyrikos namai\",\"publisher\":{\"@id\":\"https:\/\/fashiongold.lt\/lv\/#organization\"},\"potentialAction\":[{\"@type\":\"SearchAction\",\"target\":{\"@type\":\"EntryPoint\",\"urlTemplate\":\"https:\/\/fashiongold.lt\/lv\/?s={search_term_string}\"},\"query-input\":{\"@type\":\"PropertyValueSpecification\",\"valueRequired\":true,\"valueName\":\"search_term_string\"}}],\"inLanguage\":\"lv-LV\"},{\"@type\":\"Organization\",\"@id\":\"https:\/\/fashiongold.lt\/lv\/#organization\",\"name\":\"Topdiamonds Online\",\"url\":\"https:\/\/fashiongold.lt\/lv\/\",\"logo\":{\"@type\":\"ImageObject\",\"inLanguage\":\"lv-LV\",\"@id\":\"https:\/\/fashiongold.lt\/lv\/#\/schema\/logo\/image\/\",\"url\":\"https:\/\/fashiongold.lt\/wp-content\/uploads\/2025\/04\/cropped-fashion_gold_logotipas2-scaled-1.png\",\"contentUrl\":\"https:\/\/fashiongold.lt\/wp-content\/uploads\/2025\/04\/cropped-fashion_gold_logotipas2-scaled-1.png\",\"width\":2559,\"height\":421,\"caption\":\"Topdiamonds Online\"},\"image\":{\"@id\":\"https:\/\/fashiongold.lt\/lv\/#\/schema\/logo\/image\/\"}}]}<\/script>\n<!-- \/ Yoast SEO plugin. -->","yoast_head_json":{"title":"Dzelten\u0101 zelta saderin\u0101\u0161an\u0101s gredzens ar dimantu Alfa","description":"Dzelten\u0101 zelta halo formas gredzens ar \u012bstu dimantu \u2013 bildiniet savu m\u012b\u013coto, un \u0161\u012b rota atg\u0101din\u0101s par \u0161o \u012bpa\u0161o br\u012bdi. Bezmaksas pieg\u0101de Lietuv\u0101.","robots":{"index":"index","follow":"follow","max-snippet":"max-snippet:-1","max-image-preview":"max-image-preview:large","max-video-preview":"max-video-preview:-1"},"canonical":"https:\/\/fashiongold.lt\/lv\/papuosalas\/saderinasanas-gredzens-alfa\/","og_locale":"lv_LV","og_type":"article","og_title":"Dzelten\u0101 zelta saderin\u0101\u0161an\u0101s gredzens ar dimantu Alfa","og_description":"Dzelten\u0101 zelta halo formas gredzens ar \u012bstu dimantu \u2013 bildiniet savu m\u012b\u013coto, un \u0161\u012b rota atg\u0101din\u0101s par \u0161o \u012bpa\u0161o br\u012bdi. Bezmaksas pieg\u0101de Lietuv\u0101.","og_url":"https:\/\/fashiongold.lt\/lv\/papuosalas\/saderinasanas-gredzens-alfa\/","og_site_name":"FashionGold.lt","og_image":[{"width":529,"height":465,"url":"https:\/\/fashiongold.lt\/wp-content\/uploads\/2025\/10\/1846-15d-Suzadetuviu-ziedas-Alfa.webp","type":"image\/jpeg"}],"twitter_card":"summary_large_image","twitter_misc":{"Est. reading time":"1 minute"},"schema":{"@context":"https:\/\/schema.org","@graph":[{"@type":"WebPage","@id":"https:\/\/fashiongold.lt\/lv\/papuosalas\/saderinasanas-gredzens-alfa\/","url":"https:\/\/fashiongold.lt\/lv\/papuosalas\/saderinasanas-gredzens-alfa\/","name":"Dzelten\u0101 zelta saderin\u0101\u0161an\u0101s gredzens ar dimantu Alfa","isPartOf":{"@id":"https:\/\/fashiongold.lt\/lv\/#website"},"primaryImageOfPage":{"@id":"https:\/\/fashiongold.lt\/lv\/papuosalas\/saderinasanas-gredzens-alfa\/#primaryimage"},"image":{"@id":"https:\/\/fashiongold.lt\/lv\/papuosalas\/saderinasanas-gredzens-alfa\/#primaryimage"},"thumbnailUrl":"https:\/\/fashiongold.lt\/wp-content\/uploads\/2025\/10\/1846-15d-Suzadetuviu-ziedas-Alfa.jpg","datePublished":"2025-10-09T18:41:30+00:00","description":"Dzelten\u0101 zelta halo formas gredzens ar \u012bstu dimantu \u2013 bildiniet savu m\u012b\u013coto, un \u0161\u012b rota atg\u0101din\u0101s par \u0161o \u012bpa\u0161o br\u012bdi. Bezmaksas pieg\u0101de Lietuv\u0101.","breadcrumb":{"@id":"https:\/\/fashiongold.lt\/lv\/papuosalas\/saderinasanas-gredzens-alfa\/#breadcrumb"},"inLanguage":"lv-LV","potentialAction":[{"@type":"ReadAction","target":["https:\/\/fashiongold.lt\/lv\/papuosalas\/saderinasanas-gredzens-alfa\/"]}]},{"@type":"ImageObject","inLanguage":"lv-LV","@id":"https:\/\/fashiongold.lt\/lv\/papuosalas\/saderinasanas-gredzens-alfa\/#primaryimage","url":"https:\/\/fashiongold.lt\/wp-content\/uploads\/2025\/10\/1846-15d-Suzadetuviu-ziedas-Alfa.jpg","contentUrl":"https:\/\/fashiongold.lt\/wp-content\/uploads\/2025\/10\/1846-15d-Suzadetuviu-ziedas-Alfa.jpg","width":529,"height":465},{"@type":"BreadcrumbList","@id":"https:\/\/fashiongold.lt\/lv\/papuosalas\/saderinasanas-gredzens-alfa\/#breadcrumb","itemListElement":[{"@type":"ListItem","position":1,"name":"Home","item":"https:\/\/fashiongold.lt\/lv\/"},{"@type":"ListItem","position":2,"name":"Dimantu veikals Fashiongold.lt","item":"https:\/\/fashiongold.lt\/shop-2\/"},{"@type":"ListItem","position":3,"name":"Saderin\u0101\u0161an\u0101s gredzens \u201eAlfa\u201d"}]},{"@type":"WebSite","@id":"https:\/\/fashiongold.lt\/lv\/#website","url":"https:\/\/fashiongold.lt\/lv\/","name":"Fashion Gold","description":"Juvelyrikos namai","publisher":{"@id":"https:\/\/fashiongold.lt\/lv\/#organization"},"potentialAction":[{"@type":"SearchAction","target":{"@type":"EntryPoint","urlTemplate":"https:\/\/fashiongold.lt\/lv\/?s={search_term_string}"},"query-input":{"@type":"PropertyValueSpecification","valueRequired":true,"valueName":"search_term_string"}}],"inLanguage":"lv-LV"},{"@type":"Organization","@id":"https:\/\/fashiongold.lt\/lv\/#organization","name":"Topdiamonds Online","url":"https:\/\/fashiongold.lt\/lv\/","logo":{"@type":"ImageObject","inLanguage":"lv-LV","@id":"https:\/\/fashiongold.lt\/lv\/#\/schema\/logo\/image\/","url":"https:\/\/fashiongold.lt\/wp-content\/uploads\/2025\/04\/cropped-fashion_gold_logotipas2-scaled-1.png","contentUrl":"https:\/\/fashiongold.lt\/wp-content\/uploads\/2025\/04\/cropped-fashion_gold_logotipas2-scaled-1.png","width":2559,"height":421,"caption":"Topdiamonds Online"},"image":{"@id":"https:\/\/fashiongold.lt\/lv\/#\/schema\/logo\/image\/"}}]}},"_links":{"self":[{"href":"https:\/\/fashiongold.lt\/lv\/wp-json\/wp\/v2\/product\/288199","targetHints":{"allow":["GET"]}}],"collection":[{"href":"https:\/\/fashiongold.lt\/lv\/wp-json\/wp\/v2\/product"}],"about":[{"href":"https:\/\/fashiongold.lt\/lv\/wp-json\/wp\/v2\/types\/product"}],"version-history":[{"count":0,"href":"https:\/\/fashiongold.lt\/lv\/wp-json\/wp\/v2\/product\/288199\/revisions"}],"wp:featuredmedia":[{"embeddable":true,"href":"https:\/\/fashiongold.lt\/lv\/wp-json\/wp\/v2\/media\/56730"}],"wp:attachment":[{"href":"https:\/\/fashiongold.lt\/lv\/wp-json\/wp\/v2\/media?parent=288199"}],"wp:term":[{"taxonomy":"product_brand","embeddable":true,"href":"https:\/\/fashiongold.lt\/lv\/wp-json\/wp\/v2\/product_brand?post=288199"},{"taxonomy":"product_cat","embeddable":true,"href":"https:\/\/fashiongold.lt\/lv\/wp-json\/wp\/v2\/product_cat?post=288199"},{"taxonomy":"product_tag","embeddable":true,"href":"https:\/\/fashiongold.lt\/lv\/wp-json\/wp\/v2\/product_tag?post=288199"}],"curies":[{"name":"wp","href":"https:\/\/api.w.org\/{rel}","templated":true}]}}