{"id":288204,"date":"2025-10-09T18:40:40","date_gmt":"2025-10-09T18:40:40","guid":{"rendered":"https:\/\/fashiongold.lt\/papuosalas\/balta-zelta-gredzens-ar-dimantiem-eta-smalka-milestibas-zime\/"},"modified":"2025-10-09T18:40:40","modified_gmt":"2025-10-09T18:40:40","slug":"balta-zelta-gredzens-ar-dimantiem-eta-smalka-milestibas-zime","status":"publish","type":"product","link":"https:\/\/fashiongold.lt\/lv\/papuosalas\/balta-zelta-gredzens-ar-dimantiem-eta-smalka-milestibas-zime\/","title":{"rendered":"Balt\u0101 zelta gredzens ar dimantiem Eta \u2013 smalka m\u012blest\u012bbas z\u012bme"},"content":{"rendered":"<p style=\"margin-right: 0cm; margin-left: 0cm; font-size: 12pt; font-family: 'Times New Roman', serif;\"><span style=\"font-size: 11pt; color: #374151; background: #f7f7f8;\">Subtils un ekskluz\u012bvs &#8211; Balt\u0101 zelta gredzens ar dimantu Eta. Dimanti izk\u0101rtoti zieda form\u0101, radot optisku il\u016bziju, kas palielina dimanta izm\u0113ru<\/span><span lang=\"LT\" style=\"font-size: 11pt; color: #374151; background: #f7f7f8;\">.<\/span><span lang=\"LT\" style=\"font-size: 11pt;\"><o:p><\/o:p><\/span><\/p>\n<p style=\"margin-right: 0cm; margin-left: 0cm; font-size: 12pt; font-family: 'Times New Roman', serif;\"><span style=\"font-size: 11pt;\">&#8220;Fashion Gold&#8221; juvelieru meistaru rad\u012btais saderin\u0101\u0161an\u0101s gredzens ir \u012bpa\u0161i augstas kvalit\u0101tes, atz\u012bm\u0113ts ar Lietuvas Proves biroja sertifik\u0101tu par \u012bpa\u0161i pievilc\u012bgu cenu. \u0160\u012b ir rota, ko var nodot no paaudzes paaudz\u0113 k\u0101 \u0123imenes relikviju, jo ne zelts, ne \u012bsti dimanti nekad nezaud\u0113 savu v\u0113rt\u012bbu. \u0160o zelta gredzenu var pas\u016bt\u012bt gan salon\u0101, gan internet\u0101.\u00a0<o:p><\/o:p><\/span><\/p>\n<p style=\"margin-right: 0cm; margin-left: 0cm; font-size: 12pt; font-family: 'Times New Roman', serif;\"><span lang=\"LT\" style=\"font-size: 11pt;\">G<\/span><span style=\"font-size: 11pt;\">redzena svars &#8211; 1,20-1,60 g<o:p><\/o:p><\/span><\/p>\n<p style=\"margin-right: 0cm; margin-left: 0cm; font-size: 12pt; font-family: 'Times New Roman', serif;\"><span style=\"font-size: 11pt;\">Zelta kr\u0101sa \u2013\u00a0balta<o:p><\/o:p><\/span><\/p>\n<p style=\"margin-right: 0cm; margin-left: 0cm; font-size: 12pt; font-family: 'Times New Roman', serif;\"><span lang=\"LT\" style=\"font-size: 11pt;\">Zelta prove &#8211; <\/span><span lang=\"EN-US\" style=\"font-size: 11pt;\">585<o:p><\/o:p><\/span><\/p>\n<p style=\"margin-right: 0cm; margin-left: 0cm; font-size: 12pt; font-family: 'Times New Roman', serif;\"><span lang=\"EN-US\" style=\"font-size: 11pt;\">Dimantu kop\u0113jais<\/span><span style=\"font-size: 11pt;\"> svars &#8211; 0,04 ct, kr\u0101sa H, dzidrums SI<o:p><\/o:p><\/span><\/p>\n<p style=\"margin-right: 0cm; margin-left: 0cm; font-size: 12pt; font-family: 'Times New Roman', serif;\"><span style=\"font-size: 11pt;\">Iesp\u0113jams apskat\u012bt &#8220;Fashion Gold&#8221; juvelierizstr\u0101d\u0101jumu nam\u0101 Pam\u0117nkalnio g. 5, Vi\u013c\u0146\u0101\u00a0<o:p><\/o:p><\/span><\/p>\n<p style=\"margin-right: 0cm; margin-left: 0cm; font-size: 12pt; font-family: 'Times New Roman', serif;\"><span style=\"font-size: 11pt;\">pieg\u0101d\u0101sim to 7-14 d. d. laik\u0101. Iesp\u0113jama bezmaksas grav\u0113\u0161ana. Gredzens sa\u0146em Lietuvas Proves biroja sertifik\u0101tu.<o:p><\/o:p><\/span><\/p>\n<p style=\"margin-right: 0cm; margin-left: 0cm; font-size: 12pt; font-family: 'Times New Roman', serif;\"><span style=\"font-size: 11pt;\">Saderin\u0101\u0161an\u0101s gredzeni ir viena no &#8220;Fashion Gold&#8221; darb\u012bbas jom\u0101m. Salon\u0101 atrad\u012bsiet ar\u012b laul\u012bbu gredzenus, rotaslietas sieviet\u0113m, v\u012brie\u0161iem, b\u0113rniem da\u017e\u0101diem gad\u012bjumiem, mon\u0113tas, zelta stie\u0146us.<o:p><\/o:p><\/span><\/p>\n<p style=\"margin-right: 0cm; margin-left: 0cm; font-size: 12pt; font-family: 'Times New Roman', serif;\"><span style=\"font-size: 11pt;\">PIED\u0100V\u0100JAM SADERIN\u0100\u0160AN\u0100S GREDZENUS UN CITAS ROTASLIETAS P\u0112C PAS\u016aT\u012aJUMA UN J\u016aSU INDIVIDU\u0100L\u0100M V\u0112LM\u0112M. SAZINIETIES info@fashiongold.lt<o:p><\/o:p><\/span><\/p><\/p>\n","protected":false},"excerpt":{"rendered":"<p>Lieliska izv\u0113le &#8211; Halo tipa balt\u0101 zelta gredzens ar dimantiem Eta. Dimanti ir izk\u0101rtoti ziedi\u0146a form\u0101, radot optisko il\u016bziju un pie\u0161\u0137irot jums smalku un izsmalcin\u0101tu \u0161armu<\/p>\n","protected":false},"featured_media":56670,"template":"","meta":{"site-sidebar-layout":"","site-content-layout":"","ast-site-content-layout":"","site-content-style":"","site-sidebar-style":"","ast-global-header-display":"","ast-banner-title-visibility":"","ast-main-header-display":"","ast-hfb-above-header-display":"","ast-hfb-below-header-display":"","ast-hfb-mobile-header-display":"","site-post-title":"","ast-breadcrumbs-content":"","ast-featured-img":"","footer-sml-layout":"","ast-disable-related-posts":"","theme-transparent-header-meta":"","adv-header-id-meta":"","stick-header-meta":"","header-above-stick-meta":"","header-main-stick-meta":"","header-below-stick-meta":"","astra-migrate-meta-layouts":"default","ast-page-background-enabled":"default","ast-page-background-meta":{"desktop":{"background-color":"var(--ast-global-color-4)","background-image":"","background-repeat":"repeat","background-position":"center center","background-size":"auto","background-attachment":"scroll","background-type":"","background-media":"","overlay-type":"","overlay-color":"","overlay-opacity":"","overlay-gradient":""},"tablet":{"background-color":"","background-image":"","background-repeat":"repeat","background-position":"center center","background-size":"auto","background-attachment":"scroll","background-type":"","background-media":"","overlay-type":"","overlay-color":"","overlay-opacity":"","overlay-gradient":""},"mobile":{"background-color":"","background-image":"","background-repeat":"repeat","background-position":"center center","background-size":"auto","background-attachment":"scroll","background-type":"","background-media":"","overlay-type":"","overlay-color":"","overlay-opacity":"","overlay-gradient":""}},"ast-content-background-meta":{"desktop":{"background-color":"var(--ast-global-color-5)","background-image":"","background-repeat":"repeat","background-position":"center center","background-size":"auto","background-attachment":"scroll","background-type":"","background-media":"","overlay-type":"","overlay-color":"","overlay-opacity":"","overlay-gradient":""},"tablet":{"background-color":"var(--ast-global-color-5)","background-image":"","background-repeat":"repeat","background-position":"center center","background-size":"auto","background-attachment":"scroll","background-type":"","background-media":"","overlay-type":"","overlay-color":"","overlay-opacity":"","overlay-gradient":""},"mobile":{"background-color":"var(--ast-global-color-5)","background-image":"","background-repeat":"repeat","background-position":"center center","background-size":"auto","background-attachment":"scroll","background-type":"","background-media":"","overlay-type":"","overlay-color":"","overlay-opacity":"","overlay-gradient":""}}},"product_brand":[],"product_cat":[3481],"product_tag":[],"class_list":{"0":"post-288204","1":"product","2":"type-product","3":"status-publish","4":"has-post-thumbnail","6":"product_cat-izpardosana","7":"desktop-align-center","8":"tablet-align-left","9":"mobile-align-left","10":"ast-product-gallery-layout-horizontal-slider","11":"ast-product-gallery-with-no-image","12":"ast-product-single-variable","13":"ast-product-tabs-layout-accordion","14":"ast-qv-on-image","16":"first","17":"instock","18":"taxable","19":"shipping-taxable","20":"purchasable","21":"product-type-variable"},"yoast_head":"<!-- This site is optimized with the Yoast SEO plugin v26.6 - https:\/\/yoast.com\/wordpress\/plugins\/seo\/ -->\n<title>Gredzens ar dimantiem - Subtila m\u012blest\u012bbas z\u012bme<\/title>\n<meta name=\"description\" content=\"Halo dizaina gredzens ar dimantiem Eta. Dimanti ir izvietoti ziedi\u0146a form\u0101, radot optisku il\u016bziju un pie\u0161\u0137irot jums subtilu un izsmalcin\u0101tu \u0161armu.\" \/>\n<meta name=\"robots\" content=\"index, follow, max-snippet:-1, max-image-preview:large, max-video-preview:-1\" \/>\n<link rel=\"canonical\" href=\"https:\/\/fashiongold.lt\/lv\/papuosalas\/balta-zelta-gredzens-ar-dimantiem-eta-smalka-milestibas-zime\/\" \/>\n<meta property=\"og:locale\" content=\"lv_LV\" \/>\n<meta property=\"og:type\" content=\"article\" \/>\n<meta property=\"og:title\" content=\"Gredzens ar dimantiem - Subtila m\u012blest\u012bbas z\u012bme\" \/>\n<meta property=\"og:description\" content=\"Halo dizaina gredzens ar dimantiem Eta. Dimanti ir izvietoti ziedi\u0146a form\u0101, radot optisku il\u016bziju un pie\u0161\u0137irot jums subtilu un izsmalcin\u0101tu \u0161armu.\" \/>\n<meta property=\"og:url\" content=\"https:\/\/fashiongold.lt\/lv\/papuosalas\/balta-zelta-gredzens-ar-dimantiem-eta-smalka-milestibas-zime\/\" \/>\n<meta property=\"og:site_name\" content=\"FashionGold.lt\" \/>\n<meta property=\"og:image\" content=\"https:\/\/fashiongold.lt\/wp-content\/uploads\/2025\/10\/1844-6be-Suzadetuviu-ziedas-Eta.webp\" \/>\n\t<meta property=\"og:image:width\" content=\"549\" \/>\n\t<meta property=\"og:image:height\" content=\"472\" \/>\n\t<meta property=\"og:image:type\" content=\"image\/jpeg\" \/>\n<meta name=\"twitter:card\" content=\"summary_large_image\" \/>\n<meta name=\"twitter:label1\" content=\"Est. reading time\" \/>\n\t<meta name=\"twitter:data1\" content=\"1 minute\" \/>\n<script type=\"application\/ld+json\" class=\"yoast-schema-graph\">{\"@context\":\"https:\/\/schema.org\",\"@graph\":[{\"@type\":\"WebPage\",\"@id\":\"https:\/\/fashiongold.lt\/lv\/papuosalas\/balta-zelta-gredzens-ar-dimantiem-eta-smalka-milestibas-zime\/\",\"url\":\"https:\/\/fashiongold.lt\/lv\/papuosalas\/balta-zelta-gredzens-ar-dimantiem-eta-smalka-milestibas-zime\/\",\"name\":\"Gredzens ar dimantiem - Subtila m\u012blest\u012bbas z\u012bme\",\"isPartOf\":{\"@id\":\"https:\/\/fashiongold.lt\/lv\/#website\"},\"primaryImageOfPage\":{\"@id\":\"https:\/\/fashiongold.lt\/lv\/papuosalas\/balta-zelta-gredzens-ar-dimantiem-eta-smalka-milestibas-zime\/#primaryimage\"},\"image\":{\"@id\":\"https:\/\/fashiongold.lt\/lv\/papuosalas\/balta-zelta-gredzens-ar-dimantiem-eta-smalka-milestibas-zime\/#primaryimage\"},\"thumbnailUrl\":\"https:\/\/fashiongold.lt\/wp-content\/uploads\/2025\/10\/1844-6be-Suzadetuviu-ziedas-Eta.jpg\",\"datePublished\":\"2025-10-09T18:40:40+00:00\",\"description\":\"Halo dizaina gredzens ar dimantiem Eta. Dimanti ir izvietoti ziedi\u0146a form\u0101, radot optisku il\u016bziju un pie\u0161\u0137irot jums subtilu un izsmalcin\u0101tu \u0161armu.\",\"breadcrumb\":{\"@id\":\"https:\/\/fashiongold.lt\/lv\/papuosalas\/balta-zelta-gredzens-ar-dimantiem-eta-smalka-milestibas-zime\/#breadcrumb\"},\"inLanguage\":\"lv-LV\",\"potentialAction\":[{\"@type\":\"ReadAction\",\"target\":[\"https:\/\/fashiongold.lt\/lv\/papuosalas\/balta-zelta-gredzens-ar-dimantiem-eta-smalka-milestibas-zime\/\"]}]},{\"@type\":\"ImageObject\",\"inLanguage\":\"lv-LV\",\"@id\":\"https:\/\/fashiongold.lt\/lv\/papuosalas\/balta-zelta-gredzens-ar-dimantiem-eta-smalka-milestibas-zime\/#primaryimage\",\"url\":\"https:\/\/fashiongold.lt\/wp-content\/uploads\/2025\/10\/1844-6be-Suzadetuviu-ziedas-Eta.jpg\",\"contentUrl\":\"https:\/\/fashiongold.lt\/wp-content\/uploads\/2025\/10\/1844-6be-Suzadetuviu-ziedas-Eta.jpg\",\"width\":549,\"height\":472},{\"@type\":\"BreadcrumbList\",\"@id\":\"https:\/\/fashiongold.lt\/lv\/papuosalas\/balta-zelta-gredzens-ar-dimantiem-eta-smalka-milestibas-zime\/#breadcrumb\",\"itemListElement\":[{\"@type\":\"ListItem\",\"position\":1,\"name\":\"Home\",\"item\":\"https:\/\/fashiongold.lt\/lv\/\"},{\"@type\":\"ListItem\",\"position\":2,\"name\":\"Dimantu veikals Fashiongold.lt\",\"item\":\"https:\/\/fashiongold.lt\/shop-2\/\"},{\"@type\":\"ListItem\",\"position\":3,\"name\":\"Balt\u0101 zelta gredzens ar dimantiem Eta \u2013 smalka m\u012blest\u012bbas z\u012bme\"}]},{\"@type\":\"WebSite\",\"@id\":\"https:\/\/fashiongold.lt\/lv\/#website\",\"url\":\"https:\/\/fashiongold.lt\/lv\/\",\"name\":\"Fashion Gold\",\"description\":\"Juvelyrikos namai\",\"publisher\":{\"@id\":\"https:\/\/fashiongold.lt\/lv\/#organization\"},\"potentialAction\":[{\"@type\":\"SearchAction\",\"target\":{\"@type\":\"EntryPoint\",\"urlTemplate\":\"https:\/\/fashiongold.lt\/lv\/?s={search_term_string}\"},\"query-input\":{\"@type\":\"PropertyValueSpecification\",\"valueRequired\":true,\"valueName\":\"search_term_string\"}}],\"inLanguage\":\"lv-LV\"},{\"@type\":\"Organization\",\"@id\":\"https:\/\/fashiongold.lt\/lv\/#organization\",\"name\":\"Topdiamonds Online\",\"url\":\"https:\/\/fashiongold.lt\/lv\/\",\"logo\":{\"@type\":\"ImageObject\",\"inLanguage\":\"lv-LV\",\"@id\":\"https:\/\/fashiongold.lt\/lv\/#\/schema\/logo\/image\/\",\"url\":\"https:\/\/fashiongold.lt\/wp-content\/uploads\/2025\/04\/cropped-fashion_gold_logotipas2-scaled-1.png\",\"contentUrl\":\"https:\/\/fashiongold.lt\/wp-content\/uploads\/2025\/04\/cropped-fashion_gold_logotipas2-scaled-1.png\",\"width\":2559,\"height\":421,\"caption\":\"Topdiamonds Online\"},\"image\":{\"@id\":\"https:\/\/fashiongold.lt\/lv\/#\/schema\/logo\/image\/\"}}]}<\/script>\n<!-- \/ Yoast SEO plugin. -->","yoast_head_json":{"title":"Gredzens ar dimantiem - Subtila m\u012blest\u012bbas z\u012bme","description":"Halo dizaina gredzens ar dimantiem Eta. Dimanti ir izvietoti ziedi\u0146a form\u0101, radot optisku il\u016bziju un pie\u0161\u0137irot jums subtilu un izsmalcin\u0101tu \u0161armu.","robots":{"index":"index","follow":"follow","max-snippet":"max-snippet:-1","max-image-preview":"max-image-preview:large","max-video-preview":"max-video-preview:-1"},"canonical":"https:\/\/fashiongold.lt\/lv\/papuosalas\/balta-zelta-gredzens-ar-dimantiem-eta-smalka-milestibas-zime\/","og_locale":"lv_LV","og_type":"article","og_title":"Gredzens ar dimantiem - Subtila m\u012blest\u012bbas z\u012bme","og_description":"Halo dizaina gredzens ar dimantiem Eta. Dimanti ir izvietoti ziedi\u0146a form\u0101, radot optisku il\u016bziju un pie\u0161\u0137irot jums subtilu un izsmalcin\u0101tu \u0161armu.","og_url":"https:\/\/fashiongold.lt\/lv\/papuosalas\/balta-zelta-gredzens-ar-dimantiem-eta-smalka-milestibas-zime\/","og_site_name":"FashionGold.lt","og_image":[{"width":549,"height":472,"url":"https:\/\/fashiongold.lt\/wp-content\/uploads\/2025\/10\/1844-6be-Suzadetuviu-ziedas-Eta.webp","type":"image\/jpeg"}],"twitter_card":"summary_large_image","twitter_misc":{"Est. reading time":"1 minute"},"schema":{"@context":"https:\/\/schema.org","@graph":[{"@type":"WebPage","@id":"https:\/\/fashiongold.lt\/lv\/papuosalas\/balta-zelta-gredzens-ar-dimantiem-eta-smalka-milestibas-zime\/","url":"https:\/\/fashiongold.lt\/lv\/papuosalas\/balta-zelta-gredzens-ar-dimantiem-eta-smalka-milestibas-zime\/","name":"Gredzens ar dimantiem - Subtila m\u012blest\u012bbas z\u012bme","isPartOf":{"@id":"https:\/\/fashiongold.lt\/lv\/#website"},"primaryImageOfPage":{"@id":"https:\/\/fashiongold.lt\/lv\/papuosalas\/balta-zelta-gredzens-ar-dimantiem-eta-smalka-milestibas-zime\/#primaryimage"},"image":{"@id":"https:\/\/fashiongold.lt\/lv\/papuosalas\/balta-zelta-gredzens-ar-dimantiem-eta-smalka-milestibas-zime\/#primaryimage"},"thumbnailUrl":"https:\/\/fashiongold.lt\/wp-content\/uploads\/2025\/10\/1844-6be-Suzadetuviu-ziedas-Eta.jpg","datePublished":"2025-10-09T18:40:40+00:00","description":"Halo dizaina gredzens ar dimantiem Eta. Dimanti ir izvietoti ziedi\u0146a form\u0101, radot optisku il\u016bziju un pie\u0161\u0137irot jums subtilu un izsmalcin\u0101tu \u0161armu.","breadcrumb":{"@id":"https:\/\/fashiongold.lt\/lv\/papuosalas\/balta-zelta-gredzens-ar-dimantiem-eta-smalka-milestibas-zime\/#breadcrumb"},"inLanguage":"lv-LV","potentialAction":[{"@type":"ReadAction","target":["https:\/\/fashiongold.lt\/lv\/papuosalas\/balta-zelta-gredzens-ar-dimantiem-eta-smalka-milestibas-zime\/"]}]},{"@type":"ImageObject","inLanguage":"lv-LV","@id":"https:\/\/fashiongold.lt\/lv\/papuosalas\/balta-zelta-gredzens-ar-dimantiem-eta-smalka-milestibas-zime\/#primaryimage","url":"https:\/\/fashiongold.lt\/wp-content\/uploads\/2025\/10\/1844-6be-Suzadetuviu-ziedas-Eta.jpg","contentUrl":"https:\/\/fashiongold.lt\/wp-content\/uploads\/2025\/10\/1844-6be-Suzadetuviu-ziedas-Eta.jpg","width":549,"height":472},{"@type":"BreadcrumbList","@id":"https:\/\/fashiongold.lt\/lv\/papuosalas\/balta-zelta-gredzens-ar-dimantiem-eta-smalka-milestibas-zime\/#breadcrumb","itemListElement":[{"@type":"ListItem","position":1,"name":"Home","item":"https:\/\/fashiongold.lt\/lv\/"},{"@type":"ListItem","position":2,"name":"Dimantu veikals Fashiongold.lt","item":"https:\/\/fashiongold.lt\/shop-2\/"},{"@type":"ListItem","position":3,"name":"Balt\u0101 zelta gredzens ar dimantiem Eta \u2013 smalka m\u012blest\u012bbas z\u012bme"}]},{"@type":"WebSite","@id":"https:\/\/fashiongold.lt\/lv\/#website","url":"https:\/\/fashiongold.lt\/lv\/","name":"Fashion Gold","description":"Juvelyrikos namai","publisher":{"@id":"https:\/\/fashiongold.lt\/lv\/#organization"},"potentialAction":[{"@type":"SearchAction","target":{"@type":"EntryPoint","urlTemplate":"https:\/\/fashiongold.lt\/lv\/?s={search_term_string}"},"query-input":{"@type":"PropertyValueSpecification","valueRequired":true,"valueName":"search_term_string"}}],"inLanguage":"lv-LV"},{"@type":"Organization","@id":"https:\/\/fashiongold.lt\/lv\/#organization","name":"Topdiamonds Online","url":"https:\/\/fashiongold.lt\/lv\/","logo":{"@type":"ImageObject","inLanguage":"lv-LV","@id":"https:\/\/fashiongold.lt\/lv\/#\/schema\/logo\/image\/","url":"https:\/\/fashiongold.lt\/wp-content\/uploads\/2025\/04\/cropped-fashion_gold_logotipas2-scaled-1.png","contentUrl":"https:\/\/fashiongold.lt\/wp-content\/uploads\/2025\/04\/cropped-fashion_gold_logotipas2-scaled-1.png","width":2559,"height":421,"caption":"Topdiamonds Online"},"image":{"@id":"https:\/\/fashiongold.lt\/lv\/#\/schema\/logo\/image\/"}}]}},"_links":{"self":[{"href":"https:\/\/fashiongold.lt\/lv\/wp-json\/wp\/v2\/product\/288204","targetHints":{"allow":["GET"]}}],"collection":[{"href":"https:\/\/fashiongold.lt\/lv\/wp-json\/wp\/v2\/product"}],"about":[{"href":"https:\/\/fashiongold.lt\/lv\/wp-json\/wp\/v2\/types\/product"}],"version-history":[{"count":0,"href":"https:\/\/fashiongold.lt\/lv\/wp-json\/wp\/v2\/product\/288204\/revisions"}],"wp:featuredmedia":[{"embeddable":true,"href":"https:\/\/fashiongold.lt\/lv\/wp-json\/wp\/v2\/media\/56670"}],"wp:attachment":[{"href":"https:\/\/fashiongold.lt\/lv\/wp-json\/wp\/v2\/media?parent=288204"}],"wp:term":[{"taxonomy":"product_brand","embeddable":true,"href":"https:\/\/fashiongold.lt\/lv\/wp-json\/wp\/v2\/product_brand?post=288204"},{"taxonomy":"product_cat","embeddable":true,"href":"https:\/\/fashiongold.lt\/lv\/wp-json\/wp\/v2\/product_cat?post=288204"},{"taxonomy":"product_tag","embeddable":true,"href":"https:\/\/fashiongold.lt\/lv\/wp-json\/wp\/v2\/product_tag?post=288204"}],"curies":[{"name":"wp","href":"https:\/\/api.w.org\/{rel}","templated":true}]}}