{"id":288244,"date":"2025-10-09T18:22:23","date_gmt":"2025-10-09T18:22:23","guid":{"rendered":"https:\/\/fashiongold.lt\/papuosalas\/moderns-balta-zelta-gredzens-ar-dimantu-belatriksebrilliant\/"},"modified":"2026-02-17T06:57:49","modified_gmt":"2026-02-17T06:57:49","slug":"moderns-balta-zelta-gredzens-ar-dimantu-belatriksebrilliant","status":"publish","type":"product","link":"https:\/\/fashiongold.lt\/lv\/papuosalas\/moderns-balta-zelta-gredzens-ar-dimantu-belatriksebrilliant\/","title":{"rendered":"Moderns balt\u0101 zelta gredzens ar dimantu BelatrikseBrilliant"},"content":{"rendered":"<p>Atkl\u0101jiet neatk\u0101rtojamu skaistumu ar modernu balt\u0101 zelta gredzenu ar dimantu Belatriks\u0117Brilliant. \u012asts dimants iestr\u0101d\u0101ts st\u012bpi\u0146\u0101, praktisks gredzens, kas piem\u0113rots gan saderin\u0101\u0161an\u0101s gad\u012bjumam, gan k\u0101z\u0101m, gan da\u017e\u0101diem gad\u012bjumiem &#8211; dzim\u0161anas dienai, izlaidumam vai vienk\u0101r\u0161i ikdienai!<\/p>\n<p>\u201eFashion Gold\u201d juvelieru meistaru rad\u012btais saderin\u0101\u0161an\u0101s gredzens ir \u012bpa\u0161i augstas kvalit\u0101tes, atz\u012bm\u0113ts ar Lietuvas proves pal\u0101tas sertifik\u0101tu par \u012bpa\u0161i pievilc\u012bgu cenu. T\u0101 ir rota, ko var nodot no paaudzes paaudz\u0113 k\u0101 \u0123imenes relikviju, jo ne zelts, ne \u012bsti dimanti nekad nezaud\u0113 savu v\u0113rt\u012bbu. \u0160o zelta gredzenu var pas\u016bt\u012bt gan salon\u0101, gan internet\u0101.\u00a0<\/p>\n<p>Ra\u017eots Lietuv\u0101. Gredzenu var izgatavot p\u0113c pas\u016bt\u012bjuma: no sarkan\u0101, dzelten\u0101 un balt\u0101 zelta.\u00a0<\/p>\n<p>\u2022 Dimanta veids: Dab\u012bgs dimants\u00a0<\/p>\n<p>\u2022 Dimanta forma: Kvadr\u0101ta forma (Princess cut)\u00a0<\/p>\n<p>\u2022 Dimanta raksturojums: 0,12 ct, kr\u0101sa H-I(W- STW); dzidrums SI-I1\u00a0<\/p>\n<p>\u2022 Sertifik\u0101ts: Lietuvas Proves pal\u0101ta (LPR)\u00a0 \u00a0<\/p>\n<p>\u2022 Gredzena zelts: 14K (585 prove)\u00a0 \u00a0<\/p>\n<p>\u2022 Gredzena kr\u0101sa: baltais zelts\u00a0 \u00a0 \u00a0<\/p>\n<p>\u2022 Gredzena svars: aptuveni 1,60-1,90 g\u00a0 \u00a0<\/p>\n<p>\u2022 Gredzena izm\u0113ri: 4,30 x 2,30 mm<\/p>\n","protected":false},"excerpt":{"rendered":"<p>Atkl\u0101jiet skaistumu ar Belatriks\u0117Brilliant &#8211; moderns balt\u0101 zelta gredzens ar \u012bstu dimantu, piem\u0113rots saderin\u0101\u0161an\u0101s gad\u012bjumiem, k\u0101z\u0101m un citiem notikumiem. Neatk\u0101rtojams \u0161arms ikdienai!<\/p>\n","protected":false},"featured_media":55414,"template":"","meta":{"site-sidebar-layout":"","site-content-layout":"","ast-site-content-layout":"","site-content-style":"","site-sidebar-style":"","ast-global-header-display":"","ast-banner-title-visibility":"","ast-main-header-display":"","ast-hfb-above-header-display":"","ast-hfb-below-header-display":"","ast-hfb-mobile-header-display":"","site-post-title":"","ast-breadcrumbs-content":"","ast-featured-img":"","footer-sml-layout":"","ast-disable-related-posts":"","theme-transparent-header-meta":"","adv-header-id-meta":"","stick-header-meta":"","header-above-stick-meta":"","header-main-stick-meta":"","header-below-stick-meta":"","astra-migrate-meta-layouts":"default","ast-page-background-enabled":"default","ast-page-background-meta":{"desktop":{"background-color":"var(--ast-global-color-4)","background-image":"","background-repeat":"repeat","background-position":"center center","background-size":"auto","background-attachment":"scroll","background-type":"","background-media":"","overlay-type":"","overlay-color":"","overlay-opacity":"","overlay-gradient":""},"tablet":{"background-color":"","background-image":"","background-repeat":"repeat","background-position":"center center","background-size":"auto","background-attachment":"scroll","background-type":"","background-media":"","overlay-type":"","overlay-color":"","overlay-opacity":"","overlay-gradient":""},"mobile":{"background-color":"","background-image":"","background-repeat":"repeat","background-position":"center center","background-size":"auto","background-attachment":"scroll","background-type":"","background-media":"","overlay-type":"","overlay-color":"","overlay-opacity":"","overlay-gradient":""}},"ast-content-background-meta":{"desktop":{"background-color":"var(--ast-global-color-5)","background-image":"","background-repeat":"repeat","background-position":"center center","background-size":"auto","background-attachment":"scroll","background-type":"","background-media":"","overlay-type":"","overlay-color":"","overlay-opacity":"","overlay-gradient":""},"tablet":{"background-color":"var(--ast-global-color-5)","background-image":"","background-repeat":"repeat","background-position":"center center","background-size":"auto","background-attachment":"scroll","background-type":"","background-media":"","overlay-type":"","overlay-color":"","overlay-opacity":"","overlay-gradient":""},"mobile":{"background-color":"var(--ast-global-color-5)","background-image":"","background-repeat":"repeat","background-position":"center center","background-size":"auto","background-attachment":"scroll","background-type":"","background-media":"","overlay-type":"","overlay-color":"","overlay-opacity":"","overlay-gradient":""}}},"product_brand":[],"product_cat":[3481],"product_tag":[],"class_list":{"0":"post-288244","1":"product","2":"type-product","3":"status-publish","4":"has-post-thumbnail","6":"product_cat-izpardosana","7":"desktop-align-center","8":"tablet-align-left","9":"mobile-align-left","10":"ast-product-gallery-layout-horizontal-slider","11":"ast-product-gallery-with-no-image","12":"ast-product-single-variable","13":"ast-product-tabs-layout-accordion","14":"ast-qv-on-image","16":"first","17":"instock","18":"taxable","19":"shipping-taxable","20":"purchasable","21":"product-type-variable"},"yoast_head":"<!-- This site is optimized with the Yoast SEO plugin v26.6 - https:\/\/yoast.com\/wordpress\/plugins\/seo\/ -->\n<title>Moderns balt\u0101 zelta gredzens ar dimantu BelatrikseBrilliant<\/title>\n<meta name=\"description\" content=\"Moderns balt\u0101 zelta gredzens ar \u012bstu dimantu, piem\u0113rots saderin\u0101\u0161anai, k\u0101z\u0101m un citiem gad\u012bjumiem. Neatvair\u0101ms \u0161arms ikdienai!\" \/>\n<meta name=\"robots\" content=\"index, follow, max-snippet:-1, max-image-preview:large, max-video-preview:-1\" \/>\n<link rel=\"canonical\" href=\"https:\/\/fashiongold.lt\/lv\/papuosalas\/moderns-balta-zelta-gredzens-ar-dimantu-belatriksebrilliant\/\" \/>\n<meta property=\"og:locale\" content=\"lv_LV\" \/>\n<meta property=\"og:type\" content=\"article\" \/>\n<meta property=\"og:title\" content=\"Moderns balt\u0101 zelta gredzens ar dimantu BelatrikseBrilliant\" \/>\n<meta property=\"og:description\" content=\"Moderns balt\u0101 zelta gredzens ar \u012bstu dimantu, piem\u0113rots saderin\u0101\u0161anai, k\u0101z\u0101m un citiem gad\u012bjumiem. Neatvair\u0101ms \u0161arms ikdienai!\" \/>\n<meta property=\"og:url\" content=\"https:\/\/fashiongold.lt\/lv\/papuosalas\/moderns-balta-zelta-gredzens-ar-dimantu-belatriksebrilliant\/\" \/>\n<meta property=\"og:site_name\" content=\"FashionGold.lt\" \/>\n<meta property=\"article:modified_time\" content=\"2026-02-17T06:57:49+00:00\" \/>\n<meta property=\"og:image\" content=\"https:\/\/fashiongold.lt\/wp-content\/uploads\/2025\/10\/5592-4dd-Modernus-balto-aukso-ziedas-su-deimantu.webp\" \/>\n\t<meta property=\"og:image:width\" content=\"1000\" \/>\n\t<meta property=\"og:image:height\" content=\"1000\" \/>\n\t<meta property=\"og:image:type\" content=\"image\/jpeg\" \/>\n<meta name=\"twitter:card\" content=\"summary_large_image\" \/>\n<meta name=\"twitter:label1\" content=\"Est. reading time\" \/>\n\t<meta name=\"twitter:data1\" content=\"1 minute\" \/>\n<script type=\"application\/ld+json\" class=\"yoast-schema-graph\">{\"@context\":\"https:\/\/schema.org\",\"@graph\":[{\"@type\":\"WebPage\",\"@id\":\"https:\/\/fashiongold.lt\/lv\/papuosalas\/moderns-balta-zelta-gredzens-ar-dimantu-belatriksebrilliant\/\",\"url\":\"https:\/\/fashiongold.lt\/lv\/papuosalas\/moderns-balta-zelta-gredzens-ar-dimantu-belatriksebrilliant\/\",\"name\":\"Moderns balt\u0101 zelta gredzens ar dimantu BelatrikseBrilliant\",\"isPartOf\":{\"@id\":\"https:\/\/fashiongold.lt\/lv\/#website\"},\"primaryImageOfPage\":{\"@id\":\"https:\/\/fashiongold.lt\/lv\/papuosalas\/moderns-balta-zelta-gredzens-ar-dimantu-belatriksebrilliant\/#primaryimage\"},\"image\":{\"@id\":\"https:\/\/fashiongold.lt\/lv\/papuosalas\/moderns-balta-zelta-gredzens-ar-dimantu-belatriksebrilliant\/#primaryimage\"},\"thumbnailUrl\":\"https:\/\/fashiongold.lt\/wp-content\/uploads\/2025\/10\/5592-4dd-Modernus-balto-aukso-ziedas-su-deimantu.jpg\",\"datePublished\":\"2025-10-09T18:22:23+00:00\",\"dateModified\":\"2026-02-17T06:57:49+00:00\",\"description\":\"Moderns balt\u0101 zelta gredzens ar \u012bstu dimantu, piem\u0113rots saderin\u0101\u0161anai, k\u0101z\u0101m un citiem gad\u012bjumiem. Neatvair\u0101ms \u0161arms ikdienai!\",\"breadcrumb\":{\"@id\":\"https:\/\/fashiongold.lt\/lv\/papuosalas\/moderns-balta-zelta-gredzens-ar-dimantu-belatriksebrilliant\/#breadcrumb\"},\"inLanguage\":\"lv-LV\",\"potentialAction\":[{\"@type\":\"ReadAction\",\"target\":[\"https:\/\/fashiongold.lt\/lv\/papuosalas\/moderns-balta-zelta-gredzens-ar-dimantu-belatriksebrilliant\/\"]}]},{\"@type\":\"ImageObject\",\"inLanguage\":\"lv-LV\",\"@id\":\"https:\/\/fashiongold.lt\/lv\/papuosalas\/moderns-balta-zelta-gredzens-ar-dimantu-belatriksebrilliant\/#primaryimage\",\"url\":\"https:\/\/fashiongold.lt\/wp-content\/uploads\/2025\/10\/5592-4dd-Modernus-balto-aukso-ziedas-su-deimantu.jpg\",\"contentUrl\":\"https:\/\/fashiongold.lt\/wp-content\/uploads\/2025\/10\/5592-4dd-Modernus-balto-aukso-ziedas-su-deimantu.jpg\",\"width\":1000,\"height\":1000},{\"@type\":\"BreadcrumbList\",\"@id\":\"https:\/\/fashiongold.lt\/lv\/papuosalas\/moderns-balta-zelta-gredzens-ar-dimantu-belatriksebrilliant\/#breadcrumb\",\"itemListElement\":[{\"@type\":\"ListItem\",\"position\":1,\"name\":\"Home\",\"item\":\"https:\/\/fashiongold.lt\/lv\/\"},{\"@type\":\"ListItem\",\"position\":2,\"name\":\"Dimantu veikals Fashiongold.lt\",\"item\":\"https:\/\/fashiongold.lt\/shop-2\/\"},{\"@type\":\"ListItem\",\"position\":3,\"name\":\"Moderns balt\u0101 zelta gredzens ar dimantu BelatrikseBrilliant\"}]},{\"@type\":\"WebSite\",\"@id\":\"https:\/\/fashiongold.lt\/lv\/#website\",\"url\":\"https:\/\/fashiongold.lt\/lv\/\",\"name\":\"Fashion Gold\",\"description\":\"Juvelyrikos namai\",\"publisher\":{\"@id\":\"https:\/\/fashiongold.lt\/lv\/#organization\"},\"potentialAction\":[{\"@type\":\"SearchAction\",\"target\":{\"@type\":\"EntryPoint\",\"urlTemplate\":\"https:\/\/fashiongold.lt\/lv\/?s={search_term_string}\"},\"query-input\":{\"@type\":\"PropertyValueSpecification\",\"valueRequired\":true,\"valueName\":\"search_term_string\"}}],\"inLanguage\":\"lv-LV\"},{\"@type\":\"Organization\",\"@id\":\"https:\/\/fashiongold.lt\/lv\/#organization\",\"name\":\"Topdiamonds Online\",\"url\":\"https:\/\/fashiongold.lt\/lv\/\",\"logo\":{\"@type\":\"ImageObject\",\"inLanguage\":\"lv-LV\",\"@id\":\"https:\/\/fashiongold.lt\/lv\/#\/schema\/logo\/image\/\",\"url\":\"https:\/\/fashiongold.lt\/wp-content\/uploads\/2025\/04\/cropped-fashion_gold_logotipas2-scaled-1.png\",\"contentUrl\":\"https:\/\/fashiongold.lt\/wp-content\/uploads\/2025\/04\/cropped-fashion_gold_logotipas2-scaled-1.png\",\"width\":2559,\"height\":421,\"caption\":\"Topdiamonds Online\"},\"image\":{\"@id\":\"https:\/\/fashiongold.lt\/lv\/#\/schema\/logo\/image\/\"}}]}<\/script>\n<!-- \/ Yoast SEO plugin. -->","yoast_head_json":{"title":"Moderns balt\u0101 zelta gredzens ar dimantu BelatrikseBrilliant","description":"Moderns balt\u0101 zelta gredzens ar \u012bstu dimantu, piem\u0113rots saderin\u0101\u0161anai, k\u0101z\u0101m un citiem gad\u012bjumiem. Neatvair\u0101ms \u0161arms ikdienai!","robots":{"index":"index","follow":"follow","max-snippet":"max-snippet:-1","max-image-preview":"max-image-preview:large","max-video-preview":"max-video-preview:-1"},"canonical":"https:\/\/fashiongold.lt\/lv\/papuosalas\/moderns-balta-zelta-gredzens-ar-dimantu-belatriksebrilliant\/","og_locale":"lv_LV","og_type":"article","og_title":"Moderns balt\u0101 zelta gredzens ar dimantu BelatrikseBrilliant","og_description":"Moderns balt\u0101 zelta gredzens ar \u012bstu dimantu, piem\u0113rots saderin\u0101\u0161anai, k\u0101z\u0101m un citiem gad\u012bjumiem. Neatvair\u0101ms \u0161arms ikdienai!","og_url":"https:\/\/fashiongold.lt\/lv\/papuosalas\/moderns-balta-zelta-gredzens-ar-dimantu-belatriksebrilliant\/","og_site_name":"FashionGold.lt","article_modified_time":"2026-02-17T06:57:49+00:00","og_image":[{"width":1000,"height":1000,"url":"https:\/\/fashiongold.lt\/wp-content\/uploads\/2025\/10\/5592-4dd-Modernus-balto-aukso-ziedas-su-deimantu.webp","type":"image\/jpeg"}],"twitter_card":"summary_large_image","twitter_misc":{"Est. reading time":"1 minute"},"schema":{"@context":"https:\/\/schema.org","@graph":[{"@type":"WebPage","@id":"https:\/\/fashiongold.lt\/lv\/papuosalas\/moderns-balta-zelta-gredzens-ar-dimantu-belatriksebrilliant\/","url":"https:\/\/fashiongold.lt\/lv\/papuosalas\/moderns-balta-zelta-gredzens-ar-dimantu-belatriksebrilliant\/","name":"Moderns balt\u0101 zelta gredzens ar dimantu BelatrikseBrilliant","isPartOf":{"@id":"https:\/\/fashiongold.lt\/lv\/#website"},"primaryImageOfPage":{"@id":"https:\/\/fashiongold.lt\/lv\/papuosalas\/moderns-balta-zelta-gredzens-ar-dimantu-belatriksebrilliant\/#primaryimage"},"image":{"@id":"https:\/\/fashiongold.lt\/lv\/papuosalas\/moderns-balta-zelta-gredzens-ar-dimantu-belatriksebrilliant\/#primaryimage"},"thumbnailUrl":"https:\/\/fashiongold.lt\/wp-content\/uploads\/2025\/10\/5592-4dd-Modernus-balto-aukso-ziedas-su-deimantu.jpg","datePublished":"2025-10-09T18:22:23+00:00","dateModified":"2026-02-17T06:57:49+00:00","description":"Moderns balt\u0101 zelta gredzens ar \u012bstu dimantu, piem\u0113rots saderin\u0101\u0161anai, k\u0101z\u0101m un citiem gad\u012bjumiem. Neatvair\u0101ms \u0161arms ikdienai!","breadcrumb":{"@id":"https:\/\/fashiongold.lt\/lv\/papuosalas\/moderns-balta-zelta-gredzens-ar-dimantu-belatriksebrilliant\/#breadcrumb"},"inLanguage":"lv-LV","potentialAction":[{"@type":"ReadAction","target":["https:\/\/fashiongold.lt\/lv\/papuosalas\/moderns-balta-zelta-gredzens-ar-dimantu-belatriksebrilliant\/"]}]},{"@type":"ImageObject","inLanguage":"lv-LV","@id":"https:\/\/fashiongold.lt\/lv\/papuosalas\/moderns-balta-zelta-gredzens-ar-dimantu-belatriksebrilliant\/#primaryimage","url":"https:\/\/fashiongold.lt\/wp-content\/uploads\/2025\/10\/5592-4dd-Modernus-balto-aukso-ziedas-su-deimantu.jpg","contentUrl":"https:\/\/fashiongold.lt\/wp-content\/uploads\/2025\/10\/5592-4dd-Modernus-balto-aukso-ziedas-su-deimantu.jpg","width":1000,"height":1000},{"@type":"BreadcrumbList","@id":"https:\/\/fashiongold.lt\/lv\/papuosalas\/moderns-balta-zelta-gredzens-ar-dimantu-belatriksebrilliant\/#breadcrumb","itemListElement":[{"@type":"ListItem","position":1,"name":"Home","item":"https:\/\/fashiongold.lt\/lv\/"},{"@type":"ListItem","position":2,"name":"Dimantu veikals Fashiongold.lt","item":"https:\/\/fashiongold.lt\/shop-2\/"},{"@type":"ListItem","position":3,"name":"Moderns balt\u0101 zelta gredzens ar dimantu BelatrikseBrilliant"}]},{"@type":"WebSite","@id":"https:\/\/fashiongold.lt\/lv\/#website","url":"https:\/\/fashiongold.lt\/lv\/","name":"Fashion Gold","description":"Juvelyrikos namai","publisher":{"@id":"https:\/\/fashiongold.lt\/lv\/#organization"},"potentialAction":[{"@type":"SearchAction","target":{"@type":"EntryPoint","urlTemplate":"https:\/\/fashiongold.lt\/lv\/?s={search_term_string}"},"query-input":{"@type":"PropertyValueSpecification","valueRequired":true,"valueName":"search_term_string"}}],"inLanguage":"lv-LV"},{"@type":"Organization","@id":"https:\/\/fashiongold.lt\/lv\/#organization","name":"Topdiamonds Online","url":"https:\/\/fashiongold.lt\/lv\/","logo":{"@type":"ImageObject","inLanguage":"lv-LV","@id":"https:\/\/fashiongold.lt\/lv\/#\/schema\/logo\/image\/","url":"https:\/\/fashiongold.lt\/wp-content\/uploads\/2025\/04\/cropped-fashion_gold_logotipas2-scaled-1.png","contentUrl":"https:\/\/fashiongold.lt\/wp-content\/uploads\/2025\/04\/cropped-fashion_gold_logotipas2-scaled-1.png","width":2559,"height":421,"caption":"Topdiamonds Online"},"image":{"@id":"https:\/\/fashiongold.lt\/lv\/#\/schema\/logo\/image\/"}}]}},"_links":{"self":[{"href":"https:\/\/fashiongold.lt\/lv\/wp-json\/wp\/v2\/product\/288244","targetHints":{"allow":["GET"]}}],"collection":[{"href":"https:\/\/fashiongold.lt\/lv\/wp-json\/wp\/v2\/product"}],"about":[{"href":"https:\/\/fashiongold.lt\/lv\/wp-json\/wp\/v2\/types\/product"}],"version-history":[{"count":0,"href":"https:\/\/fashiongold.lt\/lv\/wp-json\/wp\/v2\/product\/288244\/revisions"}],"wp:featuredmedia":[{"embeddable":true,"href":"https:\/\/fashiongold.lt\/lv\/wp-json\/wp\/v2\/media\/55414"}],"wp:attachment":[{"href":"https:\/\/fashiongold.lt\/lv\/wp-json\/wp\/v2\/media?parent=288244"}],"wp:term":[{"taxonomy":"product_brand","embeddable":true,"href":"https:\/\/fashiongold.lt\/lv\/wp-json\/wp\/v2\/product_brand?post=288244"},{"taxonomy":"product_cat","embeddable":true,"href":"https:\/\/fashiongold.lt\/lv\/wp-json\/wp\/v2\/product_cat?post=288244"},{"taxonomy":"product_tag","embeddable":true,"href":"https:\/\/fashiongold.lt\/lv\/wp-json\/wp\/v2\/product_tag?post=288244"}],"curies":[{"name":"wp","href":"https:\/\/api.w.org\/{rel}","templated":true}]}}