{"id":288259,"date":"2025-10-09T18:18:20","date_gmt":"2025-10-09T18:18:20","guid":{"rendered":"https:\/\/fashiongold.lt\/papuosalas\/ekskluzivs-gredzens-ar-dimantiem-brilliantspika\/"},"modified":"2026-02-17T06:58:01","modified_gmt":"2026-02-17T06:58:01","slug":"ekskluzivs-gredzens-ar-dimantiem-brilliantspika","status":"publish","type":"product","link":"https:\/\/fashiongold.lt\/lv\/papuosalas\/ekskluzivs-gredzens-ar-dimantiem-brilliantspika\/","title":{"rendered":"Ekskluz\u012bvs gredzens ar dimantiem BrilliantSpika"},"content":{"rendered":"<p>Atkl\u0101jiet eleganci ar BrilliantSpika &#8211; ekskluz\u012bvu balt\u0101 zelta gredzenu ar dimantiem! \u0112rt\u0101 kron\u012bt\u012b iestr\u0101d\u0101ts centr\u0101lais dab\u012bgais dimants, savuk\u0101rt divas rindas smalku dimantu pie\u0161\u0137ir grezn\u012bbu un unikalit\u0101ti. Ekskluz\u012bvs gredzens ar dimantiem, kas mirdz grezn\u012bb\u0101 un \u0161arm\u0101. Iegrimstiet elegances pasaul\u0113 ar \u0161o izsmalcin\u0101to GREDZENU!<\/p>\n<p>\u201eFashion Gold\u201d juvelieru meistaru rad\u012btais saderin\u0101\u0161an\u0101s gredzens ir \u012bpa\u0161i augstas kvalit\u0101tes, to apliecina Lietuvas Proves biroja sertifik\u0101ts par \u012bpa\u0161i pievilc\u012bgu cenu. T\u0101 ir rota, ko var nodot no paaudzes paaudz\u0113 k\u0101 \u0123imenes relikviju, jo ne zelts, ne \u012bsti dimanti nekad nezaud\u0113 savu v\u0113rt\u012bbu. \u0160o zelta gredzenu var pas\u016bt\u012bt gan salon\u0101, gan internet\u0101.\u00a0<\/p>\n<p>Saderin\u0101\u0161an\u0101s gredzena svars &#8211; 3,50-3,90 g,<\/p>\n<p>Zelta kr\u0101sa &#8211; balt\u0101<\/p>\n<p>Briljantu svars &#8211; 0,45 ct, kr\u0101sa H, dzidrums SI<\/p>\n<p>Iesp\u0113jams apskat\u012bt \u201eFashion Gold&#8221; juvelierizstr\u0101d\u0101jumu nam\u0101 Pam\u0117nkalnio g. 5, Vi\u013c\u0146\u0101\u00a0<\/p>\n<p><span>Pas\u016btot rotaslietu, pieg\u0101d\u0101sim to 7-14 d.d. laik\u0101. Iesp\u0113jama bezmaksas grav\u0113\u0161ana. Gredzens sa\u0146em Lietuvas Proves biroja sertifik\u0101tu.<\/span><\/p>\n<p><span>Saderin\u0101\u0161an\u0101s gredzeni ir viena no \u201eFashion Gold&#8221; darb\u012bbas jom\u0101m. Salon\u0101 atrad\u012bsiet ar\u012b laul\u012bbu gredzenus, rotaslietas sieviet\u0113m, v\u012brie\u0161iem, b\u0113rniem da\u017e\u0101diem gad\u012bjumiem, mon\u0113tas, zelta stie\u0146us.<\/span><\/p>\n<p><span>PIED\u0100V\u0100JAM SADERIN\u0100\u0160AN\u0100S GREDZENUS UN CITAS ROTASLIETAS P\u0112C PAS\u016aT\u012aJUMA UN J\u016aSU INDIVIDU\u0100LAJ\u0100M V\u0112LM\u0112M. SAZINIETIES info@fashiongold.lt<\/span><\/p><\/p>\n","protected":false},"excerpt":{"rendered":"<p>Atkl\u0101jiet eleganci ar BrilliantSpika &#8211; ekskluz\u012bvu baltzelta gredzenu ar dimantiem! \u0112rt\u0101 kron\u012bt\u012b ir iestr\u0101d\u0101ts centr\u0101lais dab\u012bgais dimants, bet divas mazu dimantu rindas pie\u0161\u0137ir grezn\u012bbu un unikalit\u0101ti.<\/p>\n","protected":false},"featured_media":55163,"template":"","meta":{"site-sidebar-layout":"","site-content-layout":"","ast-site-content-layout":"","site-content-style":"","site-sidebar-style":"","ast-global-header-display":"","ast-banner-title-visibility":"","ast-main-header-display":"","ast-hfb-above-header-display":"","ast-hfb-below-header-display":"","ast-hfb-mobile-header-display":"","site-post-title":"","ast-breadcrumbs-content":"","ast-featured-img":"","footer-sml-layout":"","ast-disable-related-posts":"","theme-transparent-header-meta":"","adv-header-id-meta":"","stick-header-meta":"","header-above-stick-meta":"","header-main-stick-meta":"","header-below-stick-meta":"","astra-migrate-meta-layouts":"default","ast-page-background-enabled":"default","ast-page-background-meta":{"desktop":{"background-color":"var(--ast-global-color-4)","background-image":"","background-repeat":"repeat","background-position":"center center","background-size":"auto","background-attachment":"scroll","background-type":"","background-media":"","overlay-type":"","overlay-color":"","overlay-opacity":"","overlay-gradient":""},"tablet":{"background-color":"","background-image":"","background-repeat":"repeat","background-position":"center center","background-size":"auto","background-attachment":"scroll","background-type":"","background-media":"","overlay-type":"","overlay-color":"","overlay-opacity":"","overlay-gradient":""},"mobile":{"background-color":"","background-image":"","background-repeat":"repeat","background-position":"center center","background-size":"auto","background-attachment":"scroll","background-type":"","background-media":"","overlay-type":"","overlay-color":"","overlay-opacity":"","overlay-gradient":""}},"ast-content-background-meta":{"desktop":{"background-color":"var(--ast-global-color-5)","background-image":"","background-repeat":"repeat","background-position":"center center","background-size":"auto","background-attachment":"scroll","background-type":"","background-media":"","overlay-type":"","overlay-color":"","overlay-opacity":"","overlay-gradient":""},"tablet":{"background-color":"var(--ast-global-color-5)","background-image":"","background-repeat":"repeat","background-position":"center center","background-size":"auto","background-attachment":"scroll","background-type":"","background-media":"","overlay-type":"","overlay-color":"","overlay-opacity":"","overlay-gradient":""},"mobile":{"background-color":"var(--ast-global-color-5)","background-image":"","background-repeat":"repeat","background-position":"center center","background-size":"auto","background-attachment":"scroll","background-type":"","background-media":"","overlay-type":"","overlay-color":"","overlay-opacity":"","overlay-gradient":""}}},"product_brand":[],"product_cat":[3481],"product_tag":[],"class_list":{"0":"post-288259","1":"product","2":"type-product","3":"status-publish","4":"has-post-thumbnail","6":"product_cat-izpardosana","7":"desktop-align-center","8":"tablet-align-left","9":"mobile-align-left","10":"ast-product-gallery-layout-horizontal-slider","11":"ast-product-gallery-with-no-image","12":"ast-product-single-variable","13":"ast-product-tabs-layout-accordion","14":"ast-qv-on-image","16":"first","17":"instock","18":"taxable","19":"shipping-taxable","20":"purchasable","21":"product-type-variable"},"yoast_head":"<!-- This site is optimized with the Yoast SEO plugin v26.6 - https:\/\/yoast.com\/wordpress\/plugins\/seo\/ -->\n<title>Ekskluz\u012bvs gredzens ar dimantiem I fashiongold.lt<\/title>\n<meta name=\"description\" content=\"Ekskluz\u012bvs balt\u0101 zelta gredzens ar dimantiem. \u0112rt\u0101 kron\u012bt\u012b iestr\u0101d\u0101ts dimants, bet divas rindas smalku dimantu pie\u0161\u0137ir grezn\u012bbu un unikalit\u0101ti.\" \/>\n<meta name=\"robots\" content=\"index, follow, max-snippet:-1, max-image-preview:large, max-video-preview:-1\" \/>\n<link rel=\"canonical\" href=\"https:\/\/fashiongold.lt\/lv\/papuosalas\/ekskluzivs-gredzens-ar-dimantiem-brilliantspika\/\" \/>\n<meta property=\"og:locale\" content=\"lv_LV\" \/>\n<meta property=\"og:type\" content=\"article\" \/>\n<meta property=\"og:title\" content=\"Ekskluz\u012bvs gredzens ar dimantiem I fashiongold.lt\" \/>\n<meta property=\"og:description\" content=\"Ekskluz\u012bvs balt\u0101 zelta gredzens ar dimantiem. \u0112rt\u0101 kron\u012bt\u012b iestr\u0101d\u0101ts dimants, bet divas rindas smalku dimantu pie\u0161\u0137ir grezn\u012bbu un unikalit\u0101ti.\" \/>\n<meta property=\"og:url\" content=\"https:\/\/fashiongold.lt\/lv\/papuosalas\/ekskluzivs-gredzens-ar-dimantiem-brilliantspika\/\" \/>\n<meta property=\"og:site_name\" content=\"FashionGold.lt\" \/>\n<meta property=\"article:modified_time\" content=\"2026-02-17T06:58:01+00:00\" \/>\n<meta property=\"og:image\" content=\"https:\/\/fashiongold.lt\/wp-content\/uploads\/2025\/10\/1780-459-Suzadetuviu-ziedas-Spika.webp\" \/>\n\t<meta property=\"og:image:width\" content=\"532\" \/>\n\t<meta property=\"og:image:height\" content=\"472\" \/>\n\t<meta property=\"og:image:type\" content=\"image\/jpeg\" \/>\n<meta name=\"twitter:card\" content=\"summary_large_image\" \/>\n<meta name=\"twitter:label1\" content=\"Est. reading time\" \/>\n\t<meta name=\"twitter:data1\" content=\"1 minute\" \/>\n<script type=\"application\/ld+json\" class=\"yoast-schema-graph\">{\"@context\":\"https:\/\/schema.org\",\"@graph\":[{\"@type\":\"WebPage\",\"@id\":\"https:\/\/fashiongold.lt\/lv\/papuosalas\/ekskluzivs-gredzens-ar-dimantiem-brilliantspika\/\",\"url\":\"https:\/\/fashiongold.lt\/lv\/papuosalas\/ekskluzivs-gredzens-ar-dimantiem-brilliantspika\/\",\"name\":\"Ekskluz\u012bvs gredzens ar dimantiem I fashiongold.lt\",\"isPartOf\":{\"@id\":\"https:\/\/fashiongold.lt\/lv\/#website\"},\"primaryImageOfPage\":{\"@id\":\"https:\/\/fashiongold.lt\/lv\/papuosalas\/ekskluzivs-gredzens-ar-dimantiem-brilliantspika\/#primaryimage\"},\"image\":{\"@id\":\"https:\/\/fashiongold.lt\/lv\/papuosalas\/ekskluzivs-gredzens-ar-dimantiem-brilliantspika\/#primaryimage\"},\"thumbnailUrl\":\"https:\/\/fashiongold.lt\/wp-content\/uploads\/2025\/10\/1780-459-Suzadetuviu-ziedas-Spika.jpg\",\"datePublished\":\"2025-10-09T18:18:20+00:00\",\"dateModified\":\"2026-02-17T06:58:01+00:00\",\"description\":\"Ekskluz\u012bvs balt\u0101 zelta gredzens ar dimantiem. \u0112rt\u0101 kron\u012bt\u012b iestr\u0101d\u0101ts dimants, bet divas rindas smalku dimantu pie\u0161\u0137ir grezn\u012bbu un unikalit\u0101ti.\",\"breadcrumb\":{\"@id\":\"https:\/\/fashiongold.lt\/lv\/papuosalas\/ekskluzivs-gredzens-ar-dimantiem-brilliantspika\/#breadcrumb\"},\"inLanguage\":\"lv-LV\",\"potentialAction\":[{\"@type\":\"ReadAction\",\"target\":[\"https:\/\/fashiongold.lt\/lv\/papuosalas\/ekskluzivs-gredzens-ar-dimantiem-brilliantspika\/\"]}]},{\"@type\":\"ImageObject\",\"inLanguage\":\"lv-LV\",\"@id\":\"https:\/\/fashiongold.lt\/lv\/papuosalas\/ekskluzivs-gredzens-ar-dimantiem-brilliantspika\/#primaryimage\",\"url\":\"https:\/\/fashiongold.lt\/wp-content\/uploads\/2025\/10\/1780-459-Suzadetuviu-ziedas-Spika.jpg\",\"contentUrl\":\"https:\/\/fashiongold.lt\/wp-content\/uploads\/2025\/10\/1780-459-Suzadetuviu-ziedas-Spika.jpg\",\"width\":532,\"height\":472},{\"@type\":\"BreadcrumbList\",\"@id\":\"https:\/\/fashiongold.lt\/lv\/papuosalas\/ekskluzivs-gredzens-ar-dimantiem-brilliantspika\/#breadcrumb\",\"itemListElement\":[{\"@type\":\"ListItem\",\"position\":1,\"name\":\"Home\",\"item\":\"https:\/\/fashiongold.lt\/lv\/\"},{\"@type\":\"ListItem\",\"position\":2,\"name\":\"Dimantu veikals Fashiongold.lt\",\"item\":\"https:\/\/fashiongold.lt\/shop-2\/\"},{\"@type\":\"ListItem\",\"position\":3,\"name\":\"Ekskluz\u012bvs gredzens ar dimantiem BrilliantSpika\"}]},{\"@type\":\"WebSite\",\"@id\":\"https:\/\/fashiongold.lt\/lv\/#website\",\"url\":\"https:\/\/fashiongold.lt\/lv\/\",\"name\":\"Fashion Gold\",\"description\":\"Juvelyrikos namai\",\"publisher\":{\"@id\":\"https:\/\/fashiongold.lt\/lv\/#organization\"},\"potentialAction\":[{\"@type\":\"SearchAction\",\"target\":{\"@type\":\"EntryPoint\",\"urlTemplate\":\"https:\/\/fashiongold.lt\/lv\/?s={search_term_string}\"},\"query-input\":{\"@type\":\"PropertyValueSpecification\",\"valueRequired\":true,\"valueName\":\"search_term_string\"}}],\"inLanguage\":\"lv-LV\"},{\"@type\":\"Organization\",\"@id\":\"https:\/\/fashiongold.lt\/lv\/#organization\",\"name\":\"Topdiamonds Online\",\"url\":\"https:\/\/fashiongold.lt\/lv\/\",\"logo\":{\"@type\":\"ImageObject\",\"inLanguage\":\"lv-LV\",\"@id\":\"https:\/\/fashiongold.lt\/lv\/#\/schema\/logo\/image\/\",\"url\":\"https:\/\/fashiongold.lt\/wp-content\/uploads\/2025\/04\/cropped-fashion_gold_logotipas2-scaled-1.png\",\"contentUrl\":\"https:\/\/fashiongold.lt\/wp-content\/uploads\/2025\/04\/cropped-fashion_gold_logotipas2-scaled-1.png\",\"width\":2559,\"height\":421,\"caption\":\"Topdiamonds Online\"},\"image\":{\"@id\":\"https:\/\/fashiongold.lt\/lv\/#\/schema\/logo\/image\/\"}}]}<\/script>\n<!-- \/ Yoast SEO plugin. -->","yoast_head_json":{"title":"Ekskluz\u012bvs gredzens ar dimantiem I fashiongold.lt","description":"Ekskluz\u012bvs balt\u0101 zelta gredzens ar dimantiem. \u0112rt\u0101 kron\u012bt\u012b iestr\u0101d\u0101ts dimants, bet divas rindas smalku dimantu pie\u0161\u0137ir grezn\u012bbu un unikalit\u0101ti.","robots":{"index":"index","follow":"follow","max-snippet":"max-snippet:-1","max-image-preview":"max-image-preview:large","max-video-preview":"max-video-preview:-1"},"canonical":"https:\/\/fashiongold.lt\/lv\/papuosalas\/ekskluzivs-gredzens-ar-dimantiem-brilliantspika\/","og_locale":"lv_LV","og_type":"article","og_title":"Ekskluz\u012bvs gredzens ar dimantiem I fashiongold.lt","og_description":"Ekskluz\u012bvs balt\u0101 zelta gredzens ar dimantiem. \u0112rt\u0101 kron\u012bt\u012b iestr\u0101d\u0101ts dimants, bet divas rindas smalku dimantu pie\u0161\u0137ir grezn\u012bbu un unikalit\u0101ti.","og_url":"https:\/\/fashiongold.lt\/lv\/papuosalas\/ekskluzivs-gredzens-ar-dimantiem-brilliantspika\/","og_site_name":"FashionGold.lt","article_modified_time":"2026-02-17T06:58:01+00:00","og_image":[{"width":532,"height":472,"url":"https:\/\/fashiongold.lt\/wp-content\/uploads\/2025\/10\/1780-459-Suzadetuviu-ziedas-Spika.webp","type":"image\/jpeg"}],"twitter_card":"summary_large_image","twitter_misc":{"Est. reading time":"1 minute"},"schema":{"@context":"https:\/\/schema.org","@graph":[{"@type":"WebPage","@id":"https:\/\/fashiongold.lt\/lv\/papuosalas\/ekskluzivs-gredzens-ar-dimantiem-brilliantspika\/","url":"https:\/\/fashiongold.lt\/lv\/papuosalas\/ekskluzivs-gredzens-ar-dimantiem-brilliantspika\/","name":"Ekskluz\u012bvs gredzens ar dimantiem I fashiongold.lt","isPartOf":{"@id":"https:\/\/fashiongold.lt\/lv\/#website"},"primaryImageOfPage":{"@id":"https:\/\/fashiongold.lt\/lv\/papuosalas\/ekskluzivs-gredzens-ar-dimantiem-brilliantspika\/#primaryimage"},"image":{"@id":"https:\/\/fashiongold.lt\/lv\/papuosalas\/ekskluzivs-gredzens-ar-dimantiem-brilliantspika\/#primaryimage"},"thumbnailUrl":"https:\/\/fashiongold.lt\/wp-content\/uploads\/2025\/10\/1780-459-Suzadetuviu-ziedas-Spika.jpg","datePublished":"2025-10-09T18:18:20+00:00","dateModified":"2026-02-17T06:58:01+00:00","description":"Ekskluz\u012bvs balt\u0101 zelta gredzens ar dimantiem. \u0112rt\u0101 kron\u012bt\u012b iestr\u0101d\u0101ts dimants, bet divas rindas smalku dimantu pie\u0161\u0137ir grezn\u012bbu un unikalit\u0101ti.","breadcrumb":{"@id":"https:\/\/fashiongold.lt\/lv\/papuosalas\/ekskluzivs-gredzens-ar-dimantiem-brilliantspika\/#breadcrumb"},"inLanguage":"lv-LV","potentialAction":[{"@type":"ReadAction","target":["https:\/\/fashiongold.lt\/lv\/papuosalas\/ekskluzivs-gredzens-ar-dimantiem-brilliantspika\/"]}]},{"@type":"ImageObject","inLanguage":"lv-LV","@id":"https:\/\/fashiongold.lt\/lv\/papuosalas\/ekskluzivs-gredzens-ar-dimantiem-brilliantspika\/#primaryimage","url":"https:\/\/fashiongold.lt\/wp-content\/uploads\/2025\/10\/1780-459-Suzadetuviu-ziedas-Spika.jpg","contentUrl":"https:\/\/fashiongold.lt\/wp-content\/uploads\/2025\/10\/1780-459-Suzadetuviu-ziedas-Spika.jpg","width":532,"height":472},{"@type":"BreadcrumbList","@id":"https:\/\/fashiongold.lt\/lv\/papuosalas\/ekskluzivs-gredzens-ar-dimantiem-brilliantspika\/#breadcrumb","itemListElement":[{"@type":"ListItem","position":1,"name":"Home","item":"https:\/\/fashiongold.lt\/lv\/"},{"@type":"ListItem","position":2,"name":"Dimantu veikals Fashiongold.lt","item":"https:\/\/fashiongold.lt\/shop-2\/"},{"@type":"ListItem","position":3,"name":"Ekskluz\u012bvs gredzens ar dimantiem BrilliantSpika"}]},{"@type":"WebSite","@id":"https:\/\/fashiongold.lt\/lv\/#website","url":"https:\/\/fashiongold.lt\/lv\/","name":"Fashion Gold","description":"Juvelyrikos namai","publisher":{"@id":"https:\/\/fashiongold.lt\/lv\/#organization"},"potentialAction":[{"@type":"SearchAction","target":{"@type":"EntryPoint","urlTemplate":"https:\/\/fashiongold.lt\/lv\/?s={search_term_string}"},"query-input":{"@type":"PropertyValueSpecification","valueRequired":true,"valueName":"search_term_string"}}],"inLanguage":"lv-LV"},{"@type":"Organization","@id":"https:\/\/fashiongold.lt\/lv\/#organization","name":"Topdiamonds Online","url":"https:\/\/fashiongold.lt\/lv\/","logo":{"@type":"ImageObject","inLanguage":"lv-LV","@id":"https:\/\/fashiongold.lt\/lv\/#\/schema\/logo\/image\/","url":"https:\/\/fashiongold.lt\/wp-content\/uploads\/2025\/04\/cropped-fashion_gold_logotipas2-scaled-1.png","contentUrl":"https:\/\/fashiongold.lt\/wp-content\/uploads\/2025\/04\/cropped-fashion_gold_logotipas2-scaled-1.png","width":2559,"height":421,"caption":"Topdiamonds Online"},"image":{"@id":"https:\/\/fashiongold.lt\/lv\/#\/schema\/logo\/image\/"}}]}},"_links":{"self":[{"href":"https:\/\/fashiongold.lt\/lv\/wp-json\/wp\/v2\/product\/288259","targetHints":{"allow":["GET"]}}],"collection":[{"href":"https:\/\/fashiongold.lt\/lv\/wp-json\/wp\/v2\/product"}],"about":[{"href":"https:\/\/fashiongold.lt\/lv\/wp-json\/wp\/v2\/types\/product"}],"version-history":[{"count":0,"href":"https:\/\/fashiongold.lt\/lv\/wp-json\/wp\/v2\/product\/288259\/revisions"}],"wp:featuredmedia":[{"embeddable":true,"href":"https:\/\/fashiongold.lt\/lv\/wp-json\/wp\/v2\/media\/55163"}],"wp:attachment":[{"href":"https:\/\/fashiongold.lt\/lv\/wp-json\/wp\/v2\/media?parent=288259"}],"wp:term":[{"taxonomy":"product_brand","embeddable":true,"href":"https:\/\/fashiongold.lt\/lv\/wp-json\/wp\/v2\/product_brand?post=288259"},{"taxonomy":"product_cat","embeddable":true,"href":"https:\/\/fashiongold.lt\/lv\/wp-json\/wp\/v2\/product_cat?post=288259"},{"taxonomy":"product_tag","embeddable":true,"href":"https:\/\/fashiongold.lt\/lv\/wp-json\/wp\/v2\/product_tag?post=288259"}],"curies":[{"name":"wp","href":"https:\/\/api.w.org\/{rel}","templated":true}]}}