{"id":288264,"date":"2025-10-09T18:17:32","date_gmt":"2025-10-09T18:17:32","guid":{"rendered":"https:\/\/fashiongold.lt\/papuosalas\/kapela-diamante-moderna-dizaina-dzeltena-zelta-gredzens-ar-dimantiem-062ct\/"},"modified":"2026-02-17T06:58:06","modified_gmt":"2026-02-17T06:58:06","slug":"kapela-diamante-moderna-dizaina-dzeltena-zelta-gredzens-ar-dimantiem-062ct","status":"publish","type":"product","link":"https:\/\/fashiongold.lt\/lv\/papuosalas\/kapela-diamante-moderna-dizaina-dzeltena-zelta-gredzens-ar-dimantiem-062ct\/","title":{"rendered":"Kapela Diamante \u2013 Moderna dizaina dzelten\u0101 zelta gredzens ar dimantiem (0,62ct)"},"content":{"rendered":"<p>Moderns dzelten\u0101 zelta gredzens ar dimantiem &#8211; 0,50 ct dimants centr\u0101 iestiprin\u0101ts balt\u0101 zelta \u010detru k\u0101ji\u0146u kron\u012bt\u012b. Ap dimantu izvietoti smalki dimanti dzeltenas kr\u0101sas st\u012bpi\u0146\u0101, radot satrieco\u0161u viendab\u012bgu dimantu mirdzumu. Lieliska izv\u0113le saderin\u0101\u0161an\u0101s un citiem \u012bpa\u0161iem gad\u012bjumiem. <\/p>\n<p>\u201eFashion Gold\u201d juvelieru meistaru rad\u012btais saderin\u0101\u0161an\u0101s gredzens ir \u012bpa\u0161i augstas kvalit\u0101tes, ar Lietuvas Proves biroja sertifik\u0101tu par \u013coti pievilc\u012bgu cenu. T\u0101 ir rota, ko var nodot no paaudzes paaudz\u0113 k\u0101 \u0123imenes relikviju, jo ne zelts, ne dimanti nekad nezaud\u0113 savu v\u0113rt\u012bbu. \u0160o zelta gredzenu var pas\u016bt\u012bt gan salon\u0101, gan internet\u0101.\u00a0<\/p>\n<p>Saderin\u0101\u0161an\u0101s gredzena svars &#8211; 2,60-3,30 g,<\/p>\n<p>Zelta kr\u0101sa &#8211;\u00a0dzeltena<\/p>\n<p>Briljantu svars &#8211; 0,62 ct, kr\u0101sa H, dzidrums SI<\/p>\n<p>Var apskat\u012bt \u201eFashion Gold&#8221; juvelierizstr\u0101d\u0101jumu nam\u0101 Pam\u0117nkalnio g. 5, Vi\u013c\u0146\u0101\u00a0<\/p>\n<p><span>Pas\u016btot rotu, to izgatavosim 14 darba dienu laik\u0101. Iesp\u0113jama bezmaksas grav\u0113\u0161ana. Gredzens sa\u0146em Lietuvas Proves biroja sertifik\u0101tu.<\/span><\/p>\n<p><span>Saderin\u0101\u0161an\u0101s gredzeni ir viena no \u201eFashion Gold&#8221; darb\u012bbas jom\u0101m. Salon\u0101 atrad\u012bsiet ar\u012b laul\u012bbu gredzenus, rotaslietas sieviet\u0113m, v\u012brie\u0161iem, b\u0113rniem da\u017e\u0101dos gad\u012bjumos, mon\u0113tas, zelta stie\u0146us.<\/span><\/p>\n<p><span>PIED\u0100V\u0100JAM SADERIN\u0100\u0160AN\u0100S GREDZENUS UN CITAS ROTASLIETAS P\u0112C PAS\u016aT\u012aJUMA UN J\u016aSU INDIVIDU\u0100L\u0100M V\u0112LM\u0112M. SAZINIETIES info@fashiongold.lt<\/span><\/p><\/p>\n","protected":false},"excerpt":{"rendered":"<p>Dzelten\u0101 zelta moderna dizaina saderin\u0101\u0161an\u0101s gredzens ar 0,50 ct centr\u0101lo dimantu. Gredzenu rot\u0101 0,50 ct centr\u0101lais dimants un se\u0161i dimanti no katras puses, kuru kop\u0113jais svars ir 0,12 ct. Gredzena kronis ir zems, sniedzot jums maksim\u0101lu komfortu un \u0113rt\u012bbas.<\/p>\n","protected":false},"featured_media":55109,"template":"","meta":{"site-sidebar-layout":"","site-content-layout":"","ast-site-content-layout":"","site-content-style":"","site-sidebar-style":"","ast-global-header-display":"","ast-banner-title-visibility":"","ast-main-header-display":"","ast-hfb-above-header-display":"","ast-hfb-below-header-display":"","ast-hfb-mobile-header-display":"","site-post-title":"","ast-breadcrumbs-content":"","ast-featured-img":"","footer-sml-layout":"","ast-disable-related-posts":"","theme-transparent-header-meta":"","adv-header-id-meta":"","stick-header-meta":"","header-above-stick-meta":"","header-main-stick-meta":"","header-below-stick-meta":"","astra-migrate-meta-layouts":"default","ast-page-background-enabled":"default","ast-page-background-meta":{"desktop":{"background-color":"var(--ast-global-color-4)","background-image":"","background-repeat":"repeat","background-position":"center center","background-size":"auto","background-attachment":"scroll","background-type":"","background-media":"","overlay-type":"","overlay-color":"","overlay-opacity":"","overlay-gradient":""},"tablet":{"background-color":"","background-image":"","background-repeat":"repeat","background-position":"center center","background-size":"auto","background-attachment":"scroll","background-type":"","background-media":"","overlay-type":"","overlay-color":"","overlay-opacity":"","overlay-gradient":""},"mobile":{"background-color":"","background-image":"","background-repeat":"repeat","background-position":"center center","background-size":"auto","background-attachment":"scroll","background-type":"","background-media":"","overlay-type":"","overlay-color":"","overlay-opacity":"","overlay-gradient":""}},"ast-content-background-meta":{"desktop":{"background-color":"var(--ast-global-color-5)","background-image":"","background-repeat":"repeat","background-position":"center center","background-size":"auto","background-attachment":"scroll","background-type":"","background-media":"","overlay-type":"","overlay-color":"","overlay-opacity":"","overlay-gradient":""},"tablet":{"background-color":"var(--ast-global-color-5)","background-image":"","background-repeat":"repeat","background-position":"center center","background-size":"auto","background-attachment":"scroll","background-type":"","background-media":"","overlay-type":"","overlay-color":"","overlay-opacity":"","overlay-gradient":""},"mobile":{"background-color":"var(--ast-global-color-5)","background-image":"","background-repeat":"repeat","background-position":"center center","background-size":"auto","background-attachment":"scroll","background-type":"","background-media":"","overlay-type":"","overlay-color":"","overlay-opacity":"","overlay-gradient":""}}},"product_brand":[],"product_cat":[2919,2915,2913,2921,2920,2916,2914,3442,3453,2922,3465,3439,3447,2936,2918],"product_tag":[],"class_list":{"0":"post-288264","1":"product","2":"type-product","3":"status-publish","4":"has-post-thumbnail","6":"product_cat-baltzelta-rotaslietas","7":"product_cat-davanas-berna-piedzimsanai","8":"product_cat-davanas-dzimsanas-diena","9":"product_cat-davanas-ipasiem-gadijumiem","10":"product_cat-davanas-izlaidumam","11":"product_cat-davanas-kazu-gadadiena","12":"product_cat-davanas-sievietem","13":"product_cat-dzeltena-zelta-saderinasanas-gredzeni","14":"product_cat-gredzeni-ar-dimantiem","15":"product_cat-mates-dienas-davanas","16":"product_cat-moderni-saderinasanas-gredzeni","17":"product_cat-saderinasanas-gredzeni","18":"product_cat-top-saderinasanas-gredzeni","19":"product_cat-valentindienas-davanas","20":"product_cat-ziemassvetku-davanas","21":"desktop-align-center","22":"tablet-align-left","23":"mobile-align-left","24":"ast-product-gallery-layout-horizontal-slider","25":"ast-product-gallery-with-no-image","26":"ast-product-single-variable","27":"ast-product-tabs-layout-accordion","28":"ast-qv-on-image","30":"first","31":"instock","32":"taxable","33":"shipping-taxable","34":"purchasable","35":"product-type-variable"},"yoast_head":"<!-- This site is optimized with the Yoast SEO plugin v26.6 - https:\/\/yoast.com\/wordpress\/plugins\/seo\/ -->\n<title>Moderna dizaina dzelten\u0101 zelta gredzens ar dimantiem (0,62ct)<\/title>\n<meta name=\"description\" content=\"Moderna dizaina saderin\u0101\u0161an\u0101s gredzens ar dimantu. Gredzenu rot\u0101 0,50 ct centr\u0101lais dimants un se\u0161i dimanti no katras puses, kuru svars ir 0,12 ct.\" \/>\n<meta name=\"robots\" content=\"index, follow, max-snippet:-1, max-image-preview:large, max-video-preview:-1\" \/>\n<link rel=\"canonical\" href=\"https:\/\/fashiongold.lt\/lv\/papuosalas\/kapela-diamante-moderna-dizaina-dzeltena-zelta-gredzens-ar-dimantiem-062ct\/\" \/>\n<meta property=\"og:locale\" content=\"lv_LV\" \/>\n<meta property=\"og:type\" content=\"article\" \/>\n<meta property=\"og:title\" content=\"Moderna dizaina dzelten\u0101 zelta gredzens ar dimantiem (0,62ct)\" \/>\n<meta property=\"og:description\" content=\"Moderna dizaina saderin\u0101\u0161an\u0101s gredzens ar dimantu. Gredzenu rot\u0101 0,50 ct centr\u0101lais dimants un se\u0161i dimanti no katras puses, kuru svars ir 0,12 ct.\" \/>\n<meta property=\"og:url\" content=\"https:\/\/fashiongold.lt\/lv\/papuosalas\/kapela-diamante-moderna-dizaina-dzeltena-zelta-gredzens-ar-dimantiem-062ct\/\" \/>\n<meta property=\"og:site_name\" content=\"FashionGold.lt\" \/>\n<meta property=\"article:modified_time\" content=\"2026-02-17T06:58:06+00:00\" \/>\n<meta property=\"og:image\" content=\"https:\/\/fashiongold.lt\/wp-content\/uploads\/2025\/10\/1777-96a-Suzadetuviu-ziedas-Kapela-A-geltono-aukso.webp\" \/>\n\t<meta property=\"og:image:width\" content=\"800\" \/>\n\t<meta property=\"og:image:height\" content=\"800\" \/>\n\t<meta property=\"og:image:type\" content=\"image\/jpeg\" \/>\n<meta name=\"twitter:card\" content=\"summary_large_image\" \/>\n<meta name=\"twitter:label1\" content=\"Est. reading time\" \/>\n\t<meta name=\"twitter:data1\" content=\"1 minute\" \/>\n<script type=\"application\/ld+json\" class=\"yoast-schema-graph\">{\"@context\":\"https:\/\/schema.org\",\"@graph\":[{\"@type\":\"WebPage\",\"@id\":\"https:\/\/fashiongold.lt\/lv\/papuosalas\/kapela-diamante-moderna-dizaina-dzeltena-zelta-gredzens-ar-dimantiem-062ct\/\",\"url\":\"https:\/\/fashiongold.lt\/lv\/papuosalas\/kapela-diamante-moderna-dizaina-dzeltena-zelta-gredzens-ar-dimantiem-062ct\/\",\"name\":\"Moderna dizaina dzelten\u0101 zelta gredzens ar dimantiem (0,62ct)\",\"isPartOf\":{\"@id\":\"https:\/\/fashiongold.lt\/lv\/#website\"},\"primaryImageOfPage\":{\"@id\":\"https:\/\/fashiongold.lt\/lv\/papuosalas\/kapela-diamante-moderna-dizaina-dzeltena-zelta-gredzens-ar-dimantiem-062ct\/#primaryimage\"},\"image\":{\"@id\":\"https:\/\/fashiongold.lt\/lv\/papuosalas\/kapela-diamante-moderna-dizaina-dzeltena-zelta-gredzens-ar-dimantiem-062ct\/#primaryimage\"},\"thumbnailUrl\":\"https:\/\/fashiongold.lt\/wp-content\/uploads\/2025\/10\/1777-96a-Suzadetuviu-ziedas-Kapela-A-geltono-aukso.jpg\",\"datePublished\":\"2025-10-09T18:17:32+00:00\",\"dateModified\":\"2026-02-17T06:58:06+00:00\",\"description\":\"Moderna dizaina saderin\u0101\u0161an\u0101s gredzens ar dimantu. Gredzenu rot\u0101 0,50 ct centr\u0101lais dimants un se\u0161i dimanti no katras puses, kuru svars ir 0,12 ct.\",\"breadcrumb\":{\"@id\":\"https:\/\/fashiongold.lt\/lv\/papuosalas\/kapela-diamante-moderna-dizaina-dzeltena-zelta-gredzens-ar-dimantiem-062ct\/#breadcrumb\"},\"inLanguage\":\"lv-LV\",\"potentialAction\":[{\"@type\":\"ReadAction\",\"target\":[\"https:\/\/fashiongold.lt\/lv\/papuosalas\/kapela-diamante-moderna-dizaina-dzeltena-zelta-gredzens-ar-dimantiem-062ct\/\"]}]},{\"@type\":\"ImageObject\",\"inLanguage\":\"lv-LV\",\"@id\":\"https:\/\/fashiongold.lt\/lv\/papuosalas\/kapela-diamante-moderna-dizaina-dzeltena-zelta-gredzens-ar-dimantiem-062ct\/#primaryimage\",\"url\":\"https:\/\/fashiongold.lt\/wp-content\/uploads\/2025\/10\/1777-96a-Suzadetuviu-ziedas-Kapela-A-geltono-aukso.jpg\",\"contentUrl\":\"https:\/\/fashiongold.lt\/wp-content\/uploads\/2025\/10\/1777-96a-Suzadetuviu-ziedas-Kapela-A-geltono-aukso.jpg\",\"width\":800,\"height\":800},{\"@type\":\"BreadcrumbList\",\"@id\":\"https:\/\/fashiongold.lt\/lv\/papuosalas\/kapela-diamante-moderna-dizaina-dzeltena-zelta-gredzens-ar-dimantiem-062ct\/#breadcrumb\",\"itemListElement\":[{\"@type\":\"ListItem\",\"position\":1,\"name\":\"Home\",\"item\":\"https:\/\/fashiongold.lt\/lv\/\"},{\"@type\":\"ListItem\",\"position\":2,\"name\":\"Dimantu veikals Fashiongold.lt\",\"item\":\"https:\/\/fashiongold.lt\/shop-2\/\"},{\"@type\":\"ListItem\",\"position\":3,\"name\":\"Kapela Diamante \u2013 Moderna dizaina dzelten\u0101 zelta gredzens ar dimantiem (0,62ct)\"}]},{\"@type\":\"WebSite\",\"@id\":\"https:\/\/fashiongold.lt\/lv\/#website\",\"url\":\"https:\/\/fashiongold.lt\/lv\/\",\"name\":\"Fashion Gold\",\"description\":\"Juvelyrikos namai\",\"publisher\":{\"@id\":\"https:\/\/fashiongold.lt\/lv\/#organization\"},\"potentialAction\":[{\"@type\":\"SearchAction\",\"target\":{\"@type\":\"EntryPoint\",\"urlTemplate\":\"https:\/\/fashiongold.lt\/lv\/?s={search_term_string}\"},\"query-input\":{\"@type\":\"PropertyValueSpecification\",\"valueRequired\":true,\"valueName\":\"search_term_string\"}}],\"inLanguage\":\"lv-LV\"},{\"@type\":\"Organization\",\"@id\":\"https:\/\/fashiongold.lt\/lv\/#organization\",\"name\":\"Topdiamonds Online\",\"url\":\"https:\/\/fashiongold.lt\/lv\/\",\"logo\":{\"@type\":\"ImageObject\",\"inLanguage\":\"lv-LV\",\"@id\":\"https:\/\/fashiongold.lt\/lv\/#\/schema\/logo\/image\/\",\"url\":\"https:\/\/fashiongold.lt\/wp-content\/uploads\/2025\/04\/cropped-fashion_gold_logotipas2-scaled-1.png\",\"contentUrl\":\"https:\/\/fashiongold.lt\/wp-content\/uploads\/2025\/04\/cropped-fashion_gold_logotipas2-scaled-1.png\",\"width\":2559,\"height\":421,\"caption\":\"Topdiamonds Online\"},\"image\":{\"@id\":\"https:\/\/fashiongold.lt\/lv\/#\/schema\/logo\/image\/\"}}]}<\/script>\n<!-- \/ Yoast SEO plugin. -->","yoast_head_json":{"title":"Moderna dizaina dzelten\u0101 zelta gredzens ar dimantiem (0,62ct)","description":"Moderna dizaina saderin\u0101\u0161an\u0101s gredzens ar dimantu. Gredzenu rot\u0101 0,50 ct centr\u0101lais dimants un se\u0161i dimanti no katras puses, kuru svars ir 0,12 ct.","robots":{"index":"index","follow":"follow","max-snippet":"max-snippet:-1","max-image-preview":"max-image-preview:large","max-video-preview":"max-video-preview:-1"},"canonical":"https:\/\/fashiongold.lt\/lv\/papuosalas\/kapela-diamante-moderna-dizaina-dzeltena-zelta-gredzens-ar-dimantiem-062ct\/","og_locale":"lv_LV","og_type":"article","og_title":"Moderna dizaina dzelten\u0101 zelta gredzens ar dimantiem (0,62ct)","og_description":"Moderna dizaina saderin\u0101\u0161an\u0101s gredzens ar dimantu. Gredzenu rot\u0101 0,50 ct centr\u0101lais dimants un se\u0161i dimanti no katras puses, kuru svars ir 0,12 ct.","og_url":"https:\/\/fashiongold.lt\/lv\/papuosalas\/kapela-diamante-moderna-dizaina-dzeltena-zelta-gredzens-ar-dimantiem-062ct\/","og_site_name":"FashionGold.lt","article_modified_time":"2026-02-17T06:58:06+00:00","og_image":[{"width":800,"height":800,"url":"https:\/\/fashiongold.lt\/wp-content\/uploads\/2025\/10\/1777-96a-Suzadetuviu-ziedas-Kapela-A-geltono-aukso.webp","type":"image\/jpeg"}],"twitter_card":"summary_large_image","twitter_misc":{"Est. reading time":"1 minute"},"schema":{"@context":"https:\/\/schema.org","@graph":[{"@type":"WebPage","@id":"https:\/\/fashiongold.lt\/lv\/papuosalas\/kapela-diamante-moderna-dizaina-dzeltena-zelta-gredzens-ar-dimantiem-062ct\/","url":"https:\/\/fashiongold.lt\/lv\/papuosalas\/kapela-diamante-moderna-dizaina-dzeltena-zelta-gredzens-ar-dimantiem-062ct\/","name":"Moderna dizaina dzelten\u0101 zelta gredzens ar dimantiem (0,62ct)","isPartOf":{"@id":"https:\/\/fashiongold.lt\/lv\/#website"},"primaryImageOfPage":{"@id":"https:\/\/fashiongold.lt\/lv\/papuosalas\/kapela-diamante-moderna-dizaina-dzeltena-zelta-gredzens-ar-dimantiem-062ct\/#primaryimage"},"image":{"@id":"https:\/\/fashiongold.lt\/lv\/papuosalas\/kapela-diamante-moderna-dizaina-dzeltena-zelta-gredzens-ar-dimantiem-062ct\/#primaryimage"},"thumbnailUrl":"https:\/\/fashiongold.lt\/wp-content\/uploads\/2025\/10\/1777-96a-Suzadetuviu-ziedas-Kapela-A-geltono-aukso.jpg","datePublished":"2025-10-09T18:17:32+00:00","dateModified":"2026-02-17T06:58:06+00:00","description":"Moderna dizaina saderin\u0101\u0161an\u0101s gredzens ar dimantu. Gredzenu rot\u0101 0,50 ct centr\u0101lais dimants un se\u0161i dimanti no katras puses, kuru svars ir 0,12 ct.","breadcrumb":{"@id":"https:\/\/fashiongold.lt\/lv\/papuosalas\/kapela-diamante-moderna-dizaina-dzeltena-zelta-gredzens-ar-dimantiem-062ct\/#breadcrumb"},"inLanguage":"lv-LV","potentialAction":[{"@type":"ReadAction","target":["https:\/\/fashiongold.lt\/lv\/papuosalas\/kapela-diamante-moderna-dizaina-dzeltena-zelta-gredzens-ar-dimantiem-062ct\/"]}]},{"@type":"ImageObject","inLanguage":"lv-LV","@id":"https:\/\/fashiongold.lt\/lv\/papuosalas\/kapela-diamante-moderna-dizaina-dzeltena-zelta-gredzens-ar-dimantiem-062ct\/#primaryimage","url":"https:\/\/fashiongold.lt\/wp-content\/uploads\/2025\/10\/1777-96a-Suzadetuviu-ziedas-Kapela-A-geltono-aukso.jpg","contentUrl":"https:\/\/fashiongold.lt\/wp-content\/uploads\/2025\/10\/1777-96a-Suzadetuviu-ziedas-Kapela-A-geltono-aukso.jpg","width":800,"height":800},{"@type":"BreadcrumbList","@id":"https:\/\/fashiongold.lt\/lv\/papuosalas\/kapela-diamante-moderna-dizaina-dzeltena-zelta-gredzens-ar-dimantiem-062ct\/#breadcrumb","itemListElement":[{"@type":"ListItem","position":1,"name":"Home","item":"https:\/\/fashiongold.lt\/lv\/"},{"@type":"ListItem","position":2,"name":"Dimantu veikals Fashiongold.lt","item":"https:\/\/fashiongold.lt\/shop-2\/"},{"@type":"ListItem","position":3,"name":"Kapela Diamante \u2013 Moderna dizaina dzelten\u0101 zelta gredzens ar dimantiem (0,62ct)"}]},{"@type":"WebSite","@id":"https:\/\/fashiongold.lt\/lv\/#website","url":"https:\/\/fashiongold.lt\/lv\/","name":"Fashion Gold","description":"Juvelyrikos namai","publisher":{"@id":"https:\/\/fashiongold.lt\/lv\/#organization"},"potentialAction":[{"@type":"SearchAction","target":{"@type":"EntryPoint","urlTemplate":"https:\/\/fashiongold.lt\/lv\/?s={search_term_string}"},"query-input":{"@type":"PropertyValueSpecification","valueRequired":true,"valueName":"search_term_string"}}],"inLanguage":"lv-LV"},{"@type":"Organization","@id":"https:\/\/fashiongold.lt\/lv\/#organization","name":"Topdiamonds Online","url":"https:\/\/fashiongold.lt\/lv\/","logo":{"@type":"ImageObject","inLanguage":"lv-LV","@id":"https:\/\/fashiongold.lt\/lv\/#\/schema\/logo\/image\/","url":"https:\/\/fashiongold.lt\/wp-content\/uploads\/2025\/04\/cropped-fashion_gold_logotipas2-scaled-1.png","contentUrl":"https:\/\/fashiongold.lt\/wp-content\/uploads\/2025\/04\/cropped-fashion_gold_logotipas2-scaled-1.png","width":2559,"height":421,"caption":"Topdiamonds Online"},"image":{"@id":"https:\/\/fashiongold.lt\/lv\/#\/schema\/logo\/image\/"}}]}},"_links":{"self":[{"href":"https:\/\/fashiongold.lt\/lv\/wp-json\/wp\/v2\/product\/288264","targetHints":{"allow":["GET"]}}],"collection":[{"href":"https:\/\/fashiongold.lt\/lv\/wp-json\/wp\/v2\/product"}],"about":[{"href":"https:\/\/fashiongold.lt\/lv\/wp-json\/wp\/v2\/types\/product"}],"version-history":[{"count":0,"href":"https:\/\/fashiongold.lt\/lv\/wp-json\/wp\/v2\/product\/288264\/revisions"}],"wp:featuredmedia":[{"embeddable":true,"href":"https:\/\/fashiongold.lt\/lv\/wp-json\/wp\/v2\/media\/55109"}],"wp:attachment":[{"href":"https:\/\/fashiongold.lt\/lv\/wp-json\/wp\/v2\/media?parent=288264"}],"wp:term":[{"taxonomy":"product_brand","embeddable":true,"href":"https:\/\/fashiongold.lt\/lv\/wp-json\/wp\/v2\/product_brand?post=288264"},{"taxonomy":"product_cat","embeddable":true,"href":"https:\/\/fashiongold.lt\/lv\/wp-json\/wp\/v2\/product_cat?post=288264"},{"taxonomy":"product_tag","embeddable":true,"href":"https:\/\/fashiongold.lt\/lv\/wp-json\/wp\/v2\/product_tag?post=288264"}],"curies":[{"name":"wp","href":"https:\/\/api.w.org\/{rel}","templated":true}]}}