{"id":288269,"date":"2025-10-09T18:16:44","date_gmt":"2025-10-09T18:16:44","guid":{"rendered":"https:\/\/fashiongold.lt\/papuosalas\/saderinasanas-gredzens-kapela-a-balta-zelta\/"},"modified":"2026-02-17T06:58:11","modified_gmt":"2026-02-17T06:58:11","slug":"saderinasanas-gredzens-kapela-a-balta-zelta","status":"publish","type":"product","link":"https:\/\/fashiongold.lt\/lv\/papuosalas\/saderinasanas-gredzens-kapela-a-balta-zelta\/","title":{"rendered":"Saderin\u0101\u0161an\u0101s gredzens \u201eKapela A\u201d (balt\u0101 zelta)"},"content":{"rendered":"<p><span style=\"font-family: 'Times New Roman', serif; font-size: 12pt; background: #f7f7f8;\">Moderns <\/span><span lang=\"EN-US\" style=\"font-family: 'Times New Roman', serif; font-size: 12pt; background: #f7f7f8;\">b<\/span><span style=\"font-family: 'Times New Roman', serif; font-size: 12pt; background: #f7f7f8;\">alt\u0101 <\/span><span lang=\"EN-US\" style=\"font-family: 'Times New Roman', serif; font-size: 12pt; background: #f7f7f8;\">z<\/span><span style=\"font-family: 'Times New Roman', serif; font-size: 12pt; background: #f7f7f8;\">elt<\/span><span lang=\"EN-US\" style=\"font-family: 'Times New Roman', serif; font-size: 12pt; background: #f7f7f8;\">a<\/span><span lang=\"EN-US\" style=\"font-family: 'Times New Roman', serif; font-size: 12pt; background: #f7f7f8;\"> <\/span><span lang=\"EN-US\" style=\"font-family: 'Times New Roman', serif; font-size: 12pt; background: #f7f7f8;\">s<\/span><span style=\"font-family: 'Times New Roman', serif; font-size: 12pt; background: #f7f7f8;\">aderin\u0101\u0161an\u0101s <\/span><span lang=\"LT\" style=\"font-family: 'Times New Roman', serif; font-size: 12pt; background: #f7f7f8;\">g<\/span><span style=\"font-family: 'Times New Roman', serif; font-size: 12pt; background: #f7f7f8;\">redzens &#8211; m\u012blest\u012bbas un elegances apvienojums. \u0160is unik\u0101lais <\/span><span lang=\"LT\" style=\"font-family: 'Times New Roman', serif; font-size: 12pt; background: #f7f7f8;\">s<\/span><span style=\"font-family: 'Times New Roman', serif; font-size: 12pt; background: #f7f7f8;\">aderin\u0101\u0161an\u0101s gredzens tiek saukts par &#8216;Kapela A&#8217; un izce\u013cas ar modernu dizainu un elegant\u0101m deta\u013c\u0101m. Balt\u0101 zelta gredzens ir rot\u0101ts ar 0,50 ct centr\u0101lo dimantu un se\u0161iem dimantiem katr\u0101 pus\u0113, kuru<\/span><span lang=\"LT\" style=\"font-family: 'Times New Roman', serif; font-size: 12pt; background: #f7f7f8;\"> <\/span><span style=\"font-family: 'Times New Roman', serif; font-size: 12pt; background: #f7f7f8;\">kop\u0113ja<\/span><span lang=\"LT\" style=\"font-family: 'Times New Roman', serif; font-size: 12pt; background: #f7f7f8;\">is <\/span><span style=\"font-family: 'Times New Roman', serif; font-size: 12pt; background: #f7f7f8;\">sv<\/span><span lang=\"LT\" style=\"font-family: 'Times New Roman', serif; font-size: 12pt; background: #f7f7f8;\">ar<\/span><span style=\"font-family: 'Times New Roman', serif; font-size: 12pt; background: #f7f7f8;\">s<\/span><span lang=\"LT\" style=\"font-family: 'Times New Roman', serif; font-size: 12pt; background: #f7f7f8;\"> <\/span><span style=\"font-family: 'Times New Roman', serif; font-size: 12pt; background: #f7f7f8;\">0,12 ct. <\/span><span lang=\"LT\" style=\"font-family: 'Times New Roman', serif; font-size: 12pt; background: #f7f7f8;\">Gredzena k<\/span><span style=\"font-family: 'Times New Roman', serif; font-size: 12pt; background: #f7f7f8;\">ro<\/span><span lang=\"LT\" style=\"font-family: 'Times New Roman', serif; font-size: 12pt; background: #f7f7f8;\">n<\/span><span style=\"font-family: 'Times New Roman', serif; font-size: 12pt; background: #f7f7f8;\">\u012b<\/span><span lang=\"LT\" style=\"font-family: 'Times New Roman', serif; font-size: 12pt; background: #f7f7f8;\">t<\/span><span style=\"font-family: 'Times New Roman', serif; font-size: 12pt; background: #f7f7f8;\">i<\/span><span lang=\"LT\" style=\"font-family: 'Times New Roman', serif; font-size: 12pt; background: #f7f7f8;\">s<\/span><span style=\"font-family: 'Times New Roman', serif; font-size: 12pt; background: #f7f7f8;\"> ir subtili pacelts, nodro\u0161inot jums \u0113rt\u012bbas un pievilc\u012bgu izskatu. &#8216;Kapela A&#8217; gredzens aizrauj ar savu stil\u012bgumu un izcilo dizainu. \u0160is gredzens b\u016bs ne tikai j\u016bsu saderin\u0101\u0161an\u0101s simbols, bet ar\u012b stil\u012bga<\/span><span style=\"font-family: 'Times New Roman', serif; font-size: 12pt; background: #f7f7f8;\"> <\/span><span style=\"font-family: 'Times New Roman', serif; font-size: 12pt; background: #f7f7f8;\">deta\u013ca. Pie\u0161\u0137iriet sav\u0101m attiec\u012bb\u0101m modernuma un elegances akcentu ar &#8216;Kapela A&#8217; gredzenu. Tas sol\u0101s b\u016bt br\u012bni\u0161\u0137\u012bga liec\u012bba j\u016bsu m\u012blas st\u0101stam.<\/span><\/p>\n<p>\u201eFashion Gold\u201d juvelieru rad\u012btais saderin\u0101\u0161an\u0101s gredzens ir \u012bpa\u0161i augstas kvalit\u0101tes, atz\u012bm\u0113ts ar Lietuvas Proves biroja sertifik\u0101tu par \u012bpa\u0161i pievilc\u012bgu cenu. T\u0101 ir rotaslieta, ko var nodot no paaudzes paaudz\u0113 k\u0101 \u0123imenes relikviju, jo ne zelts, ne \u012bsti dimanti nekad nezaud\u0113 savu v\u0113rt\u012bbu. \u0160o zelta gredzenu var pas\u016bt\u012bt gan salon\u0101, gan internet\u0101.\u00a0<\/p>\n<p>Saderin\u0101\u0161an\u0101s gredzena svars &#8211; 2,60-3,30 g,<\/p>\n<p>Zelta kr\u0101sa &#8211;\u00a0balta<\/p>\n<p>Briljantu svars &#8211; 0,62 ct, kr\u0101sa H, dzidrums SI<\/p>\n<p>Var apskat\u012bt \u201eFashion Gold&#8221; juvelierizstr\u0101d\u0101jumu nam\u0101 Pam\u0117nkalnio g. 5, Vi\u013c\u0146\u0101\u00a0<\/p>\n<p><span>Pas\u016btot rotaslietu, m\u0113s to izgatavosim 14 darba dienu laik\u0101. Iesp\u0113jama bezmaksas grav\u0113\u0161ana. Gredzens sa\u0146em Lietuvas Proves biroja sertifik\u0101tu.<\/span><\/p>\n<p><span>Saderin\u0101\u0161an\u0101s gredzeni ir viena no \u201eFashion Gold&#8221; darb\u012bbas jom\u0101m. Salon\u0101 atrad\u012bsiet ar\u012b laul\u012bbu gredzenus, rotaslietas sieviet\u0113m, v\u012brie\u0161iem, b\u0113rniem da\u017e\u0101dos gad\u012bjumos, mon\u0113tas, zelta stie\u0146us.<\/span><\/p>\n<p><span>PIED\u0100V\u0100JAM SADERIN\u0100\u0160AN\u0100S GREDZENUS UN CITAS ROTASLIETAS P\u0112C PAS\u016aT\u012aJUMA UN J\u016aSU INDIVIDU\u0100LAJ\u0100M V\u0112LM\u0112M. SAZINIETIES info@fashiongold.lt<\/span><\/p><\/p>\n","protected":false},"excerpt":{"rendered":"<p>Moderns balt\u0101 zelta saderin\u0101\u0161an\u0101s gredzens \u2013 m\u012blest\u012bbas un elegances apvienojums. Balt\u0101 zelta gredzens ir rot\u0101ts ar 0,50 ct centr\u0101lo dimantu un se\u0161iem dimantiem katr\u0101 pus\u0113, kuru kop\u0113jais svars ir 0,12 ct.\u00a0<\/p>\n","protected":false},"featured_media":55055,"template":"","meta":{"site-sidebar-layout":"","site-content-layout":"","ast-site-content-layout":"","site-content-style":"","site-sidebar-style":"","ast-global-header-display":"","ast-banner-title-visibility":"","ast-main-header-display":"","ast-hfb-above-header-display":"","ast-hfb-below-header-display":"","ast-hfb-mobile-header-display":"","site-post-title":"","ast-breadcrumbs-content":"","ast-featured-img":"","footer-sml-layout":"","ast-disable-related-posts":"","theme-transparent-header-meta":"","adv-header-id-meta":"","stick-header-meta":"","header-above-stick-meta":"","header-main-stick-meta":"","header-below-stick-meta":"","astra-migrate-meta-layouts":"default","ast-page-background-enabled":"default","ast-page-background-meta":{"desktop":{"background-color":"var(--ast-global-color-4)","background-image":"","background-repeat":"repeat","background-position":"center center","background-size":"auto","background-attachment":"scroll","background-type":"","background-media":"","overlay-type":"","overlay-color":"","overlay-opacity":"","overlay-gradient":""},"tablet":{"background-color":"","background-image":"","background-repeat":"repeat","background-position":"center center","background-size":"auto","background-attachment":"scroll","background-type":"","background-media":"","overlay-type":"","overlay-color":"","overlay-opacity":"","overlay-gradient":""},"mobile":{"background-color":"","background-image":"","background-repeat":"repeat","background-position":"center center","background-size":"auto","background-attachment":"scroll","background-type":"","background-media":"","overlay-type":"","overlay-color":"","overlay-opacity":"","overlay-gradient":""}},"ast-content-background-meta":{"desktop":{"background-color":"var(--ast-global-color-5)","background-image":"","background-repeat":"repeat","background-position":"center center","background-size":"auto","background-attachment":"scroll","background-type":"","background-media":"","overlay-type":"","overlay-color":"","overlay-opacity":"","overlay-gradient":""},"tablet":{"background-color":"var(--ast-global-color-5)","background-image":"","background-repeat":"repeat","background-position":"center center","background-size":"auto","background-attachment":"scroll","background-type":"","background-media":"","overlay-type":"","overlay-color":"","overlay-opacity":"","overlay-gradient":""},"mobile":{"background-color":"var(--ast-global-color-5)","background-image":"","background-repeat":"repeat","background-position":"center center","background-size":"auto","background-attachment":"scroll","background-type":"","background-media":"","overlay-type":"","overlay-color":"","overlay-opacity":"","overlay-gradient":""}}},"product_brand":[],"product_cat":[3441,2919,2915,2913,2914,3453,3465,3439,3447,2936,2918],"product_tag":[],"class_list":{"0":"post-288269","1":"product","2":"type-product","3":"status-publish","4":"has-post-thumbnail","6":"product_cat-balta-zelta-saderinasanas-gredzeni","7":"product_cat-baltzelta-rotaslietas","8":"product_cat-davanas-berna-piedzimsanai","9":"product_cat-davanas-dzimsanas-diena","10":"product_cat-davanas-sievietem","11":"product_cat-gredzeni-ar-dimantiem","12":"product_cat-moderni-saderinasanas-gredzeni","13":"product_cat-saderinasanas-gredzeni","14":"product_cat-top-saderinasanas-gredzeni","15":"product_cat-valentindienas-davanas","16":"product_cat-ziemassvetku-davanas","17":"desktop-align-center","18":"tablet-align-left","19":"mobile-align-left","20":"ast-product-gallery-layout-horizontal-slider","21":"ast-product-gallery-with-no-image","22":"ast-product-single-variable","23":"ast-product-tabs-layout-accordion","24":"ast-qv-on-image","26":"first","27":"instock","28":"taxable","29":"shipping-taxable","30":"purchasable","31":"product-type-variable"},"yoast_head":"<!-- This site is optimized with the Yoast SEO plugin v26.6 - https:\/\/yoast.com\/wordpress\/plugins\/seo\/ -->\n<title>Moderns balt\u0101 zelta saderin\u0101\u0161an\u0101s gredzens - m\u012blest\u012bbas un elegances apvienojums<\/title>\n<meta name=\"description\" content=\"Balt\u0101 zelta gredzens ir rot\u0101ts ar 0,50 ct centr\u0101lo dimantu un se\u0161iem dimantiem no katras puses, kuru kop\u0113jais svars ir 0,12 ct.\" \/>\n<meta name=\"robots\" content=\"index, follow, max-snippet:-1, max-image-preview:large, max-video-preview:-1\" \/>\n<link rel=\"canonical\" href=\"https:\/\/fashiongold.lt\/lv\/papuosalas\/saderinasanas-gredzens-kapela-a-balta-zelta\/\" \/>\n<meta property=\"og:locale\" content=\"lv_LV\" \/>\n<meta property=\"og:type\" content=\"article\" \/>\n<meta property=\"og:title\" content=\"Moderns balt\u0101 zelta saderin\u0101\u0161an\u0101s gredzens - m\u012blest\u012bbas un elegances apvienojums\" \/>\n<meta property=\"og:description\" content=\"Balt\u0101 zelta gredzens ir rot\u0101ts ar 0,50 ct centr\u0101lo dimantu un se\u0161iem dimantiem no katras puses, kuru kop\u0113jais svars ir 0,12 ct.\" \/>\n<meta property=\"og:url\" content=\"https:\/\/fashiongold.lt\/lv\/papuosalas\/saderinasanas-gredzens-kapela-a-balta-zelta\/\" \/>\n<meta property=\"og:site_name\" content=\"FashionGold.lt\" \/>\n<meta property=\"article:modified_time\" content=\"2026-02-17T06:58:11+00:00\" \/>\n<meta property=\"og:image\" content=\"https:\/\/fashiongold.lt\/wp-content\/uploads\/2025\/10\/1775-e89-Suzadetuviu-ziedas-Kapela-A-balto-aukso.webp\" \/>\n\t<meta property=\"og:image:width\" content=\"800\" \/>\n\t<meta property=\"og:image:height\" content=\"800\" \/>\n\t<meta property=\"og:image:type\" content=\"image\/jpeg\" \/>\n<meta name=\"twitter:card\" content=\"summary_large_image\" \/>\n<meta name=\"twitter:label1\" content=\"Est. reading time\" \/>\n\t<meta name=\"twitter:data1\" content=\"2 minutes\" \/>\n<script type=\"application\/ld+json\" class=\"yoast-schema-graph\">{\"@context\":\"https:\/\/schema.org\",\"@graph\":[{\"@type\":\"WebPage\",\"@id\":\"https:\/\/fashiongold.lt\/lv\/papuosalas\/saderinasanas-gredzens-kapela-a-balta-zelta\/\",\"url\":\"https:\/\/fashiongold.lt\/lv\/papuosalas\/saderinasanas-gredzens-kapela-a-balta-zelta\/\",\"name\":\"Moderns balt\u0101 zelta saderin\u0101\u0161an\u0101s gredzens - m\u012blest\u012bbas un elegances apvienojums\",\"isPartOf\":{\"@id\":\"https:\/\/fashiongold.lt\/lv\/#website\"},\"primaryImageOfPage\":{\"@id\":\"https:\/\/fashiongold.lt\/lv\/papuosalas\/saderinasanas-gredzens-kapela-a-balta-zelta\/#primaryimage\"},\"image\":{\"@id\":\"https:\/\/fashiongold.lt\/lv\/papuosalas\/saderinasanas-gredzens-kapela-a-balta-zelta\/#primaryimage\"},\"thumbnailUrl\":\"https:\/\/fashiongold.lt\/wp-content\/uploads\/2025\/10\/1775-e89-Suzadetuviu-ziedas-Kapela-A-balto-aukso.jpg\",\"datePublished\":\"2025-10-09T18:16:44+00:00\",\"dateModified\":\"2026-02-17T06:58:11+00:00\",\"description\":\"Balt\u0101 zelta gredzens ir rot\u0101ts ar 0,50 ct centr\u0101lo dimantu un se\u0161iem dimantiem no katras puses, kuru kop\u0113jais svars ir 0,12 ct.\",\"breadcrumb\":{\"@id\":\"https:\/\/fashiongold.lt\/lv\/papuosalas\/saderinasanas-gredzens-kapela-a-balta-zelta\/#breadcrumb\"},\"inLanguage\":\"lv-LV\",\"potentialAction\":[{\"@type\":\"ReadAction\",\"target\":[\"https:\/\/fashiongold.lt\/lv\/papuosalas\/saderinasanas-gredzens-kapela-a-balta-zelta\/\"]}]},{\"@type\":\"ImageObject\",\"inLanguage\":\"lv-LV\",\"@id\":\"https:\/\/fashiongold.lt\/lv\/papuosalas\/saderinasanas-gredzens-kapela-a-balta-zelta\/#primaryimage\",\"url\":\"https:\/\/fashiongold.lt\/wp-content\/uploads\/2025\/10\/1775-e89-Suzadetuviu-ziedas-Kapela-A-balto-aukso.jpg\",\"contentUrl\":\"https:\/\/fashiongold.lt\/wp-content\/uploads\/2025\/10\/1775-e89-Suzadetuviu-ziedas-Kapela-A-balto-aukso.jpg\",\"width\":800,\"height\":800},{\"@type\":\"BreadcrumbList\",\"@id\":\"https:\/\/fashiongold.lt\/lv\/papuosalas\/saderinasanas-gredzens-kapela-a-balta-zelta\/#breadcrumb\",\"itemListElement\":[{\"@type\":\"ListItem\",\"position\":1,\"name\":\"Home\",\"item\":\"https:\/\/fashiongold.lt\/lv\/\"},{\"@type\":\"ListItem\",\"position\":2,\"name\":\"Dimantu veikals Fashiongold.lt\",\"item\":\"https:\/\/fashiongold.lt\/shop-2\/\"},{\"@type\":\"ListItem\",\"position\":3,\"name\":\"Saderin\u0101\u0161an\u0101s gredzens \u201eKapela A\u201d (balt\u0101 zelta)\"}]},{\"@type\":\"WebSite\",\"@id\":\"https:\/\/fashiongold.lt\/lv\/#website\",\"url\":\"https:\/\/fashiongold.lt\/lv\/\",\"name\":\"Fashion Gold\",\"description\":\"Juvelyrikos namai\",\"publisher\":{\"@id\":\"https:\/\/fashiongold.lt\/lv\/#organization\"},\"potentialAction\":[{\"@type\":\"SearchAction\",\"target\":{\"@type\":\"EntryPoint\",\"urlTemplate\":\"https:\/\/fashiongold.lt\/lv\/?s={search_term_string}\"},\"query-input\":{\"@type\":\"PropertyValueSpecification\",\"valueRequired\":true,\"valueName\":\"search_term_string\"}}],\"inLanguage\":\"lv-LV\"},{\"@type\":\"Organization\",\"@id\":\"https:\/\/fashiongold.lt\/lv\/#organization\",\"name\":\"Topdiamonds Online\",\"url\":\"https:\/\/fashiongold.lt\/lv\/\",\"logo\":{\"@type\":\"ImageObject\",\"inLanguage\":\"lv-LV\",\"@id\":\"https:\/\/fashiongold.lt\/lv\/#\/schema\/logo\/image\/\",\"url\":\"https:\/\/fashiongold.lt\/wp-content\/uploads\/2025\/04\/cropped-fashion_gold_logotipas2-scaled-1.png\",\"contentUrl\":\"https:\/\/fashiongold.lt\/wp-content\/uploads\/2025\/04\/cropped-fashion_gold_logotipas2-scaled-1.png\",\"width\":2559,\"height\":421,\"caption\":\"Topdiamonds Online\"},\"image\":{\"@id\":\"https:\/\/fashiongold.lt\/lv\/#\/schema\/logo\/image\/\"}}]}<\/script>\n<!-- \/ Yoast SEO plugin. -->","yoast_head_json":{"title":"Moderns balt\u0101 zelta saderin\u0101\u0161an\u0101s gredzens - m\u012blest\u012bbas un elegances apvienojums","description":"Balt\u0101 zelta gredzens ir rot\u0101ts ar 0,50 ct centr\u0101lo dimantu un se\u0161iem dimantiem no katras puses, kuru kop\u0113jais svars ir 0,12 ct.","robots":{"index":"index","follow":"follow","max-snippet":"max-snippet:-1","max-image-preview":"max-image-preview:large","max-video-preview":"max-video-preview:-1"},"canonical":"https:\/\/fashiongold.lt\/lv\/papuosalas\/saderinasanas-gredzens-kapela-a-balta-zelta\/","og_locale":"lv_LV","og_type":"article","og_title":"Moderns balt\u0101 zelta saderin\u0101\u0161an\u0101s gredzens - m\u012blest\u012bbas un elegances apvienojums","og_description":"Balt\u0101 zelta gredzens ir rot\u0101ts ar 0,50 ct centr\u0101lo dimantu un se\u0161iem dimantiem no katras puses, kuru kop\u0113jais svars ir 0,12 ct.","og_url":"https:\/\/fashiongold.lt\/lv\/papuosalas\/saderinasanas-gredzens-kapela-a-balta-zelta\/","og_site_name":"FashionGold.lt","article_modified_time":"2026-02-17T06:58:11+00:00","og_image":[{"width":800,"height":800,"url":"https:\/\/fashiongold.lt\/wp-content\/uploads\/2025\/10\/1775-e89-Suzadetuviu-ziedas-Kapela-A-balto-aukso.webp","type":"image\/jpeg"}],"twitter_card":"summary_large_image","twitter_misc":{"Est. reading time":"2 minutes"},"schema":{"@context":"https:\/\/schema.org","@graph":[{"@type":"WebPage","@id":"https:\/\/fashiongold.lt\/lv\/papuosalas\/saderinasanas-gredzens-kapela-a-balta-zelta\/","url":"https:\/\/fashiongold.lt\/lv\/papuosalas\/saderinasanas-gredzens-kapela-a-balta-zelta\/","name":"Moderns balt\u0101 zelta saderin\u0101\u0161an\u0101s gredzens - m\u012blest\u012bbas un elegances apvienojums","isPartOf":{"@id":"https:\/\/fashiongold.lt\/lv\/#website"},"primaryImageOfPage":{"@id":"https:\/\/fashiongold.lt\/lv\/papuosalas\/saderinasanas-gredzens-kapela-a-balta-zelta\/#primaryimage"},"image":{"@id":"https:\/\/fashiongold.lt\/lv\/papuosalas\/saderinasanas-gredzens-kapela-a-balta-zelta\/#primaryimage"},"thumbnailUrl":"https:\/\/fashiongold.lt\/wp-content\/uploads\/2025\/10\/1775-e89-Suzadetuviu-ziedas-Kapela-A-balto-aukso.jpg","datePublished":"2025-10-09T18:16:44+00:00","dateModified":"2026-02-17T06:58:11+00:00","description":"Balt\u0101 zelta gredzens ir rot\u0101ts ar 0,50 ct centr\u0101lo dimantu un se\u0161iem dimantiem no katras puses, kuru kop\u0113jais svars ir 0,12 ct.","breadcrumb":{"@id":"https:\/\/fashiongold.lt\/lv\/papuosalas\/saderinasanas-gredzens-kapela-a-balta-zelta\/#breadcrumb"},"inLanguage":"lv-LV","potentialAction":[{"@type":"ReadAction","target":["https:\/\/fashiongold.lt\/lv\/papuosalas\/saderinasanas-gredzens-kapela-a-balta-zelta\/"]}]},{"@type":"ImageObject","inLanguage":"lv-LV","@id":"https:\/\/fashiongold.lt\/lv\/papuosalas\/saderinasanas-gredzens-kapela-a-balta-zelta\/#primaryimage","url":"https:\/\/fashiongold.lt\/wp-content\/uploads\/2025\/10\/1775-e89-Suzadetuviu-ziedas-Kapela-A-balto-aukso.jpg","contentUrl":"https:\/\/fashiongold.lt\/wp-content\/uploads\/2025\/10\/1775-e89-Suzadetuviu-ziedas-Kapela-A-balto-aukso.jpg","width":800,"height":800},{"@type":"BreadcrumbList","@id":"https:\/\/fashiongold.lt\/lv\/papuosalas\/saderinasanas-gredzens-kapela-a-balta-zelta\/#breadcrumb","itemListElement":[{"@type":"ListItem","position":1,"name":"Home","item":"https:\/\/fashiongold.lt\/lv\/"},{"@type":"ListItem","position":2,"name":"Dimantu veikals Fashiongold.lt","item":"https:\/\/fashiongold.lt\/shop-2\/"},{"@type":"ListItem","position":3,"name":"Saderin\u0101\u0161an\u0101s gredzens \u201eKapela A\u201d (balt\u0101 zelta)"}]},{"@type":"WebSite","@id":"https:\/\/fashiongold.lt\/lv\/#website","url":"https:\/\/fashiongold.lt\/lv\/","name":"Fashion Gold","description":"Juvelyrikos namai","publisher":{"@id":"https:\/\/fashiongold.lt\/lv\/#organization"},"potentialAction":[{"@type":"SearchAction","target":{"@type":"EntryPoint","urlTemplate":"https:\/\/fashiongold.lt\/lv\/?s={search_term_string}"},"query-input":{"@type":"PropertyValueSpecification","valueRequired":true,"valueName":"search_term_string"}}],"inLanguage":"lv-LV"},{"@type":"Organization","@id":"https:\/\/fashiongold.lt\/lv\/#organization","name":"Topdiamonds Online","url":"https:\/\/fashiongold.lt\/lv\/","logo":{"@type":"ImageObject","inLanguage":"lv-LV","@id":"https:\/\/fashiongold.lt\/lv\/#\/schema\/logo\/image\/","url":"https:\/\/fashiongold.lt\/wp-content\/uploads\/2025\/04\/cropped-fashion_gold_logotipas2-scaled-1.png","contentUrl":"https:\/\/fashiongold.lt\/wp-content\/uploads\/2025\/04\/cropped-fashion_gold_logotipas2-scaled-1.png","width":2559,"height":421,"caption":"Topdiamonds Online"},"image":{"@id":"https:\/\/fashiongold.lt\/lv\/#\/schema\/logo\/image\/"}}]}},"_links":{"self":[{"href":"https:\/\/fashiongold.lt\/lv\/wp-json\/wp\/v2\/product\/288269","targetHints":{"allow":["GET"]}}],"collection":[{"href":"https:\/\/fashiongold.lt\/lv\/wp-json\/wp\/v2\/product"}],"about":[{"href":"https:\/\/fashiongold.lt\/lv\/wp-json\/wp\/v2\/types\/product"}],"version-history":[{"count":0,"href":"https:\/\/fashiongold.lt\/lv\/wp-json\/wp\/v2\/product\/288269\/revisions"}],"wp:featuredmedia":[{"embeddable":true,"href":"https:\/\/fashiongold.lt\/lv\/wp-json\/wp\/v2\/media\/55055"}],"wp:attachment":[{"href":"https:\/\/fashiongold.lt\/lv\/wp-json\/wp\/v2\/media?parent=288269"}],"wp:term":[{"taxonomy":"product_brand","embeddable":true,"href":"https:\/\/fashiongold.lt\/lv\/wp-json\/wp\/v2\/product_brand?post=288269"},{"taxonomy":"product_cat","embeddable":true,"href":"https:\/\/fashiongold.lt\/lv\/wp-json\/wp\/v2\/product_cat?post=288269"},{"taxonomy":"product_tag","embeddable":true,"href":"https:\/\/fashiongold.lt\/lv\/wp-json\/wp\/v2\/product_tag?post=288269"}],"curies":[{"name":"wp","href":"https:\/\/api.w.org\/{rel}","templated":true}]}}