{"id":288443,"date":"2025-10-09T18:14:36","date_gmt":"2025-10-09T18:14:36","guid":{"rendered":"https:\/\/fashiongold.lt\/papuosalas\/dzeltena-zelta-elegance-grezna-perlu-10-12-mm-kaklarota-ar-ekskluzivu-dzeltena-zelta-aizdari\/"},"modified":"2025-10-09T18:14:36","modified_gmt":"2025-10-09T18:14:36","slug":"dzeltena-zelta-elegance-grezna-perlu-10-12-mm-kaklarota-ar-ekskluzivu-dzeltena-zelta-aizdari","status":"publish","type":"product","link":"https:\/\/fashiongold.lt\/lv\/papuosalas\/dzeltena-zelta-elegance-grezna-perlu-10-12-mm-kaklarota-ar-ekskluzivu-dzeltena-zelta-aizdari\/","title":{"rendered":"Dzelten\u0101 zelta elegance \u2013 Grezna p\u0113r\u013cu (10-12 mm) kaklarota ar ekskluz\u012bvu dzelten\u0101 zelta aizdari"},"content":{"rendered":"<p>Greznas 10-12 mm sald\u016bdens p\u0113rles, 42 gab. sak\u0101rtotas vien\u0101 kaklarot\u0101 ar ekskluz\u012bvu dzelten\u0101 zelta aizdari. Aizdari rad\u012bjis paz\u012bstams it\u0101\u013cu uz\u0146\u0113mums, kas izce\u013cas ar iztur\u012bbu un unik\u0101lu dizainu. &#8220;Fashion Gold&#8221; juvelierizstr\u0101d\u0101jumu nama meistaru rad\u012bt\u0101 p\u0113r\u013cu kaklarota \u2013 mirdzo\u0161as elegances z\u012bme.<\/p>\n<p><span>Juvelierizstr\u0101d\u0101jumu nama &#8220;Fashion Gold&#8221; meistaru rad\u012bta p\u0113r\u013cu kolj\u0113 ar dzelten\u0101 zelta aizdari. Iespaid\u012bga rota, kas ir lieliska d\u0101vana k\u0101z\u0101s, k\u0101zu gadadien\u0101, dzim\u0161anas dien\u0101, Valent\u012bna dien\u0101 vai citos sv\u0113tkos. <\/span><\/p>\n<p><span>Aizdare \u2013 dzeltenais zelts, 585. prove<\/span><\/p>\n<p><span>P\u0113rles \u2013 10-12 mm, 42 gab., svars \u2013 aptuveni 330 ct<\/span><\/p>\n<p><span>Garums \u2013 45 cm<\/span><\/p>\n<p>Kop\u0113jais svars \u2013 74,07 g<\/p>\n","protected":false},"excerpt":{"rendered":"<p>Greznas 10-12 mm izm\u0113ra sald\u016bdens p\u0113rles, 42 gab. sak\u0101rtotas vien\u0101 kaklarot\u0101 ar ekskluz\u012bvu dzelten\u0101 zelta aizdari. Aizdare no paz\u012bstama it\u0101\u013cu uz\u0146\u0113muma, ar unik\u0101lu dizainu un iztur\u012bbu.\u00a0<\/p>\n","protected":false},"featured_media":54709,"template":"","meta":{"site-sidebar-layout":"","site-content-layout":"","ast-site-content-layout":"","site-content-style":"","site-sidebar-style":"","ast-global-header-display":"","ast-banner-title-visibility":"","ast-main-header-display":"","ast-hfb-above-header-display":"","ast-hfb-below-header-display":"","ast-hfb-mobile-header-display":"","site-post-title":"","ast-breadcrumbs-content":"","ast-featured-img":"","footer-sml-layout":"","ast-disable-related-posts":"","theme-transparent-header-meta":"","adv-header-id-meta":"","stick-header-meta":"","header-above-stick-meta":"","header-main-stick-meta":"","header-below-stick-meta":"","astra-migrate-meta-layouts":"default","ast-page-background-enabled":"default","ast-page-background-meta":{"desktop":{"background-color":"var(--ast-global-color-4)","background-image":"","background-repeat":"repeat","background-position":"center center","background-size":"auto","background-attachment":"scroll","background-type":"","background-media":"","overlay-type":"","overlay-color":"","overlay-opacity":"","overlay-gradient":""},"tablet":{"background-color":"","background-image":"","background-repeat":"repeat","background-position":"center center","background-size":"auto","background-attachment":"scroll","background-type":"","background-media":"","overlay-type":"","overlay-color":"","overlay-opacity":"","overlay-gradient":""},"mobile":{"background-color":"","background-image":"","background-repeat":"repeat","background-position":"center center","background-size":"auto","background-attachment":"scroll","background-type":"","background-media":"","overlay-type":"","overlay-color":"","overlay-opacity":"","overlay-gradient":""}},"ast-content-background-meta":{"desktop":{"background-color":"var(--ast-global-color-5)","background-image":"","background-repeat":"repeat","background-position":"center center","background-size":"auto","background-attachment":"scroll","background-type":"","background-media":"","overlay-type":"","overlay-color":"","overlay-opacity":"","overlay-gradient":""},"tablet":{"background-color":"var(--ast-global-color-5)","background-image":"","background-repeat":"repeat","background-position":"center center","background-size":"auto","background-attachment":"scroll","background-type":"","background-media":"","overlay-type":"","overlay-color":"","overlay-opacity":"","overlay-gradient":""},"mobile":{"background-color":"var(--ast-global-color-5)","background-image":"","background-repeat":"repeat","background-position":"center center","background-size":"auto","background-attachment":"scroll","background-type":"","background-media":"","overlay-type":"","overlay-color":"","overlay-opacity":"","overlay-gradient":""}}},"product_brand":[],"product_cat":[2915,2913,2921,2920,3403,2916,2914,2923,3042,3490,3401,2922,2982,2936,3575,2918],"product_tag":[],"class_list":{"0":"post-288443","1":"product","2":"type-product","3":"status-publish","4":"has-post-thumbnail","6":"product_cat-davanas-berna-piedzimsanai","7":"product_cat-davanas-dzimsanas-diena","8":"product_cat-davanas-ipasiem-gadijumiem","9":"product_cat-davanas-izlaidumam","10":"product_cat-davanas-kazam","11":"product_cat-davanas-kazu-gadadiena","12":"product_cat-davanas-sievietem","13":"product_cat-dzeltena-zelta-juvelierizstradajumi","14":"product_cat-juvelierizstradajumi","15":"product_cat-kedites-ar-dimantiem","16":"product_cat-kristibu-davanas","17":"product_cat-mates-dienas-davanas","18":"product_cat-perles-juvelierizstradajumi-ar-perlem","19":"product_cat-valentindienas-davanas","20":"product_cat-zelta-kedite-ar-kulonu-ar-perlem","21":"product_cat-ziemassvetku-davanas","22":"desktop-align-center","23":"tablet-align-left","24":"mobile-align-left","25":"ast-product-gallery-layout-horizontal-slider","26":"ast-product-gallery-with-no-image","27":"ast-product-tabs-layout-accordion","28":"ast-qv-on-image","30":"first","31":"instock","32":"taxable","33":"shipping-taxable","34":"purchasable","35":"product-type-simple"},"yoast_head":"<!-- This site is optimized with the Yoast SEO plugin v26.6 - https:\/\/yoast.com\/wordpress\/plugins\/seo\/ -->\n<title>Dzelten\u0101 zelta elegance \u2013 Grezna p\u0113r\u013cu (10-12 mm) kaklarota ar ekskluz\u012bvu dzelten\u0101 zelta aizdari - FashionGold.lt<\/title>\n<meta name=\"robots\" content=\"index, follow, max-snippet:-1, max-image-preview:large, max-video-preview:-1\" \/>\n<link rel=\"canonical\" href=\"https:\/\/fashiongold.lt\/lv\/papuosalas\/dzeltena-zelta-elegance-grezna-perlu-10-12-mm-kaklarota-ar-ekskluzivu-dzeltena-zelta-aizdari\/\" \/>\n<meta property=\"og:locale\" content=\"lv_LV\" \/>\n<meta property=\"og:type\" content=\"article\" \/>\n<meta property=\"og:title\" content=\"Dzelten\u0101 zelta elegance \u2013 Grezna p\u0113r\u013cu (10-12 mm) kaklarota ar ekskluz\u012bvu dzelten\u0101 zelta aizdari - FashionGold.lt\" \/>\n<meta property=\"og:description\" content=\"Greznas 10-12 mm izm\u0113ra sald\u016bdens p\u0113rles, 42 gab. sak\u0101rtotas vien\u0101 kaklarot\u0101 ar ekskluz\u012bvu dzelten\u0101 zelta aizdari. Aizdare no paz\u012bstama it\u0101\u013cu uz\u0146\u0113muma, ar unik\u0101lu dizainu un iztur\u012bbu.\u00a0\" \/>\n<meta property=\"og:url\" content=\"https:\/\/fashiongold.lt\/lv\/papuosalas\/dzeltena-zelta-elegance-grezna-perlu-10-12-mm-kaklarota-ar-ekskluzivu-dzeltena-zelta-aizdari\/\" \/>\n<meta property=\"og:site_name\" content=\"FashionGold.lt\" \/>\n<meta property=\"og:image\" content=\"https:\/\/fashiongold.lt\/wp-content\/uploads\/2025\/10\/6392-718-Geltono-aukso-elegancija-Prabangus-perlu-10-12-mm-verinys-su-isskirtiniu-geltono-aukso-uzsegimu.webp\" \/>\n\t<meta property=\"og:image:width\" content=\"1000\" \/>\n\t<meta property=\"og:image:height\" content=\"1000\" \/>\n\t<meta property=\"og:image:type\" content=\"image\/png\" \/>\n<meta name=\"twitter:card\" content=\"summary_large_image\" \/>\n<meta name=\"twitter:label1\" content=\"Est. reading time\" \/>\n\t<meta name=\"twitter:data1\" content=\"1 minute\" \/>\n<script type=\"application\/ld+json\" class=\"yoast-schema-graph\">{\"@context\":\"https:\/\/schema.org\",\"@graph\":[{\"@type\":\"WebPage\",\"@id\":\"https:\/\/fashiongold.lt\/lv\/papuosalas\/dzeltena-zelta-elegance-grezna-perlu-10-12-mm-kaklarota-ar-ekskluzivu-dzeltena-zelta-aizdari\/\",\"url\":\"https:\/\/fashiongold.lt\/lv\/papuosalas\/dzeltena-zelta-elegance-grezna-perlu-10-12-mm-kaklarota-ar-ekskluzivu-dzeltena-zelta-aizdari\/\",\"name\":\"Dzelten\u0101 zelta elegance \u2013 Grezna p\u0113r\u013cu (10-12 mm) kaklarota ar ekskluz\u012bvu dzelten\u0101 zelta aizdari - FashionGold.lt\",\"isPartOf\":{\"@id\":\"https:\/\/fashiongold.lt\/lv\/#website\"},\"primaryImageOfPage\":{\"@id\":\"https:\/\/fashiongold.lt\/lv\/papuosalas\/dzeltena-zelta-elegance-grezna-perlu-10-12-mm-kaklarota-ar-ekskluzivu-dzeltena-zelta-aizdari\/#primaryimage\"},\"image\":{\"@id\":\"https:\/\/fashiongold.lt\/lv\/papuosalas\/dzeltena-zelta-elegance-grezna-perlu-10-12-mm-kaklarota-ar-ekskluzivu-dzeltena-zelta-aizdari\/#primaryimage\"},\"thumbnailUrl\":\"https:\/\/fashiongold.lt\/wp-content\/uploads\/2025\/10\/6392-718-Geltono-aukso-elegancija-Prabangus-perlu-10-12-mm-verinys-su-isskirtiniu-geltono-aukso-uzsegimu.png\",\"datePublished\":\"2025-10-09T18:14:36+00:00\",\"breadcrumb\":{\"@id\":\"https:\/\/fashiongold.lt\/lv\/papuosalas\/dzeltena-zelta-elegance-grezna-perlu-10-12-mm-kaklarota-ar-ekskluzivu-dzeltena-zelta-aizdari\/#breadcrumb\"},\"inLanguage\":\"lv-LV\",\"potentialAction\":[{\"@type\":\"ReadAction\",\"target\":[\"https:\/\/fashiongold.lt\/lv\/papuosalas\/dzeltena-zelta-elegance-grezna-perlu-10-12-mm-kaklarota-ar-ekskluzivu-dzeltena-zelta-aizdari\/\"]}]},{\"@type\":\"ImageObject\",\"inLanguage\":\"lv-LV\",\"@id\":\"https:\/\/fashiongold.lt\/lv\/papuosalas\/dzeltena-zelta-elegance-grezna-perlu-10-12-mm-kaklarota-ar-ekskluzivu-dzeltena-zelta-aizdari\/#primaryimage\",\"url\":\"https:\/\/fashiongold.lt\/wp-content\/uploads\/2025\/10\/6392-718-Geltono-aukso-elegancija-Prabangus-perlu-10-12-mm-verinys-su-isskirtiniu-geltono-aukso-uzsegimu.png\",\"contentUrl\":\"https:\/\/fashiongold.lt\/wp-content\/uploads\/2025\/10\/6392-718-Geltono-aukso-elegancija-Prabangus-perlu-10-12-mm-verinys-su-isskirtiniu-geltono-aukso-uzsegimu.png\",\"width\":1000,\"height\":1000},{\"@type\":\"BreadcrumbList\",\"@id\":\"https:\/\/fashiongold.lt\/lv\/papuosalas\/dzeltena-zelta-elegance-grezna-perlu-10-12-mm-kaklarota-ar-ekskluzivu-dzeltena-zelta-aizdari\/#breadcrumb\",\"itemListElement\":[{\"@type\":\"ListItem\",\"position\":1,\"name\":\"Home\",\"item\":\"https:\/\/fashiongold.lt\/lv\/\"},{\"@type\":\"ListItem\",\"position\":2,\"name\":\"Dimantu veikals Fashiongold.lt\",\"item\":\"https:\/\/fashiongold.lt\/shop-2\/\"},{\"@type\":\"ListItem\",\"position\":3,\"name\":\"Dzelten\u0101 zelta elegance \u2013 Grezna p\u0113r\u013cu (10-12 mm) kaklarota ar ekskluz\u012bvu dzelten\u0101 zelta aizdari\"}]},{\"@type\":\"WebSite\",\"@id\":\"https:\/\/fashiongold.lt\/lv\/#website\",\"url\":\"https:\/\/fashiongold.lt\/lv\/\",\"name\":\"Fashion Gold\",\"description\":\"Juvelyrikos namai\",\"publisher\":{\"@id\":\"https:\/\/fashiongold.lt\/lv\/#organization\"},\"potentialAction\":[{\"@type\":\"SearchAction\",\"target\":{\"@type\":\"EntryPoint\",\"urlTemplate\":\"https:\/\/fashiongold.lt\/lv\/?s={search_term_string}\"},\"query-input\":{\"@type\":\"PropertyValueSpecification\",\"valueRequired\":true,\"valueName\":\"search_term_string\"}}],\"inLanguage\":\"lv-LV\"},{\"@type\":\"Organization\",\"@id\":\"https:\/\/fashiongold.lt\/lv\/#organization\",\"name\":\"Topdiamonds Online\",\"url\":\"https:\/\/fashiongold.lt\/lv\/\",\"logo\":{\"@type\":\"ImageObject\",\"inLanguage\":\"lv-LV\",\"@id\":\"https:\/\/fashiongold.lt\/lv\/#\/schema\/logo\/image\/\",\"url\":\"https:\/\/fashiongold.lt\/wp-content\/uploads\/2025\/04\/cropped-fashion_gold_logotipas2-scaled-1.png\",\"contentUrl\":\"https:\/\/fashiongold.lt\/wp-content\/uploads\/2025\/04\/cropped-fashion_gold_logotipas2-scaled-1.png\",\"width\":2559,\"height\":421,\"caption\":\"Topdiamonds Online\"},\"image\":{\"@id\":\"https:\/\/fashiongold.lt\/lv\/#\/schema\/logo\/image\/\"}}]}<\/script>\n<!-- \/ Yoast SEO plugin. -->","yoast_head_json":{"title":"Dzelten\u0101 zelta elegance \u2013 Grezna p\u0113r\u013cu (10-12 mm) kaklarota ar ekskluz\u012bvu dzelten\u0101 zelta aizdari - FashionGold.lt","robots":{"index":"index","follow":"follow","max-snippet":"max-snippet:-1","max-image-preview":"max-image-preview:large","max-video-preview":"max-video-preview:-1"},"canonical":"https:\/\/fashiongold.lt\/lv\/papuosalas\/dzeltena-zelta-elegance-grezna-perlu-10-12-mm-kaklarota-ar-ekskluzivu-dzeltena-zelta-aizdari\/","og_locale":"lv_LV","og_type":"article","og_title":"Dzelten\u0101 zelta elegance \u2013 Grezna p\u0113r\u013cu (10-12 mm) kaklarota ar ekskluz\u012bvu dzelten\u0101 zelta aizdari - FashionGold.lt","og_description":"Greznas 10-12 mm izm\u0113ra sald\u016bdens p\u0113rles, 42 gab. sak\u0101rtotas vien\u0101 kaklarot\u0101 ar ekskluz\u012bvu dzelten\u0101 zelta aizdari. Aizdare no paz\u012bstama it\u0101\u013cu uz\u0146\u0113muma, ar unik\u0101lu dizainu un iztur\u012bbu.\u00a0","og_url":"https:\/\/fashiongold.lt\/lv\/papuosalas\/dzeltena-zelta-elegance-grezna-perlu-10-12-mm-kaklarota-ar-ekskluzivu-dzeltena-zelta-aizdari\/","og_site_name":"FashionGold.lt","og_image":[{"width":1000,"height":1000,"url":"https:\/\/fashiongold.lt\/wp-content\/uploads\/2025\/10\/6392-718-Geltono-aukso-elegancija-Prabangus-perlu-10-12-mm-verinys-su-isskirtiniu-geltono-aukso-uzsegimu.webp","type":"image\/png"}],"twitter_card":"summary_large_image","twitter_misc":{"Est. reading time":"1 minute"},"schema":{"@context":"https:\/\/schema.org","@graph":[{"@type":"WebPage","@id":"https:\/\/fashiongold.lt\/lv\/papuosalas\/dzeltena-zelta-elegance-grezna-perlu-10-12-mm-kaklarota-ar-ekskluzivu-dzeltena-zelta-aizdari\/","url":"https:\/\/fashiongold.lt\/lv\/papuosalas\/dzeltena-zelta-elegance-grezna-perlu-10-12-mm-kaklarota-ar-ekskluzivu-dzeltena-zelta-aizdari\/","name":"Dzelten\u0101 zelta elegance \u2013 Grezna p\u0113r\u013cu (10-12 mm) kaklarota ar ekskluz\u012bvu dzelten\u0101 zelta aizdari - FashionGold.lt","isPartOf":{"@id":"https:\/\/fashiongold.lt\/lv\/#website"},"primaryImageOfPage":{"@id":"https:\/\/fashiongold.lt\/lv\/papuosalas\/dzeltena-zelta-elegance-grezna-perlu-10-12-mm-kaklarota-ar-ekskluzivu-dzeltena-zelta-aizdari\/#primaryimage"},"image":{"@id":"https:\/\/fashiongold.lt\/lv\/papuosalas\/dzeltena-zelta-elegance-grezna-perlu-10-12-mm-kaklarota-ar-ekskluzivu-dzeltena-zelta-aizdari\/#primaryimage"},"thumbnailUrl":"https:\/\/fashiongold.lt\/wp-content\/uploads\/2025\/10\/6392-718-Geltono-aukso-elegancija-Prabangus-perlu-10-12-mm-verinys-su-isskirtiniu-geltono-aukso-uzsegimu.png","datePublished":"2025-10-09T18:14:36+00:00","breadcrumb":{"@id":"https:\/\/fashiongold.lt\/lv\/papuosalas\/dzeltena-zelta-elegance-grezna-perlu-10-12-mm-kaklarota-ar-ekskluzivu-dzeltena-zelta-aizdari\/#breadcrumb"},"inLanguage":"lv-LV","potentialAction":[{"@type":"ReadAction","target":["https:\/\/fashiongold.lt\/lv\/papuosalas\/dzeltena-zelta-elegance-grezna-perlu-10-12-mm-kaklarota-ar-ekskluzivu-dzeltena-zelta-aizdari\/"]}]},{"@type":"ImageObject","inLanguage":"lv-LV","@id":"https:\/\/fashiongold.lt\/lv\/papuosalas\/dzeltena-zelta-elegance-grezna-perlu-10-12-mm-kaklarota-ar-ekskluzivu-dzeltena-zelta-aizdari\/#primaryimage","url":"https:\/\/fashiongold.lt\/wp-content\/uploads\/2025\/10\/6392-718-Geltono-aukso-elegancija-Prabangus-perlu-10-12-mm-verinys-su-isskirtiniu-geltono-aukso-uzsegimu.png","contentUrl":"https:\/\/fashiongold.lt\/wp-content\/uploads\/2025\/10\/6392-718-Geltono-aukso-elegancija-Prabangus-perlu-10-12-mm-verinys-su-isskirtiniu-geltono-aukso-uzsegimu.png","width":1000,"height":1000},{"@type":"BreadcrumbList","@id":"https:\/\/fashiongold.lt\/lv\/papuosalas\/dzeltena-zelta-elegance-grezna-perlu-10-12-mm-kaklarota-ar-ekskluzivu-dzeltena-zelta-aizdari\/#breadcrumb","itemListElement":[{"@type":"ListItem","position":1,"name":"Home","item":"https:\/\/fashiongold.lt\/lv\/"},{"@type":"ListItem","position":2,"name":"Dimantu veikals Fashiongold.lt","item":"https:\/\/fashiongold.lt\/shop-2\/"},{"@type":"ListItem","position":3,"name":"Dzelten\u0101 zelta elegance \u2013 Grezna p\u0113r\u013cu (10-12 mm) kaklarota ar ekskluz\u012bvu dzelten\u0101 zelta aizdari"}]},{"@type":"WebSite","@id":"https:\/\/fashiongold.lt\/lv\/#website","url":"https:\/\/fashiongold.lt\/lv\/","name":"Fashion Gold","description":"Juvelyrikos namai","publisher":{"@id":"https:\/\/fashiongold.lt\/lv\/#organization"},"potentialAction":[{"@type":"SearchAction","target":{"@type":"EntryPoint","urlTemplate":"https:\/\/fashiongold.lt\/lv\/?s={search_term_string}"},"query-input":{"@type":"PropertyValueSpecification","valueRequired":true,"valueName":"search_term_string"}}],"inLanguage":"lv-LV"},{"@type":"Organization","@id":"https:\/\/fashiongold.lt\/lv\/#organization","name":"Topdiamonds Online","url":"https:\/\/fashiongold.lt\/lv\/","logo":{"@type":"ImageObject","inLanguage":"lv-LV","@id":"https:\/\/fashiongold.lt\/lv\/#\/schema\/logo\/image\/","url":"https:\/\/fashiongold.lt\/wp-content\/uploads\/2025\/04\/cropped-fashion_gold_logotipas2-scaled-1.png","contentUrl":"https:\/\/fashiongold.lt\/wp-content\/uploads\/2025\/04\/cropped-fashion_gold_logotipas2-scaled-1.png","width":2559,"height":421,"caption":"Topdiamonds Online"},"image":{"@id":"https:\/\/fashiongold.lt\/lv\/#\/schema\/logo\/image\/"}}]}},"_links":{"self":[{"href":"https:\/\/fashiongold.lt\/lv\/wp-json\/wp\/v2\/product\/288443","targetHints":{"allow":["GET"]}}],"collection":[{"href":"https:\/\/fashiongold.lt\/lv\/wp-json\/wp\/v2\/product"}],"about":[{"href":"https:\/\/fashiongold.lt\/lv\/wp-json\/wp\/v2\/types\/product"}],"version-history":[{"count":0,"href":"https:\/\/fashiongold.lt\/lv\/wp-json\/wp\/v2\/product\/288443\/revisions"}],"wp:featuredmedia":[{"embeddable":true,"href":"https:\/\/fashiongold.lt\/lv\/wp-json\/wp\/v2\/media\/54709"}],"wp:attachment":[{"href":"https:\/\/fashiongold.lt\/lv\/wp-json\/wp\/v2\/media?parent=288443"}],"wp:term":[{"taxonomy":"product_brand","embeddable":true,"href":"https:\/\/fashiongold.lt\/lv\/wp-json\/wp\/v2\/product_brand?post=288443"},{"taxonomy":"product_cat","embeddable":true,"href":"https:\/\/fashiongold.lt\/lv\/wp-json\/wp\/v2\/product_cat?post=288443"},{"taxonomy":"product_tag","embeddable":true,"href":"https:\/\/fashiongold.lt\/lv\/wp-json\/wp\/v2\/product_tag?post=288443"}],"curies":[{"name":"wp","href":"https:\/\/api.w.org\/{rel}","templated":true}]}}