{"id":288453,"date":"2025-10-09T18:14:35","date_gmt":"2025-10-09T18:14:35","guid":{"rendered":"https:\/\/fashiongold.lt\/papuosalas\/modernas-elegances-zime-perlu-kaklarota-9-105-mm-ar-italu-dizaina-balta-zelta-aizdari\/"},"modified":"2025-10-09T18:14:35","modified_gmt":"2025-10-09T18:14:35","slug":"modernas-elegances-zime-perlu-kaklarota-9-105-mm-ar-italu-dizaina-balta-zelta-aizdari","status":"publish","type":"product","link":"https:\/\/fashiongold.lt\/lv\/papuosalas\/modernas-elegances-zime-perlu-kaklarota-9-105-mm-ar-italu-dizaina-balta-zelta-aizdari\/","title":{"rendered":"Modernas elegances z\u012bme \u2013 p\u0113r\u013cu kaklarota (9 &#8211; 10,5 mm) ar it\u0101\u013cu dizaina balt\u0101 zelta aizdari"},"content":{"rendered":"<p>Moderna 9-10,5 mm sald\u016bdens p\u0113r\u013cu kaklarota, 42 gab. ar ekskluz\u012bvu it\u0101\u013cu dizaina balt\u0101 zelta aizdari. Aizdare ir it\u0101\u013cu uz\u0146\u0113muma darbs &#8211; iztur\u012bga un unik\u0101la. &#8220;Fashion Gold&#8221; juvelierizstr\u0101d\u0101jumu nama meistaru rad\u012bt\u0101 p\u0113r\u013cu kaklarota &#8211; modernas elegances z\u012bme.<\/p>\n<p>Juvelierizstr\u0101d\u0101jumu nama &#8220;Fashion Gold&#8221; meistaru rad\u012bta p\u0113r\u013cu kolj\u0113 ar balt\u0101 zelta aizdari. Iespaid\u012bga rota, lieliska d\u0101vana k\u0101z\u0101s, k\u0101zu gadadien\u0101, dzim\u0161anas dien\u0101, Valent\u012bna dien\u0101 vai citos sv\u0113tkos.<\/p>\n<p><span>Aizdare baltais zelts 585 prove<\/span><\/p>\n<p>Dab\u012bgas sald\u016bdens p\u0113rles<span>\u00a0&#8211; 9-10,5 mm, 42 gab.<\/span><\/p>\n<p><span>Garums &#8211; 45 cm<\/span><\/p>\n<p>Kop\u0113jais svars &#8211; 58,8 g<\/p>\n","protected":false},"excerpt":{"rendered":"<p>Moderna 9-10,5 mm sald\u016bdens p\u0113r\u013cu kaklarota, 42 gab. ar it\u0101\u013cu dizaina balt\u0101 zelta aizdari. Unik\u0101la un iztur\u012bga aizdare. &#8220;Fashion Gold&#8221; juvelierizstr\u0101d\u0101jumu nama meistaru darbs &#8211; modernas elegances z\u012bme.<\/p>\n","protected":false},"featured_media":54656,"template":"","meta":{"site-sidebar-layout":"","site-content-layout":"","ast-site-content-layout":"","site-content-style":"","site-sidebar-style":"","ast-global-header-display":"","ast-banner-title-visibility":"","ast-main-header-display":"","ast-hfb-above-header-display":"","ast-hfb-below-header-display":"","ast-hfb-mobile-header-display":"","site-post-title":"","ast-breadcrumbs-content":"","ast-featured-img":"","footer-sml-layout":"","ast-disable-related-posts":"","theme-transparent-header-meta":"","adv-header-id-meta":"","stick-header-meta":"","header-above-stick-meta":"","header-main-stick-meta":"","header-below-stick-meta":"","astra-migrate-meta-layouts":"default","ast-page-background-enabled":"default","ast-page-background-meta":{"desktop":{"background-color":"var(--ast-global-color-4)","background-image":"","background-repeat":"repeat","background-position":"center center","background-size":"auto","background-attachment":"scroll","background-type":"","background-media":"","overlay-type":"","overlay-color":"","overlay-opacity":"","overlay-gradient":""},"tablet":{"background-color":"","background-image":"","background-repeat":"repeat","background-position":"center center","background-size":"auto","background-attachment":"scroll","background-type":"","background-media":"","overlay-type":"","overlay-color":"","overlay-opacity":"","overlay-gradient":""},"mobile":{"background-color":"","background-image":"","background-repeat":"repeat","background-position":"center center","background-size":"auto","background-attachment":"scroll","background-type":"","background-media":"","overlay-type":"","overlay-color":"","overlay-opacity":"","overlay-gradient":""}},"ast-content-background-meta":{"desktop":{"background-color":"var(--ast-global-color-5)","background-image":"","background-repeat":"repeat","background-position":"center center","background-size":"auto","background-attachment":"scroll","background-type":"","background-media":"","overlay-type":"","overlay-color":"","overlay-opacity":"","overlay-gradient":""},"tablet":{"background-color":"var(--ast-global-color-5)","background-image":"","background-repeat":"repeat","background-position":"center center","background-size":"auto","background-attachment":"scroll","background-type":"","background-media":"","overlay-type":"","overlay-color":"","overlay-opacity":"","overlay-gradient":""},"mobile":{"background-color":"var(--ast-global-color-5)","background-image":"","background-repeat":"repeat","background-position":"center center","background-size":"auto","background-attachment":"scroll","background-type":"","background-media":"","overlay-type":"","overlay-color":"","overlay-opacity":"","overlay-gradient":""}}},"product_brand":[],"product_cat":[2919,2915,2913,2921,2920,3403,2916,2914,3042,3401,2922,2982,2936,2918],"product_tag":[],"class_list":{"0":"post-288453","1":"product","2":"type-product","3":"status-publish","4":"has-post-thumbnail","6":"product_cat-baltzelta-rotaslietas","7":"product_cat-davanas-berna-piedzimsanai","8":"product_cat-davanas-dzimsanas-diena","9":"product_cat-davanas-ipasiem-gadijumiem","10":"product_cat-davanas-izlaidumam","11":"product_cat-davanas-kazam","12":"product_cat-davanas-kazu-gadadiena","13":"product_cat-davanas-sievietem","14":"product_cat-juvelierizstradajumi","15":"product_cat-kristibu-davanas","16":"product_cat-mates-dienas-davanas","17":"product_cat-perles-juvelierizstradajumi-ar-perlem","18":"product_cat-valentindienas-davanas","19":"product_cat-ziemassvetku-davanas","20":"desktop-align-center","21":"tablet-align-left","22":"mobile-align-left","23":"ast-product-gallery-layout-horizontal-slider","24":"ast-product-gallery-with-no-image","25":"ast-product-tabs-layout-accordion","26":"ast-qv-on-image","28":"first","29":"instock","30":"taxable","31":"shipping-taxable","32":"purchasable","33":"product-type-simple"},"yoast_head":"<!-- This site is optimized with the Yoast SEO plugin v26.6 - https:\/\/yoast.com\/wordpress\/plugins\/seo\/ -->\n<title>Modernas elegances z\u012bme \u2013 p\u0113r\u013cu kaklarota (9 - 10,5 mm) ar it\u0101\u013cu dizaina balt\u0101 zelta aizdari - FashionGold.lt<\/title>\n<meta name=\"robots\" content=\"index, follow, max-snippet:-1, max-image-preview:large, max-video-preview:-1\" \/>\n<link rel=\"canonical\" href=\"https:\/\/fashiongold.lt\/lv\/papuosalas\/modernas-elegances-zime-perlu-kaklarota-9-105-mm-ar-italu-dizaina-balta-zelta-aizdari\/\" \/>\n<meta property=\"og:locale\" content=\"lv_LV\" \/>\n<meta property=\"og:type\" content=\"article\" \/>\n<meta property=\"og:title\" content=\"Modernas elegances z\u012bme \u2013 p\u0113r\u013cu kaklarota (9 - 10,5 mm) ar it\u0101\u013cu dizaina balt\u0101 zelta aizdari - FashionGold.lt\" \/>\n<meta property=\"og:description\" content=\"Moderna 9-10,5 mm sald\u016bdens p\u0113r\u013cu kaklarota, 42 gab. ar it\u0101\u013cu dizaina balt\u0101 zelta aizdari. Unik\u0101la un iztur\u012bga aizdare. &quot;Fashion Gold&quot; juvelierizstr\u0101d\u0101jumu nama meistaru darbs - modernas elegances z\u012bme.\" \/>\n<meta property=\"og:url\" content=\"https:\/\/fashiongold.lt\/lv\/papuosalas\/modernas-elegances-zime-perlu-kaklarota-9-105-mm-ar-italu-dizaina-balta-zelta-aizdari\/\" \/>\n<meta property=\"og:site_name\" content=\"FashionGold.lt\" \/>\n<meta property=\"og:image\" content=\"https:\/\/fashiongold.lt\/wp-content\/uploads\/2025\/10\/6422-cab-Modernios-elegancijos-zenklas-perlu-verinys.webp\" \/>\n\t<meta property=\"og:image:width\" content=\"1000\" \/>\n\t<meta property=\"og:image:height\" content=\"1000\" \/>\n\t<meta property=\"og:image:type\" content=\"image\/png\" \/>\n<meta name=\"twitter:card\" content=\"summary_large_image\" \/>\n<meta name=\"twitter:label1\" content=\"Est. reading time\" \/>\n\t<meta name=\"twitter:data1\" content=\"1 minute\" \/>\n<script type=\"application\/ld+json\" class=\"yoast-schema-graph\">{\"@context\":\"https:\/\/schema.org\",\"@graph\":[{\"@type\":\"WebPage\",\"@id\":\"https:\/\/fashiongold.lt\/lv\/papuosalas\/modernas-elegances-zime-perlu-kaklarota-9-105-mm-ar-italu-dizaina-balta-zelta-aizdari\/\",\"url\":\"https:\/\/fashiongold.lt\/lv\/papuosalas\/modernas-elegances-zime-perlu-kaklarota-9-105-mm-ar-italu-dizaina-balta-zelta-aizdari\/\",\"name\":\"Modernas elegances z\u012bme \u2013 p\u0113r\u013cu kaklarota (9 - 10,5 mm) ar it\u0101\u013cu dizaina balt\u0101 zelta aizdari - FashionGold.lt\",\"isPartOf\":{\"@id\":\"https:\/\/fashiongold.lt\/lv\/#website\"},\"primaryImageOfPage\":{\"@id\":\"https:\/\/fashiongold.lt\/lv\/papuosalas\/modernas-elegances-zime-perlu-kaklarota-9-105-mm-ar-italu-dizaina-balta-zelta-aizdari\/#primaryimage\"},\"image\":{\"@id\":\"https:\/\/fashiongold.lt\/lv\/papuosalas\/modernas-elegances-zime-perlu-kaklarota-9-105-mm-ar-italu-dizaina-balta-zelta-aizdari\/#primaryimage\"},\"thumbnailUrl\":\"https:\/\/fashiongold.lt\/wp-content\/uploads\/2025\/10\/6422-cab-Modernios-elegancijos-zenklas-perlu-verinys.png\",\"datePublished\":\"2025-10-09T18:14:35+00:00\",\"breadcrumb\":{\"@id\":\"https:\/\/fashiongold.lt\/lv\/papuosalas\/modernas-elegances-zime-perlu-kaklarota-9-105-mm-ar-italu-dizaina-balta-zelta-aizdari\/#breadcrumb\"},\"inLanguage\":\"lv-LV\",\"potentialAction\":[{\"@type\":\"ReadAction\",\"target\":[\"https:\/\/fashiongold.lt\/lv\/papuosalas\/modernas-elegances-zime-perlu-kaklarota-9-105-mm-ar-italu-dizaina-balta-zelta-aizdari\/\"]}]},{\"@type\":\"ImageObject\",\"inLanguage\":\"lv-LV\",\"@id\":\"https:\/\/fashiongold.lt\/lv\/papuosalas\/modernas-elegances-zime-perlu-kaklarota-9-105-mm-ar-italu-dizaina-balta-zelta-aizdari\/#primaryimage\",\"url\":\"https:\/\/fashiongold.lt\/wp-content\/uploads\/2025\/10\/6422-cab-Modernios-elegancijos-zenklas-perlu-verinys.png\",\"contentUrl\":\"https:\/\/fashiongold.lt\/wp-content\/uploads\/2025\/10\/6422-cab-Modernios-elegancijos-zenklas-perlu-verinys.png\",\"width\":1000,\"height\":1000},{\"@type\":\"BreadcrumbList\",\"@id\":\"https:\/\/fashiongold.lt\/lv\/papuosalas\/modernas-elegances-zime-perlu-kaklarota-9-105-mm-ar-italu-dizaina-balta-zelta-aizdari\/#breadcrumb\",\"itemListElement\":[{\"@type\":\"ListItem\",\"position\":1,\"name\":\"Home\",\"item\":\"https:\/\/fashiongold.lt\/lv\/\"},{\"@type\":\"ListItem\",\"position\":2,\"name\":\"Dimantu veikals Fashiongold.lt\",\"item\":\"https:\/\/fashiongold.lt\/shop-2\/\"},{\"@type\":\"ListItem\",\"position\":3,\"name\":\"Modernas elegances z\u012bme \u2013 p\u0113r\u013cu kaklarota (9 &#8211; 10,5 mm) ar it\u0101\u013cu dizaina balt\u0101 zelta aizdari\"}]},{\"@type\":\"WebSite\",\"@id\":\"https:\/\/fashiongold.lt\/lv\/#website\",\"url\":\"https:\/\/fashiongold.lt\/lv\/\",\"name\":\"Fashion Gold\",\"description\":\"Juvelyrikos namai\",\"publisher\":{\"@id\":\"https:\/\/fashiongold.lt\/lv\/#organization\"},\"potentialAction\":[{\"@type\":\"SearchAction\",\"target\":{\"@type\":\"EntryPoint\",\"urlTemplate\":\"https:\/\/fashiongold.lt\/lv\/?s={search_term_string}\"},\"query-input\":{\"@type\":\"PropertyValueSpecification\",\"valueRequired\":true,\"valueName\":\"search_term_string\"}}],\"inLanguage\":\"lv-LV\"},{\"@type\":\"Organization\",\"@id\":\"https:\/\/fashiongold.lt\/lv\/#organization\",\"name\":\"Topdiamonds Online\",\"url\":\"https:\/\/fashiongold.lt\/lv\/\",\"logo\":{\"@type\":\"ImageObject\",\"inLanguage\":\"lv-LV\",\"@id\":\"https:\/\/fashiongold.lt\/lv\/#\/schema\/logo\/image\/\",\"url\":\"https:\/\/fashiongold.lt\/wp-content\/uploads\/2025\/04\/cropped-fashion_gold_logotipas2-scaled-1.png\",\"contentUrl\":\"https:\/\/fashiongold.lt\/wp-content\/uploads\/2025\/04\/cropped-fashion_gold_logotipas2-scaled-1.png\",\"width\":2559,\"height\":421,\"caption\":\"Topdiamonds Online\"},\"image\":{\"@id\":\"https:\/\/fashiongold.lt\/lv\/#\/schema\/logo\/image\/\"}}]}<\/script>\n<!-- \/ Yoast SEO plugin. -->","yoast_head_json":{"title":"Modernas elegances z\u012bme \u2013 p\u0113r\u013cu kaklarota (9 - 10,5 mm) ar it\u0101\u013cu dizaina balt\u0101 zelta aizdari - FashionGold.lt","robots":{"index":"index","follow":"follow","max-snippet":"max-snippet:-1","max-image-preview":"max-image-preview:large","max-video-preview":"max-video-preview:-1"},"canonical":"https:\/\/fashiongold.lt\/lv\/papuosalas\/modernas-elegances-zime-perlu-kaklarota-9-105-mm-ar-italu-dizaina-balta-zelta-aizdari\/","og_locale":"lv_LV","og_type":"article","og_title":"Modernas elegances z\u012bme \u2013 p\u0113r\u013cu kaklarota (9 - 10,5 mm) ar it\u0101\u013cu dizaina balt\u0101 zelta aizdari - FashionGold.lt","og_description":"Moderna 9-10,5 mm sald\u016bdens p\u0113r\u013cu kaklarota, 42 gab. ar it\u0101\u013cu dizaina balt\u0101 zelta aizdari. Unik\u0101la un iztur\u012bga aizdare. \"Fashion Gold\" juvelierizstr\u0101d\u0101jumu nama meistaru darbs - modernas elegances z\u012bme.","og_url":"https:\/\/fashiongold.lt\/lv\/papuosalas\/modernas-elegances-zime-perlu-kaklarota-9-105-mm-ar-italu-dizaina-balta-zelta-aizdari\/","og_site_name":"FashionGold.lt","og_image":[{"width":1000,"height":1000,"url":"https:\/\/fashiongold.lt\/wp-content\/uploads\/2025\/10\/6422-cab-Modernios-elegancijos-zenklas-perlu-verinys.webp","type":"image\/png"}],"twitter_card":"summary_large_image","twitter_misc":{"Est. reading time":"1 minute"},"schema":{"@context":"https:\/\/schema.org","@graph":[{"@type":"WebPage","@id":"https:\/\/fashiongold.lt\/lv\/papuosalas\/modernas-elegances-zime-perlu-kaklarota-9-105-mm-ar-italu-dizaina-balta-zelta-aizdari\/","url":"https:\/\/fashiongold.lt\/lv\/papuosalas\/modernas-elegances-zime-perlu-kaklarota-9-105-mm-ar-italu-dizaina-balta-zelta-aizdari\/","name":"Modernas elegances z\u012bme \u2013 p\u0113r\u013cu kaklarota (9 - 10,5 mm) ar it\u0101\u013cu dizaina balt\u0101 zelta aizdari - FashionGold.lt","isPartOf":{"@id":"https:\/\/fashiongold.lt\/lv\/#website"},"primaryImageOfPage":{"@id":"https:\/\/fashiongold.lt\/lv\/papuosalas\/modernas-elegances-zime-perlu-kaklarota-9-105-mm-ar-italu-dizaina-balta-zelta-aizdari\/#primaryimage"},"image":{"@id":"https:\/\/fashiongold.lt\/lv\/papuosalas\/modernas-elegances-zime-perlu-kaklarota-9-105-mm-ar-italu-dizaina-balta-zelta-aizdari\/#primaryimage"},"thumbnailUrl":"https:\/\/fashiongold.lt\/wp-content\/uploads\/2025\/10\/6422-cab-Modernios-elegancijos-zenklas-perlu-verinys.png","datePublished":"2025-10-09T18:14:35+00:00","breadcrumb":{"@id":"https:\/\/fashiongold.lt\/lv\/papuosalas\/modernas-elegances-zime-perlu-kaklarota-9-105-mm-ar-italu-dizaina-balta-zelta-aizdari\/#breadcrumb"},"inLanguage":"lv-LV","potentialAction":[{"@type":"ReadAction","target":["https:\/\/fashiongold.lt\/lv\/papuosalas\/modernas-elegances-zime-perlu-kaklarota-9-105-mm-ar-italu-dizaina-balta-zelta-aizdari\/"]}]},{"@type":"ImageObject","inLanguage":"lv-LV","@id":"https:\/\/fashiongold.lt\/lv\/papuosalas\/modernas-elegances-zime-perlu-kaklarota-9-105-mm-ar-italu-dizaina-balta-zelta-aizdari\/#primaryimage","url":"https:\/\/fashiongold.lt\/wp-content\/uploads\/2025\/10\/6422-cab-Modernios-elegancijos-zenklas-perlu-verinys.png","contentUrl":"https:\/\/fashiongold.lt\/wp-content\/uploads\/2025\/10\/6422-cab-Modernios-elegancijos-zenklas-perlu-verinys.png","width":1000,"height":1000},{"@type":"BreadcrumbList","@id":"https:\/\/fashiongold.lt\/lv\/papuosalas\/modernas-elegances-zime-perlu-kaklarota-9-105-mm-ar-italu-dizaina-balta-zelta-aizdari\/#breadcrumb","itemListElement":[{"@type":"ListItem","position":1,"name":"Home","item":"https:\/\/fashiongold.lt\/lv\/"},{"@type":"ListItem","position":2,"name":"Dimantu veikals Fashiongold.lt","item":"https:\/\/fashiongold.lt\/shop-2\/"},{"@type":"ListItem","position":3,"name":"Modernas elegances z\u012bme \u2013 p\u0113r\u013cu kaklarota (9 &#8211; 10,5 mm) ar it\u0101\u013cu dizaina balt\u0101 zelta aizdari"}]},{"@type":"WebSite","@id":"https:\/\/fashiongold.lt\/lv\/#website","url":"https:\/\/fashiongold.lt\/lv\/","name":"Fashion Gold","description":"Juvelyrikos namai","publisher":{"@id":"https:\/\/fashiongold.lt\/lv\/#organization"},"potentialAction":[{"@type":"SearchAction","target":{"@type":"EntryPoint","urlTemplate":"https:\/\/fashiongold.lt\/lv\/?s={search_term_string}"},"query-input":{"@type":"PropertyValueSpecification","valueRequired":true,"valueName":"search_term_string"}}],"inLanguage":"lv-LV"},{"@type":"Organization","@id":"https:\/\/fashiongold.lt\/lv\/#organization","name":"Topdiamonds Online","url":"https:\/\/fashiongold.lt\/lv\/","logo":{"@type":"ImageObject","inLanguage":"lv-LV","@id":"https:\/\/fashiongold.lt\/lv\/#\/schema\/logo\/image\/","url":"https:\/\/fashiongold.lt\/wp-content\/uploads\/2025\/04\/cropped-fashion_gold_logotipas2-scaled-1.png","contentUrl":"https:\/\/fashiongold.lt\/wp-content\/uploads\/2025\/04\/cropped-fashion_gold_logotipas2-scaled-1.png","width":2559,"height":421,"caption":"Topdiamonds Online"},"image":{"@id":"https:\/\/fashiongold.lt\/lv\/#\/schema\/logo\/image\/"}}]}},"_links":{"self":[{"href":"https:\/\/fashiongold.lt\/lv\/wp-json\/wp\/v2\/product\/288453","targetHints":{"allow":["GET"]}}],"collection":[{"href":"https:\/\/fashiongold.lt\/lv\/wp-json\/wp\/v2\/product"}],"about":[{"href":"https:\/\/fashiongold.lt\/lv\/wp-json\/wp\/v2\/types\/product"}],"version-history":[{"count":0,"href":"https:\/\/fashiongold.lt\/lv\/wp-json\/wp\/v2\/product\/288453\/revisions"}],"wp:featuredmedia":[{"embeddable":true,"href":"https:\/\/fashiongold.lt\/lv\/wp-json\/wp\/v2\/media\/54656"}],"wp:attachment":[{"href":"https:\/\/fashiongold.lt\/lv\/wp-json\/wp\/v2\/media?parent=288453"}],"wp:term":[{"taxonomy":"product_brand","embeddable":true,"href":"https:\/\/fashiongold.lt\/lv\/wp-json\/wp\/v2\/product_brand?post=288453"},{"taxonomy":"product_cat","embeddable":true,"href":"https:\/\/fashiongold.lt\/lv\/wp-json\/wp\/v2\/product_cat?post=288453"},{"taxonomy":"product_tag","embeddable":true,"href":"https:\/\/fashiongold.lt\/lv\/wp-json\/wp\/v2\/product_tag?post=288453"}],"curies":[{"name":"wp","href":"https:\/\/api.w.org\/{rel}","templated":true}]}}