{"id":288478,"date":"2025-10-09T18:14:10","date_gmt":"2025-10-09T18:14:10","guid":{"rendered":"https:\/\/fashiongold.lt\/papuosalas\/balta-zelta-auskari-ar-juras-perlem-un-dimantiem-akoya-10-mm\/"},"modified":"2025-10-09T18:14:10","modified_gmt":"2025-10-09T18:14:10","slug":"balta-zelta-auskari-ar-juras-perlem-un-dimantiem-akoya-10-mm","status":"publish","type":"product","link":"https:\/\/fashiongold.lt\/lv\/papuosalas\/balta-zelta-auskari-ar-juras-perlem-un-dimantiem-akoya-10-mm\/","title":{"rendered":"Balt\u0101 zelta auskari ar j\u016bras p\u0113rl\u0113m un dimantiem (Akoya, 10 mm)"},"content":{"rendered":"<p>Izsmalcin\u0101ti balt\u0101 zelta auskari ar \u012bstiem dimantiem un j\u016bras Akoya p\u0113rl\u0113m. Akoya p\u0113rles izce\u013cas ar savu kr\u0101su un mirdzumu, ieskautas dimantos k\u0101 lapi\u0146\u0101s, radot unik\u0101lu dizainu. Radiet \u012bpa\u0161u mirkli ar \u0161iem auskariem, kas apbur ar grezn\u012bbu un eleganci!<\/p>\n<p>Unik\u0101li balt\u0101 zelta auskari ar \u012bstiem dimantiem un dab\u012bg\u0101m Akoya p\u0113rl\u0113m. Izsmalcin\u0101ta d\u0101vana, kas apbur ar grezn\u012bbu un eleganci. Radiet \u012bpa\u0161u mirkli ar \u0161iem auskariem!<\/p>\n<p>Juvelierizstr\u0101d\u0101jumu nama \u201eFashion Gold&#8221; meistaru rad\u012bti izsmalcin\u0101ti zelta auskari ar briljantiem un p\u0113rl\u0113m. Iespaid\u012bga rota, kas ir lieliska d\u0101vana k\u0101z\u0101s, k\u0101zu gadadien\u0101, dzim\u0161anas dien\u0101, Valent\u012bna dien\u0101 vai citos sv\u0113tkos. \u00a0<\/p>\n<p>\u2022 Dimanta veids: Dab\u012bgs apa\u013cas formas dimants,\u00a0 \u00a0<\/p>\n<p>\u2022 Dimanta raksturojums: 39 gab. &#8211; 0,015 ct, kr\u0101sa &#8211; STW, dzidrums &#8211; VS-P1<\/p>\n<p>\u2022 P\u0113rles veids: Akoya j\u016bras p\u0113rles\u00a0 \u00a0\u00a0<\/p>\n<p>\u2022 P\u0113rles forma: Apa\u013ca forma (Round cut)\u00a0 \u00a0 \u00a0<\/p>\n<p>\u2022 P\u0113rles raksturojums: 10 mm, AA+ (\u013coti augsta kvalit\u0101te)\u00a0<\/p>\n<p>\u2022 Sertifik\u0101ts: Lietuvas Prove\u0161anas pal\u0101ta (LPR)\u00a0 \u00a0 \u00a0 \u00a0<\/p>\n<p>\u2022 Izstr\u0101d\u0101juma zelts: 14K (585 prove)\u00a0 \u00a0 \u00a0 \u00a0<\/p>\n<p>\u2022 Izstr\u0101d\u0101juma kr\u0101sa: baltais zelts\u00a0 \u00a0 \u00a0 \u00a0<\/p>\n<p>\u2022 Izstr\u0101d\u0101juma svars: 3,51 g\u00a0 \u00a0 \u00a0<\/p>\n<p>\u2022 Izstr\u0101d\u0101juma izm\u0113ri: 11 mm<\/p>\n","protected":false},"excerpt":{"rendered":"<p>Ekskluz\u012bvi balt\u0101 zelta auskari ar \u012bstiem dimantiem un j\u016bras Akoya p\u0113rl\u0113m. Akoya p\u0113rles izce\u013cas ar savu kr\u0101su un mirdzumu, ieskautas dimantos k\u0101 lapi\u0146\u0101s, radot unik\u0101lu dizainu. Radiet \u012bpa\u0161u mirkli ar \u0161iem auskariem, kas apbur ar grezn\u012bbu un eleganci!<\/p>\n","protected":false},"featured_media":54547,"template":"","meta":{"site-sidebar-layout":"","site-content-layout":"","ast-site-content-layout":"","site-content-style":"","site-sidebar-style":"","ast-global-header-display":"","ast-banner-title-visibility":"","ast-main-header-display":"","ast-hfb-above-header-display":"","ast-hfb-below-header-display":"","ast-hfb-mobile-header-display":"","site-post-title":"","ast-breadcrumbs-content":"","ast-featured-img":"","footer-sml-layout":"","ast-disable-related-posts":"","theme-transparent-header-meta":"","adv-header-id-meta":"","stick-header-meta":"","header-above-stick-meta":"","header-main-stick-meta":"","header-below-stick-meta":"","astra-migrate-meta-layouts":"default","ast-page-background-enabled":"default","ast-page-background-meta":{"desktop":{"background-color":"var(--ast-global-color-4)","background-image":"","background-repeat":"repeat","background-position":"center center","background-size":"auto","background-attachment":"scroll","background-type":"","background-media":"","overlay-type":"","overlay-color":"","overlay-opacity":"","overlay-gradient":""},"tablet":{"background-color":"","background-image":"","background-repeat":"repeat","background-position":"center center","background-size":"auto","background-attachment":"scroll","background-type":"","background-media":"","overlay-type":"","overlay-color":"","overlay-opacity":"","overlay-gradient":""},"mobile":{"background-color":"","background-image":"","background-repeat":"repeat","background-position":"center center","background-size":"auto","background-attachment":"scroll","background-type":"","background-media":"","overlay-type":"","overlay-color":"","overlay-opacity":"","overlay-gradient":""}},"ast-content-background-meta":{"desktop":{"background-color":"var(--ast-global-color-5)","background-image":"","background-repeat":"repeat","background-position":"center center","background-size":"auto","background-attachment":"scroll","background-type":"","background-media":"","overlay-type":"","overlay-color":"","overlay-opacity":"","overlay-gradient":""},"tablet":{"background-color":"var(--ast-global-color-5)","background-image":"","background-repeat":"repeat","background-position":"center center","background-size":"auto","background-attachment":"scroll","background-type":"","background-media":"","overlay-type":"","overlay-color":"","overlay-opacity":"","overlay-gradient":""},"mobile":{"background-color":"var(--ast-global-color-5)","background-image":"","background-repeat":"repeat","background-position":"center center","background-size":"auto","background-attachment":"scroll","background-type":"","background-media":"","overlay-type":"","overlay-color":"","overlay-opacity":"","overlay-gradient":""}}},"product_brand":[],"product_cat":[2978,2983,2981,2915,2913,2921,2920,3403,2916,2914,3042,3401,2922,2982,2936,2918],"product_tag":[],"class_list":{"0":"post-288478","1":"product","2":"type-product","3":"status-publish","4":"has-post-thumbnail","6":"product_cat-auskari-ar-dimantiem","7":"product_cat-auskari-ar-perlem","8":"product_cat-auskari-naglinas","9":"product_cat-davanas-berna-piedzimsanai","10":"product_cat-davanas-dzimsanas-diena","11":"product_cat-davanas-ipasiem-gadijumiem","12":"product_cat-davanas-izlaidumam","13":"product_cat-davanas-kazam","14":"product_cat-davanas-kazu-gadadiena","15":"product_cat-davanas-sievietem","16":"product_cat-juvelierizstradajumi","17":"product_cat-kristibu-davanas","18":"product_cat-mates-dienas-davanas","19":"product_cat-perles-juvelierizstradajumi-ar-perlem","20":"product_cat-valentindienas-davanas","21":"product_cat-ziemassvetku-davanas","22":"desktop-align-center","23":"tablet-align-left","24":"mobile-align-left","25":"ast-product-gallery-layout-horizontal-slider","26":"ast-product-gallery-with-no-image","27":"ast-product-tabs-layout-accordion","28":"ast-qv-on-image","30":"first","31":"instock","32":"taxable","33":"shipping-taxable","34":"purchasable","35":"product-type-simple"},"yoast_head":"<!-- This site is optimized with the Yoast SEO plugin v26.6 - https:\/\/yoast.com\/wordpress\/plugins\/seo\/ -->\n<title>Balt\u0101 zelta auskari ar j\u016bras p\u0113rl\u0113m un dimantiem<\/title>\n<meta name=\"description\" content=\"Izsmalcin\u0101ti auskari ar dimantiem un j\u016bras Akoya p\u0113rl\u0113m, kas ietverti dimantos it k\u0101 lapi\u0146\u0101s, radot unik\u0101lu dizainu.\" \/>\n<meta name=\"robots\" content=\"index, follow, max-snippet:-1, max-image-preview:large, max-video-preview:-1\" \/>\n<link rel=\"canonical\" href=\"https:\/\/fashiongold.lt\/lv\/papuosalas\/balta-zelta-auskari-ar-juras-perlem-un-dimantiem-akoya-10-mm\/\" \/>\n<meta property=\"og:locale\" content=\"lv_LV\" \/>\n<meta property=\"og:type\" content=\"article\" \/>\n<meta property=\"og:title\" content=\"Balt\u0101 zelta auskari ar j\u016bras p\u0113rl\u0113m un dimantiem\" \/>\n<meta property=\"og:description\" content=\"Izsmalcin\u0101ti auskari ar dimantiem un j\u016bras Akoya p\u0113rl\u0113m, kas ietverti dimantos it k\u0101 lapi\u0146\u0101s, radot unik\u0101lu dizainu.\" \/>\n<meta property=\"og:url\" content=\"https:\/\/fashiongold.lt\/lv\/papuosalas\/balta-zelta-auskari-ar-juras-perlem-un-dimantiem-akoya-10-mm\/\" \/>\n<meta property=\"og:site_name\" content=\"FashionGold.lt\" \/>\n<meta property=\"og:image\" content=\"https:\/\/fashiongold.lt\/wp-content\/uploads\/2025\/10\/6389-ae4-Balto-aukso-auskarai-su-juriniais-perlais-ir-deimantais.webp\" \/>\n\t<meta property=\"og:image:width\" content=\"1000\" \/>\n\t<meta property=\"og:image:height\" content=\"1000\" \/>\n\t<meta property=\"og:image:type\" content=\"image\/jpeg\" \/>\n<meta name=\"twitter:card\" content=\"summary_large_image\" \/>\n<meta name=\"twitter:label1\" content=\"Est. reading time\" \/>\n\t<meta name=\"twitter:data1\" content=\"1 minute\" \/>\n<script type=\"application\/ld+json\" class=\"yoast-schema-graph\">{\"@context\":\"https:\/\/schema.org\",\"@graph\":[{\"@type\":\"WebPage\",\"@id\":\"https:\/\/fashiongold.lt\/lv\/papuosalas\/balta-zelta-auskari-ar-juras-perlem-un-dimantiem-akoya-10-mm\/\",\"url\":\"https:\/\/fashiongold.lt\/lv\/papuosalas\/balta-zelta-auskari-ar-juras-perlem-un-dimantiem-akoya-10-mm\/\",\"name\":\"Balt\u0101 zelta auskari ar j\u016bras p\u0113rl\u0113m un dimantiem\",\"isPartOf\":{\"@id\":\"https:\/\/fashiongold.lt\/lv\/#website\"},\"primaryImageOfPage\":{\"@id\":\"https:\/\/fashiongold.lt\/lv\/papuosalas\/balta-zelta-auskari-ar-juras-perlem-un-dimantiem-akoya-10-mm\/#primaryimage\"},\"image\":{\"@id\":\"https:\/\/fashiongold.lt\/lv\/papuosalas\/balta-zelta-auskari-ar-juras-perlem-un-dimantiem-akoya-10-mm\/#primaryimage\"},\"thumbnailUrl\":\"https:\/\/fashiongold.lt\/wp-content\/uploads\/2025\/10\/6389-ae4-Balto-aukso-auskarai-su-juriniais-perlais-ir-deimantais.jpg\",\"datePublished\":\"2025-10-09T18:14:10+00:00\",\"description\":\"Izsmalcin\u0101ti auskari ar dimantiem un j\u016bras Akoya p\u0113rl\u0113m, kas ietverti dimantos it k\u0101 lapi\u0146\u0101s, radot unik\u0101lu dizainu.\",\"breadcrumb\":{\"@id\":\"https:\/\/fashiongold.lt\/lv\/papuosalas\/balta-zelta-auskari-ar-juras-perlem-un-dimantiem-akoya-10-mm\/#breadcrumb\"},\"inLanguage\":\"lv-LV\",\"potentialAction\":[{\"@type\":\"ReadAction\",\"target\":[\"https:\/\/fashiongold.lt\/lv\/papuosalas\/balta-zelta-auskari-ar-juras-perlem-un-dimantiem-akoya-10-mm\/\"]}]},{\"@type\":\"ImageObject\",\"inLanguage\":\"lv-LV\",\"@id\":\"https:\/\/fashiongold.lt\/lv\/papuosalas\/balta-zelta-auskari-ar-juras-perlem-un-dimantiem-akoya-10-mm\/#primaryimage\",\"url\":\"https:\/\/fashiongold.lt\/wp-content\/uploads\/2025\/10\/6389-ae4-Balto-aukso-auskarai-su-juriniais-perlais-ir-deimantais.jpg\",\"contentUrl\":\"https:\/\/fashiongold.lt\/wp-content\/uploads\/2025\/10\/6389-ae4-Balto-aukso-auskarai-su-juriniais-perlais-ir-deimantais.jpg\",\"width\":1000,\"height\":1000},{\"@type\":\"BreadcrumbList\",\"@id\":\"https:\/\/fashiongold.lt\/lv\/papuosalas\/balta-zelta-auskari-ar-juras-perlem-un-dimantiem-akoya-10-mm\/#breadcrumb\",\"itemListElement\":[{\"@type\":\"ListItem\",\"position\":1,\"name\":\"Home\",\"item\":\"https:\/\/fashiongold.lt\/lv\/\"},{\"@type\":\"ListItem\",\"position\":2,\"name\":\"Dimantu veikals Fashiongold.lt\",\"item\":\"https:\/\/fashiongold.lt\/shop-2\/\"},{\"@type\":\"ListItem\",\"position\":3,\"name\":\"Balt\u0101 zelta auskari ar j\u016bras p\u0113rl\u0113m un dimantiem (Akoya, 10 mm)\"}]},{\"@type\":\"WebSite\",\"@id\":\"https:\/\/fashiongold.lt\/lv\/#website\",\"url\":\"https:\/\/fashiongold.lt\/lv\/\",\"name\":\"Fashion Gold\",\"description\":\"Juvelyrikos namai\",\"publisher\":{\"@id\":\"https:\/\/fashiongold.lt\/lv\/#organization\"},\"potentialAction\":[{\"@type\":\"SearchAction\",\"target\":{\"@type\":\"EntryPoint\",\"urlTemplate\":\"https:\/\/fashiongold.lt\/lv\/?s={search_term_string}\"},\"query-input\":{\"@type\":\"PropertyValueSpecification\",\"valueRequired\":true,\"valueName\":\"search_term_string\"}}],\"inLanguage\":\"lv-LV\"},{\"@type\":\"Organization\",\"@id\":\"https:\/\/fashiongold.lt\/lv\/#organization\",\"name\":\"Topdiamonds Online\",\"url\":\"https:\/\/fashiongold.lt\/lv\/\",\"logo\":{\"@type\":\"ImageObject\",\"inLanguage\":\"lv-LV\",\"@id\":\"https:\/\/fashiongold.lt\/lv\/#\/schema\/logo\/image\/\",\"url\":\"https:\/\/fashiongold.lt\/wp-content\/uploads\/2025\/04\/cropped-fashion_gold_logotipas2-scaled-1.png\",\"contentUrl\":\"https:\/\/fashiongold.lt\/wp-content\/uploads\/2025\/04\/cropped-fashion_gold_logotipas2-scaled-1.png\",\"width\":2559,\"height\":421,\"caption\":\"Topdiamonds Online\"},\"image\":{\"@id\":\"https:\/\/fashiongold.lt\/lv\/#\/schema\/logo\/image\/\"}}]}<\/script>\n<!-- \/ Yoast SEO plugin. -->","yoast_head_json":{"title":"Balt\u0101 zelta auskari ar j\u016bras p\u0113rl\u0113m un dimantiem","description":"Izsmalcin\u0101ti auskari ar dimantiem un j\u016bras Akoya p\u0113rl\u0113m, kas ietverti dimantos it k\u0101 lapi\u0146\u0101s, radot unik\u0101lu dizainu.","robots":{"index":"index","follow":"follow","max-snippet":"max-snippet:-1","max-image-preview":"max-image-preview:large","max-video-preview":"max-video-preview:-1"},"canonical":"https:\/\/fashiongold.lt\/lv\/papuosalas\/balta-zelta-auskari-ar-juras-perlem-un-dimantiem-akoya-10-mm\/","og_locale":"lv_LV","og_type":"article","og_title":"Balt\u0101 zelta auskari ar j\u016bras p\u0113rl\u0113m un dimantiem","og_description":"Izsmalcin\u0101ti auskari ar dimantiem un j\u016bras Akoya p\u0113rl\u0113m, kas ietverti dimantos it k\u0101 lapi\u0146\u0101s, radot unik\u0101lu dizainu.","og_url":"https:\/\/fashiongold.lt\/lv\/papuosalas\/balta-zelta-auskari-ar-juras-perlem-un-dimantiem-akoya-10-mm\/","og_site_name":"FashionGold.lt","og_image":[{"width":1000,"height":1000,"url":"https:\/\/fashiongold.lt\/wp-content\/uploads\/2025\/10\/6389-ae4-Balto-aukso-auskarai-su-juriniais-perlais-ir-deimantais.webp","type":"image\/jpeg"}],"twitter_card":"summary_large_image","twitter_misc":{"Est. reading time":"1 minute"},"schema":{"@context":"https:\/\/schema.org","@graph":[{"@type":"WebPage","@id":"https:\/\/fashiongold.lt\/lv\/papuosalas\/balta-zelta-auskari-ar-juras-perlem-un-dimantiem-akoya-10-mm\/","url":"https:\/\/fashiongold.lt\/lv\/papuosalas\/balta-zelta-auskari-ar-juras-perlem-un-dimantiem-akoya-10-mm\/","name":"Balt\u0101 zelta auskari ar j\u016bras p\u0113rl\u0113m un dimantiem","isPartOf":{"@id":"https:\/\/fashiongold.lt\/lv\/#website"},"primaryImageOfPage":{"@id":"https:\/\/fashiongold.lt\/lv\/papuosalas\/balta-zelta-auskari-ar-juras-perlem-un-dimantiem-akoya-10-mm\/#primaryimage"},"image":{"@id":"https:\/\/fashiongold.lt\/lv\/papuosalas\/balta-zelta-auskari-ar-juras-perlem-un-dimantiem-akoya-10-mm\/#primaryimage"},"thumbnailUrl":"https:\/\/fashiongold.lt\/wp-content\/uploads\/2025\/10\/6389-ae4-Balto-aukso-auskarai-su-juriniais-perlais-ir-deimantais.jpg","datePublished":"2025-10-09T18:14:10+00:00","description":"Izsmalcin\u0101ti auskari ar dimantiem un j\u016bras Akoya p\u0113rl\u0113m, kas ietverti dimantos it k\u0101 lapi\u0146\u0101s, radot unik\u0101lu dizainu.","breadcrumb":{"@id":"https:\/\/fashiongold.lt\/lv\/papuosalas\/balta-zelta-auskari-ar-juras-perlem-un-dimantiem-akoya-10-mm\/#breadcrumb"},"inLanguage":"lv-LV","potentialAction":[{"@type":"ReadAction","target":["https:\/\/fashiongold.lt\/lv\/papuosalas\/balta-zelta-auskari-ar-juras-perlem-un-dimantiem-akoya-10-mm\/"]}]},{"@type":"ImageObject","inLanguage":"lv-LV","@id":"https:\/\/fashiongold.lt\/lv\/papuosalas\/balta-zelta-auskari-ar-juras-perlem-un-dimantiem-akoya-10-mm\/#primaryimage","url":"https:\/\/fashiongold.lt\/wp-content\/uploads\/2025\/10\/6389-ae4-Balto-aukso-auskarai-su-juriniais-perlais-ir-deimantais.jpg","contentUrl":"https:\/\/fashiongold.lt\/wp-content\/uploads\/2025\/10\/6389-ae4-Balto-aukso-auskarai-su-juriniais-perlais-ir-deimantais.jpg","width":1000,"height":1000},{"@type":"BreadcrumbList","@id":"https:\/\/fashiongold.lt\/lv\/papuosalas\/balta-zelta-auskari-ar-juras-perlem-un-dimantiem-akoya-10-mm\/#breadcrumb","itemListElement":[{"@type":"ListItem","position":1,"name":"Home","item":"https:\/\/fashiongold.lt\/lv\/"},{"@type":"ListItem","position":2,"name":"Dimantu veikals Fashiongold.lt","item":"https:\/\/fashiongold.lt\/shop-2\/"},{"@type":"ListItem","position":3,"name":"Balt\u0101 zelta auskari ar j\u016bras p\u0113rl\u0113m un dimantiem (Akoya, 10 mm)"}]},{"@type":"WebSite","@id":"https:\/\/fashiongold.lt\/lv\/#website","url":"https:\/\/fashiongold.lt\/lv\/","name":"Fashion Gold","description":"Juvelyrikos namai","publisher":{"@id":"https:\/\/fashiongold.lt\/lv\/#organization"},"potentialAction":[{"@type":"SearchAction","target":{"@type":"EntryPoint","urlTemplate":"https:\/\/fashiongold.lt\/lv\/?s={search_term_string}"},"query-input":{"@type":"PropertyValueSpecification","valueRequired":true,"valueName":"search_term_string"}}],"inLanguage":"lv-LV"},{"@type":"Organization","@id":"https:\/\/fashiongold.lt\/lv\/#organization","name":"Topdiamonds Online","url":"https:\/\/fashiongold.lt\/lv\/","logo":{"@type":"ImageObject","inLanguage":"lv-LV","@id":"https:\/\/fashiongold.lt\/lv\/#\/schema\/logo\/image\/","url":"https:\/\/fashiongold.lt\/wp-content\/uploads\/2025\/04\/cropped-fashion_gold_logotipas2-scaled-1.png","contentUrl":"https:\/\/fashiongold.lt\/wp-content\/uploads\/2025\/04\/cropped-fashion_gold_logotipas2-scaled-1.png","width":2559,"height":421,"caption":"Topdiamonds Online"},"image":{"@id":"https:\/\/fashiongold.lt\/lv\/#\/schema\/logo\/image\/"}}]}},"_links":{"self":[{"href":"https:\/\/fashiongold.lt\/lv\/wp-json\/wp\/v2\/product\/288478","targetHints":{"allow":["GET"]}}],"collection":[{"href":"https:\/\/fashiongold.lt\/lv\/wp-json\/wp\/v2\/product"}],"about":[{"href":"https:\/\/fashiongold.lt\/lv\/wp-json\/wp\/v2\/types\/product"}],"version-history":[{"count":0,"href":"https:\/\/fashiongold.lt\/lv\/wp-json\/wp\/v2\/product\/288478\/revisions"}],"wp:featuredmedia":[{"embeddable":true,"href":"https:\/\/fashiongold.lt\/lv\/wp-json\/wp\/v2\/media\/54547"}],"wp:attachment":[{"href":"https:\/\/fashiongold.lt\/lv\/wp-json\/wp\/v2\/media?parent=288478"}],"wp:term":[{"taxonomy":"product_brand","embeddable":true,"href":"https:\/\/fashiongold.lt\/lv\/wp-json\/wp\/v2\/product_brand?post=288478"},{"taxonomy":"product_cat","embeddable":true,"href":"https:\/\/fashiongold.lt\/lv\/wp-json\/wp\/v2\/product_cat?post=288478"},{"taxonomy":"product_tag","embeddable":true,"href":"https:\/\/fashiongold.lt\/lv\/wp-json\/wp\/v2\/product_tag?post=288478"}],"curies":[{"name":"wp","href":"https:\/\/api.w.org\/{rel}","templated":true}]}}