{"id":288523,"date":"2025-10-09T17:56:09","date_gmt":"2025-10-09T17:56:09","guid":{"rendered":"https:\/\/fashiongold.lt\/papuosalas\/saderinasanas-gredzens-saulespuke\/"},"modified":"2025-10-09T17:56:09","modified_gmt":"2025-10-09T17:56:09","slug":"saderinasanas-gredzens-saulespuke","status":"publish","type":"product","link":"https:\/\/fashiongold.lt\/lv\/papuosalas\/saderinasanas-gredzens-saulespuke\/","title":{"rendered":"Saderin\u0101\u0161an\u0101s gredzens \u201eSaulespu\u0137e\u201d"},"content":{"rendered":"<p class=\"MsoNormal\" style=\"margin: 0cm; font-size: 12pt; font-family: 'Times New Roman', serif;\"><o:p><\/o:p><\/p>\n<p><span style=\"font-family: 'Times New Roman', serif; font-size: 12pt; background: #f7f7f8;\">Balt\u0101 <\/span><span lang=\"LT\" style=\"font-family: 'Times New Roman', serif; font-size: 12pt; background: #f7f7f8;\">z<\/span><span style=\"font-family: 'Times New Roman', serif; font-size: 12pt; background: #f7f7f8;\">elt<\/span><span lang=\"LT\" style=\"font-family: 'Times New Roman', serif; font-size: 12pt; background: #f7f7f8;\">a<\/span><span lang=\"LT\" style=\"font-family: 'Times New Roman', serif; font-size: 12pt; background: #f7f7f8;\"> <\/span><span lang=\"LT\" style=\"font-family: 'Times New Roman', serif; font-size: 12pt; background: #f7f7f8;\">sa<\/span><span style=\"font-family: 'Times New Roman', serif; font-size: 12pt; background: #f7f7f8;\">derin\u0101\u0161an\u0101s <\/span><span lang=\"LT\" style=\"font-family: 'Times New Roman', serif; font-size: 12pt; background: #f7f7f8;\">gre<\/span><span style=\"font-family: 'Times New Roman', serif; font-size: 12pt; background: #f7f7f8;\">dzens &#8211; mirdziet m\u012blest\u012bbas gaism\u0101. \u0160is \u012bpa\u0161ais <\/span><span lang=\"LT\" style=\"font-family: 'Times New Roman', serif; font-size: 12pt; background: #f7f7f8;\">sa<\/span><span style=\"font-family: 'Times New Roman', serif; font-size: 12pt; background: #f7f7f8;\">derin\u0101\u0161an\u0101s gredzens, ko sauc par &#8216;Saul\u0117gr\u0105\u017ea&#8217;, atspogu\u013co saules siltumu un ener\u0123iju. Balt\u0101 zelta gredzens ar 0,30 ct dimantu ir rot\u0101ts ar ne p\u0101r\u0101k augstu paceltu kron\u012bti, kura <\/span><span lang=\"LT\" style=\"font-family: 'Times New Roman', serif; font-size: 12pt; background: #f7f7f8;\">s<\/span><span style=\"font-family: 'Times New Roman', serif; font-size: 12pt; background: #f7f7f8;\">e<\/span><span lang=\"LT\" style=\"font-family: 'Times New Roman', serif; font-size: 12pt; background: #f7f7f8;\">\u0161<\/span><span style=\"font-family: 'Times New Roman', serif; font-size: 12pt; background: #f7f7f8;\">as k\u0101ji\u0146as simboliz\u0113 stipr\u012bbu un harmoniju. &#8216;Saul\u0117gr\u0105\u017ea&#8217; ir dz\u012bv\u012bguma un m\u012blest\u012bbas izaugsmes z\u012bme. Tas ir gredzens, kas piesaist\u012bs skatienus un paud\u012bs j\u016bsu m\u012blest\u012bbas lolojumu. Saderin\u0101\u0161an\u0101s gredzens &#8216;Saul\u0117gr\u0105\u017ea&#8217; pie\u0161\u0137irs j\u016bsu rokai \u0161armu un \u012bpa\u0161u noz\u012bmi. \u013baujiet &#8216;Saul\u0117gr\u0105\u017eai&#8217; atspogu\u013c<\/span><span lang=\"LT\" style=\"font-family: 'Times New Roman', serif; font-size: 12pt; background: #f7f7f8;\">ot<\/span><span style=\"font-family: 'Times New Roman', serif; font-size: 12pt; background: #f7f7f8;\"> j\u016bsu m\u012blest\u012bbas gaismu \u012bpa\u0161\u0101 veid\u0101.<\/span><\/p>\n<p>\u201eFashion Gold\u201d juvelierizstr\u0101d\u0101jumu meistaru rad\u012btais saderin\u0101\u0161an\u0101s gredzens ir \u012bpa\u0161i augstas kvalit\u0101tes, ar Lietuvas Proves biroja sertifik\u0101tu par \u012bpa\u0161i pievilc\u012bgu cenu. T\u0101 ir rota, ko var nodot no paaudzes paaudz\u0113 k\u0101 \u0123imenes relikviju, jo ne zelts, ne \u012bsti dimanti nekad nezaud\u0113 savu v\u0113rt\u012bbu. \u0160o zelta gredzenu var pas\u016bt\u012bt gan salon\u0101, gan internet\u0101.\u00a0<\/p>\n<p>Saderin\u0101\u0161an\u0101s gredzena svars &#8211; 2,20-2,60 g<\/p>\n<p>Zelta kr\u0101sa &#8211; balta<\/p>\n<p><span>Briljanta izm\u0113rs &#8211; 0,30 ct, kr\u0101sa H, dzidrums SI<\/span><\/p>\n<p><span>Rotu izgatavosim 14 darba dienu laik\u0101.<\/span><\/p>\n<p><span><span>Saderin\u0101\u0161an\u0101s gredzeni ir viena no \u201eFashion Gold&#8221; darb\u012bbas jom\u0101m. Salon\u0101 atrad\u012bsiet ar\u012b laul\u012bbu gredzenus, rotaslietas sieviet\u0113m, v\u012brie\u0161iem, b\u0113rniem da\u017e\u0101dos gad\u012bjumos, mon\u0113tas, zelta stie\u0146us.<\/span><\/span><\/p>\n<p><span><span>PIED\u0100V\u0100JAM SADERIN\u0100\u0160AN\u0100S GREDZENUS UN CITAS ROTASLIETAS P\u0112C PAS\u016aT\u012aJUMA UN J\u016aSU INDIVIDU\u0100L\u0100M V\u0112LM\u0112M. SAZINIETIES info@fashiongold.lt<\/span><\/span><\/p>\n","protected":false},"excerpt":{"rendered":"<p><span style=\"font-family: 'Times New Roman', serif; font-size: 12pt; background: #f7f7f8;\">Balta zelta gredzens ar 0,30 ct dimantu ir rot\u0101ts ar neaugstu kron\u012bti, kura\u00a0<\/span><span lang=\"LT\" style=\"font-family: 'Times New Roman', serif; font-size: 12pt; background: #f7f7f8;\">s<\/span><span style=\"font-family: 'Times New Roman', serif; font-size: 12pt; background: #f7f7f8;\">e<\/span><span lang=\"LT\" style=\"font-family: 'Times New Roman', serif; font-size: 12pt; background: #f7f7f8;\">\u0161<\/span><span style=\"font-family: 'Times New Roman', serif; font-size: 12pt; background: #f7f7f8;\">as k\u0101ji\u0146as simboliz\u0113 sp\u0113ku un harmoniju. &#8216;Saulespu\u0137e&#8217; ir dz\u012bv\u012bguma un m\u012blest\u012bbas izaugsmes z\u012bme.<\/span><\/p>\n","protected":false},"featured_media":53233,"template":"","meta":{"site-sidebar-layout":"","site-content-layout":"","ast-site-content-layout":"","site-content-style":"","site-sidebar-style":"","ast-global-header-display":"","ast-banner-title-visibility":"","ast-main-header-display":"","ast-hfb-above-header-display":"","ast-hfb-below-header-display":"","ast-hfb-mobile-header-display":"","site-post-title":"","ast-breadcrumbs-content":"","ast-featured-img":"","footer-sml-layout":"","ast-disable-related-posts":"","theme-transparent-header-meta":"","adv-header-id-meta":"","stick-header-meta":"","header-above-stick-meta":"","header-main-stick-meta":"","header-below-stick-meta":"","astra-migrate-meta-layouts":"default","ast-page-background-enabled":"default","ast-page-background-meta":{"desktop":{"background-color":"var(--ast-global-color-4)","background-image":"","background-repeat":"repeat","background-position":"center center","background-size":"auto","background-attachment":"scroll","background-type":"","background-media":"","overlay-type":"","overlay-color":"","overlay-opacity":"","overlay-gradient":""},"tablet":{"background-color":"","background-image":"","background-repeat":"repeat","background-position":"center center","background-size":"auto","background-attachment":"scroll","background-type":"","background-media":"","overlay-type":"","overlay-color":"","overlay-opacity":"","overlay-gradient":""},"mobile":{"background-color":"","background-image":"","background-repeat":"repeat","background-position":"center center","background-size":"auto","background-attachment":"scroll","background-type":"","background-media":"","overlay-type":"","overlay-color":"","overlay-opacity":"","overlay-gradient":""}},"ast-content-background-meta":{"desktop":{"background-color":"var(--ast-global-color-5)","background-image":"","background-repeat":"repeat","background-position":"center center","background-size":"auto","background-attachment":"scroll","background-type":"","background-media":"","overlay-type":"","overlay-color":"","overlay-opacity":"","overlay-gradient":""},"tablet":{"background-color":"var(--ast-global-color-5)","background-image":"","background-repeat":"repeat","background-position":"center center","background-size":"auto","background-attachment":"scroll","background-type":"","background-media":"","overlay-type":"","overlay-color":"","overlay-opacity":"","overlay-gradient":""},"mobile":{"background-color":"var(--ast-global-color-5)","background-image":"","background-repeat":"repeat","background-position":"center center","background-size":"auto","background-attachment":"scroll","background-type":"","background-media":"","overlay-type":"","overlay-color":"","overlay-opacity":"","overlay-gradient":""}}},"product_brand":[],"product_cat":[3481],"product_tag":[],"class_list":{"0":"post-288523","1":"product","2":"type-product","3":"status-publish","4":"has-post-thumbnail","6":"product_cat-izpardosana","7":"desktop-align-center","8":"tablet-align-left","9":"mobile-align-left","10":"ast-product-gallery-layout-horizontal-slider","11":"ast-product-gallery-with-no-image","12":"ast-product-single-variable","13":"ast-product-tabs-layout-accordion","14":"ast-qv-on-image","16":"first","17":"instock","18":"taxable","19":"shipping-taxable","20":"purchasable","21":"product-type-variable"},"yoast_head":"<!-- This site is optimized with the Yoast SEO plugin v26.6 - https:\/\/yoast.com\/wordpress\/plugins\/seo\/ -->\n<title>Saderin\u0101\u0161an\u0101s gredzens \u201eSaulespu\u0137e\u201d - FashionGold.lt<\/title>\n<meta name=\"robots\" content=\"index, follow, max-snippet:-1, max-image-preview:large, max-video-preview:-1\" \/>\n<link rel=\"canonical\" href=\"https:\/\/fashiongold.lt\/lv\/papuosalas\/saderinasanas-gredzens-saulespuke\/\" \/>\n<meta property=\"og:locale\" content=\"lv_LV\" \/>\n<meta property=\"og:type\" content=\"article\" \/>\n<meta property=\"og:title\" content=\"Saderin\u0101\u0161an\u0101s gredzens \u201eSaulespu\u0137e\u201d - FashionGold.lt\" \/>\n<meta property=\"og:description\" content=\"Balta zelta gredzens ar 0,30 ct dimantu ir rot\u0101ts ar neaugstu kron\u012bti, kura\u00a0se\u0161as k\u0101ji\u0146as simboliz\u0113 sp\u0113ku un harmoniju. &#039;Saulespu\u0137e&#039; ir dz\u012bv\u012bguma un m\u012blest\u012bbas izaugsmes z\u012bme.\" \/>\n<meta property=\"og:url\" content=\"https:\/\/fashiongold.lt\/lv\/papuosalas\/saderinasanas-gredzens-saulespuke\/\" \/>\n<meta property=\"og:site_name\" content=\"FashionGold.lt\" \/>\n<meta property=\"og:image\" content=\"https:\/\/fashiongold.lt\/wp-content\/uploads\/2025\/10\/1655-721-Suzadetuviu-ziedas-Saulegraza.webp\" \/>\n\t<meta property=\"og:image:width\" content=\"531\" \/>\n\t<meta property=\"og:image:height\" content=\"480\" \/>\n\t<meta property=\"og:image:type\" content=\"image\/jpeg\" \/>\n<meta name=\"twitter:card\" content=\"summary_large_image\" \/>\n<meta name=\"twitter:label1\" content=\"Est. reading time\" \/>\n\t<meta name=\"twitter:data1\" content=\"1 minute\" \/>\n<script type=\"application\/ld+json\" class=\"yoast-schema-graph\">{\"@context\":\"https:\/\/schema.org\",\"@graph\":[{\"@type\":\"WebPage\",\"@id\":\"https:\/\/fashiongold.lt\/lv\/papuosalas\/saderinasanas-gredzens-saulespuke\/\",\"url\":\"https:\/\/fashiongold.lt\/lv\/papuosalas\/saderinasanas-gredzens-saulespuke\/\",\"name\":\"Saderin\u0101\u0161an\u0101s gredzens \u201eSaulespu\u0137e\u201d - FashionGold.lt\",\"isPartOf\":{\"@id\":\"https:\/\/fashiongold.lt\/lv\/#website\"},\"primaryImageOfPage\":{\"@id\":\"https:\/\/fashiongold.lt\/lv\/papuosalas\/saderinasanas-gredzens-saulespuke\/#primaryimage\"},\"image\":{\"@id\":\"https:\/\/fashiongold.lt\/lv\/papuosalas\/saderinasanas-gredzens-saulespuke\/#primaryimage\"},\"thumbnailUrl\":\"https:\/\/fashiongold.lt\/wp-content\/uploads\/2025\/10\/1655-721-Suzadetuviu-ziedas-Saulegraza.jpg\",\"datePublished\":\"2025-10-09T17:56:09+00:00\",\"breadcrumb\":{\"@id\":\"https:\/\/fashiongold.lt\/lv\/papuosalas\/saderinasanas-gredzens-saulespuke\/#breadcrumb\"},\"inLanguage\":\"lv-LV\",\"potentialAction\":[{\"@type\":\"ReadAction\",\"target\":[\"https:\/\/fashiongold.lt\/lv\/papuosalas\/saderinasanas-gredzens-saulespuke\/\"]}]},{\"@type\":\"ImageObject\",\"inLanguage\":\"lv-LV\",\"@id\":\"https:\/\/fashiongold.lt\/lv\/papuosalas\/saderinasanas-gredzens-saulespuke\/#primaryimage\",\"url\":\"https:\/\/fashiongold.lt\/wp-content\/uploads\/2025\/10\/1655-721-Suzadetuviu-ziedas-Saulegraza.jpg\",\"contentUrl\":\"https:\/\/fashiongold.lt\/wp-content\/uploads\/2025\/10\/1655-721-Suzadetuviu-ziedas-Saulegraza.jpg\",\"width\":531,\"height\":480},{\"@type\":\"BreadcrumbList\",\"@id\":\"https:\/\/fashiongold.lt\/lv\/papuosalas\/saderinasanas-gredzens-saulespuke\/#breadcrumb\",\"itemListElement\":[{\"@type\":\"ListItem\",\"position\":1,\"name\":\"Home\",\"item\":\"https:\/\/fashiongold.lt\/lv\/\"},{\"@type\":\"ListItem\",\"position\":2,\"name\":\"Dimantu veikals Fashiongold.lt\",\"item\":\"https:\/\/fashiongold.lt\/shop-2\/\"},{\"@type\":\"ListItem\",\"position\":3,\"name\":\"Saderin\u0101\u0161an\u0101s gredzens \u201eSaulespu\u0137e\u201d\"}]},{\"@type\":\"WebSite\",\"@id\":\"https:\/\/fashiongold.lt\/lv\/#website\",\"url\":\"https:\/\/fashiongold.lt\/lv\/\",\"name\":\"Fashion Gold\",\"description\":\"Juvelyrikos namai\",\"publisher\":{\"@id\":\"https:\/\/fashiongold.lt\/lv\/#organization\"},\"potentialAction\":[{\"@type\":\"SearchAction\",\"target\":{\"@type\":\"EntryPoint\",\"urlTemplate\":\"https:\/\/fashiongold.lt\/lv\/?s={search_term_string}\"},\"query-input\":{\"@type\":\"PropertyValueSpecification\",\"valueRequired\":true,\"valueName\":\"search_term_string\"}}],\"inLanguage\":\"lv-LV\"},{\"@type\":\"Organization\",\"@id\":\"https:\/\/fashiongold.lt\/lv\/#organization\",\"name\":\"Topdiamonds Online\",\"url\":\"https:\/\/fashiongold.lt\/lv\/\",\"logo\":{\"@type\":\"ImageObject\",\"inLanguage\":\"lv-LV\",\"@id\":\"https:\/\/fashiongold.lt\/lv\/#\/schema\/logo\/image\/\",\"url\":\"https:\/\/fashiongold.lt\/wp-content\/uploads\/2025\/04\/cropped-fashion_gold_logotipas2-scaled-1.png\",\"contentUrl\":\"https:\/\/fashiongold.lt\/wp-content\/uploads\/2025\/04\/cropped-fashion_gold_logotipas2-scaled-1.png\",\"width\":2559,\"height\":421,\"caption\":\"Topdiamonds Online\"},\"image\":{\"@id\":\"https:\/\/fashiongold.lt\/lv\/#\/schema\/logo\/image\/\"}}]}<\/script>\n<!-- \/ Yoast SEO plugin. -->","yoast_head_json":{"title":"Saderin\u0101\u0161an\u0101s gredzens \u201eSaulespu\u0137e\u201d - FashionGold.lt","robots":{"index":"index","follow":"follow","max-snippet":"max-snippet:-1","max-image-preview":"max-image-preview:large","max-video-preview":"max-video-preview:-1"},"canonical":"https:\/\/fashiongold.lt\/lv\/papuosalas\/saderinasanas-gredzens-saulespuke\/","og_locale":"lv_LV","og_type":"article","og_title":"Saderin\u0101\u0161an\u0101s gredzens \u201eSaulespu\u0137e\u201d - FashionGold.lt","og_description":"Balta zelta gredzens ar 0,30 ct dimantu ir rot\u0101ts ar neaugstu kron\u012bti, kura\u00a0se\u0161as k\u0101ji\u0146as simboliz\u0113 sp\u0113ku un harmoniju. 'Saulespu\u0137e' ir dz\u012bv\u012bguma un m\u012blest\u012bbas izaugsmes z\u012bme.","og_url":"https:\/\/fashiongold.lt\/lv\/papuosalas\/saderinasanas-gredzens-saulespuke\/","og_site_name":"FashionGold.lt","og_image":[{"width":531,"height":480,"url":"https:\/\/fashiongold.lt\/wp-content\/uploads\/2025\/10\/1655-721-Suzadetuviu-ziedas-Saulegraza.webp","type":"image\/jpeg"}],"twitter_card":"summary_large_image","twitter_misc":{"Est. reading time":"1 minute"},"schema":{"@context":"https:\/\/schema.org","@graph":[{"@type":"WebPage","@id":"https:\/\/fashiongold.lt\/lv\/papuosalas\/saderinasanas-gredzens-saulespuke\/","url":"https:\/\/fashiongold.lt\/lv\/papuosalas\/saderinasanas-gredzens-saulespuke\/","name":"Saderin\u0101\u0161an\u0101s gredzens \u201eSaulespu\u0137e\u201d - FashionGold.lt","isPartOf":{"@id":"https:\/\/fashiongold.lt\/lv\/#website"},"primaryImageOfPage":{"@id":"https:\/\/fashiongold.lt\/lv\/papuosalas\/saderinasanas-gredzens-saulespuke\/#primaryimage"},"image":{"@id":"https:\/\/fashiongold.lt\/lv\/papuosalas\/saderinasanas-gredzens-saulespuke\/#primaryimage"},"thumbnailUrl":"https:\/\/fashiongold.lt\/wp-content\/uploads\/2025\/10\/1655-721-Suzadetuviu-ziedas-Saulegraza.jpg","datePublished":"2025-10-09T17:56:09+00:00","breadcrumb":{"@id":"https:\/\/fashiongold.lt\/lv\/papuosalas\/saderinasanas-gredzens-saulespuke\/#breadcrumb"},"inLanguage":"lv-LV","potentialAction":[{"@type":"ReadAction","target":["https:\/\/fashiongold.lt\/lv\/papuosalas\/saderinasanas-gredzens-saulespuke\/"]}]},{"@type":"ImageObject","inLanguage":"lv-LV","@id":"https:\/\/fashiongold.lt\/lv\/papuosalas\/saderinasanas-gredzens-saulespuke\/#primaryimage","url":"https:\/\/fashiongold.lt\/wp-content\/uploads\/2025\/10\/1655-721-Suzadetuviu-ziedas-Saulegraza.jpg","contentUrl":"https:\/\/fashiongold.lt\/wp-content\/uploads\/2025\/10\/1655-721-Suzadetuviu-ziedas-Saulegraza.jpg","width":531,"height":480},{"@type":"BreadcrumbList","@id":"https:\/\/fashiongold.lt\/lv\/papuosalas\/saderinasanas-gredzens-saulespuke\/#breadcrumb","itemListElement":[{"@type":"ListItem","position":1,"name":"Home","item":"https:\/\/fashiongold.lt\/lv\/"},{"@type":"ListItem","position":2,"name":"Dimantu veikals Fashiongold.lt","item":"https:\/\/fashiongold.lt\/shop-2\/"},{"@type":"ListItem","position":3,"name":"Saderin\u0101\u0161an\u0101s gredzens \u201eSaulespu\u0137e\u201d"}]},{"@type":"WebSite","@id":"https:\/\/fashiongold.lt\/lv\/#website","url":"https:\/\/fashiongold.lt\/lv\/","name":"Fashion Gold","description":"Juvelyrikos namai","publisher":{"@id":"https:\/\/fashiongold.lt\/lv\/#organization"},"potentialAction":[{"@type":"SearchAction","target":{"@type":"EntryPoint","urlTemplate":"https:\/\/fashiongold.lt\/lv\/?s={search_term_string}"},"query-input":{"@type":"PropertyValueSpecification","valueRequired":true,"valueName":"search_term_string"}}],"inLanguage":"lv-LV"},{"@type":"Organization","@id":"https:\/\/fashiongold.lt\/lv\/#organization","name":"Topdiamonds Online","url":"https:\/\/fashiongold.lt\/lv\/","logo":{"@type":"ImageObject","inLanguage":"lv-LV","@id":"https:\/\/fashiongold.lt\/lv\/#\/schema\/logo\/image\/","url":"https:\/\/fashiongold.lt\/wp-content\/uploads\/2025\/04\/cropped-fashion_gold_logotipas2-scaled-1.png","contentUrl":"https:\/\/fashiongold.lt\/wp-content\/uploads\/2025\/04\/cropped-fashion_gold_logotipas2-scaled-1.png","width":2559,"height":421,"caption":"Topdiamonds Online"},"image":{"@id":"https:\/\/fashiongold.lt\/lv\/#\/schema\/logo\/image\/"}}]}},"_links":{"self":[{"href":"https:\/\/fashiongold.lt\/lv\/wp-json\/wp\/v2\/product\/288523","targetHints":{"allow":["GET"]}}],"collection":[{"href":"https:\/\/fashiongold.lt\/lv\/wp-json\/wp\/v2\/product"}],"about":[{"href":"https:\/\/fashiongold.lt\/lv\/wp-json\/wp\/v2\/types\/product"}],"version-history":[{"count":0,"href":"https:\/\/fashiongold.lt\/lv\/wp-json\/wp\/v2\/product\/288523\/revisions"}],"wp:featuredmedia":[{"embeddable":true,"href":"https:\/\/fashiongold.lt\/lv\/wp-json\/wp\/v2\/media\/53233"}],"wp:attachment":[{"href":"https:\/\/fashiongold.lt\/lv\/wp-json\/wp\/v2\/media?parent=288523"}],"wp:term":[{"taxonomy":"product_brand","embeddable":true,"href":"https:\/\/fashiongold.lt\/lv\/wp-json\/wp\/v2\/product_brand?post=288523"},{"taxonomy":"product_cat","embeddable":true,"href":"https:\/\/fashiongold.lt\/lv\/wp-json\/wp\/v2\/product_cat?post=288523"},{"taxonomy":"product_tag","embeddable":true,"href":"https:\/\/fashiongold.lt\/lv\/wp-json\/wp\/v2\/product_tag?post=288523"}],"curies":[{"name":"wp","href":"https:\/\/api.w.org\/{rel}","templated":true}]}}