{"id":288583,"date":"2025-10-09T17:43:21","date_gmt":"2025-10-09T17:43:21","guid":{"rendered":"https:\/\/fashiongold.lt\/papuosalas\/apzeltits-kulons-engelitis-ar-cirkoniju-no-kolekcijas-baby-fashion-gold\/"},"modified":"2025-10-09T17:43:21","modified_gmt":"2025-10-09T17:43:21","slug":"apzeltits-kulons-engelitis-ar-cirkoniju-no-kolekcijas-baby-fashion-gold","status":"publish","type":"product","link":"https:\/\/fashiongold.lt\/lv\/papuosalas\/apzeltits-kulons-engelitis-ar-cirkoniju-no-kolekcijas-baby-fashion-gold\/","title":{"rendered":"Apzelt\u012bts kulons \u201eE\u0146\u0123el\u012btis\u201d ar cirkoniju no kolekcijas \u201eBaby Fashion Gold\u201d"},"content":{"rendered":"<p>Kolekcijas sauklis ir \u201eSimboli katram gad\u012bjumam\u201d, t\u0101p\u0113c nav j\u0101dom\u0101, vienk\u0101r\u0161i j\u0101izv\u0113las rota un v\u0113lam\u0101 kart\u012bte, kur\u0101 var\u0113siet ierakst\u012bt nov\u0113l\u0113jumu.\u00a0<\/p>\n<p>Sudraba rotaslietu kolekcija izce\u013cas ar savu augsto kvalit\u0101ti, vieglumu un eleganci. T\u0101 var b\u016bt neaizmirstama d\u0101vana jebkur\u0101 gad\u012bjum\u0101, jo rotasliet\u0101m ir da\u017e\u0101da garuma \u0137\u0113d\u012btes, savuk\u0101rt mazie kuloni lieliski piest\u0101v b\u0113rniem un izskat\u0101s \u013coti efekt\u012bgi. T\u0101 ir \u012bpa\u0161i skaista un m\u012b\u013ca rota.<\/p>\n<p>Rotaslieta ir prov\u0113ta Lietuvas Provju biroj\u0101.<\/p>\n<p>Apzelt\u012bts kulons \u201eE\u0146\u0123el\u012btis\u201d ar cirkonija akmenti\u0146u un \u0137\u0113d\u012bte ir izgatavoti no 925. proves sudraba. \u0136\u0113d\u012btes garums ir regul\u0113jams no 43 l\u012bdz 47 cm. Svars \u2013 1,51 g.<\/p><\/p>\n","protected":false},"excerpt":{"rendered":"<p>\u201eBaby Fashion Gold&#8221; kolekcija \u2013 rotaslietas \u012bpa\u0161iem gad\u012bjumiem: pirmajai kom\u016bnijai, krist\u012bb\u0101m, dzim\u0161anas dienai, &#8220;baby shower&#8221; ball\u012btei vai vienk\u0101r\u0161i m\u012blest\u012bbas apliecin\u0101jumam. Cenas no 23 Eur.<\/p>\n","protected":false},"featured_media":51938,"template":"","meta":{"site-sidebar-layout":"","site-content-layout":"","ast-site-content-layout":"","site-content-style":"","site-sidebar-style":"","ast-global-header-display":"","ast-banner-title-visibility":"","ast-main-header-display":"","ast-hfb-above-header-display":"","ast-hfb-below-header-display":"","ast-hfb-mobile-header-display":"","site-post-title":"","ast-breadcrumbs-content":"","ast-featured-img":"","footer-sml-layout":"","ast-disable-related-posts":"","theme-transparent-header-meta":"","adv-header-id-meta":"","stick-header-meta":"","header-above-stick-meta":"","header-main-stick-meta":"","header-below-stick-meta":"","astra-migrate-meta-layouts":"default","ast-page-background-enabled":"default","ast-page-background-meta":{"desktop":{"background-color":"var(--ast-global-color-4)","background-image":"","background-repeat":"repeat","background-position":"center center","background-size":"auto","background-attachment":"scroll","background-type":"","background-media":"","overlay-type":"","overlay-color":"","overlay-opacity":"","overlay-gradient":""},"tablet":{"background-color":"","background-image":"","background-repeat":"repeat","background-position":"center center","background-size":"auto","background-attachment":"scroll","background-type":"","background-media":"","overlay-type":"","overlay-color":"","overlay-opacity":"","overlay-gradient":""},"mobile":{"background-color":"","background-image":"","background-repeat":"repeat","background-position":"center center","background-size":"auto","background-attachment":"scroll","background-type":"","background-media":"","overlay-type":"","overlay-color":"","overlay-opacity":"","overlay-gradient":""}},"ast-content-background-meta":{"desktop":{"background-color":"var(--ast-global-color-5)","background-image":"","background-repeat":"repeat","background-position":"center center","background-size":"auto","background-attachment":"scroll","background-type":"","background-media":"","overlay-type":"","overlay-color":"","overlay-opacity":"","overlay-gradient":""},"tablet":{"background-color":"var(--ast-global-color-5)","background-image":"","background-repeat":"repeat","background-position":"center center","background-size":"auto","background-attachment":"scroll","background-type":"","background-media":"","overlay-type":"","overlay-color":"","overlay-opacity":"","overlay-gradient":""},"mobile":{"background-color":"var(--ast-global-color-5)","background-image":"","background-repeat":"repeat","background-position":"center center","background-size":"auto","background-attachment":"scroll","background-type":"","background-media":"","overlay-type":"","overlay-color":"","overlay-opacity":"","overlay-gradient":""}}},"product_brand":[],"product_cat":[3406,3401],"product_tag":[],"class_list":{"0":"post-288583","1":"product","2":"type-product","3":"status-publish","4":"has-post-thumbnail","6":"product_cat-davana-pirmaja-komunija","7":"product_cat-kristibu-davanas","8":"desktop-align-center","9":"tablet-align-left","10":"mobile-align-left","11":"ast-product-gallery-layout-horizontal-slider","12":"ast-product-gallery-with-no-image","13":"ast-product-tabs-layout-accordion","14":"ast-qv-on-image","16":"first","17":"instock","18":"taxable","19":"shipping-taxable","20":"purchasable","21":"product-type-simple"},"yoast_head":"<!-- This site is optimized with the Yoast SEO plugin v26.6 - https:\/\/yoast.com\/wordpress\/plugins\/seo\/ -->\n<title>Apzelt\u012bts piekari\u0146\u0161 \u201eE\u0146\u0123el\u012btis\u201d ar cirkoniju<\/title>\n<meta name=\"robots\" content=\"index, follow, max-snippet:-1, max-image-preview:large, max-video-preview:-1\" \/>\n<link rel=\"canonical\" href=\"https:\/\/fashiongold.lt\/lv\/papuosalas\/apzeltits-kulons-engelitis-ar-cirkoniju-no-kolekcijas-baby-fashion-gold\/\" \/>\n<meta property=\"og:locale\" content=\"lv_LV\" \/>\n<meta property=\"og:type\" content=\"article\" \/>\n<meta property=\"og:title\" content=\"Apzelt\u012bts piekari\u0146\u0161 \u201eE\u0146\u0123el\u012btis\u201d ar cirkoniju\" \/>\n<meta property=\"og:description\" content=\"\u201eBaby Fashion Gold&quot; kolekcija \u2013 rotaslietas \u012bpa\u0161iem gad\u012bjumiem: pirmajai kom\u016bnijai, krist\u012bb\u0101m, dzim\u0161anas dienai, &quot;baby shower&quot; ball\u012btei vai vienk\u0101r\u0161i m\u012blest\u012bbas apliecin\u0101jumam. Cenas no 23 Eur.\" \/>\n<meta property=\"og:url\" content=\"https:\/\/fashiongold.lt\/lv\/papuosalas\/apzeltits-kulons-engelitis-ar-cirkoniju-no-kolekcijas-baby-fashion-gold\/\" \/>\n<meta property=\"og:site_name\" content=\"FashionGold.lt\" \/>\n<meta property=\"og:image\" content=\"https:\/\/fashiongold.lt\/wp-content\/uploads\/2025\/10\/1564-1c3-Paauksuotas-pakabukas-Angeliukas-su-cirkoniu-is-kolekcijos-Baby-Fashion-Gold-scaled-1.webp\" \/>\n\t<meta property=\"og:image:width\" content=\"2560\" \/>\n\t<meta property=\"og:image:height\" content=\"2338\" \/>\n\t<meta property=\"og:image:type\" content=\"image\/jpeg\" \/>\n<meta name=\"twitter:card\" content=\"summary_large_image\" \/>\n<meta name=\"twitter:label1\" content=\"Est. reading time\" \/>\n\t<meta name=\"twitter:data1\" content=\"1 minute\" \/>\n<script type=\"application\/ld+json\" class=\"yoast-schema-graph\">{\"@context\":\"https:\/\/schema.org\",\"@graph\":[{\"@type\":\"WebPage\",\"@id\":\"https:\/\/fashiongold.lt\/lv\/papuosalas\/apzeltits-kulons-engelitis-ar-cirkoniju-no-kolekcijas-baby-fashion-gold\/\",\"url\":\"https:\/\/fashiongold.lt\/lv\/papuosalas\/apzeltits-kulons-engelitis-ar-cirkoniju-no-kolekcijas-baby-fashion-gold\/\",\"name\":\"Apzelt\u012bts piekari\u0146\u0161 \u201eE\u0146\u0123el\u012btis\u201d ar cirkoniju\",\"isPartOf\":{\"@id\":\"https:\/\/fashiongold.lt\/lv\/#website\"},\"primaryImageOfPage\":{\"@id\":\"https:\/\/fashiongold.lt\/lv\/papuosalas\/apzeltits-kulons-engelitis-ar-cirkoniju-no-kolekcijas-baby-fashion-gold\/#primaryimage\"},\"image\":{\"@id\":\"https:\/\/fashiongold.lt\/lv\/papuosalas\/apzeltits-kulons-engelitis-ar-cirkoniju-no-kolekcijas-baby-fashion-gold\/#primaryimage\"},\"thumbnailUrl\":\"https:\/\/fashiongold.lt\/wp-content\/uploads\/2025\/10\/1564-1c3-Paauksuotas-pakabukas-Angeliukas-su-cirkoniu-is-kolekcijos-Baby-Fashion-Gold-scaled-1.jpg\",\"datePublished\":\"2025-10-09T17:43:21+00:00\",\"breadcrumb\":{\"@id\":\"https:\/\/fashiongold.lt\/lv\/papuosalas\/apzeltits-kulons-engelitis-ar-cirkoniju-no-kolekcijas-baby-fashion-gold\/#breadcrumb\"},\"inLanguage\":\"lv-LV\",\"potentialAction\":[{\"@type\":\"ReadAction\",\"target\":[\"https:\/\/fashiongold.lt\/lv\/papuosalas\/apzeltits-kulons-engelitis-ar-cirkoniju-no-kolekcijas-baby-fashion-gold\/\"]}]},{\"@type\":\"ImageObject\",\"inLanguage\":\"lv-LV\",\"@id\":\"https:\/\/fashiongold.lt\/lv\/papuosalas\/apzeltits-kulons-engelitis-ar-cirkoniju-no-kolekcijas-baby-fashion-gold\/#primaryimage\",\"url\":\"https:\/\/fashiongold.lt\/wp-content\/uploads\/2025\/10\/1564-1c3-Paauksuotas-pakabukas-Angeliukas-su-cirkoniu-is-kolekcijos-Baby-Fashion-Gold-scaled-1.jpg\",\"contentUrl\":\"https:\/\/fashiongold.lt\/wp-content\/uploads\/2025\/10\/1564-1c3-Paauksuotas-pakabukas-Angeliukas-su-cirkoniu-is-kolekcijos-Baby-Fashion-Gold-scaled-1.jpg\",\"width\":2560,\"height\":2338},{\"@type\":\"BreadcrumbList\",\"@id\":\"https:\/\/fashiongold.lt\/lv\/papuosalas\/apzeltits-kulons-engelitis-ar-cirkoniju-no-kolekcijas-baby-fashion-gold\/#breadcrumb\",\"itemListElement\":[{\"@type\":\"ListItem\",\"position\":1,\"name\":\"Home\",\"item\":\"https:\/\/fashiongold.lt\/lv\/\"},{\"@type\":\"ListItem\",\"position\":2,\"name\":\"Dimantu veikals Fashiongold.lt\",\"item\":\"https:\/\/fashiongold.lt\/shop-2\/\"},{\"@type\":\"ListItem\",\"position\":3,\"name\":\"Apzelt\u012bts kulons \u201eE\u0146\u0123el\u012btis\u201d ar cirkoniju no kolekcijas \u201eBaby Fashion Gold\u201d\"}]},{\"@type\":\"WebSite\",\"@id\":\"https:\/\/fashiongold.lt\/lv\/#website\",\"url\":\"https:\/\/fashiongold.lt\/lv\/\",\"name\":\"Fashion Gold\",\"description\":\"Juvelyrikos namai\",\"publisher\":{\"@id\":\"https:\/\/fashiongold.lt\/lv\/#organization\"},\"potentialAction\":[{\"@type\":\"SearchAction\",\"target\":{\"@type\":\"EntryPoint\",\"urlTemplate\":\"https:\/\/fashiongold.lt\/lv\/?s={search_term_string}\"},\"query-input\":{\"@type\":\"PropertyValueSpecification\",\"valueRequired\":true,\"valueName\":\"search_term_string\"}}],\"inLanguage\":\"lv-LV\"},{\"@type\":\"Organization\",\"@id\":\"https:\/\/fashiongold.lt\/lv\/#organization\",\"name\":\"Topdiamonds Online\",\"url\":\"https:\/\/fashiongold.lt\/lv\/\",\"logo\":{\"@type\":\"ImageObject\",\"inLanguage\":\"lv-LV\",\"@id\":\"https:\/\/fashiongold.lt\/lv\/#\/schema\/logo\/image\/\",\"url\":\"https:\/\/fashiongold.lt\/wp-content\/uploads\/2025\/04\/cropped-fashion_gold_logotipas2-scaled-1.png\",\"contentUrl\":\"https:\/\/fashiongold.lt\/wp-content\/uploads\/2025\/04\/cropped-fashion_gold_logotipas2-scaled-1.png\",\"width\":2559,\"height\":421,\"caption\":\"Topdiamonds Online\"},\"image\":{\"@id\":\"https:\/\/fashiongold.lt\/lv\/#\/schema\/logo\/image\/\"}}]}<\/script>\n<!-- \/ Yoast SEO plugin. -->","yoast_head_json":{"title":"Apzelt\u012bts piekari\u0146\u0161 \u201eE\u0146\u0123el\u012btis\u201d ar cirkoniju","robots":{"index":"index","follow":"follow","max-snippet":"max-snippet:-1","max-image-preview":"max-image-preview:large","max-video-preview":"max-video-preview:-1"},"canonical":"https:\/\/fashiongold.lt\/lv\/papuosalas\/apzeltits-kulons-engelitis-ar-cirkoniju-no-kolekcijas-baby-fashion-gold\/","og_locale":"lv_LV","og_type":"article","og_title":"Apzelt\u012bts piekari\u0146\u0161 \u201eE\u0146\u0123el\u012btis\u201d ar cirkoniju","og_description":"\u201eBaby Fashion Gold\" kolekcija \u2013 rotaslietas \u012bpa\u0161iem gad\u012bjumiem: pirmajai kom\u016bnijai, krist\u012bb\u0101m, dzim\u0161anas dienai, \"baby shower\" ball\u012btei vai vienk\u0101r\u0161i m\u012blest\u012bbas apliecin\u0101jumam. Cenas no 23 Eur.","og_url":"https:\/\/fashiongold.lt\/lv\/papuosalas\/apzeltits-kulons-engelitis-ar-cirkoniju-no-kolekcijas-baby-fashion-gold\/","og_site_name":"FashionGold.lt","og_image":[{"width":2560,"height":2338,"url":"https:\/\/fashiongold.lt\/wp-content\/uploads\/2025\/10\/1564-1c3-Paauksuotas-pakabukas-Angeliukas-su-cirkoniu-is-kolekcijos-Baby-Fashion-Gold-scaled-1.webp","type":"image\/jpeg"}],"twitter_card":"summary_large_image","twitter_misc":{"Est. reading time":"1 minute"},"schema":{"@context":"https:\/\/schema.org","@graph":[{"@type":"WebPage","@id":"https:\/\/fashiongold.lt\/lv\/papuosalas\/apzeltits-kulons-engelitis-ar-cirkoniju-no-kolekcijas-baby-fashion-gold\/","url":"https:\/\/fashiongold.lt\/lv\/papuosalas\/apzeltits-kulons-engelitis-ar-cirkoniju-no-kolekcijas-baby-fashion-gold\/","name":"Apzelt\u012bts piekari\u0146\u0161 \u201eE\u0146\u0123el\u012btis\u201d ar cirkoniju","isPartOf":{"@id":"https:\/\/fashiongold.lt\/lv\/#website"},"primaryImageOfPage":{"@id":"https:\/\/fashiongold.lt\/lv\/papuosalas\/apzeltits-kulons-engelitis-ar-cirkoniju-no-kolekcijas-baby-fashion-gold\/#primaryimage"},"image":{"@id":"https:\/\/fashiongold.lt\/lv\/papuosalas\/apzeltits-kulons-engelitis-ar-cirkoniju-no-kolekcijas-baby-fashion-gold\/#primaryimage"},"thumbnailUrl":"https:\/\/fashiongold.lt\/wp-content\/uploads\/2025\/10\/1564-1c3-Paauksuotas-pakabukas-Angeliukas-su-cirkoniu-is-kolekcijos-Baby-Fashion-Gold-scaled-1.jpg","datePublished":"2025-10-09T17:43:21+00:00","breadcrumb":{"@id":"https:\/\/fashiongold.lt\/lv\/papuosalas\/apzeltits-kulons-engelitis-ar-cirkoniju-no-kolekcijas-baby-fashion-gold\/#breadcrumb"},"inLanguage":"lv-LV","potentialAction":[{"@type":"ReadAction","target":["https:\/\/fashiongold.lt\/lv\/papuosalas\/apzeltits-kulons-engelitis-ar-cirkoniju-no-kolekcijas-baby-fashion-gold\/"]}]},{"@type":"ImageObject","inLanguage":"lv-LV","@id":"https:\/\/fashiongold.lt\/lv\/papuosalas\/apzeltits-kulons-engelitis-ar-cirkoniju-no-kolekcijas-baby-fashion-gold\/#primaryimage","url":"https:\/\/fashiongold.lt\/wp-content\/uploads\/2025\/10\/1564-1c3-Paauksuotas-pakabukas-Angeliukas-su-cirkoniu-is-kolekcijos-Baby-Fashion-Gold-scaled-1.jpg","contentUrl":"https:\/\/fashiongold.lt\/wp-content\/uploads\/2025\/10\/1564-1c3-Paauksuotas-pakabukas-Angeliukas-su-cirkoniu-is-kolekcijos-Baby-Fashion-Gold-scaled-1.jpg","width":2560,"height":2338},{"@type":"BreadcrumbList","@id":"https:\/\/fashiongold.lt\/lv\/papuosalas\/apzeltits-kulons-engelitis-ar-cirkoniju-no-kolekcijas-baby-fashion-gold\/#breadcrumb","itemListElement":[{"@type":"ListItem","position":1,"name":"Home","item":"https:\/\/fashiongold.lt\/lv\/"},{"@type":"ListItem","position":2,"name":"Dimantu veikals Fashiongold.lt","item":"https:\/\/fashiongold.lt\/shop-2\/"},{"@type":"ListItem","position":3,"name":"Apzelt\u012bts kulons \u201eE\u0146\u0123el\u012btis\u201d ar cirkoniju no kolekcijas \u201eBaby Fashion Gold\u201d"}]},{"@type":"WebSite","@id":"https:\/\/fashiongold.lt\/lv\/#website","url":"https:\/\/fashiongold.lt\/lv\/","name":"Fashion Gold","description":"Juvelyrikos namai","publisher":{"@id":"https:\/\/fashiongold.lt\/lv\/#organization"},"potentialAction":[{"@type":"SearchAction","target":{"@type":"EntryPoint","urlTemplate":"https:\/\/fashiongold.lt\/lv\/?s={search_term_string}"},"query-input":{"@type":"PropertyValueSpecification","valueRequired":true,"valueName":"search_term_string"}}],"inLanguage":"lv-LV"},{"@type":"Organization","@id":"https:\/\/fashiongold.lt\/lv\/#organization","name":"Topdiamonds Online","url":"https:\/\/fashiongold.lt\/lv\/","logo":{"@type":"ImageObject","inLanguage":"lv-LV","@id":"https:\/\/fashiongold.lt\/lv\/#\/schema\/logo\/image\/","url":"https:\/\/fashiongold.lt\/wp-content\/uploads\/2025\/04\/cropped-fashion_gold_logotipas2-scaled-1.png","contentUrl":"https:\/\/fashiongold.lt\/wp-content\/uploads\/2025\/04\/cropped-fashion_gold_logotipas2-scaled-1.png","width":2559,"height":421,"caption":"Topdiamonds Online"},"image":{"@id":"https:\/\/fashiongold.lt\/lv\/#\/schema\/logo\/image\/"}}]}},"_links":{"self":[{"href":"https:\/\/fashiongold.lt\/lv\/wp-json\/wp\/v2\/product\/288583","targetHints":{"allow":["GET"]}}],"collection":[{"href":"https:\/\/fashiongold.lt\/lv\/wp-json\/wp\/v2\/product"}],"about":[{"href":"https:\/\/fashiongold.lt\/lv\/wp-json\/wp\/v2\/types\/product"}],"version-history":[{"count":0,"href":"https:\/\/fashiongold.lt\/lv\/wp-json\/wp\/v2\/product\/288583\/revisions"}],"wp:featuredmedia":[{"embeddable":true,"href":"https:\/\/fashiongold.lt\/lv\/wp-json\/wp\/v2\/media\/51938"}],"wp:attachment":[{"href":"https:\/\/fashiongold.lt\/lv\/wp-json\/wp\/v2\/media?parent=288583"}],"wp:term":[{"taxonomy":"product_brand","embeddable":true,"href":"https:\/\/fashiongold.lt\/lv\/wp-json\/wp\/v2\/product_brand?post=288583"},{"taxonomy":"product_cat","embeddable":true,"href":"https:\/\/fashiongold.lt\/lv\/wp-json\/wp\/v2\/product_cat?post=288583"},{"taxonomy":"product_tag","embeddable":true,"href":"https:\/\/fashiongold.lt\/lv\/wp-json\/wp\/v2\/product_tag?post=288583"}],"curies":[{"name":"wp","href":"https:\/\/api.w.org\/{rel}","templated":true}]}}