{"id":288643,"date":"2025-10-09T17:38:13","date_gmt":"2025-10-09T17:38:13","guid":{"rendered":"https:\/\/fashiongold.lt\/papuosalas\/zelta-auskari-ar-briljantiem-dimanta-lasites\/"},"modified":"2025-10-09T17:38:13","modified_gmt":"2025-10-09T17:38:13","slug":"zelta-auskari-ar-briljantiem-dimanta-lasites","status":"publish","type":"product","link":"https:\/\/fashiongold.lt\/lv\/papuosalas\/zelta-auskari-ar-briljantiem-dimanta-lasites\/","title":{"rendered":"Zelta auskari ar briljantiem \u201eDimanta l\u0101s\u012btes\u201d"},"content":{"rendered":"<p>Zelta prove &#8211; 750<\/p>\n<p><span>Svars aptuveni 3,00 g <\/span><\/p>\n<p><span>Briljanti &#8211; 2 gab. kop\u0113jais svars 0,52 ct kr\u0101sa RW (G), dzidrums VS-SI<\/span><\/p>\n<p>1 p\u0101ris ir pieejams salon\u0101, t\u0101p\u0113c varam to izs\u016bt\u012bt vai varat to sa\u0146emt uzreiz. <\/p>\n","protected":false},"excerpt":{"rendered":"<p>Balt\u0101 zelta auskari ar \u012bstiem dimantiem<\/p>\n","protected":false},"featured_media":51010,"template":"","meta":{"site-sidebar-layout":"","site-content-layout":"","ast-site-content-layout":"","site-content-style":"","site-sidebar-style":"","ast-global-header-display":"","ast-banner-title-visibility":"","ast-main-header-display":"","ast-hfb-above-header-display":"","ast-hfb-below-header-display":"","ast-hfb-mobile-header-display":"","site-post-title":"","ast-breadcrumbs-content":"","ast-featured-img":"","footer-sml-layout":"","ast-disable-related-posts":"","theme-transparent-header-meta":"","adv-header-id-meta":"","stick-header-meta":"","header-above-stick-meta":"","header-main-stick-meta":"","header-below-stick-meta":"","astra-migrate-meta-layouts":"default","ast-page-background-enabled":"default","ast-page-background-meta":{"desktop":{"background-color":"var(--ast-global-color-4)","background-image":"","background-repeat":"repeat","background-position":"center center","background-size":"auto","background-attachment":"scroll","background-type":"","background-media":"","overlay-type":"","overlay-color":"","overlay-opacity":"","overlay-gradient":""},"tablet":{"background-color":"","background-image":"","background-repeat":"repeat","background-position":"center center","background-size":"auto","background-attachment":"scroll","background-type":"","background-media":"","overlay-type":"","overlay-color":"","overlay-opacity":"","overlay-gradient":""},"mobile":{"background-color":"","background-image":"","background-repeat":"repeat","background-position":"center center","background-size":"auto","background-attachment":"scroll","background-type":"","background-media":"","overlay-type":"","overlay-color":"","overlay-opacity":"","overlay-gradient":""}},"ast-content-background-meta":{"desktop":{"background-color":"var(--ast-global-color-5)","background-image":"","background-repeat":"repeat","background-position":"center center","background-size":"auto","background-attachment":"scroll","background-type":"","background-media":"","overlay-type":"","overlay-color":"","overlay-opacity":"","overlay-gradient":""},"tablet":{"background-color":"var(--ast-global-color-5)","background-image":"","background-repeat":"repeat","background-position":"center center","background-size":"auto","background-attachment":"scroll","background-type":"","background-media":"","overlay-type":"","overlay-color":"","overlay-opacity":"","overlay-gradient":""},"mobile":{"background-color":"var(--ast-global-color-5)","background-image":"","background-repeat":"repeat","background-position":"center center","background-size":"auto","background-attachment":"scroll","background-type":"","background-media":"","overlay-type":"","overlay-color":"","overlay-opacity":"","overlay-gradient":""}}},"product_brand":[],"product_cat":[2978,3405,2981,3406,2915,2913,2921,2920,3403,2916,2914,3042,3401,2922,2936,2918],"product_tag":[],"class_list":{"0":"post-288643","1":"product","2":"type-product","3":"status-publish","4":"has-post-thumbnail","6":"product_cat-auskari-ar-dimantiem","7":"product_cat-auskari-meitenem-bernu-auskari","8":"product_cat-auskari-naglinas","9":"product_cat-davana-pirmaja-komunija","10":"product_cat-davanas-berna-piedzimsanai","11":"product_cat-davanas-dzimsanas-diena","12":"product_cat-davanas-ipasiem-gadijumiem","13":"product_cat-davanas-izlaidumam","14":"product_cat-davanas-kazam","15":"product_cat-davanas-kazu-gadadiena","16":"product_cat-davanas-sievietem","17":"product_cat-juvelierizstradajumi","18":"product_cat-kristibu-davanas","19":"product_cat-mates-dienas-davanas","20":"product_cat-valentindienas-davanas","21":"product_cat-ziemassvetku-davanas","22":"desktop-align-center","23":"tablet-align-left","24":"mobile-align-left","25":"ast-product-gallery-layout-horizontal-slider","26":"ast-product-gallery-with-no-image","27":"ast-product-tabs-layout-accordion","28":"ast-qv-on-image","30":"first","31":"instock","32":"taxable","33":"shipping-taxable","34":"purchasable","35":"product-type-simple"},"yoast_head":"<!-- This site is optimized with the Yoast SEO plugin v26.6 - https:\/\/yoast.com\/wordpress\/plugins\/seo\/ -->\n<title>Zelta auskari ar briljantiem \u201eDimanta l\u0101s\u012btes\u201c<\/title>\n<meta name=\"description\" content=\"Zelta auskari ar briljantiem \u201eDimanta l\u0101s\u012btes\u201c, dimanti, zelts, auskari, d\u0101vana sievietei, zelta rotaslietas, zelts, briljanti, juvelierizstr\u0101d\u0101jumi\" \/>\n<meta name=\"robots\" content=\"index, follow, max-snippet:-1, max-image-preview:large, max-video-preview:-1\" \/>\n<link rel=\"canonical\" href=\"https:\/\/fashiongold.lt\/lv\/papuosalas\/zelta-auskari-ar-briljantiem-dimanta-lasites\/\" \/>\n<meta property=\"og:locale\" content=\"lv_LV\" \/>\n<meta property=\"og:type\" content=\"article\" \/>\n<meta property=\"og:title\" content=\"Zelta auskari ar briljantiem \u201eDimanta l\u0101s\u012btes\u201c\" \/>\n<meta property=\"og:description\" content=\"Zelta auskari ar briljantiem \u201eDimanta l\u0101s\u012btes\u201c, dimanti, zelts, auskari, d\u0101vana sievietei, zelta rotaslietas, zelts, briljanti, juvelierizstr\u0101d\u0101jumi\" \/>\n<meta property=\"og:url\" content=\"https:\/\/fashiongold.lt\/lv\/papuosalas\/zelta-auskari-ar-briljantiem-dimanta-lasites\/\" \/>\n<meta property=\"og:site_name\" content=\"FashionGold.lt\" \/>\n<meta property=\"og:image\" content=\"https:\/\/fashiongold.lt\/wp-content\/uploads\/2025\/10\/1414-4ed-Auksiniai-auskarai-su-briliantais-Deimantiniai-laseliai.webp\" \/>\n\t<meta property=\"og:image:width\" content=\"2477\" \/>\n\t<meta property=\"og:image:height\" content=\"2435\" \/>\n\t<meta property=\"og:image:type\" content=\"image\/jpeg\" \/>\n<meta name=\"twitter:card\" content=\"summary_large_image\" \/>\n<script type=\"application\/ld+json\" class=\"yoast-schema-graph\">{\"@context\":\"https:\/\/schema.org\",\"@graph\":[{\"@type\":\"WebPage\",\"@id\":\"https:\/\/fashiongold.lt\/lv\/papuosalas\/zelta-auskari-ar-briljantiem-dimanta-lasites\/\",\"url\":\"https:\/\/fashiongold.lt\/lv\/papuosalas\/zelta-auskari-ar-briljantiem-dimanta-lasites\/\",\"name\":\"Zelta auskari ar briljantiem \u201eDimanta l\u0101s\u012btes\u201c\",\"isPartOf\":{\"@id\":\"https:\/\/fashiongold.lt\/lv\/#website\"},\"primaryImageOfPage\":{\"@id\":\"https:\/\/fashiongold.lt\/lv\/papuosalas\/zelta-auskari-ar-briljantiem-dimanta-lasites\/#primaryimage\"},\"image\":{\"@id\":\"https:\/\/fashiongold.lt\/lv\/papuosalas\/zelta-auskari-ar-briljantiem-dimanta-lasites\/#primaryimage\"},\"thumbnailUrl\":\"https:\/\/fashiongold.lt\/wp-content\/uploads\/2025\/10\/1414-4ed-Auksiniai-auskarai-su-briliantais-Deimantiniai-laseliai.jpg\",\"datePublished\":\"2025-10-09T17:38:13+00:00\",\"description\":\"Zelta auskari ar briljantiem \u201eDimanta l\u0101s\u012btes\u201c, dimanti, zelts, auskari, d\u0101vana sievietei, zelta rotaslietas, zelts, briljanti, juvelierizstr\u0101d\u0101jumi\",\"breadcrumb\":{\"@id\":\"https:\/\/fashiongold.lt\/lv\/papuosalas\/zelta-auskari-ar-briljantiem-dimanta-lasites\/#breadcrumb\"},\"inLanguage\":\"lv-LV\",\"potentialAction\":[{\"@type\":\"ReadAction\",\"target\":[\"https:\/\/fashiongold.lt\/lv\/papuosalas\/zelta-auskari-ar-briljantiem-dimanta-lasites\/\"]}]},{\"@type\":\"ImageObject\",\"inLanguage\":\"lv-LV\",\"@id\":\"https:\/\/fashiongold.lt\/lv\/papuosalas\/zelta-auskari-ar-briljantiem-dimanta-lasites\/#primaryimage\",\"url\":\"https:\/\/fashiongold.lt\/wp-content\/uploads\/2025\/10\/1414-4ed-Auksiniai-auskarai-su-briliantais-Deimantiniai-laseliai.jpg\",\"contentUrl\":\"https:\/\/fashiongold.lt\/wp-content\/uploads\/2025\/10\/1414-4ed-Auksiniai-auskarai-su-briliantais-Deimantiniai-laseliai.jpg\",\"width\":2477,\"height\":2435},{\"@type\":\"BreadcrumbList\",\"@id\":\"https:\/\/fashiongold.lt\/lv\/papuosalas\/zelta-auskari-ar-briljantiem-dimanta-lasites\/#breadcrumb\",\"itemListElement\":[{\"@type\":\"ListItem\",\"position\":1,\"name\":\"Home\",\"item\":\"https:\/\/fashiongold.lt\/lv\/\"},{\"@type\":\"ListItem\",\"position\":2,\"name\":\"Dimantu veikals Fashiongold.lt\",\"item\":\"https:\/\/fashiongold.lt\/shop-2\/\"},{\"@type\":\"ListItem\",\"position\":3,\"name\":\"Zelta auskari ar briljantiem \u201eDimanta l\u0101s\u012btes\u201d\"}]},{\"@type\":\"WebSite\",\"@id\":\"https:\/\/fashiongold.lt\/lv\/#website\",\"url\":\"https:\/\/fashiongold.lt\/lv\/\",\"name\":\"Fashion Gold\",\"description\":\"Juvelyrikos namai\",\"publisher\":{\"@id\":\"https:\/\/fashiongold.lt\/lv\/#organization\"},\"potentialAction\":[{\"@type\":\"SearchAction\",\"target\":{\"@type\":\"EntryPoint\",\"urlTemplate\":\"https:\/\/fashiongold.lt\/lv\/?s={search_term_string}\"},\"query-input\":{\"@type\":\"PropertyValueSpecification\",\"valueRequired\":true,\"valueName\":\"search_term_string\"}}],\"inLanguage\":\"lv-LV\"},{\"@type\":\"Organization\",\"@id\":\"https:\/\/fashiongold.lt\/lv\/#organization\",\"name\":\"Topdiamonds Online\",\"url\":\"https:\/\/fashiongold.lt\/lv\/\",\"logo\":{\"@type\":\"ImageObject\",\"inLanguage\":\"lv-LV\",\"@id\":\"https:\/\/fashiongold.lt\/lv\/#\/schema\/logo\/image\/\",\"url\":\"https:\/\/fashiongold.lt\/wp-content\/uploads\/2025\/04\/cropped-fashion_gold_logotipas2-scaled-1.png\",\"contentUrl\":\"https:\/\/fashiongold.lt\/wp-content\/uploads\/2025\/04\/cropped-fashion_gold_logotipas2-scaled-1.png\",\"width\":2559,\"height\":421,\"caption\":\"Topdiamonds Online\"},\"image\":{\"@id\":\"https:\/\/fashiongold.lt\/lv\/#\/schema\/logo\/image\/\"}}]}<\/script>\n<!-- \/ Yoast SEO plugin. -->","yoast_head_json":{"title":"Zelta auskari ar briljantiem \u201eDimanta l\u0101s\u012btes\u201c","description":"Zelta auskari ar briljantiem \u201eDimanta l\u0101s\u012btes\u201c, dimanti, zelts, auskari, d\u0101vana sievietei, zelta rotaslietas, zelts, briljanti, juvelierizstr\u0101d\u0101jumi","robots":{"index":"index","follow":"follow","max-snippet":"max-snippet:-1","max-image-preview":"max-image-preview:large","max-video-preview":"max-video-preview:-1"},"canonical":"https:\/\/fashiongold.lt\/lv\/papuosalas\/zelta-auskari-ar-briljantiem-dimanta-lasites\/","og_locale":"lv_LV","og_type":"article","og_title":"Zelta auskari ar briljantiem \u201eDimanta l\u0101s\u012btes\u201c","og_description":"Zelta auskari ar briljantiem \u201eDimanta l\u0101s\u012btes\u201c, dimanti, zelts, auskari, d\u0101vana sievietei, zelta rotaslietas, zelts, briljanti, juvelierizstr\u0101d\u0101jumi","og_url":"https:\/\/fashiongold.lt\/lv\/papuosalas\/zelta-auskari-ar-briljantiem-dimanta-lasites\/","og_site_name":"FashionGold.lt","og_image":[{"width":2477,"height":2435,"url":"https:\/\/fashiongold.lt\/wp-content\/uploads\/2025\/10\/1414-4ed-Auksiniai-auskarai-su-briliantais-Deimantiniai-laseliai.webp","type":"image\/jpeg"}],"twitter_card":"summary_large_image","schema":{"@context":"https:\/\/schema.org","@graph":[{"@type":"WebPage","@id":"https:\/\/fashiongold.lt\/lv\/papuosalas\/zelta-auskari-ar-briljantiem-dimanta-lasites\/","url":"https:\/\/fashiongold.lt\/lv\/papuosalas\/zelta-auskari-ar-briljantiem-dimanta-lasites\/","name":"Zelta auskari ar briljantiem \u201eDimanta l\u0101s\u012btes\u201c","isPartOf":{"@id":"https:\/\/fashiongold.lt\/lv\/#website"},"primaryImageOfPage":{"@id":"https:\/\/fashiongold.lt\/lv\/papuosalas\/zelta-auskari-ar-briljantiem-dimanta-lasites\/#primaryimage"},"image":{"@id":"https:\/\/fashiongold.lt\/lv\/papuosalas\/zelta-auskari-ar-briljantiem-dimanta-lasites\/#primaryimage"},"thumbnailUrl":"https:\/\/fashiongold.lt\/wp-content\/uploads\/2025\/10\/1414-4ed-Auksiniai-auskarai-su-briliantais-Deimantiniai-laseliai.jpg","datePublished":"2025-10-09T17:38:13+00:00","description":"Zelta auskari ar briljantiem \u201eDimanta l\u0101s\u012btes\u201c, dimanti, zelts, auskari, d\u0101vana sievietei, zelta rotaslietas, zelts, briljanti, juvelierizstr\u0101d\u0101jumi","breadcrumb":{"@id":"https:\/\/fashiongold.lt\/lv\/papuosalas\/zelta-auskari-ar-briljantiem-dimanta-lasites\/#breadcrumb"},"inLanguage":"lv-LV","potentialAction":[{"@type":"ReadAction","target":["https:\/\/fashiongold.lt\/lv\/papuosalas\/zelta-auskari-ar-briljantiem-dimanta-lasites\/"]}]},{"@type":"ImageObject","inLanguage":"lv-LV","@id":"https:\/\/fashiongold.lt\/lv\/papuosalas\/zelta-auskari-ar-briljantiem-dimanta-lasites\/#primaryimage","url":"https:\/\/fashiongold.lt\/wp-content\/uploads\/2025\/10\/1414-4ed-Auksiniai-auskarai-su-briliantais-Deimantiniai-laseliai.jpg","contentUrl":"https:\/\/fashiongold.lt\/wp-content\/uploads\/2025\/10\/1414-4ed-Auksiniai-auskarai-su-briliantais-Deimantiniai-laseliai.jpg","width":2477,"height":2435},{"@type":"BreadcrumbList","@id":"https:\/\/fashiongold.lt\/lv\/papuosalas\/zelta-auskari-ar-briljantiem-dimanta-lasites\/#breadcrumb","itemListElement":[{"@type":"ListItem","position":1,"name":"Home","item":"https:\/\/fashiongold.lt\/lv\/"},{"@type":"ListItem","position":2,"name":"Dimantu veikals Fashiongold.lt","item":"https:\/\/fashiongold.lt\/shop-2\/"},{"@type":"ListItem","position":3,"name":"Zelta auskari ar briljantiem \u201eDimanta l\u0101s\u012btes\u201d"}]},{"@type":"WebSite","@id":"https:\/\/fashiongold.lt\/lv\/#website","url":"https:\/\/fashiongold.lt\/lv\/","name":"Fashion Gold","description":"Juvelyrikos namai","publisher":{"@id":"https:\/\/fashiongold.lt\/lv\/#organization"},"potentialAction":[{"@type":"SearchAction","target":{"@type":"EntryPoint","urlTemplate":"https:\/\/fashiongold.lt\/lv\/?s={search_term_string}"},"query-input":{"@type":"PropertyValueSpecification","valueRequired":true,"valueName":"search_term_string"}}],"inLanguage":"lv-LV"},{"@type":"Organization","@id":"https:\/\/fashiongold.lt\/lv\/#organization","name":"Topdiamonds Online","url":"https:\/\/fashiongold.lt\/lv\/","logo":{"@type":"ImageObject","inLanguage":"lv-LV","@id":"https:\/\/fashiongold.lt\/lv\/#\/schema\/logo\/image\/","url":"https:\/\/fashiongold.lt\/wp-content\/uploads\/2025\/04\/cropped-fashion_gold_logotipas2-scaled-1.png","contentUrl":"https:\/\/fashiongold.lt\/wp-content\/uploads\/2025\/04\/cropped-fashion_gold_logotipas2-scaled-1.png","width":2559,"height":421,"caption":"Topdiamonds Online"},"image":{"@id":"https:\/\/fashiongold.lt\/lv\/#\/schema\/logo\/image\/"}}]}},"_links":{"self":[{"href":"https:\/\/fashiongold.lt\/lv\/wp-json\/wp\/v2\/product\/288643","targetHints":{"allow":["GET"]}}],"collection":[{"href":"https:\/\/fashiongold.lt\/lv\/wp-json\/wp\/v2\/product"}],"about":[{"href":"https:\/\/fashiongold.lt\/lv\/wp-json\/wp\/v2\/types\/product"}],"version-history":[{"count":0,"href":"https:\/\/fashiongold.lt\/lv\/wp-json\/wp\/v2\/product\/288643\/revisions"}],"wp:featuredmedia":[{"embeddable":true,"href":"https:\/\/fashiongold.lt\/lv\/wp-json\/wp\/v2\/media\/51010"}],"wp:attachment":[{"href":"https:\/\/fashiongold.lt\/lv\/wp-json\/wp\/v2\/media?parent=288643"}],"wp:term":[{"taxonomy":"product_brand","embeddable":true,"href":"https:\/\/fashiongold.lt\/lv\/wp-json\/wp\/v2\/product_brand?post=288643"},{"taxonomy":"product_cat","embeddable":true,"href":"https:\/\/fashiongold.lt\/lv\/wp-json\/wp\/v2\/product_cat?post=288643"},{"taxonomy":"product_tag","embeddable":true,"href":"https:\/\/fashiongold.lt\/lv\/wp-json\/wp\/v2\/product_tag?post=288643"}],"curies":[{"name":"wp","href":"https:\/\/api.w.org\/{rel}","templated":true}]}}