{"id":288648,"date":"2025-10-09T17:37:43","date_gmt":"2025-10-09T17:37:43","guid":{"rendered":"https:\/\/fashiongold.lt\/papuosalas\/baltas-perles-balta-zelta-gredzens-ar-baltam-perlem-saldudens-10-mm-5-mm\/"},"modified":"2025-10-09T17:37:43","modified_gmt":"2025-10-09T17:37:43","slug":"baltas-perles-balta-zelta-gredzens-ar-baltam-perlem-saldudens-10-mm-5-mm","status":"publish","type":"product","link":"https:\/\/fashiongold.lt\/lv\/papuosalas\/baltas-perles-balta-zelta-gredzens-ar-baltam-perlem-saldudens-10-mm-5-mm\/","title":{"rendered":"Baltas p\u0113rles \u2013 balt\u0101 zelta gredzens ar balt\u0101m p\u0113rl\u0113m (Sald\u016bdens, 10 mm, 5 mm)"},"content":{"rendered":"<p>Ra\u017eots Lietuv\u0101. P\u0113rle izstaro harmoniju un mieru sird\u012b. Jau kop\u0161 seniem laikiem p\u0113rles simboliz\u0113ja skaistumu, nevain\u012bbu un jutekliskumu, un daudzi tic\u0113ja, ka t\u0101s var piesaist\u012bt veiksmi un finansi\u0101lo labkl\u0101j\u012bbu to \u012bpa\u0161niekam. Gredzens var tikt izgatavots p\u0113c pas\u016bt\u012bjuma: no sarkan\u0101, dzelten\u0101 un balt\u0101 zelta.\u00a0 \u00a0 \u00a0<\/p>\n<p>\u2022 P\u0113r\u013cu tips: Sald\u016bdens balt\u0101s p\u0113rles\u00a0 \u00a0 \u00a0<\/p>\n<p>\u2022 P\u0113rles forma: Apa\u013ca forma (Round cut)\u00a0 \u00a0 \u00a0<\/p>\n<p>\u2022 P\u0113r\u013cu raksturojums: 10 mm un 5 mm, (AA (augsta kvalit\u0101te)<\/p>\n<p>\u2022 Sertifik\u0101ts: Lietuvas Proves pal\u0101ta (LPR)\u00a0 \u00a0 \u00a0 \u00a0<\/p>\n<p>\u2022 Izstr\u0101d\u0101juma zelts: 14K (585 prove)\u00a0 \u00a0 \u00a0 \u00a0<\/p>\n<p>\u2022 Izstr\u0101d\u0101juma kr\u0101sa: baltais zelts\u00a0 \u00a0 \u00a0 \u00a0<\/p>\n<p>\u2022 Izstr\u0101d\u0101juma svars: 3,23 g\u00a0 \u00a0 \u00a0<\/p>\n<p>\u2022 Izstr\u0101d\u0101juma izm\u0113ri:\u00a0<\/p>\n","protected":false},"excerpt":{"rendered":"<p>M\u016bsdien\u012bga dizaina gredzens ar div\u0101m sald\u016bdens p\u0113rl\u0113m. Dizains savieno divas p\u0113rles ar balt\u0101 zelta st\u012bpi\u0146u, kas eleganti aptver pirkstu. Gredzens simboliz\u0113 divu cilv\u0113ku draudz\u012bbu vai cie\u0161u saikni. Lieliski piem\u0113rots ikdienai vai \u012bpa\u0161iem gad\u012bjumiem.<\/p>\n","protected":false},"featured_media":50982,"template":"","meta":{"site-sidebar-layout":"","site-content-layout":"","ast-site-content-layout":"","site-content-style":"","site-sidebar-style":"","ast-global-header-display":"","ast-banner-title-visibility":"","ast-main-header-display":"","ast-hfb-above-header-display":"","ast-hfb-below-header-display":"","ast-hfb-mobile-header-display":"","site-post-title":"","ast-breadcrumbs-content":"","ast-featured-img":"","footer-sml-layout":"","ast-disable-related-posts":"","theme-transparent-header-meta":"","adv-header-id-meta":"","stick-header-meta":"","header-above-stick-meta":"","header-main-stick-meta":"","header-below-stick-meta":"","astra-migrate-meta-layouts":"default","ast-page-background-enabled":"default","ast-page-background-meta":{"desktop":{"background-color":"var(--ast-global-color-4)","background-image":"","background-repeat":"repeat","background-position":"center center","background-size":"auto","background-attachment":"scroll","background-type":"","background-media":"","overlay-type":"","overlay-color":"","overlay-opacity":"","overlay-gradient":""},"tablet":{"background-color":"","background-image":"","background-repeat":"repeat","background-position":"center center","background-size":"auto","background-attachment":"scroll","background-type":"","background-media":"","overlay-type":"","overlay-color":"","overlay-opacity":"","overlay-gradient":""},"mobile":{"background-color":"","background-image":"","background-repeat":"repeat","background-position":"center center","background-size":"auto","background-attachment":"scroll","background-type":"","background-media":"","overlay-type":"","overlay-color":"","overlay-opacity":"","overlay-gradient":""}},"ast-content-background-meta":{"desktop":{"background-color":"var(--ast-global-color-5)","background-image":"","background-repeat":"repeat","background-position":"center center","background-size":"auto","background-attachment":"scroll","background-type":"","background-media":"","overlay-type":"","overlay-color":"","overlay-opacity":"","overlay-gradient":""},"tablet":{"background-color":"var(--ast-global-color-5)","background-image":"","background-repeat":"repeat","background-position":"center center","background-size":"auto","background-attachment":"scroll","background-type":"","background-media":"","overlay-type":"","overlay-color":"","overlay-opacity":"","overlay-gradient":""},"mobile":{"background-color":"var(--ast-global-color-5)","background-image":"","background-repeat":"repeat","background-position":"center center","background-size":"auto","background-attachment":"scroll","background-type":"","background-media":"","overlay-type":"","overlay-color":"","overlay-opacity":"","overlay-gradient":""}}},"product_brand":[],"product_cat":[2919,2915,2913,2921,2920,3403,2916,2914,3497,3042,2922,2982,2936,2918],"product_tag":[],"class_list":{"0":"post-288648","1":"product","2":"type-product","3":"status-publish","4":"has-post-thumbnail","6":"product_cat-baltzelta-rotaslietas","7":"product_cat-davanas-berna-piedzimsanai","8":"product_cat-davanas-dzimsanas-diena","9":"product_cat-davanas-ipasiem-gadijumiem","10":"product_cat-davanas-izlaidumam","11":"product_cat-davanas-kazam","12":"product_cat-davanas-kazu-gadadiena","13":"product_cat-davanas-sievietem","14":"product_cat-gredzeni-ar-perli","15":"product_cat-juvelierizstradajumi","16":"product_cat-mates-dienas-davanas","17":"product_cat-perles-juvelierizstradajumi-ar-perlem","18":"product_cat-valentindienas-davanas","19":"product_cat-ziemassvetku-davanas","20":"desktop-align-center","21":"tablet-align-left","22":"mobile-align-left","23":"ast-product-gallery-layout-horizontal-slider","24":"ast-product-gallery-with-no-image","25":"ast-product-single-variable","26":"ast-product-tabs-layout-accordion","27":"ast-qv-on-image","29":"first","30":"instock","31":"taxable","32":"shipping-taxable","33":"purchasable","34":"product-type-variable"},"yoast_head":"<!-- This site is optimized with the Yoast SEO plugin v26.6 - https:\/\/yoast.com\/wordpress\/plugins\/seo\/ -->\n<title>Balt\u0101s p\u0113rles - balt\u0101 zelta gredzens ar balt\u0101m sald\u016bdens p\u0113rl\u0113m<\/title>\n<meta name=\"description\" content=\"M\u016bsdien\u012bgs dizains savieno divas p\u0113rles ar balt\u0101 zelta st\u012bpi\u0146u, kas eleganti aptver pirkstu. Gredzens simboliz\u0113 divu cilv\u0113ku draudz\u012bbu vai cie\u0161u saikni.\" \/>\n<meta name=\"robots\" content=\"index, follow, max-snippet:-1, max-image-preview:large, max-video-preview:-1\" \/>\n<link rel=\"canonical\" href=\"https:\/\/fashiongold.lt\/lv\/papuosalas\/baltas-perles-balta-zelta-gredzens-ar-baltam-perlem-saldudens-10-mm-5-mm\/\" \/>\n<meta property=\"og:locale\" content=\"lv_LV\" \/>\n<meta property=\"og:type\" content=\"article\" \/>\n<meta property=\"og:title\" content=\"Balt\u0101s p\u0113rles - balt\u0101 zelta gredzens ar balt\u0101m sald\u016bdens p\u0113rl\u0113m\" \/>\n<meta property=\"og:description\" content=\"M\u016bsdien\u012bgs dizains savieno divas p\u0113rles ar balt\u0101 zelta st\u012bpi\u0146u, kas eleganti aptver pirkstu. Gredzens simboliz\u0113 divu cilv\u0113ku draudz\u012bbu vai cie\u0161u saikni.\" \/>\n<meta property=\"og:url\" content=\"https:\/\/fashiongold.lt\/lv\/papuosalas\/baltas-perles-balta-zelta-gredzens-ar-baltam-perlem-saldudens-10-mm-5-mm\/\" \/>\n<meta property=\"og:site_name\" content=\"FashionGold.lt\" \/>\n<meta property=\"og:image\" content=\"https:\/\/fashiongold.lt\/wp-content\/uploads\/2025\/10\/6424-48e-Balti-perlai-balto-aukso-ziedas-su-baltais-perlais.webp\" \/>\n\t<meta property=\"og:image:width\" content=\"1000\" \/>\n\t<meta property=\"og:image:height\" content=\"1000\" \/>\n\t<meta property=\"og:image:type\" content=\"image\/png\" \/>\n<meta name=\"twitter:card\" content=\"summary_large_image\" \/>\n<meta name=\"twitter:label1\" content=\"Est. reading time\" \/>\n\t<meta name=\"twitter:data1\" content=\"1 minute\" \/>\n<script type=\"application\/ld+json\" class=\"yoast-schema-graph\">{\"@context\":\"https:\/\/schema.org\",\"@graph\":[{\"@type\":\"WebPage\",\"@id\":\"https:\/\/fashiongold.lt\/lv\/papuosalas\/baltas-perles-balta-zelta-gredzens-ar-baltam-perlem-saldudens-10-mm-5-mm\/\",\"url\":\"https:\/\/fashiongold.lt\/lv\/papuosalas\/baltas-perles-balta-zelta-gredzens-ar-baltam-perlem-saldudens-10-mm-5-mm\/\",\"name\":\"Balt\u0101s p\u0113rles - balt\u0101 zelta gredzens ar balt\u0101m sald\u016bdens p\u0113rl\u0113m\",\"isPartOf\":{\"@id\":\"https:\/\/fashiongold.lt\/lv\/#website\"},\"primaryImageOfPage\":{\"@id\":\"https:\/\/fashiongold.lt\/lv\/papuosalas\/baltas-perles-balta-zelta-gredzens-ar-baltam-perlem-saldudens-10-mm-5-mm\/#primaryimage\"},\"image\":{\"@id\":\"https:\/\/fashiongold.lt\/lv\/papuosalas\/baltas-perles-balta-zelta-gredzens-ar-baltam-perlem-saldudens-10-mm-5-mm\/#primaryimage\"},\"thumbnailUrl\":\"https:\/\/fashiongold.lt\/wp-content\/uploads\/2025\/10\/6424-48e-Balti-perlai-balto-aukso-ziedas-su-baltais-perlais.png\",\"datePublished\":\"2025-10-09T17:37:43+00:00\",\"description\":\"M\u016bsdien\u012bgs dizains savieno divas p\u0113rles ar balt\u0101 zelta st\u012bpi\u0146u, kas eleganti aptver pirkstu. Gredzens simboliz\u0113 divu cilv\u0113ku draudz\u012bbu vai cie\u0161u saikni.\",\"breadcrumb\":{\"@id\":\"https:\/\/fashiongold.lt\/lv\/papuosalas\/baltas-perles-balta-zelta-gredzens-ar-baltam-perlem-saldudens-10-mm-5-mm\/#breadcrumb\"},\"inLanguage\":\"lv-LV\",\"potentialAction\":[{\"@type\":\"ReadAction\",\"target\":[\"https:\/\/fashiongold.lt\/lv\/papuosalas\/baltas-perles-balta-zelta-gredzens-ar-baltam-perlem-saldudens-10-mm-5-mm\/\"]}]},{\"@type\":\"ImageObject\",\"inLanguage\":\"lv-LV\",\"@id\":\"https:\/\/fashiongold.lt\/lv\/papuosalas\/baltas-perles-balta-zelta-gredzens-ar-baltam-perlem-saldudens-10-mm-5-mm\/#primaryimage\",\"url\":\"https:\/\/fashiongold.lt\/wp-content\/uploads\/2025\/10\/6424-48e-Balti-perlai-balto-aukso-ziedas-su-baltais-perlais.png\",\"contentUrl\":\"https:\/\/fashiongold.lt\/wp-content\/uploads\/2025\/10\/6424-48e-Balti-perlai-balto-aukso-ziedas-su-baltais-perlais.png\",\"width\":1000,\"height\":1000},{\"@type\":\"BreadcrumbList\",\"@id\":\"https:\/\/fashiongold.lt\/lv\/papuosalas\/baltas-perles-balta-zelta-gredzens-ar-baltam-perlem-saldudens-10-mm-5-mm\/#breadcrumb\",\"itemListElement\":[{\"@type\":\"ListItem\",\"position\":1,\"name\":\"Home\",\"item\":\"https:\/\/fashiongold.lt\/lv\/\"},{\"@type\":\"ListItem\",\"position\":2,\"name\":\"Dimantu veikals Fashiongold.lt\",\"item\":\"https:\/\/fashiongold.lt\/shop-2\/\"},{\"@type\":\"ListItem\",\"position\":3,\"name\":\"Baltas p\u0113rles \u2013 balt\u0101 zelta gredzens ar balt\u0101m p\u0113rl\u0113m (Sald\u016bdens, 10 mm, 5 mm)\"}]},{\"@type\":\"WebSite\",\"@id\":\"https:\/\/fashiongold.lt\/lv\/#website\",\"url\":\"https:\/\/fashiongold.lt\/lv\/\",\"name\":\"Fashion Gold\",\"description\":\"Juvelyrikos namai\",\"publisher\":{\"@id\":\"https:\/\/fashiongold.lt\/lv\/#organization\"},\"potentialAction\":[{\"@type\":\"SearchAction\",\"target\":{\"@type\":\"EntryPoint\",\"urlTemplate\":\"https:\/\/fashiongold.lt\/lv\/?s={search_term_string}\"},\"query-input\":{\"@type\":\"PropertyValueSpecification\",\"valueRequired\":true,\"valueName\":\"search_term_string\"}}],\"inLanguage\":\"lv-LV\"},{\"@type\":\"Organization\",\"@id\":\"https:\/\/fashiongold.lt\/lv\/#organization\",\"name\":\"Topdiamonds Online\",\"url\":\"https:\/\/fashiongold.lt\/lv\/\",\"logo\":{\"@type\":\"ImageObject\",\"inLanguage\":\"lv-LV\",\"@id\":\"https:\/\/fashiongold.lt\/lv\/#\/schema\/logo\/image\/\",\"url\":\"https:\/\/fashiongold.lt\/wp-content\/uploads\/2025\/04\/cropped-fashion_gold_logotipas2-scaled-1.png\",\"contentUrl\":\"https:\/\/fashiongold.lt\/wp-content\/uploads\/2025\/04\/cropped-fashion_gold_logotipas2-scaled-1.png\",\"width\":2559,\"height\":421,\"caption\":\"Topdiamonds Online\"},\"image\":{\"@id\":\"https:\/\/fashiongold.lt\/lv\/#\/schema\/logo\/image\/\"}}]}<\/script>\n<!-- \/ Yoast SEO plugin. -->","yoast_head_json":{"title":"Balt\u0101s p\u0113rles - balt\u0101 zelta gredzens ar balt\u0101m sald\u016bdens p\u0113rl\u0113m","description":"M\u016bsdien\u012bgs dizains savieno divas p\u0113rles ar balt\u0101 zelta st\u012bpi\u0146u, kas eleganti aptver pirkstu. Gredzens simboliz\u0113 divu cilv\u0113ku draudz\u012bbu vai cie\u0161u saikni.","robots":{"index":"index","follow":"follow","max-snippet":"max-snippet:-1","max-image-preview":"max-image-preview:large","max-video-preview":"max-video-preview:-1"},"canonical":"https:\/\/fashiongold.lt\/lv\/papuosalas\/baltas-perles-balta-zelta-gredzens-ar-baltam-perlem-saldudens-10-mm-5-mm\/","og_locale":"lv_LV","og_type":"article","og_title":"Balt\u0101s p\u0113rles - balt\u0101 zelta gredzens ar balt\u0101m sald\u016bdens p\u0113rl\u0113m","og_description":"M\u016bsdien\u012bgs dizains savieno divas p\u0113rles ar balt\u0101 zelta st\u012bpi\u0146u, kas eleganti aptver pirkstu. Gredzens simboliz\u0113 divu cilv\u0113ku draudz\u012bbu vai cie\u0161u saikni.","og_url":"https:\/\/fashiongold.lt\/lv\/papuosalas\/baltas-perles-balta-zelta-gredzens-ar-baltam-perlem-saldudens-10-mm-5-mm\/","og_site_name":"FashionGold.lt","og_image":[{"width":1000,"height":1000,"url":"https:\/\/fashiongold.lt\/wp-content\/uploads\/2025\/10\/6424-48e-Balti-perlai-balto-aukso-ziedas-su-baltais-perlais.webp","type":"image\/png"}],"twitter_card":"summary_large_image","twitter_misc":{"Est. reading time":"1 minute"},"schema":{"@context":"https:\/\/schema.org","@graph":[{"@type":"WebPage","@id":"https:\/\/fashiongold.lt\/lv\/papuosalas\/baltas-perles-balta-zelta-gredzens-ar-baltam-perlem-saldudens-10-mm-5-mm\/","url":"https:\/\/fashiongold.lt\/lv\/papuosalas\/baltas-perles-balta-zelta-gredzens-ar-baltam-perlem-saldudens-10-mm-5-mm\/","name":"Balt\u0101s p\u0113rles - balt\u0101 zelta gredzens ar balt\u0101m sald\u016bdens p\u0113rl\u0113m","isPartOf":{"@id":"https:\/\/fashiongold.lt\/lv\/#website"},"primaryImageOfPage":{"@id":"https:\/\/fashiongold.lt\/lv\/papuosalas\/baltas-perles-balta-zelta-gredzens-ar-baltam-perlem-saldudens-10-mm-5-mm\/#primaryimage"},"image":{"@id":"https:\/\/fashiongold.lt\/lv\/papuosalas\/baltas-perles-balta-zelta-gredzens-ar-baltam-perlem-saldudens-10-mm-5-mm\/#primaryimage"},"thumbnailUrl":"https:\/\/fashiongold.lt\/wp-content\/uploads\/2025\/10\/6424-48e-Balti-perlai-balto-aukso-ziedas-su-baltais-perlais.png","datePublished":"2025-10-09T17:37:43+00:00","description":"M\u016bsdien\u012bgs dizains savieno divas p\u0113rles ar balt\u0101 zelta st\u012bpi\u0146u, kas eleganti aptver pirkstu. Gredzens simboliz\u0113 divu cilv\u0113ku draudz\u012bbu vai cie\u0161u saikni.","breadcrumb":{"@id":"https:\/\/fashiongold.lt\/lv\/papuosalas\/baltas-perles-balta-zelta-gredzens-ar-baltam-perlem-saldudens-10-mm-5-mm\/#breadcrumb"},"inLanguage":"lv-LV","potentialAction":[{"@type":"ReadAction","target":["https:\/\/fashiongold.lt\/lv\/papuosalas\/baltas-perles-balta-zelta-gredzens-ar-baltam-perlem-saldudens-10-mm-5-mm\/"]}]},{"@type":"ImageObject","inLanguage":"lv-LV","@id":"https:\/\/fashiongold.lt\/lv\/papuosalas\/baltas-perles-balta-zelta-gredzens-ar-baltam-perlem-saldudens-10-mm-5-mm\/#primaryimage","url":"https:\/\/fashiongold.lt\/wp-content\/uploads\/2025\/10\/6424-48e-Balti-perlai-balto-aukso-ziedas-su-baltais-perlais.png","contentUrl":"https:\/\/fashiongold.lt\/wp-content\/uploads\/2025\/10\/6424-48e-Balti-perlai-balto-aukso-ziedas-su-baltais-perlais.png","width":1000,"height":1000},{"@type":"BreadcrumbList","@id":"https:\/\/fashiongold.lt\/lv\/papuosalas\/baltas-perles-balta-zelta-gredzens-ar-baltam-perlem-saldudens-10-mm-5-mm\/#breadcrumb","itemListElement":[{"@type":"ListItem","position":1,"name":"Home","item":"https:\/\/fashiongold.lt\/lv\/"},{"@type":"ListItem","position":2,"name":"Dimantu veikals Fashiongold.lt","item":"https:\/\/fashiongold.lt\/shop-2\/"},{"@type":"ListItem","position":3,"name":"Baltas p\u0113rles \u2013 balt\u0101 zelta gredzens ar balt\u0101m p\u0113rl\u0113m (Sald\u016bdens, 10 mm, 5 mm)"}]},{"@type":"WebSite","@id":"https:\/\/fashiongold.lt\/lv\/#website","url":"https:\/\/fashiongold.lt\/lv\/","name":"Fashion Gold","description":"Juvelyrikos namai","publisher":{"@id":"https:\/\/fashiongold.lt\/lv\/#organization"},"potentialAction":[{"@type":"SearchAction","target":{"@type":"EntryPoint","urlTemplate":"https:\/\/fashiongold.lt\/lv\/?s={search_term_string}"},"query-input":{"@type":"PropertyValueSpecification","valueRequired":true,"valueName":"search_term_string"}}],"inLanguage":"lv-LV"},{"@type":"Organization","@id":"https:\/\/fashiongold.lt\/lv\/#organization","name":"Topdiamonds Online","url":"https:\/\/fashiongold.lt\/lv\/","logo":{"@type":"ImageObject","inLanguage":"lv-LV","@id":"https:\/\/fashiongold.lt\/lv\/#\/schema\/logo\/image\/","url":"https:\/\/fashiongold.lt\/wp-content\/uploads\/2025\/04\/cropped-fashion_gold_logotipas2-scaled-1.png","contentUrl":"https:\/\/fashiongold.lt\/wp-content\/uploads\/2025\/04\/cropped-fashion_gold_logotipas2-scaled-1.png","width":2559,"height":421,"caption":"Topdiamonds Online"},"image":{"@id":"https:\/\/fashiongold.lt\/lv\/#\/schema\/logo\/image\/"}}]}},"_links":{"self":[{"href":"https:\/\/fashiongold.lt\/lv\/wp-json\/wp\/v2\/product\/288648","targetHints":{"allow":["GET"]}}],"collection":[{"href":"https:\/\/fashiongold.lt\/lv\/wp-json\/wp\/v2\/product"}],"about":[{"href":"https:\/\/fashiongold.lt\/lv\/wp-json\/wp\/v2\/types\/product"}],"version-history":[{"count":0,"href":"https:\/\/fashiongold.lt\/lv\/wp-json\/wp\/v2\/product\/288648\/revisions"}],"wp:featuredmedia":[{"embeddable":true,"href":"https:\/\/fashiongold.lt\/lv\/wp-json\/wp\/v2\/media\/50982"}],"wp:attachment":[{"href":"https:\/\/fashiongold.lt\/lv\/wp-json\/wp\/v2\/media?parent=288648"}],"wp:term":[{"taxonomy":"product_brand","embeddable":true,"href":"https:\/\/fashiongold.lt\/lv\/wp-json\/wp\/v2\/product_brand?post=288648"},{"taxonomy":"product_cat","embeddable":true,"href":"https:\/\/fashiongold.lt\/lv\/wp-json\/wp\/v2\/product_cat?post=288648"},{"taxonomy":"product_tag","embeddable":true,"href":"https:\/\/fashiongold.lt\/lv\/wp-json\/wp\/v2\/product_tag?post=288648"}],"curies":[{"name":"wp","href":"https:\/\/api.w.org\/{rel}","templated":true}]}}