{"id":288668,"date":"2025-10-09T17:36:48","date_gmt":"2025-10-09T17:36:48","guid":{"rendered":"https:\/\/fashiongold.lt\/papuosalas\/saderinasanas-gredzens-miluna-ar-safiriem\/"},"modified":"2025-10-09T17:36:48","modified_gmt":"2025-10-09T17:36:48","slug":"saderinasanas-gredzens-miluna-ar-safiriem","status":"publish","type":"product","link":"https:\/\/fashiongold.lt\/lv\/rotaslieta\/saderinasanas-gredzens-miluna-ar-safiriem\/","title":{"rendered":"Saderin\u0101\u0161an\u0101s gredzens Miluna ar saf\u012briem"},"content":{"rendered":"<p><span>Fashion Gold juvelierizstr\u0101d\u0101jumu nama rad\u012bts saderin\u0101\u0161an\u0101s vai sv\u0113tku gredzens Miluna. <\/span><\/p>\n<p><span>Baltais zelts 750 prove. <\/span><\/p>\n<p><span>Svars aptuveni 2,30 g. <\/span><\/p>\n<p><span>Briljanti: 16 gab. kop\u0113jais svars 0,16 ct Kr\u0101sa RW-W, dzidrums VS-SI, <\/span><\/p>\n<p><span>Saf\u012brs \u013coti augstas kvalit\u0101tes, spilgti pies\u0101tin\u0101t\u0101 zil\u0101 kr\u0101s\u0101, ov\u0101las formas 1 gab. kop\u0113jais svars 0,90 ct. <\/span><\/p>\n<p><span>Gredzena izm\u0113rs 17,3. Bez maksas piel\u0101gojam par vienu izm\u0113ru 10 d.d. laik\u0101.<\/span><\/p>\n<p><span>Gredzens ir aprob\u0113ts Lietuvas Proves biroj\u0101, briljantam ir sertifik\u0101ts.<\/span><\/p>\n<p>P\u0113c pas\u016bt\u012bjuma varam izgatavot ar liel\u0101ku vai citas kr\u0101sas dimantu. Rakstiet uz info@fashiongold.lt<\/p><\/p>\n","protected":false},"excerpt":{"rendered":"<p>Balt\u0101 zelta saderin\u0101\u0161an\u0101s gredzens ar saf\u012briem un dimantiem<\/p>\n","protected":false},"featured_media":50818,"template":"","meta":{"site-sidebar-layout":"","site-content-layout":"","ast-site-content-layout":"","site-content-style":"","site-sidebar-style":"","ast-global-header-display":"","ast-banner-title-visibility":"","ast-main-header-display":"","ast-hfb-above-header-display":"","ast-hfb-below-header-display":"","ast-hfb-mobile-header-display":"","site-post-title":"","ast-breadcrumbs-content":"","ast-featured-img":"","footer-sml-layout":"","ast-disable-related-posts":"","theme-transparent-header-meta":"","adv-header-id-meta":"","stick-header-meta":"","header-above-stick-meta":"","header-main-stick-meta":"","header-below-stick-meta":"","astra-migrate-meta-layouts":"default","ast-page-background-enabled":"default","ast-page-background-meta":{"desktop":{"background-color":"var(--ast-global-color-4)","background-image":"","background-repeat":"repeat","background-position":"center center","background-size":"auto","background-attachment":"scroll","background-type":"","background-media":"","overlay-type":"","overlay-color":"","overlay-opacity":"","overlay-gradient":""},"tablet":{"background-color":"","background-image":"","background-repeat":"repeat","background-position":"center center","background-size":"auto","background-attachment":"scroll","background-type":"","background-media":"","overlay-type":"","overlay-color":"","overlay-opacity":"","overlay-gradient":""},"mobile":{"background-color":"","background-image":"","background-repeat":"repeat","background-position":"center center","background-size":"auto","background-attachment":"scroll","background-type":"","background-media":"","overlay-type":"","overlay-color":"","overlay-opacity":"","overlay-gradient":""}},"ast-content-background-meta":{"desktop":{"background-color":"var(--ast-global-color-5)","background-image":"","background-repeat":"repeat","background-position":"center center","background-size":"auto","background-attachment":"scroll","background-type":"","background-media":"","overlay-type":"","overlay-color":"","overlay-opacity":"","overlay-gradient":""},"tablet":{"background-color":"var(--ast-global-color-5)","background-image":"","background-repeat":"repeat","background-position":"center center","background-size":"auto","background-attachment":"scroll","background-type":"","background-media":"","overlay-type":"","overlay-color":"","overlay-opacity":"","overlay-gradient":""},"mobile":{"background-color":"var(--ast-global-color-5)","background-image":"","background-repeat":"repeat","background-position":"center center","background-size":"auto","background-attachment":"scroll","background-type":"","background-media":"","overlay-type":"","overlay-color":"","overlay-opacity":"","overlay-gradient":""}}},"product_brand":[],"product_cat":[2915,2913,2920,3403,2916,2914,2939,2940,3042,2938,2922,3439,3440,2935,2934,2936,2918,3402],"product_tag":[],"class_list":{"0":"post-288668","1":"product","2":"type-product","3":"status-publish","4":"has-post-thumbnail","6":"product_cat-davanas-berna-piedzimsanai","7":"product_cat-davanas-dzimsanas-diena","8":"product_cat-davanas-izlaidumam","9":"product_cat-davanas-kazam","10":"product_cat-davanas-kazu-gadadiena","11":"product_cat-davanas-sievietem","12":"product_cat-gredzeni-ar-dargakmeniem","13":"product_cat-gredzeni-ar-safiriem","14":"product_cat-juvelierizstradajumi","15":"product_cat-juvelierizstradajumi-ar-ziliem-dargakmeniem","16":"product_cat-mates-dienas-davanas","17":"product_cat-saderinasanas-gredzeni","18":"product_cat-saderinasanas-gredzeni-ar-dargakmeniem","19":"product_cat-saderinasanas-gredzens-ar-safiru","20":"product_cat-safirs-juvelierizstradajumi-ar-safiriem","21":"product_cat-valentindienas-davanas","22":"product_cat-ziemassvetku-davanas","23":"product_cat-zils-dargakmens","24":"desktop-align-center","25":"tablet-align-left","26":"mobile-align-left","27":"ast-product-gallery-layout-horizontal-slider","28":"ast-product-gallery-with-no-image","29":"ast-product-single-variable","30":"ast-product-tabs-layout-accordion","31":"ast-qv-on-image","33":"first","34":"instock","35":"taxable","36":"shipping-taxable","37":"purchasable","38":"product-type-variable"},"yoast_head":"<!-- This site is optimized with the Yoast SEO plugin v26.6 - https:\/\/yoast.com\/wordpress\/plugins\/seo\/ -->\n<title>Saderin\u0101\u0161an\u0101s gredzens ar saf\u012briem MILUNA<\/title>\n<meta name=\"description\" content=\"Saderin\u0101\u0161an\u0101s gredzeni ar dimantu un saf\u012bru. Gredzens rot\u0101ts ar \u012bstiem saf\u012briem un dimantiem. Saderin\u0101\u0161an\u0101s gredzeni Vi\u013c\u0146\u0101. Gredzens ar briljantu. Saderin\u0101\u0161an\u0101s gredzeni. gredzeni ar dimantiem.\" \/>\n<meta name=\"robots\" content=\"index, follow, max-snippet:-1, max-image-preview:large, max-video-preview:-1\" \/>\n<link rel=\"canonical\" href=\"https:\/\/fashiongold.lt\/lv\/rotaslieta\/saderinasanas-gredzens-miluna-ar-safiriem\/\" \/>\n<meta property=\"og:locale\" content=\"lv_LV\" \/>\n<meta property=\"og:type\" content=\"article\" \/>\n<meta property=\"og:title\" content=\"Saderin\u0101\u0161an\u0101s gredzens ar saf\u012briem MILUNA\" \/>\n<meta property=\"og:description\" content=\"Saderin\u0101\u0161an\u0101s gredzeni ar dimantu un saf\u012bru. Gredzens rot\u0101ts ar \u012bstiem saf\u012briem un dimantiem. Saderin\u0101\u0161an\u0101s gredzeni Vi\u013c\u0146\u0101. Gredzens ar briljantu. Saderin\u0101\u0161an\u0101s gredzeni. gredzeni ar dimantiem.\" \/>\n<meta property=\"og:url\" content=\"https:\/\/fashiongold.lt\/lv\/rotaslieta\/saderinasanas-gredzens-miluna-ar-safiriem\/\" \/>\n<meta property=\"og:site_name\" content=\"FashionGold.lt\" \/>\n<meta property=\"og:image\" content=\"https:\/\/fashiongold.lt\/wp-content\/uploads\/2025\/10\/1394-04e-Suzadetuviu-ziedas-su-safyrais-Laseliai.webp\" \/>\n\t<meta property=\"og:image:width\" content=\"1621\" \/>\n\t<meta property=\"og:image:height\" content=\"1632\" \/>\n\t<meta property=\"og:image:type\" content=\"image\/jpeg\" \/>\n<meta name=\"twitter:card\" content=\"summary_large_image\" \/>\n<script type=\"application\/ld+json\" class=\"yoast-schema-graph\">{\"@context\":\"https:\/\/schema.org\",\"@graph\":[{\"@type\":\"WebPage\",\"@id\":\"https:\/\/fashiongold.lt\/lv\/rotaslieta\/saderinasanas-gredzens-miluna-ar-safiriem\/\",\"url\":\"https:\/\/fashiongold.lt\/lv\/rotaslieta\/saderinasanas-gredzens-miluna-ar-safiriem\/\",\"name\":\"Saderin\u0101\u0161an\u0101s gredzens ar saf\u012briem MILUNA\",\"isPartOf\":{\"@id\":\"https:\/\/fashiongold.lt\/lv\/#website\"},\"primaryImageOfPage\":{\"@id\":\"https:\/\/fashiongold.lt\/lv\/rotaslieta\/saderinasanas-gredzens-miluna-ar-safiriem\/#primaryimage\"},\"image\":{\"@id\":\"https:\/\/fashiongold.lt\/lv\/rotaslieta\/saderinasanas-gredzens-miluna-ar-safiriem\/#primaryimage\"},\"thumbnailUrl\":\"https:\/\/fashiongold.lt\/wp-content\/uploads\/2025\/10\/1394-04e-Suzadetuviu-ziedas-su-safyrais-Laseliai.jpg\",\"datePublished\":\"2025-10-09T17:36:48+00:00\",\"description\":\"Saderin\u0101\u0161an\u0101s gredzeni ar dimantu un saf\u012bru. Gredzens rot\u0101ts ar \u012bstiem saf\u012briem un dimantiem. Saderin\u0101\u0161an\u0101s gredzeni Vi\u013c\u0146\u0101. Gredzens ar briljantu. Saderin\u0101\u0161an\u0101s gredzeni. gredzeni ar dimantiem.\",\"breadcrumb\":{\"@id\":\"https:\/\/fashiongold.lt\/lv\/rotaslieta\/saderinasanas-gredzens-miluna-ar-safiriem\/#breadcrumb\"},\"inLanguage\":\"lv-LV\",\"potentialAction\":[{\"@type\":\"ReadAction\",\"target\":[\"https:\/\/fashiongold.lt\/lv\/rotaslieta\/saderinasanas-gredzens-miluna-ar-safiriem\/\"]}]},{\"@type\":\"ImageObject\",\"inLanguage\":\"lv-LV\",\"@id\":\"https:\/\/fashiongold.lt\/lv\/rotaslieta\/saderinasanas-gredzens-miluna-ar-safiriem\/#primaryimage\",\"url\":\"https:\/\/fashiongold.lt\/wp-content\/uploads\/2025\/10\/1394-04e-Suzadetuviu-ziedas-su-safyrais-Laseliai.jpg\",\"contentUrl\":\"https:\/\/fashiongold.lt\/wp-content\/uploads\/2025\/10\/1394-04e-Suzadetuviu-ziedas-su-safyrais-Laseliai.jpg\",\"width\":1621,\"height\":1632},{\"@type\":\"BreadcrumbList\",\"@id\":\"https:\/\/fashiongold.lt\/lv\/rotaslieta\/saderinasanas-gredzens-miluna-ar-safiriem\/#breadcrumb\",\"itemListElement\":[{\"@type\":\"ListItem\",\"position\":1,\"name\":\"Home\",\"item\":\"https:\/\/fashiongold.lt\/lv\/\"},{\"@type\":\"ListItem\",\"position\":2,\"name\":\"Dimantu veikals Fashiongold.lt\",\"item\":\"https:\/\/fashiongold.lt\/shop-2\/\"},{\"@type\":\"ListItem\",\"position\":3,\"name\":\"Saderin\u0101\u0161an\u0101s gredzens Miluna ar saf\u012briem\"}]},{\"@type\":\"WebSite\",\"@id\":\"https:\/\/fashiongold.lt\/lv\/#website\",\"url\":\"https:\/\/fashiongold.lt\/lv\/\",\"name\":\"Fashion Gold\",\"description\":\"Juvelierizstr\u0101d\u0101jumu nams\",\"publisher\":{\"@id\":\"https:\/\/fashiongold.lt\/lv\/#organization\"},\"potentialAction\":[{\"@type\":\"SearchAction\",\"target\":{\"@type\":\"EntryPoint\",\"urlTemplate\":\"https:\/\/fashiongold.lt\/lv\/?s={search_term_string}\"},\"query-input\":{\"@type\":\"PropertyValueSpecification\",\"valueRequired\":true,\"valueName\":\"search_term_string\"}}],\"inLanguage\":\"lv-LV\"},{\"@type\":\"Organization\",\"@id\":\"https:\/\/fashiongold.lt\/lv\/#organization\",\"name\":\"Topdiamonds Online\",\"url\":\"https:\/\/fashiongold.lt\/lv\/\",\"logo\":{\"@type\":\"ImageObject\",\"inLanguage\":\"lv-LV\",\"@id\":\"https:\/\/fashiongold.lt\/lv\/#\/schema\/logo\/image\/\",\"url\":\"https:\/\/fashiongold.lt\/wp-content\/uploads\/2025\/04\/cropped-fashion_gold_logotipas2-scaled-1.png\",\"contentUrl\":\"https:\/\/fashiongold.lt\/wp-content\/uploads\/2025\/04\/cropped-fashion_gold_logotipas2-scaled-1.png\",\"width\":2559,\"height\":421,\"caption\":\"Topdiamonds Online\"},\"image\":{\"@id\":\"https:\/\/fashiongold.lt\/lv\/#\/schema\/logo\/image\/\"}}]}<\/script>\n<!-- \/ Yoast SEO plugin. -->","yoast_head_json":{"title":"Saderin\u0101\u0161an\u0101s gredzens ar saf\u012briem MILUNA","description":"Saderin\u0101\u0161an\u0101s gredzeni ar dimantu un saf\u012bru. Gredzens rot\u0101ts ar \u012bstiem saf\u012briem un dimantiem. Saderin\u0101\u0161an\u0101s gredzeni Vi\u013c\u0146\u0101. Gredzens ar briljantu. Saderin\u0101\u0161an\u0101s gredzeni. gredzeni ar dimantiem.","robots":{"index":"index","follow":"follow","max-snippet":"max-snippet:-1","max-image-preview":"max-image-preview:large","max-video-preview":"max-video-preview:-1"},"canonical":"https:\/\/fashiongold.lt\/lv\/rotaslieta\/saderinasanas-gredzens-miluna-ar-safiriem\/","og_locale":"lv_LV","og_type":"article","og_title":"Saderin\u0101\u0161an\u0101s gredzens ar saf\u012briem MILUNA","og_description":"Saderin\u0101\u0161an\u0101s gredzeni ar dimantu un saf\u012bru. Gredzens rot\u0101ts ar \u012bstiem saf\u012briem un dimantiem. Saderin\u0101\u0161an\u0101s gredzeni Vi\u013c\u0146\u0101. Gredzens ar briljantu. Saderin\u0101\u0161an\u0101s gredzeni. gredzeni ar dimantiem.","og_url":"https:\/\/fashiongold.lt\/lv\/rotaslieta\/saderinasanas-gredzens-miluna-ar-safiriem\/","og_site_name":"FashionGold.lt","og_image":[{"width":1621,"height":1632,"url":"https:\/\/fashiongold.lt\/wp-content\/uploads\/2025\/10\/1394-04e-Suzadetuviu-ziedas-su-safyrais-Laseliai.webp","type":"image\/jpeg"}],"twitter_card":"summary_large_image","schema":{"@context":"https:\/\/schema.org","@graph":[{"@type":"WebPage","@id":"https:\/\/fashiongold.lt\/lv\/rotaslieta\/saderinasanas-gredzens-miluna-ar-safiriem\/","url":"https:\/\/fashiongold.lt\/lv\/rotaslieta\/saderinasanas-gredzens-miluna-ar-safiriem\/","name":"Saderin\u0101\u0161an\u0101s gredzens ar saf\u012briem MILUNA","isPartOf":{"@id":"https:\/\/fashiongold.lt\/lv\/#website"},"primaryImageOfPage":{"@id":"https:\/\/fashiongold.lt\/lv\/rotaslieta\/saderinasanas-gredzens-miluna-ar-safiriem\/#primaryimage"},"image":{"@id":"https:\/\/fashiongold.lt\/lv\/rotaslieta\/saderinasanas-gredzens-miluna-ar-safiriem\/#primaryimage"},"thumbnailUrl":"https:\/\/fashiongold.lt\/wp-content\/uploads\/2025\/10\/1394-04e-Suzadetuviu-ziedas-su-safyrais-Laseliai.jpg","datePublished":"2025-10-09T17:36:48+00:00","description":"Saderin\u0101\u0161an\u0101s gredzeni ar dimantu un saf\u012bru. Gredzens rot\u0101ts ar \u012bstiem saf\u012briem un dimantiem. Saderin\u0101\u0161an\u0101s gredzeni Vi\u013c\u0146\u0101. Gredzens ar briljantu. Saderin\u0101\u0161an\u0101s gredzeni. gredzeni ar dimantiem.","breadcrumb":{"@id":"https:\/\/fashiongold.lt\/lv\/rotaslieta\/saderinasanas-gredzens-miluna-ar-safiriem\/#breadcrumb"},"inLanguage":"lv-LV","potentialAction":[{"@type":"ReadAction","target":["https:\/\/fashiongold.lt\/lv\/rotaslieta\/saderinasanas-gredzens-miluna-ar-safiriem\/"]}]},{"@type":"ImageObject","inLanguage":"lv-LV","@id":"https:\/\/fashiongold.lt\/lv\/rotaslieta\/saderinasanas-gredzens-miluna-ar-safiriem\/#primaryimage","url":"https:\/\/fashiongold.lt\/wp-content\/uploads\/2025\/10\/1394-04e-Suzadetuviu-ziedas-su-safyrais-Laseliai.jpg","contentUrl":"https:\/\/fashiongold.lt\/wp-content\/uploads\/2025\/10\/1394-04e-Suzadetuviu-ziedas-su-safyrais-Laseliai.jpg","width":1621,"height":1632},{"@type":"BreadcrumbList","@id":"https:\/\/fashiongold.lt\/lv\/rotaslieta\/saderinasanas-gredzens-miluna-ar-safiriem\/#breadcrumb","itemListElement":[{"@type":"ListItem","position":1,"name":"Home","item":"https:\/\/fashiongold.lt\/lv\/"},{"@type":"ListItem","position":2,"name":"Dimantu veikals Fashiongold.lt","item":"https:\/\/fashiongold.lt\/shop-2\/"},{"@type":"ListItem","position":3,"name":"Saderin\u0101\u0161an\u0101s gredzens Miluna ar saf\u012briem"}]},{"@type":"WebSite","@id":"https:\/\/fashiongold.lt\/lv\/#website","url":"https:\/\/fashiongold.lt\/lv\/","name":"Fashion Gold","description":"Juvelierizstr\u0101d\u0101jumu nams","publisher":{"@id":"https:\/\/fashiongold.lt\/lv\/#organization"},"potentialAction":[{"@type":"SearchAction","target":{"@type":"EntryPoint","urlTemplate":"https:\/\/fashiongold.lt\/lv\/?s={search_term_string}"},"query-input":{"@type":"PropertyValueSpecification","valueRequired":true,"valueName":"search_term_string"}}],"inLanguage":"lv-LV"},{"@type":"Organization","@id":"https:\/\/fashiongold.lt\/lv\/#organization","name":"Topdiamonds Online","url":"https:\/\/fashiongold.lt\/lv\/","logo":{"@type":"ImageObject","inLanguage":"lv-LV","@id":"https:\/\/fashiongold.lt\/lv\/#\/schema\/logo\/image\/","url":"https:\/\/fashiongold.lt\/wp-content\/uploads\/2025\/04\/cropped-fashion_gold_logotipas2-scaled-1.png","contentUrl":"https:\/\/fashiongold.lt\/wp-content\/uploads\/2025\/04\/cropped-fashion_gold_logotipas2-scaled-1.png","width":2559,"height":421,"caption":"Topdiamonds Online"},"image":{"@id":"https:\/\/fashiongold.lt\/lv\/#\/schema\/logo\/image\/"}}]}},"_links":{"self":[{"href":"https:\/\/fashiongold.lt\/lv\/wp-json\/wp\/v2\/product\/288668","targetHints":{"allow":["GET"]}}],"collection":[{"href":"https:\/\/fashiongold.lt\/lv\/wp-json\/wp\/v2\/product"}],"about":[{"href":"https:\/\/fashiongold.lt\/lv\/wp-json\/wp\/v2\/types\/product"}],"version-history":[{"count":0,"href":"https:\/\/fashiongold.lt\/lv\/wp-json\/wp\/v2\/product\/288668\/revisions"}],"wp:featuredmedia":[{"embeddable":true,"href":"https:\/\/fashiongold.lt\/lv\/wp-json\/wp\/v2\/media\/50818"}],"wp:attachment":[{"href":"https:\/\/fashiongold.lt\/lv\/wp-json\/wp\/v2\/media?parent=288668"}],"wp:term":[{"taxonomy":"product_brand","embeddable":true,"href":"https:\/\/fashiongold.lt\/lv\/wp-json\/wp\/v2\/product_brand?post=288668"},{"taxonomy":"product_cat","embeddable":true,"href":"https:\/\/fashiongold.lt\/lv\/wp-json\/wp\/v2\/product_cat?post=288668"},{"taxonomy":"product_tag","embeddable":true,"href":"https:\/\/fashiongold.lt\/lv\/wp-json\/wp\/v2\/product_tag?post=288668"}],"curies":[{"name":"wp","href":"https:\/\/api.w.org\/{rel}","templated":true}]}}