{"id":288673,"date":"2025-10-09T17:36:48","date_gmt":"2025-10-09T17:36:48","guid":{"rendered":"https:\/\/fashiongold.lt\/papuosalas\/sapfiru-lasites-izcila-skaistuma-gredzens-ar-lasveida-sapfiriem-un-dimantiem\/"},"modified":"2025-10-09T17:36:48","modified_gmt":"2025-10-09T17:36:48","slug":"sapfiru-lasites-izcila-skaistuma-gredzens-ar-lasveida-sapfiriem-un-dimantiem","status":"publish","type":"product","link":"https:\/\/fashiongold.lt\/lv\/rotaslieta\/sapfiru-lasites-izcila-skaistuma-gredzens-ar-lasveida-sapfiriem-un-dimantiem\/","title":{"rendered":"Sapf\u012bru l\u0101s\u012btes \u2013 Izcila skaistuma gredzens ar l\u0101sveida sapf\u012briem un dimantiem"},"content":{"rendered":"<p>Elegants saf\u012bru gredzens ar diviem ziliem l\u0101ses formas saf\u012briem, kuru skaistumu izce\u013c 140 dimanti, kas iestr\u0101d\u0101ti st\u012bpi\u0146\u0101. Neatkartojams \u0161edevrs, kas apbur ar augstu kvalit\u0101ti un grezn\u012bbu.<\/p>\n<p>FASHION GOLD juvelierizstr\u0101d\u0101jumu nama rad\u012bts saderin\u0101\u0161an\u0101s vai sv\u0113tku gredzens.<\/p>\n<p><span>Baltais zelts 585 prove. <\/span><\/p>\n<p><span>Svars aptuveni 4,39 g. <\/span><\/p>\n<p><span>Briljanti: 140 gab. kop\u0113jais svars 0,94 ct Kr\u0101sa RW-W, dzidrums VS-SI, <\/span><\/p>\n<p><span>Saf\u012bri \u013coti augstas kvalit\u0101tes, ko\u0161\u0101 pies\u0101tin\u0101t\u0101 zil\u0101 kr\u0101s\u0101, l\u0101ses formas 2 gab. kop\u0113jais svars 1,70 ct.\u00a0<\/span><\/p>\n<p><span>Gredzena izm\u0113rs 17,2. Bez maksas piel\u0101gojam par vienu izm\u0113ru 10 darba dienu laik\u0101.<\/span><\/p>\n<p><span>Gredzens ir aprob\u0113ts Lietuvas Proves biroj\u0101, briljantam ir sertifik\u0101ts.<\/span><\/p>\n<p>P\u0113c pas\u016bt\u012bjuma varam izgatavot ar liel\u0101ku vai citas kr\u0101sas dimantu. Rakstiet uz info@fashiongold.lt<\/p>\n","protected":false},"excerpt":{"rendered":"<p>Elegants saf\u012bru gredzens ar ziliem l\u0101ses formas saf\u012briem un 140 dimantiem, kas iestr\u0101d\u0101ti st\u012bpi\u0146\u0101.<\/p>\n","protected":false},"featured_media":50769,"template":"","meta":{"site-sidebar-layout":"","site-content-layout":"","ast-site-content-layout":"","site-content-style":"","site-sidebar-style":"","ast-global-header-display":"","ast-banner-title-visibility":"","ast-main-header-display":"","ast-hfb-above-header-display":"","ast-hfb-below-header-display":"","ast-hfb-mobile-header-display":"","site-post-title":"","ast-breadcrumbs-content":"","ast-featured-img":"","footer-sml-layout":"","ast-disable-related-posts":"","theme-transparent-header-meta":"","adv-header-id-meta":"","stick-header-meta":"","header-above-stick-meta":"","header-main-stick-meta":"","header-below-stick-meta":"","astra-migrate-meta-layouts":"default","ast-page-background-enabled":"default","ast-page-background-meta":{"desktop":{"background-color":"var(--ast-global-color-4)","background-image":"","background-repeat":"repeat","background-position":"center center","background-size":"auto","background-attachment":"scroll","background-type":"","background-media":"","overlay-type":"","overlay-color":"","overlay-opacity":"","overlay-gradient":""},"tablet":{"background-color":"","background-image":"","background-repeat":"repeat","background-position":"center center","background-size":"auto","background-attachment":"scroll","background-type":"","background-media":"","overlay-type":"","overlay-color":"","overlay-opacity":"","overlay-gradient":""},"mobile":{"background-color":"","background-image":"","background-repeat":"repeat","background-position":"center center","background-size":"auto","background-attachment":"scroll","background-type":"","background-media":"","overlay-type":"","overlay-color":"","overlay-opacity":"","overlay-gradient":""}},"ast-content-background-meta":{"desktop":{"background-color":"var(--ast-global-color-5)","background-image":"","background-repeat":"repeat","background-position":"center center","background-size":"auto","background-attachment":"scroll","background-type":"","background-media":"","overlay-type":"","overlay-color":"","overlay-opacity":"","overlay-gradient":""},"tablet":{"background-color":"var(--ast-global-color-5)","background-image":"","background-repeat":"repeat","background-position":"center center","background-size":"auto","background-attachment":"scroll","background-type":"","background-media":"","overlay-type":"","overlay-color":"","overlay-opacity":"","overlay-gradient":""},"mobile":{"background-color":"var(--ast-global-color-5)","background-image":"","background-repeat":"repeat","background-position":"center center","background-size":"auto","background-attachment":"scroll","background-type":"","background-media":"","overlay-type":"","overlay-color":"","overlay-opacity":"","overlay-gradient":""}}},"product_brand":[],"product_cat":[2915,2913,2921,2920,3403,2916,2914,2939,2940,3042,2938,2922,3439,3440,2935,2934,2936,2918,3402],"product_tag":[],"class_list":{"0":"post-288673","1":"product","2":"type-product","3":"status-publish","4":"has-post-thumbnail","6":"product_cat-davanas-berna-piedzimsanai","7":"product_cat-davanas-dzimsanas-diena","8":"product_cat-davanas-ipasiem-gadijumiem","9":"product_cat-davanas-izlaidumam","10":"product_cat-davanas-kazam","11":"product_cat-davanas-kazu-gadadiena","12":"product_cat-davanas-sievietem","13":"product_cat-gredzeni-ar-dargakmeniem","14":"product_cat-gredzeni-ar-safiriem","15":"product_cat-juvelierizstradajumi","16":"product_cat-juvelierizstradajumi-ar-ziliem-dargakmeniem","17":"product_cat-mates-dienas-davanas","18":"product_cat-saderinasanas-gredzeni","19":"product_cat-saderinasanas-gredzeni-ar-dargakmeniem","20":"product_cat-saderinasanas-gredzens-ar-safiru","21":"product_cat-safirs-juvelierizstradajumi-ar-safiriem","22":"product_cat-valentindienas-davanas","23":"product_cat-ziemassvetku-davanas","24":"product_cat-zils-dargakmens","25":"desktop-align-center","26":"tablet-align-left","27":"mobile-align-left","28":"ast-product-gallery-layout-horizontal-slider","29":"ast-product-gallery-with-no-image","30":"ast-product-tabs-layout-accordion","31":"ast-qv-on-image","33":"first","34":"instock","35":"taxable","36":"shipping-taxable","37":"purchasable","38":"product-type-simple"},"yoast_head":"<!-- This site is optimized with the Yoast SEO plugin v26.6 - https:\/\/yoast.com\/wordpress\/plugins\/seo\/ -->\n<title>Sapf\u012bru l\u0101s\u012btes \u2013 Izcila skaistuma gredzens ar l\u0101sveida sapf\u012briem un dimantiem - FashionGold.lt<\/title>\n<meta name=\"robots\" content=\"index, follow, max-snippet:-1, max-image-preview:large, max-video-preview:-1\" \/>\n<link rel=\"canonical\" href=\"https:\/\/fashiongold.lt\/lv\/rotaslieta\/sapfiru-lasites-izcila-skaistuma-gredzens-ar-lasveida-sapfiriem-un-dimantiem\/\" \/>\n<meta property=\"og:locale\" content=\"lv_LV\" \/>\n<meta property=\"og:type\" content=\"article\" \/>\n<meta property=\"og:title\" content=\"Sapf\u012bru l\u0101s\u012btes \u2013 Izcila skaistuma gredzens ar l\u0101sveida sapf\u012briem un dimantiem - FashionGold.lt\" \/>\n<meta property=\"og:description\" content=\"Elegants saf\u012bru gredzens ar ziliem l\u0101ses formas saf\u012briem un 140 dimantiem, kas iestr\u0101d\u0101ti st\u012bpi\u0146\u0101.\" \/>\n<meta property=\"og:url\" content=\"https:\/\/fashiongold.lt\/lv\/rotaslieta\/sapfiru-lasites-izcila-skaistuma-gredzens-ar-lasveida-sapfiriem-un-dimantiem\/\" \/>\n<meta property=\"og:site_name\" content=\"FashionGold.lt\" \/>\n<meta property=\"og:image\" content=\"https:\/\/fashiongold.lt\/wp-content\/uploads\/2025\/10\/1387-f88-Suzadetuviu-ziedas-su-safyrais-Laseliai.webp\" \/>\n\t<meta property=\"og:image:width\" content=\"2253\" \/>\n\t<meta property=\"og:image:height\" content=\"2011\" \/>\n\t<meta property=\"og:image:type\" content=\"image\/jpeg\" \/>\n<meta name=\"twitter:card\" content=\"summary_large_image\" \/>\n<meta name=\"twitter:label1\" content=\"Est. reading time\" \/>\n\t<meta name=\"twitter:data1\" content=\"1 minute\" \/>\n<script type=\"application\/ld+json\" class=\"yoast-schema-graph\">{\"@context\":\"https:\/\/schema.org\",\"@graph\":[{\"@type\":\"WebPage\",\"@id\":\"https:\/\/fashiongold.lt\/lv\/rotaslieta\/sapfiru-lasites-izcila-skaistuma-gredzens-ar-lasveida-sapfiriem-un-dimantiem\/\",\"url\":\"https:\/\/fashiongold.lt\/lv\/rotaslieta\/sapfiru-lasites-izcila-skaistuma-gredzens-ar-lasveida-sapfiriem-un-dimantiem\/\",\"name\":\"Sapf\u012bru l\u0101s\u012btes \u2013 Izcila skaistuma gredzens ar l\u0101sveida sapf\u012briem un dimantiem - FashionGold.lt\",\"isPartOf\":{\"@id\":\"https:\/\/fashiongold.lt\/lv\/#website\"},\"primaryImageOfPage\":{\"@id\":\"https:\/\/fashiongold.lt\/lv\/rotaslieta\/sapfiru-lasites-izcila-skaistuma-gredzens-ar-lasveida-sapfiriem-un-dimantiem\/#primaryimage\"},\"image\":{\"@id\":\"https:\/\/fashiongold.lt\/lv\/rotaslieta\/sapfiru-lasites-izcila-skaistuma-gredzens-ar-lasveida-sapfiriem-un-dimantiem\/#primaryimage\"},\"thumbnailUrl\":\"https:\/\/fashiongold.lt\/wp-content\/uploads\/2025\/10\/1387-f88-Suzadetuviu-ziedas-su-safyrais-Laseliai.jpg\",\"datePublished\":\"2025-10-09T17:36:48+00:00\",\"breadcrumb\":{\"@id\":\"https:\/\/fashiongold.lt\/lv\/rotaslieta\/sapfiru-lasites-izcila-skaistuma-gredzens-ar-lasveida-sapfiriem-un-dimantiem\/#breadcrumb\"},\"inLanguage\":\"lv-LV\",\"potentialAction\":[{\"@type\":\"ReadAction\",\"target\":[\"https:\/\/fashiongold.lt\/lv\/rotaslieta\/sapfiru-lasites-izcila-skaistuma-gredzens-ar-lasveida-sapfiriem-un-dimantiem\/\"]}]},{\"@type\":\"ImageObject\",\"inLanguage\":\"lv-LV\",\"@id\":\"https:\/\/fashiongold.lt\/lv\/rotaslieta\/sapfiru-lasites-izcila-skaistuma-gredzens-ar-lasveida-sapfiriem-un-dimantiem\/#primaryimage\",\"url\":\"https:\/\/fashiongold.lt\/wp-content\/uploads\/2025\/10\/1387-f88-Suzadetuviu-ziedas-su-safyrais-Laseliai.jpg\",\"contentUrl\":\"https:\/\/fashiongold.lt\/wp-content\/uploads\/2025\/10\/1387-f88-Suzadetuviu-ziedas-su-safyrais-Laseliai.jpg\",\"width\":2253,\"height\":2011},{\"@type\":\"BreadcrumbList\",\"@id\":\"https:\/\/fashiongold.lt\/lv\/rotaslieta\/sapfiru-lasites-izcila-skaistuma-gredzens-ar-lasveida-sapfiriem-un-dimantiem\/#breadcrumb\",\"itemListElement\":[{\"@type\":\"ListItem\",\"position\":1,\"name\":\"Home\",\"item\":\"https:\/\/fashiongold.lt\/lv\/\"},{\"@type\":\"ListItem\",\"position\":2,\"name\":\"Dimantu veikals Fashiongold.lt\",\"item\":\"https:\/\/fashiongold.lt\/shop-2\/\"},{\"@type\":\"ListItem\",\"position\":3,\"name\":\"Sapf\u012bru l\u0101s\u012btes \u2013 Izcila skaistuma gredzens ar l\u0101sveida sapf\u012briem un dimantiem\"}]},{\"@type\":\"WebSite\",\"@id\":\"https:\/\/fashiongold.lt\/lv\/#website\",\"url\":\"https:\/\/fashiongold.lt\/lv\/\",\"name\":\"Fashion Gold\",\"description\":\"Juvelierizstr\u0101d\u0101jumu nams\",\"publisher\":{\"@id\":\"https:\/\/fashiongold.lt\/lv\/#organization\"},\"potentialAction\":[{\"@type\":\"SearchAction\",\"target\":{\"@type\":\"EntryPoint\",\"urlTemplate\":\"https:\/\/fashiongold.lt\/lv\/?s={search_term_string}\"},\"query-input\":{\"@type\":\"PropertyValueSpecification\",\"valueRequired\":true,\"valueName\":\"search_term_string\"}}],\"inLanguage\":\"lv-LV\"},{\"@type\":\"Organization\",\"@id\":\"https:\/\/fashiongold.lt\/lv\/#organization\",\"name\":\"Topdiamonds Online\",\"url\":\"https:\/\/fashiongold.lt\/lv\/\",\"logo\":{\"@type\":\"ImageObject\",\"inLanguage\":\"lv-LV\",\"@id\":\"https:\/\/fashiongold.lt\/lv\/#\/schema\/logo\/image\/\",\"url\":\"https:\/\/fashiongold.lt\/wp-content\/uploads\/2025\/04\/cropped-fashion_gold_logotipas2-scaled-1.png\",\"contentUrl\":\"https:\/\/fashiongold.lt\/wp-content\/uploads\/2025\/04\/cropped-fashion_gold_logotipas2-scaled-1.png\",\"width\":2559,\"height\":421,\"caption\":\"Topdiamonds Online\"},\"image\":{\"@id\":\"https:\/\/fashiongold.lt\/lv\/#\/schema\/logo\/image\/\"}}]}<\/script>\n<!-- \/ Yoast SEO plugin. -->","yoast_head_json":{"title":"Sapf\u012bru l\u0101s\u012btes \u2013 Izcila skaistuma gredzens ar l\u0101sveida sapf\u012briem un dimantiem - FashionGold.lt","robots":{"index":"index","follow":"follow","max-snippet":"max-snippet:-1","max-image-preview":"max-image-preview:large","max-video-preview":"max-video-preview:-1"},"canonical":"https:\/\/fashiongold.lt\/lv\/rotaslieta\/sapfiru-lasites-izcila-skaistuma-gredzens-ar-lasveida-sapfiriem-un-dimantiem\/","og_locale":"lv_LV","og_type":"article","og_title":"Sapf\u012bru l\u0101s\u012btes \u2013 Izcila skaistuma gredzens ar l\u0101sveida sapf\u012briem un dimantiem - FashionGold.lt","og_description":"Elegants saf\u012bru gredzens ar ziliem l\u0101ses formas saf\u012briem un 140 dimantiem, kas iestr\u0101d\u0101ti st\u012bpi\u0146\u0101.","og_url":"https:\/\/fashiongold.lt\/lv\/rotaslieta\/sapfiru-lasites-izcila-skaistuma-gredzens-ar-lasveida-sapfiriem-un-dimantiem\/","og_site_name":"FashionGold.lt","og_image":[{"width":2253,"height":2011,"url":"https:\/\/fashiongold.lt\/wp-content\/uploads\/2025\/10\/1387-f88-Suzadetuviu-ziedas-su-safyrais-Laseliai.webp","type":"image\/jpeg"}],"twitter_card":"summary_large_image","twitter_misc":{"Est. reading time":"1 minute"},"schema":{"@context":"https:\/\/schema.org","@graph":[{"@type":"WebPage","@id":"https:\/\/fashiongold.lt\/lv\/rotaslieta\/sapfiru-lasites-izcila-skaistuma-gredzens-ar-lasveida-sapfiriem-un-dimantiem\/","url":"https:\/\/fashiongold.lt\/lv\/rotaslieta\/sapfiru-lasites-izcila-skaistuma-gredzens-ar-lasveida-sapfiriem-un-dimantiem\/","name":"Sapf\u012bru l\u0101s\u012btes \u2013 Izcila skaistuma gredzens ar l\u0101sveida sapf\u012briem un dimantiem - FashionGold.lt","isPartOf":{"@id":"https:\/\/fashiongold.lt\/lv\/#website"},"primaryImageOfPage":{"@id":"https:\/\/fashiongold.lt\/lv\/rotaslieta\/sapfiru-lasites-izcila-skaistuma-gredzens-ar-lasveida-sapfiriem-un-dimantiem\/#primaryimage"},"image":{"@id":"https:\/\/fashiongold.lt\/lv\/rotaslieta\/sapfiru-lasites-izcila-skaistuma-gredzens-ar-lasveida-sapfiriem-un-dimantiem\/#primaryimage"},"thumbnailUrl":"https:\/\/fashiongold.lt\/wp-content\/uploads\/2025\/10\/1387-f88-Suzadetuviu-ziedas-su-safyrais-Laseliai.jpg","datePublished":"2025-10-09T17:36:48+00:00","breadcrumb":{"@id":"https:\/\/fashiongold.lt\/lv\/rotaslieta\/sapfiru-lasites-izcila-skaistuma-gredzens-ar-lasveida-sapfiriem-un-dimantiem\/#breadcrumb"},"inLanguage":"lv-LV","potentialAction":[{"@type":"ReadAction","target":["https:\/\/fashiongold.lt\/lv\/rotaslieta\/sapfiru-lasites-izcila-skaistuma-gredzens-ar-lasveida-sapfiriem-un-dimantiem\/"]}]},{"@type":"ImageObject","inLanguage":"lv-LV","@id":"https:\/\/fashiongold.lt\/lv\/rotaslieta\/sapfiru-lasites-izcila-skaistuma-gredzens-ar-lasveida-sapfiriem-un-dimantiem\/#primaryimage","url":"https:\/\/fashiongold.lt\/wp-content\/uploads\/2025\/10\/1387-f88-Suzadetuviu-ziedas-su-safyrais-Laseliai.jpg","contentUrl":"https:\/\/fashiongold.lt\/wp-content\/uploads\/2025\/10\/1387-f88-Suzadetuviu-ziedas-su-safyrais-Laseliai.jpg","width":2253,"height":2011},{"@type":"BreadcrumbList","@id":"https:\/\/fashiongold.lt\/lv\/rotaslieta\/sapfiru-lasites-izcila-skaistuma-gredzens-ar-lasveida-sapfiriem-un-dimantiem\/#breadcrumb","itemListElement":[{"@type":"ListItem","position":1,"name":"Home","item":"https:\/\/fashiongold.lt\/lv\/"},{"@type":"ListItem","position":2,"name":"Dimantu veikals Fashiongold.lt","item":"https:\/\/fashiongold.lt\/shop-2\/"},{"@type":"ListItem","position":3,"name":"Sapf\u012bru l\u0101s\u012btes \u2013 Izcila skaistuma gredzens ar l\u0101sveida sapf\u012briem un dimantiem"}]},{"@type":"WebSite","@id":"https:\/\/fashiongold.lt\/lv\/#website","url":"https:\/\/fashiongold.lt\/lv\/","name":"Fashion Gold","description":"Juvelierizstr\u0101d\u0101jumu nams","publisher":{"@id":"https:\/\/fashiongold.lt\/lv\/#organization"},"potentialAction":[{"@type":"SearchAction","target":{"@type":"EntryPoint","urlTemplate":"https:\/\/fashiongold.lt\/lv\/?s={search_term_string}"},"query-input":{"@type":"PropertyValueSpecification","valueRequired":true,"valueName":"search_term_string"}}],"inLanguage":"lv-LV"},{"@type":"Organization","@id":"https:\/\/fashiongold.lt\/lv\/#organization","name":"Topdiamonds Online","url":"https:\/\/fashiongold.lt\/lv\/","logo":{"@type":"ImageObject","inLanguage":"lv-LV","@id":"https:\/\/fashiongold.lt\/lv\/#\/schema\/logo\/image\/","url":"https:\/\/fashiongold.lt\/wp-content\/uploads\/2025\/04\/cropped-fashion_gold_logotipas2-scaled-1.png","contentUrl":"https:\/\/fashiongold.lt\/wp-content\/uploads\/2025\/04\/cropped-fashion_gold_logotipas2-scaled-1.png","width":2559,"height":421,"caption":"Topdiamonds Online"},"image":{"@id":"https:\/\/fashiongold.lt\/lv\/#\/schema\/logo\/image\/"}}]}},"_links":{"self":[{"href":"https:\/\/fashiongold.lt\/lv\/wp-json\/wp\/v2\/product\/288673","targetHints":{"allow":["GET"]}}],"collection":[{"href":"https:\/\/fashiongold.lt\/lv\/wp-json\/wp\/v2\/product"}],"about":[{"href":"https:\/\/fashiongold.lt\/lv\/wp-json\/wp\/v2\/types\/product"}],"version-history":[{"count":0,"href":"https:\/\/fashiongold.lt\/lv\/wp-json\/wp\/v2\/product\/288673\/revisions"}],"wp:featuredmedia":[{"embeddable":true,"href":"https:\/\/fashiongold.lt\/lv\/wp-json\/wp\/v2\/media\/50769"}],"wp:attachment":[{"href":"https:\/\/fashiongold.lt\/lv\/wp-json\/wp\/v2\/media?parent=288673"}],"wp:term":[{"taxonomy":"product_brand","embeddable":true,"href":"https:\/\/fashiongold.lt\/lv\/wp-json\/wp\/v2\/product_brand?post=288673"},{"taxonomy":"product_cat","embeddable":true,"href":"https:\/\/fashiongold.lt\/lv\/wp-json\/wp\/v2\/product_cat?post=288673"},{"taxonomy":"product_tag","embeddable":true,"href":"https:\/\/fashiongold.lt\/lv\/wp-json\/wp\/v2\/product_tag?post=288673"}],"curies":[{"name":"wp","href":"https:\/\/api.w.org\/{rel}","templated":true}]}}