{"id":288693,"date":"2025-10-09T17:35:02","date_gmt":"2025-10-09T17:35:02","guid":{"rendered":"https:\/\/fashiongold.lt\/papuosalas\/zelta-gredzens-armonie\/"},"modified":"2025-10-09T17:35:02","modified_gmt":"2025-10-09T17:35:02","slug":"zelta-gredzens-armonie","status":"publish","type":"product","link":"https:\/\/fashiongold.lt\/lv\/papuosalas\/zelta-gredzens-armonie\/","title":{"rendered":"Zelta gredzens \u201eArmonie\u201d"},"content":{"rendered":"<p>Iespaid\u012bgs gredzens no it\u0101\u013cu juvelierizstr\u0101d\u0101jumu dizainera Giovanni Ferraris kolekcijas &#8220;Armonie&#8221;.<\/p>\n<p>Gredzeni izgatavoti no 750. proves zelta.<\/p>\n<p>Svars 10,30 g,<\/p>\n<p>Vien\u0101 gredzen\u0101 ir pat 1,32 ct briljantu.<\/p>\n<p>Cena nor\u0101d\u012bta par vienu izv\u0113l\u0113t\u0101s kr\u0101sas gredzenu.<\/p>\n<p>Pieg\u0101des laiks &#8211; 14 d. d.<\/p>\n","protected":false},"excerpt":{"rendered":"<p>Iespaid\u012bgs gredzens no Giovanni Ferraris \u201eArmonie\u201d kolekcijas.\u00a0<\/p>\n","protected":false},"featured_media":50527,"template":"","meta":{"site-sidebar-layout":"","site-content-layout":"","ast-site-content-layout":"","site-content-style":"","site-sidebar-style":"","ast-global-header-display":"","ast-banner-title-visibility":"","ast-main-header-display":"","ast-hfb-above-header-display":"","ast-hfb-below-header-display":"","ast-hfb-mobile-header-display":"","site-post-title":"","ast-breadcrumbs-content":"","ast-featured-img":"","footer-sml-layout":"","ast-disable-related-posts":"","theme-transparent-header-meta":"","adv-header-id-meta":"","stick-header-meta":"","header-above-stick-meta":"","header-main-stick-meta":"","header-below-stick-meta":"","astra-migrate-meta-layouts":"default","ast-page-background-enabled":"default","ast-page-background-meta":{"desktop":{"background-color":"var(--ast-global-color-4)","background-image":"","background-repeat":"repeat","background-position":"center center","background-size":"auto","background-attachment":"scroll","background-type":"","background-media":"","overlay-type":"","overlay-color":"","overlay-opacity":"","overlay-gradient":""},"tablet":{"background-color":"","background-image":"","background-repeat":"repeat","background-position":"center center","background-size":"auto","background-attachment":"scroll","background-type":"","background-media":"","overlay-type":"","overlay-color":"","overlay-opacity":"","overlay-gradient":""},"mobile":{"background-color":"","background-image":"","background-repeat":"repeat","background-position":"center center","background-size":"auto","background-attachment":"scroll","background-type":"","background-media":"","overlay-type":"","overlay-color":"","overlay-opacity":"","overlay-gradient":""}},"ast-content-background-meta":{"desktop":{"background-color":"var(--ast-global-color-5)","background-image":"","background-repeat":"repeat","background-position":"center center","background-size":"auto","background-attachment":"scroll","background-type":"","background-media":"","overlay-type":"","overlay-color":"","overlay-opacity":"","overlay-gradient":""},"tablet":{"background-color":"var(--ast-global-color-5)","background-image":"","background-repeat":"repeat","background-position":"center center","background-size":"auto","background-attachment":"scroll","background-type":"","background-media":"","overlay-type":"","overlay-color":"","overlay-opacity":"","overlay-gradient":""},"mobile":{"background-color":"var(--ast-global-color-5)","background-image":"","background-repeat":"repeat","background-position":"center center","background-size":"auto","background-attachment":"scroll","background-type":"","background-media":"","overlay-type":"","overlay-color":"","overlay-opacity":"","overlay-gradient":""}}},"product_brand":[],"product_cat":[2915,2913,2921,2920,3403,2916,2914,3453,3042,2922,2936,2918],"product_tag":[],"class_list":{"0":"post-288693","1":"product","2":"type-product","3":"status-publish","4":"has-post-thumbnail","6":"product_cat-davanas-berna-piedzimsanai","7":"product_cat-davanas-dzimsanas-diena","8":"product_cat-davanas-ipasiem-gadijumiem","9":"product_cat-davanas-izlaidumam","10":"product_cat-davanas-kazam","11":"product_cat-davanas-kazu-gadadiena","12":"product_cat-davanas-sievietem","13":"product_cat-gredzeni-ar-dimantiem","14":"product_cat-juvelierizstradajumi","15":"product_cat-mates-dienas-davanas","16":"product_cat-valentindienas-davanas","17":"product_cat-ziemassvetku-davanas","18":"desktop-align-center","19":"tablet-align-left","20":"mobile-align-left","21":"ast-product-gallery-layout-horizontal-slider","22":"ast-product-gallery-with-no-image","23":"ast-product-tabs-layout-accordion","24":"ast-qv-on-image","26":"first","27":"instock","28":"taxable","29":"shipping-taxable","30":"purchasable","31":"product-type-simple"},"yoast_head":"<!-- This site is optimized with the Yoast SEO plugin v26.6 - https:\/\/yoast.com\/wordpress\/plugins\/seo\/ -->\n<title>Iespaid\u012bgs gredzens no Giovanni Ferraris \u201eArmonie\u201d kolekcijas.<\/title>\n<meta name=\"description\" content=\"Iespaid\u012bgs sievie\u0161u gredzens ar briljantiem no it\u0101\u013cu juvelierizstr\u0101d\u0101jumu dizainera Giovanni Ferraris kolekcijas \u201eArmonie\u201c. Gredzeni izgatavoti no 750. proves zelta.\" \/>\n<meta name=\"robots\" content=\"index, follow, max-snippet:-1, max-image-preview:large, max-video-preview:-1\" \/>\n<link rel=\"canonical\" href=\"https:\/\/fashiongold.lt\/lv\/papuosalas\/zelta-gredzens-armonie\/\" \/>\n<meta property=\"og:locale\" content=\"lv_LV\" \/>\n<meta property=\"og:type\" content=\"article\" \/>\n<meta property=\"og:title\" content=\"Iespaid\u012bgs gredzens no Giovanni Ferraris \u201eArmonie\u201d kolekcijas.\" \/>\n<meta property=\"og:description\" content=\"Iespaid\u012bgs sievie\u0161u gredzens ar briljantiem no it\u0101\u013cu juvelierizstr\u0101d\u0101jumu dizainera Giovanni Ferraris kolekcijas \u201eArmonie\u201c. Gredzeni izgatavoti no 750. proves zelta.\" \/>\n<meta property=\"og:url\" content=\"https:\/\/fashiongold.lt\/lv\/papuosalas\/zelta-gredzens-armonie\/\" \/>\n<meta property=\"og:site_name\" content=\"FashionGold.lt\" \/>\n<meta property=\"og:image\" content=\"https:\/\/fashiongold.lt\/wp-content\/uploads\/2025\/10\/1350-8a4-Auksinis-ziedas-Armonie.webp\" \/>\n\t<meta property=\"og:image:width\" content=\"940\" \/>\n\t<meta property=\"og:image:height\" content=\"788\" \/>\n\t<meta property=\"og:image:type\" content=\"image\/jpeg\" \/>\n<meta name=\"twitter:card\" content=\"summary_large_image\" \/>\n<script type=\"application\/ld+json\" class=\"yoast-schema-graph\">{\"@context\":\"https:\/\/schema.org\",\"@graph\":[{\"@type\":\"WebPage\",\"@id\":\"https:\/\/fashiongold.lt\/lv\/papuosalas\/zelta-gredzens-armonie\/\",\"url\":\"https:\/\/fashiongold.lt\/lv\/papuosalas\/zelta-gredzens-armonie\/\",\"name\":\"Iespaid\u012bgs gredzens no Giovanni Ferraris \u201eArmonie\u201d kolekcijas.\",\"isPartOf\":{\"@id\":\"https:\/\/fashiongold.lt\/lv\/#website\"},\"primaryImageOfPage\":{\"@id\":\"https:\/\/fashiongold.lt\/lv\/papuosalas\/zelta-gredzens-armonie\/#primaryimage\"},\"image\":{\"@id\":\"https:\/\/fashiongold.lt\/lv\/papuosalas\/zelta-gredzens-armonie\/#primaryimage\"},\"thumbnailUrl\":\"https:\/\/fashiongold.lt\/wp-content\/uploads\/2025\/10\/1350-8a4-Auksinis-ziedas-Armonie.jpg\",\"datePublished\":\"2025-10-09T17:35:02+00:00\",\"description\":\"Iespaid\u012bgs sievie\u0161u gredzens ar briljantiem no it\u0101\u013cu juvelierizstr\u0101d\u0101jumu dizainera Giovanni Ferraris kolekcijas \u201eArmonie\u201c. Gredzeni izgatavoti no 750. proves zelta.\",\"breadcrumb\":{\"@id\":\"https:\/\/fashiongold.lt\/lv\/papuosalas\/zelta-gredzens-armonie\/#breadcrumb\"},\"inLanguage\":\"lv-LV\",\"potentialAction\":[{\"@type\":\"ReadAction\",\"target\":[\"https:\/\/fashiongold.lt\/lv\/papuosalas\/zelta-gredzens-armonie\/\"]}]},{\"@type\":\"ImageObject\",\"inLanguage\":\"lv-LV\",\"@id\":\"https:\/\/fashiongold.lt\/lv\/papuosalas\/zelta-gredzens-armonie\/#primaryimage\",\"url\":\"https:\/\/fashiongold.lt\/wp-content\/uploads\/2025\/10\/1350-8a4-Auksinis-ziedas-Armonie.jpg\",\"contentUrl\":\"https:\/\/fashiongold.lt\/wp-content\/uploads\/2025\/10\/1350-8a4-Auksinis-ziedas-Armonie.jpg\",\"width\":940,\"height\":788},{\"@type\":\"BreadcrumbList\",\"@id\":\"https:\/\/fashiongold.lt\/lv\/papuosalas\/zelta-gredzens-armonie\/#breadcrumb\",\"itemListElement\":[{\"@type\":\"ListItem\",\"position\":1,\"name\":\"Home\",\"item\":\"https:\/\/fashiongold.lt\/lv\/\"},{\"@type\":\"ListItem\",\"position\":2,\"name\":\"Dimantu veikals Fashiongold.lt\",\"item\":\"https:\/\/fashiongold.lt\/shop-2\/\"},{\"@type\":\"ListItem\",\"position\":3,\"name\":\"Zelta gredzens \u201eArmonie\u201d\"}]},{\"@type\":\"WebSite\",\"@id\":\"https:\/\/fashiongold.lt\/lv\/#website\",\"url\":\"https:\/\/fashiongold.lt\/lv\/\",\"name\":\"Fashion Gold\",\"description\":\"Juvelyrikos namai\",\"publisher\":{\"@id\":\"https:\/\/fashiongold.lt\/lv\/#organization\"},\"potentialAction\":[{\"@type\":\"SearchAction\",\"target\":{\"@type\":\"EntryPoint\",\"urlTemplate\":\"https:\/\/fashiongold.lt\/lv\/?s={search_term_string}\"},\"query-input\":{\"@type\":\"PropertyValueSpecification\",\"valueRequired\":true,\"valueName\":\"search_term_string\"}}],\"inLanguage\":\"lv-LV\"},{\"@type\":\"Organization\",\"@id\":\"https:\/\/fashiongold.lt\/lv\/#organization\",\"name\":\"Topdiamonds Online\",\"url\":\"https:\/\/fashiongold.lt\/lv\/\",\"logo\":{\"@type\":\"ImageObject\",\"inLanguage\":\"lv-LV\",\"@id\":\"https:\/\/fashiongold.lt\/lv\/#\/schema\/logo\/image\/\",\"url\":\"https:\/\/fashiongold.lt\/wp-content\/uploads\/2025\/04\/cropped-fashion_gold_logotipas2-scaled-1.png\",\"contentUrl\":\"https:\/\/fashiongold.lt\/wp-content\/uploads\/2025\/04\/cropped-fashion_gold_logotipas2-scaled-1.png\",\"width\":2559,\"height\":421,\"caption\":\"Topdiamonds Online\"},\"image\":{\"@id\":\"https:\/\/fashiongold.lt\/lv\/#\/schema\/logo\/image\/\"}}]}<\/script>\n<!-- \/ Yoast SEO plugin. -->","yoast_head_json":{"title":"Iespaid\u012bgs gredzens no Giovanni Ferraris \u201eArmonie\u201d kolekcijas.","description":"Iespaid\u012bgs sievie\u0161u gredzens ar briljantiem no it\u0101\u013cu juvelierizstr\u0101d\u0101jumu dizainera Giovanni Ferraris kolekcijas \u201eArmonie\u201c. Gredzeni izgatavoti no 750. proves zelta.","robots":{"index":"index","follow":"follow","max-snippet":"max-snippet:-1","max-image-preview":"max-image-preview:large","max-video-preview":"max-video-preview:-1"},"canonical":"https:\/\/fashiongold.lt\/lv\/papuosalas\/zelta-gredzens-armonie\/","og_locale":"lv_LV","og_type":"article","og_title":"Iespaid\u012bgs gredzens no Giovanni Ferraris \u201eArmonie\u201d kolekcijas.","og_description":"Iespaid\u012bgs sievie\u0161u gredzens ar briljantiem no it\u0101\u013cu juvelierizstr\u0101d\u0101jumu dizainera Giovanni Ferraris kolekcijas \u201eArmonie\u201c. Gredzeni izgatavoti no 750. proves zelta.","og_url":"https:\/\/fashiongold.lt\/lv\/papuosalas\/zelta-gredzens-armonie\/","og_site_name":"FashionGold.lt","og_image":[{"width":940,"height":788,"url":"https:\/\/fashiongold.lt\/wp-content\/uploads\/2025\/10\/1350-8a4-Auksinis-ziedas-Armonie.webp","type":"image\/jpeg"}],"twitter_card":"summary_large_image","schema":{"@context":"https:\/\/schema.org","@graph":[{"@type":"WebPage","@id":"https:\/\/fashiongold.lt\/lv\/papuosalas\/zelta-gredzens-armonie\/","url":"https:\/\/fashiongold.lt\/lv\/papuosalas\/zelta-gredzens-armonie\/","name":"Iespaid\u012bgs gredzens no Giovanni Ferraris \u201eArmonie\u201d kolekcijas.","isPartOf":{"@id":"https:\/\/fashiongold.lt\/lv\/#website"},"primaryImageOfPage":{"@id":"https:\/\/fashiongold.lt\/lv\/papuosalas\/zelta-gredzens-armonie\/#primaryimage"},"image":{"@id":"https:\/\/fashiongold.lt\/lv\/papuosalas\/zelta-gredzens-armonie\/#primaryimage"},"thumbnailUrl":"https:\/\/fashiongold.lt\/wp-content\/uploads\/2025\/10\/1350-8a4-Auksinis-ziedas-Armonie.jpg","datePublished":"2025-10-09T17:35:02+00:00","description":"Iespaid\u012bgs sievie\u0161u gredzens ar briljantiem no it\u0101\u013cu juvelierizstr\u0101d\u0101jumu dizainera Giovanni Ferraris kolekcijas \u201eArmonie\u201c. Gredzeni izgatavoti no 750. proves zelta.","breadcrumb":{"@id":"https:\/\/fashiongold.lt\/lv\/papuosalas\/zelta-gredzens-armonie\/#breadcrumb"},"inLanguage":"lv-LV","potentialAction":[{"@type":"ReadAction","target":["https:\/\/fashiongold.lt\/lv\/papuosalas\/zelta-gredzens-armonie\/"]}]},{"@type":"ImageObject","inLanguage":"lv-LV","@id":"https:\/\/fashiongold.lt\/lv\/papuosalas\/zelta-gredzens-armonie\/#primaryimage","url":"https:\/\/fashiongold.lt\/wp-content\/uploads\/2025\/10\/1350-8a4-Auksinis-ziedas-Armonie.jpg","contentUrl":"https:\/\/fashiongold.lt\/wp-content\/uploads\/2025\/10\/1350-8a4-Auksinis-ziedas-Armonie.jpg","width":940,"height":788},{"@type":"BreadcrumbList","@id":"https:\/\/fashiongold.lt\/lv\/papuosalas\/zelta-gredzens-armonie\/#breadcrumb","itemListElement":[{"@type":"ListItem","position":1,"name":"Home","item":"https:\/\/fashiongold.lt\/lv\/"},{"@type":"ListItem","position":2,"name":"Dimantu veikals Fashiongold.lt","item":"https:\/\/fashiongold.lt\/shop-2\/"},{"@type":"ListItem","position":3,"name":"Zelta gredzens \u201eArmonie\u201d"}]},{"@type":"WebSite","@id":"https:\/\/fashiongold.lt\/lv\/#website","url":"https:\/\/fashiongold.lt\/lv\/","name":"Fashion Gold","description":"Juvelyrikos namai","publisher":{"@id":"https:\/\/fashiongold.lt\/lv\/#organization"},"potentialAction":[{"@type":"SearchAction","target":{"@type":"EntryPoint","urlTemplate":"https:\/\/fashiongold.lt\/lv\/?s={search_term_string}"},"query-input":{"@type":"PropertyValueSpecification","valueRequired":true,"valueName":"search_term_string"}}],"inLanguage":"lv-LV"},{"@type":"Organization","@id":"https:\/\/fashiongold.lt\/lv\/#organization","name":"Topdiamonds Online","url":"https:\/\/fashiongold.lt\/lv\/","logo":{"@type":"ImageObject","inLanguage":"lv-LV","@id":"https:\/\/fashiongold.lt\/lv\/#\/schema\/logo\/image\/","url":"https:\/\/fashiongold.lt\/wp-content\/uploads\/2025\/04\/cropped-fashion_gold_logotipas2-scaled-1.png","contentUrl":"https:\/\/fashiongold.lt\/wp-content\/uploads\/2025\/04\/cropped-fashion_gold_logotipas2-scaled-1.png","width":2559,"height":421,"caption":"Topdiamonds Online"},"image":{"@id":"https:\/\/fashiongold.lt\/lv\/#\/schema\/logo\/image\/"}}]}},"_links":{"self":[{"href":"https:\/\/fashiongold.lt\/lv\/wp-json\/wp\/v2\/product\/288693","targetHints":{"allow":["GET"]}}],"collection":[{"href":"https:\/\/fashiongold.lt\/lv\/wp-json\/wp\/v2\/product"}],"about":[{"href":"https:\/\/fashiongold.lt\/lv\/wp-json\/wp\/v2\/types\/product"}],"version-history":[{"count":0,"href":"https:\/\/fashiongold.lt\/lv\/wp-json\/wp\/v2\/product\/288693\/revisions"}],"wp:featuredmedia":[{"embeddable":true,"href":"https:\/\/fashiongold.lt\/lv\/wp-json\/wp\/v2\/media\/50527"}],"wp:attachment":[{"href":"https:\/\/fashiongold.lt\/lv\/wp-json\/wp\/v2\/media?parent=288693"}],"wp:term":[{"taxonomy":"product_brand","embeddable":true,"href":"https:\/\/fashiongold.lt\/lv\/wp-json\/wp\/v2\/product_brand?post=288693"},{"taxonomy":"product_cat","embeddable":true,"href":"https:\/\/fashiongold.lt\/lv\/wp-json\/wp\/v2\/product_cat?post=288693"},{"taxonomy":"product_tag","embeddable":true,"href":"https:\/\/fashiongold.lt\/lv\/wp-json\/wp\/v2\/product_tag?post=288693"}],"curies":[{"name":"wp","href":"https:\/\/api.w.org\/{rel}","templated":true}]}}