{"id":288728,"date":"2025-10-09T17:32:50","date_gmt":"2025-10-09T17:32:50","guid":{"rendered":"https:\/\/fashiongold.lt\/papuosalas\/matets-laulibu-gredzens-6mm\/"},"modified":"2025-10-09T17:32:50","modified_gmt":"2025-10-09T17:32:50","slug":"matets-laulibu-gredzens-6mm","status":"publish","type":"product","link":"https:\/\/fashiongold.lt\/lv\/papuosalas\/matets-laulibu-gredzens-6mm\/","title":{"rendered":"Mat\u0113ts laul\u012bbu gredzens (6mm)"},"content":{"rendered":"<p>585. proves balt\u0101 zelta gredzens, kura virsma ir z\u012bdaini mat\u0113ta, kas pie\u0161\u0137ir gredzenam smalkumu.<\/p>\n<p>M\u0113s varam main\u012bt zelta kr\u0101su uz j\u016bsu v\u0113lamo &#8211; dzeltenu, sarkanu, roz\u0101 vai baltu.<\/p>\n<p>Gredzena platums &#8211; 6 mm<\/p>\n<p>Gredzena svars aptuveni 7-8,5 grami, atkar\u012bb\u0101 no izm\u0113ra.<\/p>\n<p>Varam izgatavot no j\u016bsu zelta &#8211; par cenu j\u0101vienojas info@fashiongold.lt<\/p>\n<p>Gredzena izgatavo\u0161anas termi\u0146\u0161 &#8211; 14 d.d.<\/p>\n","protected":false},"excerpt":{"rendered":"<p>Balt\u0101 zelta mat\u0113ts laul\u012bbas gredzens gan VI\u0145AM, gan VI\u0145AI.\u00a0<\/p>\n","protected":false},"featured_media":49963,"template":"","meta":{"site-sidebar-layout":"","site-content-layout":"","ast-site-content-layout":"","site-content-style":"","site-sidebar-style":"","ast-global-header-display":"","ast-banner-title-visibility":"","ast-main-header-display":"","ast-hfb-above-header-display":"","ast-hfb-below-header-display":"","ast-hfb-mobile-header-display":"","site-post-title":"","ast-breadcrumbs-content":"","ast-featured-img":"","footer-sml-layout":"","ast-disable-related-posts":"","theme-transparent-header-meta":"","adv-header-id-meta":"","stick-header-meta":"","header-above-stick-meta":"","header-main-stick-meta":"","header-below-stick-meta":"","astra-migrate-meta-layouts":"default","ast-page-background-enabled":"default","ast-page-background-meta":{"desktop":{"background-color":"var(--ast-global-color-4)","background-image":"","background-repeat":"repeat","background-position":"center center","background-size":"auto","background-attachment":"scroll","background-type":"","background-media":"","overlay-type":"","overlay-color":"","overlay-opacity":"","overlay-gradient":""},"tablet":{"background-color":"","background-image":"","background-repeat":"repeat","background-position":"center center","background-size":"auto","background-attachment":"scroll","background-type":"","background-media":"","overlay-type":"","overlay-color":"","overlay-opacity":"","overlay-gradient":""},"mobile":{"background-color":"","background-image":"","background-repeat":"repeat","background-position":"center center","background-size":"auto","background-attachment":"scroll","background-type":"","background-media":"","overlay-type":"","overlay-color":"","overlay-opacity":"","overlay-gradient":""}},"ast-content-background-meta":{"desktop":{"background-color":"var(--ast-global-color-5)","background-image":"","background-repeat":"repeat","background-position":"center center","background-size":"auto","background-attachment":"scroll","background-type":"","background-media":"","overlay-type":"","overlay-color":"","overlay-opacity":"","overlay-gradient":""},"tablet":{"background-color":"var(--ast-global-color-5)","background-image":"","background-repeat":"repeat","background-position":"center center","background-size":"auto","background-attachment":"scroll","background-type":"","background-media":"","overlay-type":"","overlay-color":"","overlay-opacity":"","overlay-gradient":""},"mobile":{"background-color":"var(--ast-global-color-5)","background-image":"","background-repeat":"repeat","background-position":"center center","background-size":"auto","background-attachment":"scroll","background-type":"","background-media":"","overlay-type":"","overlay-color":"","overlay-opacity":"","overlay-gradient":""}}},"product_brand":[],"product_cat":[3524,3523,3616,3769],"product_tag":[],"class_list":{"0":"post-288728","1":"product","2":"type-product","3":"status-publish","4":"has-post-thumbnail","6":"product_cat-kazu-gredzeni","7":"product_cat-klasiskie-laulibu-gredzeni","8":"product_cat-sieviesu-laulibu-gredzeni","9":"product_cat-viriesu-laulibu-gredzeni","10":"desktop-align-center","11":"tablet-align-left","12":"mobile-align-left","13":"ast-product-gallery-layout-horizontal-slider","14":"ast-product-gallery-with-no-image","15":"ast-product-single-variable","16":"ast-product-tabs-layout-accordion","17":"ast-qv-on-image","19":"first","20":"outofstock","21":"taxable","22":"shipping-taxable","23":"product-type-variable"},"yoast_head":"<!-- This site is optimized with the Yoast SEO plugin v26.6 - https:\/\/yoast.com\/wordpress\/plugins\/seo\/ -->\n<title>Mat\u0113ts laul\u012bbu gredzens (6mm)<\/title>\n<meta name=\"description\" content=\"laul\u012bbas gredzeni sievie\u0161u gredzeni klasiskie laul\u012bbas gredzeni;laul\u012bbas gredzenu cenas klasisko laul\u012bbas gredzenu cena; balt\u0101 zelta laul\u012bbas gredzeni\" \/>\n<meta name=\"robots\" content=\"index, follow, max-snippet:-1, max-image-preview:large, max-video-preview:-1\" \/>\n<link rel=\"canonical\" href=\"https:\/\/fashiongold.lt\/lv\/papuosalas\/matets-laulibu-gredzens-6mm\/\" \/>\n<meta property=\"og:locale\" content=\"lv_LV\" \/>\n<meta property=\"og:type\" content=\"article\" \/>\n<meta property=\"og:title\" content=\"Mat\u0113ts laul\u012bbu gredzens (6mm)\" \/>\n<meta property=\"og:description\" content=\"laul\u012bbas gredzeni sievie\u0161u gredzeni klasiskie laul\u012bbas gredzeni;laul\u012bbas gredzenu cenas klasisko laul\u012bbas gredzenu cena; balt\u0101 zelta laul\u012bbas gredzeni\" \/>\n<meta property=\"og:url\" content=\"https:\/\/fashiongold.lt\/lv\/papuosalas\/matets-laulibu-gredzens-6mm\/\" \/>\n<meta property=\"og:site_name\" content=\"FashionGold.lt\" \/>\n<meta property=\"og:image\" content=\"https:\/\/fashiongold.lt\/wp-content\/uploads\/2025\/10\/1214-d5c-Matinis-vestuvinis-ziedas-6mm.webp\" \/>\n\t<meta property=\"og:image:width\" content=\"1205\" \/>\n\t<meta property=\"og:image:height\" content=\"1264\" \/>\n\t<meta property=\"og:image:type\" content=\"image\/jpeg\" \/>\n<meta name=\"twitter:card\" content=\"summary_large_image\" \/>\n<script type=\"application\/ld+json\" class=\"yoast-schema-graph\">{\"@context\":\"https:\/\/schema.org\",\"@graph\":[{\"@type\":\"WebPage\",\"@id\":\"https:\/\/fashiongold.lt\/lv\/papuosalas\/matets-laulibu-gredzens-6mm\/\",\"url\":\"https:\/\/fashiongold.lt\/lv\/papuosalas\/matets-laulibu-gredzens-6mm\/\",\"name\":\"Mat\u0113ts laul\u012bbu gredzens (6mm)\",\"isPartOf\":{\"@id\":\"https:\/\/fashiongold.lt\/lv\/#website\"},\"primaryImageOfPage\":{\"@id\":\"https:\/\/fashiongold.lt\/lv\/papuosalas\/matets-laulibu-gredzens-6mm\/#primaryimage\"},\"image\":{\"@id\":\"https:\/\/fashiongold.lt\/lv\/papuosalas\/matets-laulibu-gredzens-6mm\/#primaryimage\"},\"thumbnailUrl\":\"https:\/\/fashiongold.lt\/wp-content\/uploads\/2025\/10\/1214-d5c-Matinis-vestuvinis-ziedas-6mm.jpg\",\"datePublished\":\"2025-10-09T17:32:50+00:00\",\"description\":\"laul\u012bbas gredzeni sievie\u0161u gredzeni klasiskie laul\u012bbas gredzeni;laul\u012bbas gredzenu cenas klasisko laul\u012bbas gredzenu cena; balt\u0101 zelta laul\u012bbas gredzeni\",\"breadcrumb\":{\"@id\":\"https:\/\/fashiongold.lt\/lv\/papuosalas\/matets-laulibu-gredzens-6mm\/#breadcrumb\"},\"inLanguage\":\"lv-LV\",\"potentialAction\":[{\"@type\":\"ReadAction\",\"target\":[\"https:\/\/fashiongold.lt\/lv\/papuosalas\/matets-laulibu-gredzens-6mm\/\"]}]},{\"@type\":\"ImageObject\",\"inLanguage\":\"lv-LV\",\"@id\":\"https:\/\/fashiongold.lt\/lv\/papuosalas\/matets-laulibu-gredzens-6mm\/#primaryimage\",\"url\":\"https:\/\/fashiongold.lt\/wp-content\/uploads\/2025\/10\/1214-d5c-Matinis-vestuvinis-ziedas-6mm.jpg\",\"contentUrl\":\"https:\/\/fashiongold.lt\/wp-content\/uploads\/2025\/10\/1214-d5c-Matinis-vestuvinis-ziedas-6mm.jpg\",\"width\":1205,\"height\":1264},{\"@type\":\"BreadcrumbList\",\"@id\":\"https:\/\/fashiongold.lt\/lv\/papuosalas\/matets-laulibu-gredzens-6mm\/#breadcrumb\",\"itemListElement\":[{\"@type\":\"ListItem\",\"position\":1,\"name\":\"Home\",\"item\":\"https:\/\/fashiongold.lt\/lv\/\"},{\"@type\":\"ListItem\",\"position\":2,\"name\":\"Dimantu veikals Fashiongold.lt\",\"item\":\"https:\/\/fashiongold.lt\/shop-2\/\"},{\"@type\":\"ListItem\",\"position\":3,\"name\":\"Mat\u0113ts laul\u012bbu gredzens (6mm)\"}]},{\"@type\":\"WebSite\",\"@id\":\"https:\/\/fashiongold.lt\/lv\/#website\",\"url\":\"https:\/\/fashiongold.lt\/lv\/\",\"name\":\"Fashion Gold\",\"description\":\"Juvelyrikos namai\",\"publisher\":{\"@id\":\"https:\/\/fashiongold.lt\/lv\/#organization\"},\"potentialAction\":[{\"@type\":\"SearchAction\",\"target\":{\"@type\":\"EntryPoint\",\"urlTemplate\":\"https:\/\/fashiongold.lt\/lv\/?s={search_term_string}\"},\"query-input\":{\"@type\":\"PropertyValueSpecification\",\"valueRequired\":true,\"valueName\":\"search_term_string\"}}],\"inLanguage\":\"lv-LV\"},{\"@type\":\"Organization\",\"@id\":\"https:\/\/fashiongold.lt\/lv\/#organization\",\"name\":\"Topdiamonds Online\",\"url\":\"https:\/\/fashiongold.lt\/lv\/\",\"logo\":{\"@type\":\"ImageObject\",\"inLanguage\":\"lv-LV\",\"@id\":\"https:\/\/fashiongold.lt\/lv\/#\/schema\/logo\/image\/\",\"url\":\"https:\/\/fashiongold.lt\/wp-content\/uploads\/2025\/04\/cropped-fashion_gold_logotipas2-scaled-1.png\",\"contentUrl\":\"https:\/\/fashiongold.lt\/wp-content\/uploads\/2025\/04\/cropped-fashion_gold_logotipas2-scaled-1.png\",\"width\":2559,\"height\":421,\"caption\":\"Topdiamonds Online\"},\"image\":{\"@id\":\"https:\/\/fashiongold.lt\/lv\/#\/schema\/logo\/image\/\"}}]}<\/script>\n<!-- \/ Yoast SEO plugin. -->","yoast_head_json":{"title":"Mat\u0113ts laul\u012bbu gredzens (6mm)","description":"laul\u012bbas gredzeni sievie\u0161u gredzeni klasiskie laul\u012bbas gredzeni;laul\u012bbas gredzenu cenas klasisko laul\u012bbas gredzenu cena; balt\u0101 zelta laul\u012bbas gredzeni","robots":{"index":"index","follow":"follow","max-snippet":"max-snippet:-1","max-image-preview":"max-image-preview:large","max-video-preview":"max-video-preview:-1"},"canonical":"https:\/\/fashiongold.lt\/lv\/papuosalas\/matets-laulibu-gredzens-6mm\/","og_locale":"lv_LV","og_type":"article","og_title":"Mat\u0113ts laul\u012bbu gredzens (6mm)","og_description":"laul\u012bbas gredzeni sievie\u0161u gredzeni klasiskie laul\u012bbas gredzeni;laul\u012bbas gredzenu cenas klasisko laul\u012bbas gredzenu cena; balt\u0101 zelta laul\u012bbas gredzeni","og_url":"https:\/\/fashiongold.lt\/lv\/papuosalas\/matets-laulibu-gredzens-6mm\/","og_site_name":"FashionGold.lt","og_image":[{"width":1205,"height":1264,"url":"https:\/\/fashiongold.lt\/wp-content\/uploads\/2025\/10\/1214-d5c-Matinis-vestuvinis-ziedas-6mm.webp","type":"image\/jpeg"}],"twitter_card":"summary_large_image","schema":{"@context":"https:\/\/schema.org","@graph":[{"@type":"WebPage","@id":"https:\/\/fashiongold.lt\/lv\/papuosalas\/matets-laulibu-gredzens-6mm\/","url":"https:\/\/fashiongold.lt\/lv\/papuosalas\/matets-laulibu-gredzens-6mm\/","name":"Mat\u0113ts laul\u012bbu gredzens (6mm)","isPartOf":{"@id":"https:\/\/fashiongold.lt\/lv\/#website"},"primaryImageOfPage":{"@id":"https:\/\/fashiongold.lt\/lv\/papuosalas\/matets-laulibu-gredzens-6mm\/#primaryimage"},"image":{"@id":"https:\/\/fashiongold.lt\/lv\/papuosalas\/matets-laulibu-gredzens-6mm\/#primaryimage"},"thumbnailUrl":"https:\/\/fashiongold.lt\/wp-content\/uploads\/2025\/10\/1214-d5c-Matinis-vestuvinis-ziedas-6mm.jpg","datePublished":"2025-10-09T17:32:50+00:00","description":"laul\u012bbas gredzeni sievie\u0161u gredzeni klasiskie laul\u012bbas gredzeni;laul\u012bbas gredzenu cenas klasisko laul\u012bbas gredzenu cena; balt\u0101 zelta laul\u012bbas gredzeni","breadcrumb":{"@id":"https:\/\/fashiongold.lt\/lv\/papuosalas\/matets-laulibu-gredzens-6mm\/#breadcrumb"},"inLanguage":"lv-LV","potentialAction":[{"@type":"ReadAction","target":["https:\/\/fashiongold.lt\/lv\/papuosalas\/matets-laulibu-gredzens-6mm\/"]}]},{"@type":"ImageObject","inLanguage":"lv-LV","@id":"https:\/\/fashiongold.lt\/lv\/papuosalas\/matets-laulibu-gredzens-6mm\/#primaryimage","url":"https:\/\/fashiongold.lt\/wp-content\/uploads\/2025\/10\/1214-d5c-Matinis-vestuvinis-ziedas-6mm.jpg","contentUrl":"https:\/\/fashiongold.lt\/wp-content\/uploads\/2025\/10\/1214-d5c-Matinis-vestuvinis-ziedas-6mm.jpg","width":1205,"height":1264},{"@type":"BreadcrumbList","@id":"https:\/\/fashiongold.lt\/lv\/papuosalas\/matets-laulibu-gredzens-6mm\/#breadcrumb","itemListElement":[{"@type":"ListItem","position":1,"name":"Home","item":"https:\/\/fashiongold.lt\/lv\/"},{"@type":"ListItem","position":2,"name":"Dimantu veikals Fashiongold.lt","item":"https:\/\/fashiongold.lt\/shop-2\/"},{"@type":"ListItem","position":3,"name":"Mat\u0113ts laul\u012bbu gredzens (6mm)"}]},{"@type":"WebSite","@id":"https:\/\/fashiongold.lt\/lv\/#website","url":"https:\/\/fashiongold.lt\/lv\/","name":"Fashion Gold","description":"Juvelyrikos namai","publisher":{"@id":"https:\/\/fashiongold.lt\/lv\/#organization"},"potentialAction":[{"@type":"SearchAction","target":{"@type":"EntryPoint","urlTemplate":"https:\/\/fashiongold.lt\/lv\/?s={search_term_string}"},"query-input":{"@type":"PropertyValueSpecification","valueRequired":true,"valueName":"search_term_string"}}],"inLanguage":"lv-LV"},{"@type":"Organization","@id":"https:\/\/fashiongold.lt\/lv\/#organization","name":"Topdiamonds Online","url":"https:\/\/fashiongold.lt\/lv\/","logo":{"@type":"ImageObject","inLanguage":"lv-LV","@id":"https:\/\/fashiongold.lt\/lv\/#\/schema\/logo\/image\/","url":"https:\/\/fashiongold.lt\/wp-content\/uploads\/2025\/04\/cropped-fashion_gold_logotipas2-scaled-1.png","contentUrl":"https:\/\/fashiongold.lt\/wp-content\/uploads\/2025\/04\/cropped-fashion_gold_logotipas2-scaled-1.png","width":2559,"height":421,"caption":"Topdiamonds Online"},"image":{"@id":"https:\/\/fashiongold.lt\/lv\/#\/schema\/logo\/image\/"}}]}},"_links":{"self":[{"href":"https:\/\/fashiongold.lt\/lv\/wp-json\/wp\/v2\/product\/288728","targetHints":{"allow":["GET"]}}],"collection":[{"href":"https:\/\/fashiongold.lt\/lv\/wp-json\/wp\/v2\/product"}],"about":[{"href":"https:\/\/fashiongold.lt\/lv\/wp-json\/wp\/v2\/types\/product"}],"version-history":[{"count":0,"href":"https:\/\/fashiongold.lt\/lv\/wp-json\/wp\/v2\/product\/288728\/revisions"}],"wp:featuredmedia":[{"embeddable":true,"href":"https:\/\/fashiongold.lt\/lv\/wp-json\/wp\/v2\/media\/49963"}],"wp:attachment":[{"href":"https:\/\/fashiongold.lt\/lv\/wp-json\/wp\/v2\/media?parent=288728"}],"wp:term":[{"taxonomy":"product_brand","embeddable":true,"href":"https:\/\/fashiongold.lt\/lv\/wp-json\/wp\/v2\/product_brand?post=288728"},{"taxonomy":"product_cat","embeddable":true,"href":"https:\/\/fashiongold.lt\/lv\/wp-json\/wp\/v2\/product_cat?post=288728"},{"taxonomy":"product_tag","embeddable":true,"href":"https:\/\/fashiongold.lt\/lv\/wp-json\/wp\/v2\/product_tag?post=288728"}],"curies":[{"name":"wp","href":"https:\/\/api.w.org\/{rel}","templated":true}]}}