{"id":288808,"date":"2025-10-09T17:29:45","date_gmt":"2025-10-09T17:29:45","guid":{"rendered":"https:\/\/fashiongold.lt\/papuosalas\/elegants-mirdzums-klasiski-balta-zelta-auskari-ar-dimantiem-025-ct\/"},"modified":"2025-10-09T17:29:45","modified_gmt":"2025-10-09T17:29:45","slug":"elegants-mirdzums-klasiski-balta-zelta-auskari-ar-dimantiem-025-ct","status":"publish","type":"product","link":"https:\/\/fashiongold.lt\/lv\/papuosalas\/elegants-mirdzums-klasiski-balta-zelta-auskari-ar-dimantiem-025-ct\/","title":{"rendered":"Elegants mirdzums \u2013 Klasiski balt\u0101 zelta auskari ar dimantiem (0,25 ct)"},"content":{"rendered":"<p>Eleganti klasiski balt\u0101 zelta auskari ar dimantiem. Kron\u012btis ar \u010detr\u0101m k\u0101ji\u0146\u0101m iedvesmo ar grezn\u012bbu. \u0160ie auskari \u012bpa\u0161i izce\u013c dimantu skaistumu. Lieliska d\u0101vana dzim\u0161anas dien\u0101, Ziemassv\u0113tkos, k\u0101z\u0101s, krist\u012bb\u0101s un citos \u012bpa\u0161os gad\u012bjumos.<\/p>\n<p>Baltais zelts, prove 585.<\/p>\n<p>2 briljanti, svars &#8211; 0,25 ct, kr\u0101sa &#8211; RW, dzidrums &#8211; VS<\/p>\n<p><span>Svars  <\/span>0,86 gr<\/p>\n<p>Auskari ir prov\u0113ti Lietuvas Proves biroj\u0101, briljantiem ir sertifik\u0101ts.<\/p><\/p>\n","protected":false},"excerpt":{"rendered":"<p>Eleganti balt\u0101 zelta auskari ar dimantiem. Kron\u012btis ar \u010detr\u0101m k\u0101ji\u0146\u0101m iedve\u0161 grezn\u012bbu. Ekskluz\u012bvs dizains lieliski uzsver dimantu mirdzumu. Ide\u0101la d\u0101vana \u012bpa\u0161iem gad\u012bjumiem.<\/p>\n","protected":false},"featured_media":49337,"template":"","meta":{"site-sidebar-layout":"","site-content-layout":"","ast-site-content-layout":"","site-content-style":"","site-sidebar-style":"","ast-global-header-display":"","ast-banner-title-visibility":"","ast-main-header-display":"","ast-hfb-above-header-display":"","ast-hfb-below-header-display":"","ast-hfb-mobile-header-display":"","site-post-title":"","ast-breadcrumbs-content":"","ast-featured-img":"","footer-sml-layout":"","ast-disable-related-posts":"","theme-transparent-header-meta":"","adv-header-id-meta":"","stick-header-meta":"","header-above-stick-meta":"","header-main-stick-meta":"","header-below-stick-meta":"","astra-migrate-meta-layouts":"default","ast-page-background-enabled":"default","ast-page-background-meta":{"desktop":{"background-color":"var(--ast-global-color-4)","background-image":"","background-repeat":"repeat","background-position":"center center","background-size":"auto","background-attachment":"scroll","background-type":"","background-media":"","overlay-type":"","overlay-color":"","overlay-opacity":"","overlay-gradient":""},"tablet":{"background-color":"","background-image":"","background-repeat":"repeat","background-position":"center center","background-size":"auto","background-attachment":"scroll","background-type":"","background-media":"","overlay-type":"","overlay-color":"","overlay-opacity":"","overlay-gradient":""},"mobile":{"background-color":"","background-image":"","background-repeat":"repeat","background-position":"center center","background-size":"auto","background-attachment":"scroll","background-type":"","background-media":"","overlay-type":"","overlay-color":"","overlay-opacity":"","overlay-gradient":""}},"ast-content-background-meta":{"desktop":{"background-color":"var(--ast-global-color-5)","background-image":"","background-repeat":"repeat","background-position":"center center","background-size":"auto","background-attachment":"scroll","background-type":"","background-media":"","overlay-type":"","overlay-color":"","overlay-opacity":"","overlay-gradient":""},"tablet":{"background-color":"var(--ast-global-color-5)","background-image":"","background-repeat":"repeat","background-position":"center center","background-size":"auto","background-attachment":"scroll","background-type":"","background-media":"","overlay-type":"","overlay-color":"","overlay-opacity":"","overlay-gradient":""},"mobile":{"background-color":"var(--ast-global-color-5)","background-image":"","background-repeat":"repeat","background-position":"center center","background-size":"auto","background-attachment":"scroll","background-type":"","background-media":"","overlay-type":"","overlay-color":"","overlay-opacity":"","overlay-gradient":""}}},"product_brand":[],"product_cat":[2978,3405,2981,2919,3406,2915,2913,2921,2920,3403,2916,2914,3042,3401,2922,2936,2918],"product_tag":[],"class_list":{"0":"post-288808","1":"product","2":"type-product","3":"status-publish","4":"has-post-thumbnail","6":"product_cat-auskari-ar-dimantiem","7":"product_cat-auskari-meitenem-bernu-auskari","8":"product_cat-auskari-naglinas","9":"product_cat-baltzelta-rotaslietas","10":"product_cat-davana-pirmaja-komunija","11":"product_cat-davanas-berna-piedzimsanai","12":"product_cat-davanas-dzimsanas-diena","13":"product_cat-davanas-ipasiem-gadijumiem","14":"product_cat-davanas-izlaidumam","15":"product_cat-davanas-kazam","16":"product_cat-davanas-kazu-gadadiena","17":"product_cat-davanas-sievietem","18":"product_cat-juvelierizstradajumi","19":"product_cat-kristibu-davanas","20":"product_cat-mates-dienas-davanas","21":"product_cat-valentindienas-davanas","22":"product_cat-ziemassvetku-davanas","23":"desktop-align-center","24":"tablet-align-left","25":"mobile-align-left","26":"ast-product-gallery-layout-horizontal-slider","27":"ast-product-gallery-with-no-image","28":"ast-product-tabs-layout-accordion","29":"ast-qv-on-image","31":"first","32":"instock","33":"taxable","34":"shipping-taxable","35":"purchasable","36":"product-type-simple"},"yoast_head":"<!-- This site is optimized with the Yoast SEO plugin v26.6 - https:\/\/yoast.com\/wordpress\/plugins\/seo\/ -->\n<title>Elegants mirdzums \u2013 Klasiski balt\u0101 zelta auskari ar dimantiem (0,25 ct) - FashionGold.lt<\/title>\n<meta name=\"robots\" content=\"index, follow, max-snippet:-1, max-image-preview:large, max-video-preview:-1\" \/>\n<link rel=\"canonical\" href=\"https:\/\/fashiongold.lt\/lv\/papuosalas\/elegants-mirdzums-klasiski-balta-zelta-auskari-ar-dimantiem-025-ct\/\" \/>\n<meta property=\"og:locale\" content=\"lv_LV\" \/>\n<meta property=\"og:type\" content=\"article\" \/>\n<meta property=\"og:title\" content=\"Elegants mirdzums \u2013 Klasiski balt\u0101 zelta auskari ar dimantiem (0,25 ct) - FashionGold.lt\" \/>\n<meta property=\"og:description\" content=\"Eleganti balt\u0101 zelta auskari ar dimantiem. Kron\u012btis ar \u010detr\u0101m k\u0101ji\u0146\u0101m iedve\u0161 grezn\u012bbu. Ekskluz\u012bvs dizains lieliski uzsver dimantu mirdzumu. Ide\u0101la d\u0101vana \u012bpa\u0161iem gad\u012bjumiem.\" \/>\n<meta property=\"og:url\" content=\"https:\/\/fashiongold.lt\/lv\/papuosalas\/elegants-mirdzums-klasiski-balta-zelta-auskari-ar-dimantiem-025-ct\/\" \/>\n<meta property=\"og:site_name\" content=\"FashionGold.lt\" \/>\n<meta property=\"og:image\" content=\"https:\/\/fashiongold.lt\/wp-content\/uploads\/2025\/10\/1079-973-Auksiniai-auskarai-Viskas-tik-tau.webp\" \/>\n\t<meta property=\"og:image:width\" content=\"608\" \/>\n\t<meta property=\"og:image:height\" content=\"422\" \/>\n\t<meta property=\"og:image:type\" content=\"image\/jpeg\" \/>\n<meta name=\"twitter:card\" content=\"summary_large_image\" \/>\n<script type=\"application\/ld+json\" class=\"yoast-schema-graph\">{\"@context\":\"https:\/\/schema.org\",\"@graph\":[{\"@type\":\"WebPage\",\"@id\":\"https:\/\/fashiongold.lt\/lv\/papuosalas\/elegants-mirdzums-klasiski-balta-zelta-auskari-ar-dimantiem-025-ct\/\",\"url\":\"https:\/\/fashiongold.lt\/lv\/papuosalas\/elegants-mirdzums-klasiski-balta-zelta-auskari-ar-dimantiem-025-ct\/\",\"name\":\"Elegants mirdzums \u2013 Klasiski balt\u0101 zelta auskari ar dimantiem (0,25 ct) - FashionGold.lt\",\"isPartOf\":{\"@id\":\"https:\/\/fashiongold.lt\/lv\/#website\"},\"primaryImageOfPage\":{\"@id\":\"https:\/\/fashiongold.lt\/lv\/papuosalas\/elegants-mirdzums-klasiski-balta-zelta-auskari-ar-dimantiem-025-ct\/#primaryimage\"},\"image\":{\"@id\":\"https:\/\/fashiongold.lt\/lv\/papuosalas\/elegants-mirdzums-klasiski-balta-zelta-auskari-ar-dimantiem-025-ct\/#primaryimage\"},\"thumbnailUrl\":\"https:\/\/fashiongold.lt\/wp-content\/uploads\/2025\/10\/1079-973-Auksiniai-auskarai-Viskas-tik-tau.jpg\",\"datePublished\":\"2025-10-09T17:29:45+00:00\",\"breadcrumb\":{\"@id\":\"https:\/\/fashiongold.lt\/lv\/papuosalas\/elegants-mirdzums-klasiski-balta-zelta-auskari-ar-dimantiem-025-ct\/#breadcrumb\"},\"inLanguage\":\"lv-LV\",\"potentialAction\":[{\"@type\":\"ReadAction\",\"target\":[\"https:\/\/fashiongold.lt\/lv\/papuosalas\/elegants-mirdzums-klasiski-balta-zelta-auskari-ar-dimantiem-025-ct\/\"]}]},{\"@type\":\"ImageObject\",\"inLanguage\":\"lv-LV\",\"@id\":\"https:\/\/fashiongold.lt\/lv\/papuosalas\/elegants-mirdzums-klasiski-balta-zelta-auskari-ar-dimantiem-025-ct\/#primaryimage\",\"url\":\"https:\/\/fashiongold.lt\/wp-content\/uploads\/2025\/10\/1079-973-Auksiniai-auskarai-Viskas-tik-tau.jpg\",\"contentUrl\":\"https:\/\/fashiongold.lt\/wp-content\/uploads\/2025\/10\/1079-973-Auksiniai-auskarai-Viskas-tik-tau.jpg\",\"width\":608,\"height\":422},{\"@type\":\"BreadcrumbList\",\"@id\":\"https:\/\/fashiongold.lt\/lv\/papuosalas\/elegants-mirdzums-klasiski-balta-zelta-auskari-ar-dimantiem-025-ct\/#breadcrumb\",\"itemListElement\":[{\"@type\":\"ListItem\",\"position\":1,\"name\":\"Home\",\"item\":\"https:\/\/fashiongold.lt\/lv\/\"},{\"@type\":\"ListItem\",\"position\":2,\"name\":\"Dimantu veikals Fashiongold.lt\",\"item\":\"https:\/\/fashiongold.lt\/shop-2\/\"},{\"@type\":\"ListItem\",\"position\":3,\"name\":\"Elegants mirdzums \u2013 Klasiski balt\u0101 zelta auskari ar dimantiem (0,25 ct)\"}]},{\"@type\":\"WebSite\",\"@id\":\"https:\/\/fashiongold.lt\/lv\/#website\",\"url\":\"https:\/\/fashiongold.lt\/lv\/\",\"name\":\"Fashion Gold\",\"description\":\"Juvelyrikos namai\",\"publisher\":{\"@id\":\"https:\/\/fashiongold.lt\/lv\/#organization\"},\"potentialAction\":[{\"@type\":\"SearchAction\",\"target\":{\"@type\":\"EntryPoint\",\"urlTemplate\":\"https:\/\/fashiongold.lt\/lv\/?s={search_term_string}\"},\"query-input\":{\"@type\":\"PropertyValueSpecification\",\"valueRequired\":true,\"valueName\":\"search_term_string\"}}],\"inLanguage\":\"lv-LV\"},{\"@type\":\"Organization\",\"@id\":\"https:\/\/fashiongold.lt\/lv\/#organization\",\"name\":\"Topdiamonds Online\",\"url\":\"https:\/\/fashiongold.lt\/lv\/\",\"logo\":{\"@type\":\"ImageObject\",\"inLanguage\":\"lv-LV\",\"@id\":\"https:\/\/fashiongold.lt\/lv\/#\/schema\/logo\/image\/\",\"url\":\"https:\/\/fashiongold.lt\/wp-content\/uploads\/2025\/04\/cropped-fashion_gold_logotipas2-scaled-1.png\",\"contentUrl\":\"https:\/\/fashiongold.lt\/wp-content\/uploads\/2025\/04\/cropped-fashion_gold_logotipas2-scaled-1.png\",\"width\":2559,\"height\":421,\"caption\":\"Topdiamonds Online\"},\"image\":{\"@id\":\"https:\/\/fashiongold.lt\/lv\/#\/schema\/logo\/image\/\"}}]}<\/script>\n<!-- \/ Yoast SEO plugin. -->","yoast_head_json":{"title":"Elegants mirdzums \u2013 Klasiski balt\u0101 zelta auskari ar dimantiem (0,25 ct) - FashionGold.lt","robots":{"index":"index","follow":"follow","max-snippet":"max-snippet:-1","max-image-preview":"max-image-preview:large","max-video-preview":"max-video-preview:-1"},"canonical":"https:\/\/fashiongold.lt\/lv\/papuosalas\/elegants-mirdzums-klasiski-balta-zelta-auskari-ar-dimantiem-025-ct\/","og_locale":"lv_LV","og_type":"article","og_title":"Elegants mirdzums \u2013 Klasiski balt\u0101 zelta auskari ar dimantiem (0,25 ct) - FashionGold.lt","og_description":"Eleganti balt\u0101 zelta auskari ar dimantiem. Kron\u012btis ar \u010detr\u0101m k\u0101ji\u0146\u0101m iedve\u0161 grezn\u012bbu. Ekskluz\u012bvs dizains lieliski uzsver dimantu mirdzumu. Ide\u0101la d\u0101vana \u012bpa\u0161iem gad\u012bjumiem.","og_url":"https:\/\/fashiongold.lt\/lv\/papuosalas\/elegants-mirdzums-klasiski-balta-zelta-auskari-ar-dimantiem-025-ct\/","og_site_name":"FashionGold.lt","og_image":[{"width":608,"height":422,"url":"https:\/\/fashiongold.lt\/wp-content\/uploads\/2025\/10\/1079-973-Auksiniai-auskarai-Viskas-tik-tau.webp","type":"image\/jpeg"}],"twitter_card":"summary_large_image","schema":{"@context":"https:\/\/schema.org","@graph":[{"@type":"WebPage","@id":"https:\/\/fashiongold.lt\/lv\/papuosalas\/elegants-mirdzums-klasiski-balta-zelta-auskari-ar-dimantiem-025-ct\/","url":"https:\/\/fashiongold.lt\/lv\/papuosalas\/elegants-mirdzums-klasiski-balta-zelta-auskari-ar-dimantiem-025-ct\/","name":"Elegants mirdzums \u2013 Klasiski balt\u0101 zelta auskari ar dimantiem (0,25 ct) - FashionGold.lt","isPartOf":{"@id":"https:\/\/fashiongold.lt\/lv\/#website"},"primaryImageOfPage":{"@id":"https:\/\/fashiongold.lt\/lv\/papuosalas\/elegants-mirdzums-klasiski-balta-zelta-auskari-ar-dimantiem-025-ct\/#primaryimage"},"image":{"@id":"https:\/\/fashiongold.lt\/lv\/papuosalas\/elegants-mirdzums-klasiski-balta-zelta-auskari-ar-dimantiem-025-ct\/#primaryimage"},"thumbnailUrl":"https:\/\/fashiongold.lt\/wp-content\/uploads\/2025\/10\/1079-973-Auksiniai-auskarai-Viskas-tik-tau.jpg","datePublished":"2025-10-09T17:29:45+00:00","breadcrumb":{"@id":"https:\/\/fashiongold.lt\/lv\/papuosalas\/elegants-mirdzums-klasiski-balta-zelta-auskari-ar-dimantiem-025-ct\/#breadcrumb"},"inLanguage":"lv-LV","potentialAction":[{"@type":"ReadAction","target":["https:\/\/fashiongold.lt\/lv\/papuosalas\/elegants-mirdzums-klasiski-balta-zelta-auskari-ar-dimantiem-025-ct\/"]}]},{"@type":"ImageObject","inLanguage":"lv-LV","@id":"https:\/\/fashiongold.lt\/lv\/papuosalas\/elegants-mirdzums-klasiski-balta-zelta-auskari-ar-dimantiem-025-ct\/#primaryimage","url":"https:\/\/fashiongold.lt\/wp-content\/uploads\/2025\/10\/1079-973-Auksiniai-auskarai-Viskas-tik-tau.jpg","contentUrl":"https:\/\/fashiongold.lt\/wp-content\/uploads\/2025\/10\/1079-973-Auksiniai-auskarai-Viskas-tik-tau.jpg","width":608,"height":422},{"@type":"BreadcrumbList","@id":"https:\/\/fashiongold.lt\/lv\/papuosalas\/elegants-mirdzums-klasiski-balta-zelta-auskari-ar-dimantiem-025-ct\/#breadcrumb","itemListElement":[{"@type":"ListItem","position":1,"name":"Home","item":"https:\/\/fashiongold.lt\/lv\/"},{"@type":"ListItem","position":2,"name":"Dimantu veikals Fashiongold.lt","item":"https:\/\/fashiongold.lt\/shop-2\/"},{"@type":"ListItem","position":3,"name":"Elegants mirdzums \u2013 Klasiski balt\u0101 zelta auskari ar dimantiem (0,25 ct)"}]},{"@type":"WebSite","@id":"https:\/\/fashiongold.lt\/lv\/#website","url":"https:\/\/fashiongold.lt\/lv\/","name":"Fashion Gold","description":"Juvelyrikos namai","publisher":{"@id":"https:\/\/fashiongold.lt\/lv\/#organization"},"potentialAction":[{"@type":"SearchAction","target":{"@type":"EntryPoint","urlTemplate":"https:\/\/fashiongold.lt\/lv\/?s={search_term_string}"},"query-input":{"@type":"PropertyValueSpecification","valueRequired":true,"valueName":"search_term_string"}}],"inLanguage":"lv-LV"},{"@type":"Organization","@id":"https:\/\/fashiongold.lt\/lv\/#organization","name":"Topdiamonds Online","url":"https:\/\/fashiongold.lt\/lv\/","logo":{"@type":"ImageObject","inLanguage":"lv-LV","@id":"https:\/\/fashiongold.lt\/lv\/#\/schema\/logo\/image\/","url":"https:\/\/fashiongold.lt\/wp-content\/uploads\/2025\/04\/cropped-fashion_gold_logotipas2-scaled-1.png","contentUrl":"https:\/\/fashiongold.lt\/wp-content\/uploads\/2025\/04\/cropped-fashion_gold_logotipas2-scaled-1.png","width":2559,"height":421,"caption":"Topdiamonds Online"},"image":{"@id":"https:\/\/fashiongold.lt\/lv\/#\/schema\/logo\/image\/"}}]}},"_links":{"self":[{"href":"https:\/\/fashiongold.lt\/lv\/wp-json\/wp\/v2\/product\/288808","targetHints":{"allow":["GET"]}}],"collection":[{"href":"https:\/\/fashiongold.lt\/lv\/wp-json\/wp\/v2\/product"}],"about":[{"href":"https:\/\/fashiongold.lt\/lv\/wp-json\/wp\/v2\/types\/product"}],"version-history":[{"count":0,"href":"https:\/\/fashiongold.lt\/lv\/wp-json\/wp\/v2\/product\/288808\/revisions"}],"wp:featuredmedia":[{"embeddable":true,"href":"https:\/\/fashiongold.lt\/lv\/wp-json\/wp\/v2\/media\/49337"}],"wp:attachment":[{"href":"https:\/\/fashiongold.lt\/lv\/wp-json\/wp\/v2\/media?parent=288808"}],"wp:term":[{"taxonomy":"product_brand","embeddable":true,"href":"https:\/\/fashiongold.lt\/lv\/wp-json\/wp\/v2\/product_brand?post=288808"},{"taxonomy":"product_cat","embeddable":true,"href":"https:\/\/fashiongold.lt\/lv\/wp-json\/wp\/v2\/product_cat?post=288808"},{"taxonomy":"product_tag","embeddable":true,"href":"https:\/\/fashiongold.lt\/lv\/wp-json\/wp\/v2\/product_tag?post=288808"}],"curies":[{"name":"wp","href":"https:\/\/api.w.org\/{rel}","templated":true}]}}