{"id":288968,"date":"2025-10-09T17:25:11","date_gmt":"2025-10-09T17:25:11","guid":{"rendered":"https:\/\/fashiongold.lt\/papuosalas\/laulibu-gredzens-tango-matets-izgatavosana\/"},"modified":"2025-10-09T17:25:11","modified_gmt":"2025-10-09T17:25:11","slug":"laulibu-gredzens-tango-matets-izgatavosana","status":"publish","type":"product","link":"https:\/\/fashiongold.lt\/lv\/papuosalas\/laulibu-gredzens-tango-matets-izgatavosana\/","title":{"rendered":"LAUL\u012aBU GREDZENS \u201cTANGO\u201d (mat\u0113ts) \u2013 IZGATAVO\u0160ANA"},"content":{"rendered":"<p>M\u0113dz teikt, ka tango dejo tikai divat\u0101. Tie\u0161i t\u0101 ir ar\u012b ar \u0161o \u2013 it k\u0101 no diviem gredzeniem savienots, ar diviem dimantiem rot\u0101ts gredzens vienm\u0113r atg\u0101din\u0101s, ka ar\u012b laul\u012bb\u0101 ir j\u0101dejo tikai divat\u0101.<\/p>\n<p>Gredzenus rad\u012bja \u201cFashion Gold\u201d juvelieri.<\/p>\n<p>\u0160o laul\u012bbas gredzenu var izgatavot no \u0161\u0101diem met\u0101liem un prov\u0113m: zelts 585, 750.<\/p>\n<p>Gredzena met\u0101la kr\u0101sa: p\u0113c piepras\u012bjuma.<\/p>\n<p>Gredzena platums: 6 mm (var main\u012bt).<\/p>\n<p>Cena nor\u0101d\u012bta, izgatavojot no J\u016bsu zelta.<\/p>\n<p>Cen\u0101 iek\u013cauts 1&#215;0,015 ct briljants (W-RW, VS-SI). Briljanta cena &#8211; no 6 Eur par vienu vien\u012bbu.<\/p>\n<p>Cena nor\u0101d\u012bta bez prov\u0113\u0161anas.<\/p>\n<p>Aptuvenais nepiecie\u0161am\u0101 zelta svars atkar\u012bb\u0101 no gredzena platuma (atkar\u012bgs no izm\u0113ra):<\/p>\n<p>Platums l\u012bdz 4 mm &#8211; nepiecie\u0161ams no 4 l\u012bdz 6 g zelta<\/p>\n<p>Platums 5-6 mm &#8211; nepiecie\u0161ams no 5 l\u012bdz 7 g zelta<\/p>\n<p>Platums 6-8 mm &#8211; nepiecie\u0161ams no 9 l\u012bdz 11 g zelta<\/p>\n<p>PREC\u012aZ\u0100KU INFORM\u0100CIJU VARAT UZZIN\u0100T, RAKSTOT UZ INFO@FASHIONGOLD.LT VAI IEGRIE\u017dOTIES SALON\u0100, PAM\u0116NKALNIO IEL\u0100 5, VI\u013b\u0145\u0100<\/p>\n","protected":false},"excerpt":{"rendered":"<p>Ori\u0123in\u0101la dizaina laul\u012bbas gredzens, ko rad\u012bju\u0161i \u201eFashion Gold\u201c juvelieri.<\/p>\n","protected":false},"featured_media":47876,"template":"","meta":{"site-sidebar-layout":"","site-content-layout":"","ast-site-content-layout":"","site-content-style":"","site-sidebar-style":"","ast-global-header-display":"","ast-banner-title-visibility":"","ast-main-header-display":"","ast-hfb-above-header-display":"","ast-hfb-below-header-display":"","ast-hfb-mobile-header-display":"","site-post-title":"","ast-breadcrumbs-content":"","ast-featured-img":"","footer-sml-layout":"","ast-disable-related-posts":"","theme-transparent-header-meta":"","adv-header-id-meta":"","stick-header-meta":"","header-above-stick-meta":"","header-main-stick-meta":"","header-below-stick-meta":"","astra-migrate-meta-layouts":"default","ast-page-background-enabled":"default","ast-page-background-meta":{"desktop":{"background-color":"var(--ast-global-color-4)","background-image":"","background-repeat":"repeat","background-position":"center center","background-size":"auto","background-attachment":"scroll","background-type":"","background-media":"","overlay-type":"","overlay-color":"","overlay-opacity":"","overlay-gradient":""},"tablet":{"background-color":"","background-image":"","background-repeat":"repeat","background-position":"center center","background-size":"auto","background-attachment":"scroll","background-type":"","background-media":"","overlay-type":"","overlay-color":"","overlay-opacity":"","overlay-gradient":""},"mobile":{"background-color":"","background-image":"","background-repeat":"repeat","background-position":"center center","background-size":"auto","background-attachment":"scroll","background-type":"","background-media":"","overlay-type":"","overlay-color":"","overlay-opacity":"","overlay-gradient":""}},"ast-content-background-meta":{"desktop":{"background-color":"var(--ast-global-color-5)","background-image":"","background-repeat":"repeat","background-position":"center center","background-size":"auto","background-attachment":"scroll","background-type":"","background-media":"","overlay-type":"","overlay-color":"","overlay-opacity":"","overlay-gradient":""},"tablet":{"background-color":"var(--ast-global-color-5)","background-image":"","background-repeat":"repeat","background-position":"center center","background-size":"auto","background-attachment":"scroll","background-type":"","background-media":"","overlay-type":"","overlay-color":"","overlay-opacity":"","overlay-gradient":""},"mobile":{"background-color":"var(--ast-global-color-5)","background-image":"","background-repeat":"repeat","background-position":"center center","background-size":"auto","background-attachment":"scroll","background-type":"","background-media":"","overlay-type":"","overlay-color":"","overlay-opacity":"","overlay-gradient":""}}},"product_brand":[],"product_cat":[3524,3794],"product_tag":[],"class_list":{"0":"post-288968","1":"product","2":"type-product","3":"status-publish","4":"has-post-thumbnail","6":"product_cat-kazu-gredzeni","7":"product_cat-kazu-gredzenu-izgatavosana","8":"desktop-align-center","9":"tablet-align-left","10":"mobile-align-left","11":"ast-product-gallery-layout-horizontal-slider","12":"ast-product-gallery-with-no-image","13":"ast-product-tabs-layout-accordion","14":"ast-qv-on-image","16":"first","17":"instock","18":"taxable","19":"shipping-taxable","20":"purchasable","21":"product-type-simple"},"yoast_head":"<!-- This site is optimized with the Yoast SEO plugin v26.6 - https:\/\/yoast.com\/wordpress\/plugins\/seo\/ -->\n<title>LAUL\u012aBU GREDZENS \u201cTANGO\u201d (mat\u0113ts) \u2013 IZGATAVO\u0160ANA - FashionGold.lt<\/title>\n<meta name=\"robots\" content=\"index, follow, max-snippet:-1, max-image-preview:large, max-video-preview:-1\" \/>\n<link rel=\"canonical\" href=\"https:\/\/fashiongold.lt\/lv\/papuosalas\/laulibu-gredzens-tango-matets-izgatavosana\/\" \/>\n<meta property=\"og:locale\" content=\"lv_LV\" \/>\n<meta property=\"og:type\" content=\"article\" \/>\n<meta property=\"og:title\" content=\"LAUL\u012aBU GREDZENS \u201cTANGO\u201d (mat\u0113ts) \u2013 IZGATAVO\u0160ANA - FashionGold.lt\" \/>\n<meta property=\"og:description\" content=\"Ori\u0123in\u0101la dizaina laul\u012bbas gredzens, ko rad\u012bju\u0161i \u201eFashion Gold\u201c juvelieri.\" \/>\n<meta property=\"og:url\" content=\"https:\/\/fashiongold.lt\/lv\/papuosalas\/laulibu-gredzens-tango-matets-izgatavosana\/\" \/>\n<meta property=\"og:site_name\" content=\"FashionGold.lt\" \/>\n<meta property=\"og:image\" content=\"https:\/\/fashiongold.lt\/wp-content\/uploads\/2025\/10\/754-cb5-VESTUVINIS-ZIEDAS-TANGO-matinis-GAMYBA.webp\" \/>\n\t<meta property=\"og:image:width\" content=\"300\" \/>\n\t<meta property=\"og:image:height\" content=\"300\" \/>\n\t<meta property=\"og:image:type\" content=\"image\/jpeg\" \/>\n<meta name=\"twitter:card\" content=\"summary_large_image\" \/>\n<meta name=\"twitter:label1\" content=\"Est. reading time\" \/>\n\t<meta name=\"twitter:data1\" content=\"1 minute\" \/>\n<script type=\"application\/ld+json\" class=\"yoast-schema-graph\">{\"@context\":\"https:\/\/schema.org\",\"@graph\":[{\"@type\":\"WebPage\",\"@id\":\"https:\/\/fashiongold.lt\/lv\/papuosalas\/laulibu-gredzens-tango-matets-izgatavosana\/\",\"url\":\"https:\/\/fashiongold.lt\/lv\/papuosalas\/laulibu-gredzens-tango-matets-izgatavosana\/\",\"name\":\"LAUL\u012aBU GREDZENS \u201cTANGO\u201d (mat\u0113ts) \u2013 IZGATAVO\u0160ANA - FashionGold.lt\",\"isPartOf\":{\"@id\":\"https:\/\/fashiongold.lt\/lv\/#website\"},\"primaryImageOfPage\":{\"@id\":\"https:\/\/fashiongold.lt\/lv\/papuosalas\/laulibu-gredzens-tango-matets-izgatavosana\/#primaryimage\"},\"image\":{\"@id\":\"https:\/\/fashiongold.lt\/lv\/papuosalas\/laulibu-gredzens-tango-matets-izgatavosana\/#primaryimage\"},\"thumbnailUrl\":\"https:\/\/fashiongold.lt\/wp-content\/uploads\/2025\/10\/754-cb5-VESTUVINIS-ZIEDAS-TANGO-matinis-GAMYBA.jpg\",\"datePublished\":\"2025-10-09T17:25:11+00:00\",\"breadcrumb\":{\"@id\":\"https:\/\/fashiongold.lt\/lv\/papuosalas\/laulibu-gredzens-tango-matets-izgatavosana\/#breadcrumb\"},\"inLanguage\":\"lv-LV\",\"potentialAction\":[{\"@type\":\"ReadAction\",\"target\":[\"https:\/\/fashiongold.lt\/lv\/papuosalas\/laulibu-gredzens-tango-matets-izgatavosana\/\"]}]},{\"@type\":\"ImageObject\",\"inLanguage\":\"lv-LV\",\"@id\":\"https:\/\/fashiongold.lt\/lv\/papuosalas\/laulibu-gredzens-tango-matets-izgatavosana\/#primaryimage\",\"url\":\"https:\/\/fashiongold.lt\/wp-content\/uploads\/2025\/10\/754-cb5-VESTUVINIS-ZIEDAS-TANGO-matinis-GAMYBA.jpg\",\"contentUrl\":\"https:\/\/fashiongold.lt\/wp-content\/uploads\/2025\/10\/754-cb5-VESTUVINIS-ZIEDAS-TANGO-matinis-GAMYBA.jpg\",\"width\":300,\"height\":300},{\"@type\":\"BreadcrumbList\",\"@id\":\"https:\/\/fashiongold.lt\/lv\/papuosalas\/laulibu-gredzens-tango-matets-izgatavosana\/#breadcrumb\",\"itemListElement\":[{\"@type\":\"ListItem\",\"position\":1,\"name\":\"Home\",\"item\":\"https:\/\/fashiongold.lt\/lv\/\"},{\"@type\":\"ListItem\",\"position\":2,\"name\":\"Dimantu veikals Fashiongold.lt\",\"item\":\"https:\/\/fashiongold.lt\/shop-2\/\"},{\"@type\":\"ListItem\",\"position\":3,\"name\":\"LAUL\u012aBU GREDZENS \u201cTANGO\u201d (mat\u0113ts) \u2013 IZGATAVO\u0160ANA\"}]},{\"@type\":\"WebSite\",\"@id\":\"https:\/\/fashiongold.lt\/lv\/#website\",\"url\":\"https:\/\/fashiongold.lt\/lv\/\",\"name\":\"Fashion Gold\",\"description\":\"Juvelyrikos namai\",\"publisher\":{\"@id\":\"https:\/\/fashiongold.lt\/lv\/#organization\"},\"potentialAction\":[{\"@type\":\"SearchAction\",\"target\":{\"@type\":\"EntryPoint\",\"urlTemplate\":\"https:\/\/fashiongold.lt\/lv\/?s={search_term_string}\"},\"query-input\":{\"@type\":\"PropertyValueSpecification\",\"valueRequired\":true,\"valueName\":\"search_term_string\"}}],\"inLanguage\":\"lv-LV\"},{\"@type\":\"Organization\",\"@id\":\"https:\/\/fashiongold.lt\/lv\/#organization\",\"name\":\"Topdiamonds Online\",\"url\":\"https:\/\/fashiongold.lt\/lv\/\",\"logo\":{\"@type\":\"ImageObject\",\"inLanguage\":\"lv-LV\",\"@id\":\"https:\/\/fashiongold.lt\/lv\/#\/schema\/logo\/image\/\",\"url\":\"https:\/\/fashiongold.lt\/wp-content\/uploads\/2025\/04\/cropped-fashion_gold_logotipas2-scaled-1.png\",\"contentUrl\":\"https:\/\/fashiongold.lt\/wp-content\/uploads\/2025\/04\/cropped-fashion_gold_logotipas2-scaled-1.png\",\"width\":2559,\"height\":421,\"caption\":\"Topdiamonds Online\"},\"image\":{\"@id\":\"https:\/\/fashiongold.lt\/lv\/#\/schema\/logo\/image\/\"}}]}<\/script>\n<!-- \/ Yoast SEO plugin. -->","yoast_head_json":{"title":"LAUL\u012aBU GREDZENS \u201cTANGO\u201d (mat\u0113ts) \u2013 IZGATAVO\u0160ANA - FashionGold.lt","robots":{"index":"index","follow":"follow","max-snippet":"max-snippet:-1","max-image-preview":"max-image-preview:large","max-video-preview":"max-video-preview:-1"},"canonical":"https:\/\/fashiongold.lt\/lv\/papuosalas\/laulibu-gredzens-tango-matets-izgatavosana\/","og_locale":"lv_LV","og_type":"article","og_title":"LAUL\u012aBU GREDZENS \u201cTANGO\u201d (mat\u0113ts) \u2013 IZGATAVO\u0160ANA - FashionGold.lt","og_description":"Ori\u0123in\u0101la dizaina laul\u012bbas gredzens, ko rad\u012bju\u0161i \u201eFashion Gold\u201c juvelieri.","og_url":"https:\/\/fashiongold.lt\/lv\/papuosalas\/laulibu-gredzens-tango-matets-izgatavosana\/","og_site_name":"FashionGold.lt","og_image":[{"width":300,"height":300,"url":"https:\/\/fashiongold.lt\/wp-content\/uploads\/2025\/10\/754-cb5-VESTUVINIS-ZIEDAS-TANGO-matinis-GAMYBA.webp","type":"image\/jpeg"}],"twitter_card":"summary_large_image","twitter_misc":{"Est. reading time":"1 minute"},"schema":{"@context":"https:\/\/schema.org","@graph":[{"@type":"WebPage","@id":"https:\/\/fashiongold.lt\/lv\/papuosalas\/laulibu-gredzens-tango-matets-izgatavosana\/","url":"https:\/\/fashiongold.lt\/lv\/papuosalas\/laulibu-gredzens-tango-matets-izgatavosana\/","name":"LAUL\u012aBU GREDZENS \u201cTANGO\u201d (mat\u0113ts) \u2013 IZGATAVO\u0160ANA - FashionGold.lt","isPartOf":{"@id":"https:\/\/fashiongold.lt\/lv\/#website"},"primaryImageOfPage":{"@id":"https:\/\/fashiongold.lt\/lv\/papuosalas\/laulibu-gredzens-tango-matets-izgatavosana\/#primaryimage"},"image":{"@id":"https:\/\/fashiongold.lt\/lv\/papuosalas\/laulibu-gredzens-tango-matets-izgatavosana\/#primaryimage"},"thumbnailUrl":"https:\/\/fashiongold.lt\/wp-content\/uploads\/2025\/10\/754-cb5-VESTUVINIS-ZIEDAS-TANGO-matinis-GAMYBA.jpg","datePublished":"2025-10-09T17:25:11+00:00","breadcrumb":{"@id":"https:\/\/fashiongold.lt\/lv\/papuosalas\/laulibu-gredzens-tango-matets-izgatavosana\/#breadcrumb"},"inLanguage":"lv-LV","potentialAction":[{"@type":"ReadAction","target":["https:\/\/fashiongold.lt\/lv\/papuosalas\/laulibu-gredzens-tango-matets-izgatavosana\/"]}]},{"@type":"ImageObject","inLanguage":"lv-LV","@id":"https:\/\/fashiongold.lt\/lv\/papuosalas\/laulibu-gredzens-tango-matets-izgatavosana\/#primaryimage","url":"https:\/\/fashiongold.lt\/wp-content\/uploads\/2025\/10\/754-cb5-VESTUVINIS-ZIEDAS-TANGO-matinis-GAMYBA.jpg","contentUrl":"https:\/\/fashiongold.lt\/wp-content\/uploads\/2025\/10\/754-cb5-VESTUVINIS-ZIEDAS-TANGO-matinis-GAMYBA.jpg","width":300,"height":300},{"@type":"BreadcrumbList","@id":"https:\/\/fashiongold.lt\/lv\/papuosalas\/laulibu-gredzens-tango-matets-izgatavosana\/#breadcrumb","itemListElement":[{"@type":"ListItem","position":1,"name":"Home","item":"https:\/\/fashiongold.lt\/lv\/"},{"@type":"ListItem","position":2,"name":"Dimantu veikals Fashiongold.lt","item":"https:\/\/fashiongold.lt\/shop-2\/"},{"@type":"ListItem","position":3,"name":"LAUL\u012aBU GREDZENS \u201cTANGO\u201d (mat\u0113ts) \u2013 IZGATAVO\u0160ANA"}]},{"@type":"WebSite","@id":"https:\/\/fashiongold.lt\/lv\/#website","url":"https:\/\/fashiongold.lt\/lv\/","name":"Fashion Gold","description":"Juvelyrikos namai","publisher":{"@id":"https:\/\/fashiongold.lt\/lv\/#organization"},"potentialAction":[{"@type":"SearchAction","target":{"@type":"EntryPoint","urlTemplate":"https:\/\/fashiongold.lt\/lv\/?s={search_term_string}"},"query-input":{"@type":"PropertyValueSpecification","valueRequired":true,"valueName":"search_term_string"}}],"inLanguage":"lv-LV"},{"@type":"Organization","@id":"https:\/\/fashiongold.lt\/lv\/#organization","name":"Topdiamonds Online","url":"https:\/\/fashiongold.lt\/lv\/","logo":{"@type":"ImageObject","inLanguage":"lv-LV","@id":"https:\/\/fashiongold.lt\/lv\/#\/schema\/logo\/image\/","url":"https:\/\/fashiongold.lt\/wp-content\/uploads\/2025\/04\/cropped-fashion_gold_logotipas2-scaled-1.png","contentUrl":"https:\/\/fashiongold.lt\/wp-content\/uploads\/2025\/04\/cropped-fashion_gold_logotipas2-scaled-1.png","width":2559,"height":421,"caption":"Topdiamonds Online"},"image":{"@id":"https:\/\/fashiongold.lt\/lv\/#\/schema\/logo\/image\/"}}]}},"_links":{"self":[{"href":"https:\/\/fashiongold.lt\/lv\/wp-json\/wp\/v2\/product\/288968","targetHints":{"allow":["GET"]}}],"collection":[{"href":"https:\/\/fashiongold.lt\/lv\/wp-json\/wp\/v2\/product"}],"about":[{"href":"https:\/\/fashiongold.lt\/lv\/wp-json\/wp\/v2\/types\/product"}],"version-history":[{"count":0,"href":"https:\/\/fashiongold.lt\/lv\/wp-json\/wp\/v2\/product\/288968\/revisions"}],"wp:featuredmedia":[{"embeddable":true,"href":"https:\/\/fashiongold.lt\/lv\/wp-json\/wp\/v2\/media\/47876"}],"wp:attachment":[{"href":"https:\/\/fashiongold.lt\/lv\/wp-json\/wp\/v2\/media?parent=288968"}],"wp:term":[{"taxonomy":"product_brand","embeddable":true,"href":"https:\/\/fashiongold.lt\/lv\/wp-json\/wp\/v2\/product_brand?post=288968"},{"taxonomy":"product_cat","embeddable":true,"href":"https:\/\/fashiongold.lt\/lv\/wp-json\/wp\/v2\/product_cat?post=288968"},{"taxonomy":"product_tag","embeddable":true,"href":"https:\/\/fashiongold.lt\/lv\/wp-json\/wp\/v2\/product_tag?post=288968"}],"curies":[{"name":"wp","href":"https:\/\/api.w.org\/{rel}","templated":true}]}}