{"id":289030,"date":"2025-10-09T21:19:10","date_gmt":"2025-10-09T21:19:10","guid":{"rendered":"https:\/\/fashiongold.lt\/papuosalas\/moderns-emerald-unikals-baltzelta-gredzens-ar-smaragda-griezuma-dimantu-un-dimantiem-130-ct\/"},"modified":"2026-02-17T12:18:43","modified_gmt":"2026-02-17T12:18:43","slug":"moderns-emerald-unikals-baltzelta-gredzens-ar-smaragda-griezuma-dimantu-un-dimantiem-130-ct","status":"publish","type":"product","link":"https:\/\/fashiongold.lt\/lv\/rotaslieta\/moderns-emerald-unikals-baltzelta-gredzens-ar-smaragda-griezuma-dimantu-un-dimantiem-130-ct\/","title":{"rendered":"Moderns Emerald \u2013 unik\u0101ls baltzelta gredzens ar smaragda griezuma dimantu un dimantiem (1,30 ct)"},"content":{"rendered":"<p>Ra\u017eots Lietuv\u0101. Gredzenu var izgatavot p\u0113c pas\u016bt\u012bjuma: no sarkan\u0101, dzelten\u0101 vai balt\u0101 zelta.<\/p>\n<p>\u2022 Dimanta tips: Dab\u012bgs dimants<\/p>\n<p>\u2022 Dimanta forma: Smaragda griezums (Emerald cut)<\/p>\n<p>\u2022 Dimanta raksturojums: 1,30 ct (1&#215;1,00 ct smaragda formas un\u00a0 trapeces formas dimanti 0,30 ct), kr\u0101sa H(W); dzidrums SI<\/p>\n<p>\u2022 Sertifik\u0101ts: Lietuvas Proves pal\u0101ta (LPR) un papildus GIA<\/p>\n<p>\u2022 Gredzena zelts: 14K (585. prove)\u00a0<\/p>\n<p>\u2022 Gredzena kr\u0101sa: baltais zelts\u00a0 \u00a0<\/p>\n<p>\u2022 Gredzena svars: aptuveni 2,50 g\u00a0<\/p>\n","protected":false},"excerpt":{"rendered":"<p>Balt\u0101 zelta gredzens ar 1,00 ct smaragda formas dimantu centr\u0101, kuru izce\u013c divi no ab\u0101m pus\u0113m iestr\u0101d\u0101ti trapeces formas dimanti (0,30 ct) \u2013 tas ir m\u016bsu unik\u0101l\u0101 modern\u0101 dizaina \u0161edevrs. Lieliski piem\u0113rots saderin\u0101\u0161anai un \u012bpa\u0161iem gad\u012bjumiem, atkl\u0101jot j\u016bsu izsmalcin\u0101to gaumi. Atkl\u0101jiet grezn\u012bbu un eleganci vien\u0101 gredzen\u0101.<\/p>\n","protected":false},"featured_media":72034,"template":"","meta":{"site-sidebar-layout":"","site-content-layout":"","ast-site-content-layout":"","site-content-style":"","site-sidebar-style":"","ast-global-header-display":"","ast-banner-title-visibility":"","ast-main-header-display":"","ast-hfb-above-header-display":"","ast-hfb-below-header-display":"","ast-hfb-mobile-header-display":"","site-post-title":"","ast-breadcrumbs-content":"","ast-featured-img":"","footer-sml-layout":"","ast-disable-related-posts":"","theme-transparent-header-meta":"","adv-header-id-meta":"","stick-header-meta":"","header-above-stick-meta":"","header-main-stick-meta":"","header-below-stick-meta":"","astra-migrate-meta-layouts":"default","ast-page-background-enabled":"default","ast-page-background-meta":{"desktop":{"background-color":"var(--ast-global-color-4)","background-image":"","background-repeat":"repeat","background-position":"center center","background-size":"auto","background-attachment":"scroll","background-type":"","background-media":"","overlay-type":"","overlay-color":"","overlay-opacity":"","overlay-gradient":""},"tablet":{"background-color":"","background-image":"","background-repeat":"repeat","background-position":"center center","background-size":"auto","background-attachment":"scroll","background-type":"","background-media":"","overlay-type":"","overlay-color":"","overlay-opacity":"","overlay-gradient":""},"mobile":{"background-color":"","background-image":"","background-repeat":"repeat","background-position":"center center","background-size":"auto","background-attachment":"scroll","background-type":"","background-media":"","overlay-type":"","overlay-color":"","overlay-opacity":"","overlay-gradient":""}},"ast-content-background-meta":{"desktop":{"background-color":"var(--ast-global-color-5)","background-image":"","background-repeat":"repeat","background-position":"center center","background-size":"auto","background-attachment":"scroll","background-type":"","background-media":"","overlay-type":"","overlay-color":"","overlay-opacity":"","overlay-gradient":""},"tablet":{"background-color":"var(--ast-global-color-5)","background-image":"","background-repeat":"repeat","background-position":"center center","background-size":"auto","background-attachment":"scroll","background-type":"","background-media":"","overlay-type":"","overlay-color":"","overlay-opacity":"","overlay-gradient":""},"mobile":{"background-color":"var(--ast-global-color-5)","background-image":"","background-repeat":"repeat","background-position":"center center","background-size":"auto","background-attachment":"scroll","background-type":"","background-media":"","overlay-type":"","overlay-color":"","overlay-opacity":"","overlay-gradient":""}}},"product_brand":[],"product_cat":[3441,2919,2915,2913,2921,2920,3403,2916,2914,3961,3453,3042,2922,3465,3439,3759,3962,3447,2936,2918],"product_tag":[],"class_list":{"0":"post-289030","1":"product","2":"type-product","3":"status-publish","4":"has-post-thumbnail","6":"product_cat-balta-zelta-saderinasanas-gredzeni","7":"product_cat-baltzelta-rotaslietas","8":"product_cat-davanas-berna-piedzimsanai","9":"product_cat-davanas-dzimsanas-diena","10":"product_cat-davanas-ipasiem-gadijumiem","11":"product_cat-davanas-izlaidumam","12":"product_cat-davanas-kazam","13":"product_cat-davanas-kazu-gadadiena","14":"product_cat-davanas-sievietem","15":"product_cat-ekskluzivi-saderinasanas-gredzeni","16":"product_cat-gredzeni-ar-dimantiem","17":"product_cat-juvelierizstradajumi","18":"product_cat-mates-dienas-davanas","19":"product_cat-moderni-saderinasanas-gredzeni","20":"product_cat-saderinasanas-gredzeni","21":"product_cat-saderinasanas-gredzeni-ar-1-karata-dimantu","22":"product_cat-saderinasanas-gredzeni-ar-dimantu","23":"product_cat-top-saderinasanas-gredzeni","24":"product_cat-valentindienas-davanas","25":"product_cat-ziemassvetku-davanas","26":"desktop-align-center","27":"tablet-align-left","28":"mobile-align-left","29":"ast-product-gallery-layout-horizontal-slider","30":"ast-product-gallery-with-no-image","31":"ast-product-single-variable","32":"ast-product-tabs-layout-accordion","33":"ast-qv-on-image","35":"first","36":"instock","37":"taxable","38":"shipping-taxable","39":"purchasable","40":"product-type-variable"},"yoast_head":"<!-- This site is optimized with the Yoast SEO plugin v26.6 - https:\/\/yoast.com\/wordpress\/plugins\/seo\/ -->\n<title>Balt\u0101 zelta gredzens ar 1,30 ct Emerald formas dimantu un dimantiem<\/title>\n<meta name=\"description\" content=\"Lietuv\u0101 izgatavots unik\u0101ls gredzens ar 1,30 ct smaragda formas dimantu un dimantiem. P\u0101rsteidziet ar unik\u0101lu d\u0101vanu. Bezmaksas pieg\u0101de vis\u0101 Lietuv\u0101.\" \/>\n<meta name=\"robots\" content=\"index, follow, max-snippet:-1, max-image-preview:large, max-video-preview:-1\" \/>\n<link rel=\"canonical\" href=\"https:\/\/fashiongold.lt\/lv\/rotaslieta\/moderns-emerald-unikals-baltzelta-gredzens-ar-smaragda-griezuma-dimantu-un-dimantiem-130-ct\/\" \/>\n<meta property=\"og:locale\" content=\"lv_LV\" \/>\n<meta property=\"og:type\" content=\"article\" \/>\n<meta property=\"og:title\" content=\"Balt\u0101 zelta gredzens ar 1,30 ct Emerald formas dimantu un dimantiem\" \/>\n<meta property=\"og:description\" content=\"Lietuv\u0101 izgatavots unik\u0101ls gredzens ar 1,30 ct smaragda formas dimantu un dimantiem. P\u0101rsteidziet ar unik\u0101lu d\u0101vanu. Bezmaksas pieg\u0101de vis\u0101 Lietuv\u0101.\" \/>\n<meta property=\"og:url\" content=\"https:\/\/fashiongold.lt\/lv\/rotaslieta\/moderns-emerald-unikals-baltzelta-gredzens-ar-smaragda-griezuma-dimantu-un-dimantiem-130-ct\/\" \/>\n<meta property=\"og:site_name\" content=\"FashionGold.lt\" \/>\n<meta property=\"article:modified_time\" content=\"2026-02-17T12:18:43+00:00\" \/>\n<meta property=\"og:image\" content=\"https:\/\/fashiongold.lt\/wp-content\/uploads\/2025\/10\/4389-6bc-balto-aukso-ziedas-su-deimantu-Emerald-formos-ir-deimantais.webp\" \/>\n\t<meta property=\"og:image:width\" content=\"1000\" \/>\n\t<meta property=\"og:image:height\" content=\"1000\" \/>\n\t<meta property=\"og:image:type\" content=\"image\/png\" \/>\n<meta name=\"twitter:card\" content=\"summary_large_image\" \/>\n<script type=\"application\/ld+json\" class=\"yoast-schema-graph\">{\"@context\":\"https:\/\/schema.org\",\"@graph\":[{\"@type\":\"WebPage\",\"@id\":\"https:\/\/fashiongold.lt\/lv\/rotaslieta\/moderns-emerald-unikals-baltzelta-gredzens-ar-smaragda-griezuma-dimantu-un-dimantiem-130-ct\/\",\"url\":\"https:\/\/fashiongold.lt\/lv\/rotaslieta\/moderns-emerald-unikals-baltzelta-gredzens-ar-smaragda-griezuma-dimantu-un-dimantiem-130-ct\/\",\"name\":\"Balt\u0101 zelta gredzens ar 1,30 ct Emerald formas dimantu un dimantiem\",\"isPartOf\":{\"@id\":\"https:\/\/fashiongold.lt\/lv\/#website\"},\"primaryImageOfPage\":{\"@id\":\"https:\/\/fashiongold.lt\/lv\/rotaslieta\/moderns-emerald-unikals-baltzelta-gredzens-ar-smaragda-griezuma-dimantu-un-dimantiem-130-ct\/#primaryimage\"},\"image\":{\"@id\":\"https:\/\/fashiongold.lt\/lv\/rotaslieta\/moderns-emerald-unikals-baltzelta-gredzens-ar-smaragda-griezuma-dimantu-un-dimantiem-130-ct\/#primaryimage\"},\"thumbnailUrl\":\"https:\/\/fashiongold.lt\/wp-content\/uploads\/2025\/10\/4389-6bc-balto-aukso-ziedas-su-deimantu-Emerald-formos-ir-deimantais.png\",\"datePublished\":\"2025-10-09T21:19:10+00:00\",\"dateModified\":\"2026-02-17T12:18:43+00:00\",\"description\":\"Lietuv\u0101 izgatavots unik\u0101ls gredzens ar 1,30 ct smaragda formas dimantu un dimantiem. P\u0101rsteidziet ar unik\u0101lu d\u0101vanu. Bezmaksas pieg\u0101de vis\u0101 Lietuv\u0101.\",\"breadcrumb\":{\"@id\":\"https:\/\/fashiongold.lt\/lv\/rotaslieta\/moderns-emerald-unikals-baltzelta-gredzens-ar-smaragda-griezuma-dimantu-un-dimantiem-130-ct\/#breadcrumb\"},\"inLanguage\":\"lv-LV\",\"potentialAction\":[{\"@type\":\"ReadAction\",\"target\":[\"https:\/\/fashiongold.lt\/lv\/rotaslieta\/moderns-emerald-unikals-baltzelta-gredzens-ar-smaragda-griezuma-dimantu-un-dimantiem-130-ct\/\"]}]},{\"@type\":\"ImageObject\",\"inLanguage\":\"lv-LV\",\"@id\":\"https:\/\/fashiongold.lt\/lv\/rotaslieta\/moderns-emerald-unikals-baltzelta-gredzens-ar-smaragda-griezuma-dimantu-un-dimantiem-130-ct\/#primaryimage\",\"url\":\"https:\/\/fashiongold.lt\/wp-content\/uploads\/2025\/10\/4389-6bc-balto-aukso-ziedas-su-deimantu-Emerald-formos-ir-deimantais.png\",\"contentUrl\":\"https:\/\/fashiongold.lt\/wp-content\/uploads\/2025\/10\/4389-6bc-balto-aukso-ziedas-su-deimantu-Emerald-formos-ir-deimantais.png\",\"width\":1000,\"height\":1000},{\"@type\":\"BreadcrumbList\",\"@id\":\"https:\/\/fashiongold.lt\/lv\/rotaslieta\/moderns-emerald-unikals-baltzelta-gredzens-ar-smaragda-griezuma-dimantu-un-dimantiem-130-ct\/#breadcrumb\",\"itemListElement\":[{\"@type\":\"ListItem\",\"position\":1,\"name\":\"Home\",\"item\":\"https:\/\/fashiongold.lt\/lv\/\"},{\"@type\":\"ListItem\",\"position\":2,\"name\":\"Dimantu veikals Fashiongold.lt\",\"item\":\"https:\/\/fashiongold.lt\/shop-2\/\"},{\"@type\":\"ListItem\",\"position\":3,\"name\":\"Moderns Emerald \u2013 unik\u0101ls baltzelta gredzens ar smaragda griezuma dimantu un dimantiem (1,30 ct)\"}]},{\"@type\":\"WebSite\",\"@id\":\"https:\/\/fashiongold.lt\/lv\/#website\",\"url\":\"https:\/\/fashiongold.lt\/lv\/\",\"name\":\"Fashion Gold\",\"description\":\"Juvelierizstr\u0101d\u0101jumu nams\",\"publisher\":{\"@id\":\"https:\/\/fashiongold.lt\/lv\/#organization\"},\"potentialAction\":[{\"@type\":\"SearchAction\",\"target\":{\"@type\":\"EntryPoint\",\"urlTemplate\":\"https:\/\/fashiongold.lt\/lv\/?s={search_term_string}\"},\"query-input\":{\"@type\":\"PropertyValueSpecification\",\"valueRequired\":true,\"valueName\":\"search_term_string\"}}],\"inLanguage\":\"lv-LV\"},{\"@type\":\"Organization\",\"@id\":\"https:\/\/fashiongold.lt\/lv\/#organization\",\"name\":\"Topdiamonds Online\",\"url\":\"https:\/\/fashiongold.lt\/lv\/\",\"logo\":{\"@type\":\"ImageObject\",\"inLanguage\":\"lv-LV\",\"@id\":\"https:\/\/fashiongold.lt\/lv\/#\/schema\/logo\/image\/\",\"url\":\"https:\/\/fashiongold.lt\/wp-content\/uploads\/2025\/04\/cropped-fashion_gold_logotipas2-scaled-1.png\",\"contentUrl\":\"https:\/\/fashiongold.lt\/wp-content\/uploads\/2025\/04\/cropped-fashion_gold_logotipas2-scaled-1.png\",\"width\":2559,\"height\":421,\"caption\":\"Topdiamonds Online\"},\"image\":{\"@id\":\"https:\/\/fashiongold.lt\/lv\/#\/schema\/logo\/image\/\"}}]}<\/script>\n<!-- \/ Yoast SEO plugin. -->","yoast_head_json":{"title":"Balt\u0101 zelta gredzens ar 1,30 ct Emerald formas dimantu un dimantiem","description":"Lietuv\u0101 izgatavots unik\u0101ls gredzens ar 1,30 ct smaragda formas dimantu un dimantiem. P\u0101rsteidziet ar unik\u0101lu d\u0101vanu. Bezmaksas pieg\u0101de vis\u0101 Lietuv\u0101.","robots":{"index":"index","follow":"follow","max-snippet":"max-snippet:-1","max-image-preview":"max-image-preview:large","max-video-preview":"max-video-preview:-1"},"canonical":"https:\/\/fashiongold.lt\/lv\/rotaslieta\/moderns-emerald-unikals-baltzelta-gredzens-ar-smaragda-griezuma-dimantu-un-dimantiem-130-ct\/","og_locale":"lv_LV","og_type":"article","og_title":"Balt\u0101 zelta gredzens ar 1,30 ct Emerald formas dimantu un dimantiem","og_description":"Lietuv\u0101 izgatavots unik\u0101ls gredzens ar 1,30 ct smaragda formas dimantu un dimantiem. P\u0101rsteidziet ar unik\u0101lu d\u0101vanu. Bezmaksas pieg\u0101de vis\u0101 Lietuv\u0101.","og_url":"https:\/\/fashiongold.lt\/lv\/rotaslieta\/moderns-emerald-unikals-baltzelta-gredzens-ar-smaragda-griezuma-dimantu-un-dimantiem-130-ct\/","og_site_name":"FashionGold.lt","article_modified_time":"2026-02-17T12:18:43+00:00","og_image":[{"width":1000,"height":1000,"url":"https:\/\/fashiongold.lt\/wp-content\/uploads\/2025\/10\/4389-6bc-balto-aukso-ziedas-su-deimantu-Emerald-formos-ir-deimantais.webp","type":"image\/png"}],"twitter_card":"summary_large_image","schema":{"@context":"https:\/\/schema.org","@graph":[{"@type":"WebPage","@id":"https:\/\/fashiongold.lt\/lv\/rotaslieta\/moderns-emerald-unikals-baltzelta-gredzens-ar-smaragda-griezuma-dimantu-un-dimantiem-130-ct\/","url":"https:\/\/fashiongold.lt\/lv\/rotaslieta\/moderns-emerald-unikals-baltzelta-gredzens-ar-smaragda-griezuma-dimantu-un-dimantiem-130-ct\/","name":"Balt\u0101 zelta gredzens ar 1,30 ct Emerald formas dimantu un dimantiem","isPartOf":{"@id":"https:\/\/fashiongold.lt\/lv\/#website"},"primaryImageOfPage":{"@id":"https:\/\/fashiongold.lt\/lv\/rotaslieta\/moderns-emerald-unikals-baltzelta-gredzens-ar-smaragda-griezuma-dimantu-un-dimantiem-130-ct\/#primaryimage"},"image":{"@id":"https:\/\/fashiongold.lt\/lv\/rotaslieta\/moderns-emerald-unikals-baltzelta-gredzens-ar-smaragda-griezuma-dimantu-un-dimantiem-130-ct\/#primaryimage"},"thumbnailUrl":"https:\/\/fashiongold.lt\/wp-content\/uploads\/2025\/10\/4389-6bc-balto-aukso-ziedas-su-deimantu-Emerald-formos-ir-deimantais.png","datePublished":"2025-10-09T21:19:10+00:00","dateModified":"2026-02-17T12:18:43+00:00","description":"Lietuv\u0101 izgatavots unik\u0101ls gredzens ar 1,30 ct smaragda formas dimantu un dimantiem. P\u0101rsteidziet ar unik\u0101lu d\u0101vanu. Bezmaksas pieg\u0101de vis\u0101 Lietuv\u0101.","breadcrumb":{"@id":"https:\/\/fashiongold.lt\/lv\/rotaslieta\/moderns-emerald-unikals-baltzelta-gredzens-ar-smaragda-griezuma-dimantu-un-dimantiem-130-ct\/#breadcrumb"},"inLanguage":"lv-LV","potentialAction":[{"@type":"ReadAction","target":["https:\/\/fashiongold.lt\/lv\/rotaslieta\/moderns-emerald-unikals-baltzelta-gredzens-ar-smaragda-griezuma-dimantu-un-dimantiem-130-ct\/"]}]},{"@type":"ImageObject","inLanguage":"lv-LV","@id":"https:\/\/fashiongold.lt\/lv\/rotaslieta\/moderns-emerald-unikals-baltzelta-gredzens-ar-smaragda-griezuma-dimantu-un-dimantiem-130-ct\/#primaryimage","url":"https:\/\/fashiongold.lt\/wp-content\/uploads\/2025\/10\/4389-6bc-balto-aukso-ziedas-su-deimantu-Emerald-formos-ir-deimantais.png","contentUrl":"https:\/\/fashiongold.lt\/wp-content\/uploads\/2025\/10\/4389-6bc-balto-aukso-ziedas-su-deimantu-Emerald-formos-ir-deimantais.png","width":1000,"height":1000},{"@type":"BreadcrumbList","@id":"https:\/\/fashiongold.lt\/lv\/rotaslieta\/moderns-emerald-unikals-baltzelta-gredzens-ar-smaragda-griezuma-dimantu-un-dimantiem-130-ct\/#breadcrumb","itemListElement":[{"@type":"ListItem","position":1,"name":"Home","item":"https:\/\/fashiongold.lt\/lv\/"},{"@type":"ListItem","position":2,"name":"Dimantu veikals Fashiongold.lt","item":"https:\/\/fashiongold.lt\/shop-2\/"},{"@type":"ListItem","position":3,"name":"Moderns Emerald \u2013 unik\u0101ls baltzelta gredzens ar smaragda griezuma dimantu un dimantiem (1,30 ct)"}]},{"@type":"WebSite","@id":"https:\/\/fashiongold.lt\/lv\/#website","url":"https:\/\/fashiongold.lt\/lv\/","name":"Fashion Gold","description":"Juvelierizstr\u0101d\u0101jumu nams","publisher":{"@id":"https:\/\/fashiongold.lt\/lv\/#organization"},"potentialAction":[{"@type":"SearchAction","target":{"@type":"EntryPoint","urlTemplate":"https:\/\/fashiongold.lt\/lv\/?s={search_term_string}"},"query-input":{"@type":"PropertyValueSpecification","valueRequired":true,"valueName":"search_term_string"}}],"inLanguage":"lv-LV"},{"@type":"Organization","@id":"https:\/\/fashiongold.lt\/lv\/#organization","name":"Topdiamonds Online","url":"https:\/\/fashiongold.lt\/lv\/","logo":{"@type":"ImageObject","inLanguage":"lv-LV","@id":"https:\/\/fashiongold.lt\/lv\/#\/schema\/logo\/image\/","url":"https:\/\/fashiongold.lt\/wp-content\/uploads\/2025\/04\/cropped-fashion_gold_logotipas2-scaled-1.png","contentUrl":"https:\/\/fashiongold.lt\/wp-content\/uploads\/2025\/04\/cropped-fashion_gold_logotipas2-scaled-1.png","width":2559,"height":421,"caption":"Topdiamonds Online"},"image":{"@id":"https:\/\/fashiongold.lt\/lv\/#\/schema\/logo\/image\/"}}]}},"_links":{"self":[{"href":"https:\/\/fashiongold.lt\/lv\/wp-json\/wp\/v2\/product\/289030","targetHints":{"allow":["GET"]}}],"collection":[{"href":"https:\/\/fashiongold.lt\/lv\/wp-json\/wp\/v2\/product"}],"about":[{"href":"https:\/\/fashiongold.lt\/lv\/wp-json\/wp\/v2\/types\/product"}],"version-history":[{"count":0,"href":"https:\/\/fashiongold.lt\/lv\/wp-json\/wp\/v2\/product\/289030\/revisions"}],"wp:featuredmedia":[{"embeddable":true,"href":"https:\/\/fashiongold.lt\/lv\/wp-json\/wp\/v2\/media\/72034"}],"wp:attachment":[{"href":"https:\/\/fashiongold.lt\/lv\/wp-json\/wp\/v2\/media?parent=289030"}],"wp:term":[{"taxonomy":"product_brand","embeddable":true,"href":"https:\/\/fashiongold.lt\/lv\/wp-json\/wp\/v2\/product_brand?post=289030"},{"taxonomy":"product_cat","embeddable":true,"href":"https:\/\/fashiongold.lt\/lv\/wp-json\/wp\/v2\/product_cat?post=289030"},{"taxonomy":"product_tag","embeddable":true,"href":"https:\/\/fashiongold.lt\/lv\/wp-json\/wp\/v2\/product_tag?post=289030"}],"curies":[{"name":"wp","href":"https:\/\/api.w.org\/{rel}","templated":true}]}}