{"id":289050,"date":"2025-10-09T21:17:05","date_gmt":"2025-10-09T21:17:05","guid":{"rendered":"https:\/\/fashiongold.lt\/papuosalas\/harmonijas-briljants-balta-zelta-kedite-ar-briljantu-100-ct\/"},"modified":"2026-02-17T12:19:02","modified_gmt":"2026-02-17T12:19:02","slug":"harmonijas-briljants-balta-zelta-kedite-ar-briljantu-100-ct","status":"publish","type":"product","link":"https:\/\/fashiongold.lt\/lv\/papuosalas\/harmonijas-briljants-balta-zelta-kedite-ar-briljantu-100-ct\/","title":{"rendered":"Harmonijas Briljants \u2013 balt\u0101 zelta \u0137\u0113d\u012bte ar briljantu 1,00 ct"},"content":{"rendered":"<p>&#8220;Fashion Gold&#8221; juvelieru meistaru rad\u012bta \u0137\u0113d\u012bte no baltzelta, kas rot\u0101ta ar kulonu ar dimantu. Kulons nav no\u0146emams un ir rot\u0101ts ar \u012bstu briljantu. \u0160\u0101da rota ir lieliska d\u0101vana da\u017e\u0101dos gad\u012bjumos: krist\u012bb\u0101s, dzim\u0161anas dien\u0101s, jubilej\u0101s, Ziemassv\u0113tkos vai Valent\u012bndien\u0101.\u00a0<\/p>\n<p>Ra\u017eots Lietuv\u0101. \u0136\u0113d\u012bte un kulons ar dimantu var tikt izgatavoti p\u0113c pas\u016bt\u012bjuma: no sarkan\u0101, dzelten\u0101 vai balt\u0101 zelta.<\/p>\n<p>\u2022 Dimanta tips: Dab\u012bgs dimants<\/p>\n<p>\u2022 Dimanta forma: Apa\u013ca forma (Round cut)\u00a0<\/p>\n<p>\u2022 Dimanta raksturojums: 1,00 ct Apa\u013cas formas, kr\u0101sa H(W); dzidrums SI<\/p>\n<p>\u2022 Sertifik\u0101ts: Lietuvas Prov\u0113\u0161anas pal\u0101ta (LPR) un papildus IGI<\/p>\n<p>\u2022 Kulona zelts: 14K (585 prove)\u00a0<\/p>\n<p>\u2022 Kulona kr\u0101sa: dzeltenais zelts\u00a0<\/p>\n<p>\u2022 Kulona svars: aptuveni 1,70 g\u00a0<\/p>\n<p>\u2022 \u0136\u0113d\u012btes garums: 42 cm<\/p>\n","protected":false},"excerpt":{"rendered":"<p>Balt\u0101 zelta \u0137\u0113d\u012bte ar \u012bstu apa\u013cas formas dimanta piekari\u0146u 1,00 ct. Piekari\u0146\u0161 nav no\u0146emams. Izsmalcin\u0101ta d\u0101vana \u012bpa\u0161iem gad\u012bjumiem.\u00a0<\/p>\n","protected":false},"featured_media":71935,"template":"","meta":{"site-sidebar-layout":"","site-content-layout":"","ast-site-content-layout":"","site-content-style":"","site-sidebar-style":"","ast-global-header-display":"","ast-banner-title-visibility":"","ast-main-header-display":"","ast-hfb-above-header-display":"","ast-hfb-below-header-display":"","ast-hfb-mobile-header-display":"","site-post-title":"","ast-breadcrumbs-content":"","ast-featured-img":"","footer-sml-layout":"","ast-disable-related-posts":"","theme-transparent-header-meta":"","adv-header-id-meta":"","stick-header-meta":"","header-above-stick-meta":"","header-main-stick-meta":"","header-below-stick-meta":"","astra-migrate-meta-layouts":"default","ast-page-background-enabled":"default","ast-page-background-meta":{"desktop":{"background-color":"var(--ast-global-color-4)","background-image":"","background-repeat":"repeat","background-position":"center center","background-size":"auto","background-attachment":"scroll","background-type":"","background-media":"","overlay-type":"","overlay-color":"","overlay-opacity":"","overlay-gradient":""},"tablet":{"background-color":"","background-image":"","background-repeat":"repeat","background-position":"center center","background-size":"auto","background-attachment":"scroll","background-type":"","background-media":"","overlay-type":"","overlay-color":"","overlay-opacity":"","overlay-gradient":""},"mobile":{"background-color":"","background-image":"","background-repeat":"repeat","background-position":"center center","background-size":"auto","background-attachment":"scroll","background-type":"","background-media":"","overlay-type":"","overlay-color":"","overlay-opacity":"","overlay-gradient":""}},"ast-content-background-meta":{"desktop":{"background-color":"var(--ast-global-color-5)","background-image":"","background-repeat":"repeat","background-position":"center center","background-size":"auto","background-attachment":"scroll","background-type":"","background-media":"","overlay-type":"","overlay-color":"","overlay-opacity":"","overlay-gradient":""},"tablet":{"background-color":"var(--ast-global-color-5)","background-image":"","background-repeat":"repeat","background-position":"center center","background-size":"auto","background-attachment":"scroll","background-type":"","background-media":"","overlay-type":"","overlay-color":"","overlay-opacity":"","overlay-gradient":""},"mobile":{"background-color":"var(--ast-global-color-5)","background-image":"","background-repeat":"repeat","background-position":"center center","background-size":"auto","background-attachment":"scroll","background-type":"","background-media":"","overlay-type":"","overlay-color":"","overlay-opacity":"","overlay-gradient":""}}},"product_brand":[],"product_cat":[2919,3406,2915,2913,2921,2920,3403,2916,2914,2917,3042,3492,3487,3489,3490,3401,3028,2922,2936,3029,3488,2918],"product_tag":[],"class_list":{"0":"post-289050","1":"product","2":"type-product","3":"status-publish","4":"has-post-thumbnail","6":"product_cat-baltzelta-rotaslietas","7":"product_cat-davana-pirmaja-komunija","8":"product_cat-davanas-berna-piedzimsanai","9":"product_cat-davanas-dzimsanas-diena","10":"product_cat-davanas-ipasiem-gadijumiem","11":"product_cat-davanas-izlaidumam","12":"product_cat-davanas-kazam","13":"product_cat-davanas-kazu-gadadiena","14":"product_cat-davanas-sievietem","15":"product_cat-davanas-viriesiem","16":"product_cat-juvelierizstradajumi","17":"product_cat-kedite-ar-dimantu","18":"product_cat-kedite-kristibam","19":"product_cat-kedite-viriesiem","20":"product_cat-kedites-ar-dimantiem","21":"product_cat-kristibu-davanas","22":"product_cat-kuloni-ar-dimantiem","23":"product_cat-mates-dienas-davanas","24":"product_cat-valentindienas-davanas","25":"product_cat-zelta-kedite-ar-piekarinu-pec-horoskopa","26":"product_cat-zelta-kedite-meitenem","27":"product_cat-ziemassvetku-davanas","28":"desktop-align-center","29":"tablet-align-left","30":"mobile-align-left","31":"ast-product-gallery-layout-horizontal-slider","32":"ast-product-gallery-with-no-image","33":"ast-product-single-variable","34":"ast-product-tabs-layout-accordion","35":"ast-qv-on-image","37":"first","38":"instock","39":"taxable","40":"shipping-taxable","41":"purchasable","42":"product-type-variable"},"yoast_head":"<!-- This site is optimized with the Yoast SEO plugin v26.6 - https:\/\/yoast.com\/wordpress\/plugins\/seo\/ -->\n<title>Harmonijas briljants - balt\u0101 zelta \u0137\u0113d\u012bte ar briljantu 1,00 ct<\/title>\n<meta name=\"description\" content=\"Lietuv\u0101 ra\u017eota balt\u0101 zelta \u0137\u0113d\u012bte ar \u012bstu apa\u013cas formas 1,00 ct dimanta kulonu. Kulons nav no\u0146emams. Ekskluz\u012bva d\u0101vana \u012bpa\u0161iem gad\u012bjumiem.\" \/>\n<meta name=\"robots\" content=\"index, follow, max-snippet:-1, max-image-preview:large, max-video-preview:-1\" \/>\n<link rel=\"canonical\" href=\"https:\/\/fashiongold.lt\/lv\/papuosalas\/harmonijas-briljants-balta-zelta-kedite-ar-briljantu-100-ct\/\" \/>\n<meta property=\"og:locale\" content=\"lv_LV\" \/>\n<meta property=\"og:type\" content=\"article\" \/>\n<meta property=\"og:title\" content=\"Harmonijas briljants - balt\u0101 zelta \u0137\u0113d\u012bte ar briljantu 1,00 ct\" \/>\n<meta property=\"og:description\" content=\"Lietuv\u0101 ra\u017eota balt\u0101 zelta \u0137\u0113d\u012bte ar \u012bstu apa\u013cas formas 1,00 ct dimanta kulonu. Kulons nav no\u0146emams. Ekskluz\u012bva d\u0101vana \u012bpa\u0161iem gad\u012bjumiem.\" \/>\n<meta property=\"og:url\" content=\"https:\/\/fashiongold.lt\/lv\/papuosalas\/harmonijas-briljants-balta-zelta-kedite-ar-briljantu-100-ct\/\" \/>\n<meta property=\"og:site_name\" content=\"FashionGold.lt\" \/>\n<meta property=\"article:modified_time\" content=\"2026-02-17T12:19:02+00:00\" \/>\n<meta property=\"og:image\" content=\"https:\/\/fashiongold.lt\/wp-content\/uploads\/2025\/10\/4373-b59-Balto-aukso-grandinele-su-deimantiniu-pakabuku.webp\" \/>\n\t<meta property=\"og:image:width\" content=\"2000\" \/>\n\t<meta property=\"og:image:height\" content=\"2000\" \/>\n\t<meta property=\"og:image:type\" content=\"image\/jpeg\" \/>\n<meta name=\"twitter:card\" content=\"summary_large_image\" \/>\n<meta name=\"twitter:label1\" content=\"Est. reading time\" \/>\n\t<meta name=\"twitter:data1\" content=\"1 minute\" \/>\n<script type=\"application\/ld+json\" class=\"yoast-schema-graph\">{\"@context\":\"https:\/\/schema.org\",\"@graph\":[{\"@type\":\"WebPage\",\"@id\":\"https:\/\/fashiongold.lt\/lv\/papuosalas\/harmonijas-briljants-balta-zelta-kedite-ar-briljantu-100-ct\/\",\"url\":\"https:\/\/fashiongold.lt\/lv\/papuosalas\/harmonijas-briljants-balta-zelta-kedite-ar-briljantu-100-ct\/\",\"name\":\"Harmonijas briljants - balt\u0101 zelta \u0137\u0113d\u012bte ar briljantu 1,00 ct\",\"isPartOf\":{\"@id\":\"https:\/\/fashiongold.lt\/lv\/#website\"},\"primaryImageOfPage\":{\"@id\":\"https:\/\/fashiongold.lt\/lv\/papuosalas\/harmonijas-briljants-balta-zelta-kedite-ar-briljantu-100-ct\/#primaryimage\"},\"image\":{\"@id\":\"https:\/\/fashiongold.lt\/lv\/papuosalas\/harmonijas-briljants-balta-zelta-kedite-ar-briljantu-100-ct\/#primaryimage\"},\"thumbnailUrl\":\"https:\/\/fashiongold.lt\/wp-content\/uploads\/2025\/10\/4373-b59-Balto-aukso-grandinele-su-deimantiniu-pakabuku.jpg\",\"datePublished\":\"2025-10-09T21:17:05+00:00\",\"dateModified\":\"2026-02-17T12:19:02+00:00\",\"description\":\"Lietuv\u0101 ra\u017eota balt\u0101 zelta \u0137\u0113d\u012bte ar \u012bstu apa\u013cas formas 1,00 ct dimanta kulonu. Kulons nav no\u0146emams. Ekskluz\u012bva d\u0101vana \u012bpa\u0161iem gad\u012bjumiem.\",\"breadcrumb\":{\"@id\":\"https:\/\/fashiongold.lt\/lv\/papuosalas\/harmonijas-briljants-balta-zelta-kedite-ar-briljantu-100-ct\/#breadcrumb\"},\"inLanguage\":\"lv-LV\",\"potentialAction\":[{\"@type\":\"ReadAction\",\"target\":[\"https:\/\/fashiongold.lt\/lv\/papuosalas\/harmonijas-briljants-balta-zelta-kedite-ar-briljantu-100-ct\/\"]}]},{\"@type\":\"ImageObject\",\"inLanguage\":\"lv-LV\",\"@id\":\"https:\/\/fashiongold.lt\/lv\/papuosalas\/harmonijas-briljants-balta-zelta-kedite-ar-briljantu-100-ct\/#primaryimage\",\"url\":\"https:\/\/fashiongold.lt\/wp-content\/uploads\/2025\/10\/4373-b59-Balto-aukso-grandinele-su-deimantiniu-pakabuku.jpg\",\"contentUrl\":\"https:\/\/fashiongold.lt\/wp-content\/uploads\/2025\/10\/4373-b59-Balto-aukso-grandinele-su-deimantiniu-pakabuku.jpg\",\"width\":2000,\"height\":2000},{\"@type\":\"BreadcrumbList\",\"@id\":\"https:\/\/fashiongold.lt\/lv\/papuosalas\/harmonijas-briljants-balta-zelta-kedite-ar-briljantu-100-ct\/#breadcrumb\",\"itemListElement\":[{\"@type\":\"ListItem\",\"position\":1,\"name\":\"Home\",\"item\":\"https:\/\/fashiongold.lt\/lv\/\"},{\"@type\":\"ListItem\",\"position\":2,\"name\":\"Dimantu veikals Fashiongold.lt\",\"item\":\"https:\/\/fashiongold.lt\/shop-2\/\"},{\"@type\":\"ListItem\",\"position\":3,\"name\":\"Harmonijas Briljants \u2013 balt\u0101 zelta \u0137\u0113d\u012bte ar briljantu 1,00 ct\"}]},{\"@type\":\"WebSite\",\"@id\":\"https:\/\/fashiongold.lt\/lv\/#website\",\"url\":\"https:\/\/fashiongold.lt\/lv\/\",\"name\":\"Fashion Gold\",\"description\":\"Juvelyrikos namai\",\"publisher\":{\"@id\":\"https:\/\/fashiongold.lt\/lv\/#organization\"},\"potentialAction\":[{\"@type\":\"SearchAction\",\"target\":{\"@type\":\"EntryPoint\",\"urlTemplate\":\"https:\/\/fashiongold.lt\/lv\/?s={search_term_string}\"},\"query-input\":{\"@type\":\"PropertyValueSpecification\",\"valueRequired\":true,\"valueName\":\"search_term_string\"}}],\"inLanguage\":\"lv-LV\"},{\"@type\":\"Organization\",\"@id\":\"https:\/\/fashiongold.lt\/lv\/#organization\",\"name\":\"Topdiamonds Online\",\"url\":\"https:\/\/fashiongold.lt\/lv\/\",\"logo\":{\"@type\":\"ImageObject\",\"inLanguage\":\"lv-LV\",\"@id\":\"https:\/\/fashiongold.lt\/lv\/#\/schema\/logo\/image\/\",\"url\":\"https:\/\/fashiongold.lt\/wp-content\/uploads\/2025\/04\/cropped-fashion_gold_logotipas2-scaled-1.png\",\"contentUrl\":\"https:\/\/fashiongold.lt\/wp-content\/uploads\/2025\/04\/cropped-fashion_gold_logotipas2-scaled-1.png\",\"width\":2559,\"height\":421,\"caption\":\"Topdiamonds Online\"},\"image\":{\"@id\":\"https:\/\/fashiongold.lt\/lv\/#\/schema\/logo\/image\/\"}}]}<\/script>\n<!-- \/ Yoast SEO plugin. -->","yoast_head_json":{"title":"Harmonijas briljants - balt\u0101 zelta \u0137\u0113d\u012bte ar briljantu 1,00 ct","description":"Lietuv\u0101 ra\u017eota balt\u0101 zelta \u0137\u0113d\u012bte ar \u012bstu apa\u013cas formas 1,00 ct dimanta kulonu. Kulons nav no\u0146emams. Ekskluz\u012bva d\u0101vana \u012bpa\u0161iem gad\u012bjumiem.","robots":{"index":"index","follow":"follow","max-snippet":"max-snippet:-1","max-image-preview":"max-image-preview:large","max-video-preview":"max-video-preview:-1"},"canonical":"https:\/\/fashiongold.lt\/lv\/papuosalas\/harmonijas-briljants-balta-zelta-kedite-ar-briljantu-100-ct\/","og_locale":"lv_LV","og_type":"article","og_title":"Harmonijas briljants - balt\u0101 zelta \u0137\u0113d\u012bte ar briljantu 1,00 ct","og_description":"Lietuv\u0101 ra\u017eota balt\u0101 zelta \u0137\u0113d\u012bte ar \u012bstu apa\u013cas formas 1,00 ct dimanta kulonu. Kulons nav no\u0146emams. Ekskluz\u012bva d\u0101vana \u012bpa\u0161iem gad\u012bjumiem.","og_url":"https:\/\/fashiongold.lt\/lv\/papuosalas\/harmonijas-briljants-balta-zelta-kedite-ar-briljantu-100-ct\/","og_site_name":"FashionGold.lt","article_modified_time":"2026-02-17T12:19:02+00:00","og_image":[{"width":2000,"height":2000,"url":"https:\/\/fashiongold.lt\/wp-content\/uploads\/2025\/10\/4373-b59-Balto-aukso-grandinele-su-deimantiniu-pakabuku.webp","type":"image\/jpeg"}],"twitter_card":"summary_large_image","twitter_misc":{"Est. reading time":"1 minute"},"schema":{"@context":"https:\/\/schema.org","@graph":[{"@type":"WebPage","@id":"https:\/\/fashiongold.lt\/lv\/papuosalas\/harmonijas-briljants-balta-zelta-kedite-ar-briljantu-100-ct\/","url":"https:\/\/fashiongold.lt\/lv\/papuosalas\/harmonijas-briljants-balta-zelta-kedite-ar-briljantu-100-ct\/","name":"Harmonijas briljants - balt\u0101 zelta \u0137\u0113d\u012bte ar briljantu 1,00 ct","isPartOf":{"@id":"https:\/\/fashiongold.lt\/lv\/#website"},"primaryImageOfPage":{"@id":"https:\/\/fashiongold.lt\/lv\/papuosalas\/harmonijas-briljants-balta-zelta-kedite-ar-briljantu-100-ct\/#primaryimage"},"image":{"@id":"https:\/\/fashiongold.lt\/lv\/papuosalas\/harmonijas-briljants-balta-zelta-kedite-ar-briljantu-100-ct\/#primaryimage"},"thumbnailUrl":"https:\/\/fashiongold.lt\/wp-content\/uploads\/2025\/10\/4373-b59-Balto-aukso-grandinele-su-deimantiniu-pakabuku.jpg","datePublished":"2025-10-09T21:17:05+00:00","dateModified":"2026-02-17T12:19:02+00:00","description":"Lietuv\u0101 ra\u017eota balt\u0101 zelta \u0137\u0113d\u012bte ar \u012bstu apa\u013cas formas 1,00 ct dimanta kulonu. Kulons nav no\u0146emams. Ekskluz\u012bva d\u0101vana \u012bpa\u0161iem gad\u012bjumiem.","breadcrumb":{"@id":"https:\/\/fashiongold.lt\/lv\/papuosalas\/harmonijas-briljants-balta-zelta-kedite-ar-briljantu-100-ct\/#breadcrumb"},"inLanguage":"lv-LV","potentialAction":[{"@type":"ReadAction","target":["https:\/\/fashiongold.lt\/lv\/papuosalas\/harmonijas-briljants-balta-zelta-kedite-ar-briljantu-100-ct\/"]}]},{"@type":"ImageObject","inLanguage":"lv-LV","@id":"https:\/\/fashiongold.lt\/lv\/papuosalas\/harmonijas-briljants-balta-zelta-kedite-ar-briljantu-100-ct\/#primaryimage","url":"https:\/\/fashiongold.lt\/wp-content\/uploads\/2025\/10\/4373-b59-Balto-aukso-grandinele-su-deimantiniu-pakabuku.jpg","contentUrl":"https:\/\/fashiongold.lt\/wp-content\/uploads\/2025\/10\/4373-b59-Balto-aukso-grandinele-su-deimantiniu-pakabuku.jpg","width":2000,"height":2000},{"@type":"BreadcrumbList","@id":"https:\/\/fashiongold.lt\/lv\/papuosalas\/harmonijas-briljants-balta-zelta-kedite-ar-briljantu-100-ct\/#breadcrumb","itemListElement":[{"@type":"ListItem","position":1,"name":"Home","item":"https:\/\/fashiongold.lt\/lv\/"},{"@type":"ListItem","position":2,"name":"Dimantu veikals Fashiongold.lt","item":"https:\/\/fashiongold.lt\/shop-2\/"},{"@type":"ListItem","position":3,"name":"Harmonijas Briljants \u2013 balt\u0101 zelta \u0137\u0113d\u012bte ar briljantu 1,00 ct"}]},{"@type":"WebSite","@id":"https:\/\/fashiongold.lt\/lv\/#website","url":"https:\/\/fashiongold.lt\/lv\/","name":"Fashion Gold","description":"Juvelyrikos namai","publisher":{"@id":"https:\/\/fashiongold.lt\/lv\/#organization"},"potentialAction":[{"@type":"SearchAction","target":{"@type":"EntryPoint","urlTemplate":"https:\/\/fashiongold.lt\/lv\/?s={search_term_string}"},"query-input":{"@type":"PropertyValueSpecification","valueRequired":true,"valueName":"search_term_string"}}],"inLanguage":"lv-LV"},{"@type":"Organization","@id":"https:\/\/fashiongold.lt\/lv\/#organization","name":"Topdiamonds Online","url":"https:\/\/fashiongold.lt\/lv\/","logo":{"@type":"ImageObject","inLanguage":"lv-LV","@id":"https:\/\/fashiongold.lt\/lv\/#\/schema\/logo\/image\/","url":"https:\/\/fashiongold.lt\/wp-content\/uploads\/2025\/04\/cropped-fashion_gold_logotipas2-scaled-1.png","contentUrl":"https:\/\/fashiongold.lt\/wp-content\/uploads\/2025\/04\/cropped-fashion_gold_logotipas2-scaled-1.png","width":2559,"height":421,"caption":"Topdiamonds Online"},"image":{"@id":"https:\/\/fashiongold.lt\/lv\/#\/schema\/logo\/image\/"}}]}},"_links":{"self":[{"href":"https:\/\/fashiongold.lt\/lv\/wp-json\/wp\/v2\/product\/289050","targetHints":{"allow":["GET"]}}],"collection":[{"href":"https:\/\/fashiongold.lt\/lv\/wp-json\/wp\/v2\/product"}],"about":[{"href":"https:\/\/fashiongold.lt\/lv\/wp-json\/wp\/v2\/types\/product"}],"version-history":[{"count":0,"href":"https:\/\/fashiongold.lt\/lv\/wp-json\/wp\/v2\/product\/289050\/revisions"}],"wp:featuredmedia":[{"embeddable":true,"href":"https:\/\/fashiongold.lt\/lv\/wp-json\/wp\/v2\/media\/71935"}],"wp:attachment":[{"href":"https:\/\/fashiongold.lt\/lv\/wp-json\/wp\/v2\/media?parent=289050"}],"wp:term":[{"taxonomy":"product_brand","embeddable":true,"href":"https:\/\/fashiongold.lt\/lv\/wp-json\/wp\/v2\/product_brand?post=289050"},{"taxonomy":"product_cat","embeddable":true,"href":"https:\/\/fashiongold.lt\/lv\/wp-json\/wp\/v2\/product_cat?post=289050"},{"taxonomy":"product_tag","embeddable":true,"href":"https:\/\/fashiongold.lt\/lv\/wp-json\/wp\/v2\/product_tag?post=289050"}],"curies":[{"name":"wp","href":"https:\/\/api.w.org\/{rel}","templated":true}]}}