{"id":289195,"date":"2025-10-09T21:14:25","date_gmt":"2025-10-09T21:14:25","guid":{"rendered":"https:\/\/fashiongold.lt\/papuosalas\/heart-sparkle-balta-zelta-kedite-un-grezns-kulons-ar-sirds-formas-dimantu-un-dimantiem-045-ct\/"},"modified":"2026-02-17T12:21:50","modified_gmt":"2026-02-17T12:21:50","slug":"heart-sparkle-balta-zelta-kedite-un-grezns-kulons-ar-sirds-formas-dimantu-un-dimantiem-045-ct","status":"publish","type":"product","link":"https:\/\/fashiongold.lt\/lv\/papuosalas\/heart-sparkle-balta-zelta-kedite-un-grezns-kulons-ar-sirds-formas-dimantu-un-dimantiem-045-ct\/","title":{"rendered":"Heart Sparkle \u2013 balt\u0101 zelta \u0137\u0113d\u012bte un grezns kulons ar sirds formas dimantu un dimantiem 0,45 ct"},"content":{"rendered":"<p>Ra\u017eots Lietuv\u0101. Kulons var tikt izgatavots p\u0113c pas\u016bt\u012bjuma: no sarkan\u0101, dzelten\u0101 un balt\u0101 zelta.<\/p>\n<p>\u2022 Dimanta veids: Dab\u012bgs dimants<\/p>\n<p>\u2022 Dimanta forma: Sirds forma (Heart cut)<\/p>\n<p>\u2022 Dimanta raksturojums: kop\u0113jais svars 0,45 ct, (1 x 0,30 ct sirds formas, 0,15 ct &#8211; apa\u013ci dimanti) kr\u0101sa G(RW); dzidrums SI<\/p>\n<p>\u2022 Sertifik\u0101ts: Lietuvas Prove\u0161anas pal\u0101ta (LPR) un papildus GIA<\/p>\n<p>\u2022 Kulona zelts: 14K (585. prove)\u00a0<\/p>\n<p>\u2022 Kulona kr\u0101sa: baltais zelts\u00a0<\/p>\n<p>\u2022 Kulona svars: aptuveni 2,50 g\u00a0<\/p>\n<p>\u2022 \u0136\u0113d\u012btes garums: regul\u0113jams 42-45 cm<\/p>\n","protected":false},"excerpt":{"rendered":"<p>\u013baujiet sav\u0101m zvaigzn\u0113m mirdz\u0113t ar balt\u0101 zelta \u0137\u0113d\u012bti un Halo dizaina luksusa mirdzo\u0161u kulonu. 0,30 ct sirds formas dimants ir ieskauts vair\u0101k\u0101s mazu dimantu rind\u0101s (0,15 ct), pie\u0161\u0137irot \u012bpa\u0161u \u0161armu j\u016bsu ac\u012bm un \u012bpa\u0161iem mirk\u013ciem.<\/p>\n","protected":false},"featured_media":71726,"template":"","meta":{"site-sidebar-layout":"","site-content-layout":"","ast-site-content-layout":"","site-content-style":"","site-sidebar-style":"","ast-global-header-display":"","ast-banner-title-visibility":"","ast-main-header-display":"","ast-hfb-above-header-display":"","ast-hfb-below-header-display":"","ast-hfb-mobile-header-display":"","site-post-title":"","ast-breadcrumbs-content":"","ast-featured-img":"","footer-sml-layout":"","ast-disable-related-posts":"","theme-transparent-header-meta":"","adv-header-id-meta":"","stick-header-meta":"","header-above-stick-meta":"","header-main-stick-meta":"","header-below-stick-meta":"","astra-migrate-meta-layouts":"default","ast-page-background-enabled":"default","ast-page-background-meta":{"desktop":{"background-color":"var(--ast-global-color-4)","background-image":"","background-repeat":"repeat","background-position":"center center","background-size":"auto","background-attachment":"scroll","background-type":"","background-media":"","overlay-type":"","overlay-color":"","overlay-opacity":"","overlay-gradient":""},"tablet":{"background-color":"","background-image":"","background-repeat":"repeat","background-position":"center center","background-size":"auto","background-attachment":"scroll","background-type":"","background-media":"","overlay-type":"","overlay-color":"","overlay-opacity":"","overlay-gradient":""},"mobile":{"background-color":"","background-image":"","background-repeat":"repeat","background-position":"center center","background-size":"auto","background-attachment":"scroll","background-type":"","background-media":"","overlay-type":"","overlay-color":"","overlay-opacity":"","overlay-gradient":""}},"ast-content-background-meta":{"desktop":{"background-color":"var(--ast-global-color-5)","background-image":"","background-repeat":"repeat","background-position":"center center","background-size":"auto","background-attachment":"scroll","background-type":"","background-media":"","overlay-type":"","overlay-color":"","overlay-opacity":"","overlay-gradient":""},"tablet":{"background-color":"var(--ast-global-color-5)","background-image":"","background-repeat":"repeat","background-position":"center center","background-size":"auto","background-attachment":"scroll","background-type":"","background-media":"","overlay-type":"","overlay-color":"","overlay-opacity":"","overlay-gradient":""},"mobile":{"background-color":"var(--ast-global-color-5)","background-image":"","background-repeat":"repeat","background-position":"center center","background-size":"auto","background-attachment":"scroll","background-type":"","background-media":"","overlay-type":"","overlay-color":"","overlay-opacity":"","overlay-gradient":""}}},"product_brand":[],"product_cat":[2919,2915,2913,2921,2920,3403,2916,2914,3042,3492,3490,3401,3028,2922,2936,3029,3488,2918],"product_tag":[],"class_list":{"0":"post-289195","1":"product","2":"type-product","3":"status-publish","4":"has-post-thumbnail","6":"product_cat-baltzelta-rotaslietas","7":"product_cat-davanas-berna-piedzimsanai","8":"product_cat-davanas-dzimsanas-diena","9":"product_cat-davanas-ipasiem-gadijumiem","10":"product_cat-davanas-izlaidumam","11":"product_cat-davanas-kazam","12":"product_cat-davanas-kazu-gadadiena","13":"product_cat-davanas-sievietem","14":"product_cat-juvelierizstradajumi","15":"product_cat-kedite-ar-dimantu","16":"product_cat-kedites-ar-dimantiem","17":"product_cat-kristibu-davanas","18":"product_cat-kuloni-ar-dimantiem","19":"product_cat-mates-dienas-davanas","20":"product_cat-valentindienas-davanas","21":"product_cat-zelta-kedite-ar-piekarinu-pec-horoskopa","22":"product_cat-zelta-kedite-meitenem","23":"product_cat-ziemassvetku-davanas","24":"desktop-align-center","25":"tablet-align-left","26":"mobile-align-left","27":"ast-product-gallery-layout-horizontal-slider","28":"ast-product-gallery-with-no-image","29":"ast-product-single-variable","30":"ast-product-tabs-layout-accordion","31":"ast-qv-on-image","33":"first","34":"instock","35":"taxable","36":"shipping-taxable","37":"purchasable","38":"product-type-variable"},"yoast_head":"<!-- This site is optimized with the Yoast SEO plugin v26.6 - https:\/\/yoast.com\/wordpress\/plugins\/seo\/ -->\n<title>Balt\u0101 zelta \u0137\u0113d\u012bte un piekari\u0146\u0161 ar sirds formas dimantu 0,45 ct<\/title>\n<meta name=\"description\" content=\"Halo dizaina balt\u0101 zelta \u0137\u0113d\u012bte un grezns kulons ar sirds formas 0,45 ct dimantu, kas apbur ar savu skaistumu. Ekskluz\u012bva d\u0101vana \u012bpa\u0161iem gad\u012bjumiem.\" \/>\n<meta name=\"robots\" content=\"index, follow, max-snippet:-1, max-image-preview:large, max-video-preview:-1\" \/>\n<link rel=\"canonical\" href=\"https:\/\/fashiongold.lt\/lv\/papuosalas\/heart-sparkle-balta-zelta-kedite-un-grezns-kulons-ar-sirds-formas-dimantu-un-dimantiem-045-ct\/\" \/>\n<meta property=\"og:locale\" content=\"lv_LV\" \/>\n<meta property=\"og:type\" content=\"article\" \/>\n<meta property=\"og:title\" content=\"Balt\u0101 zelta \u0137\u0113d\u012bte un piekari\u0146\u0161 ar sirds formas dimantu 0,45 ct\" \/>\n<meta property=\"og:description\" content=\"Halo dizaina balt\u0101 zelta \u0137\u0113d\u012bte un grezns kulons ar sirds formas 0,45 ct dimantu, kas apbur ar savu skaistumu. Ekskluz\u012bva d\u0101vana \u012bpa\u0161iem gad\u012bjumiem.\" \/>\n<meta property=\"og:url\" content=\"https:\/\/fashiongold.lt\/lv\/papuosalas\/heart-sparkle-balta-zelta-kedite-un-grezns-kulons-ar-sirds-formas-dimantu-un-dimantiem-045-ct\/\" \/>\n<meta property=\"og:site_name\" content=\"FashionGold.lt\" \/>\n<meta property=\"article:modified_time\" content=\"2026-02-17T12:21:50+00:00\" \/>\n<meta property=\"og:image\" content=\"https:\/\/fashiongold.lt\/wp-content\/uploads\/2025\/10\/4335-af5-balto-aukso-grandinele-ir-prabangus-pakabukas-su-deimantu-Sirdeles-formos-ir-deimantais.webp\" \/>\n\t<meta property=\"og:image:width\" content=\"1000\" \/>\n\t<meta property=\"og:image:height\" content=\"1000\" \/>\n\t<meta property=\"og:image:type\" content=\"image\/png\" \/>\n<meta name=\"twitter:card\" content=\"summary_large_image\" \/>\n<script type=\"application\/ld+json\" class=\"yoast-schema-graph\">{\"@context\":\"https:\/\/schema.org\",\"@graph\":[{\"@type\":\"WebPage\",\"@id\":\"https:\/\/fashiongold.lt\/lv\/papuosalas\/heart-sparkle-balta-zelta-kedite-un-grezns-kulons-ar-sirds-formas-dimantu-un-dimantiem-045-ct\/\",\"url\":\"https:\/\/fashiongold.lt\/lv\/papuosalas\/heart-sparkle-balta-zelta-kedite-un-grezns-kulons-ar-sirds-formas-dimantu-un-dimantiem-045-ct\/\",\"name\":\"Balt\u0101 zelta \u0137\u0113d\u012bte un piekari\u0146\u0161 ar sirds formas dimantu 0,45 ct\",\"isPartOf\":{\"@id\":\"https:\/\/fashiongold.lt\/lv\/#website\"},\"primaryImageOfPage\":{\"@id\":\"https:\/\/fashiongold.lt\/lv\/papuosalas\/heart-sparkle-balta-zelta-kedite-un-grezns-kulons-ar-sirds-formas-dimantu-un-dimantiem-045-ct\/#primaryimage\"},\"image\":{\"@id\":\"https:\/\/fashiongold.lt\/lv\/papuosalas\/heart-sparkle-balta-zelta-kedite-un-grezns-kulons-ar-sirds-formas-dimantu-un-dimantiem-045-ct\/#primaryimage\"},\"thumbnailUrl\":\"https:\/\/fashiongold.lt\/wp-content\/uploads\/2025\/10\/4335-af5-balto-aukso-grandinele-ir-prabangus-pakabukas-su-deimantu-Sirdeles-formos-ir-deimantais.png\",\"datePublished\":\"2025-10-09T21:14:25+00:00\",\"dateModified\":\"2026-02-17T12:21:50+00:00\",\"description\":\"Halo dizaina balt\u0101 zelta \u0137\u0113d\u012bte un grezns kulons ar sirds formas 0,45 ct dimantu, kas apbur ar savu skaistumu. Ekskluz\u012bva d\u0101vana \u012bpa\u0161iem gad\u012bjumiem.\",\"breadcrumb\":{\"@id\":\"https:\/\/fashiongold.lt\/lv\/papuosalas\/heart-sparkle-balta-zelta-kedite-un-grezns-kulons-ar-sirds-formas-dimantu-un-dimantiem-045-ct\/#breadcrumb\"},\"inLanguage\":\"lv-LV\",\"potentialAction\":[{\"@type\":\"ReadAction\",\"target\":[\"https:\/\/fashiongold.lt\/lv\/papuosalas\/heart-sparkle-balta-zelta-kedite-un-grezns-kulons-ar-sirds-formas-dimantu-un-dimantiem-045-ct\/\"]}]},{\"@type\":\"ImageObject\",\"inLanguage\":\"lv-LV\",\"@id\":\"https:\/\/fashiongold.lt\/lv\/papuosalas\/heart-sparkle-balta-zelta-kedite-un-grezns-kulons-ar-sirds-formas-dimantu-un-dimantiem-045-ct\/#primaryimage\",\"url\":\"https:\/\/fashiongold.lt\/wp-content\/uploads\/2025\/10\/4335-af5-balto-aukso-grandinele-ir-prabangus-pakabukas-su-deimantu-Sirdeles-formos-ir-deimantais.png\",\"contentUrl\":\"https:\/\/fashiongold.lt\/wp-content\/uploads\/2025\/10\/4335-af5-balto-aukso-grandinele-ir-prabangus-pakabukas-su-deimantu-Sirdeles-formos-ir-deimantais.png\",\"width\":1000,\"height\":1000},{\"@type\":\"BreadcrumbList\",\"@id\":\"https:\/\/fashiongold.lt\/lv\/papuosalas\/heart-sparkle-balta-zelta-kedite-un-grezns-kulons-ar-sirds-formas-dimantu-un-dimantiem-045-ct\/#breadcrumb\",\"itemListElement\":[{\"@type\":\"ListItem\",\"position\":1,\"name\":\"Home\",\"item\":\"https:\/\/fashiongold.lt\/lv\/\"},{\"@type\":\"ListItem\",\"position\":2,\"name\":\"Dimantu veikals Fashiongold.lt\",\"item\":\"https:\/\/fashiongold.lt\/shop-2\/\"},{\"@type\":\"ListItem\",\"position\":3,\"name\":\"Heart Sparkle \u2013 balt\u0101 zelta \u0137\u0113d\u012bte un grezns kulons ar sirds formas dimantu un dimantiem 0,45 ct\"}]},{\"@type\":\"WebSite\",\"@id\":\"https:\/\/fashiongold.lt\/lv\/#website\",\"url\":\"https:\/\/fashiongold.lt\/lv\/\",\"name\":\"Fashion Gold\",\"description\":\"Juvelyrikos namai\",\"publisher\":{\"@id\":\"https:\/\/fashiongold.lt\/lv\/#organization\"},\"potentialAction\":[{\"@type\":\"SearchAction\",\"target\":{\"@type\":\"EntryPoint\",\"urlTemplate\":\"https:\/\/fashiongold.lt\/lv\/?s={search_term_string}\"},\"query-input\":{\"@type\":\"PropertyValueSpecification\",\"valueRequired\":true,\"valueName\":\"search_term_string\"}}],\"inLanguage\":\"lv-LV\"},{\"@type\":\"Organization\",\"@id\":\"https:\/\/fashiongold.lt\/lv\/#organization\",\"name\":\"Topdiamonds Online\",\"url\":\"https:\/\/fashiongold.lt\/lv\/\",\"logo\":{\"@type\":\"ImageObject\",\"inLanguage\":\"lv-LV\",\"@id\":\"https:\/\/fashiongold.lt\/lv\/#\/schema\/logo\/image\/\",\"url\":\"https:\/\/fashiongold.lt\/wp-content\/uploads\/2025\/04\/cropped-fashion_gold_logotipas2-scaled-1.png\",\"contentUrl\":\"https:\/\/fashiongold.lt\/wp-content\/uploads\/2025\/04\/cropped-fashion_gold_logotipas2-scaled-1.png\",\"width\":2559,\"height\":421,\"caption\":\"Topdiamonds Online\"},\"image\":{\"@id\":\"https:\/\/fashiongold.lt\/lv\/#\/schema\/logo\/image\/\"}}]}<\/script>\n<!-- \/ Yoast SEO plugin. -->","yoast_head_json":{"title":"Balt\u0101 zelta \u0137\u0113d\u012bte un piekari\u0146\u0161 ar sirds formas dimantu 0,45 ct","description":"Halo dizaina balt\u0101 zelta \u0137\u0113d\u012bte un grezns kulons ar sirds formas 0,45 ct dimantu, kas apbur ar savu skaistumu. Ekskluz\u012bva d\u0101vana \u012bpa\u0161iem gad\u012bjumiem.","robots":{"index":"index","follow":"follow","max-snippet":"max-snippet:-1","max-image-preview":"max-image-preview:large","max-video-preview":"max-video-preview:-1"},"canonical":"https:\/\/fashiongold.lt\/lv\/papuosalas\/heart-sparkle-balta-zelta-kedite-un-grezns-kulons-ar-sirds-formas-dimantu-un-dimantiem-045-ct\/","og_locale":"lv_LV","og_type":"article","og_title":"Balt\u0101 zelta \u0137\u0113d\u012bte un piekari\u0146\u0161 ar sirds formas dimantu 0,45 ct","og_description":"Halo dizaina balt\u0101 zelta \u0137\u0113d\u012bte un grezns kulons ar sirds formas 0,45 ct dimantu, kas apbur ar savu skaistumu. Ekskluz\u012bva d\u0101vana \u012bpa\u0161iem gad\u012bjumiem.","og_url":"https:\/\/fashiongold.lt\/lv\/papuosalas\/heart-sparkle-balta-zelta-kedite-un-grezns-kulons-ar-sirds-formas-dimantu-un-dimantiem-045-ct\/","og_site_name":"FashionGold.lt","article_modified_time":"2026-02-17T12:21:50+00:00","og_image":[{"width":1000,"height":1000,"url":"https:\/\/fashiongold.lt\/wp-content\/uploads\/2025\/10\/4335-af5-balto-aukso-grandinele-ir-prabangus-pakabukas-su-deimantu-Sirdeles-formos-ir-deimantais.webp","type":"image\/png"}],"twitter_card":"summary_large_image","schema":{"@context":"https:\/\/schema.org","@graph":[{"@type":"WebPage","@id":"https:\/\/fashiongold.lt\/lv\/papuosalas\/heart-sparkle-balta-zelta-kedite-un-grezns-kulons-ar-sirds-formas-dimantu-un-dimantiem-045-ct\/","url":"https:\/\/fashiongold.lt\/lv\/papuosalas\/heart-sparkle-balta-zelta-kedite-un-grezns-kulons-ar-sirds-formas-dimantu-un-dimantiem-045-ct\/","name":"Balt\u0101 zelta \u0137\u0113d\u012bte un piekari\u0146\u0161 ar sirds formas dimantu 0,45 ct","isPartOf":{"@id":"https:\/\/fashiongold.lt\/lv\/#website"},"primaryImageOfPage":{"@id":"https:\/\/fashiongold.lt\/lv\/papuosalas\/heart-sparkle-balta-zelta-kedite-un-grezns-kulons-ar-sirds-formas-dimantu-un-dimantiem-045-ct\/#primaryimage"},"image":{"@id":"https:\/\/fashiongold.lt\/lv\/papuosalas\/heart-sparkle-balta-zelta-kedite-un-grezns-kulons-ar-sirds-formas-dimantu-un-dimantiem-045-ct\/#primaryimage"},"thumbnailUrl":"https:\/\/fashiongold.lt\/wp-content\/uploads\/2025\/10\/4335-af5-balto-aukso-grandinele-ir-prabangus-pakabukas-su-deimantu-Sirdeles-formos-ir-deimantais.png","datePublished":"2025-10-09T21:14:25+00:00","dateModified":"2026-02-17T12:21:50+00:00","description":"Halo dizaina balt\u0101 zelta \u0137\u0113d\u012bte un grezns kulons ar sirds formas 0,45 ct dimantu, kas apbur ar savu skaistumu. Ekskluz\u012bva d\u0101vana \u012bpa\u0161iem gad\u012bjumiem.","breadcrumb":{"@id":"https:\/\/fashiongold.lt\/lv\/papuosalas\/heart-sparkle-balta-zelta-kedite-un-grezns-kulons-ar-sirds-formas-dimantu-un-dimantiem-045-ct\/#breadcrumb"},"inLanguage":"lv-LV","potentialAction":[{"@type":"ReadAction","target":["https:\/\/fashiongold.lt\/lv\/papuosalas\/heart-sparkle-balta-zelta-kedite-un-grezns-kulons-ar-sirds-formas-dimantu-un-dimantiem-045-ct\/"]}]},{"@type":"ImageObject","inLanguage":"lv-LV","@id":"https:\/\/fashiongold.lt\/lv\/papuosalas\/heart-sparkle-balta-zelta-kedite-un-grezns-kulons-ar-sirds-formas-dimantu-un-dimantiem-045-ct\/#primaryimage","url":"https:\/\/fashiongold.lt\/wp-content\/uploads\/2025\/10\/4335-af5-balto-aukso-grandinele-ir-prabangus-pakabukas-su-deimantu-Sirdeles-formos-ir-deimantais.png","contentUrl":"https:\/\/fashiongold.lt\/wp-content\/uploads\/2025\/10\/4335-af5-balto-aukso-grandinele-ir-prabangus-pakabukas-su-deimantu-Sirdeles-formos-ir-deimantais.png","width":1000,"height":1000},{"@type":"BreadcrumbList","@id":"https:\/\/fashiongold.lt\/lv\/papuosalas\/heart-sparkle-balta-zelta-kedite-un-grezns-kulons-ar-sirds-formas-dimantu-un-dimantiem-045-ct\/#breadcrumb","itemListElement":[{"@type":"ListItem","position":1,"name":"Home","item":"https:\/\/fashiongold.lt\/lv\/"},{"@type":"ListItem","position":2,"name":"Dimantu veikals Fashiongold.lt","item":"https:\/\/fashiongold.lt\/shop-2\/"},{"@type":"ListItem","position":3,"name":"Heart Sparkle \u2013 balt\u0101 zelta \u0137\u0113d\u012bte un grezns kulons ar sirds formas dimantu un dimantiem 0,45 ct"}]},{"@type":"WebSite","@id":"https:\/\/fashiongold.lt\/lv\/#website","url":"https:\/\/fashiongold.lt\/lv\/","name":"Fashion Gold","description":"Juvelyrikos namai","publisher":{"@id":"https:\/\/fashiongold.lt\/lv\/#organization"},"potentialAction":[{"@type":"SearchAction","target":{"@type":"EntryPoint","urlTemplate":"https:\/\/fashiongold.lt\/lv\/?s={search_term_string}"},"query-input":{"@type":"PropertyValueSpecification","valueRequired":true,"valueName":"search_term_string"}}],"inLanguage":"lv-LV"},{"@type":"Organization","@id":"https:\/\/fashiongold.lt\/lv\/#organization","name":"Topdiamonds Online","url":"https:\/\/fashiongold.lt\/lv\/","logo":{"@type":"ImageObject","inLanguage":"lv-LV","@id":"https:\/\/fashiongold.lt\/lv\/#\/schema\/logo\/image\/","url":"https:\/\/fashiongold.lt\/wp-content\/uploads\/2025\/04\/cropped-fashion_gold_logotipas2-scaled-1.png","contentUrl":"https:\/\/fashiongold.lt\/wp-content\/uploads\/2025\/04\/cropped-fashion_gold_logotipas2-scaled-1.png","width":2559,"height":421,"caption":"Topdiamonds Online"},"image":{"@id":"https:\/\/fashiongold.lt\/lv\/#\/schema\/logo\/image\/"}}]}},"_links":{"self":[{"href":"https:\/\/fashiongold.lt\/lv\/wp-json\/wp\/v2\/product\/289195","targetHints":{"allow":["GET"]}}],"collection":[{"href":"https:\/\/fashiongold.lt\/lv\/wp-json\/wp\/v2\/product"}],"about":[{"href":"https:\/\/fashiongold.lt\/lv\/wp-json\/wp\/v2\/types\/product"}],"version-history":[{"count":0,"href":"https:\/\/fashiongold.lt\/lv\/wp-json\/wp\/v2\/product\/289195\/revisions"}],"wp:featuredmedia":[{"embeddable":true,"href":"https:\/\/fashiongold.lt\/lv\/wp-json\/wp\/v2\/media\/71726"}],"wp:attachment":[{"href":"https:\/\/fashiongold.lt\/lv\/wp-json\/wp\/v2\/media?parent=289195"}],"wp:term":[{"taxonomy":"product_brand","embeddable":true,"href":"https:\/\/fashiongold.lt\/lv\/wp-json\/wp\/v2\/product_brand?post=289195"},{"taxonomy":"product_cat","embeddable":true,"href":"https:\/\/fashiongold.lt\/lv\/wp-json\/wp\/v2\/product_cat?post=289195"},{"taxonomy":"product_tag","embeddable":true,"href":"https:\/\/fashiongold.lt\/lv\/wp-json\/wp\/v2\/product_tag?post=289195"}],"curies":[{"name":"wp","href":"https:\/\/api.w.org\/{rel}","templated":true}]}}