{"id":289220,"date":"2025-10-09T21:13:30","date_gmt":"2025-10-09T21:13:30","guid":{"rendered":"https:\/\/fashiongold.lt\/papuosalas\/emerald-sparkle-dzeltena-zelta-kedite-un-grezns-kulons-ar-smaragda-formas-dimantu-un-dimantiem-074-ct\/"},"modified":"2026-02-17T12:22:13","modified_gmt":"2026-02-17T12:22:13","slug":"emerald-sparkle-dzeltena-zelta-kedite-un-grezns-kulons-ar-smaragda-formas-dimantu-un-dimantiem-074-ct","status":"publish","type":"product","link":"https:\/\/fashiongold.lt\/lv\/papuosalas\/emerald-sparkle-dzeltena-zelta-kedite-un-grezns-kulons-ar-smaragda-formas-dimantu-un-dimantiem-074-ct\/","title":{"rendered":"Emerald Sparkle \u2013 dzelten\u0101 zelta \u0137\u0113d\u012bte un grezns kulons ar smaragda formas dimantu un dimantiem 0,74 ct"},"content":{"rendered":"<p>Ra\u017eots Lietuv\u0101. Kulons var tikt izgatavots p\u0113c pas\u016bt\u012bjuma: no sarkan\u0101, dzelten\u0101 un balt\u0101 zelta.<\/p>\n<p>\u2022 Dimanta tips: Dab\u012bgs dimants<\/p>\n<p>\u2022 Dimanta forma: Smaragda forma (Emerald cut)<\/p>\n<p>\u2022 Dimanta raksturojums: kop\u0113jais svars 0,74 ct (0,50 ct Smaragda formas, 0,24 ct apa\u013ci dimanti), kr\u0101sa G(RW); dzidrums SI<\/p>\n<p>\u2022 Sertifik\u0101ts: Lietuvas Prove\u0161anas pal\u0101ta (LPR) un papildus GIA<\/p>\n<p>\u2022 Kulona zelts: 14K (585 prove) <\/p>\n<p>\u2022 Kulona kr\u0101sa: dzeltenais zelts <\/p>\n<p>\u2022 Kulona svars: aptuveni 2,50 g <\/p>\n<p>\u2022 \u0136\u0113d\u012btes garums: regul\u0113jams 42-45 cm<\/p>\n","protected":false},"excerpt":{"rendered":"<p>\u013baujiet sav\u0101m zvaigzn\u0113m mirdz\u0113t ar dzelten\u0101 zelta \u0137\u0113d\u012bti un greznu, dzirksto\u0161u Halo dizaina kulonu. 0,50 ct smaragda formas dimants ir ieskauts vair\u0101k\u0101s mazu dimantu rind\u0101s (0,24 ct), pie\u0161\u0137irot \u012bpa\u0161u \u0161armu j\u016bsu ac\u012bm un \u012bpa\u0161iem mirk\u013ciem.<\/p>\n","protected":false},"featured_media":71579,"template":"","meta":{"site-sidebar-layout":"","site-content-layout":"","ast-site-content-layout":"","site-content-style":"","site-sidebar-style":"","ast-global-header-display":"","ast-banner-title-visibility":"","ast-main-header-display":"","ast-hfb-above-header-display":"","ast-hfb-below-header-display":"","ast-hfb-mobile-header-display":"","site-post-title":"","ast-breadcrumbs-content":"","ast-featured-img":"","footer-sml-layout":"","ast-disable-related-posts":"","theme-transparent-header-meta":"","adv-header-id-meta":"","stick-header-meta":"","header-above-stick-meta":"","header-main-stick-meta":"","header-below-stick-meta":"","astra-migrate-meta-layouts":"default","ast-page-background-enabled":"default","ast-page-background-meta":{"desktop":{"background-color":"var(--ast-global-color-4)","background-image":"","background-repeat":"repeat","background-position":"center center","background-size":"auto","background-attachment":"scroll","background-type":"","background-media":"","overlay-type":"","overlay-color":"","overlay-opacity":"","overlay-gradient":""},"tablet":{"background-color":"","background-image":"","background-repeat":"repeat","background-position":"center center","background-size":"auto","background-attachment":"scroll","background-type":"","background-media":"","overlay-type":"","overlay-color":"","overlay-opacity":"","overlay-gradient":""},"mobile":{"background-color":"","background-image":"","background-repeat":"repeat","background-position":"center center","background-size":"auto","background-attachment":"scroll","background-type":"","background-media":"","overlay-type":"","overlay-color":"","overlay-opacity":"","overlay-gradient":""}},"ast-content-background-meta":{"desktop":{"background-color":"var(--ast-global-color-5)","background-image":"","background-repeat":"repeat","background-position":"center center","background-size":"auto","background-attachment":"scroll","background-type":"","background-media":"","overlay-type":"","overlay-color":"","overlay-opacity":"","overlay-gradient":""},"tablet":{"background-color":"var(--ast-global-color-5)","background-image":"","background-repeat":"repeat","background-position":"center center","background-size":"auto","background-attachment":"scroll","background-type":"","background-media":"","overlay-type":"","overlay-color":"","overlay-opacity":"","overlay-gradient":""},"mobile":{"background-color":"var(--ast-global-color-5)","background-image":"","background-repeat":"repeat","background-position":"center center","background-size":"auto","background-attachment":"scroll","background-type":"","background-media":"","overlay-type":"","overlay-color":"","overlay-opacity":"","overlay-gradient":""}}},"product_brand":[],"product_cat":[2919,2915,2913,2921,2920,3403,2916,2914,2923,3034,3042,3504,3492,3487,3490,3401,3028,2922,2936,3029,3488,2918],"product_tag":[],"class_list":{"0":"post-289220","1":"product","2":"type-product","3":"status-publish","4":"has-post-thumbnail","6":"product_cat-baltzelta-rotaslietas","7":"product_cat-davanas-berna-piedzimsanai","8":"product_cat-davanas-dzimsanas-diena","9":"product_cat-davanas-ipasiem-gadijumiem","10":"product_cat-davanas-izlaidumam","11":"product_cat-davanas-kazam","12":"product_cat-davanas-kazu-gadadiena","13":"product_cat-davanas-sievietem","14":"product_cat-dzeltena-zelta-juvelierizstradajumi","15":"product_cat-halo-dizaina-kedite-ar-kulonu","16":"product_cat-juvelierizstradajumi","17":"product_cat-juvelierizstradajumi-ar-laboratorija-audzetiem-dimantiem","18":"product_cat-kedite-ar-dimantu","19":"product_cat-kedite-kristibam","20":"product_cat-kedites-ar-dimantiem","21":"product_cat-kristibu-davanas","22":"product_cat-kuloni-ar-dimantiem","23":"product_cat-mates-dienas-davanas","24":"product_cat-valentindienas-davanas","25":"product_cat-zelta-kedite-ar-piekarinu-pec-horoskopa","26":"product_cat-zelta-kedite-meitenem","27":"product_cat-ziemassvetku-davanas","28":"desktop-align-center","29":"tablet-align-left","30":"mobile-align-left","31":"ast-product-gallery-layout-horizontal-slider","32":"ast-product-gallery-with-no-image","33":"ast-product-single-variable","34":"ast-product-tabs-layout-accordion","35":"ast-qv-on-image","37":"first","38":"instock","39":"taxable","40":"shipping-taxable","41":"purchasable","42":"product-type-variable","43":"has-default-attributes"},"yoast_head":"<!-- This site is optimized with the Yoast SEO plugin v26.6 - https:\/\/yoast.com\/wordpress\/plugins\/seo\/ -->\n<title>Zelta \u0137\u0113d\u012bte un kulons ar smaragda formas dimantu 0,74 ct<\/title>\n<meta name=\"description\" content=\"Halo dizaina dzelten\u0101 zelta \u0137\u0113d\u012bte un grezns kulons ar 0,74 ct Emerald formas dimantu, kas apbur ar savu skaistumu. Izcila d\u0101vana \u012bpa\u0161iem gad\u012bjumiem.\" \/>\n<meta name=\"robots\" content=\"index, follow, max-snippet:-1, max-image-preview:large, max-video-preview:-1\" \/>\n<link rel=\"canonical\" href=\"https:\/\/fashiongold.lt\/lv\/papuosalas\/emerald-sparkle-dzeltena-zelta-kedite-un-grezns-kulons-ar-smaragda-formas-dimantu-un-dimantiem-074-ct\/\" \/>\n<meta property=\"og:locale\" content=\"lv_LV\" \/>\n<meta property=\"og:type\" content=\"article\" \/>\n<meta property=\"og:title\" content=\"Zelta \u0137\u0113d\u012bte un kulons ar smaragda formas dimantu 0,74 ct\" \/>\n<meta property=\"og:description\" content=\"Halo dizaina dzelten\u0101 zelta \u0137\u0113d\u012bte un grezns kulons ar 0,74 ct Emerald formas dimantu, kas apbur ar savu skaistumu. Izcila d\u0101vana \u012bpa\u0161iem gad\u012bjumiem.\" \/>\n<meta property=\"og:url\" content=\"https:\/\/fashiongold.lt\/lv\/papuosalas\/emerald-sparkle-dzeltena-zelta-kedite-un-grezns-kulons-ar-smaragda-formas-dimantu-un-dimantiem-074-ct\/\" \/>\n<meta property=\"og:site_name\" content=\"FashionGold.lt\" \/>\n<meta property=\"article:modified_time\" content=\"2026-02-17T12:22:13+00:00\" \/>\n<meta property=\"og:image\" content=\"https:\/\/fashiongold.lt\/wp-content\/uploads\/2025\/10\/4301-a23-geltono-aukso-grandinele-ir-prabangus-pakabukas-su-deimantu-Emerald-formos-ir-deimantais.webp\" \/>\n\t<meta property=\"og:image:width\" content=\"1000\" \/>\n\t<meta property=\"og:image:height\" content=\"1000\" \/>\n\t<meta property=\"og:image:type\" content=\"image\/png\" \/>\n<meta name=\"twitter:card\" content=\"summary_large_image\" \/>\n<script type=\"application\/ld+json\" class=\"yoast-schema-graph\">{\"@context\":\"https:\/\/schema.org\",\"@graph\":[{\"@type\":\"WebPage\",\"@id\":\"https:\/\/fashiongold.lt\/lv\/papuosalas\/emerald-sparkle-dzeltena-zelta-kedite-un-grezns-kulons-ar-smaragda-formas-dimantu-un-dimantiem-074-ct\/\",\"url\":\"https:\/\/fashiongold.lt\/lv\/papuosalas\/emerald-sparkle-dzeltena-zelta-kedite-un-grezns-kulons-ar-smaragda-formas-dimantu-un-dimantiem-074-ct\/\",\"name\":\"Zelta \u0137\u0113d\u012bte un kulons ar smaragda formas dimantu 0,74 ct\",\"isPartOf\":{\"@id\":\"https:\/\/fashiongold.lt\/lv\/#website\"},\"primaryImageOfPage\":{\"@id\":\"https:\/\/fashiongold.lt\/lv\/papuosalas\/emerald-sparkle-dzeltena-zelta-kedite-un-grezns-kulons-ar-smaragda-formas-dimantu-un-dimantiem-074-ct\/#primaryimage\"},\"image\":{\"@id\":\"https:\/\/fashiongold.lt\/lv\/papuosalas\/emerald-sparkle-dzeltena-zelta-kedite-un-grezns-kulons-ar-smaragda-formas-dimantu-un-dimantiem-074-ct\/#primaryimage\"},\"thumbnailUrl\":\"https:\/\/fashiongold.lt\/wp-content\/uploads\/2025\/10\/4301-a23-geltono-aukso-grandinele-ir-prabangus-pakabukas-su-deimantu-Emerald-formos-ir-deimantais.png\",\"datePublished\":\"2025-10-09T21:13:30+00:00\",\"dateModified\":\"2026-02-17T12:22:13+00:00\",\"description\":\"Halo dizaina dzelten\u0101 zelta \u0137\u0113d\u012bte un grezns kulons ar 0,74 ct Emerald formas dimantu, kas apbur ar savu skaistumu. Izcila d\u0101vana \u012bpa\u0161iem gad\u012bjumiem.\",\"breadcrumb\":{\"@id\":\"https:\/\/fashiongold.lt\/lv\/papuosalas\/emerald-sparkle-dzeltena-zelta-kedite-un-grezns-kulons-ar-smaragda-formas-dimantu-un-dimantiem-074-ct\/#breadcrumb\"},\"inLanguage\":\"lv-LV\",\"potentialAction\":[{\"@type\":\"ReadAction\",\"target\":[\"https:\/\/fashiongold.lt\/lv\/papuosalas\/emerald-sparkle-dzeltena-zelta-kedite-un-grezns-kulons-ar-smaragda-formas-dimantu-un-dimantiem-074-ct\/\"]}]},{\"@type\":\"ImageObject\",\"inLanguage\":\"lv-LV\",\"@id\":\"https:\/\/fashiongold.lt\/lv\/papuosalas\/emerald-sparkle-dzeltena-zelta-kedite-un-grezns-kulons-ar-smaragda-formas-dimantu-un-dimantiem-074-ct\/#primaryimage\",\"url\":\"https:\/\/fashiongold.lt\/wp-content\/uploads\/2025\/10\/4301-a23-geltono-aukso-grandinele-ir-prabangus-pakabukas-su-deimantu-Emerald-formos-ir-deimantais.png\",\"contentUrl\":\"https:\/\/fashiongold.lt\/wp-content\/uploads\/2025\/10\/4301-a23-geltono-aukso-grandinele-ir-prabangus-pakabukas-su-deimantu-Emerald-formos-ir-deimantais.png\",\"width\":1000,\"height\":1000},{\"@type\":\"BreadcrumbList\",\"@id\":\"https:\/\/fashiongold.lt\/lv\/papuosalas\/emerald-sparkle-dzeltena-zelta-kedite-un-grezns-kulons-ar-smaragda-formas-dimantu-un-dimantiem-074-ct\/#breadcrumb\",\"itemListElement\":[{\"@type\":\"ListItem\",\"position\":1,\"name\":\"Home\",\"item\":\"https:\/\/fashiongold.lt\/lv\/\"},{\"@type\":\"ListItem\",\"position\":2,\"name\":\"Dimantu veikals Fashiongold.lt\",\"item\":\"https:\/\/fashiongold.lt\/shop-2\/\"},{\"@type\":\"ListItem\",\"position\":3,\"name\":\"Emerald Sparkle \u2013 dzelten\u0101 zelta \u0137\u0113d\u012bte un grezns kulons ar smaragda formas dimantu un dimantiem 0,74 ct\"}]},{\"@type\":\"WebSite\",\"@id\":\"https:\/\/fashiongold.lt\/lv\/#website\",\"url\":\"https:\/\/fashiongold.lt\/lv\/\",\"name\":\"Fashion Gold\",\"description\":\"Juvelyrikos namai\",\"publisher\":{\"@id\":\"https:\/\/fashiongold.lt\/lv\/#organization\"},\"potentialAction\":[{\"@type\":\"SearchAction\",\"target\":{\"@type\":\"EntryPoint\",\"urlTemplate\":\"https:\/\/fashiongold.lt\/lv\/?s={search_term_string}\"},\"query-input\":{\"@type\":\"PropertyValueSpecification\",\"valueRequired\":true,\"valueName\":\"search_term_string\"}}],\"inLanguage\":\"lv-LV\"},{\"@type\":\"Organization\",\"@id\":\"https:\/\/fashiongold.lt\/lv\/#organization\",\"name\":\"Topdiamonds Online\",\"url\":\"https:\/\/fashiongold.lt\/lv\/\",\"logo\":{\"@type\":\"ImageObject\",\"inLanguage\":\"lv-LV\",\"@id\":\"https:\/\/fashiongold.lt\/lv\/#\/schema\/logo\/image\/\",\"url\":\"https:\/\/fashiongold.lt\/wp-content\/uploads\/2025\/04\/cropped-fashion_gold_logotipas2-scaled-1.png\",\"contentUrl\":\"https:\/\/fashiongold.lt\/wp-content\/uploads\/2025\/04\/cropped-fashion_gold_logotipas2-scaled-1.png\",\"width\":2559,\"height\":421,\"caption\":\"Topdiamonds Online\"},\"image\":{\"@id\":\"https:\/\/fashiongold.lt\/lv\/#\/schema\/logo\/image\/\"}}]}<\/script>\n<!-- \/ Yoast SEO plugin. -->","yoast_head_json":{"title":"Zelta \u0137\u0113d\u012bte un kulons ar smaragda formas dimantu 0,74 ct","description":"Halo dizaina dzelten\u0101 zelta \u0137\u0113d\u012bte un grezns kulons ar 0,74 ct Emerald formas dimantu, kas apbur ar savu skaistumu. Izcila d\u0101vana \u012bpa\u0161iem gad\u012bjumiem.","robots":{"index":"index","follow":"follow","max-snippet":"max-snippet:-1","max-image-preview":"max-image-preview:large","max-video-preview":"max-video-preview:-1"},"canonical":"https:\/\/fashiongold.lt\/lv\/papuosalas\/emerald-sparkle-dzeltena-zelta-kedite-un-grezns-kulons-ar-smaragda-formas-dimantu-un-dimantiem-074-ct\/","og_locale":"lv_LV","og_type":"article","og_title":"Zelta \u0137\u0113d\u012bte un kulons ar smaragda formas dimantu 0,74 ct","og_description":"Halo dizaina dzelten\u0101 zelta \u0137\u0113d\u012bte un grezns kulons ar 0,74 ct Emerald formas dimantu, kas apbur ar savu skaistumu. Izcila d\u0101vana \u012bpa\u0161iem gad\u012bjumiem.","og_url":"https:\/\/fashiongold.lt\/lv\/papuosalas\/emerald-sparkle-dzeltena-zelta-kedite-un-grezns-kulons-ar-smaragda-formas-dimantu-un-dimantiem-074-ct\/","og_site_name":"FashionGold.lt","article_modified_time":"2026-02-17T12:22:13+00:00","og_image":[{"width":1000,"height":1000,"url":"https:\/\/fashiongold.lt\/wp-content\/uploads\/2025\/10\/4301-a23-geltono-aukso-grandinele-ir-prabangus-pakabukas-su-deimantu-Emerald-formos-ir-deimantais.webp","type":"image\/png"}],"twitter_card":"summary_large_image","schema":{"@context":"https:\/\/schema.org","@graph":[{"@type":"WebPage","@id":"https:\/\/fashiongold.lt\/lv\/papuosalas\/emerald-sparkle-dzeltena-zelta-kedite-un-grezns-kulons-ar-smaragda-formas-dimantu-un-dimantiem-074-ct\/","url":"https:\/\/fashiongold.lt\/lv\/papuosalas\/emerald-sparkle-dzeltena-zelta-kedite-un-grezns-kulons-ar-smaragda-formas-dimantu-un-dimantiem-074-ct\/","name":"Zelta \u0137\u0113d\u012bte un kulons ar smaragda formas dimantu 0,74 ct","isPartOf":{"@id":"https:\/\/fashiongold.lt\/lv\/#website"},"primaryImageOfPage":{"@id":"https:\/\/fashiongold.lt\/lv\/papuosalas\/emerald-sparkle-dzeltena-zelta-kedite-un-grezns-kulons-ar-smaragda-formas-dimantu-un-dimantiem-074-ct\/#primaryimage"},"image":{"@id":"https:\/\/fashiongold.lt\/lv\/papuosalas\/emerald-sparkle-dzeltena-zelta-kedite-un-grezns-kulons-ar-smaragda-formas-dimantu-un-dimantiem-074-ct\/#primaryimage"},"thumbnailUrl":"https:\/\/fashiongold.lt\/wp-content\/uploads\/2025\/10\/4301-a23-geltono-aukso-grandinele-ir-prabangus-pakabukas-su-deimantu-Emerald-formos-ir-deimantais.png","datePublished":"2025-10-09T21:13:30+00:00","dateModified":"2026-02-17T12:22:13+00:00","description":"Halo dizaina dzelten\u0101 zelta \u0137\u0113d\u012bte un grezns kulons ar 0,74 ct Emerald formas dimantu, kas apbur ar savu skaistumu. Izcila d\u0101vana \u012bpa\u0161iem gad\u012bjumiem.","breadcrumb":{"@id":"https:\/\/fashiongold.lt\/lv\/papuosalas\/emerald-sparkle-dzeltena-zelta-kedite-un-grezns-kulons-ar-smaragda-formas-dimantu-un-dimantiem-074-ct\/#breadcrumb"},"inLanguage":"lv-LV","potentialAction":[{"@type":"ReadAction","target":["https:\/\/fashiongold.lt\/lv\/papuosalas\/emerald-sparkle-dzeltena-zelta-kedite-un-grezns-kulons-ar-smaragda-formas-dimantu-un-dimantiem-074-ct\/"]}]},{"@type":"ImageObject","inLanguage":"lv-LV","@id":"https:\/\/fashiongold.lt\/lv\/papuosalas\/emerald-sparkle-dzeltena-zelta-kedite-un-grezns-kulons-ar-smaragda-formas-dimantu-un-dimantiem-074-ct\/#primaryimage","url":"https:\/\/fashiongold.lt\/wp-content\/uploads\/2025\/10\/4301-a23-geltono-aukso-grandinele-ir-prabangus-pakabukas-su-deimantu-Emerald-formos-ir-deimantais.png","contentUrl":"https:\/\/fashiongold.lt\/wp-content\/uploads\/2025\/10\/4301-a23-geltono-aukso-grandinele-ir-prabangus-pakabukas-su-deimantu-Emerald-formos-ir-deimantais.png","width":1000,"height":1000},{"@type":"BreadcrumbList","@id":"https:\/\/fashiongold.lt\/lv\/papuosalas\/emerald-sparkle-dzeltena-zelta-kedite-un-grezns-kulons-ar-smaragda-formas-dimantu-un-dimantiem-074-ct\/#breadcrumb","itemListElement":[{"@type":"ListItem","position":1,"name":"Home","item":"https:\/\/fashiongold.lt\/lv\/"},{"@type":"ListItem","position":2,"name":"Dimantu veikals Fashiongold.lt","item":"https:\/\/fashiongold.lt\/shop-2\/"},{"@type":"ListItem","position":3,"name":"Emerald Sparkle \u2013 dzelten\u0101 zelta \u0137\u0113d\u012bte un grezns kulons ar smaragda formas dimantu un dimantiem 0,74 ct"}]},{"@type":"WebSite","@id":"https:\/\/fashiongold.lt\/lv\/#website","url":"https:\/\/fashiongold.lt\/lv\/","name":"Fashion Gold","description":"Juvelyrikos namai","publisher":{"@id":"https:\/\/fashiongold.lt\/lv\/#organization"},"potentialAction":[{"@type":"SearchAction","target":{"@type":"EntryPoint","urlTemplate":"https:\/\/fashiongold.lt\/lv\/?s={search_term_string}"},"query-input":{"@type":"PropertyValueSpecification","valueRequired":true,"valueName":"search_term_string"}}],"inLanguage":"lv-LV"},{"@type":"Organization","@id":"https:\/\/fashiongold.lt\/lv\/#organization","name":"Topdiamonds Online","url":"https:\/\/fashiongold.lt\/lv\/","logo":{"@type":"ImageObject","inLanguage":"lv-LV","@id":"https:\/\/fashiongold.lt\/lv\/#\/schema\/logo\/image\/","url":"https:\/\/fashiongold.lt\/wp-content\/uploads\/2025\/04\/cropped-fashion_gold_logotipas2-scaled-1.png","contentUrl":"https:\/\/fashiongold.lt\/wp-content\/uploads\/2025\/04\/cropped-fashion_gold_logotipas2-scaled-1.png","width":2559,"height":421,"caption":"Topdiamonds Online"},"image":{"@id":"https:\/\/fashiongold.lt\/lv\/#\/schema\/logo\/image\/"}}]}},"_links":{"self":[{"href":"https:\/\/fashiongold.lt\/lv\/wp-json\/wp\/v2\/product\/289220","targetHints":{"allow":["GET"]}}],"collection":[{"href":"https:\/\/fashiongold.lt\/lv\/wp-json\/wp\/v2\/product"}],"about":[{"href":"https:\/\/fashiongold.lt\/lv\/wp-json\/wp\/v2\/types\/product"}],"version-history":[{"count":0,"href":"https:\/\/fashiongold.lt\/lv\/wp-json\/wp\/v2\/product\/289220\/revisions"}],"wp:featuredmedia":[{"embeddable":true,"href":"https:\/\/fashiongold.lt\/lv\/wp-json\/wp\/v2\/media\/71579"}],"wp:attachment":[{"href":"https:\/\/fashiongold.lt\/lv\/wp-json\/wp\/v2\/media?parent=289220"}],"wp:term":[{"taxonomy":"product_brand","embeddable":true,"href":"https:\/\/fashiongold.lt\/lv\/wp-json\/wp\/v2\/product_brand?post=289220"},{"taxonomy":"product_cat","embeddable":true,"href":"https:\/\/fashiongold.lt\/lv\/wp-json\/wp\/v2\/product_cat?post=289220"},{"taxonomy":"product_tag","embeddable":true,"href":"https:\/\/fashiongold.lt\/lv\/wp-json\/wp\/v2\/product_tag?post=289220"}],"curies":[{"name":"wp","href":"https:\/\/api.w.org\/{rel}","templated":true}]}}