{"id":289439,"date":"2025-10-09T21:06:57","date_gmt":"2025-10-09T21:06:57","guid":{"rendered":"https:\/\/fashiongold.lt\/papuosalas\/mirdzosa-lase-sarkana-zelta-kedite-un-kulons-ar-lases-formas-dimantu-050-ct\/"},"modified":"2026-02-17T12:36:43","modified_gmt":"2026-02-17T12:36:43","slug":"mirdzosa-lase-sarkana-zelta-kedite-un-kulons-ar-lases-formas-dimantu-050-ct","status":"publish","type":"product","link":"https:\/\/fashiongold.lt\/lv\/papuosalas\/mirdzosa-lase-sarkana-zelta-kedite-un-kulons-ar-lases-formas-dimantu-050-ct\/","title":{"rendered":"Mirdzo\u0161\u0101 L\u0101se \u2013 sarkan\u0101 zelta \u0137\u0113d\u012bte un kulons ar l\u0101ses formas dimantu 0,50 ct"},"content":{"rendered":"<p>Ra\u017eots Lietuv\u0101. Kulons var tikt izgatavots p\u0113c pas\u016bt\u012bjuma: no sarkan\u0101, dzelten\u0101 un balt\u0101 zelta.<\/p>\n<p>\u2022 Dimanta tips: Dab\u012bgs dimants<\/p>\n<p>\u2022 Dimanta forma: Piliena forma\u00a0 (Pear cut)<\/p>\n<p>\u2022 Dimanta raksturojums: 0,50 ct Piliena formas, kr\u0101sa G(RW); dzidrums VS<\/p>\n<p>\u2022 Sertifik\u0101ts: Lietuvas Prove\u0161anas pal\u0101ta (LPR) un papildus GIA<\/p>\n<p>\u2022 Kulona zelts: 14K (585 prove)\u00a0<\/p>\n<p>\u2022 Kulona kr\u0101sa: sarkanais zelts\u00a0<\/p>\n<p>\u2022 Kulona svars: aptuveni 2,50 g\u00a0<\/p>\n<p>\u2022 \u0136\u0113d\u012btes garums: regul\u0113jams 42-45 cm<\/p>\n","protected":false},"excerpt":{"rendered":"<p>Klasiska dizaina sarkan\u0101 zelta \u0137\u0113d\u012bte un kulons ar mirdzo\u0161u 0,50 ct l\u0101ses formas dimantu, kas aizrauj ar savu skaistumu. Izcila d\u0101vana \u012bpa\u0161iem gad\u012bjumiem.<\/p>\n","protected":false},"featured_media":70894,"template":"","meta":{"site-sidebar-layout":"","site-content-layout":"","ast-site-content-layout":"","site-content-style":"","site-sidebar-style":"","ast-global-header-display":"","ast-banner-title-visibility":"","ast-main-header-display":"","ast-hfb-above-header-display":"","ast-hfb-below-header-display":"","ast-hfb-mobile-header-display":"","site-post-title":"","ast-breadcrumbs-content":"","ast-featured-img":"","footer-sml-layout":"","ast-disable-related-posts":"","theme-transparent-header-meta":"","adv-header-id-meta":"","stick-header-meta":"","header-above-stick-meta":"","header-main-stick-meta":"","header-below-stick-meta":"","astra-migrate-meta-layouts":"default","ast-page-background-enabled":"default","ast-page-background-meta":{"desktop":{"background-color":"var(--ast-global-color-4)","background-image":"","background-repeat":"repeat","background-position":"center center","background-size":"auto","background-attachment":"scroll","background-type":"","background-media":"","overlay-type":"","overlay-color":"","overlay-opacity":"","overlay-gradient":""},"tablet":{"background-color":"","background-image":"","background-repeat":"repeat","background-position":"center center","background-size":"auto","background-attachment":"scroll","background-type":"","background-media":"","overlay-type":"","overlay-color":"","overlay-opacity":"","overlay-gradient":""},"mobile":{"background-color":"","background-image":"","background-repeat":"repeat","background-position":"center center","background-size":"auto","background-attachment":"scroll","background-type":"","background-media":"","overlay-type":"","overlay-color":"","overlay-opacity":"","overlay-gradient":""}},"ast-content-background-meta":{"desktop":{"background-color":"var(--ast-global-color-5)","background-image":"","background-repeat":"repeat","background-position":"center center","background-size":"auto","background-attachment":"scroll","background-type":"","background-media":"","overlay-type":"","overlay-color":"","overlay-opacity":"","overlay-gradient":""},"tablet":{"background-color":"var(--ast-global-color-5)","background-image":"","background-repeat":"repeat","background-position":"center center","background-size":"auto","background-attachment":"scroll","background-type":"","background-media":"","overlay-type":"","overlay-color":"","overlay-opacity":"","overlay-gradient":""},"mobile":{"background-color":"var(--ast-global-color-5)","background-image":"","background-repeat":"repeat","background-position":"center center","background-size":"auto","background-attachment":"scroll","background-type":"","background-media":"","overlay-type":"","overlay-color":"","overlay-opacity":"","overlay-gradient":""}}},"product_brand":[],"product_cat":[2915,2913,2921,2920,3403,2916,2914,2917,3042,3492,3487,3489,3490,3401,3028,2922,2979,2936,3029,3488,2918],"product_tag":[],"class_list":{"0":"post-289439","1":"product","2":"type-product","3":"status-publish","4":"has-post-thumbnail","6":"product_cat-davanas-berna-piedzimsanai","7":"product_cat-davanas-dzimsanas-diena","8":"product_cat-davanas-ipasiem-gadijumiem","9":"product_cat-davanas-izlaidumam","10":"product_cat-davanas-kazam","11":"product_cat-davanas-kazu-gadadiena","12":"product_cat-davanas-sievietem","13":"product_cat-davanas-viriesiem","14":"product_cat-juvelierizstradajumi","15":"product_cat-kedite-ar-dimantu","16":"product_cat-kedite-kristibam","17":"product_cat-kedite-viriesiem","18":"product_cat-kedites-ar-dimantiem","19":"product_cat-kristibu-davanas","20":"product_cat-kuloni-ar-dimantiem","21":"product_cat-mates-dienas-davanas","22":"product_cat-sarkana-zelta-juvelierizstradajumi","23":"product_cat-valentindienas-davanas","24":"product_cat-zelta-kedite-ar-piekarinu-pec-horoskopa","25":"product_cat-zelta-kedite-meitenem","26":"product_cat-ziemassvetku-davanas","27":"desktop-align-center","28":"tablet-align-left","29":"mobile-align-left","30":"ast-product-gallery-layout-horizontal-slider","31":"ast-product-gallery-with-no-image","32":"ast-product-single-variable","33":"ast-product-tabs-layout-accordion","34":"ast-qv-on-image","36":"first","37":"instock","38":"taxable","39":"shipping-taxable","40":"purchasable","41":"product-type-variable"},"yoast_head":"<!-- This site is optimized with the Yoast SEO plugin v26.6 - https:\/\/yoast.com\/wordpress\/plugins\/seo\/ -->\n<title>Sarkan\u0101 zelta \u0137\u0113d\u012bte un kulons ar l\u0101s\u012btes formas dimantu 0,50 ct<\/title>\n<meta name=\"description\" content=\"Klasiska dizaina sarkan\u0101 zelta \u0137\u0113d\u012bte un kulons ar 0,50 ct l\u0101s\u012btes formas dimantu, kas apbur ar savu skaistumu. Izcila d\u0101vana \u012bpa\u0161iem gad\u012bjumiem.\" \/>\n<meta name=\"robots\" content=\"index, follow, max-snippet:-1, max-image-preview:large, max-video-preview:-1\" \/>\n<link rel=\"canonical\" href=\"https:\/\/fashiongold.lt\/lv\/papuosalas\/mirdzosa-lase-sarkana-zelta-kedite-un-kulons-ar-lases-formas-dimantu-050-ct\/\" \/>\n<meta property=\"og:locale\" content=\"lv_LV\" \/>\n<meta property=\"og:type\" content=\"article\" \/>\n<meta property=\"og:title\" content=\"Sarkan\u0101 zelta \u0137\u0113d\u012bte un kulons ar l\u0101s\u012btes formas dimantu 0,50 ct\" \/>\n<meta property=\"og:description\" content=\"Klasiska dizaina sarkan\u0101 zelta \u0137\u0113d\u012bte un kulons ar 0,50 ct l\u0101s\u012btes formas dimantu, kas apbur ar savu skaistumu. Izcila d\u0101vana \u012bpa\u0161iem gad\u012bjumiem.\" \/>\n<meta property=\"og:url\" content=\"https:\/\/fashiongold.lt\/lv\/papuosalas\/mirdzosa-lase-sarkana-zelta-kedite-un-kulons-ar-lases-formas-dimantu-050-ct\/\" \/>\n<meta property=\"og:site_name\" content=\"FashionGold.lt\" \/>\n<meta property=\"article:modified_time\" content=\"2026-02-17T12:36:43+00:00\" \/>\n<meta property=\"og:image\" content=\"https:\/\/fashiongold.lt\/wp-content\/uploads\/2025\/10\/4133-5bf-raudono-aukso-grandinele-ir-pakabukas-su-deimantu-Laso-formos.webp\" \/>\n\t<meta property=\"og:image:width\" content=\"1000\" \/>\n\t<meta property=\"og:image:height\" content=\"1000\" \/>\n\t<meta property=\"og:image:type\" content=\"image\/png\" \/>\n<meta name=\"twitter:card\" content=\"summary_large_image\" \/>\n<script type=\"application\/ld+json\" class=\"yoast-schema-graph\">{\"@context\":\"https:\/\/schema.org\",\"@graph\":[{\"@type\":\"WebPage\",\"@id\":\"https:\/\/fashiongold.lt\/lv\/papuosalas\/mirdzosa-lase-sarkana-zelta-kedite-un-kulons-ar-lases-formas-dimantu-050-ct\/\",\"url\":\"https:\/\/fashiongold.lt\/lv\/papuosalas\/mirdzosa-lase-sarkana-zelta-kedite-un-kulons-ar-lases-formas-dimantu-050-ct\/\",\"name\":\"Sarkan\u0101 zelta \u0137\u0113d\u012bte un kulons ar l\u0101s\u012btes formas dimantu 0,50 ct\",\"isPartOf\":{\"@id\":\"https:\/\/fashiongold.lt\/lv\/#website\"},\"primaryImageOfPage\":{\"@id\":\"https:\/\/fashiongold.lt\/lv\/papuosalas\/mirdzosa-lase-sarkana-zelta-kedite-un-kulons-ar-lases-formas-dimantu-050-ct\/#primaryimage\"},\"image\":{\"@id\":\"https:\/\/fashiongold.lt\/lv\/papuosalas\/mirdzosa-lase-sarkana-zelta-kedite-un-kulons-ar-lases-formas-dimantu-050-ct\/#primaryimage\"},\"thumbnailUrl\":\"https:\/\/fashiongold.lt\/wp-content\/uploads\/2025\/10\/4133-5bf-raudono-aukso-grandinele-ir-pakabukas-su-deimantu-Laso-formos.png\",\"datePublished\":\"2025-10-09T21:06:57+00:00\",\"dateModified\":\"2026-02-17T12:36:43+00:00\",\"description\":\"Klasiska dizaina sarkan\u0101 zelta \u0137\u0113d\u012bte un kulons ar 0,50 ct l\u0101s\u012btes formas dimantu, kas apbur ar savu skaistumu. Izcila d\u0101vana \u012bpa\u0161iem gad\u012bjumiem.\",\"breadcrumb\":{\"@id\":\"https:\/\/fashiongold.lt\/lv\/papuosalas\/mirdzosa-lase-sarkana-zelta-kedite-un-kulons-ar-lases-formas-dimantu-050-ct\/#breadcrumb\"},\"inLanguage\":\"lv-LV\",\"potentialAction\":[{\"@type\":\"ReadAction\",\"target\":[\"https:\/\/fashiongold.lt\/lv\/papuosalas\/mirdzosa-lase-sarkana-zelta-kedite-un-kulons-ar-lases-formas-dimantu-050-ct\/\"]}]},{\"@type\":\"ImageObject\",\"inLanguage\":\"lv-LV\",\"@id\":\"https:\/\/fashiongold.lt\/lv\/papuosalas\/mirdzosa-lase-sarkana-zelta-kedite-un-kulons-ar-lases-formas-dimantu-050-ct\/#primaryimage\",\"url\":\"https:\/\/fashiongold.lt\/wp-content\/uploads\/2025\/10\/4133-5bf-raudono-aukso-grandinele-ir-pakabukas-su-deimantu-Laso-formos.png\",\"contentUrl\":\"https:\/\/fashiongold.lt\/wp-content\/uploads\/2025\/10\/4133-5bf-raudono-aukso-grandinele-ir-pakabukas-su-deimantu-Laso-formos.png\",\"width\":1000,\"height\":1000},{\"@type\":\"BreadcrumbList\",\"@id\":\"https:\/\/fashiongold.lt\/lv\/papuosalas\/mirdzosa-lase-sarkana-zelta-kedite-un-kulons-ar-lases-formas-dimantu-050-ct\/#breadcrumb\",\"itemListElement\":[{\"@type\":\"ListItem\",\"position\":1,\"name\":\"Home\",\"item\":\"https:\/\/fashiongold.lt\/lv\/\"},{\"@type\":\"ListItem\",\"position\":2,\"name\":\"Dimantu veikals Fashiongold.lt\",\"item\":\"https:\/\/fashiongold.lt\/shop-2\/\"},{\"@type\":\"ListItem\",\"position\":3,\"name\":\"Mirdzo\u0161\u0101 L\u0101se \u2013 sarkan\u0101 zelta \u0137\u0113d\u012bte un kulons ar l\u0101ses formas dimantu 0,50 ct\"}]},{\"@type\":\"WebSite\",\"@id\":\"https:\/\/fashiongold.lt\/lv\/#website\",\"url\":\"https:\/\/fashiongold.lt\/lv\/\",\"name\":\"Fashion Gold\",\"description\":\"Juvelyrikos namai\",\"publisher\":{\"@id\":\"https:\/\/fashiongold.lt\/lv\/#organization\"},\"potentialAction\":[{\"@type\":\"SearchAction\",\"target\":{\"@type\":\"EntryPoint\",\"urlTemplate\":\"https:\/\/fashiongold.lt\/lv\/?s={search_term_string}\"},\"query-input\":{\"@type\":\"PropertyValueSpecification\",\"valueRequired\":true,\"valueName\":\"search_term_string\"}}],\"inLanguage\":\"lv-LV\"},{\"@type\":\"Organization\",\"@id\":\"https:\/\/fashiongold.lt\/lv\/#organization\",\"name\":\"Topdiamonds Online\",\"url\":\"https:\/\/fashiongold.lt\/lv\/\",\"logo\":{\"@type\":\"ImageObject\",\"inLanguage\":\"lv-LV\",\"@id\":\"https:\/\/fashiongold.lt\/lv\/#\/schema\/logo\/image\/\",\"url\":\"https:\/\/fashiongold.lt\/wp-content\/uploads\/2025\/04\/cropped-fashion_gold_logotipas2-scaled-1.png\",\"contentUrl\":\"https:\/\/fashiongold.lt\/wp-content\/uploads\/2025\/04\/cropped-fashion_gold_logotipas2-scaled-1.png\",\"width\":2559,\"height\":421,\"caption\":\"Topdiamonds Online\"},\"image\":{\"@id\":\"https:\/\/fashiongold.lt\/lv\/#\/schema\/logo\/image\/\"}}]}<\/script>\n<!-- \/ Yoast SEO plugin. -->","yoast_head_json":{"title":"Sarkan\u0101 zelta \u0137\u0113d\u012bte un kulons ar l\u0101s\u012btes formas dimantu 0,50 ct","description":"Klasiska dizaina sarkan\u0101 zelta \u0137\u0113d\u012bte un kulons ar 0,50 ct l\u0101s\u012btes formas dimantu, kas apbur ar savu skaistumu. Izcila d\u0101vana \u012bpa\u0161iem gad\u012bjumiem.","robots":{"index":"index","follow":"follow","max-snippet":"max-snippet:-1","max-image-preview":"max-image-preview:large","max-video-preview":"max-video-preview:-1"},"canonical":"https:\/\/fashiongold.lt\/lv\/papuosalas\/mirdzosa-lase-sarkana-zelta-kedite-un-kulons-ar-lases-formas-dimantu-050-ct\/","og_locale":"lv_LV","og_type":"article","og_title":"Sarkan\u0101 zelta \u0137\u0113d\u012bte un kulons ar l\u0101s\u012btes formas dimantu 0,50 ct","og_description":"Klasiska dizaina sarkan\u0101 zelta \u0137\u0113d\u012bte un kulons ar 0,50 ct l\u0101s\u012btes formas dimantu, kas apbur ar savu skaistumu. Izcila d\u0101vana \u012bpa\u0161iem gad\u012bjumiem.","og_url":"https:\/\/fashiongold.lt\/lv\/papuosalas\/mirdzosa-lase-sarkana-zelta-kedite-un-kulons-ar-lases-formas-dimantu-050-ct\/","og_site_name":"FashionGold.lt","article_modified_time":"2026-02-17T12:36:43+00:00","og_image":[{"width":1000,"height":1000,"url":"https:\/\/fashiongold.lt\/wp-content\/uploads\/2025\/10\/4133-5bf-raudono-aukso-grandinele-ir-pakabukas-su-deimantu-Laso-formos.webp","type":"image\/png"}],"twitter_card":"summary_large_image","schema":{"@context":"https:\/\/schema.org","@graph":[{"@type":"WebPage","@id":"https:\/\/fashiongold.lt\/lv\/papuosalas\/mirdzosa-lase-sarkana-zelta-kedite-un-kulons-ar-lases-formas-dimantu-050-ct\/","url":"https:\/\/fashiongold.lt\/lv\/papuosalas\/mirdzosa-lase-sarkana-zelta-kedite-un-kulons-ar-lases-formas-dimantu-050-ct\/","name":"Sarkan\u0101 zelta \u0137\u0113d\u012bte un kulons ar l\u0101s\u012btes formas dimantu 0,50 ct","isPartOf":{"@id":"https:\/\/fashiongold.lt\/lv\/#website"},"primaryImageOfPage":{"@id":"https:\/\/fashiongold.lt\/lv\/papuosalas\/mirdzosa-lase-sarkana-zelta-kedite-un-kulons-ar-lases-formas-dimantu-050-ct\/#primaryimage"},"image":{"@id":"https:\/\/fashiongold.lt\/lv\/papuosalas\/mirdzosa-lase-sarkana-zelta-kedite-un-kulons-ar-lases-formas-dimantu-050-ct\/#primaryimage"},"thumbnailUrl":"https:\/\/fashiongold.lt\/wp-content\/uploads\/2025\/10\/4133-5bf-raudono-aukso-grandinele-ir-pakabukas-su-deimantu-Laso-formos.png","datePublished":"2025-10-09T21:06:57+00:00","dateModified":"2026-02-17T12:36:43+00:00","description":"Klasiska dizaina sarkan\u0101 zelta \u0137\u0113d\u012bte un kulons ar 0,50 ct l\u0101s\u012btes formas dimantu, kas apbur ar savu skaistumu. Izcila d\u0101vana \u012bpa\u0161iem gad\u012bjumiem.","breadcrumb":{"@id":"https:\/\/fashiongold.lt\/lv\/papuosalas\/mirdzosa-lase-sarkana-zelta-kedite-un-kulons-ar-lases-formas-dimantu-050-ct\/#breadcrumb"},"inLanguage":"lv-LV","potentialAction":[{"@type":"ReadAction","target":["https:\/\/fashiongold.lt\/lv\/papuosalas\/mirdzosa-lase-sarkana-zelta-kedite-un-kulons-ar-lases-formas-dimantu-050-ct\/"]}]},{"@type":"ImageObject","inLanguage":"lv-LV","@id":"https:\/\/fashiongold.lt\/lv\/papuosalas\/mirdzosa-lase-sarkana-zelta-kedite-un-kulons-ar-lases-formas-dimantu-050-ct\/#primaryimage","url":"https:\/\/fashiongold.lt\/wp-content\/uploads\/2025\/10\/4133-5bf-raudono-aukso-grandinele-ir-pakabukas-su-deimantu-Laso-formos.png","contentUrl":"https:\/\/fashiongold.lt\/wp-content\/uploads\/2025\/10\/4133-5bf-raudono-aukso-grandinele-ir-pakabukas-su-deimantu-Laso-formos.png","width":1000,"height":1000},{"@type":"BreadcrumbList","@id":"https:\/\/fashiongold.lt\/lv\/papuosalas\/mirdzosa-lase-sarkana-zelta-kedite-un-kulons-ar-lases-formas-dimantu-050-ct\/#breadcrumb","itemListElement":[{"@type":"ListItem","position":1,"name":"Home","item":"https:\/\/fashiongold.lt\/lv\/"},{"@type":"ListItem","position":2,"name":"Dimantu veikals Fashiongold.lt","item":"https:\/\/fashiongold.lt\/shop-2\/"},{"@type":"ListItem","position":3,"name":"Mirdzo\u0161\u0101 L\u0101se \u2013 sarkan\u0101 zelta \u0137\u0113d\u012bte un kulons ar l\u0101ses formas dimantu 0,50 ct"}]},{"@type":"WebSite","@id":"https:\/\/fashiongold.lt\/lv\/#website","url":"https:\/\/fashiongold.lt\/lv\/","name":"Fashion Gold","description":"Juvelyrikos namai","publisher":{"@id":"https:\/\/fashiongold.lt\/lv\/#organization"},"potentialAction":[{"@type":"SearchAction","target":{"@type":"EntryPoint","urlTemplate":"https:\/\/fashiongold.lt\/lv\/?s={search_term_string}"},"query-input":{"@type":"PropertyValueSpecification","valueRequired":true,"valueName":"search_term_string"}}],"inLanguage":"lv-LV"},{"@type":"Organization","@id":"https:\/\/fashiongold.lt\/lv\/#organization","name":"Topdiamonds Online","url":"https:\/\/fashiongold.lt\/lv\/","logo":{"@type":"ImageObject","inLanguage":"lv-LV","@id":"https:\/\/fashiongold.lt\/lv\/#\/schema\/logo\/image\/","url":"https:\/\/fashiongold.lt\/wp-content\/uploads\/2025\/04\/cropped-fashion_gold_logotipas2-scaled-1.png","contentUrl":"https:\/\/fashiongold.lt\/wp-content\/uploads\/2025\/04\/cropped-fashion_gold_logotipas2-scaled-1.png","width":2559,"height":421,"caption":"Topdiamonds Online"},"image":{"@id":"https:\/\/fashiongold.lt\/lv\/#\/schema\/logo\/image\/"}}]}},"_links":{"self":[{"href":"https:\/\/fashiongold.lt\/lv\/wp-json\/wp\/v2\/product\/289439","targetHints":{"allow":["GET"]}}],"collection":[{"href":"https:\/\/fashiongold.lt\/lv\/wp-json\/wp\/v2\/product"}],"about":[{"href":"https:\/\/fashiongold.lt\/lv\/wp-json\/wp\/v2\/types\/product"}],"version-history":[{"count":0,"href":"https:\/\/fashiongold.lt\/lv\/wp-json\/wp\/v2\/product\/289439\/revisions"}],"wp:featuredmedia":[{"embeddable":true,"href":"https:\/\/fashiongold.lt\/lv\/wp-json\/wp\/v2\/media\/70894"}],"wp:attachment":[{"href":"https:\/\/fashiongold.lt\/lv\/wp-json\/wp\/v2\/media?parent=289439"}],"wp:term":[{"taxonomy":"product_brand","embeddable":true,"href":"https:\/\/fashiongold.lt\/lv\/wp-json\/wp\/v2\/product_brand?post=289439"},{"taxonomy":"product_cat","embeddable":true,"href":"https:\/\/fashiongold.lt\/lv\/wp-json\/wp\/v2\/product_cat?post=289439"},{"taxonomy":"product_tag","embeddable":true,"href":"https:\/\/fashiongold.lt\/lv\/wp-json\/wp\/v2\/product_tag?post=289439"}],"curies":[{"name":"wp","href":"https:\/\/api.w.org\/{rel}","templated":true}]}}