{"id":289639,"date":"2025-10-09T20:47:11","date_gmt":"2025-10-09T20:47:11","guid":{"rendered":"https:\/\/fashiongold.lt\/papuosalas\/ovala-gaisma-balta-zelta-gredzens-ar-mirdzosu-ovalas-formas-dimantu-un-dimantiem-045-ct\/"},"modified":"2025-10-09T20:47:11","modified_gmt":"2025-10-09T20:47:11","slug":"ovala-gaisma-balta-zelta-gredzens-ar-mirdzosu-ovalas-formas-dimantu-un-dimantiem-045-ct","status":"publish","type":"product","link":"https:\/\/fashiongold.lt\/lv\/papuosalas\/ovala-gaisma-balta-zelta-gredzens-ar-mirdzosu-ovalas-formas-dimantu-un-dimantiem-045-ct\/","title":{"rendered":"Ov\u0101la gaisma \u2013 Balt\u0101 zelta gredzens ar mirdzo\u0161u ov\u0101las formas dimantu un dimantiem (0,45 ct)"},"content":{"rendered":"<p>Ra\u017eots Lietuv\u0101. Gredzenu var izgatavot p\u0113c pas\u016bt\u012bjuma: no sarkan\u0101, dzelten\u0101 un balt\u0101 zelta.<\/p>\n<p>\u2022 Dimanta tips: Dab\u012bgs dimants<\/p>\n<p>\u2022 Dimanta forma: Ov\u0101la forma (Oval cut)<\/p>\n<p>\u2022 Dimanta raksturojums: 0,45 ct (1&#215;0,30 ct ov\u0101las formas un apa\u013ci dimanti 0,15 ct), kr\u0101sa H(W); dzidrums SI<\/p>\n<p>\u2022 Sertifik\u0101ts: Lietuvas Proves pal\u0101ta (LPR) un papildus IGI\u00a0<\/p>\n<p>\u2022 Gredzena zelts: 14K (585 prove)\u00a0<\/p>\n<p>\u2022 Gredzena kr\u0101sa: baltais zelts\u00a0 \u00a0<\/p>\n<p>\u2022 Gredzena svars: aptuveni 2,50 g\u00a0<\/p>\n","protected":false},"excerpt":{"rendered":"<p>Balt\u0101 zelta gredzens ar 0,30 ct mirdzo\u0161u ov\u0101las formas dimantu un mirdzo\u0161u dimantu st\u012bpi\u0146u (kop\u0113jais dimantu svars 0,45 ct). Lielisks, moderns gredzena dizains, kas piem\u0113rots saderin\u0101\u0161an\u0101s gad\u012bjumiem un \u012bpa\u0161iem notikumiem.<\/p>\n","protected":false},"featured_media":69783,"template":"","meta":{"site-sidebar-layout":"","site-content-layout":"","ast-site-content-layout":"","site-content-style":"","site-sidebar-style":"","ast-global-header-display":"","ast-banner-title-visibility":"","ast-main-header-display":"","ast-hfb-above-header-display":"","ast-hfb-below-header-display":"","ast-hfb-mobile-header-display":"","site-post-title":"","ast-breadcrumbs-content":"","ast-featured-img":"","footer-sml-layout":"","ast-disable-related-posts":"","theme-transparent-header-meta":"","adv-header-id-meta":"","stick-header-meta":"","header-above-stick-meta":"","header-main-stick-meta":"","header-below-stick-meta":"","astra-migrate-meta-layouts":"default","ast-page-background-enabled":"default","ast-page-background-meta":{"desktop":{"background-color":"var(--ast-global-color-4)","background-image":"","background-repeat":"repeat","background-position":"center center","background-size":"auto","background-attachment":"scroll","background-type":"","background-media":"","overlay-type":"","overlay-color":"","overlay-opacity":"","overlay-gradient":""},"tablet":{"background-color":"","background-image":"","background-repeat":"repeat","background-position":"center center","background-size":"auto","background-attachment":"scroll","background-type":"","background-media":"","overlay-type":"","overlay-color":"","overlay-opacity":"","overlay-gradient":""},"mobile":{"background-color":"","background-image":"","background-repeat":"repeat","background-position":"center center","background-size":"auto","background-attachment":"scroll","background-type":"","background-media":"","overlay-type":"","overlay-color":"","overlay-opacity":"","overlay-gradient":""}},"ast-content-background-meta":{"desktop":{"background-color":"var(--ast-global-color-5)","background-image":"","background-repeat":"repeat","background-position":"center center","background-size":"auto","background-attachment":"scroll","background-type":"","background-media":"","overlay-type":"","overlay-color":"","overlay-opacity":"","overlay-gradient":""},"tablet":{"background-color":"var(--ast-global-color-5)","background-image":"","background-repeat":"repeat","background-position":"center center","background-size":"auto","background-attachment":"scroll","background-type":"","background-media":"","overlay-type":"","overlay-color":"","overlay-opacity":"","overlay-gradient":""},"mobile":{"background-color":"var(--ast-global-color-5)","background-image":"","background-repeat":"repeat","background-position":"center center","background-size":"auto","background-attachment":"scroll","background-type":"","background-media":"","overlay-type":"","overlay-color":"","overlay-opacity":"","overlay-gradient":""}}},"product_brand":[],"product_cat":[3441,2919,2915,2913,2921,2920,3403,2916,2914,3961,3453,3042,2922,3465,3439,3962,3447,2936,2918],"product_tag":[],"class_list":{"0":"post-289639","1":"product","2":"type-product","3":"status-publish","4":"has-post-thumbnail","6":"product_cat-balta-zelta-saderinasanas-gredzeni","7":"product_cat-baltzelta-rotaslietas","8":"product_cat-davanas-berna-piedzimsanai","9":"product_cat-davanas-dzimsanas-diena","10":"product_cat-davanas-ipasiem-gadijumiem","11":"product_cat-davanas-izlaidumam","12":"product_cat-davanas-kazam","13":"product_cat-davanas-kazu-gadadiena","14":"product_cat-davanas-sievietem","15":"product_cat-ekskluzivi-saderinasanas-gredzeni","16":"product_cat-gredzeni-ar-dimantiem","17":"product_cat-juvelierizstradajumi","18":"product_cat-mates-dienas-davanas","19":"product_cat-moderni-saderinasanas-gredzeni","20":"product_cat-saderinasanas-gredzeni","21":"product_cat-saderinasanas-gredzeni-ar-dimantu","22":"product_cat-top-saderinasanas-gredzeni","23":"product_cat-valentindienas-davanas","24":"product_cat-ziemassvetku-davanas","25":"desktop-align-center","26":"tablet-align-left","27":"mobile-align-left","28":"ast-product-gallery-layout-horizontal-slider","29":"ast-product-gallery-with-no-image","30":"ast-product-single-variable","31":"ast-product-tabs-layout-accordion","32":"ast-qv-on-image","34":"first","35":"instock","36":"taxable","37":"shipping-taxable","38":"purchasable","39":"product-type-variable"},"yoast_head":"<!-- This site is optimized with the Yoast SEO plugin v26.6 - https:\/\/yoast.com\/wordpress\/plugins\/seo\/ -->\n<title>Balt\u0101 zelta gredzens ar 0,45 ct ov\u0101las formas dimantu un dimantiem<\/title>\n<meta name=\"description\" content=\"Lietuv\u0101 izgatavots moderna dizaina gredzens ar 0,45 ct ov\u0101las formas dimantu un maziem dimantiem. P\u0101rsteidziet ar unik\u0101lu d\u0101vanu. Bezmaksas pieg\u0101de.\" \/>\n<meta name=\"robots\" content=\"index, follow, max-snippet:-1, max-image-preview:large, max-video-preview:-1\" \/>\n<link rel=\"canonical\" href=\"https:\/\/fashiongold.lt\/lv\/papuosalas\/ovala-gaisma-balta-zelta-gredzens-ar-mirdzosu-ovalas-formas-dimantu-un-dimantiem-045-ct\/\" \/>\n<meta property=\"og:locale\" content=\"lv_LV\" \/>\n<meta property=\"og:type\" content=\"article\" \/>\n<meta property=\"og:title\" content=\"Balt\u0101 zelta gredzens ar 0,45 ct ov\u0101las formas dimantu un dimantiem\" \/>\n<meta property=\"og:description\" content=\"Lietuv\u0101 izgatavots moderna dizaina gredzens ar 0,45 ct ov\u0101las formas dimantu un maziem dimantiem. P\u0101rsteidziet ar unik\u0101lu d\u0101vanu. Bezmaksas pieg\u0101de.\" \/>\n<meta property=\"og:url\" content=\"https:\/\/fashiongold.lt\/lv\/papuosalas\/ovala-gaisma-balta-zelta-gredzens-ar-mirdzosu-ovalas-formas-dimantu-un-dimantiem-045-ct\/\" \/>\n<meta property=\"og:site_name\" content=\"FashionGold.lt\" \/>\n<meta property=\"og:image\" content=\"https:\/\/fashiongold.lt\/wp-content\/uploads\/2025\/10\/3995-658-Balto-aukso-ziedas-su-spindinciu-Ovalo-formos-deimantu-ir-deimantais.webp\" \/>\n\t<meta property=\"og:image:width\" content=\"1000\" \/>\n\t<meta property=\"og:image:height\" content=\"1000\" \/>\n\t<meta property=\"og:image:type\" content=\"image\/png\" \/>\n<meta name=\"twitter:card\" content=\"summary_large_image\" \/>\n<script type=\"application\/ld+json\" class=\"yoast-schema-graph\">{\"@context\":\"https:\/\/schema.org\",\"@graph\":[{\"@type\":\"WebPage\",\"@id\":\"https:\/\/fashiongold.lt\/lv\/papuosalas\/ovala-gaisma-balta-zelta-gredzens-ar-mirdzosu-ovalas-formas-dimantu-un-dimantiem-045-ct\/\",\"url\":\"https:\/\/fashiongold.lt\/lv\/papuosalas\/ovala-gaisma-balta-zelta-gredzens-ar-mirdzosu-ovalas-formas-dimantu-un-dimantiem-045-ct\/\",\"name\":\"Balt\u0101 zelta gredzens ar 0,45 ct ov\u0101las formas dimantu un dimantiem\",\"isPartOf\":{\"@id\":\"https:\/\/fashiongold.lt\/lv\/#website\"},\"primaryImageOfPage\":{\"@id\":\"https:\/\/fashiongold.lt\/lv\/papuosalas\/ovala-gaisma-balta-zelta-gredzens-ar-mirdzosu-ovalas-formas-dimantu-un-dimantiem-045-ct\/#primaryimage\"},\"image\":{\"@id\":\"https:\/\/fashiongold.lt\/lv\/papuosalas\/ovala-gaisma-balta-zelta-gredzens-ar-mirdzosu-ovalas-formas-dimantu-un-dimantiem-045-ct\/#primaryimage\"},\"thumbnailUrl\":\"https:\/\/fashiongold.lt\/wp-content\/uploads\/2025\/10\/3995-658-Balto-aukso-ziedas-su-spindinciu-Ovalo-formos-deimantu-ir-deimantais.png\",\"datePublished\":\"2025-10-09T20:47:11+00:00\",\"description\":\"Lietuv\u0101 izgatavots moderna dizaina gredzens ar 0,45 ct ov\u0101las formas dimantu un maziem dimantiem. P\u0101rsteidziet ar unik\u0101lu d\u0101vanu. Bezmaksas pieg\u0101de.\",\"breadcrumb\":{\"@id\":\"https:\/\/fashiongold.lt\/lv\/papuosalas\/ovala-gaisma-balta-zelta-gredzens-ar-mirdzosu-ovalas-formas-dimantu-un-dimantiem-045-ct\/#breadcrumb\"},\"inLanguage\":\"lv-LV\",\"potentialAction\":[{\"@type\":\"ReadAction\",\"target\":[\"https:\/\/fashiongold.lt\/lv\/papuosalas\/ovala-gaisma-balta-zelta-gredzens-ar-mirdzosu-ovalas-formas-dimantu-un-dimantiem-045-ct\/\"]}]},{\"@type\":\"ImageObject\",\"inLanguage\":\"lv-LV\",\"@id\":\"https:\/\/fashiongold.lt\/lv\/papuosalas\/ovala-gaisma-balta-zelta-gredzens-ar-mirdzosu-ovalas-formas-dimantu-un-dimantiem-045-ct\/#primaryimage\",\"url\":\"https:\/\/fashiongold.lt\/wp-content\/uploads\/2025\/10\/3995-658-Balto-aukso-ziedas-su-spindinciu-Ovalo-formos-deimantu-ir-deimantais.png\",\"contentUrl\":\"https:\/\/fashiongold.lt\/wp-content\/uploads\/2025\/10\/3995-658-Balto-aukso-ziedas-su-spindinciu-Ovalo-formos-deimantu-ir-deimantais.png\",\"width\":1000,\"height\":1000},{\"@type\":\"BreadcrumbList\",\"@id\":\"https:\/\/fashiongold.lt\/lv\/papuosalas\/ovala-gaisma-balta-zelta-gredzens-ar-mirdzosu-ovalas-formas-dimantu-un-dimantiem-045-ct\/#breadcrumb\",\"itemListElement\":[{\"@type\":\"ListItem\",\"position\":1,\"name\":\"Home\",\"item\":\"https:\/\/fashiongold.lt\/lv\/\"},{\"@type\":\"ListItem\",\"position\":2,\"name\":\"Dimantu veikals Fashiongold.lt\",\"item\":\"https:\/\/fashiongold.lt\/shop-2\/\"},{\"@type\":\"ListItem\",\"position\":3,\"name\":\"Ov\u0101la gaisma \u2013 Balt\u0101 zelta gredzens ar mirdzo\u0161u ov\u0101las formas dimantu un dimantiem (0,45 ct)\"}]},{\"@type\":\"WebSite\",\"@id\":\"https:\/\/fashiongold.lt\/lv\/#website\",\"url\":\"https:\/\/fashiongold.lt\/lv\/\",\"name\":\"Fashion Gold\",\"description\":\"Juvelyrikos namai\",\"publisher\":{\"@id\":\"https:\/\/fashiongold.lt\/lv\/#organization\"},\"potentialAction\":[{\"@type\":\"SearchAction\",\"target\":{\"@type\":\"EntryPoint\",\"urlTemplate\":\"https:\/\/fashiongold.lt\/lv\/?s={search_term_string}\"},\"query-input\":{\"@type\":\"PropertyValueSpecification\",\"valueRequired\":true,\"valueName\":\"search_term_string\"}}],\"inLanguage\":\"lv-LV\"},{\"@type\":\"Organization\",\"@id\":\"https:\/\/fashiongold.lt\/lv\/#organization\",\"name\":\"Topdiamonds Online\",\"url\":\"https:\/\/fashiongold.lt\/lv\/\",\"logo\":{\"@type\":\"ImageObject\",\"inLanguage\":\"lv-LV\",\"@id\":\"https:\/\/fashiongold.lt\/lv\/#\/schema\/logo\/image\/\",\"url\":\"https:\/\/fashiongold.lt\/wp-content\/uploads\/2025\/04\/cropped-fashion_gold_logotipas2-scaled-1.png\",\"contentUrl\":\"https:\/\/fashiongold.lt\/wp-content\/uploads\/2025\/04\/cropped-fashion_gold_logotipas2-scaled-1.png\",\"width\":2559,\"height\":421,\"caption\":\"Topdiamonds Online\"},\"image\":{\"@id\":\"https:\/\/fashiongold.lt\/lv\/#\/schema\/logo\/image\/\"}}]}<\/script>\n<!-- \/ Yoast SEO plugin. -->","yoast_head_json":{"title":"Balt\u0101 zelta gredzens ar 0,45 ct ov\u0101las formas dimantu un dimantiem","description":"Lietuv\u0101 izgatavots moderna dizaina gredzens ar 0,45 ct ov\u0101las formas dimantu un maziem dimantiem. P\u0101rsteidziet ar unik\u0101lu d\u0101vanu. Bezmaksas pieg\u0101de.","robots":{"index":"index","follow":"follow","max-snippet":"max-snippet:-1","max-image-preview":"max-image-preview:large","max-video-preview":"max-video-preview:-1"},"canonical":"https:\/\/fashiongold.lt\/lv\/papuosalas\/ovala-gaisma-balta-zelta-gredzens-ar-mirdzosu-ovalas-formas-dimantu-un-dimantiem-045-ct\/","og_locale":"lv_LV","og_type":"article","og_title":"Balt\u0101 zelta gredzens ar 0,45 ct ov\u0101las formas dimantu un dimantiem","og_description":"Lietuv\u0101 izgatavots moderna dizaina gredzens ar 0,45 ct ov\u0101las formas dimantu un maziem dimantiem. P\u0101rsteidziet ar unik\u0101lu d\u0101vanu. Bezmaksas pieg\u0101de.","og_url":"https:\/\/fashiongold.lt\/lv\/papuosalas\/ovala-gaisma-balta-zelta-gredzens-ar-mirdzosu-ovalas-formas-dimantu-un-dimantiem-045-ct\/","og_site_name":"FashionGold.lt","og_image":[{"width":1000,"height":1000,"url":"https:\/\/fashiongold.lt\/wp-content\/uploads\/2025\/10\/3995-658-Balto-aukso-ziedas-su-spindinciu-Ovalo-formos-deimantu-ir-deimantais.webp","type":"image\/png"}],"twitter_card":"summary_large_image","schema":{"@context":"https:\/\/schema.org","@graph":[{"@type":"WebPage","@id":"https:\/\/fashiongold.lt\/lv\/papuosalas\/ovala-gaisma-balta-zelta-gredzens-ar-mirdzosu-ovalas-formas-dimantu-un-dimantiem-045-ct\/","url":"https:\/\/fashiongold.lt\/lv\/papuosalas\/ovala-gaisma-balta-zelta-gredzens-ar-mirdzosu-ovalas-formas-dimantu-un-dimantiem-045-ct\/","name":"Balt\u0101 zelta gredzens ar 0,45 ct ov\u0101las formas dimantu un dimantiem","isPartOf":{"@id":"https:\/\/fashiongold.lt\/lv\/#website"},"primaryImageOfPage":{"@id":"https:\/\/fashiongold.lt\/lv\/papuosalas\/ovala-gaisma-balta-zelta-gredzens-ar-mirdzosu-ovalas-formas-dimantu-un-dimantiem-045-ct\/#primaryimage"},"image":{"@id":"https:\/\/fashiongold.lt\/lv\/papuosalas\/ovala-gaisma-balta-zelta-gredzens-ar-mirdzosu-ovalas-formas-dimantu-un-dimantiem-045-ct\/#primaryimage"},"thumbnailUrl":"https:\/\/fashiongold.lt\/wp-content\/uploads\/2025\/10\/3995-658-Balto-aukso-ziedas-su-spindinciu-Ovalo-formos-deimantu-ir-deimantais.png","datePublished":"2025-10-09T20:47:11+00:00","description":"Lietuv\u0101 izgatavots moderna dizaina gredzens ar 0,45 ct ov\u0101las formas dimantu un maziem dimantiem. P\u0101rsteidziet ar unik\u0101lu d\u0101vanu. Bezmaksas pieg\u0101de.","breadcrumb":{"@id":"https:\/\/fashiongold.lt\/lv\/papuosalas\/ovala-gaisma-balta-zelta-gredzens-ar-mirdzosu-ovalas-formas-dimantu-un-dimantiem-045-ct\/#breadcrumb"},"inLanguage":"lv-LV","potentialAction":[{"@type":"ReadAction","target":["https:\/\/fashiongold.lt\/lv\/papuosalas\/ovala-gaisma-balta-zelta-gredzens-ar-mirdzosu-ovalas-formas-dimantu-un-dimantiem-045-ct\/"]}]},{"@type":"ImageObject","inLanguage":"lv-LV","@id":"https:\/\/fashiongold.lt\/lv\/papuosalas\/ovala-gaisma-balta-zelta-gredzens-ar-mirdzosu-ovalas-formas-dimantu-un-dimantiem-045-ct\/#primaryimage","url":"https:\/\/fashiongold.lt\/wp-content\/uploads\/2025\/10\/3995-658-Balto-aukso-ziedas-su-spindinciu-Ovalo-formos-deimantu-ir-deimantais.png","contentUrl":"https:\/\/fashiongold.lt\/wp-content\/uploads\/2025\/10\/3995-658-Balto-aukso-ziedas-su-spindinciu-Ovalo-formos-deimantu-ir-deimantais.png","width":1000,"height":1000},{"@type":"BreadcrumbList","@id":"https:\/\/fashiongold.lt\/lv\/papuosalas\/ovala-gaisma-balta-zelta-gredzens-ar-mirdzosu-ovalas-formas-dimantu-un-dimantiem-045-ct\/#breadcrumb","itemListElement":[{"@type":"ListItem","position":1,"name":"Home","item":"https:\/\/fashiongold.lt\/lv\/"},{"@type":"ListItem","position":2,"name":"Dimantu veikals Fashiongold.lt","item":"https:\/\/fashiongold.lt\/shop-2\/"},{"@type":"ListItem","position":3,"name":"Ov\u0101la gaisma \u2013 Balt\u0101 zelta gredzens ar mirdzo\u0161u ov\u0101las formas dimantu un dimantiem (0,45 ct)"}]},{"@type":"WebSite","@id":"https:\/\/fashiongold.lt\/lv\/#website","url":"https:\/\/fashiongold.lt\/lv\/","name":"Fashion Gold","description":"Juvelyrikos namai","publisher":{"@id":"https:\/\/fashiongold.lt\/lv\/#organization"},"potentialAction":[{"@type":"SearchAction","target":{"@type":"EntryPoint","urlTemplate":"https:\/\/fashiongold.lt\/lv\/?s={search_term_string}"},"query-input":{"@type":"PropertyValueSpecification","valueRequired":true,"valueName":"search_term_string"}}],"inLanguage":"lv-LV"},{"@type":"Organization","@id":"https:\/\/fashiongold.lt\/lv\/#organization","name":"Topdiamonds Online","url":"https:\/\/fashiongold.lt\/lv\/","logo":{"@type":"ImageObject","inLanguage":"lv-LV","@id":"https:\/\/fashiongold.lt\/lv\/#\/schema\/logo\/image\/","url":"https:\/\/fashiongold.lt\/wp-content\/uploads\/2025\/04\/cropped-fashion_gold_logotipas2-scaled-1.png","contentUrl":"https:\/\/fashiongold.lt\/wp-content\/uploads\/2025\/04\/cropped-fashion_gold_logotipas2-scaled-1.png","width":2559,"height":421,"caption":"Topdiamonds Online"},"image":{"@id":"https:\/\/fashiongold.lt\/lv\/#\/schema\/logo\/image\/"}}]}},"_links":{"self":[{"href":"https:\/\/fashiongold.lt\/lv\/wp-json\/wp\/v2\/product\/289639","targetHints":{"allow":["GET"]}}],"collection":[{"href":"https:\/\/fashiongold.lt\/lv\/wp-json\/wp\/v2\/product"}],"about":[{"href":"https:\/\/fashiongold.lt\/lv\/wp-json\/wp\/v2\/types\/product"}],"version-history":[{"count":0,"href":"https:\/\/fashiongold.lt\/lv\/wp-json\/wp\/v2\/product\/289639\/revisions"}],"wp:featuredmedia":[{"embeddable":true,"href":"https:\/\/fashiongold.lt\/lv\/wp-json\/wp\/v2\/media\/69783"}],"wp:attachment":[{"href":"https:\/\/fashiongold.lt\/lv\/wp-json\/wp\/v2\/media?parent=289639"}],"wp:term":[{"taxonomy":"product_brand","embeddable":true,"href":"https:\/\/fashiongold.lt\/lv\/wp-json\/wp\/v2\/product_brand?post=289639"},{"taxonomy":"product_cat","embeddable":true,"href":"https:\/\/fashiongold.lt\/lv\/wp-json\/wp\/v2\/product_cat?post=289639"},{"taxonomy":"product_tag","embeddable":true,"href":"https:\/\/fashiongold.lt\/lv\/wp-json\/wp\/v2\/product_tag?post=289639"}],"curies":[{"name":"wp","href":"https:\/\/api.w.org\/{rel}","templated":true}]}}