{"id":289864,"date":"2025-10-09T20:31:20","date_gmt":"2025-10-09T20:31:20","guid":{"rendered":"https:\/\/fashiongold.lt\/papuosalas\/dimanta-dzeltenais-pavediens-dzeltena-zelta-auskari-ar-dimantiem-005-ct\/"},"modified":"2025-10-09T20:31:20","modified_gmt":"2025-10-09T20:31:20","slug":"dimanta-dzeltenais-pavediens-dzeltena-zelta-auskari-ar-dimantiem-005-ct","status":"publish","type":"product","link":"https:\/\/fashiongold.lt\/lv\/papuosalas\/dimanta-dzeltenais-pavediens-dzeltena-zelta-auskari-ar-dimantiem-005-ct\/","title":{"rendered":"Dimanta dzeltenais pavediens \u2013 dzelten\u0101 zelta auskari ar dimantiem (0,05 ct)"},"content":{"rendered":"<p>Burv\u012bgi dzelten\u0101 zelta auskari ar dimantiem. Puse auskara ir rot\u0101ta ar dimantiem rind\u0101. Izcila d\u0101vana \u012bpa\u0161iem gad\u012bjumiem. Iem\u016b\u017einiet mirkli ar \u0161iem unik\u0101lajiem auskariem!<\/p>\n<p>Auskara dimanta tips: Dab\u012bgs Briljants (dimants)<\/p>\n<p>Auskara dimanta forma: Apa\u013ca<\/p>\n<p>Kop\u0113jais dimantu svars: 0,05 ct (10 gab. x 0,005 ct)<\/p>\n<p>Dimanta kr\u0101sa: H-I<\/p>\n<p>Dimanta dzidrums: SI1-SI2<\/p>\n<p>Sertifik\u0101ts: Lietuvas Prove\u0161anas pal\u0101ta (LPR)<\/p>\n<p>Zelta prove: 14K (585 prove)\u00a0<\/p>\n<p>Zelta kr\u0101sa (izv\u0113lieties): dzeltenais zelts\u00a0<\/p>\n<p>Zelta svars: aptuveni 0,70 &#8211; 0,90 g<\/p>\n<p>Auskaru izm\u0113rs: platums 1 mm, garums 13 mm<\/p>\n","protected":false},"excerpt":{"rendered":"<p>Burv\u012bgi dzelten\u0101 zelta auskari &#8220;dimanta st\u012bga&#8221; ar dimantiem &#8211; puse auskara ir kl\u0101ta ar dimantiem rind\u0101. Izcila d\u0101vana \u012bpa\u0161iem gad\u012bjumiem. Iem\u016b\u017einiet mirkli ar \u0161iem unik\u0101lajiem auskariem!<\/p>\n","protected":false},"featured_media":68252,"template":"","meta":{"site-sidebar-layout":"","site-content-layout":"","ast-site-content-layout":"","site-content-style":"","site-sidebar-style":"","ast-global-header-display":"","ast-banner-title-visibility":"","ast-main-header-display":"","ast-hfb-above-header-display":"","ast-hfb-below-header-display":"","ast-hfb-mobile-header-display":"","site-post-title":"","ast-breadcrumbs-content":"","ast-featured-img":"","footer-sml-layout":"","ast-disable-related-posts":"","theme-transparent-header-meta":"","adv-header-id-meta":"","stick-header-meta":"","header-above-stick-meta":"","header-main-stick-meta":"","header-below-stick-meta":"","astra-migrate-meta-layouts":"default","ast-page-background-enabled":"default","ast-page-background-meta":{"desktop":{"background-color":"var(--ast-global-color-4)","background-image":"","background-repeat":"repeat","background-position":"center center","background-size":"auto","background-attachment":"scroll","background-type":"","background-media":"","overlay-type":"","overlay-color":"","overlay-opacity":"","overlay-gradient":""},"tablet":{"background-color":"","background-image":"","background-repeat":"repeat","background-position":"center center","background-size":"auto","background-attachment":"scroll","background-type":"","background-media":"","overlay-type":"","overlay-color":"","overlay-opacity":"","overlay-gradient":""},"mobile":{"background-color":"","background-image":"","background-repeat":"repeat","background-position":"center center","background-size":"auto","background-attachment":"scroll","background-type":"","background-media":"","overlay-type":"","overlay-color":"","overlay-opacity":"","overlay-gradient":""}},"ast-content-background-meta":{"desktop":{"background-color":"var(--ast-global-color-5)","background-image":"","background-repeat":"repeat","background-position":"center center","background-size":"auto","background-attachment":"scroll","background-type":"","background-media":"","overlay-type":"","overlay-color":"","overlay-opacity":"","overlay-gradient":""},"tablet":{"background-color":"var(--ast-global-color-5)","background-image":"","background-repeat":"repeat","background-position":"center center","background-size":"auto","background-attachment":"scroll","background-type":"","background-media":"","overlay-type":"","overlay-color":"","overlay-opacity":"","overlay-gradient":""},"mobile":{"background-color":"var(--ast-global-color-5)","background-image":"","background-repeat":"repeat","background-position":"center center","background-size":"auto","background-attachment":"scroll","background-type":"","background-media":"","overlay-type":"","overlay-color":"","overlay-opacity":"","overlay-gradient":""}}},"product_brand":[],"product_cat":[2978,3405,2981,2915,2913,2921,2920,3403,2916,2914,2923,3042,3401,2922,2936,2918],"product_tag":[],"class_list":{"0":"post-289864","1":"product","2":"type-product","3":"status-publish","4":"has-post-thumbnail","6":"product_cat-auskari-ar-dimantiem","7":"product_cat-auskari-meitenem-bernu-auskari","8":"product_cat-auskari-naglinas","9":"product_cat-davanas-berna-piedzimsanai","10":"product_cat-davanas-dzimsanas-diena","11":"product_cat-davanas-ipasiem-gadijumiem","12":"product_cat-davanas-izlaidumam","13":"product_cat-davanas-kazam","14":"product_cat-davanas-kazu-gadadiena","15":"product_cat-davanas-sievietem","16":"product_cat-dzeltena-zelta-juvelierizstradajumi","17":"product_cat-juvelierizstradajumi","18":"product_cat-kristibu-davanas","19":"product_cat-mates-dienas-davanas","20":"product_cat-valentindienas-davanas","21":"product_cat-ziemassvetku-davanas","22":"desktop-align-center","23":"tablet-align-left","24":"mobile-align-left","25":"ast-product-gallery-layout-horizontal-slider","26":"ast-product-gallery-with-no-image","27":"ast-product-tabs-layout-accordion","28":"ast-qv-on-image","30":"first","31":"instock","32":"taxable","33":"shipping-taxable","34":"purchasable","35":"product-type-simple"},"yoast_head":"<!-- This site is optimized with the Yoast SEO plugin v26.6 - https:\/\/yoast.com\/wordpress\/plugins\/seo\/ -->\n<title>Dimanta dzeltenais pavediens \u2013 dzelten\u0101 zelta auskari ar dimantiem (0,05 ct) - FashionGold.lt<\/title>\n<meta name=\"robots\" content=\"index, follow, max-snippet:-1, max-image-preview:large, max-video-preview:-1\" \/>\n<link rel=\"canonical\" href=\"https:\/\/fashiongold.lt\/lv\/papuosalas\/dimanta-dzeltenais-pavediens-dzeltena-zelta-auskari-ar-dimantiem-005-ct\/\" \/>\n<meta property=\"og:locale\" content=\"lv_LV\" \/>\n<meta property=\"og:type\" content=\"article\" \/>\n<meta property=\"og:title\" content=\"Dimanta dzeltenais pavediens \u2013 dzelten\u0101 zelta auskari ar dimantiem (0,05 ct) - FashionGold.lt\" \/>\n<meta property=\"og:description\" content=\"Burv\u012bgi dzelten\u0101 zelta auskari &quot;dimanta st\u012bga&quot; ar dimantiem - puse auskara ir kl\u0101ta ar dimantiem rind\u0101. Izcila d\u0101vana \u012bpa\u0161iem gad\u012bjumiem. Iem\u016b\u017einiet mirkli ar \u0161iem unik\u0101lajiem auskariem!\" \/>\n<meta property=\"og:url\" content=\"https:\/\/fashiongold.lt\/lv\/papuosalas\/dimanta-dzeltenais-pavediens-dzeltena-zelta-auskari-ar-dimantiem-005-ct\/\" \/>\n<meta property=\"og:site_name\" content=\"FashionGold.lt\" \/>\n<meta property=\"og:image\" content=\"https:\/\/fashiongold.lt\/wp-content\/uploads\/2025\/10\/3657-c9a-Deimantinis-geltonas-siulas-geltono-aukso-auskarai-su-deimantais.webp\" \/>\n\t<meta property=\"og:image:width\" content=\"1000\" \/>\n\t<meta property=\"og:image:height\" content=\"1000\" \/>\n\t<meta property=\"og:image:type\" content=\"image\/jpeg\" \/>\n<meta name=\"twitter:card\" content=\"summary_large_image\" \/>\n<script type=\"application\/ld+json\" class=\"yoast-schema-graph\">{\"@context\":\"https:\/\/schema.org\",\"@graph\":[{\"@type\":\"WebPage\",\"@id\":\"https:\/\/fashiongold.lt\/lv\/papuosalas\/dimanta-dzeltenais-pavediens-dzeltena-zelta-auskari-ar-dimantiem-005-ct\/\",\"url\":\"https:\/\/fashiongold.lt\/lv\/papuosalas\/dimanta-dzeltenais-pavediens-dzeltena-zelta-auskari-ar-dimantiem-005-ct\/\",\"name\":\"Dimanta dzeltenais pavediens \u2013 dzelten\u0101 zelta auskari ar dimantiem (0,05 ct) - FashionGold.lt\",\"isPartOf\":{\"@id\":\"https:\/\/fashiongold.lt\/lv\/#website\"},\"primaryImageOfPage\":{\"@id\":\"https:\/\/fashiongold.lt\/lv\/papuosalas\/dimanta-dzeltenais-pavediens-dzeltena-zelta-auskari-ar-dimantiem-005-ct\/#primaryimage\"},\"image\":{\"@id\":\"https:\/\/fashiongold.lt\/lv\/papuosalas\/dimanta-dzeltenais-pavediens-dzeltena-zelta-auskari-ar-dimantiem-005-ct\/#primaryimage\"},\"thumbnailUrl\":\"https:\/\/fashiongold.lt\/wp-content\/uploads\/2025\/10\/3657-c9a-Deimantinis-geltonas-siulas-geltono-aukso-auskarai-su-deimantais.jpg\",\"datePublished\":\"2025-10-09T20:31:20+00:00\",\"breadcrumb\":{\"@id\":\"https:\/\/fashiongold.lt\/lv\/papuosalas\/dimanta-dzeltenais-pavediens-dzeltena-zelta-auskari-ar-dimantiem-005-ct\/#breadcrumb\"},\"inLanguage\":\"lv-LV\",\"potentialAction\":[{\"@type\":\"ReadAction\",\"target\":[\"https:\/\/fashiongold.lt\/lv\/papuosalas\/dimanta-dzeltenais-pavediens-dzeltena-zelta-auskari-ar-dimantiem-005-ct\/\"]}]},{\"@type\":\"ImageObject\",\"inLanguage\":\"lv-LV\",\"@id\":\"https:\/\/fashiongold.lt\/lv\/papuosalas\/dimanta-dzeltenais-pavediens-dzeltena-zelta-auskari-ar-dimantiem-005-ct\/#primaryimage\",\"url\":\"https:\/\/fashiongold.lt\/wp-content\/uploads\/2025\/10\/3657-c9a-Deimantinis-geltonas-siulas-geltono-aukso-auskarai-su-deimantais.jpg\",\"contentUrl\":\"https:\/\/fashiongold.lt\/wp-content\/uploads\/2025\/10\/3657-c9a-Deimantinis-geltonas-siulas-geltono-aukso-auskarai-su-deimantais.jpg\",\"width\":1000,\"height\":1000},{\"@type\":\"BreadcrumbList\",\"@id\":\"https:\/\/fashiongold.lt\/lv\/papuosalas\/dimanta-dzeltenais-pavediens-dzeltena-zelta-auskari-ar-dimantiem-005-ct\/#breadcrumb\",\"itemListElement\":[{\"@type\":\"ListItem\",\"position\":1,\"name\":\"Home\",\"item\":\"https:\/\/fashiongold.lt\/lv\/\"},{\"@type\":\"ListItem\",\"position\":2,\"name\":\"Dimantu veikals Fashiongold.lt\",\"item\":\"https:\/\/fashiongold.lt\/shop-2\/\"},{\"@type\":\"ListItem\",\"position\":3,\"name\":\"Dimanta dzeltenais pavediens \u2013 dzelten\u0101 zelta auskari ar dimantiem (0,05 ct)\"}]},{\"@type\":\"WebSite\",\"@id\":\"https:\/\/fashiongold.lt\/lv\/#website\",\"url\":\"https:\/\/fashiongold.lt\/lv\/\",\"name\":\"Fashion Gold\",\"description\":\"Juvelyrikos namai\",\"publisher\":{\"@id\":\"https:\/\/fashiongold.lt\/lv\/#organization\"},\"potentialAction\":[{\"@type\":\"SearchAction\",\"target\":{\"@type\":\"EntryPoint\",\"urlTemplate\":\"https:\/\/fashiongold.lt\/lv\/?s={search_term_string}\"},\"query-input\":{\"@type\":\"PropertyValueSpecification\",\"valueRequired\":true,\"valueName\":\"search_term_string\"}}],\"inLanguage\":\"lv-LV\"},{\"@type\":\"Organization\",\"@id\":\"https:\/\/fashiongold.lt\/lv\/#organization\",\"name\":\"Topdiamonds Online\",\"url\":\"https:\/\/fashiongold.lt\/lv\/\",\"logo\":{\"@type\":\"ImageObject\",\"inLanguage\":\"lv-LV\",\"@id\":\"https:\/\/fashiongold.lt\/lv\/#\/schema\/logo\/image\/\",\"url\":\"https:\/\/fashiongold.lt\/wp-content\/uploads\/2025\/04\/cropped-fashion_gold_logotipas2-scaled-1.png\",\"contentUrl\":\"https:\/\/fashiongold.lt\/wp-content\/uploads\/2025\/04\/cropped-fashion_gold_logotipas2-scaled-1.png\",\"width\":2559,\"height\":421,\"caption\":\"Topdiamonds Online\"},\"image\":{\"@id\":\"https:\/\/fashiongold.lt\/lv\/#\/schema\/logo\/image\/\"}}]}<\/script>\n<!-- \/ Yoast SEO plugin. -->","yoast_head_json":{"title":"Dimanta dzeltenais pavediens \u2013 dzelten\u0101 zelta auskari ar dimantiem (0,05 ct) - FashionGold.lt","robots":{"index":"index","follow":"follow","max-snippet":"max-snippet:-1","max-image-preview":"max-image-preview:large","max-video-preview":"max-video-preview:-1"},"canonical":"https:\/\/fashiongold.lt\/lv\/papuosalas\/dimanta-dzeltenais-pavediens-dzeltena-zelta-auskari-ar-dimantiem-005-ct\/","og_locale":"lv_LV","og_type":"article","og_title":"Dimanta dzeltenais pavediens \u2013 dzelten\u0101 zelta auskari ar dimantiem (0,05 ct) - FashionGold.lt","og_description":"Burv\u012bgi dzelten\u0101 zelta auskari \"dimanta st\u012bga\" ar dimantiem - puse auskara ir kl\u0101ta ar dimantiem rind\u0101. Izcila d\u0101vana \u012bpa\u0161iem gad\u012bjumiem. Iem\u016b\u017einiet mirkli ar \u0161iem unik\u0101lajiem auskariem!","og_url":"https:\/\/fashiongold.lt\/lv\/papuosalas\/dimanta-dzeltenais-pavediens-dzeltena-zelta-auskari-ar-dimantiem-005-ct\/","og_site_name":"FashionGold.lt","og_image":[{"width":1000,"height":1000,"url":"https:\/\/fashiongold.lt\/wp-content\/uploads\/2025\/10\/3657-c9a-Deimantinis-geltonas-siulas-geltono-aukso-auskarai-su-deimantais.webp","type":"image\/jpeg"}],"twitter_card":"summary_large_image","schema":{"@context":"https:\/\/schema.org","@graph":[{"@type":"WebPage","@id":"https:\/\/fashiongold.lt\/lv\/papuosalas\/dimanta-dzeltenais-pavediens-dzeltena-zelta-auskari-ar-dimantiem-005-ct\/","url":"https:\/\/fashiongold.lt\/lv\/papuosalas\/dimanta-dzeltenais-pavediens-dzeltena-zelta-auskari-ar-dimantiem-005-ct\/","name":"Dimanta dzeltenais pavediens \u2013 dzelten\u0101 zelta auskari ar dimantiem (0,05 ct) - FashionGold.lt","isPartOf":{"@id":"https:\/\/fashiongold.lt\/lv\/#website"},"primaryImageOfPage":{"@id":"https:\/\/fashiongold.lt\/lv\/papuosalas\/dimanta-dzeltenais-pavediens-dzeltena-zelta-auskari-ar-dimantiem-005-ct\/#primaryimage"},"image":{"@id":"https:\/\/fashiongold.lt\/lv\/papuosalas\/dimanta-dzeltenais-pavediens-dzeltena-zelta-auskari-ar-dimantiem-005-ct\/#primaryimage"},"thumbnailUrl":"https:\/\/fashiongold.lt\/wp-content\/uploads\/2025\/10\/3657-c9a-Deimantinis-geltonas-siulas-geltono-aukso-auskarai-su-deimantais.jpg","datePublished":"2025-10-09T20:31:20+00:00","breadcrumb":{"@id":"https:\/\/fashiongold.lt\/lv\/papuosalas\/dimanta-dzeltenais-pavediens-dzeltena-zelta-auskari-ar-dimantiem-005-ct\/#breadcrumb"},"inLanguage":"lv-LV","potentialAction":[{"@type":"ReadAction","target":["https:\/\/fashiongold.lt\/lv\/papuosalas\/dimanta-dzeltenais-pavediens-dzeltena-zelta-auskari-ar-dimantiem-005-ct\/"]}]},{"@type":"ImageObject","inLanguage":"lv-LV","@id":"https:\/\/fashiongold.lt\/lv\/papuosalas\/dimanta-dzeltenais-pavediens-dzeltena-zelta-auskari-ar-dimantiem-005-ct\/#primaryimage","url":"https:\/\/fashiongold.lt\/wp-content\/uploads\/2025\/10\/3657-c9a-Deimantinis-geltonas-siulas-geltono-aukso-auskarai-su-deimantais.jpg","contentUrl":"https:\/\/fashiongold.lt\/wp-content\/uploads\/2025\/10\/3657-c9a-Deimantinis-geltonas-siulas-geltono-aukso-auskarai-su-deimantais.jpg","width":1000,"height":1000},{"@type":"BreadcrumbList","@id":"https:\/\/fashiongold.lt\/lv\/papuosalas\/dimanta-dzeltenais-pavediens-dzeltena-zelta-auskari-ar-dimantiem-005-ct\/#breadcrumb","itemListElement":[{"@type":"ListItem","position":1,"name":"Home","item":"https:\/\/fashiongold.lt\/lv\/"},{"@type":"ListItem","position":2,"name":"Dimantu veikals Fashiongold.lt","item":"https:\/\/fashiongold.lt\/shop-2\/"},{"@type":"ListItem","position":3,"name":"Dimanta dzeltenais pavediens \u2013 dzelten\u0101 zelta auskari ar dimantiem (0,05 ct)"}]},{"@type":"WebSite","@id":"https:\/\/fashiongold.lt\/lv\/#website","url":"https:\/\/fashiongold.lt\/lv\/","name":"Fashion Gold","description":"Juvelyrikos namai","publisher":{"@id":"https:\/\/fashiongold.lt\/lv\/#organization"},"potentialAction":[{"@type":"SearchAction","target":{"@type":"EntryPoint","urlTemplate":"https:\/\/fashiongold.lt\/lv\/?s={search_term_string}"},"query-input":{"@type":"PropertyValueSpecification","valueRequired":true,"valueName":"search_term_string"}}],"inLanguage":"lv-LV"},{"@type":"Organization","@id":"https:\/\/fashiongold.lt\/lv\/#organization","name":"Topdiamonds Online","url":"https:\/\/fashiongold.lt\/lv\/","logo":{"@type":"ImageObject","inLanguage":"lv-LV","@id":"https:\/\/fashiongold.lt\/lv\/#\/schema\/logo\/image\/","url":"https:\/\/fashiongold.lt\/wp-content\/uploads\/2025\/04\/cropped-fashion_gold_logotipas2-scaled-1.png","contentUrl":"https:\/\/fashiongold.lt\/wp-content\/uploads\/2025\/04\/cropped-fashion_gold_logotipas2-scaled-1.png","width":2559,"height":421,"caption":"Topdiamonds Online"},"image":{"@id":"https:\/\/fashiongold.lt\/lv\/#\/schema\/logo\/image\/"}}]}},"_links":{"self":[{"href":"https:\/\/fashiongold.lt\/lv\/wp-json\/wp\/v2\/product\/289864","targetHints":{"allow":["GET"]}}],"collection":[{"href":"https:\/\/fashiongold.lt\/lv\/wp-json\/wp\/v2\/product"}],"about":[{"href":"https:\/\/fashiongold.lt\/lv\/wp-json\/wp\/v2\/types\/product"}],"version-history":[{"count":0,"href":"https:\/\/fashiongold.lt\/lv\/wp-json\/wp\/v2\/product\/289864\/revisions"}],"wp:featuredmedia":[{"embeddable":true,"href":"https:\/\/fashiongold.lt\/lv\/wp-json\/wp\/v2\/media\/68252"}],"wp:attachment":[{"href":"https:\/\/fashiongold.lt\/lv\/wp-json\/wp\/v2\/media?parent=289864"}],"wp:term":[{"taxonomy":"product_brand","embeddable":true,"href":"https:\/\/fashiongold.lt\/lv\/wp-json\/wp\/v2\/product_brand?post=289864"},{"taxonomy":"product_cat","embeddable":true,"href":"https:\/\/fashiongold.lt\/lv\/wp-json\/wp\/v2\/product_cat?post=289864"},{"taxonomy":"product_tag","embeddable":true,"href":"https:\/\/fashiongold.lt\/lv\/wp-json\/wp\/v2\/product_tag?post=289864"}],"curies":[{"name":"wp","href":"https:\/\/api.w.org\/{rel}","templated":true}]}}