{"id":289949,"date":"2025-10-09T20:29:57","date_gmt":"2025-10-09T20:29:57","guid":{"rendered":"https:\/\/fashiongold.lt\/papuosalas\/050-ct-dimants-krasa-f-dzidrums-si1-apzilbinoss-balta-sarma-dimants\/"},"modified":"2025-10-09T20:29:57","modified_gmt":"2025-10-09T20:29:57","slug":"050-ct-dimants-krasa-f-dzidrums-si1-apzilbinoss-balta-sarma-dimants","status":"publish","type":"product","link":"https:\/\/fashiongold.lt\/lv\/papuosalas\/050-ct-dimants-krasa-f-dzidrums-si1-apzilbinoss-balta-sarma-dimants\/","title":{"rendered":"0,50 ct dimants Kr\u0101sa F Dzidrums SI1 Ap\u017eilbino\u0161s balt\u0101 \u0161arma dimants"},"content":{"rendered":"<p class=\"MsoNormal\" style=\"margin: 0cm; font-size: 12pt; font-family: 'Times New Roman', serif;\"><o:p><\/o:p><\/p>\n<p class=\"MsoNormal\" style=\"margin: 0cm; font-size: 12pt; font-family: 'Times New Roman', serif;\"><span style=\"font-size: 12pt; background: #f7f7f8;\">\u0160is satrieco\u0161ais balt\u0101 \u0161arma dimants atspogu\u013co eleganci un ekskluzivit\u0101ti, kas piesaist\u012bs j\u016bsu uzman\u012bbu. T\u0101 greznais mirdzums un nevainojam\u0101 <\/span><span lang=\"LV\" style=\"font-size: 12pt; background: #f7f7f8;\">kr\u0101sa<\/span><span style=\"font-size: 12pt; background: #f7f7f8;\"> apbur acis un atst\u0101j nep\u0101rsp\u0113jamu iespaidu. 0,50 ct dimants ar F kr\u0101su un SI1 dzidrumu ir k\u0101 nosl\u0113pumaina grezn\u012bbas vara, kas atkl\u0101j j\u016bsu unikalit\u0101ti. Ar \u0161o satrieco\u0161o balt\u0101 \u0161arma dimantu j\u016bs varat <\/span><span lang=\"LV\" style=\"font-size: 12pt; background: #f7f7f8;\">baud\u012bt <\/span><span style=\"font-size: 12pt; background: #f7f7f8;\">nosl\u0113pumaino zelta t\u012brrad\u0146a pasauli, kas \u013cauj jums izcelties no p\u016b\u013ca. \u013baujiet \u0161im dimantam past\u0101st\u012bt savu unik\u0101lo st\u0101stu un pievienot grezn\u012bbu j\u016bsu dz\u012bvei.<\/span><\/p>\n<p class=\"MsoNormal\" style=\"margin: 0cm; font-size: 12pt; font-family: 'Times New Roman', serif;\"><span style=\"background-color: #fbfbfb; color: #333333; font-family: Nunito; font-size: 18px; text-transform: uppercase;\"><\/span><\/p>\n<p class=\"MsoNormal\" style=\"margin: 0cm; font-size: 12pt; font-family: 'Times New Roman', serif;\"><span style=\"background-color: #fbfbfb; color: #333333; font-family: Nunito; font-size: 18px; text-transform: uppercase;\">INFORM\u0100CIJA PAR DIMANTU:<\/span><\/p>\n<ul style=\"box-sizing: border-box; margin: 0px 0px 10px; list-style-position: inside; list-style-image: initial; padding: 0px; color: #333333; font-size: 15px;\">\n<li style=\"font-family: Nunito; background-color: #fbfbfb; box-sizing: border-box;\">Akmens: Dab\u012bgs dimants (Briljants)<\/li>\n<li style=\"font-family: Nunito; background-color: #fbfbfb; box-sizing: border-box;\">Dimanta forma: Apa\u013ca (57 \u0161\u0137autnes)<\/li>\n<li style=\"font-family: Nunito; background-color: #fbfbfb; box-sizing: border-box;\">Dimanta svars: 0,50 ct <\/li>\n<li style=\"font-family: Nunito; background-color: #fbfbfb; box-sizing: border-box;\">Dimanta izm\u0113rs: 4.91-4.99&#215;3.17<\/li>\n<li style=\"font-family: Nunito; background-color: #fbfbfb; box-sizing: border-box;\"><span style=\"font-family: Nunito;\"><span style=\"background-color: #fbfbfb;\">Dimanta kr\u0101sa: F ( RW+ Rare white)<\/span><\/span><span style=\"font-family: Arial, Helvetica, Comic Sans MS, Trebuchet MS, Georgia, FreeSans, sans-serif;\"><span style=\"background-color: #ffffff;\"> (<\/span><\/span>izcili balta)<\/li>\n<li style=\"font-family: Nunito; background-color: #fbfbfb; box-sizing: border-box;\">Dimanta dzidrums: SI1 (Iesl\u0113gumi labi redzami 10-k\u0101rt\u012bg\u0101 palielin\u0101jum\u0101. Ar neapbru\u0146otu aci iesl\u0113gumus paman\u012bt ir \u013coti sare\u017e\u0123\u012bti)<\/li>\n<li style=\"font-family: Nunito; background-color: #fbfbfb; box-sizing: border-box;\">Sertifik\u0101ts (laboratorija): GIA<\/li>\n<li style=\"font-family: Nunito; background-color: #fbfbfb; box-sizing: border-box;\">Dimanta apstr\u0101de Sl\u012bp\u0113jums\/Simetrija\/Pul\u0113jums : VG-G-VG<\/li>\n<li style=\"font-family: Nunito; background-color: #fbfbfb; box-sizing: border-box;\">Dimanta fluorescence: FNT<\/li>\n<li style=\"font-family: Nunito; background-color: #fbfbfb; box-sizing: border-box;\">Bezmaksas iepakojums.<\/li>\n<\/ul>\n","protected":false},"excerpt":{"rendered":"<p class=\"MsoNormal\" style=\"margin: 0cm; font-size: 12pt; font-family: 'Times New Roman', serif;\"><span style=\"background: #f7f7f8;\">Izsmalcin\u0101ta <\/span><span lang=\"LT\" style=\"background: #f7f7f8;\">b<\/span><span style=\"background: #f7f7f8;\">alt\u0101 <\/span><span lang=\"LT\" style=\"background: #f7f7f8;\">v<\/span><span style=\"background: #f7f7f8;\">aldzin\u0101juma: 0,50 ct F <\/span><span lang=\"LT\" style=\"background: #f7f7f8;\">k<\/span><span style=\"background: #f7f7f8;\">r\u0101sas <\/span><span lang=\"LT\" style=\"background: #f7f7f8;\">d<\/span><span style=\"background: #f7f7f8;\">imants ar <\/span><span lang=\"LT\" style=\"background: #f7f7f8;\">dz<\/span><span style=\"background: #f7f7f8;\">idrumu SI1 \u2013 <\/span><span lang=\"LT\" style=\"background: #f7f7f8;\">p<\/span><span style=\"background: #f7f7f8;\">ievienojieties <\/span><span lang=\"LT\" style=\"background: #f7f7f8;\">s<\/span><span style=\"background: #f7f7f8;\">atrieco\u0161ai <\/span><span lang=\"LT\" style=\"background: #f7f7f8;\">g<\/span><span style=\"background: #f7f7f8;\">rezn\u012bbai un <\/span><span lang=\"LT\" style=\"background: #f7f7f8;\">e<\/span><span style=\"background: #f7f7f8;\">legancei<\/span><o:p><\/o:p><\/p>\n","protected":false},"featured_media":67827,"template":"","meta":{"site-sidebar-layout":"","site-content-layout":"","ast-site-content-layout":"","site-content-style":"","site-sidebar-style":"","ast-global-header-display":"","ast-banner-title-visibility":"","ast-main-header-display":"","ast-hfb-above-header-display":"","ast-hfb-below-header-display":"","ast-hfb-mobile-header-display":"","site-post-title":"","ast-breadcrumbs-content":"","ast-featured-img":"","footer-sml-layout":"","ast-disable-related-posts":"","theme-transparent-header-meta":"","adv-header-id-meta":"","stick-header-meta":"","header-above-stick-meta":"","header-main-stick-meta":"","header-below-stick-meta":"","astra-migrate-meta-layouts":"default","ast-page-background-enabled":"default","ast-page-background-meta":{"desktop":{"background-color":"var(--ast-global-color-4)","background-image":"","background-repeat":"repeat","background-position":"center center","background-size":"auto","background-attachment":"scroll","background-type":"","background-media":"","overlay-type":"","overlay-color":"","overlay-opacity":"","overlay-gradient":""},"tablet":{"background-color":"","background-image":"","background-repeat":"repeat","background-position":"center center","background-size":"auto","background-attachment":"scroll","background-type":"","background-media":"","overlay-type":"","overlay-color":"","overlay-opacity":"","overlay-gradient":""},"mobile":{"background-color":"","background-image":"","background-repeat":"repeat","background-position":"center center","background-size":"auto","background-attachment":"scroll","background-type":"","background-media":"","overlay-type":"","overlay-color":"","overlay-opacity":"","overlay-gradient":""}},"ast-content-background-meta":{"desktop":{"background-color":"var(--ast-global-color-5)","background-image":"","background-repeat":"repeat","background-position":"center center","background-size":"auto","background-attachment":"scroll","background-type":"","background-media":"","overlay-type":"","overlay-color":"","overlay-opacity":"","overlay-gradient":""},"tablet":{"background-color":"var(--ast-global-color-5)","background-image":"","background-repeat":"repeat","background-position":"center center","background-size":"auto","background-attachment":"scroll","background-type":"","background-media":"","overlay-type":"","overlay-color":"","overlay-opacity":"","overlay-gradient":""},"mobile":{"background-color":"var(--ast-global-color-5)","background-image":"","background-repeat":"repeat","background-position":"center center","background-size":"auto","background-attachment":"scroll","background-type":"","background-media":"","overlay-type":"","overlay-color":"","overlay-opacity":"","overlay-gradient":""}}},"product_brand":[],"product_cat":[2915,2913,2921,2920,3403,2916,2914,2917,3401,2922,2936,2918],"product_tag":[],"class_list":{"0":"post-289949","1":"product","2":"type-product","3":"status-publish","4":"has-post-thumbnail","6":"product_cat-davanas-berna-piedzimsanai","7":"product_cat-davanas-dzimsanas-diena","8":"product_cat-davanas-ipasiem-gadijumiem","9":"product_cat-davanas-izlaidumam","10":"product_cat-davanas-kazam","11":"product_cat-davanas-kazu-gadadiena","12":"product_cat-davanas-sievietem","13":"product_cat-davanas-viriesiem","14":"product_cat-kristibu-davanas","15":"product_cat-mates-dienas-davanas","16":"product_cat-valentindienas-davanas","17":"product_cat-ziemassvetku-davanas","18":"desktop-align-center","19":"tablet-align-left","20":"mobile-align-left","21":"ast-product-gallery-layout-horizontal-slider","22":"ast-product-gallery-with-no-image","23":"ast-product-tabs-layout-accordion","24":"ast-qv-on-image","26":"first","27":"instock","28":"taxable","29":"shipping-taxable","30":"purchasable","31":"product-type-simple"},"yoast_head":"<!-- This site is optimized with the Yoast SEO plugin v26.6 - https:\/\/yoast.com\/wordpress\/plugins\/seo\/ -->\n<title>0,50 ct dimants Kr\u0101sa F Dzidrums SI1 Ap\u017eilbino\u0161s balt\u0101 \u0161arma dimants - FashionGold.lt<\/title>\n<meta name=\"robots\" content=\"index, follow, max-snippet:-1, max-image-preview:large, max-video-preview:-1\" \/>\n<link rel=\"canonical\" href=\"https:\/\/fashiongold.lt\/lv\/papuosalas\/050-ct-dimants-krasa-f-dzidrums-si1-apzilbinoss-balta-sarma-dimants\/\" \/>\n<meta property=\"og:locale\" content=\"lv_LV\" \/>\n<meta property=\"og:type\" content=\"article\" \/>\n<meta property=\"og:title\" content=\"0,50 ct dimants Kr\u0101sa F Dzidrums SI1 Ap\u017eilbino\u0161s balt\u0101 \u0161arma dimants - FashionGold.lt\" \/>\n<meta property=\"og:description\" content=\"Izsmalcin\u0101ta balt\u0101 valdzin\u0101juma: 0,50 ct F kr\u0101sas dimants ar dzidrumu SI1 \u2013 pievienojieties satrieco\u0161ai grezn\u012bbai un elegancei\" \/>\n<meta property=\"og:url\" content=\"https:\/\/fashiongold.lt\/lv\/papuosalas\/050-ct-dimants-krasa-f-dzidrums-si1-apzilbinoss-balta-sarma-dimants\/\" \/>\n<meta property=\"og:site_name\" content=\"FashionGold.lt\" \/>\n<meta property=\"og:image\" content=\"https:\/\/fashiongold.lt\/wp-content\/uploads\/2025\/10\/3490-9d6-050-ct-deimantas-Spalvos-F-Svarumu-SI1.webp\" \/>\n\t<meta property=\"og:image:width\" content=\"513\" \/>\n\t<meta property=\"og:image:height\" content=\"461\" \/>\n\t<meta property=\"og:image:type\" content=\"image\/png\" \/>\n<meta name=\"twitter:card\" content=\"summary_large_image\" \/>\n<meta name=\"twitter:label1\" content=\"Est. reading time\" \/>\n\t<meta name=\"twitter:data1\" content=\"1 minute\" \/>\n<script type=\"application\/ld+json\" class=\"yoast-schema-graph\">{\"@context\":\"https:\/\/schema.org\",\"@graph\":[{\"@type\":\"WebPage\",\"@id\":\"https:\/\/fashiongold.lt\/lv\/papuosalas\/050-ct-dimants-krasa-f-dzidrums-si1-apzilbinoss-balta-sarma-dimants\/\",\"url\":\"https:\/\/fashiongold.lt\/lv\/papuosalas\/050-ct-dimants-krasa-f-dzidrums-si1-apzilbinoss-balta-sarma-dimants\/\",\"name\":\"0,50 ct dimants Kr\u0101sa F Dzidrums SI1 Ap\u017eilbino\u0161s balt\u0101 \u0161arma dimants - FashionGold.lt\",\"isPartOf\":{\"@id\":\"https:\/\/fashiongold.lt\/lv\/#website\"},\"primaryImageOfPage\":{\"@id\":\"https:\/\/fashiongold.lt\/lv\/papuosalas\/050-ct-dimants-krasa-f-dzidrums-si1-apzilbinoss-balta-sarma-dimants\/#primaryimage\"},\"image\":{\"@id\":\"https:\/\/fashiongold.lt\/lv\/papuosalas\/050-ct-dimants-krasa-f-dzidrums-si1-apzilbinoss-balta-sarma-dimants\/#primaryimage\"},\"thumbnailUrl\":\"https:\/\/fashiongold.lt\/wp-content\/uploads\/2025\/10\/3490-9d6-050-ct-deimantas-Spalvos-F-Svarumu-SI1.png\",\"datePublished\":\"2025-10-09T20:29:57+00:00\",\"breadcrumb\":{\"@id\":\"https:\/\/fashiongold.lt\/lv\/papuosalas\/050-ct-dimants-krasa-f-dzidrums-si1-apzilbinoss-balta-sarma-dimants\/#breadcrumb\"},\"inLanguage\":\"lv-LV\",\"potentialAction\":[{\"@type\":\"ReadAction\",\"target\":[\"https:\/\/fashiongold.lt\/lv\/papuosalas\/050-ct-dimants-krasa-f-dzidrums-si1-apzilbinoss-balta-sarma-dimants\/\"]}]},{\"@type\":\"ImageObject\",\"inLanguage\":\"lv-LV\",\"@id\":\"https:\/\/fashiongold.lt\/lv\/papuosalas\/050-ct-dimants-krasa-f-dzidrums-si1-apzilbinoss-balta-sarma-dimants\/#primaryimage\",\"url\":\"https:\/\/fashiongold.lt\/wp-content\/uploads\/2025\/10\/3490-9d6-050-ct-deimantas-Spalvos-F-Svarumu-SI1.png\",\"contentUrl\":\"https:\/\/fashiongold.lt\/wp-content\/uploads\/2025\/10\/3490-9d6-050-ct-deimantas-Spalvos-F-Svarumu-SI1.png\",\"width\":513,\"height\":461},{\"@type\":\"BreadcrumbList\",\"@id\":\"https:\/\/fashiongold.lt\/lv\/papuosalas\/050-ct-dimants-krasa-f-dzidrums-si1-apzilbinoss-balta-sarma-dimants\/#breadcrumb\",\"itemListElement\":[{\"@type\":\"ListItem\",\"position\":1,\"name\":\"Home\",\"item\":\"https:\/\/fashiongold.lt\/lv\/\"},{\"@type\":\"ListItem\",\"position\":2,\"name\":\"Dimantu veikals Fashiongold.lt\",\"item\":\"https:\/\/fashiongold.lt\/shop-2\/\"},{\"@type\":\"ListItem\",\"position\":3,\"name\":\"0,50 ct dimants Kr\u0101sa F Dzidrums SI1 Ap\u017eilbino\u0161s balt\u0101 \u0161arma dimants\"}]},{\"@type\":\"WebSite\",\"@id\":\"https:\/\/fashiongold.lt\/lv\/#website\",\"url\":\"https:\/\/fashiongold.lt\/lv\/\",\"name\":\"Fashion Gold\",\"description\":\"Juvelyrikos namai\",\"publisher\":{\"@id\":\"https:\/\/fashiongold.lt\/lv\/#organization\"},\"potentialAction\":[{\"@type\":\"SearchAction\",\"target\":{\"@type\":\"EntryPoint\",\"urlTemplate\":\"https:\/\/fashiongold.lt\/lv\/?s={search_term_string}\"},\"query-input\":{\"@type\":\"PropertyValueSpecification\",\"valueRequired\":true,\"valueName\":\"search_term_string\"}}],\"inLanguage\":\"lv-LV\"},{\"@type\":\"Organization\",\"@id\":\"https:\/\/fashiongold.lt\/lv\/#organization\",\"name\":\"Topdiamonds Online\",\"url\":\"https:\/\/fashiongold.lt\/lv\/\",\"logo\":{\"@type\":\"ImageObject\",\"inLanguage\":\"lv-LV\",\"@id\":\"https:\/\/fashiongold.lt\/lv\/#\/schema\/logo\/image\/\",\"url\":\"https:\/\/fashiongold.lt\/wp-content\/uploads\/2025\/04\/cropped-fashion_gold_logotipas2-scaled-1.png\",\"contentUrl\":\"https:\/\/fashiongold.lt\/wp-content\/uploads\/2025\/04\/cropped-fashion_gold_logotipas2-scaled-1.png\",\"width\":2559,\"height\":421,\"caption\":\"Topdiamonds Online\"},\"image\":{\"@id\":\"https:\/\/fashiongold.lt\/lv\/#\/schema\/logo\/image\/\"}}]}<\/script>\n<!-- \/ Yoast SEO plugin. -->","yoast_head_json":{"title":"0,50 ct dimants Kr\u0101sa F Dzidrums SI1 Ap\u017eilbino\u0161s balt\u0101 \u0161arma dimants - FashionGold.lt","robots":{"index":"index","follow":"follow","max-snippet":"max-snippet:-1","max-image-preview":"max-image-preview:large","max-video-preview":"max-video-preview:-1"},"canonical":"https:\/\/fashiongold.lt\/lv\/papuosalas\/050-ct-dimants-krasa-f-dzidrums-si1-apzilbinoss-balta-sarma-dimants\/","og_locale":"lv_LV","og_type":"article","og_title":"0,50 ct dimants Kr\u0101sa F Dzidrums SI1 Ap\u017eilbino\u0161s balt\u0101 \u0161arma dimants - FashionGold.lt","og_description":"Izsmalcin\u0101ta balt\u0101 valdzin\u0101juma: 0,50 ct F kr\u0101sas dimants ar dzidrumu SI1 \u2013 pievienojieties satrieco\u0161ai grezn\u012bbai un elegancei","og_url":"https:\/\/fashiongold.lt\/lv\/papuosalas\/050-ct-dimants-krasa-f-dzidrums-si1-apzilbinoss-balta-sarma-dimants\/","og_site_name":"FashionGold.lt","og_image":[{"width":513,"height":461,"url":"https:\/\/fashiongold.lt\/wp-content\/uploads\/2025\/10\/3490-9d6-050-ct-deimantas-Spalvos-F-Svarumu-SI1.webp","type":"image\/png"}],"twitter_card":"summary_large_image","twitter_misc":{"Est. reading time":"1 minute"},"schema":{"@context":"https:\/\/schema.org","@graph":[{"@type":"WebPage","@id":"https:\/\/fashiongold.lt\/lv\/papuosalas\/050-ct-dimants-krasa-f-dzidrums-si1-apzilbinoss-balta-sarma-dimants\/","url":"https:\/\/fashiongold.lt\/lv\/papuosalas\/050-ct-dimants-krasa-f-dzidrums-si1-apzilbinoss-balta-sarma-dimants\/","name":"0,50 ct dimants Kr\u0101sa F Dzidrums SI1 Ap\u017eilbino\u0161s balt\u0101 \u0161arma dimants - FashionGold.lt","isPartOf":{"@id":"https:\/\/fashiongold.lt\/lv\/#website"},"primaryImageOfPage":{"@id":"https:\/\/fashiongold.lt\/lv\/papuosalas\/050-ct-dimants-krasa-f-dzidrums-si1-apzilbinoss-balta-sarma-dimants\/#primaryimage"},"image":{"@id":"https:\/\/fashiongold.lt\/lv\/papuosalas\/050-ct-dimants-krasa-f-dzidrums-si1-apzilbinoss-balta-sarma-dimants\/#primaryimage"},"thumbnailUrl":"https:\/\/fashiongold.lt\/wp-content\/uploads\/2025\/10\/3490-9d6-050-ct-deimantas-Spalvos-F-Svarumu-SI1.png","datePublished":"2025-10-09T20:29:57+00:00","breadcrumb":{"@id":"https:\/\/fashiongold.lt\/lv\/papuosalas\/050-ct-dimants-krasa-f-dzidrums-si1-apzilbinoss-balta-sarma-dimants\/#breadcrumb"},"inLanguage":"lv-LV","potentialAction":[{"@type":"ReadAction","target":["https:\/\/fashiongold.lt\/lv\/papuosalas\/050-ct-dimants-krasa-f-dzidrums-si1-apzilbinoss-balta-sarma-dimants\/"]}]},{"@type":"ImageObject","inLanguage":"lv-LV","@id":"https:\/\/fashiongold.lt\/lv\/papuosalas\/050-ct-dimants-krasa-f-dzidrums-si1-apzilbinoss-balta-sarma-dimants\/#primaryimage","url":"https:\/\/fashiongold.lt\/wp-content\/uploads\/2025\/10\/3490-9d6-050-ct-deimantas-Spalvos-F-Svarumu-SI1.png","contentUrl":"https:\/\/fashiongold.lt\/wp-content\/uploads\/2025\/10\/3490-9d6-050-ct-deimantas-Spalvos-F-Svarumu-SI1.png","width":513,"height":461},{"@type":"BreadcrumbList","@id":"https:\/\/fashiongold.lt\/lv\/papuosalas\/050-ct-dimants-krasa-f-dzidrums-si1-apzilbinoss-balta-sarma-dimants\/#breadcrumb","itemListElement":[{"@type":"ListItem","position":1,"name":"Home","item":"https:\/\/fashiongold.lt\/lv\/"},{"@type":"ListItem","position":2,"name":"Dimantu veikals Fashiongold.lt","item":"https:\/\/fashiongold.lt\/shop-2\/"},{"@type":"ListItem","position":3,"name":"0,50 ct dimants Kr\u0101sa F Dzidrums SI1 Ap\u017eilbino\u0161s balt\u0101 \u0161arma dimants"}]},{"@type":"WebSite","@id":"https:\/\/fashiongold.lt\/lv\/#website","url":"https:\/\/fashiongold.lt\/lv\/","name":"Fashion Gold","description":"Juvelyrikos namai","publisher":{"@id":"https:\/\/fashiongold.lt\/lv\/#organization"},"potentialAction":[{"@type":"SearchAction","target":{"@type":"EntryPoint","urlTemplate":"https:\/\/fashiongold.lt\/lv\/?s={search_term_string}"},"query-input":{"@type":"PropertyValueSpecification","valueRequired":true,"valueName":"search_term_string"}}],"inLanguage":"lv-LV"},{"@type":"Organization","@id":"https:\/\/fashiongold.lt\/lv\/#organization","name":"Topdiamonds Online","url":"https:\/\/fashiongold.lt\/lv\/","logo":{"@type":"ImageObject","inLanguage":"lv-LV","@id":"https:\/\/fashiongold.lt\/lv\/#\/schema\/logo\/image\/","url":"https:\/\/fashiongold.lt\/wp-content\/uploads\/2025\/04\/cropped-fashion_gold_logotipas2-scaled-1.png","contentUrl":"https:\/\/fashiongold.lt\/wp-content\/uploads\/2025\/04\/cropped-fashion_gold_logotipas2-scaled-1.png","width":2559,"height":421,"caption":"Topdiamonds Online"},"image":{"@id":"https:\/\/fashiongold.lt\/lv\/#\/schema\/logo\/image\/"}}]}},"_links":{"self":[{"href":"https:\/\/fashiongold.lt\/lv\/wp-json\/wp\/v2\/product\/289949","targetHints":{"allow":["GET"]}}],"collection":[{"href":"https:\/\/fashiongold.lt\/lv\/wp-json\/wp\/v2\/product"}],"about":[{"href":"https:\/\/fashiongold.lt\/lv\/wp-json\/wp\/v2\/types\/product"}],"version-history":[{"count":0,"href":"https:\/\/fashiongold.lt\/lv\/wp-json\/wp\/v2\/product\/289949\/revisions"}],"wp:featuredmedia":[{"embeddable":true,"href":"https:\/\/fashiongold.lt\/lv\/wp-json\/wp\/v2\/media\/67827"}],"wp:attachment":[{"href":"https:\/\/fashiongold.lt\/lv\/wp-json\/wp\/v2\/media?parent=289949"}],"wp:term":[{"taxonomy":"product_brand","embeddable":true,"href":"https:\/\/fashiongold.lt\/lv\/wp-json\/wp\/v2\/product_brand?post=289949"},{"taxonomy":"product_cat","embeddable":true,"href":"https:\/\/fashiongold.lt\/lv\/wp-json\/wp\/v2\/product_cat?post=289949"},{"taxonomy":"product_tag","embeddable":true,"href":"https:\/\/fashiongold.lt\/lv\/wp-json\/wp\/v2\/product_tag?post=289949"}],"curies":[{"name":"wp","href":"https:\/\/api.w.org\/{rel}","templated":true}]}}