{"id":289954,"date":"2025-10-09T20:29:57","date_gmt":"2025-10-09T20:29:57","guid":{"rendered":"https:\/\/fashiongold.lt\/papuosalas\/050-ct-dimants-krasa-f-dzidrums-si2-balta-noslepums\/"},"modified":"2025-10-09T20:29:57","modified_gmt":"2025-10-09T20:29:57","slug":"050-ct-dimants-krasa-f-dzidrums-si2-balta-noslepums","status":"publish","type":"product","link":"https:\/\/fashiongold.lt\/lv\/papuosalas\/050-ct-dimants-krasa-f-dzidrums-si2-balta-noslepums\/","title":{"rendered":"0,50 ct dimants Kr\u0101sa F Dzidrums SI2 Balt\u0101 Nosl\u0113pums"},"content":{"rendered":"<p class=\"MsoNormal\" style=\"margin: 0cm; font-size: 12pt; font-family: 'Times New Roman', serif;\"><span style=\"background: #f7f7f8;\">\u013baujiet <\/span><span lang=\"LT\" style=\"background: #f7f7f8;\">\u201e<\/span><span style=\"background: #f7f7f8;\">Balt\u0101 nosl\u0113puma<\/span><span lang=\"LT\" style=\"background: #f7f7f8;\">\u201c<\/span><span style=\"background: #f7f7f8;\"> 0,50 ct dimantam ar izcili baltu kr\u0101su F un t\u012br\u012bbu SI2 ierun\u0101ties un atkl\u0101t savu \u0161armu. \u0160is akmens ne tikai aizrauj ar savu izcilo baltuma skaistumu, bet ar\u012b rada interesi ar SI2 t\u012br\u012bbu. Unikalit\u0101te un satrieco\u0161a elegance k\u013c\u016bst paman\u0101ma pat ar neapbru\u0146otu aci. <\/span><span lang=\"LT\" style=\"background: #f7f7f8;\">\u201e<\/span><span style=\"background: #f7f7f8;\">Baltais nosl\u0113pums<\/span><span lang=\"LT\" style=\"background: #f7f7f8;\">\u201c<\/span><span style=\"background: #f7f7f8;\"> aicina j\u016bsu dz\u012bv\u0113 atkl\u0101t \u012bpa\u0161o baltuma \u0161armu, kas piesaist\u012bs uzman\u012bbu un rad\u012bs neatk\u0101rtojamus mirk\u013cus. Ar \u0161o 0,50 ct dimantu ar izcili baltu kr\u0101su F un t\u012br\u012bbu SI2 j\u016bs piedz\u012bvosiet neparastu grezn\u012bbu un nosl\u0113pumain\u012bbu, kas izce\u013c j\u016bsu unikalit\u0101ti. \u013baujiet &#8220;Baltajam nosl\u0113pumam&#8221; jums past\u0101st\u012bt st\u0101stu par \u012bpa\u0161o un skaistumu, kur\u0101 var sl\u0113pties ma\u0123ija.<\/span><o:p><\/o:p><\/p>\n<p><span style=\"background-color: #fbfbfb; color: #333333; font-family: Nunito; font-size: 18px; text-transform: uppercase;\">INFORM\u0100CIJA PAR DIMANTU:<\/span><\/p>\n<ul style=\"box-sizing: border-box; margin: 0px 0px 10px; list-style-position: inside; list-style-image: initial; padding: 0px; color: #333333; font-size: 15px;\">\n<li style=\"font-family: Nunito; background-color: #fbfbfb; box-sizing: border-box;\">Akmens: Dab\u012bgs dimants (Briljants)<\/li>\n<li style=\"font-family: Nunito; background-color: #fbfbfb; box-sizing: border-box;\">Dimanta forma: Apa\u013ca (57 \u0161\u0137autnes)<\/li>\n<li style=\"font-family: Nunito; background-color: #fbfbfb; box-sizing: border-box;\">Dimanta svars: 0,50 ct <\/li>\n<li style=\"font-family: Nunito; background-color: #fbfbfb; box-sizing: border-box;\">Dimanta izm\u0113rs: 5.08-5.15&#215;2.96<\/li>\n<li style=\"font-family: Nunito; background-color: #fbfbfb; box-sizing: border-box;\"><span style=\"font-family: Nunito;\"><span style=\"background-color: #fbfbfb;\">Dimanta kr\u0101sa: F ( RW+ Rare white)<\/span><\/span><span style=\"font-family: Arial, Helvetica, Comic Sans MS, Trebuchet MS, Georgia, FreeSans, sans-serif;\"><span style=\"background-color: #ffffff;\"> (<\/span><\/span>izcili balta)<\/li>\n<li style=\"font-family: Nunito; background-color: #fbfbfb; box-sizing: border-box;\">Dimanta t\u012br\u012bba: SI2 (Iesl\u0113gumi labi redzami 10-k\u0101rt\u012bg\u0101 palielin\u0101jum\u0101. Ar neapbru\u0146otu aci iesl\u0113gumus saskat\u012bt ir gr\u016bti)<\/li>\n<li style=\"font-family: Nunito; background-color: #fbfbfb; box-sizing: border-box;\">Sertifik\u0101ts (laboratorija): GIA<\/li>\n<li style=\"font-family: Nunito; background-color: #fbfbfb; box-sizing: border-box;\">Dimanta apstr\u0101de Sl\u012bp\u0113jums\/Simetrija\/Pul\u0113jums : VG-G-EX <\/li>\n<li style=\"font-family: Nunito; background-color: #fbfbfb; box-sizing: border-box;\">Dimanta fluorescence: NON<\/li>\n<li style=\"font-family: Nunito; background-color: #fbfbfb; box-sizing: border-box;\">Bezmaksas iepakojums.<\/li>\n<\/ul>\n","protected":false},"excerpt":{"rendered":"<p class=\"MsoNormal\" style=\"margin: 0cm; font-size: 12pt; font-family: 'Times New Roman', serif;\"><span style=\"background: #f7f7f8;\">Ieskatieties \u0161aj\u0101 ekskluz\u012bvaj\u0101 <\/span><span lang=\"LT\" style=\"background: #f7f7f8;\"> <\/span><span style=\"background: #f7f7f8;\">&#8211; 0,50 ct dimant<\/span><span lang=\"LT\" style=\"background: #f7f7f8;\">\u0101<\/span><span style=\"background: #f7f7f8;\">, kas apbur ar izciliem baltas kr\u0101sas to\u0146iem F un t\u012br\u012bbu SI2. \u0160is akmens atkl\u0101j neatk\u0101rtojamu grezn\u012bbu, ko var redz\u0113t pat ar neapbru\u0146otu aci. <\/span><span lang=\"LT\" style=\"background: #f7f7f8;\">\u201c<\/span><span style=\"background: #f7f7f8;\">Baltais nosl\u0113pums<\/span><span lang=\"LT\" style=\"background: #f7f7f8;\">\u201d<\/span><span style=\"background: #f7f7f8;\"> sola satrieco\u0161u gaismas sp\u0113li un neparastu eleganci, kas piesaista skatienus un iedvesmo br\u012bni\u0161\u0137\u012bgiem mirk\u013ciem. \u0160is 0,50 ct dimants ar izcili baltu kr\u0101su F un t\u012br\u012bbu SI2 ir grezn\u012bbas simbols, kas atkl\u0101j balt\u0101 skaistuma nosl\u0113pumaino \u0161armu. \u013baujiet \u201cBaltajam nosl\u0113pumam\u201d izst\u0101st\u012bt savu st\u0101stu un pie\u0161\u0137irt \u012bpa\u0161u noska\u0146u j\u016bsu dz\u012bvei.<\/span><o:p><\/o:p><\/p>\n","protected":false},"featured_media":67802,"template":"","meta":{"site-sidebar-layout":"","site-content-layout":"","ast-site-content-layout":"","site-content-style":"","site-sidebar-style":"","ast-global-header-display":"","ast-banner-title-visibility":"","ast-main-header-display":"","ast-hfb-above-header-display":"","ast-hfb-below-header-display":"","ast-hfb-mobile-header-display":"","site-post-title":"","ast-breadcrumbs-content":"","ast-featured-img":"","footer-sml-layout":"","ast-disable-related-posts":"","theme-transparent-header-meta":"","adv-header-id-meta":"","stick-header-meta":"","header-above-stick-meta":"","header-main-stick-meta":"","header-below-stick-meta":"","astra-migrate-meta-layouts":"default","ast-page-background-enabled":"default","ast-page-background-meta":{"desktop":{"background-color":"var(--ast-global-color-4)","background-image":"","background-repeat":"repeat","background-position":"center center","background-size":"auto","background-attachment":"scroll","background-type":"","background-media":"","overlay-type":"","overlay-color":"","overlay-opacity":"","overlay-gradient":""},"tablet":{"background-color":"","background-image":"","background-repeat":"repeat","background-position":"center center","background-size":"auto","background-attachment":"scroll","background-type":"","background-media":"","overlay-type":"","overlay-color":"","overlay-opacity":"","overlay-gradient":""},"mobile":{"background-color":"","background-image":"","background-repeat":"repeat","background-position":"center center","background-size":"auto","background-attachment":"scroll","background-type":"","background-media":"","overlay-type":"","overlay-color":"","overlay-opacity":"","overlay-gradient":""}},"ast-content-background-meta":{"desktop":{"background-color":"var(--ast-global-color-5)","background-image":"","background-repeat":"repeat","background-position":"center center","background-size":"auto","background-attachment":"scroll","background-type":"","background-media":"","overlay-type":"","overlay-color":"","overlay-opacity":"","overlay-gradient":""},"tablet":{"background-color":"var(--ast-global-color-5)","background-image":"","background-repeat":"repeat","background-position":"center center","background-size":"auto","background-attachment":"scroll","background-type":"","background-media":"","overlay-type":"","overlay-color":"","overlay-opacity":"","overlay-gradient":""},"mobile":{"background-color":"var(--ast-global-color-5)","background-image":"","background-repeat":"repeat","background-position":"center center","background-size":"auto","background-attachment":"scroll","background-type":"","background-media":"","overlay-type":"","overlay-color":"","overlay-opacity":"","overlay-gradient":""}}},"product_brand":[],"product_cat":[2915,2913,2921,2920,3403,2916,2914,2917,3401,2922,2936,2918],"product_tag":[],"class_list":{"0":"post-289954","1":"product","2":"type-product","3":"status-publish","4":"has-post-thumbnail","6":"product_cat-davanas-berna-piedzimsanai","7":"product_cat-davanas-dzimsanas-diena","8":"product_cat-davanas-ipasiem-gadijumiem","9":"product_cat-davanas-izlaidumam","10":"product_cat-davanas-kazam","11":"product_cat-davanas-kazu-gadadiena","12":"product_cat-davanas-sievietem","13":"product_cat-davanas-viriesiem","14":"product_cat-kristibu-davanas","15":"product_cat-mates-dienas-davanas","16":"product_cat-valentindienas-davanas","17":"product_cat-ziemassvetku-davanas","18":"desktop-align-center","19":"tablet-align-left","20":"mobile-align-left","21":"ast-product-gallery-layout-horizontal-slider","22":"ast-product-gallery-with-no-image","23":"ast-product-tabs-layout-accordion","24":"ast-qv-on-image","26":"first","27":"instock","28":"taxable","29":"shipping-taxable","30":"purchasable","31":"product-type-simple"},"yoast_head":"<!-- This site is optimized with the Yoast SEO plugin v26.6 - https:\/\/yoast.com\/wordpress\/plugins\/seo\/ -->\n<title>0,50 ct dimants Kr\u0101sa F Dzidrums SI2 Balt\u0101 Nosl\u0113pums - FashionGold.lt<\/title>\n<meta name=\"robots\" content=\"index, follow, max-snippet:-1, max-image-preview:large, max-video-preview:-1\" \/>\n<link rel=\"canonical\" href=\"https:\/\/fashiongold.lt\/lv\/papuosalas\/050-ct-dimants-krasa-f-dzidrums-si2-balta-noslepums\/\" \/>\n<meta property=\"og:locale\" content=\"lv_LV\" \/>\n<meta property=\"og:type\" content=\"article\" \/>\n<meta property=\"og:title\" content=\"0,50 ct dimants Kr\u0101sa F Dzidrums SI2 Balt\u0101 Nosl\u0113pums - FashionGold.lt\" \/>\n<meta property=\"og:description\" content=\"Ieskatieties \u0161aj\u0101 ekskluz\u012bvaj\u0101 - 0,50 ct dimant\u0101, kas apbur ar izciliem baltas kr\u0101sas to\u0146iem F un t\u012br\u012bbu SI2. \u0160is akmens atkl\u0101j neatk\u0101rtojamu grezn\u012bbu, ko var redz\u0113t pat ar neapbru\u0146otu aci. \u201cBaltais nosl\u0113pums\u201d sola satrieco\u0161u gaismas sp\u0113li un neparastu eleganci, kas piesaista skatienus un iedvesmo br\u012bni\u0161\u0137\u012bgiem mirk\u013ciem. \u0160is 0,50 ct dimants ar izcili baltu kr\u0101su F un t\u012br\u012bbu SI2 ir grezn\u012bbas simbols, kas atkl\u0101j balt\u0101 skaistuma nosl\u0113pumaino \u0161armu. \u013baujiet \u201cBaltajam nosl\u0113pumam\u201d izst\u0101st\u012bt savu st\u0101stu un pie\u0161\u0137irt \u012bpa\u0161u noska\u0146u j\u016bsu dz\u012bvei.\" \/>\n<meta property=\"og:url\" content=\"https:\/\/fashiongold.lt\/lv\/papuosalas\/050-ct-dimants-krasa-f-dzidrums-si2-balta-noslepums\/\" \/>\n<meta property=\"og:site_name\" content=\"FashionGold.lt\" \/>\n<meta property=\"og:image\" content=\"https:\/\/fashiongold.lt\/wp-content\/uploads\/2025\/10\/3481-1f3-053-ct-deimantas-Spalvos-K-Svarumu-VVS2-Grozis-kuri-verta-istyrineti.webp\" \/>\n\t<meta property=\"og:image:width\" content=\"466\" \/>\n\t<meta property=\"og:image:height\" content=\"429\" \/>\n\t<meta property=\"og:image:type\" content=\"image\/png\" \/>\n<meta name=\"twitter:card\" content=\"summary_large_image\" \/>\n<meta name=\"twitter:label1\" content=\"Est. reading time\" \/>\n\t<meta name=\"twitter:data1\" content=\"1 minute\" \/>\n<script type=\"application\/ld+json\" class=\"yoast-schema-graph\">{\"@context\":\"https:\/\/schema.org\",\"@graph\":[{\"@type\":\"WebPage\",\"@id\":\"https:\/\/fashiongold.lt\/lv\/papuosalas\/050-ct-dimants-krasa-f-dzidrums-si2-balta-noslepums\/\",\"url\":\"https:\/\/fashiongold.lt\/lv\/papuosalas\/050-ct-dimants-krasa-f-dzidrums-si2-balta-noslepums\/\",\"name\":\"0,50 ct dimants Kr\u0101sa F Dzidrums SI2 Balt\u0101 Nosl\u0113pums - FashionGold.lt\",\"isPartOf\":{\"@id\":\"https:\/\/fashiongold.lt\/lv\/#website\"},\"primaryImageOfPage\":{\"@id\":\"https:\/\/fashiongold.lt\/lv\/papuosalas\/050-ct-dimants-krasa-f-dzidrums-si2-balta-noslepums\/#primaryimage\"},\"image\":{\"@id\":\"https:\/\/fashiongold.lt\/lv\/papuosalas\/050-ct-dimants-krasa-f-dzidrums-si2-balta-noslepums\/#primaryimage\"},\"thumbnailUrl\":\"https:\/\/fashiongold.lt\/wp-content\/uploads\/2025\/10\/3481-1f3-053-ct-deimantas-Spalvos-K-Svarumu-VVS2-Grozis-kuri-verta-istyrineti.png\",\"datePublished\":\"2025-10-09T20:29:57+00:00\",\"breadcrumb\":{\"@id\":\"https:\/\/fashiongold.lt\/lv\/papuosalas\/050-ct-dimants-krasa-f-dzidrums-si2-balta-noslepums\/#breadcrumb\"},\"inLanguage\":\"lv-LV\",\"potentialAction\":[{\"@type\":\"ReadAction\",\"target\":[\"https:\/\/fashiongold.lt\/lv\/papuosalas\/050-ct-dimants-krasa-f-dzidrums-si2-balta-noslepums\/\"]}]},{\"@type\":\"ImageObject\",\"inLanguage\":\"lv-LV\",\"@id\":\"https:\/\/fashiongold.lt\/lv\/papuosalas\/050-ct-dimants-krasa-f-dzidrums-si2-balta-noslepums\/#primaryimage\",\"url\":\"https:\/\/fashiongold.lt\/wp-content\/uploads\/2025\/10\/3481-1f3-053-ct-deimantas-Spalvos-K-Svarumu-VVS2-Grozis-kuri-verta-istyrineti.png\",\"contentUrl\":\"https:\/\/fashiongold.lt\/wp-content\/uploads\/2025\/10\/3481-1f3-053-ct-deimantas-Spalvos-K-Svarumu-VVS2-Grozis-kuri-verta-istyrineti.png\",\"width\":466,\"height\":429},{\"@type\":\"BreadcrumbList\",\"@id\":\"https:\/\/fashiongold.lt\/lv\/papuosalas\/050-ct-dimants-krasa-f-dzidrums-si2-balta-noslepums\/#breadcrumb\",\"itemListElement\":[{\"@type\":\"ListItem\",\"position\":1,\"name\":\"Home\",\"item\":\"https:\/\/fashiongold.lt\/lv\/\"},{\"@type\":\"ListItem\",\"position\":2,\"name\":\"Dimantu veikals Fashiongold.lt\",\"item\":\"https:\/\/fashiongold.lt\/shop-2\/\"},{\"@type\":\"ListItem\",\"position\":3,\"name\":\"0,50 ct dimants Kr\u0101sa F Dzidrums SI2 Balt\u0101 Nosl\u0113pums\"}]},{\"@type\":\"WebSite\",\"@id\":\"https:\/\/fashiongold.lt\/lv\/#website\",\"url\":\"https:\/\/fashiongold.lt\/lv\/\",\"name\":\"Fashion Gold\",\"description\":\"Juvelyrikos namai\",\"publisher\":{\"@id\":\"https:\/\/fashiongold.lt\/lv\/#organization\"},\"potentialAction\":[{\"@type\":\"SearchAction\",\"target\":{\"@type\":\"EntryPoint\",\"urlTemplate\":\"https:\/\/fashiongold.lt\/lv\/?s={search_term_string}\"},\"query-input\":{\"@type\":\"PropertyValueSpecification\",\"valueRequired\":true,\"valueName\":\"search_term_string\"}}],\"inLanguage\":\"lv-LV\"},{\"@type\":\"Organization\",\"@id\":\"https:\/\/fashiongold.lt\/lv\/#organization\",\"name\":\"Topdiamonds Online\",\"url\":\"https:\/\/fashiongold.lt\/lv\/\",\"logo\":{\"@type\":\"ImageObject\",\"inLanguage\":\"lv-LV\",\"@id\":\"https:\/\/fashiongold.lt\/lv\/#\/schema\/logo\/image\/\",\"url\":\"https:\/\/fashiongold.lt\/wp-content\/uploads\/2025\/04\/cropped-fashion_gold_logotipas2-scaled-1.png\",\"contentUrl\":\"https:\/\/fashiongold.lt\/wp-content\/uploads\/2025\/04\/cropped-fashion_gold_logotipas2-scaled-1.png\",\"width\":2559,\"height\":421,\"caption\":\"Topdiamonds Online\"},\"image\":{\"@id\":\"https:\/\/fashiongold.lt\/lv\/#\/schema\/logo\/image\/\"}}]}<\/script>\n<!-- \/ Yoast SEO plugin. -->","yoast_head_json":{"title":"0,50 ct dimants Kr\u0101sa F Dzidrums SI2 Balt\u0101 Nosl\u0113pums - FashionGold.lt","robots":{"index":"index","follow":"follow","max-snippet":"max-snippet:-1","max-image-preview":"max-image-preview:large","max-video-preview":"max-video-preview:-1"},"canonical":"https:\/\/fashiongold.lt\/lv\/papuosalas\/050-ct-dimants-krasa-f-dzidrums-si2-balta-noslepums\/","og_locale":"lv_LV","og_type":"article","og_title":"0,50 ct dimants Kr\u0101sa F Dzidrums SI2 Balt\u0101 Nosl\u0113pums - FashionGold.lt","og_description":"Ieskatieties \u0161aj\u0101 ekskluz\u012bvaj\u0101 - 0,50 ct dimant\u0101, kas apbur ar izciliem baltas kr\u0101sas to\u0146iem F un t\u012br\u012bbu SI2. \u0160is akmens atkl\u0101j neatk\u0101rtojamu grezn\u012bbu, ko var redz\u0113t pat ar neapbru\u0146otu aci. \u201cBaltais nosl\u0113pums\u201d sola satrieco\u0161u gaismas sp\u0113li un neparastu eleganci, kas piesaista skatienus un iedvesmo br\u012bni\u0161\u0137\u012bgiem mirk\u013ciem. \u0160is 0,50 ct dimants ar izcili baltu kr\u0101su F un t\u012br\u012bbu SI2 ir grezn\u012bbas simbols, kas atkl\u0101j balt\u0101 skaistuma nosl\u0113pumaino \u0161armu. \u013baujiet \u201cBaltajam nosl\u0113pumam\u201d izst\u0101st\u012bt savu st\u0101stu un pie\u0161\u0137irt \u012bpa\u0161u noska\u0146u j\u016bsu dz\u012bvei.","og_url":"https:\/\/fashiongold.lt\/lv\/papuosalas\/050-ct-dimants-krasa-f-dzidrums-si2-balta-noslepums\/","og_site_name":"FashionGold.lt","og_image":[{"width":466,"height":429,"url":"https:\/\/fashiongold.lt\/wp-content\/uploads\/2025\/10\/3481-1f3-053-ct-deimantas-Spalvos-K-Svarumu-VVS2-Grozis-kuri-verta-istyrineti.webp","type":"image\/png"}],"twitter_card":"summary_large_image","twitter_misc":{"Est. reading time":"1 minute"},"schema":{"@context":"https:\/\/schema.org","@graph":[{"@type":"WebPage","@id":"https:\/\/fashiongold.lt\/lv\/papuosalas\/050-ct-dimants-krasa-f-dzidrums-si2-balta-noslepums\/","url":"https:\/\/fashiongold.lt\/lv\/papuosalas\/050-ct-dimants-krasa-f-dzidrums-si2-balta-noslepums\/","name":"0,50 ct dimants Kr\u0101sa F Dzidrums SI2 Balt\u0101 Nosl\u0113pums - FashionGold.lt","isPartOf":{"@id":"https:\/\/fashiongold.lt\/lv\/#website"},"primaryImageOfPage":{"@id":"https:\/\/fashiongold.lt\/lv\/papuosalas\/050-ct-dimants-krasa-f-dzidrums-si2-balta-noslepums\/#primaryimage"},"image":{"@id":"https:\/\/fashiongold.lt\/lv\/papuosalas\/050-ct-dimants-krasa-f-dzidrums-si2-balta-noslepums\/#primaryimage"},"thumbnailUrl":"https:\/\/fashiongold.lt\/wp-content\/uploads\/2025\/10\/3481-1f3-053-ct-deimantas-Spalvos-K-Svarumu-VVS2-Grozis-kuri-verta-istyrineti.png","datePublished":"2025-10-09T20:29:57+00:00","breadcrumb":{"@id":"https:\/\/fashiongold.lt\/lv\/papuosalas\/050-ct-dimants-krasa-f-dzidrums-si2-balta-noslepums\/#breadcrumb"},"inLanguage":"lv-LV","potentialAction":[{"@type":"ReadAction","target":["https:\/\/fashiongold.lt\/lv\/papuosalas\/050-ct-dimants-krasa-f-dzidrums-si2-balta-noslepums\/"]}]},{"@type":"ImageObject","inLanguage":"lv-LV","@id":"https:\/\/fashiongold.lt\/lv\/papuosalas\/050-ct-dimants-krasa-f-dzidrums-si2-balta-noslepums\/#primaryimage","url":"https:\/\/fashiongold.lt\/wp-content\/uploads\/2025\/10\/3481-1f3-053-ct-deimantas-Spalvos-K-Svarumu-VVS2-Grozis-kuri-verta-istyrineti.png","contentUrl":"https:\/\/fashiongold.lt\/wp-content\/uploads\/2025\/10\/3481-1f3-053-ct-deimantas-Spalvos-K-Svarumu-VVS2-Grozis-kuri-verta-istyrineti.png","width":466,"height":429},{"@type":"BreadcrumbList","@id":"https:\/\/fashiongold.lt\/lv\/papuosalas\/050-ct-dimants-krasa-f-dzidrums-si2-balta-noslepums\/#breadcrumb","itemListElement":[{"@type":"ListItem","position":1,"name":"Home","item":"https:\/\/fashiongold.lt\/lv\/"},{"@type":"ListItem","position":2,"name":"Dimantu veikals Fashiongold.lt","item":"https:\/\/fashiongold.lt\/shop-2\/"},{"@type":"ListItem","position":3,"name":"0,50 ct dimants Kr\u0101sa F Dzidrums SI2 Balt\u0101 Nosl\u0113pums"}]},{"@type":"WebSite","@id":"https:\/\/fashiongold.lt\/lv\/#website","url":"https:\/\/fashiongold.lt\/lv\/","name":"Fashion Gold","description":"Juvelyrikos namai","publisher":{"@id":"https:\/\/fashiongold.lt\/lv\/#organization"},"potentialAction":[{"@type":"SearchAction","target":{"@type":"EntryPoint","urlTemplate":"https:\/\/fashiongold.lt\/lv\/?s={search_term_string}"},"query-input":{"@type":"PropertyValueSpecification","valueRequired":true,"valueName":"search_term_string"}}],"inLanguage":"lv-LV"},{"@type":"Organization","@id":"https:\/\/fashiongold.lt\/lv\/#organization","name":"Topdiamonds Online","url":"https:\/\/fashiongold.lt\/lv\/","logo":{"@type":"ImageObject","inLanguage":"lv-LV","@id":"https:\/\/fashiongold.lt\/lv\/#\/schema\/logo\/image\/","url":"https:\/\/fashiongold.lt\/wp-content\/uploads\/2025\/04\/cropped-fashion_gold_logotipas2-scaled-1.png","contentUrl":"https:\/\/fashiongold.lt\/wp-content\/uploads\/2025\/04\/cropped-fashion_gold_logotipas2-scaled-1.png","width":2559,"height":421,"caption":"Topdiamonds Online"},"image":{"@id":"https:\/\/fashiongold.lt\/lv\/#\/schema\/logo\/image\/"}}]}},"_links":{"self":[{"href":"https:\/\/fashiongold.lt\/lv\/wp-json\/wp\/v2\/product\/289954","targetHints":{"allow":["GET"]}}],"collection":[{"href":"https:\/\/fashiongold.lt\/lv\/wp-json\/wp\/v2\/product"}],"about":[{"href":"https:\/\/fashiongold.lt\/lv\/wp-json\/wp\/v2\/types\/product"}],"version-history":[{"count":0,"href":"https:\/\/fashiongold.lt\/lv\/wp-json\/wp\/v2\/product\/289954\/revisions"}],"wp:featuredmedia":[{"embeddable":true,"href":"https:\/\/fashiongold.lt\/lv\/wp-json\/wp\/v2\/media\/67802"}],"wp:attachment":[{"href":"https:\/\/fashiongold.lt\/lv\/wp-json\/wp\/v2\/media?parent=289954"}],"wp:term":[{"taxonomy":"product_brand","embeddable":true,"href":"https:\/\/fashiongold.lt\/lv\/wp-json\/wp\/v2\/product_brand?post=289954"},{"taxonomy":"product_cat","embeddable":true,"href":"https:\/\/fashiongold.lt\/lv\/wp-json\/wp\/v2\/product_cat?post=289954"},{"taxonomy":"product_tag","embeddable":true,"href":"https:\/\/fashiongold.lt\/lv\/wp-json\/wp\/v2\/product_tag?post=289954"}],"curies":[{"name":"wp","href":"https:\/\/api.w.org\/{rel}","templated":true}]}}