{"id":289964,"date":"2025-10-09T20:29:56","date_gmt":"2025-10-09T20:29:56","guid":{"rendered":"https:\/\/fashiongold.lt\/papuosalas\/050-ct-dimants-krasa-i-dzidrums-si2-mirdzoss-sedevrs\/"},"modified":"2025-10-09T20:29:56","modified_gmt":"2025-10-09T20:29:56","slug":"050-ct-dimants-krasa-i-dzidrums-si2-mirdzoss-sedevrs","status":"publish","type":"product","link":"https:\/\/fashiongold.lt\/lv\/papuosalas\/050-ct-dimants-krasa-i-dzidrums-si2-mirdzoss-sedevrs\/","title":{"rendered":"0,50 ct dimants \u2013 kr\u0101sa I dzidrums SI2 Mirdzo\u0161s \u0161edevrs"},"content":{"rendered":"<p><span style=\"background-color: #f7f7f8; font-family: 'Times New Roman', serif; font-size: 12pt;\">Savienojiet<\/span><span style=\"background-color: #f7f7f8; font-family: 'Times New Roman', serif; font-size: 12pt;\">\u00a0savu dz\u012bvi ar neatk\u0101rtojamu \u0161armu ar &#8220;Mirdzo\u0161o \u0161edevru&#8221; &#8211; 0,50 CT dimantu, kas mirdz ar br\u012bni\u0161\u0137\u012bgu kr\u0101su un dzidrumu SI2. \u0160is akmens ir \u012bsts d\u0101rgakmens d\u0101rgums, kas ienes grezn\u012bbu un eleganci j\u016bsu pasaul\u0113. &#8220;Mirdzo\u0161ais \u0161edevrs&#8221; aizrauj ar savu sp\u012bdumu, kas sola pie\u0161\u0137irt katram j\u016bsu mirklim \u012bpa\u0161u noz\u012bmi. \u0160is 0,50 CT dimants ar I kr\u0101su un dzidrumu SI2 ir meistariski izstr\u0101d\u0101ts, lai pie\u0161\u0137irtu mirdzumu un \u0161armu j\u016bsu unikalit\u0101tei. T\u0101 subtilais mirdzums neap\u0161aub\u0101mi k\u013c\u016bs par j\u016bsu \u012bpa\u0161o mirk\u013cu liecinieku. \u013baujiet &#8220;Mirdzo\u0161ajam \u0161edevram&#8221; paust j\u016bsu stilu un unikalit\u0101ti, atspogu\u013cojot j\u016bsu person\u012bbas patieso d\u0101rgumu.<\/span><\/p>\n<p><span style=\"background-color: #fbfbfb; color: #333333; font-family: Nunito; font-size: 18px; text-transform: uppercase;\">INFORM\u0100CIJA PAR DIMANTU:<\/span><\/p>\n<ul style=\"box-sizing: border-box; margin: 0px 0px 10px; list-style-position: inside; list-style-image: initial; padding: 0px; color: #333333; font-size: 15px;\">\n<li style=\"font-family: Nunito; background-color: #fbfbfb; box-sizing: border-box;\">Akmens: Dab\u012bgais dimants (Briljants)<\/li>\n<li style=\"font-family: Nunito; background-color: #fbfbfb; box-sizing: border-box;\">Dimanta forma: Apa\u013c\u0161 (57 \u0161\u0137autnes)<\/li>\n<li style=\"font-family: Nunito; background-color: #fbfbfb; box-sizing: border-box;\">Dimanta svars: 0,50 ct\u00a0<\/li>\n<li style=\"font-family: Nunito; background-color: #fbfbfb; box-sizing: border-box;\">Dimanta izm\u0113rs: 5.02-5.10&#215;3.06<\/li>\n<li style=\"font-family: Nunito; background-color: #fbfbfb; box-sizing: border-box;\"><span style=\"font-family: Nunito;\"><span style=\"background-color: #fbfbfb;\">Dimanta kr\u0101sa: I ( STW Slightly Tinted White)<\/span><\/span><span style=\"font-family: Arial, Helvetica, Comic Sans MS, Trebuchet MS, Georgia, FreeSans, sans-serif;\"><span style=\"background-color: #ffffff;\"> (<\/span><\/span>Balta kr\u0101sa ar maigu dzelten\u012bgu nokr\u0101su)<\/li>\n<li style=\"font-family: Nunito; background-color: #fbfbfb; box-sizing: border-box;\">Dimanta dzidrums: SI2 (<\/li>\n<li style=\"font-family: Nunito; background-color: #fbfbfb; box-sizing: border-box;\">Sertifik\u0101ts (laboratorija): GIA<\/li>\n<li style=\"font-family: Nunito; background-color: #fbfbfb; box-sizing: border-box;\">Dimanta apstr\u0101de Griezums\/Simetrija\/Pul\u0113jums: VG-G-EX\u00a0<\/li>\n<li style=\"font-family: Nunito; background-color: #fbfbfb; box-sizing: border-box;\">Dimanta fluorescence: STG<\/li>\n<li style=\"font-family: Nunito; background-color: #fbfbfb; box-sizing: border-box;\">Bezmaksas iepakojums.<\/li>\n<\/ul>\n","protected":false},"excerpt":{"rendered":"<p class=\"MsoNormal\" style=\"margin: 0cm; font-size: 12pt; font-family: Calibri, sans-serif;\"><span style=\"font-family: 'Times New Roman', serif; background: #f7f7f8;\">Ielaidiet starojo\u0161u skaistumu sav\u0101 dz\u012bv\u0113 ar &#8220;Mirdzo\u0161o \u0161edevru&#8221; \u2013 0,50 CT dimantu ar I kr\u0101su un SI2 dzidrumu. \u0160is akmens apbur ar savu mirdzumu un neparasto eleganci, ko nav iesp\u0113jams nepaman\u012bt. &#8220;Mirdzo\u0161ais \u0161edevrs&#8221; ir patiess luksusa simbols, kas atspogu\u013co j\u016bsu unikalit\u0101ti un stilu. \u0160is 0,50 CT dimants ar savu I kr\u0101su un SI2 dzidrumu ir lieliska izv\u0113le tiem, kuri tiecas p\u0113c izcil\u012bbas. S\u0101ciet n\u0113s\u0101t &#8220;Mirdzo\u0161o \u0161edevru&#8221; un saj\u016btiet t\u0101 burv\u012bbu.<\/span><span style=\"font-family: 'Times New Roman', serif;\"><o:p><\/o:p><\/span><\/p>\n","protected":false},"featured_media":67752,"template":"","meta":{"site-sidebar-layout":"","site-content-layout":"","ast-site-content-layout":"","site-content-style":"","site-sidebar-style":"","ast-global-header-display":"","ast-banner-title-visibility":"","ast-main-header-display":"","ast-hfb-above-header-display":"","ast-hfb-below-header-display":"","ast-hfb-mobile-header-display":"","site-post-title":"","ast-breadcrumbs-content":"","ast-featured-img":"","footer-sml-layout":"","ast-disable-related-posts":"","theme-transparent-header-meta":"","adv-header-id-meta":"","stick-header-meta":"","header-above-stick-meta":"","header-main-stick-meta":"","header-below-stick-meta":"","astra-migrate-meta-layouts":"default","ast-page-background-enabled":"default","ast-page-background-meta":{"desktop":{"background-color":"var(--ast-global-color-4)","background-image":"","background-repeat":"repeat","background-position":"center center","background-size":"auto","background-attachment":"scroll","background-type":"","background-media":"","overlay-type":"","overlay-color":"","overlay-opacity":"","overlay-gradient":""},"tablet":{"background-color":"","background-image":"","background-repeat":"repeat","background-position":"center center","background-size":"auto","background-attachment":"scroll","background-type":"","background-media":"","overlay-type":"","overlay-color":"","overlay-opacity":"","overlay-gradient":""},"mobile":{"background-color":"","background-image":"","background-repeat":"repeat","background-position":"center center","background-size":"auto","background-attachment":"scroll","background-type":"","background-media":"","overlay-type":"","overlay-color":"","overlay-opacity":"","overlay-gradient":""}},"ast-content-background-meta":{"desktop":{"background-color":"var(--ast-global-color-5)","background-image":"","background-repeat":"repeat","background-position":"center center","background-size":"auto","background-attachment":"scroll","background-type":"","background-media":"","overlay-type":"","overlay-color":"","overlay-opacity":"","overlay-gradient":""},"tablet":{"background-color":"var(--ast-global-color-5)","background-image":"","background-repeat":"repeat","background-position":"center center","background-size":"auto","background-attachment":"scroll","background-type":"","background-media":"","overlay-type":"","overlay-color":"","overlay-opacity":"","overlay-gradient":""},"mobile":{"background-color":"var(--ast-global-color-5)","background-image":"","background-repeat":"repeat","background-position":"center center","background-size":"auto","background-attachment":"scroll","background-type":"","background-media":"","overlay-type":"","overlay-color":"","overlay-opacity":"","overlay-gradient":""}}},"product_brand":[],"product_cat":[2915,2913,2921,2920,3403,2916,2914,2917,3401,2922,2936,2918],"product_tag":[],"class_list":{"0":"post-289964","1":"product","2":"type-product","3":"status-publish","4":"has-post-thumbnail","6":"product_cat-davanas-berna-piedzimsanai","7":"product_cat-davanas-dzimsanas-diena","8":"product_cat-davanas-ipasiem-gadijumiem","9":"product_cat-davanas-izlaidumam","10":"product_cat-davanas-kazam","11":"product_cat-davanas-kazu-gadadiena","12":"product_cat-davanas-sievietem","13":"product_cat-davanas-viriesiem","14":"product_cat-kristibu-davanas","15":"product_cat-mates-dienas-davanas","16":"product_cat-valentindienas-davanas","17":"product_cat-ziemassvetku-davanas","18":"desktop-align-center","19":"tablet-align-left","20":"mobile-align-left","21":"ast-product-gallery-layout-horizontal-slider","22":"ast-product-gallery-with-no-image","23":"ast-product-tabs-layout-accordion","24":"ast-qv-on-image","26":"first","27":"instock","28":"taxable","29":"shipping-taxable","30":"purchasable","31":"product-type-simple"},"yoast_head":"<!-- This site is optimized with the Yoast SEO plugin v26.6 - https:\/\/yoast.com\/wordpress\/plugins\/seo\/ -->\n<title>0,50 ct dimants \u2013 kr\u0101sa I dzidrums SI2 Mirdzo\u0161s \u0161edevrs - FashionGold.lt<\/title>\n<meta name=\"description\" content=\"Savienojiet savu dz\u012bvi ar neatk\u0101rtojamu \u0161armu ar &quot;Mirdzo\u0161o \u0161edevru&quot; - 0,50 CT dimantu, kas mirdz ar br\u012bni\u0161\u0137\u012bgu kr\u0101su un SI2 dzidrumu. \u0160is akmens ir \u012bsts d\u0101rgakmens d\u0101rgums, kas ienes luksusu un eleganci j\u016bsu pasaul\u0113. &quot;Mirdzo\u0161ais \u0161edevrs&quot; apbur ar savu mirdzumu, kas sola pie\u0161\u0137irt katram j\u016bsu mirklim \u012bpa\u0161u noska\u0146u.\" \/>\n<meta name=\"robots\" content=\"index, follow, max-snippet:-1, max-image-preview:large, max-video-preview:-1\" \/>\n<link rel=\"canonical\" href=\"https:\/\/fashiongold.lt\/lv\/papuosalas\/050-ct-dimants-krasa-i-dzidrums-si2-mirdzoss-sedevrs\/\" \/>\n<meta property=\"og:locale\" content=\"lv_LV\" \/>\n<meta property=\"og:type\" content=\"article\" \/>\n<meta property=\"og:title\" content=\"0,50 ct dimants \u2013 kr\u0101sa I dzidrums SI2 Mirdzo\u0161s \u0161edevrs - FashionGold.lt\" \/>\n<meta property=\"og:description\" content=\"Savienojiet savu dz\u012bvi ar neatk\u0101rtojamu \u0161armu ar &quot;Mirdzo\u0161o \u0161edevru&quot; - 0,50 CT dimantu, kas mirdz ar br\u012bni\u0161\u0137\u012bgu kr\u0101su un SI2 dzidrumu. \u0160is akmens ir \u012bsts d\u0101rgakmens d\u0101rgums, kas ienes luksusu un eleganci j\u016bsu pasaul\u0113. &quot;Mirdzo\u0161ais \u0161edevrs&quot; apbur ar savu mirdzumu, kas sola pie\u0161\u0137irt katram j\u016bsu mirklim \u012bpa\u0161u noska\u0146u.\" \/>\n<meta property=\"og:url\" content=\"https:\/\/fashiongold.lt\/lv\/papuosalas\/050-ct-dimants-krasa-i-dzidrums-si2-mirdzoss-sedevrs\/\" \/>\n<meta property=\"og:site_name\" content=\"FashionGold.lt\" \/>\n<meta property=\"og:image\" content=\"https:\/\/fashiongold.lt\/wp-content\/uploads\/2025\/10\/3465-306-050-CT-DEIMANTAS-SPALVA-I-SVARUMAS-SI2-SVYTINTIS-SEDEVRAS.webp\" \/>\n\t<meta property=\"og:image:width\" content=\"615\" \/>\n\t<meta property=\"og:image:height\" content=\"568\" \/>\n\t<meta property=\"og:image:type\" content=\"image\/png\" \/>\n<meta name=\"twitter:card\" content=\"summary_large_image\" \/>\n<meta name=\"twitter:label1\" content=\"Est. reading time\" \/>\n\t<meta name=\"twitter:data1\" content=\"1 minute\" \/>\n<script type=\"application\/ld+json\" class=\"yoast-schema-graph\">{\"@context\":\"https:\/\/schema.org\",\"@graph\":[{\"@type\":\"WebPage\",\"@id\":\"https:\/\/fashiongold.lt\/lv\/papuosalas\/050-ct-dimants-krasa-i-dzidrums-si2-mirdzoss-sedevrs\/\",\"url\":\"https:\/\/fashiongold.lt\/lv\/papuosalas\/050-ct-dimants-krasa-i-dzidrums-si2-mirdzoss-sedevrs\/\",\"name\":\"0,50 ct dimants \u2013 kr\u0101sa I dzidrums SI2 Mirdzo\u0161s \u0161edevrs - FashionGold.lt\",\"isPartOf\":{\"@id\":\"https:\/\/fashiongold.lt\/lv\/#website\"},\"primaryImageOfPage\":{\"@id\":\"https:\/\/fashiongold.lt\/lv\/papuosalas\/050-ct-dimants-krasa-i-dzidrums-si2-mirdzoss-sedevrs\/#primaryimage\"},\"image\":{\"@id\":\"https:\/\/fashiongold.lt\/lv\/papuosalas\/050-ct-dimants-krasa-i-dzidrums-si2-mirdzoss-sedevrs\/#primaryimage\"},\"thumbnailUrl\":\"https:\/\/fashiongold.lt\/wp-content\/uploads\/2025\/10\/3465-306-050-CT-DEIMANTAS-SPALVA-I-SVARUMAS-SI2-SVYTINTIS-SEDEVRAS.png\",\"datePublished\":\"2025-10-09T20:29:56+00:00\",\"description\":\"Savienojiet savu dz\u012bvi ar neatk\u0101rtojamu \u0161armu ar \\\"Mirdzo\u0161o \u0161edevru\\\" - 0,50 CT dimantu, kas mirdz ar br\u012bni\u0161\u0137\u012bgu kr\u0101su un SI2 dzidrumu. \u0160is akmens ir \u012bsts d\u0101rgakmens d\u0101rgums, kas ienes luksusu un eleganci j\u016bsu pasaul\u0113. \\\"Mirdzo\u0161ais \u0161edevrs\\\" apbur ar savu mirdzumu, kas sola pie\u0161\u0137irt katram j\u016bsu mirklim \u012bpa\u0161u noska\u0146u.\",\"breadcrumb\":{\"@id\":\"https:\/\/fashiongold.lt\/lv\/papuosalas\/050-ct-dimants-krasa-i-dzidrums-si2-mirdzoss-sedevrs\/#breadcrumb\"},\"inLanguage\":\"lv-LV\",\"potentialAction\":[{\"@type\":\"ReadAction\",\"target\":[\"https:\/\/fashiongold.lt\/lv\/papuosalas\/050-ct-dimants-krasa-i-dzidrums-si2-mirdzoss-sedevrs\/\"]}]},{\"@type\":\"ImageObject\",\"inLanguage\":\"lv-LV\",\"@id\":\"https:\/\/fashiongold.lt\/lv\/papuosalas\/050-ct-dimants-krasa-i-dzidrums-si2-mirdzoss-sedevrs\/#primaryimage\",\"url\":\"https:\/\/fashiongold.lt\/wp-content\/uploads\/2025\/10\/3465-306-050-CT-DEIMANTAS-SPALVA-I-SVARUMAS-SI2-SVYTINTIS-SEDEVRAS.png\",\"contentUrl\":\"https:\/\/fashiongold.lt\/wp-content\/uploads\/2025\/10\/3465-306-050-CT-DEIMANTAS-SPALVA-I-SVARUMAS-SI2-SVYTINTIS-SEDEVRAS.png\",\"width\":615,\"height\":568},{\"@type\":\"BreadcrumbList\",\"@id\":\"https:\/\/fashiongold.lt\/lv\/papuosalas\/050-ct-dimants-krasa-i-dzidrums-si2-mirdzoss-sedevrs\/#breadcrumb\",\"itemListElement\":[{\"@type\":\"ListItem\",\"position\":1,\"name\":\"Home\",\"item\":\"https:\/\/fashiongold.lt\/lv\/\"},{\"@type\":\"ListItem\",\"position\":2,\"name\":\"Dimantu veikals Fashiongold.lt\",\"item\":\"https:\/\/fashiongold.lt\/shop-2\/\"},{\"@type\":\"ListItem\",\"position\":3,\"name\":\"0,50 ct dimants \u2013 kr\u0101sa I dzidrums SI2 Mirdzo\u0161s \u0161edevrs\"}]},{\"@type\":\"WebSite\",\"@id\":\"https:\/\/fashiongold.lt\/lv\/#website\",\"url\":\"https:\/\/fashiongold.lt\/lv\/\",\"name\":\"Fashion Gold\",\"description\":\"Juvelyrikos namai\",\"publisher\":{\"@id\":\"https:\/\/fashiongold.lt\/lv\/#organization\"},\"potentialAction\":[{\"@type\":\"SearchAction\",\"target\":{\"@type\":\"EntryPoint\",\"urlTemplate\":\"https:\/\/fashiongold.lt\/lv\/?s={search_term_string}\"},\"query-input\":{\"@type\":\"PropertyValueSpecification\",\"valueRequired\":true,\"valueName\":\"search_term_string\"}}],\"inLanguage\":\"lv-LV\"},{\"@type\":\"Organization\",\"@id\":\"https:\/\/fashiongold.lt\/lv\/#organization\",\"name\":\"Topdiamonds Online\",\"url\":\"https:\/\/fashiongold.lt\/lv\/\",\"logo\":{\"@type\":\"ImageObject\",\"inLanguage\":\"lv-LV\",\"@id\":\"https:\/\/fashiongold.lt\/lv\/#\/schema\/logo\/image\/\",\"url\":\"https:\/\/fashiongold.lt\/wp-content\/uploads\/2025\/04\/cropped-fashion_gold_logotipas2-scaled-1.png\",\"contentUrl\":\"https:\/\/fashiongold.lt\/wp-content\/uploads\/2025\/04\/cropped-fashion_gold_logotipas2-scaled-1.png\",\"width\":2559,\"height\":421,\"caption\":\"Topdiamonds Online\"},\"image\":{\"@id\":\"https:\/\/fashiongold.lt\/lv\/#\/schema\/logo\/image\/\"}}]}<\/script>\n<!-- \/ Yoast SEO plugin. -->","yoast_head_json":{"title":"0,50 ct dimants \u2013 kr\u0101sa I dzidrums SI2 Mirdzo\u0161s \u0161edevrs - FashionGold.lt","description":"Savienojiet savu dz\u012bvi ar neatk\u0101rtojamu \u0161armu ar \"Mirdzo\u0161o \u0161edevru\" - 0,50 CT dimantu, kas mirdz ar br\u012bni\u0161\u0137\u012bgu kr\u0101su un SI2 dzidrumu. \u0160is akmens ir \u012bsts d\u0101rgakmens d\u0101rgums, kas ienes luksusu un eleganci j\u016bsu pasaul\u0113. \"Mirdzo\u0161ais \u0161edevrs\" apbur ar savu mirdzumu, kas sola pie\u0161\u0137irt katram j\u016bsu mirklim \u012bpa\u0161u noska\u0146u.","robots":{"index":"index","follow":"follow","max-snippet":"max-snippet:-1","max-image-preview":"max-image-preview:large","max-video-preview":"max-video-preview:-1"},"canonical":"https:\/\/fashiongold.lt\/lv\/papuosalas\/050-ct-dimants-krasa-i-dzidrums-si2-mirdzoss-sedevrs\/","og_locale":"lv_LV","og_type":"article","og_title":"0,50 ct dimants \u2013 kr\u0101sa I dzidrums SI2 Mirdzo\u0161s \u0161edevrs - FashionGold.lt","og_description":"Savienojiet savu dz\u012bvi ar neatk\u0101rtojamu \u0161armu ar \"Mirdzo\u0161o \u0161edevru\" - 0,50 CT dimantu, kas mirdz ar br\u012bni\u0161\u0137\u012bgu kr\u0101su un SI2 dzidrumu. \u0160is akmens ir \u012bsts d\u0101rgakmens d\u0101rgums, kas ienes luksusu un eleganci j\u016bsu pasaul\u0113. \"Mirdzo\u0161ais \u0161edevrs\" apbur ar savu mirdzumu, kas sola pie\u0161\u0137irt katram j\u016bsu mirklim \u012bpa\u0161u noska\u0146u.","og_url":"https:\/\/fashiongold.lt\/lv\/papuosalas\/050-ct-dimants-krasa-i-dzidrums-si2-mirdzoss-sedevrs\/","og_site_name":"FashionGold.lt","og_image":[{"width":615,"height":568,"url":"https:\/\/fashiongold.lt\/wp-content\/uploads\/2025\/10\/3465-306-050-CT-DEIMANTAS-SPALVA-I-SVARUMAS-SI2-SVYTINTIS-SEDEVRAS.webp","type":"image\/png"}],"twitter_card":"summary_large_image","twitter_misc":{"Est. reading time":"1 minute"},"schema":{"@context":"https:\/\/schema.org","@graph":[{"@type":"WebPage","@id":"https:\/\/fashiongold.lt\/lv\/papuosalas\/050-ct-dimants-krasa-i-dzidrums-si2-mirdzoss-sedevrs\/","url":"https:\/\/fashiongold.lt\/lv\/papuosalas\/050-ct-dimants-krasa-i-dzidrums-si2-mirdzoss-sedevrs\/","name":"0,50 ct dimants \u2013 kr\u0101sa I dzidrums SI2 Mirdzo\u0161s \u0161edevrs - FashionGold.lt","isPartOf":{"@id":"https:\/\/fashiongold.lt\/lv\/#website"},"primaryImageOfPage":{"@id":"https:\/\/fashiongold.lt\/lv\/papuosalas\/050-ct-dimants-krasa-i-dzidrums-si2-mirdzoss-sedevrs\/#primaryimage"},"image":{"@id":"https:\/\/fashiongold.lt\/lv\/papuosalas\/050-ct-dimants-krasa-i-dzidrums-si2-mirdzoss-sedevrs\/#primaryimage"},"thumbnailUrl":"https:\/\/fashiongold.lt\/wp-content\/uploads\/2025\/10\/3465-306-050-CT-DEIMANTAS-SPALVA-I-SVARUMAS-SI2-SVYTINTIS-SEDEVRAS.png","datePublished":"2025-10-09T20:29:56+00:00","description":"Savienojiet savu dz\u012bvi ar neatk\u0101rtojamu \u0161armu ar \"Mirdzo\u0161o \u0161edevru\" - 0,50 CT dimantu, kas mirdz ar br\u012bni\u0161\u0137\u012bgu kr\u0101su un SI2 dzidrumu. \u0160is akmens ir \u012bsts d\u0101rgakmens d\u0101rgums, kas ienes luksusu un eleganci j\u016bsu pasaul\u0113. \"Mirdzo\u0161ais \u0161edevrs\" apbur ar savu mirdzumu, kas sola pie\u0161\u0137irt katram j\u016bsu mirklim \u012bpa\u0161u noska\u0146u.","breadcrumb":{"@id":"https:\/\/fashiongold.lt\/lv\/papuosalas\/050-ct-dimants-krasa-i-dzidrums-si2-mirdzoss-sedevrs\/#breadcrumb"},"inLanguage":"lv-LV","potentialAction":[{"@type":"ReadAction","target":["https:\/\/fashiongold.lt\/lv\/papuosalas\/050-ct-dimants-krasa-i-dzidrums-si2-mirdzoss-sedevrs\/"]}]},{"@type":"ImageObject","inLanguage":"lv-LV","@id":"https:\/\/fashiongold.lt\/lv\/papuosalas\/050-ct-dimants-krasa-i-dzidrums-si2-mirdzoss-sedevrs\/#primaryimage","url":"https:\/\/fashiongold.lt\/wp-content\/uploads\/2025\/10\/3465-306-050-CT-DEIMANTAS-SPALVA-I-SVARUMAS-SI2-SVYTINTIS-SEDEVRAS.png","contentUrl":"https:\/\/fashiongold.lt\/wp-content\/uploads\/2025\/10\/3465-306-050-CT-DEIMANTAS-SPALVA-I-SVARUMAS-SI2-SVYTINTIS-SEDEVRAS.png","width":615,"height":568},{"@type":"BreadcrumbList","@id":"https:\/\/fashiongold.lt\/lv\/papuosalas\/050-ct-dimants-krasa-i-dzidrums-si2-mirdzoss-sedevrs\/#breadcrumb","itemListElement":[{"@type":"ListItem","position":1,"name":"Home","item":"https:\/\/fashiongold.lt\/lv\/"},{"@type":"ListItem","position":2,"name":"Dimantu veikals Fashiongold.lt","item":"https:\/\/fashiongold.lt\/shop-2\/"},{"@type":"ListItem","position":3,"name":"0,50 ct dimants \u2013 kr\u0101sa I dzidrums SI2 Mirdzo\u0161s \u0161edevrs"}]},{"@type":"WebSite","@id":"https:\/\/fashiongold.lt\/lv\/#website","url":"https:\/\/fashiongold.lt\/lv\/","name":"Fashion Gold","description":"Juvelyrikos namai","publisher":{"@id":"https:\/\/fashiongold.lt\/lv\/#organization"},"potentialAction":[{"@type":"SearchAction","target":{"@type":"EntryPoint","urlTemplate":"https:\/\/fashiongold.lt\/lv\/?s={search_term_string}"},"query-input":{"@type":"PropertyValueSpecification","valueRequired":true,"valueName":"search_term_string"}}],"inLanguage":"lv-LV"},{"@type":"Organization","@id":"https:\/\/fashiongold.lt\/lv\/#organization","name":"Topdiamonds Online","url":"https:\/\/fashiongold.lt\/lv\/","logo":{"@type":"ImageObject","inLanguage":"lv-LV","@id":"https:\/\/fashiongold.lt\/lv\/#\/schema\/logo\/image\/","url":"https:\/\/fashiongold.lt\/wp-content\/uploads\/2025\/04\/cropped-fashion_gold_logotipas2-scaled-1.png","contentUrl":"https:\/\/fashiongold.lt\/wp-content\/uploads\/2025\/04\/cropped-fashion_gold_logotipas2-scaled-1.png","width":2559,"height":421,"caption":"Topdiamonds Online"},"image":{"@id":"https:\/\/fashiongold.lt\/lv\/#\/schema\/logo\/image\/"}}]}},"_links":{"self":[{"href":"https:\/\/fashiongold.lt\/lv\/wp-json\/wp\/v2\/product\/289964","targetHints":{"allow":["GET"]}}],"collection":[{"href":"https:\/\/fashiongold.lt\/lv\/wp-json\/wp\/v2\/product"}],"about":[{"href":"https:\/\/fashiongold.lt\/lv\/wp-json\/wp\/v2\/types\/product"}],"version-history":[{"count":0,"href":"https:\/\/fashiongold.lt\/lv\/wp-json\/wp\/v2\/product\/289964\/revisions"}],"wp:featuredmedia":[{"embeddable":true,"href":"https:\/\/fashiongold.lt\/lv\/wp-json\/wp\/v2\/media\/67752"}],"wp:attachment":[{"href":"https:\/\/fashiongold.lt\/lv\/wp-json\/wp\/v2\/media?parent=289964"}],"wp:term":[{"taxonomy":"product_brand","embeddable":true,"href":"https:\/\/fashiongold.lt\/lv\/wp-json\/wp\/v2\/product_brand?post=289964"},{"taxonomy":"product_cat","embeddable":true,"href":"https:\/\/fashiongold.lt\/lv\/wp-json\/wp\/v2\/product_cat?post=289964"},{"taxonomy":"product_tag","embeddable":true,"href":"https:\/\/fashiongold.lt\/lv\/wp-json\/wp\/v2\/product_tag?post=289964"}],"curies":[{"name":"wp","href":"https:\/\/api.w.org\/{rel}","templated":true}]}}