{"id":289984,"date":"2025-10-09T20:29:55","date_gmt":"2025-10-09T20:29:55","guid":{"rendered":"https:\/\/fashiongold.lt\/papuosalas\/laboratorija-audzets-dimants-150-ct-augstas-kvalitates-e-krasa-vs1-dzidrums\/"},"modified":"2025-10-09T20:29:55","modified_gmt":"2025-10-09T20:29:55","slug":"laboratorija-audzets-dimants-150-ct-augstas-kvalitates-e-krasa-vs1-dzidrums","status":"publish","type":"product","link":"https:\/\/fashiongold.lt\/lv\/rotaslieta\/laboratorija-audzets-dimants-150-ct-augstas-kvalitates-e-krasa-vs1-dzidrums\/","title":{"rendered":"Laboratorij\u0101 audz\u0113ts dimants 1,50 ct Augstas kvalit\u0101tes E kr\u0101sa VS1 dzidrums"},"content":{"rendered":"<div dir=\"auto\" style=\"color: #222222; font-family: Arial, Helvetica, sans-serif; font-size: small; background-color: #ffffff;\">Iepaz\u012bstin\u0101m ar augstas kvalit\u0101tes Lab Grown 1,50 ct dimantu, izcila balta kr\u0101sa E un VS1 klases dzidrums. M\u016bsu videi draudz\u012bgais dimants garant\u0113 iespaid\u012bgu sp\u012bdumu un eleganci. Ar \u0161o dimantu j\u016bs var\u0113siet izpaust savu unikalit\u0101ti un stilu. \u0160is augstas kvalit\u0101tes 1,50 ct Lab Grown dimants ir lieliska izv\u0113le, lai baud\u012btu ilgm\u016b\u017e\u012bgu skaistumu. Atkl\u0101jiet nevainojamu harmoniju ar m\u016bsu Lab Grown dimantu.\u00a0<\/div>\n<div dir=\"auto\" style=\"color: #222222; font-family: Arial, Helvetica, sans-serif; font-size: small; background-color: #ffffff;\"><span style=\"color: #333333; font-family: Nunito; font-size: 18px; text-transform: uppercase;\"><\/span><\/div>\n<div dir=\"auto\" style=\"color: #222222; font-family: Arial, Helvetica, sans-serif; font-size: small; background-color: #ffffff;\"><span style=\"color: #333333; font-family: Nunito; font-size: 18px; text-transform: uppercase;\">INFORM\u0100CIJA PAR dimantu:<\/span><\/div>\n<ul style=\"box-sizing: border-box; margin-top: 0px; margin-bottom: 10px; color: #333333; font-family: Nunito; font-size: 15px;\">\n<li style=\"box-sizing: border-box;\">Akmens: Lab Grown dimants (izaudz\u0113ts)<\/li>\n<li style=\"box-sizing: border-box;\">Akmens forma: Apa\u013ca (57 \u0161\u0137autnes)<\/li>\n<li style=\"box-sizing: border-box;\">Akmens svars: 1,50 ct\u00a0<\/li>\n<li style=\"box-sizing: border-box;\">Izm\u0113rs: 7.42\u00d77.37\u00d74.47<\/li>\n<li style=\"box-sizing: border-box;\">Akmens kr\u0101sa: E<\/li>\n<li style=\"box-sizing: border-box;\">Akmens dzidrums: VS1<\/li>\n<li style=\"box-sizing: border-box;\">Sertifik\u0101ts (laboratorija): HRD<\/li>\n<li style=\"box-sizing: border-box;\">Apstr\u0101de \/Simetrija\/Pul\u0113jums : EX-EX-EX<\/li>\n<li style=\"box-sizing: border-box;\">Fluorescece: NON<\/li>\n<li style=\"box-sizing: border-box;\">Bezmaksas iepakojums.<\/li>\n<\/ul>\n","protected":false},"excerpt":{"rendered":"<p><span style=\"color: #222222; font-family: Arial, Helvetica, sans-serif; font-size: small; background-color: #ffffff;\">Atkl\u0101jiet izcilas kvalit\u0101tes Lab Grown (izaudz\u0113tu) 1,50 ct dimantu ar izcili baltu kr\u0101su E un augstu dzidrumu VS1. Uzticieties m\u016bsu augst\u0101k\u0101s kvalit\u0101tes dimantam un izceliet savu stilu ar \u0161o br\u012bni\u0161\u0137\u012bgo aksesu\u0101ru.&nbsp;<\/span><\/p>\n","protected":false},"featured_media":67610,"template":"","meta":{"site-sidebar-layout":"","site-content-layout":"","ast-site-content-layout":"","site-content-style":"","site-sidebar-style":"","ast-global-header-display":"","ast-banner-title-visibility":"","ast-main-header-display":"","ast-hfb-above-header-display":"","ast-hfb-below-header-display":"","ast-hfb-mobile-header-display":"","site-post-title":"","ast-breadcrumbs-content":"","ast-featured-img":"","footer-sml-layout":"","ast-disable-related-posts":"","theme-transparent-header-meta":"","adv-header-id-meta":"","stick-header-meta":"","header-above-stick-meta":"","header-main-stick-meta":"","header-below-stick-meta":"","astra-migrate-meta-layouts":"default","ast-page-background-enabled":"default","ast-page-background-meta":{"desktop":{"background-color":"var(--ast-global-color-4)","background-image":"","background-repeat":"repeat","background-position":"center center","background-size":"auto","background-attachment":"scroll","background-type":"","background-media":"","overlay-type":"","overlay-color":"","overlay-opacity":"","overlay-gradient":""},"tablet":{"background-color":"","background-image":"","background-repeat":"repeat","background-position":"center center","background-size":"auto","background-attachment":"scroll","background-type":"","background-media":"","overlay-type":"","overlay-color":"","overlay-opacity":"","overlay-gradient":""},"mobile":{"background-color":"","background-image":"","background-repeat":"repeat","background-position":"center center","background-size":"auto","background-attachment":"scroll","background-type":"","background-media":"","overlay-type":"","overlay-color":"","overlay-opacity":"","overlay-gradient":""}},"ast-content-background-meta":{"desktop":{"background-color":"var(--ast-global-color-5)","background-image":"","background-repeat":"repeat","background-position":"center center","background-size":"auto","background-attachment":"scroll","background-type":"","background-media":"","overlay-type":"","overlay-color":"","overlay-opacity":"","overlay-gradient":""},"tablet":{"background-color":"var(--ast-global-color-5)","background-image":"","background-repeat":"repeat","background-position":"center center","background-size":"auto","background-attachment":"scroll","background-type":"","background-media":"","overlay-type":"","overlay-color":"","overlay-opacity":"","overlay-gradient":""},"mobile":{"background-color":"var(--ast-global-color-5)","background-image":"","background-repeat":"repeat","background-position":"center center","background-size":"auto","background-attachment":"scroll","background-type":"","background-media":"","overlay-type":"","overlay-color":"","overlay-opacity":"","overlay-gradient":""}}},"product_brand":[],"product_cat":[2915,2913,2921,2920,3403,2916,2914,2917,3648,3401,4079,2922,2936,2918],"product_tag":[],"class_list":{"0":"post-289984","1":"product","2":"type-product","3":"status-publish","4":"has-post-thumbnail","6":"product_cat-davanas-berna-piedzimsanai","7":"product_cat-davanas-dzimsanas-diena","8":"product_cat-davanas-ipasiem-gadijumiem","9":"product_cat-davanas-izlaidumam","10":"product_cat-davanas-kazam","11":"product_cat-davanas-kazu-gadadiena","12":"product_cat-davanas-sievietem","13":"product_cat-davanas-viriesiem","14":"product_cat-dimanti-un-briljanti","15":"product_cat-kristibu-davanas","16":"product_cat-laboratorija-audzeti-dimanti-briljanti","17":"product_cat-mates-dienas-davanas","18":"product_cat-valentindienas-davanas","19":"product_cat-ziemassvetku-davanas","20":"desktop-align-center","21":"tablet-align-left","22":"mobile-align-left","23":"ast-product-gallery-layout-horizontal-slider","24":"ast-product-gallery-with-no-image","25":"ast-product-tabs-layout-accordion","26":"ast-qv-on-image","28":"first","29":"instock","30":"taxable","31":"shipping-taxable","32":"purchasable","33":"product-type-simple"},"yoast_head":"<!-- This site is optimized with the Yoast SEO plugin v26.6 - https:\/\/yoast.com\/wordpress\/plugins\/seo\/ -->\n<title>Laboratorij\u0101 audz\u0113ts dimants 1,50 ct Augstas kvalit\u0101tes E kr\u0101sa VS1 dzidrums - FashionGold.lt<\/title>\n<meta name=\"robots\" content=\"index, follow, max-snippet:-1, max-image-preview:large, max-video-preview:-1\" \/>\n<link rel=\"canonical\" href=\"https:\/\/fashiongold.lt\/lv\/rotaslieta\/laboratorija-audzets-dimants-150-ct-augstas-kvalitates-e-krasa-vs1-dzidrums\/\" \/>\n<meta property=\"og:locale\" content=\"lv_LV\" \/>\n<meta property=\"og:type\" content=\"article\" \/>\n<meta property=\"og:title\" content=\"Laboratorij\u0101 audz\u0113ts dimants 1,50 ct Augstas kvalit\u0101tes E kr\u0101sa VS1 dzidrums - FashionGold.lt\" \/>\n<meta property=\"og:description\" content=\"Atkl\u0101jiet izcilas kvalit\u0101tes Lab Grown (izaudz\u0113tu) 1,50 ct dimantu ar izcili baltu kr\u0101su E un augstu dzidrumu VS1. Uzticieties m\u016bsu augst\u0101k\u0101s kvalit\u0101tes dimantam un izceliet savu stilu ar \u0161o br\u012bni\u0161\u0137\u012bgo aksesu\u0101ru.&nbsp;\" \/>\n<meta property=\"og:url\" content=\"https:\/\/fashiongold.lt\/lv\/rotaslieta\/laboratorija-audzets-dimants-150-ct-augstas-kvalitates-e-krasa-vs1-dzidrums\/\" \/>\n<meta property=\"og:site_name\" content=\"FashionGold.lt\" \/>\n<meta property=\"og:image\" content=\"https:\/\/fashiongold.lt\/wp-content\/uploads\/2025\/10\/3411-a59-Lab-Grown-Deimantas-150-ct-Aukstos-kokybes-E-Spalva-VS1-Svarumas.webp\" \/>\n\t<meta property=\"og:image:width\" content=\"529\" \/>\n\t<meta property=\"og:image:height\" content=\"451\" \/>\n\t<meta property=\"og:image:type\" content=\"image\/png\" \/>\n<meta name=\"twitter:card\" content=\"summary_large_image\" \/>\n<meta name=\"twitter:label1\" content=\"Est. reading time\" \/>\n\t<meta name=\"twitter:data1\" content=\"1 minute\" \/>\n<script type=\"application\/ld+json\" class=\"yoast-schema-graph\">{\"@context\":\"https:\/\/schema.org\",\"@graph\":[{\"@type\":\"WebPage\",\"@id\":\"https:\/\/fashiongold.lt\/lv\/rotaslieta\/laboratorija-audzets-dimants-150-ct-augstas-kvalitates-e-krasa-vs1-dzidrums\/\",\"url\":\"https:\/\/fashiongold.lt\/lv\/rotaslieta\/laboratorija-audzets-dimants-150-ct-augstas-kvalitates-e-krasa-vs1-dzidrums\/\",\"name\":\"Laboratorij\u0101 audz\u0113ts dimants 1,50 ct Augstas kvalit\u0101tes E kr\u0101sa VS1 dzidrums - FashionGold.lt\",\"isPartOf\":{\"@id\":\"https:\/\/fashiongold.lt\/lv\/#website\"},\"primaryImageOfPage\":{\"@id\":\"https:\/\/fashiongold.lt\/lv\/rotaslieta\/laboratorija-audzets-dimants-150-ct-augstas-kvalitates-e-krasa-vs1-dzidrums\/#primaryimage\"},\"image\":{\"@id\":\"https:\/\/fashiongold.lt\/lv\/rotaslieta\/laboratorija-audzets-dimants-150-ct-augstas-kvalitates-e-krasa-vs1-dzidrums\/#primaryimage\"},\"thumbnailUrl\":\"https:\/\/fashiongold.lt\/wp-content\/uploads\/2025\/10\/3411-a59-Lab-Grown-Deimantas-150-ct-Aukstos-kokybes-E-Spalva-VS1-Svarumas.png\",\"datePublished\":\"2025-10-09T20:29:55+00:00\",\"breadcrumb\":{\"@id\":\"https:\/\/fashiongold.lt\/lv\/rotaslieta\/laboratorija-audzets-dimants-150-ct-augstas-kvalitates-e-krasa-vs1-dzidrums\/#breadcrumb\"},\"inLanguage\":\"lv-LV\",\"potentialAction\":[{\"@type\":\"ReadAction\",\"target\":[\"https:\/\/fashiongold.lt\/lv\/rotaslieta\/laboratorija-audzets-dimants-150-ct-augstas-kvalitates-e-krasa-vs1-dzidrums\/\"]}]},{\"@type\":\"ImageObject\",\"inLanguage\":\"lv-LV\",\"@id\":\"https:\/\/fashiongold.lt\/lv\/rotaslieta\/laboratorija-audzets-dimants-150-ct-augstas-kvalitates-e-krasa-vs1-dzidrums\/#primaryimage\",\"url\":\"https:\/\/fashiongold.lt\/wp-content\/uploads\/2025\/10\/3411-a59-Lab-Grown-Deimantas-150-ct-Aukstos-kokybes-E-Spalva-VS1-Svarumas.png\",\"contentUrl\":\"https:\/\/fashiongold.lt\/wp-content\/uploads\/2025\/10\/3411-a59-Lab-Grown-Deimantas-150-ct-Aukstos-kokybes-E-Spalva-VS1-Svarumas.png\",\"width\":529,\"height\":451},{\"@type\":\"BreadcrumbList\",\"@id\":\"https:\/\/fashiongold.lt\/lv\/rotaslieta\/laboratorija-audzets-dimants-150-ct-augstas-kvalitates-e-krasa-vs1-dzidrums\/#breadcrumb\",\"itemListElement\":[{\"@type\":\"ListItem\",\"position\":1,\"name\":\"Home\",\"item\":\"https:\/\/fashiongold.lt\/lv\/\"},{\"@type\":\"ListItem\",\"position\":2,\"name\":\"Dimantu veikals Fashiongold.lt\",\"item\":\"https:\/\/fashiongold.lt\/shop-2\/\"},{\"@type\":\"ListItem\",\"position\":3,\"name\":\"Laboratorij\u0101 audz\u0113ts dimants 1,50 ct Augstas kvalit\u0101tes E kr\u0101sa VS1 dzidrums\"}]},{\"@type\":\"WebSite\",\"@id\":\"https:\/\/fashiongold.lt\/lv\/#website\",\"url\":\"https:\/\/fashiongold.lt\/lv\/\",\"name\":\"Fashion Gold\",\"description\":\"Juvelierizstr\u0101d\u0101jumu nams\",\"publisher\":{\"@id\":\"https:\/\/fashiongold.lt\/lv\/#organization\"},\"potentialAction\":[{\"@type\":\"SearchAction\",\"target\":{\"@type\":\"EntryPoint\",\"urlTemplate\":\"https:\/\/fashiongold.lt\/lv\/?s={search_term_string}\"},\"query-input\":{\"@type\":\"PropertyValueSpecification\",\"valueRequired\":true,\"valueName\":\"search_term_string\"}}],\"inLanguage\":\"lv-LV\"},{\"@type\":\"Organization\",\"@id\":\"https:\/\/fashiongold.lt\/lv\/#organization\",\"name\":\"Topdiamonds Online\",\"url\":\"https:\/\/fashiongold.lt\/lv\/\",\"logo\":{\"@type\":\"ImageObject\",\"inLanguage\":\"lv-LV\",\"@id\":\"https:\/\/fashiongold.lt\/lv\/#\/schema\/logo\/image\/\",\"url\":\"https:\/\/fashiongold.lt\/wp-content\/uploads\/2025\/04\/cropped-fashion_gold_logotipas2-scaled-1.png\",\"contentUrl\":\"https:\/\/fashiongold.lt\/wp-content\/uploads\/2025\/04\/cropped-fashion_gold_logotipas2-scaled-1.png\",\"width\":2559,\"height\":421,\"caption\":\"Topdiamonds Online\"},\"image\":{\"@id\":\"https:\/\/fashiongold.lt\/lv\/#\/schema\/logo\/image\/\"}}]}<\/script>\n<!-- \/ Yoast SEO plugin. -->","yoast_head_json":{"title":"Laboratorij\u0101 audz\u0113ts dimants 1,50 ct Augstas kvalit\u0101tes E kr\u0101sa VS1 dzidrums - FashionGold.lt","robots":{"index":"index","follow":"follow","max-snippet":"max-snippet:-1","max-image-preview":"max-image-preview:large","max-video-preview":"max-video-preview:-1"},"canonical":"https:\/\/fashiongold.lt\/lv\/rotaslieta\/laboratorija-audzets-dimants-150-ct-augstas-kvalitates-e-krasa-vs1-dzidrums\/","og_locale":"lv_LV","og_type":"article","og_title":"Laboratorij\u0101 audz\u0113ts dimants 1,50 ct Augstas kvalit\u0101tes E kr\u0101sa VS1 dzidrums - FashionGold.lt","og_description":"Atkl\u0101jiet izcilas kvalit\u0101tes Lab Grown (izaudz\u0113tu) 1,50 ct dimantu ar izcili baltu kr\u0101su E un augstu dzidrumu VS1. Uzticieties m\u016bsu augst\u0101k\u0101s kvalit\u0101tes dimantam un izceliet savu stilu ar \u0161o br\u012bni\u0161\u0137\u012bgo aksesu\u0101ru.&nbsp;","og_url":"https:\/\/fashiongold.lt\/lv\/rotaslieta\/laboratorija-audzets-dimants-150-ct-augstas-kvalitates-e-krasa-vs1-dzidrums\/","og_site_name":"FashionGold.lt","og_image":[{"width":529,"height":451,"url":"https:\/\/fashiongold.lt\/wp-content\/uploads\/2025\/10\/3411-a59-Lab-Grown-Deimantas-150-ct-Aukstos-kokybes-E-Spalva-VS1-Svarumas.webp","type":"image\/png"}],"twitter_card":"summary_large_image","twitter_misc":{"Est. reading time":"1 minute"},"schema":{"@context":"https:\/\/schema.org","@graph":[{"@type":"WebPage","@id":"https:\/\/fashiongold.lt\/lv\/rotaslieta\/laboratorija-audzets-dimants-150-ct-augstas-kvalitates-e-krasa-vs1-dzidrums\/","url":"https:\/\/fashiongold.lt\/lv\/rotaslieta\/laboratorija-audzets-dimants-150-ct-augstas-kvalitates-e-krasa-vs1-dzidrums\/","name":"Laboratorij\u0101 audz\u0113ts dimants 1,50 ct Augstas kvalit\u0101tes E kr\u0101sa VS1 dzidrums - FashionGold.lt","isPartOf":{"@id":"https:\/\/fashiongold.lt\/lv\/#website"},"primaryImageOfPage":{"@id":"https:\/\/fashiongold.lt\/lv\/rotaslieta\/laboratorija-audzets-dimants-150-ct-augstas-kvalitates-e-krasa-vs1-dzidrums\/#primaryimage"},"image":{"@id":"https:\/\/fashiongold.lt\/lv\/rotaslieta\/laboratorija-audzets-dimants-150-ct-augstas-kvalitates-e-krasa-vs1-dzidrums\/#primaryimage"},"thumbnailUrl":"https:\/\/fashiongold.lt\/wp-content\/uploads\/2025\/10\/3411-a59-Lab-Grown-Deimantas-150-ct-Aukstos-kokybes-E-Spalva-VS1-Svarumas.png","datePublished":"2025-10-09T20:29:55+00:00","breadcrumb":{"@id":"https:\/\/fashiongold.lt\/lv\/rotaslieta\/laboratorija-audzets-dimants-150-ct-augstas-kvalitates-e-krasa-vs1-dzidrums\/#breadcrumb"},"inLanguage":"lv-LV","potentialAction":[{"@type":"ReadAction","target":["https:\/\/fashiongold.lt\/lv\/rotaslieta\/laboratorija-audzets-dimants-150-ct-augstas-kvalitates-e-krasa-vs1-dzidrums\/"]}]},{"@type":"ImageObject","inLanguage":"lv-LV","@id":"https:\/\/fashiongold.lt\/lv\/rotaslieta\/laboratorija-audzets-dimants-150-ct-augstas-kvalitates-e-krasa-vs1-dzidrums\/#primaryimage","url":"https:\/\/fashiongold.lt\/wp-content\/uploads\/2025\/10\/3411-a59-Lab-Grown-Deimantas-150-ct-Aukstos-kokybes-E-Spalva-VS1-Svarumas.png","contentUrl":"https:\/\/fashiongold.lt\/wp-content\/uploads\/2025\/10\/3411-a59-Lab-Grown-Deimantas-150-ct-Aukstos-kokybes-E-Spalva-VS1-Svarumas.png","width":529,"height":451},{"@type":"BreadcrumbList","@id":"https:\/\/fashiongold.lt\/lv\/rotaslieta\/laboratorija-audzets-dimants-150-ct-augstas-kvalitates-e-krasa-vs1-dzidrums\/#breadcrumb","itemListElement":[{"@type":"ListItem","position":1,"name":"Home","item":"https:\/\/fashiongold.lt\/lv\/"},{"@type":"ListItem","position":2,"name":"Dimantu veikals Fashiongold.lt","item":"https:\/\/fashiongold.lt\/shop-2\/"},{"@type":"ListItem","position":3,"name":"Laboratorij\u0101 audz\u0113ts dimants 1,50 ct Augstas kvalit\u0101tes E kr\u0101sa VS1 dzidrums"}]},{"@type":"WebSite","@id":"https:\/\/fashiongold.lt\/lv\/#website","url":"https:\/\/fashiongold.lt\/lv\/","name":"Fashion Gold","description":"Juvelierizstr\u0101d\u0101jumu nams","publisher":{"@id":"https:\/\/fashiongold.lt\/lv\/#organization"},"potentialAction":[{"@type":"SearchAction","target":{"@type":"EntryPoint","urlTemplate":"https:\/\/fashiongold.lt\/lv\/?s={search_term_string}"},"query-input":{"@type":"PropertyValueSpecification","valueRequired":true,"valueName":"search_term_string"}}],"inLanguage":"lv-LV"},{"@type":"Organization","@id":"https:\/\/fashiongold.lt\/lv\/#organization","name":"Topdiamonds Online","url":"https:\/\/fashiongold.lt\/lv\/","logo":{"@type":"ImageObject","inLanguage":"lv-LV","@id":"https:\/\/fashiongold.lt\/lv\/#\/schema\/logo\/image\/","url":"https:\/\/fashiongold.lt\/wp-content\/uploads\/2025\/04\/cropped-fashion_gold_logotipas2-scaled-1.png","contentUrl":"https:\/\/fashiongold.lt\/wp-content\/uploads\/2025\/04\/cropped-fashion_gold_logotipas2-scaled-1.png","width":2559,"height":421,"caption":"Topdiamonds Online"},"image":{"@id":"https:\/\/fashiongold.lt\/lv\/#\/schema\/logo\/image\/"}}]}},"_links":{"self":[{"href":"https:\/\/fashiongold.lt\/lv\/wp-json\/wp\/v2\/product\/289984","targetHints":{"allow":["GET"]}}],"collection":[{"href":"https:\/\/fashiongold.lt\/lv\/wp-json\/wp\/v2\/product"}],"about":[{"href":"https:\/\/fashiongold.lt\/lv\/wp-json\/wp\/v2\/types\/product"}],"version-history":[{"count":0,"href":"https:\/\/fashiongold.lt\/lv\/wp-json\/wp\/v2\/product\/289984\/revisions"}],"wp:featuredmedia":[{"embeddable":true,"href":"https:\/\/fashiongold.lt\/lv\/wp-json\/wp\/v2\/media\/67610"}],"wp:attachment":[{"href":"https:\/\/fashiongold.lt\/lv\/wp-json\/wp\/v2\/media?parent=289984"}],"wp:term":[{"taxonomy":"product_brand","embeddable":true,"href":"https:\/\/fashiongold.lt\/lv\/wp-json\/wp\/v2\/product_brand?post=289984"},{"taxonomy":"product_cat","embeddable":true,"href":"https:\/\/fashiongold.lt\/lv\/wp-json\/wp\/v2\/product_cat?post=289984"},{"taxonomy":"product_tag","embeddable":true,"href":"https:\/\/fashiongold.lt\/lv\/wp-json\/wp\/v2\/product_tag?post=289984"}],"curies":[{"name":"wp","href":"https:\/\/api.w.org\/{rel}","templated":true}]}}