{"id":289994,"date":"2025-10-09T20:29:55","date_gmt":"2025-10-09T20:29:55","guid":{"rendered":"https:\/\/fashiongold.lt\/papuosalas\/laboratorija-audzets-dimants-050-ct-izcilas-kvalitates-d-krasa-vvs1-dzidrums\/"},"modified":"2025-10-09T20:29:55","modified_gmt":"2025-10-09T20:29:55","slug":"laboratorija-audzets-dimants-050-ct-izcilas-kvalitates-d-krasa-vvs1-dzidrums","status":"publish","type":"product","link":"https:\/\/fashiongold.lt\/lv\/papuosalas\/laboratorija-audzets-dimants-050-ct-izcilas-kvalitates-d-krasa-vvs1-dzidrums\/","title":{"rendered":"Laboratorij\u0101 audz\u0113ts dimants 0,50 ct Izcilas kvalit\u0101tes D kr\u0101sa VVS1 dzidrums"},"content":{"rendered":"<div dir=\"auto\" style=\"color: #222222; font-family: Arial, Helvetica, sans-serif; font-size: small; background-color: #ffffff;\"><span style=\"background-color: #fafbfc; color: #000000; font-family: Verdana, Arial, Helvetica, sans-serif; font-size: 11px;\">Ieg\u0101d\u0101jieties ekskluz\u012bvas kvalit\u0101tes Lab Grown 1,17 ct dimantu, bezkr\u0101saina E kr\u0101sa un \u012bpa\u0161i t\u012bra VVS1 dzidr\u012bba. \u0160is dimants apburs J\u016bs ar savu lielisko mirdzumu un nevainojamo kvalit\u0101ti. 1,17 ct ekskluz\u012bvas kvalit\u0101tes Lab Grown dimanti ir rad\u012bti, iev\u0113rojot augst\u0101kos standartus, un p\u0101rsniegs J\u016bsu cer\u012bbas. Izbaudiet \u0161o lielisko Lab Grown 1,17 ct dimantu, kas sniegs Jums \u012bpa\u0161u \u0161armu.<\/span><\/div>\n<div dir=\"auto\" style=\"color: #222222; font-family: Arial, Helvetica, sans-serif; font-size: small; background-color: #ffffff;\"><span style=\"color: #333333; font-family: Nunito; font-size: 18px; text-transform: uppercase;\">INFORM\u0100CIJA PAR dimantu:<\/span><\/div>\n<ul style=\"box-sizing: border-box; margin-top: 0px; margin-bottom: 10px; color: #333333; font-family: Nunito; font-size: 15px;\">\n<li style=\"box-sizing: border-box;\">Akmens: Lab Grown dimants (izaudz\u0113ts)<\/li>\n<li style=\"box-sizing: border-box;\">Akmens forma: Apa\u013c\u0161 (57 \u0161\u0137autnes)<\/li>\n<li style=\"box-sizing: border-box;\">Akmens svars: 0,50 ct\u00a0<\/li>\n<li style=\"box-sizing: border-box;\">Izm\u0113rs: 5.1\u00d75.07\u00d73.13<\/li>\n<li style=\"box-sizing: border-box;\">Akmens kr\u0101sa: D<\/li>\n<li style=\"box-sizing: border-box;\">Akmens dzidr\u012bba: VVS1<\/li>\n<li style=\"box-sizing: border-box;\">Sertifik\u0101ts (laboratorija): HRD<\/li>\n<li style=\"box-sizing: border-box;\">Apstr\u0101de \/Simetrija\/Pul\u0113jums : EX-EX-EX<\/li>\n<li style=\"box-sizing: border-box;\">Fluorescence: NON<\/li>\n<li style=\"box-sizing: border-box;\">Bezmaksas iepakojums.<\/li>\n<\/ul>\n","protected":false},"excerpt":{"rendered":"<p><span style=\"color: #222222; font-family: Arial, Helvetica, sans-serif; font-size: small; background-color: #ffffff;\">Atkl\u0101jiet izcilas kvalit\u0101tes Lab Grown 0,50 ct dimantu ar bezkr\u0101sas D kr\u0101su un \u012bpa\u0161i augstu VVS1 dzidrumu. \u0160im dimantam piem\u012bt lielisks mirdzums un augst\u0101kais kvalit\u0101tes l\u012bmenis. Esiet apburo\u0161i un unik\u0101li ar \u0161o 0,50 ct Lab Grown dimantu, kas noteikti piesaist\u012bs uzman\u012bbu ar savu izcilo mirdzumu.\u00a0<\/span><\/p>\n","protected":false},"featured_media":67580,"template":"","meta":{"site-sidebar-layout":"","site-content-layout":"","ast-site-content-layout":"","site-content-style":"","site-sidebar-style":"","ast-global-header-display":"","ast-banner-title-visibility":"","ast-main-header-display":"","ast-hfb-above-header-display":"","ast-hfb-below-header-display":"","ast-hfb-mobile-header-display":"","site-post-title":"","ast-breadcrumbs-content":"","ast-featured-img":"","footer-sml-layout":"","ast-disable-related-posts":"","theme-transparent-header-meta":"","adv-header-id-meta":"","stick-header-meta":"","header-above-stick-meta":"","header-main-stick-meta":"","header-below-stick-meta":"","astra-migrate-meta-layouts":"default","ast-page-background-enabled":"default","ast-page-background-meta":{"desktop":{"background-color":"var(--ast-global-color-4)","background-image":"","background-repeat":"repeat","background-position":"center center","background-size":"auto","background-attachment":"scroll","background-type":"","background-media":"","overlay-type":"","overlay-color":"","overlay-opacity":"","overlay-gradient":""},"tablet":{"background-color":"","background-image":"","background-repeat":"repeat","background-position":"center center","background-size":"auto","background-attachment":"scroll","background-type":"","background-media":"","overlay-type":"","overlay-color":"","overlay-opacity":"","overlay-gradient":""},"mobile":{"background-color":"","background-image":"","background-repeat":"repeat","background-position":"center center","background-size":"auto","background-attachment":"scroll","background-type":"","background-media":"","overlay-type":"","overlay-color":"","overlay-opacity":"","overlay-gradient":""}},"ast-content-background-meta":{"desktop":{"background-color":"var(--ast-global-color-5)","background-image":"","background-repeat":"repeat","background-position":"center center","background-size":"auto","background-attachment":"scroll","background-type":"","background-media":"","overlay-type":"","overlay-color":"","overlay-opacity":"","overlay-gradient":""},"tablet":{"background-color":"var(--ast-global-color-5)","background-image":"","background-repeat":"repeat","background-position":"center center","background-size":"auto","background-attachment":"scroll","background-type":"","background-media":"","overlay-type":"","overlay-color":"","overlay-opacity":"","overlay-gradient":""},"mobile":{"background-color":"var(--ast-global-color-5)","background-image":"","background-repeat":"repeat","background-position":"center center","background-size":"auto","background-attachment":"scroll","background-type":"","background-media":"","overlay-type":"","overlay-color":"","overlay-opacity":"","overlay-gradient":""}}},"product_brand":[],"product_cat":[2915,2913,2921,2920,3403,2916,2914,2917,3648,3401,4079,2922,2936,2918],"product_tag":[],"class_list":{"0":"post-289994","1":"product","2":"type-product","3":"status-publish","4":"has-post-thumbnail","6":"product_cat-davanas-berna-piedzimsanai","7":"product_cat-davanas-dzimsanas-diena","8":"product_cat-davanas-ipasiem-gadijumiem","9":"product_cat-davanas-izlaidumam","10":"product_cat-davanas-kazam","11":"product_cat-davanas-kazu-gadadiena","12":"product_cat-davanas-sievietem","13":"product_cat-davanas-viriesiem","14":"product_cat-dimanti-un-briljanti","15":"product_cat-kristibu-davanas","16":"product_cat-laboratorija-audzeti-dimanti-briljanti","17":"product_cat-mates-dienas-davanas","18":"product_cat-valentindienas-davanas","19":"product_cat-ziemassvetku-davanas","20":"desktop-align-center","21":"tablet-align-left","22":"mobile-align-left","23":"ast-product-gallery-layout-horizontal-slider","24":"ast-product-gallery-with-no-image","25":"ast-product-tabs-layout-accordion","26":"ast-qv-on-image","28":"first","29":"instock","30":"taxable","31":"shipping-taxable","32":"purchasable","33":"product-type-simple"},"yoast_head":"<!-- This site is optimized with the Yoast SEO plugin v26.6 - https:\/\/yoast.com\/wordpress\/plugins\/seo\/ -->\n<title>Laboratorij\u0101 audz\u0113ts dimants 0,50 ct Izcilas kvalit\u0101tes D kr\u0101sa VVS1 dzidrums - FashionGold.lt<\/title>\n<meta name=\"robots\" content=\"index, follow, max-snippet:-1, max-image-preview:large, max-video-preview:-1\" \/>\n<link rel=\"canonical\" href=\"https:\/\/fashiongold.lt\/lv\/papuosalas\/laboratorija-audzets-dimants-050-ct-izcilas-kvalitates-d-krasa-vvs1-dzidrums\/\" \/>\n<meta property=\"og:locale\" content=\"lv_LV\" \/>\n<meta property=\"og:type\" content=\"article\" \/>\n<meta property=\"og:title\" content=\"Laboratorij\u0101 audz\u0113ts dimants 0,50 ct Izcilas kvalit\u0101tes D kr\u0101sa VVS1 dzidrums - FashionGold.lt\" \/>\n<meta property=\"og:description\" content=\"Atkl\u0101jiet izcilas kvalit\u0101tes Lab Grown 0,50 ct dimantu ar bezkr\u0101sas D kr\u0101su un \u012bpa\u0161i augstu VVS1 dzidrumu. \u0160im dimantam piem\u012bt lielisks mirdzums un augst\u0101kais kvalit\u0101tes l\u012bmenis. Esiet apburo\u0161i un unik\u0101li ar \u0161o 0,50 ct Lab Grown dimantu, kas noteikti piesaist\u012bs uzman\u012bbu ar savu izcilo mirdzumu.\u00a0\" \/>\n<meta property=\"og:url\" content=\"https:\/\/fashiongold.lt\/lv\/papuosalas\/laboratorija-audzets-dimants-050-ct-izcilas-kvalitates-d-krasa-vvs1-dzidrums\/\" \/>\n<meta property=\"og:site_name\" content=\"FashionGold.lt\" \/>\n<meta property=\"og:image\" content=\"https:\/\/fashiongold.lt\/wp-content\/uploads\/2025\/10\/3407-773-Lab-Grown-Deimantas-050-ct-Isskirtines-kokybes-D-Spalva-VVS1-Svarumas.webp\" \/>\n\t<meta property=\"og:image:width\" content=\"463\" \/>\n\t<meta property=\"og:image:height\" content=\"418\" \/>\n\t<meta property=\"og:image:type\" content=\"image\/png\" \/>\n<meta name=\"twitter:card\" content=\"summary_large_image\" \/>\n<meta name=\"twitter:label1\" content=\"Est. reading time\" \/>\n\t<meta name=\"twitter:data1\" content=\"1 minute\" \/>\n<script type=\"application\/ld+json\" class=\"yoast-schema-graph\">{\"@context\":\"https:\/\/schema.org\",\"@graph\":[{\"@type\":\"WebPage\",\"@id\":\"https:\/\/fashiongold.lt\/lv\/papuosalas\/laboratorija-audzets-dimants-050-ct-izcilas-kvalitates-d-krasa-vvs1-dzidrums\/\",\"url\":\"https:\/\/fashiongold.lt\/lv\/papuosalas\/laboratorija-audzets-dimants-050-ct-izcilas-kvalitates-d-krasa-vvs1-dzidrums\/\",\"name\":\"Laboratorij\u0101 audz\u0113ts dimants 0,50 ct Izcilas kvalit\u0101tes D kr\u0101sa VVS1 dzidrums - FashionGold.lt\",\"isPartOf\":{\"@id\":\"https:\/\/fashiongold.lt\/lv\/#website\"},\"primaryImageOfPage\":{\"@id\":\"https:\/\/fashiongold.lt\/lv\/papuosalas\/laboratorija-audzets-dimants-050-ct-izcilas-kvalitates-d-krasa-vvs1-dzidrums\/#primaryimage\"},\"image\":{\"@id\":\"https:\/\/fashiongold.lt\/lv\/papuosalas\/laboratorija-audzets-dimants-050-ct-izcilas-kvalitates-d-krasa-vvs1-dzidrums\/#primaryimage\"},\"thumbnailUrl\":\"https:\/\/fashiongold.lt\/wp-content\/uploads\/2025\/10\/3407-773-Lab-Grown-Deimantas-050-ct-Isskirtines-kokybes-D-Spalva-VVS1-Svarumas.png\",\"datePublished\":\"2025-10-09T20:29:55+00:00\",\"breadcrumb\":{\"@id\":\"https:\/\/fashiongold.lt\/lv\/papuosalas\/laboratorija-audzets-dimants-050-ct-izcilas-kvalitates-d-krasa-vvs1-dzidrums\/#breadcrumb\"},\"inLanguage\":\"lv-LV\",\"potentialAction\":[{\"@type\":\"ReadAction\",\"target\":[\"https:\/\/fashiongold.lt\/lv\/papuosalas\/laboratorija-audzets-dimants-050-ct-izcilas-kvalitates-d-krasa-vvs1-dzidrums\/\"]}]},{\"@type\":\"ImageObject\",\"inLanguage\":\"lv-LV\",\"@id\":\"https:\/\/fashiongold.lt\/lv\/papuosalas\/laboratorija-audzets-dimants-050-ct-izcilas-kvalitates-d-krasa-vvs1-dzidrums\/#primaryimage\",\"url\":\"https:\/\/fashiongold.lt\/wp-content\/uploads\/2025\/10\/3407-773-Lab-Grown-Deimantas-050-ct-Isskirtines-kokybes-D-Spalva-VVS1-Svarumas.png\",\"contentUrl\":\"https:\/\/fashiongold.lt\/wp-content\/uploads\/2025\/10\/3407-773-Lab-Grown-Deimantas-050-ct-Isskirtines-kokybes-D-Spalva-VVS1-Svarumas.png\",\"width\":463,\"height\":418},{\"@type\":\"BreadcrumbList\",\"@id\":\"https:\/\/fashiongold.lt\/lv\/papuosalas\/laboratorija-audzets-dimants-050-ct-izcilas-kvalitates-d-krasa-vvs1-dzidrums\/#breadcrumb\",\"itemListElement\":[{\"@type\":\"ListItem\",\"position\":1,\"name\":\"Home\",\"item\":\"https:\/\/fashiongold.lt\/lv\/\"},{\"@type\":\"ListItem\",\"position\":2,\"name\":\"Dimantu veikals Fashiongold.lt\",\"item\":\"https:\/\/fashiongold.lt\/shop-2\/\"},{\"@type\":\"ListItem\",\"position\":3,\"name\":\"Laboratorij\u0101 audz\u0113ts dimants 0,50 ct Izcilas kvalit\u0101tes D kr\u0101sa VVS1 dzidrums\"}]},{\"@type\":\"WebSite\",\"@id\":\"https:\/\/fashiongold.lt\/lv\/#website\",\"url\":\"https:\/\/fashiongold.lt\/lv\/\",\"name\":\"Fashion Gold\",\"description\":\"Juvelyrikos namai\",\"publisher\":{\"@id\":\"https:\/\/fashiongold.lt\/lv\/#organization\"},\"potentialAction\":[{\"@type\":\"SearchAction\",\"target\":{\"@type\":\"EntryPoint\",\"urlTemplate\":\"https:\/\/fashiongold.lt\/lv\/?s={search_term_string}\"},\"query-input\":{\"@type\":\"PropertyValueSpecification\",\"valueRequired\":true,\"valueName\":\"search_term_string\"}}],\"inLanguage\":\"lv-LV\"},{\"@type\":\"Organization\",\"@id\":\"https:\/\/fashiongold.lt\/lv\/#organization\",\"name\":\"Topdiamonds Online\",\"url\":\"https:\/\/fashiongold.lt\/lv\/\",\"logo\":{\"@type\":\"ImageObject\",\"inLanguage\":\"lv-LV\",\"@id\":\"https:\/\/fashiongold.lt\/lv\/#\/schema\/logo\/image\/\",\"url\":\"https:\/\/fashiongold.lt\/wp-content\/uploads\/2025\/04\/cropped-fashion_gold_logotipas2-scaled-1.png\",\"contentUrl\":\"https:\/\/fashiongold.lt\/wp-content\/uploads\/2025\/04\/cropped-fashion_gold_logotipas2-scaled-1.png\",\"width\":2559,\"height\":421,\"caption\":\"Topdiamonds Online\"},\"image\":{\"@id\":\"https:\/\/fashiongold.lt\/lv\/#\/schema\/logo\/image\/\"}}]}<\/script>\n<!-- \/ Yoast SEO plugin. -->","yoast_head_json":{"title":"Laboratorij\u0101 audz\u0113ts dimants 0,50 ct Izcilas kvalit\u0101tes D kr\u0101sa VVS1 dzidrums - FashionGold.lt","robots":{"index":"index","follow":"follow","max-snippet":"max-snippet:-1","max-image-preview":"max-image-preview:large","max-video-preview":"max-video-preview:-1"},"canonical":"https:\/\/fashiongold.lt\/lv\/papuosalas\/laboratorija-audzets-dimants-050-ct-izcilas-kvalitates-d-krasa-vvs1-dzidrums\/","og_locale":"lv_LV","og_type":"article","og_title":"Laboratorij\u0101 audz\u0113ts dimants 0,50 ct Izcilas kvalit\u0101tes D kr\u0101sa VVS1 dzidrums - FashionGold.lt","og_description":"Atkl\u0101jiet izcilas kvalit\u0101tes Lab Grown 0,50 ct dimantu ar bezkr\u0101sas D kr\u0101su un \u012bpa\u0161i augstu VVS1 dzidrumu. \u0160im dimantam piem\u012bt lielisks mirdzums un augst\u0101kais kvalit\u0101tes l\u012bmenis. Esiet apburo\u0161i un unik\u0101li ar \u0161o 0,50 ct Lab Grown dimantu, kas noteikti piesaist\u012bs uzman\u012bbu ar savu izcilo mirdzumu.\u00a0","og_url":"https:\/\/fashiongold.lt\/lv\/papuosalas\/laboratorija-audzets-dimants-050-ct-izcilas-kvalitates-d-krasa-vvs1-dzidrums\/","og_site_name":"FashionGold.lt","og_image":[{"width":463,"height":418,"url":"https:\/\/fashiongold.lt\/wp-content\/uploads\/2025\/10\/3407-773-Lab-Grown-Deimantas-050-ct-Isskirtines-kokybes-D-Spalva-VVS1-Svarumas.webp","type":"image\/png"}],"twitter_card":"summary_large_image","twitter_misc":{"Est. reading time":"1 minute"},"schema":{"@context":"https:\/\/schema.org","@graph":[{"@type":"WebPage","@id":"https:\/\/fashiongold.lt\/lv\/papuosalas\/laboratorija-audzets-dimants-050-ct-izcilas-kvalitates-d-krasa-vvs1-dzidrums\/","url":"https:\/\/fashiongold.lt\/lv\/papuosalas\/laboratorija-audzets-dimants-050-ct-izcilas-kvalitates-d-krasa-vvs1-dzidrums\/","name":"Laboratorij\u0101 audz\u0113ts dimants 0,50 ct Izcilas kvalit\u0101tes D kr\u0101sa VVS1 dzidrums - FashionGold.lt","isPartOf":{"@id":"https:\/\/fashiongold.lt\/lv\/#website"},"primaryImageOfPage":{"@id":"https:\/\/fashiongold.lt\/lv\/papuosalas\/laboratorija-audzets-dimants-050-ct-izcilas-kvalitates-d-krasa-vvs1-dzidrums\/#primaryimage"},"image":{"@id":"https:\/\/fashiongold.lt\/lv\/papuosalas\/laboratorija-audzets-dimants-050-ct-izcilas-kvalitates-d-krasa-vvs1-dzidrums\/#primaryimage"},"thumbnailUrl":"https:\/\/fashiongold.lt\/wp-content\/uploads\/2025\/10\/3407-773-Lab-Grown-Deimantas-050-ct-Isskirtines-kokybes-D-Spalva-VVS1-Svarumas.png","datePublished":"2025-10-09T20:29:55+00:00","breadcrumb":{"@id":"https:\/\/fashiongold.lt\/lv\/papuosalas\/laboratorija-audzets-dimants-050-ct-izcilas-kvalitates-d-krasa-vvs1-dzidrums\/#breadcrumb"},"inLanguage":"lv-LV","potentialAction":[{"@type":"ReadAction","target":["https:\/\/fashiongold.lt\/lv\/papuosalas\/laboratorija-audzets-dimants-050-ct-izcilas-kvalitates-d-krasa-vvs1-dzidrums\/"]}]},{"@type":"ImageObject","inLanguage":"lv-LV","@id":"https:\/\/fashiongold.lt\/lv\/papuosalas\/laboratorija-audzets-dimants-050-ct-izcilas-kvalitates-d-krasa-vvs1-dzidrums\/#primaryimage","url":"https:\/\/fashiongold.lt\/wp-content\/uploads\/2025\/10\/3407-773-Lab-Grown-Deimantas-050-ct-Isskirtines-kokybes-D-Spalva-VVS1-Svarumas.png","contentUrl":"https:\/\/fashiongold.lt\/wp-content\/uploads\/2025\/10\/3407-773-Lab-Grown-Deimantas-050-ct-Isskirtines-kokybes-D-Spalva-VVS1-Svarumas.png","width":463,"height":418},{"@type":"BreadcrumbList","@id":"https:\/\/fashiongold.lt\/lv\/papuosalas\/laboratorija-audzets-dimants-050-ct-izcilas-kvalitates-d-krasa-vvs1-dzidrums\/#breadcrumb","itemListElement":[{"@type":"ListItem","position":1,"name":"Home","item":"https:\/\/fashiongold.lt\/lv\/"},{"@type":"ListItem","position":2,"name":"Dimantu veikals Fashiongold.lt","item":"https:\/\/fashiongold.lt\/shop-2\/"},{"@type":"ListItem","position":3,"name":"Laboratorij\u0101 audz\u0113ts dimants 0,50 ct Izcilas kvalit\u0101tes D kr\u0101sa VVS1 dzidrums"}]},{"@type":"WebSite","@id":"https:\/\/fashiongold.lt\/lv\/#website","url":"https:\/\/fashiongold.lt\/lv\/","name":"Fashion Gold","description":"Juvelyrikos namai","publisher":{"@id":"https:\/\/fashiongold.lt\/lv\/#organization"},"potentialAction":[{"@type":"SearchAction","target":{"@type":"EntryPoint","urlTemplate":"https:\/\/fashiongold.lt\/lv\/?s={search_term_string}"},"query-input":{"@type":"PropertyValueSpecification","valueRequired":true,"valueName":"search_term_string"}}],"inLanguage":"lv-LV"},{"@type":"Organization","@id":"https:\/\/fashiongold.lt\/lv\/#organization","name":"Topdiamonds Online","url":"https:\/\/fashiongold.lt\/lv\/","logo":{"@type":"ImageObject","inLanguage":"lv-LV","@id":"https:\/\/fashiongold.lt\/lv\/#\/schema\/logo\/image\/","url":"https:\/\/fashiongold.lt\/wp-content\/uploads\/2025\/04\/cropped-fashion_gold_logotipas2-scaled-1.png","contentUrl":"https:\/\/fashiongold.lt\/wp-content\/uploads\/2025\/04\/cropped-fashion_gold_logotipas2-scaled-1.png","width":2559,"height":421,"caption":"Topdiamonds Online"},"image":{"@id":"https:\/\/fashiongold.lt\/lv\/#\/schema\/logo\/image\/"}}]}},"_links":{"self":[{"href":"https:\/\/fashiongold.lt\/lv\/wp-json\/wp\/v2\/product\/289994","targetHints":{"allow":["GET"]}}],"collection":[{"href":"https:\/\/fashiongold.lt\/lv\/wp-json\/wp\/v2\/product"}],"about":[{"href":"https:\/\/fashiongold.lt\/lv\/wp-json\/wp\/v2\/types\/product"}],"version-history":[{"count":0,"href":"https:\/\/fashiongold.lt\/lv\/wp-json\/wp\/v2\/product\/289994\/revisions"}],"wp:featuredmedia":[{"embeddable":true,"href":"https:\/\/fashiongold.lt\/lv\/wp-json\/wp\/v2\/media\/67580"}],"wp:attachment":[{"href":"https:\/\/fashiongold.lt\/lv\/wp-json\/wp\/v2\/media?parent=289994"}],"wp:term":[{"taxonomy":"product_brand","embeddable":true,"href":"https:\/\/fashiongold.lt\/lv\/wp-json\/wp\/v2\/product_brand?post=289994"},{"taxonomy":"product_cat","embeddable":true,"href":"https:\/\/fashiongold.lt\/lv\/wp-json\/wp\/v2\/product_cat?post=289994"},{"taxonomy":"product_tag","embeddable":true,"href":"https:\/\/fashiongold.lt\/lv\/wp-json\/wp\/v2\/product_tag?post=289994"}],"curies":[{"name":"wp","href":"https:\/\/api.w.org\/{rel}","templated":true}]}}