{"id":290029,"date":"2025-10-09T20:29:28","date_gmt":"2025-10-09T20:29:28","guid":{"rendered":"https:\/\/fashiongold.lt\/papuosalas\/008-ct-zilas-krasas-apalas-formas-dimants-zila-zvaigzne\/"},"modified":"2025-10-09T20:29:28","modified_gmt":"2025-10-09T20:29:28","slug":"008-ct-zilas-krasas-apalas-formas-dimants-zila-zvaigzne","status":"publish","type":"product","link":"https:\/\/fashiongold.lt\/lv\/papuosalas\/008-ct-zilas-krasas-apalas-formas-dimants-zila-zvaigzne\/","title":{"rendered":"0,08 ct zilas kr\u0101sas apa\u013cas formas dimants Zil\u0101 zvaigzne"},"content":{"rendered":"<h4 style=\"box-sizing: border-box; font-family: Nunito; line-height: 1.1; color: #333333; margin: 0px 0px 15px; font-size: 18px; text-transform: uppercase;\"><span style=\"box-sizing: border-box;\">INFORM\u0100CIJA PAR dimantu:<\/span><\/h4>\n<ul style=\"box-sizing: border-box; margin-top: 0px; margin-bottom: 10px; color: #333333; font-family: Nunito; font-size: 15px;\">\n<li style=\"box-sizing: border-box;\">Akmens: Dab\u012bgs dimants (briljants)<\/li>\n<li style=\"box-sizing: border-box;\">Akmens forma: Apa\u013ca (57 \u0161\u0137autnes)<\/li>\n<li style=\"box-sizing: border-box;\">Akmens svars: 0,08 ct (2,8 mm)<\/li>\n<li style=\"box-sizing: border-box;\">Akmens kr\u0101sa: za\u013cganzila (angl. Deep &#8220;ocean&#8221;)<\/li>\n<li style=\"box-sizing: border-box;\">Akmens dzidrums: &#8211;<\/li>\n<li style=\"box-sizing: border-box;\">Sertifik\u0101ts (laboratorija): Lietuvas Prove\u0161anas pal\u0101ta (LPR), kas apliecina dimanta kvalit\u0101ti<\/li>\n<li style=\"box-sizing: border-box;\">Bezmaksas iepakojums<\/li>\n<\/ul>\n","protected":false},"excerpt":{"rendered":"<p>Iegrimstiet zilo debesu \u0161arm\u0101 ar \u201eZil\u0101 zvaigzne\u201d, satrieco\u0161u zilas kr\u0101sas apa\u013cu 0,08 ct dimantu. \u0160is akmens ne tikai apbur ar savu spilgto un zilo toni, bet ar\u012b piesaista uzman\u012bbu ar savu ma\u0123isko skaistuma sp\u0113ku. \u201eZil\u0101 zvaigzne\u201d ir \u012bsta zvaigzne, kas mirdz zilaj\u0101s debes\u012bs un nes sev\u012b sl\u0113ptu \u0161armu. Ar savu apa\u013co formu tas pie\u0161\u0137ir smalkuma un elegances akcentu. \u0160is 0,08 ct zilas kr\u0101sas dimants ir ne tikai rota, bet ar\u012b j\u016bsu unikalit\u0101tes un stila simbols. \u013baujiet \u0161im dimantam pie\u0161\u0137irt j\u016bsu dz\u012bvei \u0161armu, nosl\u0113pumain\u012bbu un eleganci.<\/p>\n","protected":false},"featured_media":67524,"template":"","meta":{"site-sidebar-layout":"","site-content-layout":"","ast-site-content-layout":"","site-content-style":"","site-sidebar-style":"","ast-global-header-display":"","ast-banner-title-visibility":"","ast-main-header-display":"","ast-hfb-above-header-display":"","ast-hfb-below-header-display":"","ast-hfb-mobile-header-display":"","site-post-title":"","ast-breadcrumbs-content":"","ast-featured-img":"","footer-sml-layout":"","ast-disable-related-posts":"","theme-transparent-header-meta":"","adv-header-id-meta":"","stick-header-meta":"","header-above-stick-meta":"","header-main-stick-meta":"","header-below-stick-meta":"","astra-migrate-meta-layouts":"default","ast-page-background-enabled":"default","ast-page-background-meta":{"desktop":{"background-color":"var(--ast-global-color-4)","background-image":"","background-repeat":"repeat","background-position":"center center","background-size":"auto","background-attachment":"scroll","background-type":"","background-media":"","overlay-type":"","overlay-color":"","overlay-opacity":"","overlay-gradient":""},"tablet":{"background-color":"","background-image":"","background-repeat":"repeat","background-position":"center center","background-size":"auto","background-attachment":"scroll","background-type":"","background-media":"","overlay-type":"","overlay-color":"","overlay-opacity":"","overlay-gradient":""},"mobile":{"background-color":"","background-image":"","background-repeat":"repeat","background-position":"center center","background-size":"auto","background-attachment":"scroll","background-type":"","background-media":"","overlay-type":"","overlay-color":"","overlay-opacity":"","overlay-gradient":""}},"ast-content-background-meta":{"desktop":{"background-color":"var(--ast-global-color-5)","background-image":"","background-repeat":"repeat","background-position":"center center","background-size":"auto","background-attachment":"scroll","background-type":"","background-media":"","overlay-type":"","overlay-color":"","overlay-opacity":"","overlay-gradient":""},"tablet":{"background-color":"var(--ast-global-color-5)","background-image":"","background-repeat":"repeat","background-position":"center center","background-size":"auto","background-attachment":"scroll","background-type":"","background-media":"","overlay-type":"","overlay-color":"","overlay-opacity":"","overlay-gradient":""},"mobile":{"background-color":"var(--ast-global-color-5)","background-image":"","background-repeat":"repeat","background-position":"center center","background-size":"auto","background-attachment":"scroll","background-type":"","background-media":"","overlay-type":"","overlay-color":"","overlay-opacity":"","overlay-gradient":""}}},"product_brand":[],"product_cat":[4087,2915,2913,2921,2920,3403,2916,2914,2917,3648,4086,3401,2931,2936,2918],"product_tag":[],"class_list":{"0":"post-290029","1":"product","2":"type-product","3":"status-publish","4":"has-post-thumbnail","6":"product_cat-dabiskie-dimanti-briljanti-lidz-030-karatiem","7":"product_cat-davanas-berna-piedzimsanai","8":"product_cat-davanas-dzimsanas-diena","9":"product_cat-davanas-ipasiem-gadijumiem","10":"product_cat-davanas-izlaidumam","11":"product_cat-davanas-kazam","12":"product_cat-davanas-kazu-gadadiena","13":"product_cat-davanas-sievietem","14":"product_cat-davanas-viriesiem","15":"product_cat-dimanti-un-briljanti","16":"product_cat-krasaini-dimanti-briljanti","17":"product_cat-kristibu-davanas","18":"product_cat-rotaslietas-viriesiem","19":"product_cat-valentindienas-davanas","20":"product_cat-ziemassvetku-davanas","21":"desktop-align-center","22":"tablet-align-left","23":"mobile-align-left","24":"ast-product-gallery-layout-horizontal-slider","25":"ast-product-gallery-with-no-image","26":"ast-product-tabs-layout-accordion","27":"ast-qv-on-image","29":"first","30":"instock","31":"taxable","32":"shipping-taxable","33":"purchasable","34":"product-type-simple"},"yoast_head":"<!-- This site is optimized with the Yoast SEO plugin v26.6 - https:\/\/yoast.com\/wordpress\/plugins\/seo\/ -->\n<title>0,08 ct zilas kr\u0101sas apa\u013cas formas dimants Zil\u0101 zvaigzne - FashionGold.lt<\/title>\n<meta name=\"robots\" content=\"index, follow, max-snippet:-1, max-image-preview:large, max-video-preview:-1\" \/>\n<link rel=\"canonical\" href=\"https:\/\/fashiongold.lt\/lv\/papuosalas\/008-ct-zilas-krasas-apalas-formas-dimants-zila-zvaigzne\/\" \/>\n<meta property=\"og:locale\" content=\"lv_LV\" \/>\n<meta property=\"og:type\" content=\"article\" \/>\n<meta property=\"og:title\" content=\"0,08 ct zilas kr\u0101sas apa\u013cas formas dimants Zil\u0101 zvaigzne - FashionGold.lt\" \/>\n<meta property=\"og:description\" content=\"Iegrimstiet zilo debesu \u0161arm\u0101 ar \u201eZil\u0101 zvaigzne\u201d, satrieco\u0161u zilas kr\u0101sas apa\u013cu 0,08 ct dimantu. \u0160is akmens ne tikai apbur ar savu spilgto un zilo toni, bet ar\u012b piesaista uzman\u012bbu ar savu ma\u0123isko skaistuma sp\u0113ku. \u201eZil\u0101 zvaigzne\u201d ir \u012bsta zvaigzne, kas mirdz zilaj\u0101s debes\u012bs un nes sev\u012b sl\u0113ptu \u0161armu. Ar savu apa\u013co formu tas pie\u0161\u0137ir smalkuma un elegances akcentu. \u0160is 0,08 ct zilas kr\u0101sas dimants ir ne tikai rota, bet ar\u012b j\u016bsu unikalit\u0101tes un stila simbols. \u013baujiet \u0161im dimantam pie\u0161\u0137irt j\u016bsu dz\u012bvei \u0161armu, nosl\u0113pumain\u012bbu un eleganci.\" \/>\n<meta property=\"og:url\" content=\"https:\/\/fashiongold.lt\/lv\/papuosalas\/008-ct-zilas-krasas-apalas-formas-dimants-zila-zvaigzne\/\" \/>\n<meta property=\"og:site_name\" content=\"FashionGold.lt\" \/>\n<meta property=\"og:image\" content=\"https:\/\/fashiongold.lt\/wp-content\/uploads\/2025\/10\/3395-13c-008-ct-melynos-spalvos-apvalios-formos-deimantas.webp\" \/>\n\t<meta property=\"og:image:width\" content=\"472\" \/>\n\t<meta property=\"og:image:height\" content=\"474\" \/>\n\t<meta property=\"og:image:type\" content=\"image\/png\" \/>\n<meta name=\"twitter:card\" content=\"summary_large_image\" \/>\n<script type=\"application\/ld+json\" class=\"yoast-schema-graph\">{\"@context\":\"https:\/\/schema.org\",\"@graph\":[{\"@type\":\"WebPage\",\"@id\":\"https:\/\/fashiongold.lt\/lv\/papuosalas\/008-ct-zilas-krasas-apalas-formas-dimants-zila-zvaigzne\/\",\"url\":\"https:\/\/fashiongold.lt\/lv\/papuosalas\/008-ct-zilas-krasas-apalas-formas-dimants-zila-zvaigzne\/\",\"name\":\"0,08 ct zilas kr\u0101sas apa\u013cas formas dimants Zil\u0101 zvaigzne - FashionGold.lt\",\"isPartOf\":{\"@id\":\"https:\/\/fashiongold.lt\/lv\/#website\"},\"primaryImageOfPage\":{\"@id\":\"https:\/\/fashiongold.lt\/lv\/papuosalas\/008-ct-zilas-krasas-apalas-formas-dimants-zila-zvaigzne\/#primaryimage\"},\"image\":{\"@id\":\"https:\/\/fashiongold.lt\/lv\/papuosalas\/008-ct-zilas-krasas-apalas-formas-dimants-zila-zvaigzne\/#primaryimage\"},\"thumbnailUrl\":\"https:\/\/fashiongold.lt\/wp-content\/uploads\/2025\/10\/3395-13c-008-ct-melynos-spalvos-apvalios-formos-deimantas.png\",\"datePublished\":\"2025-10-09T20:29:28+00:00\",\"breadcrumb\":{\"@id\":\"https:\/\/fashiongold.lt\/lv\/papuosalas\/008-ct-zilas-krasas-apalas-formas-dimants-zila-zvaigzne\/#breadcrumb\"},\"inLanguage\":\"lv-LV\",\"potentialAction\":[{\"@type\":\"ReadAction\",\"target\":[\"https:\/\/fashiongold.lt\/lv\/papuosalas\/008-ct-zilas-krasas-apalas-formas-dimants-zila-zvaigzne\/\"]}]},{\"@type\":\"ImageObject\",\"inLanguage\":\"lv-LV\",\"@id\":\"https:\/\/fashiongold.lt\/lv\/papuosalas\/008-ct-zilas-krasas-apalas-formas-dimants-zila-zvaigzne\/#primaryimage\",\"url\":\"https:\/\/fashiongold.lt\/wp-content\/uploads\/2025\/10\/3395-13c-008-ct-melynos-spalvos-apvalios-formos-deimantas.png\",\"contentUrl\":\"https:\/\/fashiongold.lt\/wp-content\/uploads\/2025\/10\/3395-13c-008-ct-melynos-spalvos-apvalios-formos-deimantas.png\",\"width\":472,\"height\":474},{\"@type\":\"BreadcrumbList\",\"@id\":\"https:\/\/fashiongold.lt\/lv\/papuosalas\/008-ct-zilas-krasas-apalas-formas-dimants-zila-zvaigzne\/#breadcrumb\",\"itemListElement\":[{\"@type\":\"ListItem\",\"position\":1,\"name\":\"Home\",\"item\":\"https:\/\/fashiongold.lt\/lv\/\"},{\"@type\":\"ListItem\",\"position\":2,\"name\":\"Dimantu veikals Fashiongold.lt\",\"item\":\"https:\/\/fashiongold.lt\/shop-2\/\"},{\"@type\":\"ListItem\",\"position\":3,\"name\":\"0,08 ct zilas kr\u0101sas apa\u013cas formas dimants Zil\u0101 zvaigzne\"}]},{\"@type\":\"WebSite\",\"@id\":\"https:\/\/fashiongold.lt\/lv\/#website\",\"url\":\"https:\/\/fashiongold.lt\/lv\/\",\"name\":\"Fashion Gold\",\"description\":\"Juvelyrikos namai\",\"publisher\":{\"@id\":\"https:\/\/fashiongold.lt\/lv\/#organization\"},\"potentialAction\":[{\"@type\":\"SearchAction\",\"target\":{\"@type\":\"EntryPoint\",\"urlTemplate\":\"https:\/\/fashiongold.lt\/lv\/?s={search_term_string}\"},\"query-input\":{\"@type\":\"PropertyValueSpecification\",\"valueRequired\":true,\"valueName\":\"search_term_string\"}}],\"inLanguage\":\"lv-LV\"},{\"@type\":\"Organization\",\"@id\":\"https:\/\/fashiongold.lt\/lv\/#organization\",\"name\":\"Topdiamonds Online\",\"url\":\"https:\/\/fashiongold.lt\/lv\/\",\"logo\":{\"@type\":\"ImageObject\",\"inLanguage\":\"lv-LV\",\"@id\":\"https:\/\/fashiongold.lt\/lv\/#\/schema\/logo\/image\/\",\"url\":\"https:\/\/fashiongold.lt\/wp-content\/uploads\/2025\/04\/cropped-fashion_gold_logotipas2-scaled-1.png\",\"contentUrl\":\"https:\/\/fashiongold.lt\/wp-content\/uploads\/2025\/04\/cropped-fashion_gold_logotipas2-scaled-1.png\",\"width\":2559,\"height\":421,\"caption\":\"Topdiamonds Online\"},\"image\":{\"@id\":\"https:\/\/fashiongold.lt\/lv\/#\/schema\/logo\/image\/\"}}]}<\/script>\n<!-- \/ Yoast SEO plugin. -->","yoast_head_json":{"title":"0,08 ct zilas kr\u0101sas apa\u013cas formas dimants Zil\u0101 zvaigzne - FashionGold.lt","robots":{"index":"index","follow":"follow","max-snippet":"max-snippet:-1","max-image-preview":"max-image-preview:large","max-video-preview":"max-video-preview:-1"},"canonical":"https:\/\/fashiongold.lt\/lv\/papuosalas\/008-ct-zilas-krasas-apalas-formas-dimants-zila-zvaigzne\/","og_locale":"lv_LV","og_type":"article","og_title":"0,08 ct zilas kr\u0101sas apa\u013cas formas dimants Zil\u0101 zvaigzne - FashionGold.lt","og_description":"Iegrimstiet zilo debesu \u0161arm\u0101 ar \u201eZil\u0101 zvaigzne\u201d, satrieco\u0161u zilas kr\u0101sas apa\u013cu 0,08 ct dimantu. \u0160is akmens ne tikai apbur ar savu spilgto un zilo toni, bet ar\u012b piesaista uzman\u012bbu ar savu ma\u0123isko skaistuma sp\u0113ku. \u201eZil\u0101 zvaigzne\u201d ir \u012bsta zvaigzne, kas mirdz zilaj\u0101s debes\u012bs un nes sev\u012b sl\u0113ptu \u0161armu. Ar savu apa\u013co formu tas pie\u0161\u0137ir smalkuma un elegances akcentu. \u0160is 0,08 ct zilas kr\u0101sas dimants ir ne tikai rota, bet ar\u012b j\u016bsu unikalit\u0101tes un stila simbols. \u013baujiet \u0161im dimantam pie\u0161\u0137irt j\u016bsu dz\u012bvei \u0161armu, nosl\u0113pumain\u012bbu un eleganci.","og_url":"https:\/\/fashiongold.lt\/lv\/papuosalas\/008-ct-zilas-krasas-apalas-formas-dimants-zila-zvaigzne\/","og_site_name":"FashionGold.lt","og_image":[{"width":472,"height":474,"url":"https:\/\/fashiongold.lt\/wp-content\/uploads\/2025\/10\/3395-13c-008-ct-melynos-spalvos-apvalios-formos-deimantas.webp","type":"image\/png"}],"twitter_card":"summary_large_image","schema":{"@context":"https:\/\/schema.org","@graph":[{"@type":"WebPage","@id":"https:\/\/fashiongold.lt\/lv\/papuosalas\/008-ct-zilas-krasas-apalas-formas-dimants-zila-zvaigzne\/","url":"https:\/\/fashiongold.lt\/lv\/papuosalas\/008-ct-zilas-krasas-apalas-formas-dimants-zila-zvaigzne\/","name":"0,08 ct zilas kr\u0101sas apa\u013cas formas dimants Zil\u0101 zvaigzne - FashionGold.lt","isPartOf":{"@id":"https:\/\/fashiongold.lt\/lv\/#website"},"primaryImageOfPage":{"@id":"https:\/\/fashiongold.lt\/lv\/papuosalas\/008-ct-zilas-krasas-apalas-formas-dimants-zila-zvaigzne\/#primaryimage"},"image":{"@id":"https:\/\/fashiongold.lt\/lv\/papuosalas\/008-ct-zilas-krasas-apalas-formas-dimants-zila-zvaigzne\/#primaryimage"},"thumbnailUrl":"https:\/\/fashiongold.lt\/wp-content\/uploads\/2025\/10\/3395-13c-008-ct-melynos-spalvos-apvalios-formos-deimantas.png","datePublished":"2025-10-09T20:29:28+00:00","breadcrumb":{"@id":"https:\/\/fashiongold.lt\/lv\/papuosalas\/008-ct-zilas-krasas-apalas-formas-dimants-zila-zvaigzne\/#breadcrumb"},"inLanguage":"lv-LV","potentialAction":[{"@type":"ReadAction","target":["https:\/\/fashiongold.lt\/lv\/papuosalas\/008-ct-zilas-krasas-apalas-formas-dimants-zila-zvaigzne\/"]}]},{"@type":"ImageObject","inLanguage":"lv-LV","@id":"https:\/\/fashiongold.lt\/lv\/papuosalas\/008-ct-zilas-krasas-apalas-formas-dimants-zila-zvaigzne\/#primaryimage","url":"https:\/\/fashiongold.lt\/wp-content\/uploads\/2025\/10\/3395-13c-008-ct-melynos-spalvos-apvalios-formos-deimantas.png","contentUrl":"https:\/\/fashiongold.lt\/wp-content\/uploads\/2025\/10\/3395-13c-008-ct-melynos-spalvos-apvalios-formos-deimantas.png","width":472,"height":474},{"@type":"BreadcrumbList","@id":"https:\/\/fashiongold.lt\/lv\/papuosalas\/008-ct-zilas-krasas-apalas-formas-dimants-zila-zvaigzne\/#breadcrumb","itemListElement":[{"@type":"ListItem","position":1,"name":"Home","item":"https:\/\/fashiongold.lt\/lv\/"},{"@type":"ListItem","position":2,"name":"Dimantu veikals Fashiongold.lt","item":"https:\/\/fashiongold.lt\/shop-2\/"},{"@type":"ListItem","position":3,"name":"0,08 ct zilas kr\u0101sas apa\u013cas formas dimants Zil\u0101 zvaigzne"}]},{"@type":"WebSite","@id":"https:\/\/fashiongold.lt\/lv\/#website","url":"https:\/\/fashiongold.lt\/lv\/","name":"Fashion Gold","description":"Juvelyrikos namai","publisher":{"@id":"https:\/\/fashiongold.lt\/lv\/#organization"},"potentialAction":[{"@type":"SearchAction","target":{"@type":"EntryPoint","urlTemplate":"https:\/\/fashiongold.lt\/lv\/?s={search_term_string}"},"query-input":{"@type":"PropertyValueSpecification","valueRequired":true,"valueName":"search_term_string"}}],"inLanguage":"lv-LV"},{"@type":"Organization","@id":"https:\/\/fashiongold.lt\/lv\/#organization","name":"Topdiamonds Online","url":"https:\/\/fashiongold.lt\/lv\/","logo":{"@type":"ImageObject","inLanguage":"lv-LV","@id":"https:\/\/fashiongold.lt\/lv\/#\/schema\/logo\/image\/","url":"https:\/\/fashiongold.lt\/wp-content\/uploads\/2025\/04\/cropped-fashion_gold_logotipas2-scaled-1.png","contentUrl":"https:\/\/fashiongold.lt\/wp-content\/uploads\/2025\/04\/cropped-fashion_gold_logotipas2-scaled-1.png","width":2559,"height":421,"caption":"Topdiamonds Online"},"image":{"@id":"https:\/\/fashiongold.lt\/lv\/#\/schema\/logo\/image\/"}}]}},"_links":{"self":[{"href":"https:\/\/fashiongold.lt\/lv\/wp-json\/wp\/v2\/product\/290029","targetHints":{"allow":["GET"]}}],"collection":[{"href":"https:\/\/fashiongold.lt\/lv\/wp-json\/wp\/v2\/product"}],"about":[{"href":"https:\/\/fashiongold.lt\/lv\/wp-json\/wp\/v2\/types\/product"}],"version-history":[{"count":0,"href":"https:\/\/fashiongold.lt\/lv\/wp-json\/wp\/v2\/product\/290029\/revisions"}],"wp:featuredmedia":[{"embeddable":true,"href":"https:\/\/fashiongold.lt\/lv\/wp-json\/wp\/v2\/media\/67524"}],"wp:attachment":[{"href":"https:\/\/fashiongold.lt\/lv\/wp-json\/wp\/v2\/media?parent=290029"}],"wp:term":[{"taxonomy":"product_brand","embeddable":true,"href":"https:\/\/fashiongold.lt\/lv\/wp-json\/wp\/v2\/product_brand?post=290029"},{"taxonomy":"product_cat","embeddable":true,"href":"https:\/\/fashiongold.lt\/lv\/wp-json\/wp\/v2\/product_cat?post=290029"},{"taxonomy":"product_tag","embeddable":true,"href":"https:\/\/fashiongold.lt\/lv\/wp-json\/wp\/v2\/product_tag?post=290029"}],"curies":[{"name":"wp","href":"https:\/\/api.w.org\/{rel}","templated":true}]}}