{"id":290074,"date":"2025-10-09T20:29:02","date_gmt":"2025-10-09T20:29:02","guid":{"rendered":"https:\/\/fashiongold.lt\/papuosalas\/saules-karaliene-062-ct-ipasi-dzeltenas-krasas-cushion-formas-dimants\/"},"modified":"2025-10-09T20:29:02","modified_gmt":"2025-10-09T20:29:02","slug":"saules-karaliene-062-ct-ipasi-dzeltenas-krasas-cushion-formas-dimants","status":"publish","type":"product","link":"https:\/\/fashiongold.lt\/lv\/papuosalas\/saules-karaliene-062-ct-ipasi-dzeltenas-krasas-cushion-formas-dimants\/","title":{"rendered":"Saules karaliene: 0,62 ct \u012bpa\u0161i dzeltenas kr\u0101sas Cushion formas dimants"},"content":{"rendered":"<p>Ieejiet mirdzo\u0161as saules karalist\u0113 ar &#8220;Saules karalieni&#8221;, \u012bpa\u0161i dzeltenu 0,62 ct Cushion formas dimantu. \u0160is akmens apbur ar savu intens\u012bvo, gai\u0161o un ener\u0123isko dzelteno kr\u0101su, kas atg\u0101dina siltumu un saules starus. T\u0101 Cushion forma rada pat\u012bkamu un iespaid\u012bgu izskatu, pie\u0161\u0137irot eleganci un unikalit\u0101ti. \u0160is \u012bpa\u0161i dzeltenais dimants ir \u012bsta &#8220;Saules karaliene&#8221;, kas izcili mirdz sav\u0101 karalist\u0113. Tas ir ne tikai izteiksm\u012bgs un iespaid\u012bgs aksesu\u0101rs, bet ar\u012b simboliz\u0113 j\u016bsu person\u012bbas mirdzumu. \u013baujiet &#8220;Saules karalienes&#8221; \u0161armam bag\u0101tin\u0101t j\u016bsu dz\u012bvi ar kr\u0101sain\u012bbu, skaistumu un unikalit\u0101ti.\u00a0<\/p>\n<h4 style=\"box-sizing: border-box; font-family: Nunito; line-height: 1.1; color: #333333; margin: 0px 0px 15px; font-size: 18px; text-transform: uppercase;\">INFORM\u0100CIJA PAR dimantu:<\/h4>\n<ul style=\"box-sizing: border-box; margin-top: 0px; margin-bottom: 10px; color: #333333; font-family: Nunito; font-size: 15px;\">\n<li style=\"box-sizing: border-box;\">Akmens: Dab\u012bgs dimants\u00a0<\/li>\n<li style=\"box-sizing: border-box;\">Akmens forma:\u00a0 <span style=\"color: #1f1f1f; font-family: 'Google Sans', Roboto, sans-serif; font-size: 12px; white-space-collapse: preserve; background-color: #ffffff;\">noapa\u013cotas kvadr\u0101ta formas dimants<\/span> (ang\u013cu val. Cushion)\u00a0<\/li>\n<li style=\"box-sizing: border-box;\">Akmens svars: 0,62 ct\u00a0<\/li>\n<li style=\"box-sizing: border-box;\">Izm\u0113rs: 4.94&#215;4.52&#215;3.1<\/li>\n<li style=\"box-sizing: border-box;\">Akmens kr\u0101sa: \u012bpa\u0161i dzeltena (ang\u013cu val. Fancy yellow)<\/li>\n<li style=\"box-sizing: border-box;\">Akmens dzidrums: VS1<\/li>\n<li style=\"box-sizing: border-box;\">Sertifik\u0101ts (laboratorija): GIA<\/li>\n<li style=\"box-sizing: border-box;\">Fluorescence: NON<\/li>\n<li style=\"box-sizing: border-box;\">Bezmaksas iepakojums.<\/li>\n<\/ul>\n","protected":false},"excerpt":{"rendered":"<p>\u013baujiet \u0161im 0,62 ct \u012bpa\u0161i dzeltenas kr\u0101sas Cushion formas dimantam pie\u0161\u0137irt j\u016bsu dz\u012bvei kr\u0101sain\u012bbu, skaistumu un unikalit\u0101ti<\/p>\n","protected":false},"featured_media":67449,"template":"","meta":{"site-sidebar-layout":"","site-content-layout":"","ast-site-content-layout":"","site-content-style":"","site-sidebar-style":"","ast-global-header-display":"","ast-banner-title-visibility":"","ast-main-header-display":"","ast-hfb-above-header-display":"","ast-hfb-below-header-display":"","ast-hfb-mobile-header-display":"","site-post-title":"","ast-breadcrumbs-content":"","ast-featured-img":"","footer-sml-layout":"","ast-disable-related-posts":"","theme-transparent-header-meta":"","adv-header-id-meta":"","stick-header-meta":"","header-above-stick-meta":"","header-main-stick-meta":"","header-below-stick-meta":"","astra-migrate-meta-layouts":"default","ast-page-background-enabled":"default","ast-page-background-meta":{"desktop":{"background-color":"var(--ast-global-color-4)","background-image":"","background-repeat":"repeat","background-position":"center center","background-size":"auto","background-attachment":"scroll","background-type":"","background-media":"","overlay-type":"","overlay-color":"","overlay-opacity":"","overlay-gradient":""},"tablet":{"background-color":"","background-image":"","background-repeat":"repeat","background-position":"center center","background-size":"auto","background-attachment":"scroll","background-type":"","background-media":"","overlay-type":"","overlay-color":"","overlay-opacity":"","overlay-gradient":""},"mobile":{"background-color":"","background-image":"","background-repeat":"repeat","background-position":"center center","background-size":"auto","background-attachment":"scroll","background-type":"","background-media":"","overlay-type":"","overlay-color":"","overlay-opacity":"","overlay-gradient":""}},"ast-content-background-meta":{"desktop":{"background-color":"var(--ast-global-color-5)","background-image":"","background-repeat":"repeat","background-position":"center center","background-size":"auto","background-attachment":"scroll","background-type":"","background-media":"","overlay-type":"","overlay-color":"","overlay-opacity":"","overlay-gradient":""},"tablet":{"background-color":"var(--ast-global-color-5)","background-image":"","background-repeat":"repeat","background-position":"center center","background-size":"auto","background-attachment":"scroll","background-type":"","background-media":"","overlay-type":"","overlay-color":"","overlay-opacity":"","overlay-gradient":""},"mobile":{"background-color":"var(--ast-global-color-5)","background-image":"","background-repeat":"repeat","background-position":"center center","background-size":"auto","background-attachment":"scroll","background-type":"","background-media":"","overlay-type":"","overlay-color":"","overlay-opacity":"","overlay-gradient":""}}},"product_brand":[],"product_cat":[2915,2913,2921,2920,3403,2916,2914,2917,3648,4086,3401,2922,2936,2918],"product_tag":[],"class_list":{"0":"post-290074","1":"product","2":"type-product","3":"status-publish","4":"has-post-thumbnail","6":"product_cat-davanas-berna-piedzimsanai","7":"product_cat-davanas-dzimsanas-diena","8":"product_cat-davanas-ipasiem-gadijumiem","9":"product_cat-davanas-izlaidumam","10":"product_cat-davanas-kazam","11":"product_cat-davanas-kazu-gadadiena","12":"product_cat-davanas-sievietem","13":"product_cat-davanas-viriesiem","14":"product_cat-dimanti-un-briljanti","15":"product_cat-krasaini-dimanti-briljanti","16":"product_cat-kristibu-davanas","17":"product_cat-mates-dienas-davanas","18":"product_cat-valentindienas-davanas","19":"product_cat-ziemassvetku-davanas","20":"desktop-align-center","21":"tablet-align-left","22":"mobile-align-left","23":"ast-product-gallery-layout-horizontal-slider","24":"ast-product-gallery-with-no-image","25":"ast-product-tabs-layout-accordion","26":"ast-qv-on-image","28":"first","29":"instock","30":"taxable","31":"shipping-taxable","32":"purchasable","33":"product-type-simple"},"yoast_head":"<!-- This site is optimized with the Yoast SEO plugin v26.6 - https:\/\/yoast.com\/wordpress\/plugins\/seo\/ -->\n<title>Saules karaliene: 0,62 ct \u012bpa\u0161i dzeltenas kr\u0101sas Cushion formas dimants - FashionGold.lt<\/title>\n<meta name=\"robots\" content=\"index, follow, max-snippet:-1, max-image-preview:large, max-video-preview:-1\" \/>\n<link rel=\"canonical\" href=\"https:\/\/fashiongold.lt\/lv\/papuosalas\/saules-karaliene-062-ct-ipasi-dzeltenas-krasas-cushion-formas-dimants\/\" \/>\n<meta property=\"og:locale\" content=\"lv_LV\" \/>\n<meta property=\"og:type\" content=\"article\" \/>\n<meta property=\"og:title\" content=\"Saules karaliene: 0,62 ct \u012bpa\u0161i dzeltenas kr\u0101sas Cushion formas dimants - FashionGold.lt\" \/>\n<meta property=\"og:description\" content=\"\u013baujiet \u0161im 0,62 ct \u012bpa\u0161i dzeltenas kr\u0101sas Cushion formas dimantam pie\u0161\u0137irt j\u016bsu dz\u012bvei kr\u0101sain\u012bbu, skaistumu un unikalit\u0101ti\" \/>\n<meta property=\"og:url\" content=\"https:\/\/fashiongold.lt\/lv\/papuosalas\/saules-karaliene-062-ct-ipasi-dzeltenas-krasas-cushion-formas-dimants\/\" \/>\n<meta property=\"og:site_name\" content=\"FashionGold.lt\" \/>\n<meta property=\"og:image\" content=\"https:\/\/fashiongold.lt\/wp-content\/uploads\/2025\/10\/3371-3c9-062-ct-ypatingai-geltonos-spalvos-Cushion-formos-deimantas.webp\" \/>\n\t<meta property=\"og:image:width\" content=\"210\" \/>\n\t<meta property=\"og:image:height\" content=\"205\" \/>\n\t<meta property=\"og:image:type\" content=\"image\/png\" \/>\n<meta name=\"twitter:card\" content=\"summary_large_image\" \/>\n<meta name=\"twitter:label1\" content=\"Est. reading time\" \/>\n\t<meta name=\"twitter:data1\" content=\"1 minute\" \/>\n<script type=\"application\/ld+json\" class=\"yoast-schema-graph\">{\"@context\":\"https:\/\/schema.org\",\"@graph\":[{\"@type\":\"WebPage\",\"@id\":\"https:\/\/fashiongold.lt\/lv\/papuosalas\/saules-karaliene-062-ct-ipasi-dzeltenas-krasas-cushion-formas-dimants\/\",\"url\":\"https:\/\/fashiongold.lt\/lv\/papuosalas\/saules-karaliene-062-ct-ipasi-dzeltenas-krasas-cushion-formas-dimants\/\",\"name\":\"Saules karaliene: 0,62 ct \u012bpa\u0161i dzeltenas kr\u0101sas Cushion formas dimants - FashionGold.lt\",\"isPartOf\":{\"@id\":\"https:\/\/fashiongold.lt\/lv\/#website\"},\"primaryImageOfPage\":{\"@id\":\"https:\/\/fashiongold.lt\/lv\/papuosalas\/saules-karaliene-062-ct-ipasi-dzeltenas-krasas-cushion-formas-dimants\/#primaryimage\"},\"image\":{\"@id\":\"https:\/\/fashiongold.lt\/lv\/papuosalas\/saules-karaliene-062-ct-ipasi-dzeltenas-krasas-cushion-formas-dimants\/#primaryimage\"},\"thumbnailUrl\":\"https:\/\/fashiongold.lt\/wp-content\/uploads\/2025\/10\/3371-3c9-062-ct-ypatingai-geltonos-spalvos-Cushion-formos-deimantas.png\",\"datePublished\":\"2025-10-09T20:29:02+00:00\",\"breadcrumb\":{\"@id\":\"https:\/\/fashiongold.lt\/lv\/papuosalas\/saules-karaliene-062-ct-ipasi-dzeltenas-krasas-cushion-formas-dimants\/#breadcrumb\"},\"inLanguage\":\"lv-LV\",\"potentialAction\":[{\"@type\":\"ReadAction\",\"target\":[\"https:\/\/fashiongold.lt\/lv\/papuosalas\/saules-karaliene-062-ct-ipasi-dzeltenas-krasas-cushion-formas-dimants\/\"]}]},{\"@type\":\"ImageObject\",\"inLanguage\":\"lv-LV\",\"@id\":\"https:\/\/fashiongold.lt\/lv\/papuosalas\/saules-karaliene-062-ct-ipasi-dzeltenas-krasas-cushion-formas-dimants\/#primaryimage\",\"url\":\"https:\/\/fashiongold.lt\/wp-content\/uploads\/2025\/10\/3371-3c9-062-ct-ypatingai-geltonos-spalvos-Cushion-formos-deimantas.png\",\"contentUrl\":\"https:\/\/fashiongold.lt\/wp-content\/uploads\/2025\/10\/3371-3c9-062-ct-ypatingai-geltonos-spalvos-Cushion-formos-deimantas.png\",\"width\":210,\"height\":205},{\"@type\":\"BreadcrumbList\",\"@id\":\"https:\/\/fashiongold.lt\/lv\/papuosalas\/saules-karaliene-062-ct-ipasi-dzeltenas-krasas-cushion-formas-dimants\/#breadcrumb\",\"itemListElement\":[{\"@type\":\"ListItem\",\"position\":1,\"name\":\"Home\",\"item\":\"https:\/\/fashiongold.lt\/lv\/\"},{\"@type\":\"ListItem\",\"position\":2,\"name\":\"Dimantu veikals Fashiongold.lt\",\"item\":\"https:\/\/fashiongold.lt\/shop-2\/\"},{\"@type\":\"ListItem\",\"position\":3,\"name\":\"Saules karaliene: 0,62 ct \u012bpa\u0161i dzeltenas kr\u0101sas Cushion formas dimants\"}]},{\"@type\":\"WebSite\",\"@id\":\"https:\/\/fashiongold.lt\/lv\/#website\",\"url\":\"https:\/\/fashiongold.lt\/lv\/\",\"name\":\"Fashion Gold\",\"description\":\"Juvelyrikos namai\",\"publisher\":{\"@id\":\"https:\/\/fashiongold.lt\/lv\/#organization\"},\"potentialAction\":[{\"@type\":\"SearchAction\",\"target\":{\"@type\":\"EntryPoint\",\"urlTemplate\":\"https:\/\/fashiongold.lt\/lv\/?s={search_term_string}\"},\"query-input\":{\"@type\":\"PropertyValueSpecification\",\"valueRequired\":true,\"valueName\":\"search_term_string\"}}],\"inLanguage\":\"lv-LV\"},{\"@type\":\"Organization\",\"@id\":\"https:\/\/fashiongold.lt\/lv\/#organization\",\"name\":\"Topdiamonds Online\",\"url\":\"https:\/\/fashiongold.lt\/lv\/\",\"logo\":{\"@type\":\"ImageObject\",\"inLanguage\":\"lv-LV\",\"@id\":\"https:\/\/fashiongold.lt\/lv\/#\/schema\/logo\/image\/\",\"url\":\"https:\/\/fashiongold.lt\/wp-content\/uploads\/2025\/04\/cropped-fashion_gold_logotipas2-scaled-1.png\",\"contentUrl\":\"https:\/\/fashiongold.lt\/wp-content\/uploads\/2025\/04\/cropped-fashion_gold_logotipas2-scaled-1.png\",\"width\":2559,\"height\":421,\"caption\":\"Topdiamonds Online\"},\"image\":{\"@id\":\"https:\/\/fashiongold.lt\/lv\/#\/schema\/logo\/image\/\"}}]}<\/script>\n<!-- \/ Yoast SEO plugin. -->","yoast_head_json":{"title":"Saules karaliene: 0,62 ct \u012bpa\u0161i dzeltenas kr\u0101sas Cushion formas dimants - FashionGold.lt","robots":{"index":"index","follow":"follow","max-snippet":"max-snippet:-1","max-image-preview":"max-image-preview:large","max-video-preview":"max-video-preview:-1"},"canonical":"https:\/\/fashiongold.lt\/lv\/papuosalas\/saules-karaliene-062-ct-ipasi-dzeltenas-krasas-cushion-formas-dimants\/","og_locale":"lv_LV","og_type":"article","og_title":"Saules karaliene: 0,62 ct \u012bpa\u0161i dzeltenas kr\u0101sas Cushion formas dimants - FashionGold.lt","og_description":"\u013baujiet \u0161im 0,62 ct \u012bpa\u0161i dzeltenas kr\u0101sas Cushion formas dimantam pie\u0161\u0137irt j\u016bsu dz\u012bvei kr\u0101sain\u012bbu, skaistumu un unikalit\u0101ti","og_url":"https:\/\/fashiongold.lt\/lv\/papuosalas\/saules-karaliene-062-ct-ipasi-dzeltenas-krasas-cushion-formas-dimants\/","og_site_name":"FashionGold.lt","og_image":[{"width":210,"height":205,"url":"https:\/\/fashiongold.lt\/wp-content\/uploads\/2025\/10\/3371-3c9-062-ct-ypatingai-geltonos-spalvos-Cushion-formos-deimantas.webp","type":"image\/png"}],"twitter_card":"summary_large_image","twitter_misc":{"Est. reading time":"1 minute"},"schema":{"@context":"https:\/\/schema.org","@graph":[{"@type":"WebPage","@id":"https:\/\/fashiongold.lt\/lv\/papuosalas\/saules-karaliene-062-ct-ipasi-dzeltenas-krasas-cushion-formas-dimants\/","url":"https:\/\/fashiongold.lt\/lv\/papuosalas\/saules-karaliene-062-ct-ipasi-dzeltenas-krasas-cushion-formas-dimants\/","name":"Saules karaliene: 0,62 ct \u012bpa\u0161i dzeltenas kr\u0101sas Cushion formas dimants - FashionGold.lt","isPartOf":{"@id":"https:\/\/fashiongold.lt\/lv\/#website"},"primaryImageOfPage":{"@id":"https:\/\/fashiongold.lt\/lv\/papuosalas\/saules-karaliene-062-ct-ipasi-dzeltenas-krasas-cushion-formas-dimants\/#primaryimage"},"image":{"@id":"https:\/\/fashiongold.lt\/lv\/papuosalas\/saules-karaliene-062-ct-ipasi-dzeltenas-krasas-cushion-formas-dimants\/#primaryimage"},"thumbnailUrl":"https:\/\/fashiongold.lt\/wp-content\/uploads\/2025\/10\/3371-3c9-062-ct-ypatingai-geltonos-spalvos-Cushion-formos-deimantas.png","datePublished":"2025-10-09T20:29:02+00:00","breadcrumb":{"@id":"https:\/\/fashiongold.lt\/lv\/papuosalas\/saules-karaliene-062-ct-ipasi-dzeltenas-krasas-cushion-formas-dimants\/#breadcrumb"},"inLanguage":"lv-LV","potentialAction":[{"@type":"ReadAction","target":["https:\/\/fashiongold.lt\/lv\/papuosalas\/saules-karaliene-062-ct-ipasi-dzeltenas-krasas-cushion-formas-dimants\/"]}]},{"@type":"ImageObject","inLanguage":"lv-LV","@id":"https:\/\/fashiongold.lt\/lv\/papuosalas\/saules-karaliene-062-ct-ipasi-dzeltenas-krasas-cushion-formas-dimants\/#primaryimage","url":"https:\/\/fashiongold.lt\/wp-content\/uploads\/2025\/10\/3371-3c9-062-ct-ypatingai-geltonos-spalvos-Cushion-formos-deimantas.png","contentUrl":"https:\/\/fashiongold.lt\/wp-content\/uploads\/2025\/10\/3371-3c9-062-ct-ypatingai-geltonos-spalvos-Cushion-formos-deimantas.png","width":210,"height":205},{"@type":"BreadcrumbList","@id":"https:\/\/fashiongold.lt\/lv\/papuosalas\/saules-karaliene-062-ct-ipasi-dzeltenas-krasas-cushion-formas-dimants\/#breadcrumb","itemListElement":[{"@type":"ListItem","position":1,"name":"Home","item":"https:\/\/fashiongold.lt\/lv\/"},{"@type":"ListItem","position":2,"name":"Dimantu veikals Fashiongold.lt","item":"https:\/\/fashiongold.lt\/shop-2\/"},{"@type":"ListItem","position":3,"name":"Saules karaliene: 0,62 ct \u012bpa\u0161i dzeltenas kr\u0101sas Cushion formas dimants"}]},{"@type":"WebSite","@id":"https:\/\/fashiongold.lt\/lv\/#website","url":"https:\/\/fashiongold.lt\/lv\/","name":"Fashion Gold","description":"Juvelyrikos namai","publisher":{"@id":"https:\/\/fashiongold.lt\/lv\/#organization"},"potentialAction":[{"@type":"SearchAction","target":{"@type":"EntryPoint","urlTemplate":"https:\/\/fashiongold.lt\/lv\/?s={search_term_string}"},"query-input":{"@type":"PropertyValueSpecification","valueRequired":true,"valueName":"search_term_string"}}],"inLanguage":"lv-LV"},{"@type":"Organization","@id":"https:\/\/fashiongold.lt\/lv\/#organization","name":"Topdiamonds Online","url":"https:\/\/fashiongold.lt\/lv\/","logo":{"@type":"ImageObject","inLanguage":"lv-LV","@id":"https:\/\/fashiongold.lt\/lv\/#\/schema\/logo\/image\/","url":"https:\/\/fashiongold.lt\/wp-content\/uploads\/2025\/04\/cropped-fashion_gold_logotipas2-scaled-1.png","contentUrl":"https:\/\/fashiongold.lt\/wp-content\/uploads\/2025\/04\/cropped-fashion_gold_logotipas2-scaled-1.png","width":2559,"height":421,"caption":"Topdiamonds Online"},"image":{"@id":"https:\/\/fashiongold.lt\/lv\/#\/schema\/logo\/image\/"}}]}},"_links":{"self":[{"href":"https:\/\/fashiongold.lt\/lv\/wp-json\/wp\/v2\/product\/290074","targetHints":{"allow":["GET"]}}],"collection":[{"href":"https:\/\/fashiongold.lt\/lv\/wp-json\/wp\/v2\/product"}],"about":[{"href":"https:\/\/fashiongold.lt\/lv\/wp-json\/wp\/v2\/types\/product"}],"version-history":[{"count":0,"href":"https:\/\/fashiongold.lt\/lv\/wp-json\/wp\/v2\/product\/290074\/revisions"}],"wp:featuredmedia":[{"embeddable":true,"href":"https:\/\/fashiongold.lt\/lv\/wp-json\/wp\/v2\/media\/67449"}],"wp:attachment":[{"href":"https:\/\/fashiongold.lt\/lv\/wp-json\/wp\/v2\/media?parent=290074"}],"wp:term":[{"taxonomy":"product_brand","embeddable":true,"href":"https:\/\/fashiongold.lt\/lv\/wp-json\/wp\/v2\/product_brand?post=290074"},{"taxonomy":"product_cat","embeddable":true,"href":"https:\/\/fashiongold.lt\/lv\/wp-json\/wp\/v2\/product_cat?post=290074"},{"taxonomy":"product_tag","embeddable":true,"href":"https:\/\/fashiongold.lt\/lv\/wp-json\/wp\/v2\/product_tag?post=290074"}],"curies":[{"name":"wp","href":"https:\/\/api.w.org\/{rel}","templated":true}]}}