{"id":290079,"date":"2025-10-09T20:29:02","date_gmt":"2025-10-09T20:29:02","guid":{"rendered":"https:\/\/fashiongold.lt\/papuosalas\/brunas-krasas-skaistums-197-ct-brunas-krasas-apalas-formas-dimants\/"},"modified":"2025-10-09T20:29:02","modified_gmt":"2025-10-09T20:29:02","slug":"brunas-krasas-skaistums-197-ct-brunas-krasas-apalas-formas-dimants","status":"publish","type":"product","link":"https:\/\/fashiongold.lt\/lv\/papuosalas\/brunas-krasas-skaistums-197-ct-brunas-krasas-apalas-formas-dimants\/","title":{"rendered":"Br\u016bnas kr\u0101sas skaistums: 1,97 ct br\u016bnas kr\u0101sas apa\u013cas formas dimants"},"content":{"rendered":"<p>Saj\u016btiet br\u016bn\u0101s kr\u0101sas ma\u0123iju ar 1,97 ct br\u016bnas kr\u0101sas apa\u013cas formas dimantu. \u0160is satrieco\u0161ais akmens apbur ar savu toni, kas iespie\u017eas j\u016bsu dv\u0113sel\u0113. T\u0101 apa\u013c\u0101 forma ne tikai simboliz\u0113 m\u016b\u017e\u012bbu, bet ar\u012b pie\u0161\u0137ir harmonisku izskatu. Ienirstot dabas \u0161arm\u0101, \u0161is dimants iem\u016b\u017eina tum\u0161o austrumniecisko skaistuma esenci, atkl\u0101jot t\u0101 dabisko kr\u0101su un unikalit\u0101ti. Ieg\u0101d\u0101joties \u0161o 1,97 ct apa\u013c\u0101s formas dimantu, kas mirdz ar sp\u0113ku un izteiksm\u012bbu, j\u016bs k\u013c\u016bsiet ne tikai par stila, bet ar\u012b par unikalit\u0101tes piem\u0113ru. \u013baujiet \u0161im br\u016bnajam dimantam atdzimt j\u016bsu iek\u0161\u0113j\u0101 mirdzum\u0101 un piesaist\u012bt uzman\u012bbu ar savu \u012bpa\u0161o un dabas ieskauto ener\u0123iju.<\/p>\n<h4 style=\"box-sizing: border-box; font-family: Nunito; line-height: 1.1; color: #333333; margin: 0px 0px 15px; font-size: 18px; text-transform: uppercase;\">INFORM\u0100CIJA PAR dimantu:<\/h4>\n<ul style=\"box-sizing: border-box; margin-top: 0px; margin-bottom: 10px; color: #333333; font-family: Nunito; font-size: 15px;\">\n<li style=\"box-sizing: border-box;\">Akmens: Dab\u012bgais dimants\u00a0<\/li>\n<li style=\"box-sizing: border-box;\">Akmens forma:\u00a0 Apa\u013c\u0161 dimants (ang\u013cu val. Round)\u00a0<\/li>\n<li style=\"box-sizing: border-box;\">Akmens svars: 1,97 ct\u00a0<\/li>\n<li style=\"box-sizing: border-box;\">Izm\u0113rs: 8.08-8.13&#215;4.89<\/li>\n<li style=\"box-sizing: border-box;\">Akmens kr\u0101sa: Br\u016bna ( ang\u013cu val. Fancy intense brown )<\/li>\n<li style=\"box-sizing: border-box;\">Akmens t\u012br\u012bba: P1<\/li>\n<li style=\"box-sizing: border-box;\">Sertifik\u0101ts (laboratorija): HRD<\/li>\n<li style=\"box-sizing: border-box;\">Fluorescence: NON<\/li>\n<li style=\"box-sizing: border-box;\">Bezmaksas iepakojums.<\/li>\n<\/ul>\n","protected":false},"excerpt":{"rendered":"<p>\u013baujiet \u0161im br\u016bnajam dimantam pamodin\u0101t j\u016bsu iek\u0161\u0113jo mirdzumu un piesaist\u012bt uzman\u012bbu ar savu \u012bpa\u0161o un dabas ieskauto ener\u0123iju<\/p>\n","protected":false},"featured_media":67442,"template":"","meta":{"site-sidebar-layout":"","site-content-layout":"","ast-site-content-layout":"","site-content-style":"","site-sidebar-style":"","ast-global-header-display":"","ast-banner-title-visibility":"","ast-main-header-display":"","ast-hfb-above-header-display":"","ast-hfb-below-header-display":"","ast-hfb-mobile-header-display":"","site-post-title":"","ast-breadcrumbs-content":"","ast-featured-img":"","footer-sml-layout":"","ast-disable-related-posts":"","theme-transparent-header-meta":"","adv-header-id-meta":"","stick-header-meta":"","header-above-stick-meta":"","header-main-stick-meta":"","header-below-stick-meta":"","astra-migrate-meta-layouts":"default","ast-page-background-enabled":"default","ast-page-background-meta":{"desktop":{"background-color":"var(--ast-global-color-4)","background-image":"","background-repeat":"repeat","background-position":"center center","background-size":"auto","background-attachment":"scroll","background-type":"","background-media":"","overlay-type":"","overlay-color":"","overlay-opacity":"","overlay-gradient":""},"tablet":{"background-color":"","background-image":"","background-repeat":"repeat","background-position":"center center","background-size":"auto","background-attachment":"scroll","background-type":"","background-media":"","overlay-type":"","overlay-color":"","overlay-opacity":"","overlay-gradient":""},"mobile":{"background-color":"","background-image":"","background-repeat":"repeat","background-position":"center center","background-size":"auto","background-attachment":"scroll","background-type":"","background-media":"","overlay-type":"","overlay-color":"","overlay-opacity":"","overlay-gradient":""}},"ast-content-background-meta":{"desktop":{"background-color":"var(--ast-global-color-5)","background-image":"","background-repeat":"repeat","background-position":"center center","background-size":"auto","background-attachment":"scroll","background-type":"","background-media":"","overlay-type":"","overlay-color":"","overlay-opacity":"","overlay-gradient":""},"tablet":{"background-color":"var(--ast-global-color-5)","background-image":"","background-repeat":"repeat","background-position":"center center","background-size":"auto","background-attachment":"scroll","background-type":"","background-media":"","overlay-type":"","overlay-color":"","overlay-opacity":"","overlay-gradient":""},"mobile":{"background-color":"var(--ast-global-color-5)","background-image":"","background-repeat":"repeat","background-position":"center center","background-size":"auto","background-attachment":"scroll","background-type":"","background-media":"","overlay-type":"","overlay-color":"","overlay-opacity":"","overlay-gradient":""}}},"product_brand":[],"product_cat":[2915,2913,2921,2920,3403,2916,2914,2917,3648,4086,3401,2922,2936,2918],"product_tag":[],"class_list":{"0":"post-290079","1":"product","2":"type-product","3":"status-publish","4":"has-post-thumbnail","6":"product_cat-davanas-berna-piedzimsanai","7":"product_cat-davanas-dzimsanas-diena","8":"product_cat-davanas-ipasiem-gadijumiem","9":"product_cat-davanas-izlaidumam","10":"product_cat-davanas-kazam","11":"product_cat-davanas-kazu-gadadiena","12":"product_cat-davanas-sievietem","13":"product_cat-davanas-viriesiem","14":"product_cat-dimanti-un-briljanti","15":"product_cat-krasaini-dimanti-briljanti","16":"product_cat-kristibu-davanas","17":"product_cat-mates-dienas-davanas","18":"product_cat-valentindienas-davanas","19":"product_cat-ziemassvetku-davanas","20":"desktop-align-center","21":"tablet-align-left","22":"mobile-align-left","23":"ast-product-gallery-layout-horizontal-slider","24":"ast-product-gallery-with-no-image","25":"ast-product-tabs-layout-accordion","26":"ast-qv-on-image","28":"first","29":"instock","30":"taxable","31":"shipping-taxable","32":"purchasable","33":"product-type-simple"},"yoast_head":"<!-- This site is optimized with the Yoast SEO plugin v26.6 - https:\/\/yoast.com\/wordpress\/plugins\/seo\/ -->\n<title>Br\u016bnas kr\u0101sas skaistums: 1,97 ct br\u016bnas kr\u0101sas apa\u013cas formas dimants - FashionGold.lt<\/title>\n<meta name=\"robots\" content=\"index, follow, max-snippet:-1, max-image-preview:large, max-video-preview:-1\" \/>\n<link rel=\"canonical\" href=\"https:\/\/fashiongold.lt\/lv\/papuosalas\/brunas-krasas-skaistums-197-ct-brunas-krasas-apalas-formas-dimants\/\" \/>\n<meta property=\"og:locale\" content=\"lv_LV\" \/>\n<meta property=\"og:type\" content=\"article\" \/>\n<meta property=\"og:title\" content=\"Br\u016bnas kr\u0101sas skaistums: 1,97 ct br\u016bnas kr\u0101sas apa\u013cas formas dimants - FashionGold.lt\" \/>\n<meta property=\"og:description\" content=\"\u013baujiet \u0161im br\u016bnajam dimantam pamodin\u0101t j\u016bsu iek\u0161\u0113jo mirdzumu un piesaist\u012bt uzman\u012bbu ar savu \u012bpa\u0161o un dabas ieskauto ener\u0123iju\" \/>\n<meta property=\"og:url\" content=\"https:\/\/fashiongold.lt\/lv\/papuosalas\/brunas-krasas-skaistums-197-ct-brunas-krasas-apalas-formas-dimants\/\" \/>\n<meta property=\"og:site_name\" content=\"FashionGold.lt\" \/>\n<meta property=\"og:image\" content=\"https:\/\/fashiongold.lt\/wp-content\/uploads\/2025\/10\/3369-4fc-197-ct-rudos-spalvos-apvalios-formos-deimantas.webp\" \/>\n\t<meta property=\"og:image:width\" content=\"714\" \/>\n\t<meta property=\"og:image:height\" content=\"625\" \/>\n\t<meta property=\"og:image:type\" content=\"image\/png\" \/>\n<meta name=\"twitter:card\" content=\"summary_large_image\" \/>\n<meta name=\"twitter:label1\" content=\"Est. reading time\" \/>\n\t<meta name=\"twitter:data1\" content=\"1 minute\" \/>\n<script type=\"application\/ld+json\" class=\"yoast-schema-graph\">{\"@context\":\"https:\/\/schema.org\",\"@graph\":[{\"@type\":\"WebPage\",\"@id\":\"https:\/\/fashiongold.lt\/lv\/papuosalas\/brunas-krasas-skaistums-197-ct-brunas-krasas-apalas-formas-dimants\/\",\"url\":\"https:\/\/fashiongold.lt\/lv\/papuosalas\/brunas-krasas-skaistums-197-ct-brunas-krasas-apalas-formas-dimants\/\",\"name\":\"Br\u016bnas kr\u0101sas skaistums: 1,97 ct br\u016bnas kr\u0101sas apa\u013cas formas dimants - FashionGold.lt\",\"isPartOf\":{\"@id\":\"https:\/\/fashiongold.lt\/lv\/#website\"},\"primaryImageOfPage\":{\"@id\":\"https:\/\/fashiongold.lt\/lv\/papuosalas\/brunas-krasas-skaistums-197-ct-brunas-krasas-apalas-formas-dimants\/#primaryimage\"},\"image\":{\"@id\":\"https:\/\/fashiongold.lt\/lv\/papuosalas\/brunas-krasas-skaistums-197-ct-brunas-krasas-apalas-formas-dimants\/#primaryimage\"},\"thumbnailUrl\":\"https:\/\/fashiongold.lt\/wp-content\/uploads\/2025\/10\/3369-4fc-197-ct-rudos-spalvos-apvalios-formos-deimantas.png\",\"datePublished\":\"2025-10-09T20:29:02+00:00\",\"breadcrumb\":{\"@id\":\"https:\/\/fashiongold.lt\/lv\/papuosalas\/brunas-krasas-skaistums-197-ct-brunas-krasas-apalas-formas-dimants\/#breadcrumb\"},\"inLanguage\":\"lv-LV\",\"potentialAction\":[{\"@type\":\"ReadAction\",\"target\":[\"https:\/\/fashiongold.lt\/lv\/papuosalas\/brunas-krasas-skaistums-197-ct-brunas-krasas-apalas-formas-dimants\/\"]}]},{\"@type\":\"ImageObject\",\"inLanguage\":\"lv-LV\",\"@id\":\"https:\/\/fashiongold.lt\/lv\/papuosalas\/brunas-krasas-skaistums-197-ct-brunas-krasas-apalas-formas-dimants\/#primaryimage\",\"url\":\"https:\/\/fashiongold.lt\/wp-content\/uploads\/2025\/10\/3369-4fc-197-ct-rudos-spalvos-apvalios-formos-deimantas.png\",\"contentUrl\":\"https:\/\/fashiongold.lt\/wp-content\/uploads\/2025\/10\/3369-4fc-197-ct-rudos-spalvos-apvalios-formos-deimantas.png\",\"width\":714,\"height\":625},{\"@type\":\"BreadcrumbList\",\"@id\":\"https:\/\/fashiongold.lt\/lv\/papuosalas\/brunas-krasas-skaistums-197-ct-brunas-krasas-apalas-formas-dimants\/#breadcrumb\",\"itemListElement\":[{\"@type\":\"ListItem\",\"position\":1,\"name\":\"Home\",\"item\":\"https:\/\/fashiongold.lt\/lv\/\"},{\"@type\":\"ListItem\",\"position\":2,\"name\":\"Dimantu veikals Fashiongold.lt\",\"item\":\"https:\/\/fashiongold.lt\/shop-2\/\"},{\"@type\":\"ListItem\",\"position\":3,\"name\":\"Br\u016bnas kr\u0101sas skaistums: 1,97 ct br\u016bnas kr\u0101sas apa\u013cas formas dimants\"}]},{\"@type\":\"WebSite\",\"@id\":\"https:\/\/fashiongold.lt\/lv\/#website\",\"url\":\"https:\/\/fashiongold.lt\/lv\/\",\"name\":\"Fashion Gold\",\"description\":\"Juvelyrikos namai\",\"publisher\":{\"@id\":\"https:\/\/fashiongold.lt\/lv\/#organization\"},\"potentialAction\":[{\"@type\":\"SearchAction\",\"target\":{\"@type\":\"EntryPoint\",\"urlTemplate\":\"https:\/\/fashiongold.lt\/lv\/?s={search_term_string}\"},\"query-input\":{\"@type\":\"PropertyValueSpecification\",\"valueRequired\":true,\"valueName\":\"search_term_string\"}}],\"inLanguage\":\"lv-LV\"},{\"@type\":\"Organization\",\"@id\":\"https:\/\/fashiongold.lt\/lv\/#organization\",\"name\":\"Topdiamonds Online\",\"url\":\"https:\/\/fashiongold.lt\/lv\/\",\"logo\":{\"@type\":\"ImageObject\",\"inLanguage\":\"lv-LV\",\"@id\":\"https:\/\/fashiongold.lt\/lv\/#\/schema\/logo\/image\/\",\"url\":\"https:\/\/fashiongold.lt\/wp-content\/uploads\/2025\/04\/cropped-fashion_gold_logotipas2-scaled-1.png\",\"contentUrl\":\"https:\/\/fashiongold.lt\/wp-content\/uploads\/2025\/04\/cropped-fashion_gold_logotipas2-scaled-1.png\",\"width\":2559,\"height\":421,\"caption\":\"Topdiamonds Online\"},\"image\":{\"@id\":\"https:\/\/fashiongold.lt\/lv\/#\/schema\/logo\/image\/\"}}]}<\/script>\n<!-- \/ Yoast SEO plugin. -->","yoast_head_json":{"title":"Br\u016bnas kr\u0101sas skaistums: 1,97 ct br\u016bnas kr\u0101sas apa\u013cas formas dimants - FashionGold.lt","robots":{"index":"index","follow":"follow","max-snippet":"max-snippet:-1","max-image-preview":"max-image-preview:large","max-video-preview":"max-video-preview:-1"},"canonical":"https:\/\/fashiongold.lt\/lv\/papuosalas\/brunas-krasas-skaistums-197-ct-brunas-krasas-apalas-formas-dimants\/","og_locale":"lv_LV","og_type":"article","og_title":"Br\u016bnas kr\u0101sas skaistums: 1,97 ct br\u016bnas kr\u0101sas apa\u013cas formas dimants - FashionGold.lt","og_description":"\u013baujiet \u0161im br\u016bnajam dimantam pamodin\u0101t j\u016bsu iek\u0161\u0113jo mirdzumu un piesaist\u012bt uzman\u012bbu ar savu \u012bpa\u0161o un dabas ieskauto ener\u0123iju","og_url":"https:\/\/fashiongold.lt\/lv\/papuosalas\/brunas-krasas-skaistums-197-ct-brunas-krasas-apalas-formas-dimants\/","og_site_name":"FashionGold.lt","og_image":[{"width":714,"height":625,"url":"https:\/\/fashiongold.lt\/wp-content\/uploads\/2025\/10\/3369-4fc-197-ct-rudos-spalvos-apvalios-formos-deimantas.webp","type":"image\/png"}],"twitter_card":"summary_large_image","twitter_misc":{"Est. reading time":"1 minute"},"schema":{"@context":"https:\/\/schema.org","@graph":[{"@type":"WebPage","@id":"https:\/\/fashiongold.lt\/lv\/papuosalas\/brunas-krasas-skaistums-197-ct-brunas-krasas-apalas-formas-dimants\/","url":"https:\/\/fashiongold.lt\/lv\/papuosalas\/brunas-krasas-skaistums-197-ct-brunas-krasas-apalas-formas-dimants\/","name":"Br\u016bnas kr\u0101sas skaistums: 1,97 ct br\u016bnas kr\u0101sas apa\u013cas formas dimants - FashionGold.lt","isPartOf":{"@id":"https:\/\/fashiongold.lt\/lv\/#website"},"primaryImageOfPage":{"@id":"https:\/\/fashiongold.lt\/lv\/papuosalas\/brunas-krasas-skaistums-197-ct-brunas-krasas-apalas-formas-dimants\/#primaryimage"},"image":{"@id":"https:\/\/fashiongold.lt\/lv\/papuosalas\/brunas-krasas-skaistums-197-ct-brunas-krasas-apalas-formas-dimants\/#primaryimage"},"thumbnailUrl":"https:\/\/fashiongold.lt\/wp-content\/uploads\/2025\/10\/3369-4fc-197-ct-rudos-spalvos-apvalios-formos-deimantas.png","datePublished":"2025-10-09T20:29:02+00:00","breadcrumb":{"@id":"https:\/\/fashiongold.lt\/lv\/papuosalas\/brunas-krasas-skaistums-197-ct-brunas-krasas-apalas-formas-dimants\/#breadcrumb"},"inLanguage":"lv-LV","potentialAction":[{"@type":"ReadAction","target":["https:\/\/fashiongold.lt\/lv\/papuosalas\/brunas-krasas-skaistums-197-ct-brunas-krasas-apalas-formas-dimants\/"]}]},{"@type":"ImageObject","inLanguage":"lv-LV","@id":"https:\/\/fashiongold.lt\/lv\/papuosalas\/brunas-krasas-skaistums-197-ct-brunas-krasas-apalas-formas-dimants\/#primaryimage","url":"https:\/\/fashiongold.lt\/wp-content\/uploads\/2025\/10\/3369-4fc-197-ct-rudos-spalvos-apvalios-formos-deimantas.png","contentUrl":"https:\/\/fashiongold.lt\/wp-content\/uploads\/2025\/10\/3369-4fc-197-ct-rudos-spalvos-apvalios-formos-deimantas.png","width":714,"height":625},{"@type":"BreadcrumbList","@id":"https:\/\/fashiongold.lt\/lv\/papuosalas\/brunas-krasas-skaistums-197-ct-brunas-krasas-apalas-formas-dimants\/#breadcrumb","itemListElement":[{"@type":"ListItem","position":1,"name":"Home","item":"https:\/\/fashiongold.lt\/lv\/"},{"@type":"ListItem","position":2,"name":"Dimantu veikals Fashiongold.lt","item":"https:\/\/fashiongold.lt\/shop-2\/"},{"@type":"ListItem","position":3,"name":"Br\u016bnas kr\u0101sas skaistums: 1,97 ct br\u016bnas kr\u0101sas apa\u013cas formas dimants"}]},{"@type":"WebSite","@id":"https:\/\/fashiongold.lt\/lv\/#website","url":"https:\/\/fashiongold.lt\/lv\/","name":"Fashion Gold","description":"Juvelyrikos namai","publisher":{"@id":"https:\/\/fashiongold.lt\/lv\/#organization"},"potentialAction":[{"@type":"SearchAction","target":{"@type":"EntryPoint","urlTemplate":"https:\/\/fashiongold.lt\/lv\/?s={search_term_string}"},"query-input":{"@type":"PropertyValueSpecification","valueRequired":true,"valueName":"search_term_string"}}],"inLanguage":"lv-LV"},{"@type":"Organization","@id":"https:\/\/fashiongold.lt\/lv\/#organization","name":"Topdiamonds Online","url":"https:\/\/fashiongold.lt\/lv\/","logo":{"@type":"ImageObject","inLanguage":"lv-LV","@id":"https:\/\/fashiongold.lt\/lv\/#\/schema\/logo\/image\/","url":"https:\/\/fashiongold.lt\/wp-content\/uploads\/2025\/04\/cropped-fashion_gold_logotipas2-scaled-1.png","contentUrl":"https:\/\/fashiongold.lt\/wp-content\/uploads\/2025\/04\/cropped-fashion_gold_logotipas2-scaled-1.png","width":2559,"height":421,"caption":"Topdiamonds Online"},"image":{"@id":"https:\/\/fashiongold.lt\/lv\/#\/schema\/logo\/image\/"}}]}},"_links":{"self":[{"href":"https:\/\/fashiongold.lt\/lv\/wp-json\/wp\/v2\/product\/290079","targetHints":{"allow":["GET"]}}],"collection":[{"href":"https:\/\/fashiongold.lt\/lv\/wp-json\/wp\/v2\/product"}],"about":[{"href":"https:\/\/fashiongold.lt\/lv\/wp-json\/wp\/v2\/types\/product"}],"version-history":[{"count":0,"href":"https:\/\/fashiongold.lt\/lv\/wp-json\/wp\/v2\/product\/290079\/revisions"}],"wp:featuredmedia":[{"embeddable":true,"href":"https:\/\/fashiongold.lt\/lv\/wp-json\/wp\/v2\/media\/67442"}],"wp:attachment":[{"href":"https:\/\/fashiongold.lt\/lv\/wp-json\/wp\/v2\/media?parent=290079"}],"wp:term":[{"taxonomy":"product_brand","embeddable":true,"href":"https:\/\/fashiongold.lt\/lv\/wp-json\/wp\/v2\/product_brand?post=290079"},{"taxonomy":"product_cat","embeddable":true,"href":"https:\/\/fashiongold.lt\/lv\/wp-json\/wp\/v2\/product_cat?post=290079"},{"taxonomy":"product_tag","embeddable":true,"href":"https:\/\/fashiongold.lt\/lv\/wp-json\/wp\/v2\/product_tag?post=290079"}],"curies":[{"name":"wp","href":"https:\/\/api.w.org\/{rel}","templated":true}]}}